{"id":305,"date":"2022-09-09T10:59:01","date_gmt":"2022-09-09T09:59:01","guid":{"rendered":"http:\/\/thehottieandthenottie.com\/nadrzene-zeny-hledajici-sex-prilezitostne-randeni\/"},"modified":"2022-09-09T10:59:01","modified_gmt":"2022-09-09T09:59:01","slug":"nadrzene-zeny-hledajici-sex-prilezitostne-randeni","status":"publish","type":"page","link":"http:\/\/thehottieandthenottie.com\/cs\/","title":{"rendered":"Nadr\u017een\u00e9 \u017deny Hledaj\u00edc\u00ed Sex &#8211; P\u0159\u00edle\u017eitostn\u00e9 Rand\u011bn\u00ed"},"content":{"rendered":"<p><img loading=\"lazy\" class=\"aligncenter wp-image-77\" src=\"http:\/\/thehottieandthenottie.com\/wp-content\/uploads\/2022\/09\/real-dating-apps-1024x683.jpeg\" alt=\"\" width=\"649\" height=\"433\" srcset=\"http:\/\/thehottieandthenottie.com\/wp-content\/uploads\/2022\/09\/real-dating-apps-1024x683.jpeg 1024w, http:\/\/thehottieandthenottie.com\/wp-content\/uploads\/2022\/09\/real-dating-apps-300x200.jpeg 300w, http:\/\/thehottieandthenottie.com\/wp-content\/uploads\/2022\/09\/real-dating-apps-768x512.jpeg 768w, http:\/\/thehottieandthenottie.com\/wp-content\/uploads\/2022\/09\/real-dating-apps.jpeg 1125w\" sizes=\"(max-width: 649px) 100vw, 649px\" \/><\/p>\n<p>Mnoho lid\u00ed se obrac\u00ed na bezplatn\u00e9 seznamovac\u00ed str\u00e1nky a aplikaci pro p\u0159ipojen\u00ed, aby na\u0161li p\u0159\u00edle\u017eitostn\u00e9 sexu\u00e1ln\u00ed partnery. Tyto weby a aplikace usnad\u0148uj\u00ed a cenov\u011b dostupn\u00e9 setk\u00e1n\u00ed s n\u011bk\u00fdm, kdo sd\u00edl\u00ed va\u0161e stejn\u00e9 z\u00e1jmy. Jsou tak\u00e9 anonymn\u00ed, co\u017e znamen\u00e1, \u017ee m\u016f\u017eete proch\u00e1zet profily, ani\u017e byste museli prozrazovat cokoli o sob\u011b.<\/p>\n<p>Existuje spousta mo\u017enost\u00ed, ale z\u00fa\u017eili jsme n\u00e1\u0161 seznam na 10 skv\u011bl\u00fdch m\u00edst, kde m\u016f\u017eete naj\u00edt p\u0159\u00edle\u017eitostn\u00e1 setk\u00e1n\u00ed. A\u0165 u\u017e hled\u00e1te n\u011bco v\u00e1\u017en\u00e9ho, nebo jen chcete vyzkou\u0161et n\u011bco jin\u00e9ho, zde jsou nejlep\u0161\u00ed str\u00e1nky a aplikace pro hled\u00e1n\u00ed p\u0159\u00edle\u017eitostn\u00e9ho sexu.<\/p>\n<h2>Chcete se nechat polo\u017eit?<\/h2>\n<p>Existuje spousta mo\u017enost\u00ed, jak naj\u00edt p\u0159\u00edle\u017eitostn\u00e1 setk\u00e1n\u00ed online, a\u0165 u\u017e je to rychl\u00e9 p\u0159ipojen\u00ed, dlouhodob\u00fd vztah nebo dokonce jen n\u011bjak\u00e1 z\u00e1bavn\u00e1 akce bez \u0159et\u011bzc\u016f. Ale co kdy\u017e chcete n\u011bco jin\u00e9ho? Co kdy\u017e hled\u00e1te sex na jednu noc nebo diskr\u00e9tn\u00ed z\u00e1le\u017eitost? Pokud v\u00e1m nevad\u00ed, \u017ee jste p\u0159edem o tom, co chcete ud\u011blat, t\u011bchto deset str\u00e1nek se ur\u010dit\u011b vejde do \u00fa\u010dtu.<\/p>\n<h2>Jak\u00e9 aplikace vyzkou\u0161et?<\/h2>\n<p>Za prv\u00e9, p\u0159ipojovac\u00ed str\u00e1nky jsou v\u011bc. Ve skute\u010dnosti jsou v dne\u0161n\u00ed dob\u011b velmi b\u011b\u017en\u00e9. A zat\u00edmco term\u00edn &#8222;p\u0159ipojen\u00ed&#8220; se m\u016f\u017ee zd\u00e1t jako n\u011bco, co se d\u011bje pouze za zav\u0159en\u00fdmi dve\u0159mi, ve skute\u010dnosti odkazuje na cokoli, co se odehr\u00e1v\u00e1 mimo oddan\u00fd vztah. M\u016f\u017eete si to p\u0159edstavit jako zp\u016fsob, jak naj\u00edt n\u011bkoho, kdo by chodil p\u0159\u00edle\u017eitostn\u011b.<\/p>\n<p>Existuje mnoho r\u016fzn\u00fdch typ\u016f str\u00e1nek pro p\u0159ipojen\u00ed, od t\u011bch, kter\u00e9 se zam\u011b\u0159uj\u00ed v\u00fdhradn\u011b na sex, a\u017e po ty, kter\u00e9 se staraj\u00ed o ob\u011b pohlav\u00ed. Existuj\u00ed dokonce i n\u011bkter\u00e9, kter\u00e9 jsou speci\u00e1ln\u011b navr\u017eeny pro gaye nebo pro zlomy<\/p>\n<p>O p\u0159ipojen\u00edch jsme sly\u0161eli u\u017e n\u011bjakou dobu, ale nikdy jsme nev\u011bd\u011bli, co p\u0159esn\u011b to znamen\u00e1. No, dnes jsme tady, abychom v\u00e1m \u0159ekli v\u0161e, co je t\u0159eba v\u011bd\u011bt o str\u00e1nk\u00e1ch s p\u0159ipojen\u00edm.<\/p>\n<h3>Ashley Madison &#8211; The Cheaters Hub<\/h3>\n<p>Pokud je podv\u00e1d\u011bn\u00ed to, co hled\u00e1te, pod\u00edvejte se na Ashley Madison. Tato str\u00e1nka je speci\u00e1ln\u011b navr\u017eena pro \u017eenat\u00e9 lidi, kte\u0159\u00ed hledaj\u00ed z\u00e1le\u017eitosti. Pokud jste ochotni ud\u011blat trochu kop\u00e1n\u00ed, najdete spoustu sexy svobodn\u00fdch mu\u017e\u016f a \u017een, kte\u0159\u00ed jsou otev\u0159eni diskr\u00e9tn\u00edm vztah\u016fm.<\/p>\n<p>AshleyMadison.com je z\u00e1van \u010derstv\u00e9ho online vzduchu pro ty, kte\u0159\u00ed hledaj\u00ed l\u00e1sku, romantiku nebo jen n\u011bjakou z\u00e1bavu. S v\u00edce ne\u017e 50 miliony \u010dlen\u016f po cel\u00e9m sv\u011bt\u011b je AshleyMadison.com nejv\u011bt\u0161\u00ed str\u00e1nkou pro dosp\u011bl\u00e9 na sv\u011bt\u011b. A\u0165 u\u017e hled\u00e1te p\u0159\u00edle\u017eitostn\u00e1 setk\u00e1n\u00ed, v\u00e1\u017en\u00fd vztah nebo dokonce man\u017eelstv\u00ed, existuje spousta lid\u00ed, kte\u0159\u00ed \u010dekaj\u00ed na setk\u00e1n\u00ed s v\u00e1mi.<\/p>\n<p><img loading=\"lazy\" class=\"aligncenter wp-image-76\" src=\"http:\/\/thehottieandthenottie.com\/wp-content\/uploads\/2022\/09\/online-hookups-1024x683.jpeg\" alt=\"\" width=\"517\" height=\"345\" srcset=\"http:\/\/thehottieandthenottie.com\/wp-content\/uploads\/2022\/09\/online-hookups-1024x683.jpeg 1024w, http:\/\/thehottieandthenottie.com\/wp-content\/uploads\/2022\/09\/online-hookups-300x200.jpeg 300w, http:\/\/thehottieandthenottie.com\/wp-content\/uploads\/2022\/09\/online-hookups-768x512.jpeg 768w, http:\/\/thehottieandthenottie.com\/wp-content\/uploads\/2022\/09\/online-hookups.jpeg 1125w\" sizes=\"(max-width: 517px) 100vw, 517px\" \/><\/p>\n<h3>AdultFriendFinder &#8211; d\u016fv\u011bryhodn\u00e1 platforma pro p\u0159ipojen\u00ed<\/h3>\n<p>S v\u00edce ne\u017e t\u0159emi miliony \u010dlen\u016f po cel\u00e9m sv\u011bt\u011b nab\u00edz\u00ed AFF spoustu zp\u016fsob\u016f, jak se spojit s ostatn\u00edmi. M\u016f\u017eete pou\u017e\u00edt textov\u00e9 zpr\u00e1vy, videochat s webovou kamerou nebo se dokonce p\u0159ipojit ke skupinov\u00e9 sch\u016fzce, abyste splnili sv\u00e9 sexu\u00e1ln\u00ed pot\u0159eby.<\/p>\n<p>Adult Friend Finder (AFF), jeden z nejpopul\u00e1rn\u011bj\u0161\u00edch web\u016f pro dosp\u011bl\u00e9 pro swingers p\u00e1ry a swingers, nab\u00edz\u00ed bezpe\u010dn\u00e9 prost\u0159ed\u00ed, kde se lid\u00e9 mohou setkat s ostatn\u00edmi, kte\u0159\u00ed se zaj\u00edmaj\u00ed o swingers aktivity, jako je skupinov\u00fd sex, trojky a \u010dtve\u0159ice. Swingers jsou povzbuzov\u00e1ni, aby zve\u0159ej\u0148ovali fotografie a videa sebe sama v akci, a kdokoli jin\u00fd, kdo chce vid\u011bt, jak\u00e9 to je, se m\u016f\u017ee zaregistrovat k \u010dlenstv\u00ed.<\/p>\n<p>Str\u00e1nka obsahuje rozs\u00e1hlou datab\u00e1zi aktivn\u00edch \u010dlen\u016f, z nich\u017e mnoz\u00ed hledaj\u00ed p\u0159\u00edle\u017eitostn\u00e1 setk\u00e1n\u00ed. Existuj\u00ed stovky tis\u00edc \u010dlen\u016f a jejich po\u010det roste ka\u017ed\u00fd den. Lid\u00e9 pou\u017e\u00edvaj\u00ed web k nalezen\u00ed partner\u016f pro v\u0161e od jednoduch\u00fdch jednodenn\u00edch vztah\u016f a\u017e po dlouhodob\u00e9 vztahy.<\/p>\n<h3>Tinder &#8211; Va\u0161e d\u016fv\u011bryhodn\u00e1 volba<\/h3>\n<p>Tinder je jednou z nejpopul\u00e1rn\u011bj\u0161\u00edch seznamovac\u00edch aplikac\u00ed. Jeho neform\u00e1ln\u00ed atmosf\u00e9ra podporuje koketn\u00ed konverzaci, co\u017e vede k rychl\u00fdm z\u00e1pas\u016fm a je\u0161t\u011b rychlej\u0161\u00edm sch\u016fzk\u00e1m. U\u017eivatel\u016fm se doporu\u010duje, aby p\u0159ejeli prstem doleva, pokud se jim nel\u00edb\u00ed n\u011b\u010d\u00ed fotka; jinak p\u0159ejedou prstem doprava. Pokud se ob\u011b strany shoduj\u00ed, uvid\u00edte si navz\u00e1jem profilov\u00e9 obr\u00e1zky a \u017eivotopisy. M\u016f\u017eete ps\u00e1t o sob\u011b a zvolit, zda chcete zahrnout obr\u00e1zek sebe sama.<\/p>\n<p>Popularita aplikace explodovala od jej\u00edho spu\u0161t\u011bn\u00ed v roce 2012. V roce 2013 spole\u010dnost ozn\u00e1mila, \u017ee jej\u00ed denn\u00ed aktivn\u00ed u\u017eivatel\u00e9 vzrostli na p\u0159ibli\u017en\u011b 5 milion\u016f. Do roku 2016 toto \u010d\u00edslo vzrostlo na 15 milion\u016f. Dnes se aplikace m\u016f\u017ee pochlubit 50 miliony aktivn\u00edch u\u017eivatel\u016f m\u011bs\u00ed\u010dn\u011b.<\/p>\n<p>V \u010dervnu 2017 Tinder ozn\u00e1mil pl\u00e1ny na spu\u0161t\u011bn\u00ed pr\u00e9miov\u00e9 verze aplikace s n\u00e1zvem &#8222;Tinder Gold&#8220;. Tato verze umo\u017e\u0148uje \u010dlen\u016fm pos\u00edlat neomezen\u00e9 zpr\u00e1vy a umo\u017e\u0148uje jim prohl\u00ed\u017eet profily, ani\u017e by museli platit.<\/p>\n<h3>69Fuck<\/h3>\n<p>Sv\u011bt online seznamov\u00e1n\u00ed se rychle m\u011bn\u00ed. D\u00edky rozvoji internetu maj\u00ed nyn\u00ed lid\u00e9 p\u0159\u00edstup k informac\u00edm o potenci\u00e1ln\u00edch partnerech doslova na dosah ruky. Tento trend vedl ke vzniku mnoha r\u016fzn\u00fdch typ\u016f online seznamovac\u00edch platforem. Mezi nimi je jeden nazvan\u00fd 69Fuck. Tato str\u00e1nka tvrd\u00ed, \u017ee je nejlep\u0161\u00ed m\u00edstn\u00ed str\u00e1nka pro p\u0159ipojen\u00ed. Pod\u00edvejme se tedy bl\u00ed\u017ee na to, co d\u011bl\u00e1 tuto str\u00e1nku vy\u010dn\u00edvaj\u00edc\u00ed z davu.<\/p>\n<p>69Fuck je online seznamovac\u00ed platforma, kde mohou \u010dlenov\u00e9 naj\u00edt datum ve sv\u00e9m m\u011bst\u011b. \u0158\u00edkaj\u00ed, \u017ee nab\u00edzej\u00ed \u0161irokou \u0161k\u00e1lu m\u011bst po cel\u00e9m sv\u011bt\u011b, v\u010detn\u011b v\u00edce ne\u017e 30 zem\u00ed. Jejich c\u00edlem je pomoci mu\u017e\u016fm a \u017een\u00e1m spojit se v re\u00e1ln\u00e9m \u017eivot\u011b. K dosa\u017een\u00ed tohoto c\u00edle poskytuj\u00ed n\u011bkolik n\u00e1stroj\u016f, kter\u00e9 usnad\u0148uj\u00ed setk\u00e1n\u00ed s n\u011bk\u00fdm. Nap\u0159\u00edklad umo\u017e\u0148uj\u00ed u\u017eivatel\u016fm nahr\u00e1t svou fotografii, napsat kr\u00e1tk\u00fd \u017eivotopis a vybrat profilov\u00fd obr\u00e1zek.<\/p>\n<p>Krom\u011b toho v\u00e1m d\u00e1vaj\u00ed 24 hodin bezplatn\u00e9ho \u010dlenstv\u00ed. Pot\u00e9 m\u016f\u017eete zaplatit $ 19 za m\u011bs\u00edc, abyste odemkli dal\u0161\u00ed funkce, jako je neomezen\u00e9 zas\u00edl\u00e1n\u00ed zpr\u00e1v a profily proch\u00e1zen\u00ed. P\u0159edplatn\u00e9 m\u016f\u017eete kdykoli zru\u0161it, ani\u017e byste museli cokoli platit.<\/p>\n<h2>Jak vybrat ten spr\u00e1vn\u00fd pro v\u00e1s?<\/h2>\n<p>V\u0161ichni v\u00edme, \u017ee naj\u00edt datum m\u016f\u017ee b\u00fdt obt\u00ed\u017en\u00e9. A v\u0161ichni v\u00edme, \u017ee existuje mnoho r\u016fzn\u00fdch typ\u016f dat. Ale co ty \u010dasy, kdy se prost\u011b nec\u00edt\u00edte na setk\u00e1n\u00ed s n\u011bk\u00fdm? Nebo mo\u017en\u00e1 hled\u00e1te n\u011bco v\u00e1\u017en\u011bj\u0161\u00edho? No, jste na spr\u00e1vn\u00e9m m\u00edst\u011b. Dnes jsme shrom\u00e1\u017edili n\u011bkter\u00e9 informace o nejlep\u0161\u00edch str\u00e1nk\u00e1ch pro p\u0159ipojen\u00ed na internetu.<\/p>\n<p>Str\u00e1nka je zcela zdarma a nab\u00edz\u00ed p\u0159\u00edstup k svobodn\u00fdm \u017een\u00e1m i mu\u017e\u016fm. Najdete zde v\u0161e &#8211; od \u017eiv\u00fdch chat\u016f s webovou kamerou a\u017e po videochatovac\u00ed m\u00edstnosti, kde se m\u016f\u017eete setkat s m\u00edstn\u00edmi nezadan\u00fdmi. Neexistuj\u00ed \u017e\u00e1dn\u00e9 skryt\u00e9 poplatky nebo poplatky. Ve skute\u010dnosti, pokud se rozhodnete upgradovat na pr\u00e9miov\u00e9 \u010dlenstv\u00ed, z\u00edsk\u00e1te je\u0161t\u011b v\u00edce funkc\u00ed a v\u00fdhod.<\/p>\n<p>M\u016f\u017eete si vybrat, zda chcete pou\u017e\u00edvat mobiln\u00ed aplikace nebo prohl\u00ed\u017ee\u010de pro stoln\u00ed po\u010d\u00edta\u010de. Pokud se rozhodnete pro druhou mo\u017enost, m\u016f\u017eete si vychutnat pohodl\u00ed, \u017ee se m\u016f\u017eete p\u0159ihl\u00e1sit kdykoli a kdekoli. Jedin\u00e9, co mus\u00edte ud\u011blat, je zaregistrovat se a za\u010d\u00edt proch\u00e1zet!<\/p>\n<p>Jakmile najdete profil osoby, se kterou se chcete setkat, m\u016f\u017eete j\u00ed pos\u00edlat zpr\u00e1vy p\u0159\u00edmo. T\u00edmto zp\u016fsobem nebudete ztr\u00e1cet \u010das t\u00edm, \u017ee se budete sna\u017eit zjistit, jak kontaktovat osobu. Sta\u010d\u00ed napsat kr\u00e1tkou pozn\u00e1mku a stisknout &#8222;odeslat&#8220;.<\/p>\n<p>Pokud m\u00e1te z\u00e1jem chatovat s ostatn\u00edmi, m\u016f\u017eete se p\u0159ipojit k ve\u0159ejn\u00fdm skupin\u00e1m, soukrom\u00fdm chatovac\u00edm m\u00edstnostem nebo dokonce p\u0159ej\u00edt p\u0159\u00edmo na \u017eiv\u00e9 relace kamery. Tyto mo\u017enosti jsou ide\u00e1ln\u00ed pro ty, kte\u0159\u00ed se cht\u011bj\u00ed sp\u0159\u00e1telit a z\u00e1rove\u0148 se bavit.<\/p>\n","protected":false},"excerpt":{"rendered":"<p>Mnoho lid\u00ed se obrac\u00ed na bezplatn\u00e9 seznamovac\u00ed str\u00e1nky a aplikaci pro p\u0159ipojen\u00ed, aby na\u0161li p\u0159\u00edle\u017eitostn\u00e9 sexu\u00e1ln\u00ed partnery. Tyto weby a aplikace usnad\u0148uj\u00ed a cenov\u011b dostupn\u00e9 setk\u00e1n\u00ed s n\u011bk\u00fdm, kdo sd\u00edl\u00ed va\u0161e stejn\u00e9 z\u00e1jmy. Jsou tak\u00e9 anonymn\u00ed, co\u017e znamen\u00e1, \u017ee m\u016f\u017eete proch\u00e1zet profily, ani\u017e byste museli prozrazovat cokoli o sob\u011b. Existuje spousta mo\u017enost\u00ed, ale z\u00fa\u017eili jsme &#8230; <a title=\"Nadr\u017een\u00e9 \u017deny Hledaj\u00edc\u00ed Sex &#8211; P\u0159\u00edle\u017eitostn\u00e9 Rand\u011bn\u00ed\" class=\"read-more\" href=\"http:\/\/thehottieandthenottie.com\/cs\/\" aria-label=\"V\u00edce na Nadr\u017een\u00e9 \u017deny Hledaj\u00edc\u00ed Sex &#8211; P\u0159\u00edle\u017eitostn\u00e9 Rand\u011bn\u00ed\">\u010c\u00edst d\u00e1l<\/a><\/p>\n","protected":false},"author":1,"featured_media":0,"parent":0,"menu_order":0,"comment_status":"closed","ping_status":"closed","template":"","meta":[],"yoast_head":"<!-- This site is optimized with the Yoast SEO plugin v17.7.1 - https:\/\/yoast.com\/wordpress\/plugins\/seo\/ -->\n<title>Nadr\u017een\u00e9 \u017deny Hledaj\u00edc\u00ed Sex - P\u0159\u00edle\u017eitostn\u00e9 Rand\u011bn\u00ed - Hotties V okol\u00ed<\/title>\n<meta name=\"description\" content=\"Meta Popis\" \/>\n<meta name=\"robots\" content=\"index, follow, max-snippet:-1, max-image-preview:large, max-video-preview:-1\" \/>\n<link rel=\"canonical\" href=\"http:\/\/thehottieandthenottie.com\/cs\/\" \/>\n<meta property=\"og:locale\" content=\"cs_CZ\" \/>\n<meta property=\"og:type\" content=\"article\" \/>\n<meta property=\"og:title\" content=\"Nadr\u017een\u00e9 \u017deny Hledaj\u00edc\u00ed Sex - P\u0159\u00edle\u017eitostn\u00e9 Rand\u011bn\u00ed - Hotties V okol\u00ed\" \/>\n<meta property=\"og:description\" content=\"Meta Popis\" \/>\n<meta property=\"og:url\" content=\"http:\/\/thehottieandthenottie.com\/cs\/\" \/>\n<meta property=\"og:site_name\" content=\"Hotties V okol\u00ed\" \/>\n<meta property=\"og:image\" content=\"http:\/\/thehottieandthenottie.com\/wp-content\/uploads\/2022\/09\/real-dating-apps-1024x683.jpeg\" \/>\n<meta name=\"twitter:card\" content=\"summary_large_image\" \/>\n<meta name=\"twitter:label1\" content=\"Odhadovan\u00e1 doba \u010dten\u00ed\" \/>\n\t<meta name=\"twitter:data1\" content=\"7 minut\" \/>\n<script type=\"application\/ld+json\" class=\"yoast-schema-graph\">{\"@context\":\"https:\/\/schema.org\",\"@graph\":[{\"@type\":\"WebSite\",\"@id\":\"https:\/\/thehottieandthenottie.com\/#website\",\"url\":\"https:\/\/thehottieandthenottie.com\/\",\"name\":\"Hotties V okol\\u00ed\",\"description\":\"Seznamte se se \\u017eenami ve va\\u0161em okol\\u00ed\",\"potentialAction\":[{\"@type\":\"SearchAction\",\"target\":{\"@type\":\"EntryPoint\",\"urlTemplate\":\"https:\/\/thehottieandthenottie.com\/?s={search_term_string}\"},\"query-input\":\"required name=search_term_string\"}],\"inLanguage\":\"cs\"},{\"@type\":\"ImageObject\",\"@id\":\"http:\/\/thehottieandthenottie.com\/cs\/#primaryimage\",\"inLanguage\":\"cs\",\"url\":\"http:\/\/thehottieandthenottie.com\/wp-content\/uploads\/2022\/09\/real-dating-apps.jpeg\",\"contentUrl\":\"http:\/\/thehottieandthenottie.com\/wp-content\/uploads\/2022\/09\/real-dating-apps.jpeg\",\"width\":1125,\"height\":750},{\"@type\":\"WebPage\",\"@id\":\"http:\/\/thehottieandthenottie.com\/cs\/#webpage\",\"url\":\"http:\/\/thehottieandthenottie.com\/cs\/\",\"name\":\"Nadr\\u017een\\u00e9 \\u017deny Hledaj\\u00edc\\u00ed Sex - P\\u0159\\u00edle\\u017eitostn\\u00e9 Rand\\u011bn\\u00ed - Hotties V okol\\u00ed\",\"isPartOf\":{\"@id\":\"https:\/\/thehottieandthenottie.com\/#website\"},\"primaryImageOfPage\":{\"@id\":\"http:\/\/thehottieandthenottie.com\/cs\/#primaryimage\"},\"datePublished\":\"2022-09-09T09:59:01+00:00\",\"dateModified\":\"2022-09-09T09:59:01+00:00\",\"description\":\"Meta Popis\",\"breadcrumb\":{\"@id\":\"http:\/\/thehottieandthenottie.com\/cs\/#breadcrumb\"},\"inLanguage\":\"cs\",\"potentialAction\":[{\"@type\":\"ReadAction\",\"target\":[\"http:\/\/thehottieandthenottie.com\/cs\/\"]}]},{\"@type\":\"BreadcrumbList\",\"@id\":\"http:\/\/thehottieandthenottie.com\/cs\/#breadcrumb\",\"itemListElement\":[{\"@type\":\"ListItem\",\"position\":1,\"name\":\"Home\",\"item\":\"https:\/\/thehottieandthenottie.com\/cs\/\"},{\"@type\":\"ListItem\",\"position\":2,\"name\":\"Nadr\\u017een\\u00e9 \\u017deny Hledaj\\u00edc\\u00ed Sex &#8211; P\\u0159\\u00edle\\u017eitostn\\u00e9 Rand\\u011bn\\u00ed\"}]}]}<\/script>\n<!-- \/ Yoast SEO plugin. -->","yoast_head_json":{"title":"Nadr\u017een\u00e9 \u017deny Hledaj\u00edc\u00ed Sex - P\u0159\u00edle\u017eitostn\u00e9 Rand\u011bn\u00ed - Hotties V okol\u00ed","description":"Meta Popis","robots":{"index":"index","follow":"follow","max-snippet":"max-snippet:-1","max-image-preview":"max-image-preview:large","max-video-preview":"max-video-preview:-1"},"canonical":"http:\/\/thehottieandthenottie.com\/cs\/","og_locale":"cs_CZ","og_type":"article","og_title":"Nadr\u017een\u00e9 \u017deny Hledaj\u00edc\u00ed Sex - P\u0159\u00edle\u017eitostn\u00e9 Rand\u011bn\u00ed - Hotties V okol\u00ed","og_description":"Meta Popis","og_url":"http:\/\/thehottieandthenottie.com\/cs\/","og_site_name":"Hotties V okol\u00ed","og_image":[{"url":"http:\/\/thehottieandthenottie.com\/wp-content\/uploads\/2022\/09\/real-dating-apps-1024x683.jpeg"}],"twitter_card":"summary_large_image","twitter_misc":{"Odhadovan\u00e1 doba \u010dten\u00ed":"7 minut"},"schema":{"@context":"https:\/\/schema.org","@graph":[{"@type":"WebSite","@id":"https:\/\/thehottieandthenottie.com\/#website","url":"https:\/\/thehottieandthenottie.com\/","name":"Hotties V okol\u00ed","description":"Seznamte se se \u017eenami ve va\u0161em okol\u00ed","potentialAction":[{"@type":"SearchAction","target":{"@type":"EntryPoint","urlTemplate":"https:\/\/thehottieandthenottie.com\/?s={search_term_string}"},"query-input":"required name=search_term_string"}],"inLanguage":"cs"},{"@type":"ImageObject","@id":"http:\/\/thehottieandthenottie.com\/cs\/#primaryimage","inLanguage":"cs","url":"http:\/\/thehottieandthenottie.com\/wp-content\/uploads\/2022\/09\/real-dating-apps.jpeg","contentUrl":"http:\/\/thehottieandthenottie.com\/wp-content\/uploads\/2022\/09\/real-dating-apps.jpeg","width":1125,"height":750},{"@type":"WebPage","@id":"http:\/\/thehottieandthenottie.com\/cs\/#webpage","url":"http:\/\/thehottieandthenottie.com\/cs\/","name":"Nadr\u017een\u00e9 \u017deny Hledaj\u00edc\u00ed Sex - P\u0159\u00edle\u017eitostn\u00e9 Rand\u011bn\u00ed - Hotties V okol\u00ed","isPartOf":{"@id":"https:\/\/thehottieandthenottie.com\/#website"},"primaryImageOfPage":{"@id":"http:\/\/thehottieandthenottie.com\/cs\/#primaryimage"},"datePublished":"2022-09-09T09:59:01+00:00","dateModified":"2022-09-09T09:59:01+00:00","description":"Meta Popis","breadcrumb":{"@id":"http:\/\/thehottieandthenottie.com\/cs\/#breadcrumb"},"inLanguage":"cs","potentialAction":[{"@type":"ReadAction","target":["http:\/\/thehottieandthenottie.com\/cs\/"]}]},{"@type":"BreadcrumbList","@id":"http:\/\/thehottieandthenottie.com\/cs\/#breadcrumb","itemListElement":[{"@type":"ListItem","position":1,"name":"Home","item":"https:\/\/thehottieandthenottie.com\/cs\/"},{"@type":"ListItem","position":2,"name":"Nadr\u017een\u00e9 \u017deny Hledaj\u00edc\u00ed Sex &#8211; P\u0159\u00edle\u017eitostn\u00e9 Rand\u011bn\u00ed"}]}]}},"_links":{"self":[{"href":"http:\/\/thehottieandthenottie.com\/cs\/wp-json\/wp\/v2\/pages\/305"}],"collection":[{"href":"http:\/\/thehottieandthenottie.com\/cs\/wp-json\/wp\/v2\/pages"}],"about":[{"href":"http:\/\/thehottieandthenottie.com\/cs\/wp-json\/wp\/v2\/types\/page"}],"author":[{"embeddable":true,"href":"http:\/\/thehottieandthenottie.com\/cs\/wp-json\/wp\/v2\/users\/1"}],"replies":[{"embeddable":true,"href":"http:\/\/thehottieandthenottie.com\/cs\/wp-json\/wp\/v2\/comments?post=305"}],"version-history":[{"count":0,"href":"http:\/\/thehottieandthenottie.com\/cs\/wp-json\/wp\/v2\/pages\/305\/revisions"}],"wp:attachment":[{"href":"http:\/\/thehottieandthenottie.com\/cs\/wp-json\/wp\/v2\/media?parent=305"}],"curies":[{"name":"wp","href":"https:\/\/api.w.org\/{rel}","templated":true}]}}