{"id":554,"date":"2022-09-30T12:57:19","date_gmt":"2022-09-30T11:57:19","guid":{"rendered":"http:\/\/thehottieandthenottie.com\/swinger-stranky\/"},"modified":"2022-09-30T12:57:19","modified_gmt":"2022-09-30T11:57:19","slug":"swinger-stranky","status":"publish","type":"page","link":"http:\/\/thehottieandthenottie.com\/cs\/swinger-stranky\/","title":{"rendered":"Swinger str\u00e1nky"},"content":{"rendered":"<p>Existuje mnoho m\u00edstn\u00edch swinger str\u00e1nek, kter\u00e9 m\u016f\u017eete pou\u017e\u00edt k p\u0159ipojen\u00ed s lidmi ve va\u0161\u00ed oblasti. Tyto str\u00e1nky jsou skv\u011bl\u00fdm zp\u016fsobem, jak poznat nov\u00e9 lidi a prozkoumat sv\u00e9 sexu\u00e1ln\u00ed hranice. Tyto str\u00e1nky m\u016f\u017eete pou\u017e\u00edt k nalezen\u00ed lid\u00ed, kte\u0159\u00ed se zaj\u00edmaj\u00ed o stejn\u00e9 v\u011bci jako vy a kte\u0159\u00ed hledaj\u00ed dobr\u00fd \u010das. Tyto str\u00e1nky m\u016f\u017eete tak\u00e9 pou\u017e\u00edt k nalezen\u00ed lid\u00ed, kte\u0159\u00ed hledaj\u00ed v\u00e1\u017en\u00fd vztah. Pokud hled\u00e1te p\u0159ipojen\u00ed, m\u011bli byste se ur\u010dit\u011b pod\u00edvat na n\u011bkter\u00e9 z m\u00edstn\u00edch swinger str\u00e1nek.<\/p>\n<p>Existuje cel\u00e1 \u0159ada swinger str\u00e1nek k dispozici online a oni se staraj\u00ed o r\u016fzn\u00e9 publikum. N\u011bkter\u00e9 swinger str\u00e1nky jsou zam\u011b\u0159eny na p\u00e1ry, kter\u00e9 hledaj\u00ed dal\u0161\u00ed p\u00e1ry, s nimi\u017e by se houpaly, zat\u00edmco jin\u00e9 jsou zam\u011b\u0159eny na nezadan\u00e9, kte\u0159\u00ed maj\u00ed z\u00e1jem o setk\u00e1n\u00ed s jin\u00fdmi singly pro \u00fa\u010dely swingingu. Swinger str\u00e1nky maj\u00ed obvykle \u0161irokou \u0161k\u00e1lu funkc\u00ed a mo\u017enost\u00ed, kter\u00e9 mohou u\u017eivatel\u00e9 vyu\u017e\u00edt, a poskytuj\u00ed bezpe\u010dn\u00e9 a zabezpe\u010den\u00e9 prost\u0159ed\u00ed pro lidi, aby se spojili a prozkoumali sv\u00e9 sexu\u00e1ln\u00ed z\u00e1jmy.<\/p>\n<h2>Swingers Hookup Webov\u00e9 str\u00e1nky<\/h2>\n<p>Na <a href=\"http:\/\/thehottieandthenottie.com\/free-adult-classifieds\/\">vzru\u0161en\u00ed z toho, \u017ee se spoj\u00edte s cizincem<\/a> , je n\u011bco, co prost\u011b nelze porazit. A pokud hled\u00e1te l\u00e1sku, swingers hookups jsou perfektn\u00ed zp\u016fsob, jak j\u00edt. M\u016f\u017eete se setkat s nov\u00fdmi lidmi, prozkoumat nov\u00e9 sexu\u00e1ln\u00ed z\u00e1\u017eitky a u\u017e\u00edt si spoustu z\u00e1bavy. Nav\u00edc nikdy nev\u00edte, kde najdete sv\u016fj dokonal\u00fd prot\u011bj\u0161ek. Tak\u017ee pokud jste p\u0159ipraveni oko\u0159enit sv\u016fj milostn\u00fd \u017eivot, swingers p\u0159ipojen\u00ed jsou zp\u016fsob, jak j\u00edt.<\/p>\n<p>Pokud chcete p\u0159idat trochu ko\u0159en\u00ed do sv\u00e9ho seznamovac\u00edho \u017eivota, mo\u017en\u00e1 budete cht\u00edt vyzkou\u0161et m\u00edstn\u00ed swinger str\u00e1nky. Swinger str\u00e1nky jsou skv\u011bl\u00fd zp\u016fsob, jak se setkat s nov\u00fdmi lidmi, kte\u0159\u00ed sd\u00edlej\u00ed va\u0161e stejn\u00e9 z\u00e1jmy. M\u016f\u017eete proch\u00e1zet profily a naj\u00edt lidi ve va\u0161\u00ed oblasti, kte\u0159\u00ed se zaj\u00edmaj\u00ed o stejn\u00e9 v\u011bci jako vy. Nav\u00edc m\u016f\u017eete chatovat s ostatn\u00edmi \u010dleny a poznat je d\u0159\u00edve, ne\u017e se setk\u00e1te osobn\u011b. Swinger str\u00e1nky jsou skv\u011bl\u00fd zp\u016fsob, jak se pobavit a setkat se s nov\u00fdmi lidmi.<\/p>\n<h3>SimpleFlirts<\/h3>\n<p>Pokud hled\u00e1te m\u00edstn\u00ed swinger str\u00e1nky, SimpleFlirts je skv\u011bl\u00e1 volba. Str\u00e1nka m\u00e1 velkou datab\u00e1zi \u010dlen\u016f, tak\u017ee jste si jisti, \u017ee najdete n\u011bkoho ve va\u0161\u00ed oblasti. Funkce vyhled\u00e1v\u00e1n\u00ed se snadno pou\u017e\u00edv\u00e1 a v\u00fdsledky m\u016f\u017eete filtrovat podle v\u011bku, polohy a z\u00e1jm\u016f. Syst\u00e9m zas\u00edl\u00e1n\u00ed zpr\u00e1v je jednoduch\u00fd a snadno pou\u017eiteln\u00fd a m\u016f\u017eete tak\u00e9 pos\u00edlat fotografie a videa. Web m\u00e1 tak\u00e9 mobiln\u00ed aplikaci, tak\u017ee ke sv\u00e9mu \u00fa\u010dtu m\u00e1te p\u0159\u00edstup i na cest\u00e1ch. Jedinou nev\u00fdhodou je, \u017ee m\u00edsto nem\u00e1 mnoho zvonk\u016f a p\u00ed\u0161\u0165al &#8211; ale je ide\u00e1ln\u00ed pro nalezen\u00ed m\u00edstn\u00edch swingers.<\/p>\n<h3>SextFun<\/h3>\n<p>SextFun je seznamovac\u00ed aplikace, kter\u00e1 spojuje m\u00edstn\u00ed swingers mezi sebou. Aplikace je zdarma ke sta\u017een\u00ed a pou\u017eit\u00ed a nab\u00edz\u00ed \u0159adu funkc\u00ed, kter\u00e9 usnad\u0148uj\u00ed spojen\u00ed s ostatn\u00edmi swingery ve va\u0161\u00ed oblasti. SextFun tak\u00e9 nab\u00edz\u00ed \u0159adu funkc\u00ed, kter\u00e9 usnad\u0148uj\u00ed nalezen\u00ed a spojen\u00ed s dal\u0161\u00edmi m\u00edstn\u00edmi swingers. Aplikace je k dispozici pro iOS i Android a je to skv\u011bl\u00fd zp\u016fsob, jak se setkat s dal\u0161\u00edmi m\u00edstn\u00edmi swingers ve va\u0161\u00ed oblasti.<\/p>\n<h3>Vyh\u0159\u00edvan\u00e9f\u00e1\u0159e<\/h3>\n<p>HeatedAffairs je jednou z nejpopul\u00e1rn\u011bj\u0161\u00edch seznamovac\u00edch aplikac\u00ed pro m\u00edstn\u00ed swingers. Aplikace byla navr\u017eena tak, aby pomohla p\u00e1r\u016fm spojit se s ostatn\u00edmi p\u00e1ry v jejich oblasti pro z\u00e1bavu a vzru\u0161en\u00ed. Aplikace je zdarma ke sta\u017een\u00ed a pou\u017eit\u00ed a nab\u00edz\u00ed \u0161irokou \u0161k\u00e1lu funkc\u00ed, kter\u00e9 pom\u00e1haj\u00ed p\u00e1r\u016fm spojit se navz\u00e1jem. Aplikace tak\u00e9 obsahuje syst\u00e9m zas\u00edl\u00e1n\u00ed zpr\u00e1v, tak\u017ee p\u00e1ry mohou chatovat a flirtovat mezi sebou.<\/p>\n","protected":false},"excerpt":{"rendered":"<p>Existuje mnoho m\u00edstn\u00edch swinger str\u00e1nek, kter\u00e9 m\u016f\u017eete pou\u017e\u00edt k p\u0159ipojen\u00ed s lidmi ve va\u0161\u00ed oblasti. Tyto str\u00e1nky jsou skv\u011bl\u00fdm zp\u016fsobem, jak poznat nov\u00e9 lidi a prozkoumat sv\u00e9 sexu\u00e1ln\u00ed hranice. Tyto str\u00e1nky m\u016f\u017eete pou\u017e\u00edt k nalezen\u00ed lid\u00ed, kte\u0159\u00ed se zaj\u00edmaj\u00ed o stejn\u00e9 v\u011bci jako vy a kte\u0159\u00ed hledaj\u00ed dobr\u00fd \u010das. Tyto str\u00e1nky m\u016f\u017eete tak\u00e9 pou\u017e\u00edt k &#8230; <a title=\"Swinger str\u00e1nky\" class=\"read-more\" href=\"http:\/\/thehottieandthenottie.com\/cs\/swinger-stranky\/\" aria-label=\"V\u00edce na Swinger str\u00e1nky\">\u010c\u00edst d\u00e1l<\/a><\/p>\n","protected":false},"author":1,"featured_media":0,"parent":0,"menu_order":0,"comment_status":"closed","ping_status":"closed","template":"","meta":[],"yoast_head":"<!-- This site is optimized with the Yoast SEO plugin v17.7.1 - https:\/\/yoast.com\/wordpress\/plugins\/seo\/ -->\n<title>Swinger str\u00e1nky - Hotties V okol\u00ed<\/title>\n<meta name=\"robots\" content=\"index, follow, max-snippet:-1, max-image-preview:large, max-video-preview:-1\" \/>\n<link rel=\"canonical\" href=\"http:\/\/thehottieandthenottie.com\/cs\/swinger-stranky\/\" \/>\n<meta property=\"og:locale\" content=\"cs_CZ\" \/>\n<meta property=\"og:type\" content=\"article\" \/>\n<meta property=\"og:title\" content=\"Swinger str\u00e1nky - Hotties V okol\u00ed\" \/>\n<meta property=\"og:description\" content=\"Existuje mnoho m\u00edstn\u00edch swinger str\u00e1nek, kter\u00e9 m\u016f\u017eete pou\u017e\u00edt k p\u0159ipojen\u00ed s lidmi ve va\u0161\u00ed oblasti. Tyto str\u00e1nky jsou skv\u011bl\u00fdm zp\u016fsobem, jak poznat nov\u00e9 lidi a prozkoumat sv\u00e9 sexu\u00e1ln\u00ed hranice. Tyto str\u00e1nky m\u016f\u017eete pou\u017e\u00edt k nalezen\u00ed lid\u00ed, kte\u0159\u00ed se zaj\u00edmaj\u00ed o stejn\u00e9 v\u011bci jako vy a kte\u0159\u00ed hledaj\u00ed dobr\u00fd \u010das. Tyto str\u00e1nky m\u016f\u017eete tak\u00e9 pou\u017e\u00edt k ... \u010c\u00edst d\u00e1l\" \/>\n<meta property=\"og:url\" content=\"http:\/\/thehottieandthenottie.com\/cs\/swinger-stranky\/\" \/>\n<meta property=\"og:site_name\" content=\"Hotties V okol\u00ed\" \/>\n<meta name=\"twitter:card\" content=\"summary_large_image\" \/>\n<meta name=\"twitter:label1\" content=\"Odhadovan\u00e1 doba \u010dten\u00ed\" \/>\n\t<meta name=\"twitter:data1\" content=\"3 minuty\" \/>\n<script type=\"application\/ld+json\" class=\"yoast-schema-graph\">{\"@context\":\"https:\/\/schema.org\",\"@graph\":[{\"@type\":\"WebSite\",\"@id\":\"https:\/\/thehottieandthenottie.com\/#website\",\"url\":\"https:\/\/thehottieandthenottie.com\/\",\"name\":\"Hotties V okol\\u00ed\",\"description\":\"Seznamte se se \\u017eenami ve va\\u0161em okol\\u00ed\",\"potentialAction\":[{\"@type\":\"SearchAction\",\"target\":{\"@type\":\"EntryPoint\",\"urlTemplate\":\"https:\/\/thehottieandthenottie.com\/?s={search_term_string}\"},\"query-input\":\"required name=search_term_string\"}],\"inLanguage\":\"cs\"},{\"@type\":\"WebPage\",\"@id\":\"http:\/\/thehottieandthenottie.com\/cs\/swinger-stranky\/#webpage\",\"url\":\"http:\/\/thehottieandthenottie.com\/cs\/swinger-stranky\/\",\"name\":\"Swinger str\\u00e1nky - Hotties V okol\\u00ed\",\"isPartOf\":{\"@id\":\"https:\/\/thehottieandthenottie.com\/#website\"},\"datePublished\":\"2022-09-30T11:57:19+00:00\",\"dateModified\":\"2022-09-30T11:57:19+00:00\",\"breadcrumb\":{\"@id\":\"http:\/\/thehottieandthenottie.com\/cs\/swinger-stranky\/#breadcrumb\"},\"inLanguage\":\"cs\",\"potentialAction\":[{\"@type\":\"ReadAction\",\"target\":[\"http:\/\/thehottieandthenottie.com\/cs\/swinger-stranky\/\"]}]},{\"@type\":\"BreadcrumbList\",\"@id\":\"http:\/\/thehottieandthenottie.com\/cs\/swinger-stranky\/#breadcrumb\",\"itemListElement\":[{\"@type\":\"ListItem\",\"position\":1,\"name\":\"Home\",\"item\":\"https:\/\/thehottieandthenottie.com\/cs\/\"},{\"@type\":\"ListItem\",\"position\":2,\"name\":\"Swinger str\\u00e1nky\"}]}]}<\/script>\n<!-- \/ Yoast SEO plugin. -->","yoast_head_json":{"title":"Swinger str\u00e1nky - Hotties V okol\u00ed","robots":{"index":"index","follow":"follow","max-snippet":"max-snippet:-1","max-image-preview":"max-image-preview:large","max-video-preview":"max-video-preview:-1"},"canonical":"http:\/\/thehottieandthenottie.com\/cs\/swinger-stranky\/","og_locale":"cs_CZ","og_type":"article","og_title":"Swinger str\u00e1nky - Hotties V okol\u00ed","og_description":"Existuje mnoho m\u00edstn\u00edch swinger str\u00e1nek, kter\u00e9 m\u016f\u017eete pou\u017e\u00edt k p\u0159ipojen\u00ed s lidmi ve va\u0161\u00ed oblasti. Tyto str\u00e1nky jsou skv\u011bl\u00fdm zp\u016fsobem, jak poznat nov\u00e9 lidi a prozkoumat sv\u00e9 sexu\u00e1ln\u00ed hranice. Tyto str\u00e1nky m\u016f\u017eete pou\u017e\u00edt k nalezen\u00ed lid\u00ed, kte\u0159\u00ed se zaj\u00edmaj\u00ed o stejn\u00e9 v\u011bci jako vy a kte\u0159\u00ed hledaj\u00ed dobr\u00fd \u010das. Tyto str\u00e1nky m\u016f\u017eete tak\u00e9 pou\u017e\u00edt k ... \u010c\u00edst d\u00e1l","og_url":"http:\/\/thehottieandthenottie.com\/cs\/swinger-stranky\/","og_site_name":"Hotties V okol\u00ed","twitter_card":"summary_large_image","twitter_misc":{"Odhadovan\u00e1 doba \u010dten\u00ed":"3 minuty"},"schema":{"@context":"https:\/\/schema.org","@graph":[{"@type":"WebSite","@id":"https:\/\/thehottieandthenottie.com\/#website","url":"https:\/\/thehottieandthenottie.com\/","name":"Hotties V okol\u00ed","description":"Seznamte se se \u017eenami ve va\u0161em okol\u00ed","potentialAction":[{"@type":"SearchAction","target":{"@type":"EntryPoint","urlTemplate":"https:\/\/thehottieandthenottie.com\/?s={search_term_string}"},"query-input":"required name=search_term_string"}],"inLanguage":"cs"},{"@type":"WebPage","@id":"http:\/\/thehottieandthenottie.com\/cs\/swinger-stranky\/#webpage","url":"http:\/\/thehottieandthenottie.com\/cs\/swinger-stranky\/","name":"Swinger str\u00e1nky - Hotties V okol\u00ed","isPartOf":{"@id":"https:\/\/thehottieandthenottie.com\/#website"},"datePublished":"2022-09-30T11:57:19+00:00","dateModified":"2022-09-30T11:57:19+00:00","breadcrumb":{"@id":"http:\/\/thehottieandthenottie.com\/cs\/swinger-stranky\/#breadcrumb"},"inLanguage":"cs","potentialAction":[{"@type":"ReadAction","target":["http:\/\/thehottieandthenottie.com\/cs\/swinger-stranky\/"]}]},{"@type":"BreadcrumbList","@id":"http:\/\/thehottieandthenottie.com\/cs\/swinger-stranky\/#breadcrumb","itemListElement":[{"@type":"ListItem","position":1,"name":"Home","item":"https:\/\/thehottieandthenottie.com\/cs\/"},{"@type":"ListItem","position":2,"name":"Swinger str\u00e1nky"}]}]}},"_links":{"self":[{"href":"http:\/\/thehottieandthenottie.com\/cs\/wp-json\/wp\/v2\/pages\/554"}],"collection":[{"href":"http:\/\/thehottieandthenottie.com\/cs\/wp-json\/wp\/v2\/pages"}],"about":[{"href":"http:\/\/thehottieandthenottie.com\/cs\/wp-json\/wp\/v2\/types\/page"}],"author":[{"embeddable":true,"href":"http:\/\/thehottieandthenottie.com\/cs\/wp-json\/wp\/v2\/users\/1"}],"replies":[{"embeddable":true,"href":"http:\/\/thehottieandthenottie.com\/cs\/wp-json\/wp\/v2\/comments?post=554"}],"version-history":[{"count":0,"href":"http:\/\/thehottieandthenottie.com\/cs\/wp-json\/wp\/v2\/pages\/554\/revisions"}],"wp:attachment":[{"href":"http:\/\/thehottieandthenottie.com\/cs\/wp-json\/wp\/v2\/media?parent=554"}],"curies":[{"name":"wp","href":"https:\/\/api.w.org\/{rel}","templated":true}]}}