{"id":561,"date":"2022-09-30T12:56:42","date_gmt":"2022-09-30T11:56:42","guid":{"rendered":"http:\/\/thehottieandthenottie.com\/inzerce-pro-dospele-zdarma\/"},"modified":"2022-09-30T12:56:42","modified_gmt":"2022-09-30T11:56:42","slug":"inzerce-pro-dospele-zdarma","status":"publish","type":"page","link":"http:\/\/thehottieandthenottie.com\/cs\/inzerce-pro-dospele-zdarma\/","title":{"rendered":"Inzerce pro dosp\u011bl\u00e9 zdarma"},"content":{"rendered":"<p>Nen\u00ed t\u0159eba chodit do baru nebo klubu, abyste si vyzvedli, ve srovn\u00e1n\u00ed s t\u00edm, kdy\u017e pou\u017e\u00edv\u00e1te m\u00edstn\u00ed dosp\u011bl\u00e9 osoby. V\u0161e, co mus\u00edte ud\u011blat, je zve\u0159ejnit osobn\u00ed reklamu online a m\u016f\u017eete se spojit s n\u011bk\u00fdm m\u00edstn\u00edm ve va\u0161\u00ed oblasti, ani\u017e byste opustili sv\u016fj d\u016fm. V reklam\u011b m\u016f\u017eete b\u00fdt tak konkr\u00e9tn\u00ed, jak chcete, abyste p\u0159il\u00e1kali pouze lidi, kte\u0159\u00ed hledaj\u00ed to sam\u00e9 jako vy. M\u011bjte na pam\u011bti, \u017ee ne ka\u017ed\u00fd hled\u00e1 sex na jednu noc, tak\u017ee pokud je to v\u0161e, co hled\u00e1te, pak byste mohli m\u00edt v\u011bt\u0161\u00ed \u0161t\u011bst\u00ed jinde.<\/p>\n<h2>M\u00edstn\u00ed sex Osobn\u00ed<\/h2>\n<p>Existuje mnoho lid\u00ed, kte\u0159\u00ed pou\u017e\u00edvaj\u00ed sexu\u00e1ln\u00ed osoby, kdy\u017e hledaj\u00ed rande. Je to proto, \u017ee mohou b\u00fdt velmi konkr\u00e9tn\u00ed o tom, co hledaj\u00ed, a mohou naj\u00edt lidi, kte\u0159\u00ed hledaj\u00ed stejnou v\u011bc. Existuje tak\u00e9 mnoho lid\u00ed, kte\u0159\u00ed pou\u017e\u00edvaj\u00ed sexu\u00e1ln\u00ed osoby, aby na\u0161li n\u011bkoho, s k\u00fdm se mohou p\u0159\u00edle\u017eitostn\u011b setkat. Je to proto, \u017ee je mnohem snaz\u0161\u00ed naj\u00edt n\u011bkoho, kdo hled\u00e1 stejnou v\u011bc, kdy\u017e pou\u017e\u00edv\u00e1te sexu\u00e1ln\u00ed osobn\u00ed str\u00e1nky. Existuje mnoho webov\u00fdch str\u00e1nek pro dosp\u011bl\u00e9, kter\u00e9 se staraj\u00ed o ty, kte\u0159\u00ed hledaj\u00ed l\u00e1sku. Tyto webov\u00e9 str\u00e1nky nab\u00edzej\u00ed \u0159adu slu\u017eeb, kter\u00e9 v\u00e1m pomohou naj\u00edt perfektn\u00ed shodu. Mohou v\u00e1m tak\u00e9 poskytnout tipy a rady, jak co nejl\u00e9pe vyu\u017e\u00edt v\u00e1\u0161 vztah. V\u011bt\u0161ina z t\u011bchto webov\u00fdch str\u00e1nek je zdarma k pou\u017eit\u00ed, tak\u017ee je m\u016f\u017eete proch\u00e1zet ve sv\u00e9m voln\u00e9m \u010dase.<\/p>\n<h2>Zdarma Sex Reklamy<\/h2>\n<p>V posledn\u00ed dob\u011b do\u0161lo k n\u00e1r\u016fstu <a href=\"http:\/\/thehottieandthenottie.com\/fuck-someone-near-you\/\">m\u00edstn\u00edch sexu\u00e1ln\u00edch reklam<\/a> ve sv\u011bt\u011b datov\u00e1n\u00ed. To je pravd\u011bpodobn\u011b zp\u016fsobeno skute\u010dnost\u00ed, \u017ee lid\u00e9 se c\u00edt\u00ed pohodln\u011bji se svou sexualitou a jsou otev\u0159en\u011bj\u0161\u00ed k prozkoum\u00e1n\u00ed sv\u00fdch mo\u017enost\u00ed. Tyto reklamy mohou b\u00fdt skv\u011bl\u00fdm zp\u016fsobem, jak se spojit s n\u011bk\u00fdm, kdo sd\u00edl\u00ed va\u0161e z\u00e1jmy a touhy. Mohou b\u00fdt tak\u00e9 skv\u011bl\u00fdm zp\u016fsobem, jak naj\u00edt n\u011bkoho, kdo hled\u00e1 n\u011bco trochu neform\u00e1ln\u011bj\u0161\u00edho. Pokud m\u00e1te z\u00e1jem prozkoumat sv\u00e9 mo\u017enosti, pak kontrola m\u00edstn\u00edch sexu\u00e1ln\u00edch reklam m\u016f\u017ee b\u00fdt skv\u011bl\u00fdm m\u00edstem, kde za\u010d\u00edt. Jen se ujist\u011bte, \u017ee jste v bezpe\u010d\u00ed a up\u0159\u00edmn\u00ed o tom, co hled\u00e1te.<\/p>\n<h3>Dvojit\u00fd seznam<\/h3>\n<p>DoubleList je nov\u00e1 seznamovac\u00ed aplikace, kter\u00e1 v posledn\u00ed dob\u011b z\u00edsk\u00e1v\u00e1 spoustu buzz. Aplikace je navr\u017eena tak, aby v\u00e1m pomohla naj\u00edt m\u00edstn\u00ed dosp\u011bl\u00e9 singles k dne\u0161n\u00edmu dni a p\u0159ipojit se. Aplikace je zdarma ke sta\u017een\u00ed a pou\u017eit\u00ed a je k dispozici pro za\u0159\u00edzen\u00ed iOS i Android. Aplikace DoubleList je velmi u\u017eivatelsky p\u0159\u00edv\u011btiv\u00e1 a snadno se v n\u00ed orientuje. M\u016f\u017eete proch\u00e1zet profily m\u00edstn\u00edch singles ve va\u0161\u00ed oblasti a prohl\u00ed\u017eet si jejich fotografie a informace. Kdy\u017e najdete n\u011bkoho, koho zaj\u00edm\u00e1te, m\u016f\u017eete mu poslat zpr\u00e1vu a za\u010d\u00edt chatovat. Aplikace m\u00e1 tak\u00e9 vestav\u011bn\u00fd chatovac\u00ed syst\u00e9m, tak\u017ee m\u016f\u017eete chatovat se sv\u00fdmi z\u00e1pasy v re\u00e1ln\u00e9m \u010dase. Aplikace DoubleList je skv\u011bl\u00fd zp\u016fsob, jak se setkat s m\u00edstn\u00edmi nezadan\u00fdmi pro datov\u00e1n\u00ed a p\u0159ipojen\u00ed.<\/p>\n<h3>Badoo<\/h3>\n<p>Badoo je seznamovac\u00ed aplikace, kter\u00e1 roste v popularit\u011b mezi dosp\u011bl\u00fdmi, kte\u0159\u00ed hledaj\u00ed m\u00edstn\u00ed spojen\u00ed. Aplikace je zdarma ke sta\u017een\u00ed a pou\u017eit\u00ed a nab\u00edz\u00ed \u0159adu funkc\u00ed, kter\u00e9 usnad\u0148uj\u00ed spojen\u00ed s potenci\u00e1ln\u00edmi shodami ve va\u0161\u00ed oblasti. Badoo m\u00e1 tak\u00e9 siln\u00e9 z\u00e1sady ochrany osobn\u00edch \u00fadaj\u016f a je to jedna z m\u00e1la seznamovac\u00edch aplikac\u00ed, kter\u00e1 v\u00e1m umo\u017e\u0148uje kontrolovat, kdo uvid\u00ed v\u00e1\u0161 profil. Celkov\u011b je Badoo skv\u011blou volbou pro dosp\u011bl\u00e9, kte\u0159\u00ed hledaj\u00ed aplikaci pro p\u0159ipojen\u00ed, kter\u00e1 se snadno pou\u017e\u00edv\u00e1 a m\u00e1 siln\u00e9 z\u00e1sady ochrany osobn\u00edch \u00fadaj\u016f.<\/p>\n<h3>Alt.com<\/h3>\n<p>Alt.com je m\u00edstn\u00ed seznamovac\u00ed aplikace pro dosp\u011bl\u00e9, kter\u00e1 v posledn\u00ed dob\u011b z\u00edsk\u00e1v\u00e1 spoustu buzz. Aplikace je zdarma ke sta\u017een\u00ed a slibuje, \u017ee v\u00e1m pom\u016f\u017ee naj\u00edt m\u00edstn\u00ed dosp\u011bl\u00e9, se kter\u00fdmi se m\u016f\u017eete spojit. Ale spl\u0148uje to humbuk?<\/p>\n<p>Rozhodl jsem se, \u017ee Alt.com zkus\u00edm a uvid\u00edm s\u00e1m. Proces registrace byl rychl\u00fd a snadn\u00fd a brzy jsem proch\u00e1zel m\u00edstn\u00edmi profily pro dosp\u011bl\u00e9. P\u0159ekvapilo m\u011b, kolik jich bylo! Na\u0161el jsem p\u00e1r potenci\u00e1ln\u00edch z\u00e1pas\u016f a chv\u00edli jsem si s nimi pov\u00eddal.<\/p>\n<p>Celkov\u011b jsem byl ohromen Alt.com. Je to skv\u011bl\u00fd zp\u016fsob, jak se setkat s m\u00edstn\u00edmi dosp\u011bl\u00fdmi pro p\u0159\u00edle\u017eitostn\u00e9 p\u0159ipojen\u00ed. Aplikace se snadno pou\u017e\u00edv\u00e1 a existuje spousta u\u017eivatel\u016f, ze kter\u00fdch si m\u016f\u017eete vybrat. Pokud hled\u00e1te novou seznamovac\u00ed aplikaci, kterou byste mohli vyzkou\u0161et, doporu\u010duji Alt.com d\u00e1t \u0161anci.<\/p>\n","protected":false},"excerpt":{"rendered":"<p>Nen\u00ed t\u0159eba chodit do baru nebo klubu, abyste si vyzvedli, ve srovn\u00e1n\u00ed s t\u00edm, kdy\u017e pou\u017e\u00edv\u00e1te m\u00edstn\u00ed dosp\u011bl\u00e9 osoby. V\u0161e, co mus\u00edte ud\u011blat, je zve\u0159ejnit osobn\u00ed reklamu online a m\u016f\u017eete se spojit s n\u011bk\u00fdm m\u00edstn\u00edm ve va\u0161\u00ed oblasti, ani\u017e byste opustili sv\u016fj d\u016fm. V reklam\u011b m\u016f\u017eete b\u00fdt tak konkr\u00e9tn\u00ed, jak chcete, abyste p\u0159il\u00e1kali pouze lidi, &#8230; <a title=\"Inzerce pro dosp\u011bl\u00e9 zdarma\" class=\"read-more\" href=\"http:\/\/thehottieandthenottie.com\/cs\/inzerce-pro-dospele-zdarma\/\" aria-label=\"V\u00edce na Inzerce pro dosp\u011bl\u00e9 zdarma\">\u010c\u00edst d\u00e1l<\/a><\/p>\n","protected":false},"author":1,"featured_media":0,"parent":0,"menu_order":0,"comment_status":"closed","ping_status":"closed","template":"","meta":[],"yoast_head":"<!-- This site is optimized with the Yoast SEO plugin v17.7.1 - https:\/\/yoast.com\/wordpress\/plugins\/seo\/ -->\n<title>Inzerce pro dosp\u011bl\u00e9 zdarma - Hotties V okol\u00ed<\/title>\n<meta name=\"robots\" content=\"index, follow, max-snippet:-1, max-image-preview:large, max-video-preview:-1\" \/>\n<link rel=\"canonical\" href=\"http:\/\/thehottieandthenottie.com\/cs\/inzerce-pro-dospele-zdarma\/\" \/>\n<meta property=\"og:locale\" content=\"cs_CZ\" \/>\n<meta property=\"og:type\" content=\"article\" \/>\n<meta property=\"og:title\" content=\"Inzerce pro dosp\u011bl\u00e9 zdarma - Hotties V okol\u00ed\" \/>\n<meta property=\"og:description\" content=\"Nen\u00ed t\u0159eba chodit do baru nebo klubu, abyste si vyzvedli, ve srovn\u00e1n\u00ed s t\u00edm, kdy\u017e pou\u017e\u00edv\u00e1te m\u00edstn\u00ed dosp\u011bl\u00e9 osoby. V\u0161e, co mus\u00edte ud\u011blat, je zve\u0159ejnit osobn\u00ed reklamu online a m\u016f\u017eete se spojit s n\u011bk\u00fdm m\u00edstn\u00edm ve va\u0161\u00ed oblasti, ani\u017e byste opustili sv\u016fj d\u016fm. V reklam\u011b m\u016f\u017eete b\u00fdt tak konkr\u00e9tn\u00ed, jak chcete, abyste p\u0159il\u00e1kali pouze lidi, ... \u010c\u00edst d\u00e1l\" \/>\n<meta property=\"og:url\" content=\"http:\/\/thehottieandthenottie.com\/cs\/inzerce-pro-dospele-zdarma\/\" \/>\n<meta property=\"og:site_name\" content=\"Hotties V okol\u00ed\" \/>\n<meta name=\"twitter:card\" content=\"summary_large_image\" \/>\n<meta name=\"twitter:label1\" content=\"Odhadovan\u00e1 doba \u010dten\u00ed\" \/>\n\t<meta name=\"twitter:data1\" content=\"4 minuty\" \/>\n<script type=\"application\/ld+json\" class=\"yoast-schema-graph\">{\"@context\":\"https:\/\/schema.org\",\"@graph\":[{\"@type\":\"WebSite\",\"@id\":\"https:\/\/thehottieandthenottie.com\/#website\",\"url\":\"https:\/\/thehottieandthenottie.com\/\",\"name\":\"Hotties V okol\\u00ed\",\"description\":\"Seznamte se se \\u017eenami ve va\\u0161em okol\\u00ed\",\"potentialAction\":[{\"@type\":\"SearchAction\",\"target\":{\"@type\":\"EntryPoint\",\"urlTemplate\":\"https:\/\/thehottieandthenottie.com\/?s={search_term_string}\"},\"query-input\":\"required name=search_term_string\"}],\"inLanguage\":\"cs\"},{\"@type\":\"WebPage\",\"@id\":\"http:\/\/thehottieandthenottie.com\/cs\/inzerce-pro-dospele-zdarma\/#webpage\",\"url\":\"http:\/\/thehottieandthenottie.com\/cs\/inzerce-pro-dospele-zdarma\/\",\"name\":\"Inzerce pro dosp\\u011bl\\u00e9 zdarma - Hotties V okol\\u00ed\",\"isPartOf\":{\"@id\":\"https:\/\/thehottieandthenottie.com\/#website\"},\"datePublished\":\"2022-09-30T11:56:42+00:00\",\"dateModified\":\"2022-09-30T11:56:42+00:00\",\"breadcrumb\":{\"@id\":\"http:\/\/thehottieandthenottie.com\/cs\/inzerce-pro-dospele-zdarma\/#breadcrumb\"},\"inLanguage\":\"cs\",\"potentialAction\":[{\"@type\":\"ReadAction\",\"target\":[\"http:\/\/thehottieandthenottie.com\/cs\/inzerce-pro-dospele-zdarma\/\"]}]},{\"@type\":\"BreadcrumbList\",\"@id\":\"http:\/\/thehottieandthenottie.com\/cs\/inzerce-pro-dospele-zdarma\/#breadcrumb\",\"itemListElement\":[{\"@type\":\"ListItem\",\"position\":1,\"name\":\"Home\",\"item\":\"https:\/\/thehottieandthenottie.com\/cs\/\"},{\"@type\":\"ListItem\",\"position\":2,\"name\":\"Inzerce pro dosp\\u011bl\\u00e9 zdarma\"}]}]}<\/script>\n<!-- \/ Yoast SEO plugin. -->","yoast_head_json":{"title":"Inzerce pro dosp\u011bl\u00e9 zdarma - Hotties V okol\u00ed","robots":{"index":"index","follow":"follow","max-snippet":"max-snippet:-1","max-image-preview":"max-image-preview:large","max-video-preview":"max-video-preview:-1"},"canonical":"http:\/\/thehottieandthenottie.com\/cs\/inzerce-pro-dospele-zdarma\/","og_locale":"cs_CZ","og_type":"article","og_title":"Inzerce pro dosp\u011bl\u00e9 zdarma - Hotties V okol\u00ed","og_description":"Nen\u00ed t\u0159eba chodit do baru nebo klubu, abyste si vyzvedli, ve srovn\u00e1n\u00ed s t\u00edm, kdy\u017e pou\u017e\u00edv\u00e1te m\u00edstn\u00ed dosp\u011bl\u00e9 osoby. V\u0161e, co mus\u00edte ud\u011blat, je zve\u0159ejnit osobn\u00ed reklamu online a m\u016f\u017eete se spojit s n\u011bk\u00fdm m\u00edstn\u00edm ve va\u0161\u00ed oblasti, ani\u017e byste opustili sv\u016fj d\u016fm. V reklam\u011b m\u016f\u017eete b\u00fdt tak konkr\u00e9tn\u00ed, jak chcete, abyste p\u0159il\u00e1kali pouze lidi, ... \u010c\u00edst d\u00e1l","og_url":"http:\/\/thehottieandthenottie.com\/cs\/inzerce-pro-dospele-zdarma\/","og_site_name":"Hotties V okol\u00ed","twitter_card":"summary_large_image","twitter_misc":{"Odhadovan\u00e1 doba \u010dten\u00ed":"4 minuty"},"schema":{"@context":"https:\/\/schema.org","@graph":[{"@type":"WebSite","@id":"https:\/\/thehottieandthenottie.com\/#website","url":"https:\/\/thehottieandthenottie.com\/","name":"Hotties V okol\u00ed","description":"Seznamte se se \u017eenami ve va\u0161em okol\u00ed","potentialAction":[{"@type":"SearchAction","target":{"@type":"EntryPoint","urlTemplate":"https:\/\/thehottieandthenottie.com\/?s={search_term_string}"},"query-input":"required name=search_term_string"}],"inLanguage":"cs"},{"@type":"WebPage","@id":"http:\/\/thehottieandthenottie.com\/cs\/inzerce-pro-dospele-zdarma\/#webpage","url":"http:\/\/thehottieandthenottie.com\/cs\/inzerce-pro-dospele-zdarma\/","name":"Inzerce pro dosp\u011bl\u00e9 zdarma - Hotties V okol\u00ed","isPartOf":{"@id":"https:\/\/thehottieandthenottie.com\/#website"},"datePublished":"2022-09-30T11:56:42+00:00","dateModified":"2022-09-30T11:56:42+00:00","breadcrumb":{"@id":"http:\/\/thehottieandthenottie.com\/cs\/inzerce-pro-dospele-zdarma\/#breadcrumb"},"inLanguage":"cs","potentialAction":[{"@type":"ReadAction","target":["http:\/\/thehottieandthenottie.com\/cs\/inzerce-pro-dospele-zdarma\/"]}]},{"@type":"BreadcrumbList","@id":"http:\/\/thehottieandthenottie.com\/cs\/inzerce-pro-dospele-zdarma\/#breadcrumb","itemListElement":[{"@type":"ListItem","position":1,"name":"Home","item":"https:\/\/thehottieandthenottie.com\/cs\/"},{"@type":"ListItem","position":2,"name":"Inzerce pro dosp\u011bl\u00e9 zdarma"}]}]}},"_links":{"self":[{"href":"http:\/\/thehottieandthenottie.com\/cs\/wp-json\/wp\/v2\/pages\/561"}],"collection":[{"href":"http:\/\/thehottieandthenottie.com\/cs\/wp-json\/wp\/v2\/pages"}],"about":[{"href":"http:\/\/thehottieandthenottie.com\/cs\/wp-json\/wp\/v2\/types\/page"}],"author":[{"embeddable":true,"href":"http:\/\/thehottieandthenottie.com\/cs\/wp-json\/wp\/v2\/users\/1"}],"replies":[{"embeddable":true,"href":"http:\/\/thehottieandthenottie.com\/cs\/wp-json\/wp\/v2\/comments?post=561"}],"version-history":[{"count":0,"href":"http:\/\/thehottieandthenottie.com\/cs\/wp-json\/wp\/v2\/pages\/561\/revisions"}],"wp:attachment":[{"href":"http:\/\/thehottieandthenottie.com\/cs\/wp-json\/wp\/v2\/media?parent=561"}],"curies":[{"name":"wp","href":"https:\/\/api.w.org\/{rel}","templated":true}]}}