{"id":572,"date":"2022-09-30T12:56:06","date_gmt":"2022-09-30T11:56:06","guid":{"rendered":"http:\/\/thehottieandthenottie.com\/sukat-nekoho-ve-vasem-okoli\/"},"modified":"2022-09-30T12:56:06","modified_gmt":"2022-09-30T11:56:06","slug":"sukat-nekoho-ve-vasem-okoli","status":"publish","type":"page","link":"http:\/\/thehottieandthenottie.com\/cs\/sukat-nekoho-ve-vasem-okoli\/","title":{"rendered":"\u0160ukat n\u011bkoho ve va\u0161em okol\u00ed"},"content":{"rendered":"<p>Pokud hled\u00e1te p\u0159ipojen\u00ed ve va\u0161em okol\u00ed, existuje n\u011bkolik v\u011bc\u00ed, kter\u00e9 m\u016f\u017eete ud\u011blat, abyste zv\u00fd\u0161ili sv\u00e9 \u0161ance na nalezen\u00ed n\u011bkoho. Nejprve zkuste pou\u017e\u00edt seznamovac\u00ed aplikace nebo webov\u00e9 str\u00e1nky, kter\u00e9 jsou speci\u00e1ln\u011b pro p\u0159ipojen\u00ed. To m\u016f\u017ee b\u00fdt skv\u011bl\u00fd zp\u016fsob, jak se setkat s lidmi, kte\u0159\u00ed tak\u00e9 hledaj\u00ed p\u0159\u00edle\u017eitostn\u00e1 setk\u00e1n\u00ed. Dal\u0161\u00ed mo\u017enost\u00ed je j\u00edt do bar\u016f nebo klub\u016f, kter\u00e9 jsou zn\u00e1m\u00e9 t\u00edm, \u017ee jsou m\u00edsty pro p\u0159ipojen\u00ed. Nakonec se m\u016f\u017eete v\u017edy zeptat kolem, abyste zjistili, zda n\u011bkdo z va\u0161ich p\u0159\u00e1tel zn\u00e1 n\u011bkoho, kdo by mohl <a href=\"http:\/\/thehottieandthenottie.com\/bondage-dating\/\">m\u00edt z\u00e1jem o p\u0159ipojen\u00ed<\/a>.<\/p>\n<h2>Bezplatn\u00e9 p\u0159ipojen\u00ed v m\u00e9m okol\u00ed<\/h2>\n<p>V m\u00e9m okol\u00ed je spousta m\u00edst pro p\u0159ipojen\u00ed, od bar\u016f a klub\u016f a\u017e po parky a dal\u0161\u00ed ve\u0159ejn\u00e1 prostranstv\u00ed. Pokud hled\u00e1m p\u0159\u00edle\u017eitostn\u00e9 spojen\u00ed, obvykle zam\u00ed\u0159\u00edm do baru nebo klubu, kde je spousta lid\u00ed, kte\u0159\u00ed tak\u00e9 hledaj\u00ed dobr\u00fd \u010das. Pokud hled\u00e1m n\u011bco trochu intimn\u011bj\u0161\u00edho, mohu zam\u00ed\u0159it do parku nebo jin\u00e9ho ve\u0159ejn\u00e9ho prostoru, kde mohu b\u00fdt s\u00e1m se sv\u00fdm datem. A\u0165 tak \u010di onak, existuje spousta mo\u017enost\u00ed, jak naj\u00edt dobr\u00e9 m\u00edsto pro p\u0159ipojen\u00ed v m\u00e9m okol\u00ed.<\/p>\n<p>Nen\u00ed t\u0159eba j\u00edt z cesty, abyste na\u0161li n\u011bkoho, kdo by \u0161ukal bl\u00edzko v\u00e1s. Bu\u010fte sami sebou a bu\u010fte otev\u0159eni nov\u00fdm zku\u0161enostem. Nikdy nev\u00edte, koho m\u016f\u017eete potkat a co se m\u016f\u017ee st\u00e1t. Kdo v\u00ed, mo\u017en\u00e1 najdete l\u00e1sku sv\u00e9ho \u017eivota.<\/p>\n<h2>M\u00edstn\u00ed Sex Seznamka<\/h2>\n<p>Existuje spousta m\u00edstn\u00edch sexu\u00e1ln\u00edch m\u00edst, pokud hled\u00e1te m\u00edsto, kde se m\u016f\u017eete p\u0159ipojit k datu. Knihovna je v\u017edy dobr\u00e1 s\u00e1zka &#8211; jen se ujist\u011bte, \u017ee jste zticha! Pokud se c\u00edt\u00edte trochu dobrodru\u017en\u011bj\u0161\u00ed, v\u017edy je tu park po setm\u011bn\u00ed. Jen si d\u00e1vejte pozor na policajty!<\/p>\n<h3>Chatzy<\/h3>\n<p>Pokud hled\u00e1te novou seznamovac\u00ed aplikaci, Chatzy by mohlo st\u00e1t za to se pod\u00edvat. Aplikace je navr\u017eena tak, aby v\u00e1m pomohla spojit se s lidmi v okol\u00ed, tak\u017ee m\u016f\u017eete chatovat a mo\u017en\u00e1 se dokonce setkat osobn\u011b. Aplikace je zdarma ke sta\u017een\u00ed a pou\u017eit\u00ed a je docela snadn\u00e9 zjistit, jak ji pou\u017e\u00edvat. Sta\u010d\u00ed si vytvo\u0159it profil a za\u010d\u00edt chatovat s lidmi ve va\u0161\u00ed oblasti.<\/p>\n<p>Pou\u017e\u00edv\u00e1m Chatzy u\u017e n\u011bkolik t\u00fddn\u016f a m\u00e1m s n\u00edm n\u011bjak\u00e9 dobr\u00e9 zku\u0161enosti. Setkal jsem se s n\u011bkolika opravdu skv\u011bl\u00fdmi lidmi a m\u011bl jsem n\u011bkolik skv\u011bl\u00fdch rozhovor\u016f. Aplikace rozhodn\u011b stoj\u00ed za to se pod\u00edvat, pokud hled\u00e1te n\u011bco nov\u00e9ho a odli\u0161n\u00e9ho.<\/p>\n<h3>TinderMeets<\/h3>\n<p>Pokud hled\u00e1te novou seznamovac\u00ed aplikaci, kterou byste mohli vyzkou\u0161et, zva\u017ete TinderMeets. Je to popul\u00e1rn\u00ed aplikace s dobrou pov\u011bst\u00ed, kter\u00e1 pom\u00e1h\u00e1 lidem naj\u00edt p\u0159ipojen\u00ed v jejich okol\u00ed. Aplikace je zdarma ke sta\u017een\u00ed a pou\u017eit\u00ed a je snadn\u00e9 se zaregistrovat a za\u010d\u00edt. M\u016f\u017eete proch\u00e1zet profily, odes\u00edlat zpr\u00e1vy a prohl\u00ed\u017eet fotografie potenci\u00e1ln\u00edch shod ve va\u0161\u00ed oblasti. Aplikace m\u00e1 tak\u00e9 dobrou vyhled\u00e1vac\u00ed funkci, tak\u017ee m\u016f\u017eete naj\u00edt lidi, kte\u0159\u00ed spl\u0148uj\u00ed va\u0161e konkr\u00e9tn\u00ed krit\u00e9ria. TinderMeets je skv\u011bl\u00e1 volba pro lidi, kte\u0159\u00ed hledaj\u00ed nov\u00fd zp\u016fsob, jak se setkat s potenci\u00e1ln\u00edmi p\u0159ipojen\u00edmi v jejich bl\u00edzkosti.<\/p>\n<h3>Milfaholic<\/h3>\n<p>Pokud hled\u00e1te p\u0159\u00edle\u017eitostn\u00e9 p\u0159ipojen\u00ed ve va\u0161em okol\u00ed, Milfaholic je skv\u011bl\u00e1 volba. Aplikace je zdarma ke sta\u017een\u00ed a pou\u017eit\u00ed a je to jedna z nejpopul\u00e1rn\u011bj\u0161\u00edch seznamovac\u00edch aplikac\u00ed. Je to snadn\u00e9 pou\u017eit\u00ed a je to skv\u011bl\u00e9 pro nalezen\u00ed m\u00edstn\u00edch p\u0159ipojen\u00ed. Jedinou nev\u00fdhodou je, \u017ee to nen\u00ed nejv\u00edce esteticky p\u0159\u00edjemn\u00e1 aplikace.<\/p>\n","protected":false},"excerpt":{"rendered":"<p>Pokud hled\u00e1te p\u0159ipojen\u00ed ve va\u0161em okol\u00ed, existuje n\u011bkolik v\u011bc\u00ed, kter\u00e9 m\u016f\u017eete ud\u011blat, abyste zv\u00fd\u0161ili sv\u00e9 \u0161ance na nalezen\u00ed n\u011bkoho. Nejprve zkuste pou\u017e\u00edt seznamovac\u00ed aplikace nebo webov\u00e9 str\u00e1nky, kter\u00e9 jsou speci\u00e1ln\u011b pro p\u0159ipojen\u00ed. To m\u016f\u017ee b\u00fdt skv\u011bl\u00fd zp\u016fsob, jak se setkat s lidmi, kte\u0159\u00ed tak\u00e9 hledaj\u00ed p\u0159\u00edle\u017eitostn\u00e1 setk\u00e1n\u00ed. Dal\u0161\u00ed mo\u017enost\u00ed je j\u00edt do bar\u016f nebo klub\u016f, &#8230; <a title=\"\u0160ukat n\u011bkoho ve va\u0161em okol\u00ed\" class=\"read-more\" href=\"http:\/\/thehottieandthenottie.com\/cs\/sukat-nekoho-ve-vasem-okoli\/\" aria-label=\"V\u00edce na \u0160ukat n\u011bkoho ve va\u0161em okol\u00ed\">\u010c\u00edst d\u00e1l<\/a><\/p>\n","protected":false},"author":1,"featured_media":0,"parent":0,"menu_order":0,"comment_status":"closed","ping_status":"closed","template":"","meta":[],"yoast_head":"<!-- This site is optimized with the Yoast SEO plugin v17.7.1 - https:\/\/yoast.com\/wordpress\/plugins\/seo\/ -->\n<title>\u0160ukat n\u011bkoho ve va\u0161em okol\u00ed - Hotties V okol\u00ed<\/title>\n<meta name=\"robots\" content=\"index, follow, max-snippet:-1, max-image-preview:large, max-video-preview:-1\" \/>\n<link rel=\"canonical\" href=\"http:\/\/thehottieandthenottie.com\/cs\/sukat-nekoho-ve-vasem-okoli\/\" \/>\n<meta property=\"og:locale\" content=\"cs_CZ\" \/>\n<meta property=\"og:type\" content=\"article\" \/>\n<meta property=\"og:title\" content=\"\u0160ukat n\u011bkoho ve va\u0161em okol\u00ed - Hotties V okol\u00ed\" \/>\n<meta property=\"og:description\" content=\"Pokud hled\u00e1te p\u0159ipojen\u00ed ve va\u0161em okol\u00ed, existuje n\u011bkolik v\u011bc\u00ed, kter\u00e9 m\u016f\u017eete ud\u011blat, abyste zv\u00fd\u0161ili sv\u00e9 \u0161ance na nalezen\u00ed n\u011bkoho. Nejprve zkuste pou\u017e\u00edt seznamovac\u00ed aplikace nebo webov\u00e9 str\u00e1nky, kter\u00e9 jsou speci\u00e1ln\u011b pro p\u0159ipojen\u00ed. To m\u016f\u017ee b\u00fdt skv\u011bl\u00fd zp\u016fsob, jak se setkat s lidmi, kte\u0159\u00ed tak\u00e9 hledaj\u00ed p\u0159\u00edle\u017eitostn\u00e1 setk\u00e1n\u00ed. Dal\u0161\u00ed mo\u017enost\u00ed je j\u00edt do bar\u016f nebo klub\u016f, ... \u010c\u00edst d\u00e1l\" \/>\n<meta property=\"og:url\" content=\"http:\/\/thehottieandthenottie.com\/cs\/sukat-nekoho-ve-vasem-okoli\/\" \/>\n<meta property=\"og:site_name\" content=\"Hotties V okol\u00ed\" \/>\n<meta name=\"twitter:card\" content=\"summary_large_image\" \/>\n<meta name=\"twitter:label1\" content=\"Odhadovan\u00e1 doba \u010dten\u00ed\" \/>\n\t<meta name=\"twitter:data1\" content=\"3 minuty\" \/>\n<script type=\"application\/ld+json\" class=\"yoast-schema-graph\">{\"@context\":\"https:\/\/schema.org\",\"@graph\":[{\"@type\":\"WebSite\",\"@id\":\"http:\/\/thehottieandthenottie.com\/#website\",\"url\":\"http:\/\/thehottieandthenottie.com\/\",\"name\":\"Hotties V okol\\u00ed\",\"description\":\"Seznamte se se \\u017eenami ve va\\u0161em okol\\u00ed\",\"potentialAction\":[{\"@type\":\"SearchAction\",\"target\":{\"@type\":\"EntryPoint\",\"urlTemplate\":\"http:\/\/thehottieandthenottie.com\/?s={search_term_string}\"},\"query-input\":\"required name=search_term_string\"}],\"inLanguage\":\"cs\"},{\"@type\":\"WebPage\",\"@id\":\"http:\/\/thehottieandthenottie.com\/cs\/sukat-nekoho-ve-vasem-okoli\/#webpage\",\"url\":\"http:\/\/thehottieandthenottie.com\/cs\/sukat-nekoho-ve-vasem-okoli\/\",\"name\":\"\\u0160ukat n\\u011bkoho ve va\\u0161em okol\\u00ed - Hotties V okol\\u00ed\",\"isPartOf\":{\"@id\":\"http:\/\/thehottieandthenottie.com\/#website\"},\"datePublished\":\"2022-09-30T11:56:06+00:00\",\"dateModified\":\"2022-09-30T11:56:06+00:00\",\"breadcrumb\":{\"@id\":\"http:\/\/thehottieandthenottie.com\/cs\/sukat-nekoho-ve-vasem-okoli\/#breadcrumb\"},\"inLanguage\":\"cs\",\"potentialAction\":[{\"@type\":\"ReadAction\",\"target\":[\"http:\/\/thehottieandthenottie.com\/cs\/sukat-nekoho-ve-vasem-okoli\/\"]}]},{\"@type\":\"BreadcrumbList\",\"@id\":\"http:\/\/thehottieandthenottie.com\/cs\/sukat-nekoho-ve-vasem-okoli\/#breadcrumb\",\"itemListElement\":[{\"@type\":\"ListItem\",\"position\":1,\"name\":\"Home\",\"item\":\"http:\/\/thehottieandthenottie.com\/cs\/\"},{\"@type\":\"ListItem\",\"position\":2,\"name\":\"\\u0160ukat n\\u011bkoho ve va\\u0161em okol\\u00ed\"}]}]}<\/script>\n<!-- \/ Yoast SEO plugin. -->","yoast_head_json":{"title":"\u0160ukat n\u011bkoho ve va\u0161em okol\u00ed - Hotties V okol\u00ed","robots":{"index":"index","follow":"follow","max-snippet":"max-snippet:-1","max-image-preview":"max-image-preview:large","max-video-preview":"max-video-preview:-1"},"canonical":"http:\/\/thehottieandthenottie.com\/cs\/sukat-nekoho-ve-vasem-okoli\/","og_locale":"cs_CZ","og_type":"article","og_title":"\u0160ukat n\u011bkoho ve va\u0161em okol\u00ed - Hotties V okol\u00ed","og_description":"Pokud hled\u00e1te p\u0159ipojen\u00ed ve va\u0161em okol\u00ed, existuje n\u011bkolik v\u011bc\u00ed, kter\u00e9 m\u016f\u017eete ud\u011blat, abyste zv\u00fd\u0161ili sv\u00e9 \u0161ance na nalezen\u00ed n\u011bkoho. Nejprve zkuste pou\u017e\u00edt seznamovac\u00ed aplikace nebo webov\u00e9 str\u00e1nky, kter\u00e9 jsou speci\u00e1ln\u011b pro p\u0159ipojen\u00ed. To m\u016f\u017ee b\u00fdt skv\u011bl\u00fd zp\u016fsob, jak se setkat s lidmi, kte\u0159\u00ed tak\u00e9 hledaj\u00ed p\u0159\u00edle\u017eitostn\u00e1 setk\u00e1n\u00ed. Dal\u0161\u00ed mo\u017enost\u00ed je j\u00edt do bar\u016f nebo klub\u016f, ... \u010c\u00edst d\u00e1l","og_url":"http:\/\/thehottieandthenottie.com\/cs\/sukat-nekoho-ve-vasem-okoli\/","og_site_name":"Hotties V okol\u00ed","twitter_card":"summary_large_image","twitter_misc":{"Odhadovan\u00e1 doba \u010dten\u00ed":"3 minuty"},"schema":{"@context":"https:\/\/schema.org","@graph":[{"@type":"WebSite","@id":"http:\/\/thehottieandthenottie.com\/#website","url":"http:\/\/thehottieandthenottie.com\/","name":"Hotties V okol\u00ed","description":"Seznamte se se \u017eenami ve va\u0161em okol\u00ed","potentialAction":[{"@type":"SearchAction","target":{"@type":"EntryPoint","urlTemplate":"http:\/\/thehottieandthenottie.com\/?s={search_term_string}"},"query-input":"required name=search_term_string"}],"inLanguage":"cs"},{"@type":"WebPage","@id":"http:\/\/thehottieandthenottie.com\/cs\/sukat-nekoho-ve-vasem-okoli\/#webpage","url":"http:\/\/thehottieandthenottie.com\/cs\/sukat-nekoho-ve-vasem-okoli\/","name":"\u0160ukat n\u011bkoho ve va\u0161em okol\u00ed - Hotties V okol\u00ed","isPartOf":{"@id":"http:\/\/thehottieandthenottie.com\/#website"},"datePublished":"2022-09-30T11:56:06+00:00","dateModified":"2022-09-30T11:56:06+00:00","breadcrumb":{"@id":"http:\/\/thehottieandthenottie.com\/cs\/sukat-nekoho-ve-vasem-okoli\/#breadcrumb"},"inLanguage":"cs","potentialAction":[{"@type":"ReadAction","target":["http:\/\/thehottieandthenottie.com\/cs\/sukat-nekoho-ve-vasem-okoli\/"]}]},{"@type":"BreadcrumbList","@id":"http:\/\/thehottieandthenottie.com\/cs\/sukat-nekoho-ve-vasem-okoli\/#breadcrumb","itemListElement":[{"@type":"ListItem","position":1,"name":"Home","item":"http:\/\/thehottieandthenottie.com\/cs\/"},{"@type":"ListItem","position":2,"name":"\u0160ukat n\u011bkoho ve va\u0161em okol\u00ed"}]}]}},"_links":{"self":[{"href":"http:\/\/thehottieandthenottie.com\/cs\/wp-json\/wp\/v2\/pages\/572"}],"collection":[{"href":"http:\/\/thehottieandthenottie.com\/cs\/wp-json\/wp\/v2\/pages"}],"about":[{"href":"http:\/\/thehottieandthenottie.com\/cs\/wp-json\/wp\/v2\/types\/page"}],"author":[{"embeddable":true,"href":"http:\/\/thehottieandthenottie.com\/cs\/wp-json\/wp\/v2\/users\/1"}],"replies":[{"embeddable":true,"href":"http:\/\/thehottieandthenottie.com\/cs\/wp-json\/wp\/v2\/comments?post=572"}],"version-history":[{"count":0,"href":"http:\/\/thehottieandthenottie.com\/cs\/wp-json\/wp\/v2\/pages\/572\/revisions"}],"wp:attachment":[{"href":"http:\/\/thehottieandthenottie.com\/cs\/wp-json\/wp\/v2\/media?parent=572"}],"curies":[{"name":"wp","href":"https:\/\/api.w.org\/{rel}","templated":true}]}}