{"id":592,"date":"2022-09-30T12:55:30","date_gmt":"2022-09-30T11:55:30","guid":{"rendered":"http:\/\/thehottieandthenottie.com\/bondage-seznamka\/"},"modified":"2022-09-30T12:55:30","modified_gmt":"2022-09-30T11:55:30","slug":"bondage-seznamka","status":"publish","type":"page","link":"http:\/\/thehottieandthenottie.com\/cs\/bondage-seznamka\/","title":{"rendered":"Bondage Seznamka"},"content":{"rendered":"<p>Na anonymit\u011b chatovac\u00ed m\u00edstnosti je n\u011bco, co opravdu p\u0159im\u011bje lidi mluvit o sv\u00fdch zlomech a feti\u0161\u00edch. Pokud jste v otroctv\u00ed, existuje spousta chatovac\u00edch m\u00edstnost\u00ed, kde m\u016f\u017eete prozkoumat sv\u00e9 z\u00e1jmy s podobn\u011b sm\u00fd\u0161lej\u00edc\u00edmi lidmi.<\/p>\n<p>M\u016f\u017eete naj\u00edt chatovac\u00ed m\u00edstnosti pro v\u0161echny druhy zlom\u016f a feti\u0161\u016f, tak\u017ee jste si jisti, \u017ee najdete ten, kter\u00fd je pro v\u00e1s ten prav\u00fd. Nezapome\u0148te b\u00fdt v bezpe\u010d\u00ed a uctiv\u00ed, kdy\u017e chatujete s n\u011bk\u00fdm nov\u00fdm. A kdo v\u00ed, mo\u017en\u00e1 najdete sv\u00e9ho dokonal\u00e9ho partnera v jedn\u00e9 z t\u011bchto chatovac\u00edch m\u00edstnost\u00ed. Bondage datov\u00e1n\u00ed se t\u00fdk\u00e1 praxe u\u017e\u00edv\u00e1n\u00ed si intimn\u00edch fyzick\u00fdch a emocion\u00e1ln\u00edch vztah\u016f s n\u011bk\u00fdm, kdo si u\u017e\u00edv\u00e1 omezen\u00ed sv\u00e9ho partnera. To m\u016f\u017ee zahrnovat pouta, lano, roub\u00edky, zav\u00e1zan\u00e9 o\u010di a dal\u0161\u00ed typy omezen\u00ed. M\u016f\u017ee to b\u00fdt z\u00e1bavn\u00fd a vzru\u0161uj\u00edc\u00ed zp\u016fsob, jak p\u0159idat trochu ko\u0159en\u00ed do va\u0161eho vztahu. Je v\u0161ak d\u016fle\u017eit\u00e9 b\u00fdt v bezpe\u010d\u00ed a konsensu\u00e1ln\u00ed, kdy\u017e se zapoj\u00edte do hry otroctv\u00ed.<\/p>\n<h2>BDSM p\u0159\u00edpojn\u00e9 str\u00e1nky<\/h2>\n<p>Na tuto ot\u00e1zku neexistuje \u017e\u00e1dn\u00e1 odpov\u011b\u010f &#8211; zku\u0161enosti ka\u017ed\u00e9ho budou jin\u00e9. Pokud v\u0161ak m\u00e1te z\u00e1jem o prozkoum\u00e1n\u00ed BDSM p\u0159ipojen\u00ed, existuje n\u011bkolik v\u011bc\u00ed, kter\u00e9 m\u016f\u017eete m\u00edt na pam\u011bti. Za prv\u00e9, je d\u016fle\u017eit\u00e9 m\u00edt jasno v tom, co hled\u00e1te a jak\u00e9 jsou va\u0161e hranice. Je tak\u00e9 dobr\u00e9 komunikovat se sv\u00fdm potenci\u00e1ln\u00edm partnerem p\u0159edem, abyste se ujistili, \u017ee jste na stejn\u00e9 str\u00e1nce. Jakmile najdete n\u011bkoho, s k\u00fdm jste kompatibiln\u00ed, je d\u016fle\u017eit\u00e9 d\u016fv\u011b\u0159ovat sv\u00fdm instinkt\u016fm a j\u00edt se sv\u00fdm st\u0159evem. Nakonec se nezapome\u0148te bavit a bavit se!<\/p>\n<h2>Feti\u0161 Seznamka<\/h2>\n<p>Feti\u0161 meet sites m\u016f\u017ee b\u00fdt skv\u011bl\u00fd zp\u016fsob, jak se lid\u00e9 se specifick\u00fdmi feti\u0161i mohou spojit s ostatn\u00edmi, kte\u0159\u00ed sd\u00edlej\u00ed jejich z\u00e1jmy. Tyto str\u00e1nky mohou lidem pomoci naj\u00edt partnery pro rand\u011bn\u00ed, vztahy nebo dokonce jen p\u0159\u00edle\u017eitostn\u00e1 setk\u00e1n\u00ed. Zat\u00edmco n\u011bkte\u0159\u00ed lid\u00e9 mohou pova\u017eovat feti\u0161e za podivn\u00e9 nebo divn\u00e9, nen\u00ed nic \u0161patn\u00e9ho na tom, \u017ee je m\u00e1te. Ka\u017ed\u00fd je jin\u00fd a nen\u00ed \u017e\u00e1dn\u00e1 hanba u\u017e\u00edvat si n\u011bco, co m\u016f\u017ee b\u00fdt pova\u017eov\u00e1no za tabu. Feti\u0161 meet sites mohou poskytnout bezpe\u010dn\u00e9 a p\u0159\u00edjemn\u00e9 prost\u0159ed\u00ed pro lidi, aby prozkoumali svou sexualitu a na\u0161li podobn\u011b sm\u00fd\u0161lej\u00edc\u00ed partnery.<\/p>\n<h3>Vyh\u0159\u00edvan\u00e9f\u00e1\u0159e<\/h3>\n<p>Heated Affairs je online seznamovac\u00ed aplikace, kter\u00e1 se star\u00e1 o lidi, kte\u0159\u00ed se zaj\u00edmaj\u00ed o bondage chatovac\u00ed m\u00edstnosti. Aplikace se snadno pou\u017e\u00edv\u00e1 a m\u00e1 mnoho funkc\u00ed, d\u00edky nim\u017e je skv\u011blou volbou pro lidi, kte\u0159\u00ed hledaj\u00ed zp\u016fsob, jak se spojit s ostatn\u00edmi, kte\u0159\u00ed sd\u00edlej\u00ed jejich z\u00e1jmy. Aplikace je zdarma ke sta\u017een\u00ed a pou\u017eit\u00ed a nab\u00edz\u00ed \u0161irokou \u0161k\u00e1lu funkc\u00ed, d\u00edky nim\u017e je skv\u011blou volbou pro lidi, kte\u0159\u00ed hledaj\u00ed zp\u016fsob, jak se spojit s ostatn\u00edmi, kte\u0159\u00ed sd\u00edlej\u00ed sv\u00e9 z\u00e1jmy.<\/p>\n<h3>Chat Avenue<\/h3>\n<p>Pokud hled\u00e1te chatovac\u00ed m\u00edstnost, kter\u00e1 je speci\u00e1ln\u011b navr\u017eena pro lidi, kte\u0159\u00ed se zaj\u00edmaj\u00ed o otroctv\u00ed, m\u011bli byste se pod\u00edvat na chatovac\u00ed m\u00edstnost Chat Avenue. Tato chatovac\u00ed m\u00edstnost je pln\u00e1 lid\u00ed, kte\u0159\u00ed cht\u011bj\u00ed prozkoumat svou v\u00fdst\u0159edn\u00ed str\u00e1nku, a je to skv\u011bl\u00e9 m\u00edsto, kde m\u016f\u017eete naj\u00edt n\u011bkoho, s k\u00fdm si m\u016f\u017eete popov\u00eddat o sv\u00fdch spole\u010dn\u00fdch z\u00e1jmech. Chatovac\u00ed m\u00edstnost je moderov\u00e1na, tak\u017ee se m\u016f\u017eete c\u00edtit bezpe\u010dn\u011b diskutovat o sv\u00fdch z\u00e1jmech s ostatn\u00edmi, a m\u016f\u017eete tak\u00e9 naj\u00edt lidi, s nimi\u017e m\u016f\u017eete chatovat, kte\u0159\u00ed sd\u00edlej\u00ed va\u0161e v\u00fdst\u0159edn\u00ed feti\u0161e.<\/p>\n<h3>BeNaughty<\/h3>\n<p>BeNaughty je seznamovac\u00ed aplikace, kter\u00e1 je speci\u00e1ln\u011b navr\u017eena pro lidi, kte\u0159\u00ed se zaj\u00edmaj\u00ed o bondage chatovac\u00ed m\u00edstnosti. Aplikace je velmi u\u017eivatelsky p\u0159\u00edv\u011btiv\u00e1 a usnad\u0148uje nalezen\u00ed lid\u00ed, kte\u0159\u00ed sd\u00edlej\u00ed va\u0161e z\u00e1jmy. Aplikace m\u00e1 tak\u00e9 mnoho funkc\u00ed, kter\u00e9 usnad\u0148uj\u00ed spojen\u00ed s ostatn\u00edmi u\u017eivateli. Celkov\u011b je BeNaughty skv\u011blou volbou pro lidi, kte\u0159\u00ed se zaj\u00edmaj\u00ed o bondage chatovac\u00ed m\u00edstnosti.<\/p>\n","protected":false},"excerpt":{"rendered":"<p>Na anonymit\u011b chatovac\u00ed m\u00edstnosti je n\u011bco, co opravdu p\u0159im\u011bje lidi mluvit o sv\u00fdch zlomech a feti\u0161\u00edch. Pokud jste v otroctv\u00ed, existuje spousta chatovac\u00edch m\u00edstnost\u00ed, kde m\u016f\u017eete prozkoumat sv\u00e9 z\u00e1jmy s podobn\u011b sm\u00fd\u0161lej\u00edc\u00edmi lidmi. M\u016f\u017eete naj\u00edt chatovac\u00ed m\u00edstnosti pro v\u0161echny druhy zlom\u016f a feti\u0161\u016f, tak\u017ee jste si jisti, \u017ee najdete ten, kter\u00fd je pro v\u00e1s ten &#8230; <a title=\"Bondage Seznamka\" class=\"read-more\" href=\"http:\/\/thehottieandthenottie.com\/cs\/bondage-seznamka\/\" aria-label=\"V\u00edce na Bondage Seznamka\">\u010c\u00edst d\u00e1l<\/a><\/p>\n","protected":false},"author":1,"featured_media":0,"parent":0,"menu_order":0,"comment_status":"closed","ping_status":"closed","template":"","meta":[],"yoast_head":"<!-- This site is optimized with the Yoast SEO plugin v17.7.1 - https:\/\/yoast.com\/wordpress\/plugins\/seo\/ -->\n<title>Bondage Seznamka - Hotties V okol\u00ed<\/title>\n<meta name=\"robots\" content=\"index, follow, max-snippet:-1, max-image-preview:large, max-video-preview:-1\" \/>\n<link rel=\"canonical\" href=\"http:\/\/thehottieandthenottie.com\/cs\/bondage-seznamka\/\" \/>\n<meta property=\"og:locale\" content=\"cs_CZ\" \/>\n<meta property=\"og:type\" content=\"article\" \/>\n<meta property=\"og:title\" content=\"Bondage Seznamka - Hotties V okol\u00ed\" \/>\n<meta property=\"og:description\" content=\"Na anonymit\u011b chatovac\u00ed m\u00edstnosti je n\u011bco, co opravdu p\u0159im\u011bje lidi mluvit o sv\u00fdch zlomech a feti\u0161\u00edch. Pokud jste v otroctv\u00ed, existuje spousta chatovac\u00edch m\u00edstnost\u00ed, kde m\u016f\u017eete prozkoumat sv\u00e9 z\u00e1jmy s podobn\u011b sm\u00fd\u0161lej\u00edc\u00edmi lidmi. M\u016f\u017eete naj\u00edt chatovac\u00ed m\u00edstnosti pro v\u0161echny druhy zlom\u016f a feti\u0161\u016f, tak\u017ee jste si jisti, \u017ee najdete ten, kter\u00fd je pro v\u00e1s ten ... \u010c\u00edst d\u00e1l\" \/>\n<meta property=\"og:url\" content=\"http:\/\/thehottieandthenottie.com\/cs\/bondage-seznamka\/\" \/>\n<meta property=\"og:site_name\" content=\"Hotties V okol\u00ed\" \/>\n<meta name=\"twitter:card\" content=\"summary_large_image\" \/>\n<meta name=\"twitter:label1\" content=\"Odhadovan\u00e1 doba \u010dten\u00ed\" \/>\n\t<meta name=\"twitter:data1\" content=\"4 minuty\" \/>\n<script type=\"application\/ld+json\" class=\"yoast-schema-graph\">{\"@context\":\"https:\/\/schema.org\",\"@graph\":[{\"@type\":\"WebSite\",\"@id\":\"https:\/\/thehottieandthenottie.com\/#website\",\"url\":\"https:\/\/thehottieandthenottie.com\/\",\"name\":\"Hotties V okol\\u00ed\",\"description\":\"Seznamte se se \\u017eenami ve va\\u0161em okol\\u00ed\",\"potentialAction\":[{\"@type\":\"SearchAction\",\"target\":{\"@type\":\"EntryPoint\",\"urlTemplate\":\"https:\/\/thehottieandthenottie.com\/?s={search_term_string}\"},\"query-input\":\"required name=search_term_string\"}],\"inLanguage\":\"cs\"},{\"@type\":\"WebPage\",\"@id\":\"http:\/\/thehottieandthenottie.com\/cs\/bondage-seznamka\/#webpage\",\"url\":\"http:\/\/thehottieandthenottie.com\/cs\/bondage-seznamka\/\",\"name\":\"Bondage Seznamka - Hotties V okol\\u00ed\",\"isPartOf\":{\"@id\":\"https:\/\/thehottieandthenottie.com\/#website\"},\"datePublished\":\"2022-09-30T11:55:30+00:00\",\"dateModified\":\"2022-09-30T11:55:30+00:00\",\"breadcrumb\":{\"@id\":\"http:\/\/thehottieandthenottie.com\/cs\/bondage-seznamka\/#breadcrumb\"},\"inLanguage\":\"cs\",\"potentialAction\":[{\"@type\":\"ReadAction\",\"target\":[\"http:\/\/thehottieandthenottie.com\/cs\/bondage-seznamka\/\"]}]},{\"@type\":\"BreadcrumbList\",\"@id\":\"http:\/\/thehottieandthenottie.com\/cs\/bondage-seznamka\/#breadcrumb\",\"itemListElement\":[{\"@type\":\"ListItem\",\"position\":1,\"name\":\"Home\",\"item\":\"https:\/\/thehottieandthenottie.com\/cs\/\"},{\"@type\":\"ListItem\",\"position\":2,\"name\":\"Bondage Seznamka\"}]}]}<\/script>\n<!-- \/ Yoast SEO plugin. -->","yoast_head_json":{"title":"Bondage Seznamka - Hotties V okol\u00ed","robots":{"index":"index","follow":"follow","max-snippet":"max-snippet:-1","max-image-preview":"max-image-preview:large","max-video-preview":"max-video-preview:-1"},"canonical":"http:\/\/thehottieandthenottie.com\/cs\/bondage-seznamka\/","og_locale":"cs_CZ","og_type":"article","og_title":"Bondage Seznamka - Hotties V okol\u00ed","og_description":"Na anonymit\u011b chatovac\u00ed m\u00edstnosti je n\u011bco, co opravdu p\u0159im\u011bje lidi mluvit o sv\u00fdch zlomech a feti\u0161\u00edch. Pokud jste v otroctv\u00ed, existuje spousta chatovac\u00edch m\u00edstnost\u00ed, kde m\u016f\u017eete prozkoumat sv\u00e9 z\u00e1jmy s podobn\u011b sm\u00fd\u0161lej\u00edc\u00edmi lidmi. M\u016f\u017eete naj\u00edt chatovac\u00ed m\u00edstnosti pro v\u0161echny druhy zlom\u016f a feti\u0161\u016f, tak\u017ee jste si jisti, \u017ee najdete ten, kter\u00fd je pro v\u00e1s ten ... \u010c\u00edst d\u00e1l","og_url":"http:\/\/thehottieandthenottie.com\/cs\/bondage-seznamka\/","og_site_name":"Hotties V okol\u00ed","twitter_card":"summary_large_image","twitter_misc":{"Odhadovan\u00e1 doba \u010dten\u00ed":"4 minuty"},"schema":{"@context":"https:\/\/schema.org","@graph":[{"@type":"WebSite","@id":"https:\/\/thehottieandthenottie.com\/#website","url":"https:\/\/thehottieandthenottie.com\/","name":"Hotties V okol\u00ed","description":"Seznamte se se \u017eenami ve va\u0161em okol\u00ed","potentialAction":[{"@type":"SearchAction","target":{"@type":"EntryPoint","urlTemplate":"https:\/\/thehottieandthenottie.com\/?s={search_term_string}"},"query-input":"required name=search_term_string"}],"inLanguage":"cs"},{"@type":"WebPage","@id":"http:\/\/thehottieandthenottie.com\/cs\/bondage-seznamka\/#webpage","url":"http:\/\/thehottieandthenottie.com\/cs\/bondage-seznamka\/","name":"Bondage Seznamka - Hotties V okol\u00ed","isPartOf":{"@id":"https:\/\/thehottieandthenottie.com\/#website"},"datePublished":"2022-09-30T11:55:30+00:00","dateModified":"2022-09-30T11:55:30+00:00","breadcrumb":{"@id":"http:\/\/thehottieandthenottie.com\/cs\/bondage-seznamka\/#breadcrumb"},"inLanguage":"cs","potentialAction":[{"@type":"ReadAction","target":["http:\/\/thehottieandthenottie.com\/cs\/bondage-seznamka\/"]}]},{"@type":"BreadcrumbList","@id":"http:\/\/thehottieandthenottie.com\/cs\/bondage-seznamka\/#breadcrumb","itemListElement":[{"@type":"ListItem","position":1,"name":"Home","item":"https:\/\/thehottieandthenottie.com\/cs\/"},{"@type":"ListItem","position":2,"name":"Bondage Seznamka"}]}]}},"_links":{"self":[{"href":"http:\/\/thehottieandthenottie.com\/cs\/wp-json\/wp\/v2\/pages\/592"}],"collection":[{"href":"http:\/\/thehottieandthenottie.com\/cs\/wp-json\/wp\/v2\/pages"}],"about":[{"href":"http:\/\/thehottieandthenottie.com\/cs\/wp-json\/wp\/v2\/types\/page"}],"author":[{"embeddable":true,"href":"http:\/\/thehottieandthenottie.com\/cs\/wp-json\/wp\/v2\/users\/1"}],"replies":[{"embeddable":true,"href":"http:\/\/thehottieandthenottie.com\/cs\/wp-json\/wp\/v2\/comments?post=592"}],"version-history":[{"count":0,"href":"http:\/\/thehottieandthenottie.com\/cs\/wp-json\/wp\/v2\/pages\/592\/revisions"}],"wp:attachment":[{"href":"http:\/\/thehottieandthenottie.com\/cs\/wp-json\/wp\/v2\/media?parent=592"}],"curies":[{"name":"wp","href":"https:\/\/api.w.org\/{rel}","templated":true}]}}