{"id":614,"date":"2022-09-30T12:55:07","date_gmt":"2022-09-30T11:55:07","guid":{"rendered":"http:\/\/thehottieandthenottie.com\/nsa-seznamka\/"},"modified":"2022-09-30T12:55:07","modified_gmt":"2022-09-30T11:55:07","slug":"nsa-seznamka","status":"publish","type":"page","link":"http:\/\/thehottieandthenottie.com\/cs\/nsa-seznamka\/","title":{"rendered":"NSA Seznamka"},"content":{"rendered":"<p>Existuje n\u011bkolik zp\u016fsob\u016f, jak naj\u00edt jeden no\u010dn\u00ed stolek ve va\u0161em okol\u00ed. Nejjednodu\u0161\u0161\u00ed zp\u016fsob je pou\u017e\u00edt seznamovac\u00ed aplikaci, jako je Tinder nebo Bumble. M\u016f\u017eete tak\u00e9 zkusit j\u00edt do baru nebo klubu a zjistit, zda existuj\u00ed n\u011bjac\u00ed jednotliv\u00ed lid\u00e9, kte\u0159\u00ed se zdaj\u00ed m\u00edt z\u00e1jem o p\u0159ipojen\u00ed. Pokud nem\u00e1te \u0161t\u011bst\u00ed naj\u00edt n\u011bkoho, kdo m\u00e1 z\u00e1jem o jednu noc, m\u016f\u017eete v\u017edy zkusit zve\u0159ejnit osobn\u00ed reklamu na Craigslist nebo podobn\u00e9 webov\u00e9 str\u00e1nce. Jen se ujist\u011bte, \u017ee m\u00e1te jasno v tom, co hled\u00e1te, a bu\u010fte v bezpe\u010d\u00ed p\u0159i setk\u00e1n\u00ed s ciz\u00edmi lidmi.<\/p>\n<p>Existuje mnoho webov\u00fdch str\u00e1nek, kter\u00e9 v\u00e1m pomohou naj\u00edt jednu noc. Jedin\u00e9, co mus\u00edte ud\u011blat, je zadat to, co hled\u00e1te, a va\u0161i polohu a budete moci naj\u00edt seznam potenci\u00e1ln\u00edch shod. Pak jim m\u016f\u017eete poslat zpr\u00e1vu a domluvit se na setk\u00e1n\u00ed. Jen se ujist\u011bte, \u017ee jste v bezpe\u010d\u00ed a pou\u017e\u00edvejte kondom!<\/p>\n<h2>NSA Seznamovac\u00ed webov\u00e9 str\u00e1nky<\/h2>\n<p>Nelze pop\u0159\u00edt, \u017ee rand\u011bn\u00ed s NSA m\u016f\u017ee b\u00fdt skv\u011bl\u00fd zp\u016fsob, jak naj\u00edt l\u00e1sku. Koneckonc\u016f, co by mohlo b\u00fdt romanti\u010dt\u011bj\u0161\u00ed ne\u017e setk\u00e1n\u00ed s n\u011bk\u00fdm bez jak\u00fdchkoli o\u010dek\u00e1v\u00e1n\u00ed nebo podm\u00ednek? Je v\u0161ak d\u016fle\u017eit\u00e9 m\u00edt na pam\u011bti, \u017ee seznamov\u00e1n\u00ed NSA nen\u00ed pro ka\u017ed\u00e9ho. Pokud hled\u00e1te n\u011bco v\u00e1\u017en\u00e9ho, pak tento typ datov\u00e1n\u00ed pravd\u011bpodobn\u011b nen\u00ed pro v\u00e1s. Ale pokud jen hled\u00e1te n\u011bjakou z\u00e1bavu a vzru\u0161en\u00ed, pak by NSA datov\u00e1n\u00ed mohlo b\u00fdt dokonal\u00fdm zp\u016fsobem, jak to naj\u00edt.<\/p>\n<h2>One Night Stand Seznamka<\/h2>\n<p>Na sexu na jednu noc je n\u011bco osvobozuj\u00edc\u00edho. \u017d\u00e1dn\u00e9 vazby, \u017e\u00e1dn\u00e1 o\u010dek\u00e1v\u00e1n\u00ed &#8211; jen dva lid\u00e9, kte\u0159\u00ed si na noc u\u017e\u00edvaj\u00ed spole\u010dnost toho druh\u00e9ho. A pokud hled\u00e1te m\u00edsto, kter\u00e9 v\u00e1m pom\u016f\u017ee naj\u00edt sex na jednu noc, pak nehledejte nic jin\u00e9ho ne\u017e One Night Stand Site. One Night Stand Site je ide\u00e1ln\u00edm m\u00edstem, kde m\u016f\u017eete naj\u00edt n\u011bkoho pro p\u0159ipojen\u00ed bez z\u00e1vazk\u016f. A\u0165 u\u017e hled\u00e1te jen n\u011bjakou p\u0159\u00edle\u017eitostnou z\u00e1bavu, nebo skute\u010dn\u011b douf\u00e1te, \u017ee najdete sv\u00e9ho dal\u0161\u00edho dlouhodob\u00e9ho partnera, One Night Stand Site v\u00e1m pom\u016f\u017ee naj\u00edt to, co hled\u00e1te.<\/p>\n<p>V\u0161e, co mus\u00edte ud\u011blat, je zaregistrovat se, vytvo\u0159it profil a za\u010d\u00edt proch\u00e1zet profily ostatn\u00edch \u010dlen\u016f. Kdy\u017e najdete n\u011bkoho, o koho m\u00e1te z\u00e1jem, po\u0161lete mu zpr\u00e1vu a uvid\u00edte, kam se v\u011bci odtamtud vyvinou. Tak\u017ee pokud jste p\u0159ipraveni pobavit se a za\u017e\u00edt vzru\u0161en\u00ed z jedn\u00e9 noci, zaregistrujte se na One Night Stand Site je\u0161t\u011b dnes!<\/p>\n<h3>FriendFinder-X<\/h3>\n<p>Pokud hled\u00e1te sex na jednu noc, FriendFinder-X je seznamovac\u00ed aplikace, kter\u00e1 v\u00e1m pom\u016f\u017ee naj\u00edt m\u00edstn\u00ed p\u0159ipojen\u00ed. Aplikace je zdarma ke sta\u017een\u00ed a pou\u017eit\u00ed a je k dispozici pro iOS i Android. FriendFinder-X se snadno pou\u017e\u00edv\u00e1 a registrace trv\u00e1 jen n\u011bkolik minut. Jakmile se zaregistrujete, m\u016f\u017eete za\u010d\u00edt proch\u00e1zet m\u00edstn\u00ed singly a pos\u00edlat jim zpr\u00e1vy. Aplikace m\u00e1 tak\u00e9 funkci &#8222;hot or not&#8220;, kter\u00e1 v\u00e1m umo\u017en\u00ed hodnotit ostatn\u00ed u\u017eivatele. Pokud hled\u00e1te sex na jednu noc, FriendFinder-X je skv\u011bl\u00e1 volba.<\/p>\n<h3>Rubmapy<\/h3>\n<p>Rubmaps je seznamovac\u00ed aplikace, kter\u00e1 v\u00e1m umo\u017en\u00ed naj\u00edt potenci\u00e1ln\u00ed partnery na jednu noc ve va\u0161em okol\u00ed. Aplikace je zdarma ke sta\u017een\u00ed a pou\u017eit\u00ed a nab\u00edz\u00ed \u0159adu funkc\u00ed, kter\u00e9 v\u00e1m pomohou naj\u00edt shodu. Potenci\u00e1ln\u00ed partnery m\u016f\u017eete vyhled\u00e1vat podle lokality, v\u011bku a z\u00e1jm\u016f a m\u016f\u017eete jim poslat p\u0159\u00edmo zpr\u00e1vu. Aplikace tak\u00e9 obsahuje vestav\u011bnou funkci chatu, tak\u017ee se m\u016f\u017eete sezn\u00e1mit se sv\u00fdm potenci\u00e1ln\u00edm partnerem p\u0159ed sch\u016fzkou. Celkov\u011b je Rubmaps skv\u011blou volbou pro nalezen\u00ed jednoho no\u010dn\u00edho stolku ve va\u0161em okol\u00ed.<\/p>\n<h3>Soulo\u017eit<\/h3>\n<p>Pokud hled\u00e1te sex na jednu noc, pak Shag m\u016f\u017ee b\u00fdt seznamovac\u00ed aplikace pro v\u00e1s. Je rychl\u00fd, snadno pou\u017eiteln\u00fd a m\u016f\u017eete filtrovat sv\u00e9 shody podle m\u00edsta, v\u011bku a rodinn\u00e9ho stavu. Aplikace je v\u0161ak k dispozici pouze ve Velk\u00e9 Brit\u00e1nii a Irsku, tak\u017ee pokud nejste v jedn\u00e9 z t\u011bchto zem\u00ed, budete m\u00edt sm\u016flu.<\/p>\n","protected":false},"excerpt":{"rendered":"<p>Existuje n\u011bkolik zp\u016fsob\u016f, jak naj\u00edt jeden no\u010dn\u00ed stolek ve va\u0161em okol\u00ed. Nejjednodu\u0161\u0161\u00ed zp\u016fsob je pou\u017e\u00edt seznamovac\u00ed aplikaci, jako je Tinder nebo Bumble. M\u016f\u017eete tak\u00e9 zkusit j\u00edt do baru nebo klubu a zjistit, zda existuj\u00ed n\u011bjac\u00ed jednotliv\u00ed lid\u00e9, kte\u0159\u00ed se zdaj\u00ed m\u00edt z\u00e1jem o p\u0159ipojen\u00ed. Pokud nem\u00e1te \u0161t\u011bst\u00ed naj\u00edt n\u011bkoho, kdo m\u00e1 z\u00e1jem o jednu noc, &#8230; <a title=\"NSA Seznamka\" class=\"read-more\" href=\"http:\/\/thehottieandthenottie.com\/cs\/nsa-seznamka\/\" aria-label=\"V\u00edce na NSA Seznamka\">\u010c\u00edst d\u00e1l<\/a><\/p>\n","protected":false},"author":1,"featured_media":0,"parent":0,"menu_order":0,"comment_status":"closed","ping_status":"closed","template":"","meta":[],"yoast_head":"<!-- This site is optimized with the Yoast SEO plugin v17.7.1 - https:\/\/yoast.com\/wordpress\/plugins\/seo\/ -->\n<title>NSA Seznamka - Hotties V okol\u00ed<\/title>\n<meta name=\"robots\" content=\"index, follow, max-snippet:-1, max-image-preview:large, max-video-preview:-1\" \/>\n<link rel=\"canonical\" href=\"http:\/\/thehottieandthenottie.com\/cs\/nsa-seznamka\/\" \/>\n<meta property=\"og:locale\" content=\"cs_CZ\" \/>\n<meta property=\"og:type\" content=\"article\" \/>\n<meta property=\"og:title\" content=\"NSA Seznamka - Hotties V okol\u00ed\" \/>\n<meta property=\"og:description\" content=\"Existuje n\u011bkolik zp\u016fsob\u016f, jak naj\u00edt jeden no\u010dn\u00ed stolek ve va\u0161em okol\u00ed. Nejjednodu\u0161\u0161\u00ed zp\u016fsob je pou\u017e\u00edt seznamovac\u00ed aplikaci, jako je Tinder nebo Bumble. M\u016f\u017eete tak\u00e9 zkusit j\u00edt do baru nebo klubu a zjistit, zda existuj\u00ed n\u011bjac\u00ed jednotliv\u00ed lid\u00e9, kte\u0159\u00ed se zdaj\u00ed m\u00edt z\u00e1jem o p\u0159ipojen\u00ed. Pokud nem\u00e1te \u0161t\u011bst\u00ed naj\u00edt n\u011bkoho, kdo m\u00e1 z\u00e1jem o jednu noc, ... \u010c\u00edst d\u00e1l\" \/>\n<meta property=\"og:url\" content=\"http:\/\/thehottieandthenottie.com\/cs\/nsa-seznamka\/\" \/>\n<meta property=\"og:site_name\" content=\"Hotties V okol\u00ed\" \/>\n<meta name=\"twitter:card\" content=\"summary_large_image\" \/>\n<meta name=\"twitter:label1\" content=\"Odhadovan\u00e1 doba \u010dten\u00ed\" \/>\n\t<meta name=\"twitter:data1\" content=\"4 minuty\" \/>\n<script type=\"application\/ld+json\" class=\"yoast-schema-graph\">{\"@context\":\"https:\/\/schema.org\",\"@graph\":[{\"@type\":\"WebSite\",\"@id\":\"https:\/\/thehottieandthenottie.com\/#website\",\"url\":\"https:\/\/thehottieandthenottie.com\/\",\"name\":\"Hotties V okol\\u00ed\",\"description\":\"Seznamte se se \\u017eenami ve va\\u0161em okol\\u00ed\",\"potentialAction\":[{\"@type\":\"SearchAction\",\"target\":{\"@type\":\"EntryPoint\",\"urlTemplate\":\"https:\/\/thehottieandthenottie.com\/?s={search_term_string}\"},\"query-input\":\"required name=search_term_string\"}],\"inLanguage\":\"cs\"},{\"@type\":\"WebPage\",\"@id\":\"http:\/\/thehottieandthenottie.com\/cs\/nsa-seznamka\/#webpage\",\"url\":\"http:\/\/thehottieandthenottie.com\/cs\/nsa-seznamka\/\",\"name\":\"NSA Seznamka - Hotties V okol\\u00ed\",\"isPartOf\":{\"@id\":\"https:\/\/thehottieandthenottie.com\/#website\"},\"datePublished\":\"2022-09-30T11:55:07+00:00\",\"dateModified\":\"2022-09-30T11:55:07+00:00\",\"breadcrumb\":{\"@id\":\"http:\/\/thehottieandthenottie.com\/cs\/nsa-seznamka\/#breadcrumb\"},\"inLanguage\":\"cs\",\"potentialAction\":[{\"@type\":\"ReadAction\",\"target\":[\"http:\/\/thehottieandthenottie.com\/cs\/nsa-seznamka\/\"]}]},{\"@type\":\"BreadcrumbList\",\"@id\":\"http:\/\/thehottieandthenottie.com\/cs\/nsa-seznamka\/#breadcrumb\",\"itemListElement\":[{\"@type\":\"ListItem\",\"position\":1,\"name\":\"Home\",\"item\":\"https:\/\/thehottieandthenottie.com\/cs\/\"},{\"@type\":\"ListItem\",\"position\":2,\"name\":\"NSA Seznamka\"}]}]}<\/script>\n<!-- \/ Yoast SEO plugin. -->","yoast_head_json":{"title":"NSA Seznamka - Hotties V okol\u00ed","robots":{"index":"index","follow":"follow","max-snippet":"max-snippet:-1","max-image-preview":"max-image-preview:large","max-video-preview":"max-video-preview:-1"},"canonical":"http:\/\/thehottieandthenottie.com\/cs\/nsa-seznamka\/","og_locale":"cs_CZ","og_type":"article","og_title":"NSA Seznamka - Hotties V okol\u00ed","og_description":"Existuje n\u011bkolik zp\u016fsob\u016f, jak naj\u00edt jeden no\u010dn\u00ed stolek ve va\u0161em okol\u00ed. Nejjednodu\u0161\u0161\u00ed zp\u016fsob je pou\u017e\u00edt seznamovac\u00ed aplikaci, jako je Tinder nebo Bumble. M\u016f\u017eete tak\u00e9 zkusit j\u00edt do baru nebo klubu a zjistit, zda existuj\u00ed n\u011bjac\u00ed jednotliv\u00ed lid\u00e9, kte\u0159\u00ed se zdaj\u00ed m\u00edt z\u00e1jem o p\u0159ipojen\u00ed. Pokud nem\u00e1te \u0161t\u011bst\u00ed naj\u00edt n\u011bkoho, kdo m\u00e1 z\u00e1jem o jednu noc, ... \u010c\u00edst d\u00e1l","og_url":"http:\/\/thehottieandthenottie.com\/cs\/nsa-seznamka\/","og_site_name":"Hotties V okol\u00ed","twitter_card":"summary_large_image","twitter_misc":{"Odhadovan\u00e1 doba \u010dten\u00ed":"4 minuty"},"schema":{"@context":"https:\/\/schema.org","@graph":[{"@type":"WebSite","@id":"https:\/\/thehottieandthenottie.com\/#website","url":"https:\/\/thehottieandthenottie.com\/","name":"Hotties V okol\u00ed","description":"Seznamte se se \u017eenami ve va\u0161em okol\u00ed","potentialAction":[{"@type":"SearchAction","target":{"@type":"EntryPoint","urlTemplate":"https:\/\/thehottieandthenottie.com\/?s={search_term_string}"},"query-input":"required name=search_term_string"}],"inLanguage":"cs"},{"@type":"WebPage","@id":"http:\/\/thehottieandthenottie.com\/cs\/nsa-seznamka\/#webpage","url":"http:\/\/thehottieandthenottie.com\/cs\/nsa-seznamka\/","name":"NSA Seznamka - Hotties V okol\u00ed","isPartOf":{"@id":"https:\/\/thehottieandthenottie.com\/#website"},"datePublished":"2022-09-30T11:55:07+00:00","dateModified":"2022-09-30T11:55:07+00:00","breadcrumb":{"@id":"http:\/\/thehottieandthenottie.com\/cs\/nsa-seznamka\/#breadcrumb"},"inLanguage":"cs","potentialAction":[{"@type":"ReadAction","target":["http:\/\/thehottieandthenottie.com\/cs\/nsa-seznamka\/"]}]},{"@type":"BreadcrumbList","@id":"http:\/\/thehottieandthenottie.com\/cs\/nsa-seznamka\/#breadcrumb","itemListElement":[{"@type":"ListItem","position":1,"name":"Home","item":"https:\/\/thehottieandthenottie.com\/cs\/"},{"@type":"ListItem","position":2,"name":"NSA Seznamka"}]}]}},"_links":{"self":[{"href":"http:\/\/thehottieandthenottie.com\/cs\/wp-json\/wp\/v2\/pages\/614"}],"collection":[{"href":"http:\/\/thehottieandthenottie.com\/cs\/wp-json\/wp\/v2\/pages"}],"about":[{"href":"http:\/\/thehottieandthenottie.com\/cs\/wp-json\/wp\/v2\/types\/page"}],"author":[{"embeddable":true,"href":"http:\/\/thehottieandthenottie.com\/cs\/wp-json\/wp\/v2\/users\/1"}],"replies":[{"embeddable":true,"href":"http:\/\/thehottieandthenottie.com\/cs\/wp-json\/wp\/v2\/comments?post=614"}],"version-history":[{"count":0,"href":"http:\/\/thehottieandthenottie.com\/cs\/wp-json\/wp\/v2\/pages\/614\/revisions"}],"wp:attachment":[{"href":"http:\/\/thehottieandthenottie.com\/cs\/wp-json\/wp\/v2\/media?parent=614"}],"curies":[{"name":"wp","href":"https:\/\/api.w.org\/{rel}","templated":true}]}}