{"id":637,"date":"2022-09-30T12:54:32","date_gmt":"2022-09-30T11:54:32","guid":{"rendered":"http:\/\/thehottieandthenottie.com\/sex-hookup-stranky\/"},"modified":"2022-09-30T12:54:32","modified_gmt":"2022-09-30T11:54:32","slug":"sex-hookup-stranky","status":"publish","type":"page","link":"http:\/\/thehottieandthenottie.com\/cs\/sex-hookup-stranky\/","title":{"rendered":"Sex Hookup str\u00e1nky"},"content":{"rendered":"<p>Existuje mnoho bezplatn\u00fdch str\u00e1nek pro zas\u00edl\u00e1n\u00ed sexu\u00e1ln\u00edch zpr\u00e1v, ale ne v\u0161echny z nich stoj\u00ed za to pou\u017e\u00edt. Pokud hled\u00e1te web, kter\u00fd v\u00e1m pom\u016f\u017ee spojit se s n\u011bk\u00fdm, chcete se ujistit, \u017ee m\u00e1 dobrou pov\u011bst a \u017ee je snadno pou\u017eiteln\u00fd. Chcete se tak\u00e9 ujistit, \u017ee web m\u00e1 mnoho \u010dlen\u016f, abyste s v\u011bt\u0161\u00ed pravd\u011bpodobnost\u00ed na\u0161li n\u011bkoho, kdo je s v\u00e1mi kompatibiln\u00ed.<\/p>\n<h2>Zdarma Sex Hookup<\/h2>\n<p>Existuje mnoho myln\u00fdch p\u0159edstav o bezplatn\u00e9m sexu\u00e1ln\u00edm datov\u00e1n\u00ed. Mnoho lid\u00ed si mysl\u00ed, \u017ee je to v\u0161echno o nalezen\u00ed n\u011bkoho, s k\u00fdm by m\u011bli sex, ani\u017e by se k nim museli emocion\u00e1ln\u011b nebo finan\u010dn\u011b zav\u00e1zat. Ale to nen\u00ed opravdu to, o \u010dem je bezplatn\u00e9 sexu\u00e1ln\u00ed datov\u00e1n\u00ed. Voln\u00e9 sexu\u00e1ln\u00ed rand\u011bn\u00ed je o nalezen\u00ed n\u011bkoho, kdo v\u00e1s fyzicky a emocion\u00e1ln\u011b p\u0159itahuje a kdo je tak\u00e9 p\u0159itahov\u00e1n k v\u00e1m. Je to o sexu s n\u011bk\u00fdm, ani\u017e byste se museli starat o d\u016fsledky, kter\u00e9 p\u0159ich\u00e1zej\u00ed s tradi\u010dn\u00edm vztahem. Samoz\u0159ejm\u011b existuj\u00ed ur\u010dit\u00e1 rizika spojen\u00e1 s voln\u00fdm sexu\u00e1ln\u00edm datov\u00e1n\u00edm. Mohli byste skon\u010dit emocion\u00e1ln\u011b p\u0159ipoutan\u00ed k n\u011bkomu, s k\u00fdm nejste opravdu kompatibiln\u00ed. A v\u017edy existuje mo\u017enost, \u017ee byste mohli chytit STD. Ale pokud jste ochotni podstoupit tato rizika, bezplatn\u00e9 sexu\u00e1ln\u00ed datov\u00e1n\u00ed m\u016f\u017ee b\u00fdt spousta legrace. M\u016f\u017ee to b\u00fdt skv\u011bl\u00fd zp\u016fsob, jak prozkoumat svou sexualitu a zjistit, co opravdu hled\u00e1te v partnerovi.<\/p>\n<p>Nen\u00ed nic lep\u0161\u00edho, ne\u017e naj\u00edt l\u00e1sku, a pokud hled\u00e1te sex zdarma, pak byste se m\u011bli ur\u010dit\u011b pod\u00edvat na Free Sex Meet Up. Tato webov\u00e1 str\u00e1nka je ide\u00e1ln\u00ed pro lidi, kte\u0159\u00ed hledaj\u00ed sex bez z\u00e1vazk\u016f, a m\u016f\u017eete naj\u00edt lidi ve va\u0161\u00ed oblasti, kte\u0159\u00ed hledaj\u00ed stejnou v\u011bc. V\u0161e, co mus\u00edte ud\u011blat, je vytvo\u0159it profil a za\u010d\u00edt hledat lidi, kte\u0159\u00ed hledaj\u00ed sex zdarma. M\u016f\u017eete tak\u00e9 pou\u017e\u00edt webov\u00e9 str\u00e1nky k nalezen\u00ed lid\u00ed, kte\u0159\u00ed hledaj\u00ed vztah, a m\u016f\u017eete dokonce naj\u00edt lidi, kte\u0159\u00ed hledaj\u00ed n\u011bco neform\u00e1ln\u011bj\u0161\u00edho. A\u0165 u\u017e hled\u00e1te cokoli, najdete to na Free Sex Meet Up.<\/p>\n<h2>Zdarma Sex Chat<\/h2>\n<p>Existuje spousta lid\u00ed, kte\u0159\u00ed jsou do voln\u00e9ho sexu textov\u00e9 zpr\u00e1vy. To je m\u00edsto, kde m\u016f\u017eete n\u011bkomu poslat text zdarma a on v\u00e1m na opl\u00e1tku po\u0161le sexu\u00e1ln\u011b explicitn\u00ed zpr\u00e1vy. To m\u016f\u017ee b\u00fdt skv\u011bl\u00fd zp\u016fsob, jak n\u011bkoho poznat sexu\u00e1ln\u011b, ani\u017e byste se s n\u00edm museli osobn\u011b setkat. M\u016f\u017ee to b\u00fdt tak\u00e9 skv\u011bl\u00fd zp\u016fsob, jak z\u00edskat n\u011bjak\u00e9 sexu\u00e1ln\u00ed nap\u011bt\u00ed, ne\u017e se skute\u010dn\u011b setk\u00e1te s n\u011bk\u00fdm osobn\u011b.<\/p>\n<h3>SwingLifestyle<\/h3>\n<p>SwingLifestyle je bezplatn\u00fd web pro zas\u00edl\u00e1n\u00ed sexu\u00e1ln\u00edch zpr\u00e1v, kter\u00fd v\u00e1m umo\u017en\u00ed spojit se s podobn\u011b sm\u00fd\u0161lej\u00edc\u00edmi lidmi pro p\u0159\u00edle\u017eitostn\u00e1 setk\u00e1n\u00ed nebo v\u00edce. M\u00edsto je ji\u017e n\u011bjakou dobu a m\u00e1 dobrou pov\u011bst jako bezpe\u010dn\u00e9 m\u00edsto pro spojen\u00ed s lidmi. Aplikace se snadno pou\u017e\u00edv\u00e1 a m\u00e1 mnoho funkc\u00ed, d\u00edky nim\u017e je skv\u011blou volbou pro lidi, kte\u0159\u00ed hledaj\u00ed bezplatn\u00fd web pro sexu\u00e1ln\u00ed zpr\u00e1vy. Jedinou nev\u00fdhodou je, \u017ee web nen\u00ed tak popul\u00e1rn\u00ed jako n\u011bkter\u00e9 jin\u00e9 bezplatn\u00e9 str\u00e1nky pro sexu\u00e1ln\u00ed zpr\u00e1vy.<\/p>\n<h3>XPickup<\/h3>\n<p>Pokud hled\u00e1te bezplatn\u00fd web pro zas\u00edl\u00e1n\u00ed sexu\u00e1ln\u00edch zpr\u00e1v, XPickup je skv\u011bl\u00e1 volba. Aplikace se snadno pou\u017e\u00edv\u00e1 a m\u00e1 mnoho funkc\u00ed, d\u00edky nim\u017e je skv\u011blou volbou pro ka\u017ed\u00e9ho, kdo hled\u00e1 p\u0159\u00edle\u017eitostn\u00e9 p\u0159ipojen\u00ed. Funkce vyhled\u00e1v\u00e1n\u00ed je obzvl\u00e1\u0161t\u011b u\u017eite\u010dn\u00e1, proto\u017ee v\u00e1m umo\u017e\u0148uje naj\u00edt lidi ve va\u0161\u00ed oblasti, kte\u0159\u00ed hledaj\u00ed stejnou v\u011bc jako vy. Aplikace m\u00e1 tak\u00e9 skv\u011bl\u00fd syst\u00e9m zas\u00edl\u00e1n\u00ed zpr\u00e1v, kter\u00fd usnad\u0148uje udr\u017eov\u00e1n\u00ed kontaktu s potenci\u00e1ln\u00edmi p\u0159ipojen\u00edmi. Celkov\u011b je XPickup skv\u011blou volbou pro ka\u017ed\u00e9ho, kdo hled\u00e1 p\u0159\u00edle\u017eitostn\u00e9 p\u0159ipojen\u00ed.<\/p>\n<h3>Alt.com<\/h3>\n<p>Alt.com je bezplatn\u00fd web pro zas\u00edl\u00e1n\u00ed sexu\u00e1ln\u00edch zpr\u00e1v, kter\u00fd v\u00e1m umo\u017en\u00ed odes\u00edlat a p\u0159ij\u00edmat zpr\u00e1vy s ostatn\u00edmi \u010dleny. Str\u00e1nka m\u00e1 velkou \u010dlenskou z\u00e1kladnu a snadno se pou\u017e\u00edv\u00e1. Web v\u0161ak nem\u00e1 mnoho funkc\u00ed a nen\u00ed p\u0159\u00edli\u0161 u\u017eivatelsky p\u0159\u00edv\u011btiv\u00fd.<\/p>\n","protected":false},"excerpt":{"rendered":"<p>Existuje mnoho bezplatn\u00fdch str\u00e1nek pro zas\u00edl\u00e1n\u00ed sexu\u00e1ln\u00edch zpr\u00e1v, ale ne v\u0161echny z nich stoj\u00ed za to pou\u017e\u00edt. Pokud hled\u00e1te web, kter\u00fd v\u00e1m pom\u016f\u017ee spojit se s n\u011bk\u00fdm, chcete se ujistit, \u017ee m\u00e1 dobrou pov\u011bst a \u017ee je snadno pou\u017eiteln\u00fd. Chcete se tak\u00e9 ujistit, \u017ee web m\u00e1 mnoho \u010dlen\u016f, abyste s v\u011bt\u0161\u00ed pravd\u011bpodobnost\u00ed na\u0161li n\u011bkoho, kdo &#8230; <a title=\"Sex Hookup str\u00e1nky\" class=\"read-more\" href=\"http:\/\/thehottieandthenottie.com\/cs\/sex-hookup-stranky\/\" aria-label=\"V\u00edce na Sex Hookup str\u00e1nky\">\u010c\u00edst d\u00e1l<\/a><\/p>\n","protected":false},"author":1,"featured_media":0,"parent":0,"menu_order":0,"comment_status":"closed","ping_status":"closed","template":"","meta":[],"yoast_head":"<!-- This site is optimized with the Yoast SEO plugin v17.7.1 - https:\/\/yoast.com\/wordpress\/plugins\/seo\/ -->\n<title>Sex Hookup str\u00e1nky - Hotties V okol\u00ed<\/title>\n<meta name=\"robots\" content=\"index, follow, max-snippet:-1, max-image-preview:large, max-video-preview:-1\" \/>\n<link rel=\"canonical\" href=\"http:\/\/thehottieandthenottie.com\/cs\/sex-hookup-stranky\/\" \/>\n<meta property=\"og:locale\" content=\"cs_CZ\" \/>\n<meta property=\"og:type\" content=\"article\" \/>\n<meta property=\"og:title\" content=\"Sex Hookup str\u00e1nky - Hotties V okol\u00ed\" \/>\n<meta property=\"og:description\" content=\"Existuje mnoho bezplatn\u00fdch str\u00e1nek pro zas\u00edl\u00e1n\u00ed sexu\u00e1ln\u00edch zpr\u00e1v, ale ne v\u0161echny z nich stoj\u00ed za to pou\u017e\u00edt. Pokud hled\u00e1te web, kter\u00fd v\u00e1m pom\u016f\u017ee spojit se s n\u011bk\u00fdm, chcete se ujistit, \u017ee m\u00e1 dobrou pov\u011bst a \u017ee je snadno pou\u017eiteln\u00fd. Chcete se tak\u00e9 ujistit, \u017ee web m\u00e1 mnoho \u010dlen\u016f, abyste s v\u011bt\u0161\u00ed pravd\u011bpodobnost\u00ed na\u0161li n\u011bkoho, kdo ... \u010c\u00edst d\u00e1l\" \/>\n<meta property=\"og:url\" content=\"http:\/\/thehottieandthenottie.com\/cs\/sex-hookup-stranky\/\" \/>\n<meta property=\"og:site_name\" content=\"Hotties V okol\u00ed\" \/>\n<meta name=\"twitter:card\" content=\"summary_large_image\" \/>\n<meta name=\"twitter:label1\" content=\"Odhadovan\u00e1 doba \u010dten\u00ed\" \/>\n\t<meta name=\"twitter:data1\" content=\"4 minuty\" \/>\n<script type=\"application\/ld+json\" class=\"yoast-schema-graph\">{\"@context\":\"https:\/\/schema.org\",\"@graph\":[{\"@type\":\"WebSite\",\"@id\":\"https:\/\/thehottieandthenottie.com\/#website\",\"url\":\"https:\/\/thehottieandthenottie.com\/\",\"name\":\"Hotties V okol\\u00ed\",\"description\":\"Seznamte se se \\u017eenami ve va\\u0161em okol\\u00ed\",\"potentialAction\":[{\"@type\":\"SearchAction\",\"target\":{\"@type\":\"EntryPoint\",\"urlTemplate\":\"https:\/\/thehottieandthenottie.com\/?s={search_term_string}\"},\"query-input\":\"required name=search_term_string\"}],\"inLanguage\":\"cs\"},{\"@type\":\"WebPage\",\"@id\":\"http:\/\/thehottieandthenottie.com\/cs\/sex-hookup-stranky\/#webpage\",\"url\":\"http:\/\/thehottieandthenottie.com\/cs\/sex-hookup-stranky\/\",\"name\":\"Sex Hookup str\\u00e1nky - Hotties V okol\\u00ed\",\"isPartOf\":{\"@id\":\"https:\/\/thehottieandthenottie.com\/#website\"},\"datePublished\":\"2022-09-30T11:54:32+00:00\",\"dateModified\":\"2022-09-30T11:54:32+00:00\",\"breadcrumb\":{\"@id\":\"http:\/\/thehottieandthenottie.com\/cs\/sex-hookup-stranky\/#breadcrumb\"},\"inLanguage\":\"cs\",\"potentialAction\":[{\"@type\":\"ReadAction\",\"target\":[\"http:\/\/thehottieandthenottie.com\/cs\/sex-hookup-stranky\/\"]}]},{\"@type\":\"BreadcrumbList\",\"@id\":\"http:\/\/thehottieandthenottie.com\/cs\/sex-hookup-stranky\/#breadcrumb\",\"itemListElement\":[{\"@type\":\"ListItem\",\"position\":1,\"name\":\"Home\",\"item\":\"https:\/\/thehottieandthenottie.com\/cs\/\"},{\"@type\":\"ListItem\",\"position\":2,\"name\":\"Sex Hookup str\\u00e1nky\"}]}]}<\/script>\n<!-- \/ Yoast SEO plugin. -->","yoast_head_json":{"title":"Sex Hookup str\u00e1nky - Hotties V okol\u00ed","robots":{"index":"index","follow":"follow","max-snippet":"max-snippet:-1","max-image-preview":"max-image-preview:large","max-video-preview":"max-video-preview:-1"},"canonical":"http:\/\/thehottieandthenottie.com\/cs\/sex-hookup-stranky\/","og_locale":"cs_CZ","og_type":"article","og_title":"Sex Hookup str\u00e1nky - Hotties V okol\u00ed","og_description":"Existuje mnoho bezplatn\u00fdch str\u00e1nek pro zas\u00edl\u00e1n\u00ed sexu\u00e1ln\u00edch zpr\u00e1v, ale ne v\u0161echny z nich stoj\u00ed za to pou\u017e\u00edt. Pokud hled\u00e1te web, kter\u00fd v\u00e1m pom\u016f\u017ee spojit se s n\u011bk\u00fdm, chcete se ujistit, \u017ee m\u00e1 dobrou pov\u011bst a \u017ee je snadno pou\u017eiteln\u00fd. Chcete se tak\u00e9 ujistit, \u017ee web m\u00e1 mnoho \u010dlen\u016f, abyste s v\u011bt\u0161\u00ed pravd\u011bpodobnost\u00ed na\u0161li n\u011bkoho, kdo ... \u010c\u00edst d\u00e1l","og_url":"http:\/\/thehottieandthenottie.com\/cs\/sex-hookup-stranky\/","og_site_name":"Hotties V okol\u00ed","twitter_card":"summary_large_image","twitter_misc":{"Odhadovan\u00e1 doba \u010dten\u00ed":"4 minuty"},"schema":{"@context":"https:\/\/schema.org","@graph":[{"@type":"WebSite","@id":"https:\/\/thehottieandthenottie.com\/#website","url":"https:\/\/thehottieandthenottie.com\/","name":"Hotties V okol\u00ed","description":"Seznamte se se \u017eenami ve va\u0161em okol\u00ed","potentialAction":[{"@type":"SearchAction","target":{"@type":"EntryPoint","urlTemplate":"https:\/\/thehottieandthenottie.com\/?s={search_term_string}"},"query-input":"required name=search_term_string"}],"inLanguage":"cs"},{"@type":"WebPage","@id":"http:\/\/thehottieandthenottie.com\/cs\/sex-hookup-stranky\/#webpage","url":"http:\/\/thehottieandthenottie.com\/cs\/sex-hookup-stranky\/","name":"Sex Hookup str\u00e1nky - Hotties V okol\u00ed","isPartOf":{"@id":"https:\/\/thehottieandthenottie.com\/#website"},"datePublished":"2022-09-30T11:54:32+00:00","dateModified":"2022-09-30T11:54:32+00:00","breadcrumb":{"@id":"http:\/\/thehottieandthenottie.com\/cs\/sex-hookup-stranky\/#breadcrumb"},"inLanguage":"cs","potentialAction":[{"@type":"ReadAction","target":["http:\/\/thehottieandthenottie.com\/cs\/sex-hookup-stranky\/"]}]},{"@type":"BreadcrumbList","@id":"http:\/\/thehottieandthenottie.com\/cs\/sex-hookup-stranky\/#breadcrumb","itemListElement":[{"@type":"ListItem","position":1,"name":"Home","item":"https:\/\/thehottieandthenottie.com\/cs\/"},{"@type":"ListItem","position":2,"name":"Sex Hookup str\u00e1nky"}]}]}},"_links":{"self":[{"href":"http:\/\/thehottieandthenottie.com\/cs\/wp-json\/wp\/v2\/pages\/637"}],"collection":[{"href":"http:\/\/thehottieandthenottie.com\/cs\/wp-json\/wp\/v2\/pages"}],"about":[{"href":"http:\/\/thehottieandthenottie.com\/cs\/wp-json\/wp\/v2\/types\/page"}],"author":[{"embeddable":true,"href":"http:\/\/thehottieandthenottie.com\/cs\/wp-json\/wp\/v2\/users\/1"}],"replies":[{"embeddable":true,"href":"http:\/\/thehottieandthenottie.com\/cs\/wp-json\/wp\/v2\/comments?post=637"}],"version-history":[{"count":0,"href":"http:\/\/thehottieandthenottie.com\/cs\/wp-json\/wp\/v2\/pages\/637\/revisions"}],"wp:attachment":[{"href":"http:\/\/thehottieandthenottie.com\/cs\/wp-json\/wp\/v2\/media?parent=637"}],"curies":[{"name":"wp","href":"https:\/\/api.w.org\/{rel}","templated":true}]}}