{"id":639,"date":"2022-09-30T12:53:59","date_gmt":"2022-09-30T11:53:59","guid":{"rendered":"http:\/\/thehottieandthenottie.com\/sex-v-mem-okoli\/"},"modified":"2022-09-30T12:53:59","modified_gmt":"2022-09-30T11:53:59","slug":"sex-v-mem-okoli","status":"publish","type":"page","link":"http:\/\/thehottieandthenottie.com\/cs\/sex-v-mem-okoli\/","title":{"rendered":"Sex v m\u00e9m okol\u00ed"},"content":{"rendered":"<p>Nen\u00ed t\u0159eba tr\u00e1vit hodiny online hled\u00e1n\u00edm &#8222;voln\u00e9ho sexu v m\u00e9m okol\u00ed&#8220;. Sta\u010d\u00ed zam\u00ed\u0159it do m\u00edstn\u00edho baru nebo klubu a za\u010d\u00edt si pov\u00eddat o potenci\u00e1ln\u00edch p\u0159\u00edpojk\u00e1ch. Mo\u017en\u00e1 v\u00e1s p\u0159ekvap\u00ed, jak snadn\u00e9 je naj\u00edt n\u011bkoho, kdo je dole pro n\u011bjakou z\u00e1bavu bez z\u00e1vazk\u016f. Nezapome\u0148te b\u00fdt v bezpe\u010d\u00ed a pou\u017e\u00edvat ochranu!<\/p>\n<h2>Naj\u00edt sex<\/h2>\n<p>Nic se nevyrovn\u00e1 vzru\u0161en\u00ed z v\u011bdom\u00ed, \u017ee <a href=\"http:\/\/thehottieandthenottie.com\/swinger-sites\/\">v bl\u00edzkosti je voln\u00fd sex<\/a>. A\u0165 u\u017e je to jednor\u00e1zov\u00e9 p\u0159ipojen\u00ed nebo pravideln\u00e1 v\u011bc, je to v\u017edy vzru\u0161uj\u00edc\u00ed. A samoz\u0159ejm\u011b je to je\u0161t\u011b lep\u0161\u00ed, kdy\u017e nemus\u00edte chodit daleko, abyste ji na\u0161li. Pokud hled\u00e1te bezplatn\u00fd sex v okol\u00ed, jedn\u00edm z nejlep\u0161\u00edch zp\u016fsob\u016f, jak ho naj\u00edt, je prost\u0159ednictv\u00edm online seznamov\u00e1n\u00ed. Existuje spousta seznamovac\u00edch web\u016f a aplikac\u00ed, kter\u00e9 v\u00e1m mohou pomoci spojit se s n\u011bk\u00fdm, kdo m\u00e1 z\u00e1jem o stejnou v\u011bc. Samoz\u0159ejm\u011b m\u016f\u017eete tak\u00e9 zkusit sv\u00e9 \u0161t\u011bst\u00ed v barech nebo klubech. Ale pokud nejste v t\u00e9to sc\u00e9n\u011b, online datov\u00e1n\u00ed je ur\u010dit\u011b zp\u016fsob, jak j\u00edt. S tolika lidmi, kte\u0159\u00ed hledaj\u00ed sex zdarma, ur\u010dit\u011b najdete n\u011bkoho, kdo je pro to.<\/p>\n<h2>M\u00edstn\u00ed p\u0159\u00edpojky<\/h2>\n<p>Kdy\u017e se sna\u017e\u00edte naj\u00edt l\u00e1sku, m\u016f\u017eete se c\u00edtit, jako byste hledali jehlu v kupce sena. Ale pokud roz\u0161\u00ed\u0159\u00edte sv\u00e9 hled\u00e1n\u00ed tak, aby zahrnovalo potenci\u00e1ln\u00ed partnery, kte\u0159\u00ed \u017eij\u00ed ve va\u0161\u00ed bl\u00edzkosti, va\u0161e \u0161ance na nalezen\u00ed l\u00e1sky se exponenci\u00e1ln\u011b zv\u00fd\u0161\u00ed. A d\u00edky technologi\u00edm je snadn\u011bj\u0161\u00ed ne\u017e kdy jindy naj\u00edt n\u011bkoho, kdo je kurva bl\u00edzko v\u00e1s. Existuje \u0159ada seznamovac\u00edch aplikac\u00ed a webov\u00fdch str\u00e1nek, kter\u00e9 v\u00e1m umo\u017e\u0148uj\u00ed vyhled\u00e1vat potenci\u00e1ln\u00ed partnery podle um\u00edst\u011bn\u00ed. Tak\u017ee pokud hled\u00e1te l\u00e1sku a jste ochotni \u0161ukat v bl\u00edzkosti n\u011bkoho, je tu velk\u00e1 \u0161ance, \u017ee budete moci naj\u00edt to, co hled\u00e1te. Samoz\u0159ejm\u011b, \u017ee v \u017eivot\u011b neexistuj\u00ed \u017e\u00e1dn\u00e9 z\u00e1ruky. Ale pokud jste otev\u0159eni \u0161uk\u00e1n\u00ed v bl\u00edzkosti n\u011bkoho, abyste na\u0161li l\u00e1sku, mo\u017en\u00e1 v\u00e1s p\u0159ekvap\u00ed, jak snadn\u00e9 je naj\u00edt prot\u011bj\u0161ek. Tak se do toho dejte a zkuste to. Mo\u017en\u00e1 jen najdete l\u00e1sku sv\u00e9ho \u017eivota.<\/p>\n<h2>P\u0159\u00edle\u017eitostn\u00fd sex Seznamte se<\/h2>\n<p>Na tuto ot\u00e1zku neexistuje \u017e\u00e1dn\u00e1 odpov\u011b\u010f, proto\u017ee lid\u00e9 maj\u00ed r\u016fzn\u00e9 n\u00e1zory na to, co se kvalifikuje jako &#8222;p\u0159\u00edle\u017eitostn\u00fd sex&#8220;. Pro n\u011bkter\u00e9 lidi se p\u0159\u00edle\u017eitostn\u00fd sex t\u00fdk\u00e1 sexu\u00e1ln\u00ed aktivity, kter\u00e1 nezahrnuje \u017e\u00e1dn\u00fd typ emocion\u00e1ln\u00edho spojen\u00ed nebo z\u00e1vazku, zat\u00edmco pro jin\u00e9 se jednodu\u0161e t\u00fdk\u00e1 sexu, kter\u00fd nen\u00ed sou\u010d\u00e1st\u00ed dlouhodob\u00e9ho, monogamn\u00edho vztahu.<\/p>\n<p>Pokud m\u00e1te z\u00e1jem o zkoum\u00e1n\u00ed p\u0159\u00edle\u017eitostn\u00e9ho sexu, je t\u0159eba m\u00edt na pam\u011bti n\u011bkolik v\u011bc\u00ed. Nejprve se ujist\u011bte, \u017ee komunikujete se sv\u00fdm partnerem (partnery) o va\u0161ich o\u010dek\u00e1v\u00e1n\u00edch a hranic\u00edch t\u00fdkaj\u00edc\u00edch se sexu. Je tak\u00e9 d\u016fle\u017eit\u00e9 b\u00fdt k sob\u011b up\u0159\u00edmn\u00fd ohledn\u011b toho, co hled\u00e1te a s \u010d\u00edm jste spokojeni. Pokud si nejste jisti, je to v po\u0159\u00e1dku! V\u017edy m\u016f\u017eete experimentovat a zjistit, co je pro v\u00e1s dobr\u00e9.<\/p>\n<p>A kone\u010dn\u011b, nezapome\u0148te praktikovat bezpe\u010dn\u00fd sex pomoc\u00ed kondom\u016f a \/ nebo jin\u00fdch forem antikoncepce a pravideln\u011b se testujte na pohlavn\u011b p\u0159enosn\u00e9 choroby. P\u0159\u00edle\u017eitostn\u00fd sex m\u016f\u017ee b\u00fdt z\u00e1bavn\u00fd a vzru\u0161uj\u00edc\u00ed zp\u016fsob, jak prozkoumat svou sexualitu, ale je d\u016fle\u017eit\u00e9 b\u00fdt v bezpe\u010d\u00ed a zodpov\u011bdn\u00fd.<\/p>\n<h3>Badoo<\/h3>\n<p>Badoo je bezplatn\u00e1 online seznamovac\u00ed aplikace, kter\u00e1 v\u00e1m umo\u017en\u00ed poznat nov\u00e9 lidi ve va\u0161em okol\u00ed. Abyste mohli pou\u017e\u00edvat Badoo, nemus\u00edte si registrovat \u00fa\u010det a m\u016f\u017eete okam\u017eit\u011b za\u010d\u00edt chatovat s lidmi v okol\u00ed. Aplikace m\u00e1 tak\u00e9 mo\u017enost placen\u00e9ho p\u0159edplatn\u00e9ho, kter\u00e1 v\u00e1m poskytuje p\u0159\u00edstup k dal\u0161\u00edm funkc\u00edm, jako je neomezen\u00e9 zas\u00edl\u00e1n\u00ed zpr\u00e1v a mo\u017enost zjistit, kdo si prohl\u00ed\u017eel v\u00e1\u0161 profil. Badoo nen\u00ed aplikace pro p\u0159ipojen\u00ed a nen\u00ed ur\u010dena k pou\u017eit\u00ed jako zp\u016fsob, jak naj\u00edt voln\u00fd sex v m\u00e9m okol\u00ed. Mnoho u\u017eivatel\u016f v\u0161ak aplikaci k tomuto \u00fa\u010delu pou\u017e\u00edv\u00e1 a je mo\u017en\u00e9 naj\u00edt lidi, kte\u0159\u00ed maj\u00ed z\u00e1jem o p\u0159\u00edle\u017eitostn\u00e9 p\u0159ipojen\u00ed a sexu\u00e1ln\u00ed setk\u00e1n\u00ed. Aplikace je relativn\u011b bezpe\u010dn\u00e1 a existuje \u0159ada zp\u016fsob\u016f, jak nahl\u00e1sit a zablokovat u\u017eivatele, kte\u0159\u00ed se chovaj\u00ed nevhodn\u011b. Celkov\u011b je Badoo dobrou volbou pro pozn\u00e1v\u00e1n\u00ed nov\u00fdch lid\u00ed a potenci\u00e1ln\u00ed hled\u00e1n\u00ed p\u0159\u00edle\u017eitostn\u00fdch kontakt\u016f.<\/p>\n<h3>Ashley Madisonov\u00e1<\/h3>\n<p>Pokud hled\u00e1te diskr\u00e9tn\u00ed zp\u016fsob, jak m\u00edt pom\u011br nebo spojen\u00ed, pak Ashley Madison je seznamovac\u00ed aplikace pro v\u00e1s. S v\u00edce ne\u017e 60 miliony \u010dlen\u016f po cel\u00e9m sv\u011bt\u011b je to jedna z nejpopul\u00e1rn\u011bj\u0161\u00edch aplikac\u00ed pro lidi, kte\u0159\u00ed hledaj\u00ed mimoman\u017eelsk\u00e9 vztahy a p\u0159\u00edle\u017eitostn\u00e1 setk\u00e1n\u00ed. Aplikace je zdarma ke sta\u017een\u00ed a pou\u017eit\u00ed, ale budete si muset zakoupit kredity, abyste odemkli ur\u010dit\u00e9 funkce. Celkov\u011b je Ashley Madison skv\u011bl\u00e1 aplikace pro ka\u017ed\u00e9ho, kdo hled\u00e1 trochu v\u00edce vzru\u0161en\u00ed ve sv\u00e9m milostn\u00e9m \u017eivot\u011b.<\/p>\n<h3>DateMyAge<\/h3>\n<p>Pokud hled\u00e1te novou seznamovac\u00ed aplikaci, DateMyAge je skv\u011bl\u00e1 volba. Je zdarma ke sta\u017een\u00ed a m\u00e1 hodnocen\u00ed 4,5 hv\u011bzdi\u010dky v App Store. Aplikace je ur\u010dena pro lidi star\u0161\u00ed 50 let a je skv\u011bl\u00fdm zp\u016fsobem, jak poznat nov\u00e9 lidi, a\u0165 u\u017e hled\u00e1te p\u0159\u00e1telstv\u00ed nebo l\u00e1sku. Aplikace se snadno pou\u017e\u00edv\u00e1 a m\u00e1 spoustu skv\u011bl\u00fdch funkc\u00ed, jako je schopnost prohl\u00ed\u017eet profily ostatn\u00edch u\u017eivatel\u016f ve va\u0161\u00ed oblasti. M\u016f\u017eete tak\u00e9 pos\u00edlat zpr\u00e1vy a pou\u017e\u00edvat funkci chatu, abyste l\u00e9pe poznali ostatn\u00ed u\u017eivatele.<\/p>\n<p>Celkov\u011b bych ur\u010dit\u011b doporu\u010dil DateMyAge ka\u017ed\u00e9mu, kdo hled\u00e1 novou seznamovac\u00ed aplikaci. Je to skv\u011bl\u00fd zp\u016fsob, jak poznat nov\u00e9 lidi a je to zdarma k pou\u017eit\u00ed.<\/p>\n","protected":false},"excerpt":{"rendered":"<p>Nen\u00ed t\u0159eba tr\u00e1vit hodiny online hled\u00e1n\u00edm &#8222;voln\u00e9ho sexu v m\u00e9m okol\u00ed&#8220;. Sta\u010d\u00ed zam\u00ed\u0159it do m\u00edstn\u00edho baru nebo klubu a za\u010d\u00edt si pov\u00eddat o potenci\u00e1ln\u00edch p\u0159\u00edpojk\u00e1ch. Mo\u017en\u00e1 v\u00e1s p\u0159ekvap\u00ed, jak snadn\u00e9 je naj\u00edt n\u011bkoho, kdo je dole pro n\u011bjakou z\u00e1bavu bez z\u00e1vazk\u016f. Nezapome\u0148te b\u00fdt v bezpe\u010d\u00ed a pou\u017e\u00edvat ochranu! Naj\u00edt sex Nic se nevyrovn\u00e1 vzru\u0161en\u00ed z &#8230; <a title=\"Sex v m\u00e9m okol\u00ed\" class=\"read-more\" href=\"http:\/\/thehottieandthenottie.com\/cs\/sex-v-mem-okoli\/\" aria-label=\"V\u00edce na Sex v m\u00e9m okol\u00ed\">\u010c\u00edst d\u00e1l<\/a><\/p>\n","protected":false},"author":1,"featured_media":0,"parent":0,"menu_order":0,"comment_status":"closed","ping_status":"closed","template":"","meta":[],"yoast_head":"<!-- This site is optimized with the Yoast SEO plugin v17.7.1 - https:\/\/yoast.com\/wordpress\/plugins\/seo\/ -->\n<title>Sex v m\u00e9m okol\u00ed - Hotties V okol\u00ed<\/title>\n<meta name=\"robots\" content=\"index, follow, max-snippet:-1, max-image-preview:large, max-video-preview:-1\" \/>\n<link rel=\"canonical\" href=\"http:\/\/thehottieandthenottie.com\/cs\/sex-v-mem-okoli\/\" \/>\n<meta property=\"og:locale\" content=\"cs_CZ\" \/>\n<meta property=\"og:type\" content=\"article\" \/>\n<meta property=\"og:title\" content=\"Sex v m\u00e9m okol\u00ed - Hotties V okol\u00ed\" \/>\n<meta property=\"og:description\" content=\"Nen\u00ed t\u0159eba tr\u00e1vit hodiny online hled\u00e1n\u00edm &#8222;voln\u00e9ho sexu v m\u00e9m okol\u00ed&#8220;. Sta\u010d\u00ed zam\u00ed\u0159it do m\u00edstn\u00edho baru nebo klubu a za\u010d\u00edt si pov\u00eddat o potenci\u00e1ln\u00edch p\u0159\u00edpojk\u00e1ch. Mo\u017en\u00e1 v\u00e1s p\u0159ekvap\u00ed, jak snadn\u00e9 je naj\u00edt n\u011bkoho, kdo je dole pro n\u011bjakou z\u00e1bavu bez z\u00e1vazk\u016f. Nezapome\u0148te b\u00fdt v bezpe\u010d\u00ed a pou\u017e\u00edvat ochranu! Naj\u00edt sex Nic se nevyrovn\u00e1 vzru\u0161en\u00ed z ... \u010c\u00edst d\u00e1l\" \/>\n<meta property=\"og:url\" content=\"http:\/\/thehottieandthenottie.com\/cs\/sex-v-mem-okoli\/\" \/>\n<meta property=\"og:site_name\" content=\"Hotties V okol\u00ed\" \/>\n<meta name=\"twitter:card\" content=\"summary_large_image\" \/>\n<meta name=\"twitter:label1\" content=\"Odhadovan\u00e1 doba \u010dten\u00ed\" \/>\n\t<meta name=\"twitter:data1\" content=\"5 minut\" \/>\n<script type=\"application\/ld+json\" class=\"yoast-schema-graph\">{\"@context\":\"https:\/\/schema.org\",\"@graph\":[{\"@type\":\"WebSite\",\"@id\":\"https:\/\/thehottieandthenottie.com\/#website\",\"url\":\"https:\/\/thehottieandthenottie.com\/\",\"name\":\"Hotties V okol\\u00ed\",\"description\":\"Seznamte se se \\u017eenami ve va\\u0161em okol\\u00ed\",\"potentialAction\":[{\"@type\":\"SearchAction\",\"target\":{\"@type\":\"EntryPoint\",\"urlTemplate\":\"https:\/\/thehottieandthenottie.com\/?s={search_term_string}\"},\"query-input\":\"required name=search_term_string\"}],\"inLanguage\":\"cs\"},{\"@type\":\"WebPage\",\"@id\":\"http:\/\/thehottieandthenottie.com\/cs\/sex-v-mem-okoli\/#webpage\",\"url\":\"http:\/\/thehottieandthenottie.com\/cs\/sex-v-mem-okoli\/\",\"name\":\"Sex v m\\u00e9m okol\\u00ed - Hotties V okol\\u00ed\",\"isPartOf\":{\"@id\":\"https:\/\/thehottieandthenottie.com\/#website\"},\"datePublished\":\"2022-09-30T11:53:59+00:00\",\"dateModified\":\"2022-09-30T11:53:59+00:00\",\"breadcrumb\":{\"@id\":\"http:\/\/thehottieandthenottie.com\/cs\/sex-v-mem-okoli\/#breadcrumb\"},\"inLanguage\":\"cs\",\"potentialAction\":[{\"@type\":\"ReadAction\",\"target\":[\"http:\/\/thehottieandthenottie.com\/cs\/sex-v-mem-okoli\/\"]}]},{\"@type\":\"BreadcrumbList\",\"@id\":\"http:\/\/thehottieandthenottie.com\/cs\/sex-v-mem-okoli\/#breadcrumb\",\"itemListElement\":[{\"@type\":\"ListItem\",\"position\":1,\"name\":\"Home\",\"item\":\"https:\/\/thehottieandthenottie.com\/cs\/\"},{\"@type\":\"ListItem\",\"position\":2,\"name\":\"Sex v m\\u00e9m okol\\u00ed\"}]}]}<\/script>\n<!-- \/ Yoast SEO plugin. -->","yoast_head_json":{"title":"Sex v m\u00e9m okol\u00ed - Hotties V okol\u00ed","robots":{"index":"index","follow":"follow","max-snippet":"max-snippet:-1","max-image-preview":"max-image-preview:large","max-video-preview":"max-video-preview:-1"},"canonical":"http:\/\/thehottieandthenottie.com\/cs\/sex-v-mem-okoli\/","og_locale":"cs_CZ","og_type":"article","og_title":"Sex v m\u00e9m okol\u00ed - Hotties V okol\u00ed","og_description":"Nen\u00ed t\u0159eba tr\u00e1vit hodiny online hled\u00e1n\u00edm &#8222;voln\u00e9ho sexu v m\u00e9m okol\u00ed&#8220;. Sta\u010d\u00ed zam\u00ed\u0159it do m\u00edstn\u00edho baru nebo klubu a za\u010d\u00edt si pov\u00eddat o potenci\u00e1ln\u00edch p\u0159\u00edpojk\u00e1ch. Mo\u017en\u00e1 v\u00e1s p\u0159ekvap\u00ed, jak snadn\u00e9 je naj\u00edt n\u011bkoho, kdo je dole pro n\u011bjakou z\u00e1bavu bez z\u00e1vazk\u016f. Nezapome\u0148te b\u00fdt v bezpe\u010d\u00ed a pou\u017e\u00edvat ochranu! Naj\u00edt sex Nic se nevyrovn\u00e1 vzru\u0161en\u00ed z ... \u010c\u00edst d\u00e1l","og_url":"http:\/\/thehottieandthenottie.com\/cs\/sex-v-mem-okoli\/","og_site_name":"Hotties V okol\u00ed","twitter_card":"summary_large_image","twitter_misc":{"Odhadovan\u00e1 doba \u010dten\u00ed":"5 minut"},"schema":{"@context":"https:\/\/schema.org","@graph":[{"@type":"WebSite","@id":"https:\/\/thehottieandthenottie.com\/#website","url":"https:\/\/thehottieandthenottie.com\/","name":"Hotties V okol\u00ed","description":"Seznamte se se \u017eenami ve va\u0161em okol\u00ed","potentialAction":[{"@type":"SearchAction","target":{"@type":"EntryPoint","urlTemplate":"https:\/\/thehottieandthenottie.com\/?s={search_term_string}"},"query-input":"required name=search_term_string"}],"inLanguage":"cs"},{"@type":"WebPage","@id":"http:\/\/thehottieandthenottie.com\/cs\/sex-v-mem-okoli\/#webpage","url":"http:\/\/thehottieandthenottie.com\/cs\/sex-v-mem-okoli\/","name":"Sex v m\u00e9m okol\u00ed - Hotties V okol\u00ed","isPartOf":{"@id":"https:\/\/thehottieandthenottie.com\/#website"},"datePublished":"2022-09-30T11:53:59+00:00","dateModified":"2022-09-30T11:53:59+00:00","breadcrumb":{"@id":"http:\/\/thehottieandthenottie.com\/cs\/sex-v-mem-okoli\/#breadcrumb"},"inLanguage":"cs","potentialAction":[{"@type":"ReadAction","target":["http:\/\/thehottieandthenottie.com\/cs\/sex-v-mem-okoli\/"]}]},{"@type":"BreadcrumbList","@id":"http:\/\/thehottieandthenottie.com\/cs\/sex-v-mem-okoli\/#breadcrumb","itemListElement":[{"@type":"ListItem","position":1,"name":"Home","item":"https:\/\/thehottieandthenottie.com\/cs\/"},{"@type":"ListItem","position":2,"name":"Sex v m\u00e9m okol\u00ed"}]}]}},"_links":{"self":[{"href":"http:\/\/thehottieandthenottie.com\/cs\/wp-json\/wp\/v2\/pages\/639"}],"collection":[{"href":"http:\/\/thehottieandthenottie.com\/cs\/wp-json\/wp\/v2\/pages"}],"about":[{"href":"http:\/\/thehottieandthenottie.com\/cs\/wp-json\/wp\/v2\/types\/page"}],"author":[{"embeddable":true,"href":"http:\/\/thehottieandthenottie.com\/cs\/wp-json\/wp\/v2\/users\/1"}],"replies":[{"embeddable":true,"href":"http:\/\/thehottieandthenottie.com\/cs\/wp-json\/wp\/v2\/comments?post=639"}],"version-history":[{"count":0,"href":"http:\/\/thehottieandthenottie.com\/cs\/wp-json\/wp\/v2\/pages\/639\/revisions"}],"wp:attachment":[{"href":"http:\/\/thehottieandthenottie.com\/cs\/wp-json\/wp\/v2\/media?parent=639"}],"curies":[{"name":"wp","href":"https:\/\/api.w.org\/{rel}","templated":true}]}}