{"id":286,"date":"2022-09-09T10:59:01","date_gmt":"2022-09-09T09:59:01","guid":{"rendered":"http:\/\/thehottieandthenottie.com\/liderlige-kvinder-paa-udkig-efter-sex-casual-dating\/"},"modified":"2022-09-09T10:59:01","modified_gmt":"2022-09-09T09:59:01","slug":"liderlige-kvinder-paa-udkig-efter-sex-casual-dating","status":"publish","type":"page","link":"http:\/\/thehottieandthenottie.com\/da\/","title":{"rendered":"Liderlige kvinder p\u00e5 udkig efter sex &#8211; Casual Dating"},"content":{"rendered":"<p><img loading=\"lazy\" class=\"aligncenter wp-image-77\" src=\"http:\/\/thehottieandthenottie.com\/wp-content\/uploads\/2022\/09\/real-dating-apps-1024x683.jpeg\" alt=\"\" width=\"649\" height=\"433\" srcset=\"http:\/\/thehottieandthenottie.com\/wp-content\/uploads\/2022\/09\/real-dating-apps-1024x683.jpeg 1024w, http:\/\/thehottieandthenottie.com\/wp-content\/uploads\/2022\/09\/real-dating-apps-300x200.jpeg 300w, http:\/\/thehottieandthenottie.com\/wp-content\/uploads\/2022\/09\/real-dating-apps-768x512.jpeg 768w, http:\/\/thehottieandthenottie.com\/wp-content\/uploads\/2022\/09\/real-dating-apps.jpeg 1125w\" sizes=\"(max-width: 649px) 100vw, 649px\" \/><\/p>\n<p>Mange mennesker henvender sig til gratis datingsider og tilslutningsapp for at finde afslappede sexpartnere. Disse websteder og apps g\u00f8r det nemt og overkommeligt at m\u00f8des med nogen, der deler dine samme interesser. De er ogs\u00e5 anonyme, hvilket betyder, at du kan gennemse profiler uden at skulle afsl\u00f8re noget om dig selv.<\/p>\n<p>Der er masser af muligheder derude, men vi har indsn\u00e6vret vores liste til 10 gode steder, hvor du kan finde afslappede m\u00f8der. Uanset om du leder efter noget seri\u00f8st eller bare vil pr\u00f8ve noget andet, er her de bedste tilslutningssider og apps til at finde afslappet sex.<\/p>\n<h2>\u00d8nsker du at blive lagt?<\/h2>\n<p>Der er masser af muligheder derude for at finde afslappede m\u00f8der online, uanset om det er en hurtig tilslutning, et langsigtet forhold eller endda bare nogle sjove uforpligtende handlinger. Men hvad nu hvis du vil have noget andet? Hvad hvis du leder efter et one night stand eller en diskret aff\u00e6re? Hvis du ikke har noget imod at v\u00e6re p\u00e5 forh\u00e5nd om, hvad du \u00f8nsker at g\u00f8re, er disse ti websteder sikker p\u00e5 at passe til regningen.<\/p>\n<h2>Hvilke apps skal du pr\u00f8ve?<\/h2>\n<p>For det f\u00f8rste er tilslutningssteder en ting. Faktisk er de meget almindelige i dag. Og selvom udtrykket &#8220;tilslutning&#8221; kan virke som noget, der kun sker bag lukkede d\u00f8re, refererer det faktisk til alt, hvad der finder sted uden for et engageret forhold. Du kan t\u00e6nke p\u00e5 det som en m\u00e5de at finde nogen at date tilf\u00e6ldigt.<\/p>\n<p>Der er mange forskellige typer tilslutningssider derude, lige fra dem, der udelukkende fokuserer p\u00e5 sex til dem, der im\u00f8dekommer begge k\u00f8n. Der er endda nogle, der er specielt designet til homoseksuelle eller til kinks<\/p>\n<p>Vi har h\u00f8rt om tilslutninger i nogen tid nu, men vi vidste aldrig rigtig, hvad det pr\u00e6cist bet\u00f8d. N\u00e5, i dag er vi her for at fort\u00e6lle dig alt, hvad der er at vide om tilslutningssteder.<\/p>\n<h3>Ashley Madison &#8211; The Cheaters Hub<\/h3>\n<p>Hvis snyd er det, du leder efter, s\u00e5 tjek Ashley Madison. Dette websted er specielt designet til gifte folk, der s\u00f8ger anliggender. Hvis du er villig til at grave lidt, finder du masser af sexede single m\u00e6nd og kvinder, der er \u00e5bne for diskrete forhold.<\/p>\n<p>AshleyMadison.com er et frisk pust online for dem, der leder efter k\u00e6rlighed, romantik eller bare sjov. Med over 50 millioner medlemmer over hele verden er AshleyMadison.com verdens st\u00f8rste websted for voksne. Uanset om du leder efter afslappede m\u00f8der, et seri\u00f8st forhold eller endda \u00e6gteskab, er der masser af mennesker derude, der venter p\u00e5 at m\u00f8de dig.<\/p>\n<p><img loading=\"lazy\" class=\"aligncenter wp-image-76\" src=\"http:\/\/thehottieandthenottie.com\/wp-content\/uploads\/2022\/09\/online-hookups-1024x683.jpeg\" alt=\"\" width=\"517\" height=\"345\" srcset=\"http:\/\/thehottieandthenottie.com\/wp-content\/uploads\/2022\/09\/online-hookups-1024x683.jpeg 1024w, http:\/\/thehottieandthenottie.com\/wp-content\/uploads\/2022\/09\/online-hookups-300x200.jpeg 300w, http:\/\/thehottieandthenottie.com\/wp-content\/uploads\/2022\/09\/online-hookups-768x512.jpeg 768w, http:\/\/thehottieandthenottie.com\/wp-content\/uploads\/2022\/09\/online-hookups.jpeg 1125w\" sizes=\"(max-width: 517px) 100vw, 517px\" \/><\/p>\n<h3>AdultFriendFinder &#8211; En p\u00e5lidelig tilslutningsplatform<\/h3>\n<p>Med over tre millioner medlemmer over hele verden tilbyder AFF masser af m\u00e5der at komme i kontakt med andre p\u00e5. Du kan bruge tekstbeskeder, webcam videochat eller endda deltage i et gruppem\u00f8de for at opfylde dine seksuelle behov.<\/p>\n<p>Adult Friend Finder (AFF), et af de mest popul\u00e6re voksensider for swingerpar og swingere, tilbyder et sikkert milj\u00f8, hvor folk kan m\u00f8de andre interesserede i swingende aktiviteter, s\u00e5som gruppesex, trekanter og foursomes. Swingere opfordres til at sende billeder og videoer af sig selv i aktion, og alle andre, der \u00f8nsker at se, hvordan det er, kan tilmelde sig medlemskab.<\/p>\n<p>Webstedet indeholder en stor database med aktive medlemmer, hvoraf mange leder efter afslappede m\u00f8der. Der er hundredtusinder af medlemmer, og antallet forts\u00e6tter med at vokse hver dag. Folk bruger webstedet til at finde partnere til alt fra enkle engangsknald til langsigtede forhold.<\/p>\n<h3>Tinder &#8211; Din p\u00e5lidelige mulighed<\/h3>\n<p>Tinder er en af de mest popul\u00e6re dating apps derude. Dens afslappede atmosf\u00e6re tilskynder til flirtende samtale, hvilket f\u00f8rer til hurtige kampe og endnu hurtigere datoer. Brugere opfordres til at stryge til venstre, hvis de ikke kan lide en persons billede; Ellers stryger de til h\u00f8jre. Hvis begge parter matcher, vil du se hinandens profilbilleder og bios. Du kan skrive om dig selv og v\u00e6lge, om du vil medtage et billede af dig selv.<\/p>\n<p>Appens popularitet er eksploderet, siden den blev lanceret i 2012. I 2013 rapporterede virksomheden, at dens daglige aktive brugere var vokset til omkring 5 millioner. I 2016 voksede det tal til 15 millioner. I dag kan appen prale af 50 millioner m\u00e5nedlige aktive brugere.<\/p>\n<p>I juni 2017 annoncerede Tinder planer om at lancere en premium-version af appen kaldet &#8220;Tinder Gold.&#8221; Denne version giver medlemmer mulighed for at sende ubegr\u00e6nsede beskeder og lader dem se profiler uden at skulle betale.<\/p>\n<h3>69Fuck<\/h3>\n<p>Verden af online dating \u00e6ndrer sig hurtigt. Takket v\u00e6re udviklingen af internettet har folk nu adgang til oplysninger om potentielle partnere bogstaveligt talt lige ved h\u00e5nden. Denne tendens har f\u00f8rt til fremkomsten af mange forskellige typer online dating platforme. Blandt dem er der en, der hedder 69Fuck. Dette websted h\u00e6vder at v\u00e6re det bedste lokale tilslutningssted. S\u00e5 lad os se n\u00e6rmere p\u00e5, hvad der f\u00e5r dette websted til at skille sig ud fra m\u00e6ngden.<\/p>\n<p>69Fuck er en online dating platform, hvor medlemmer kan finde en date i deres by. De siger, at de tilbyder en bred vifte af byer over hele kloden, herunder over 30 lande. Deres m\u00e5l er at hj\u00e6lpe m\u00e6nd og kvinder med at forbinde i det virkelige liv. For at opn\u00e5 det giver de flere v\u00e6rkt\u00f8jer, der g\u00f8r det lettere at m\u00f8de nogen. For eksempel giver de brugerne mulighed for at uploade et billede af sig selv, skrive en kort bio og v\u00e6lge et profilbillede.<\/p>\n<p>Derudover giver de dig 24 timers gratis medlemskab. Derefter kan du betale $ 19 pr for at l\u00e5se op for yderligere funktioner som ubegr\u00e6nset messaging og browserprofiler. Du kan annullere n\u00e5r som helst uden at betale noget.<\/p>\n<h2>Hvordan v\u00e6lger du den rigtige til dig?<\/h2>\n<p>Vi ved alle, at det kan v\u00e6re sv\u00e6rt at finde en date. Og vi ved alle, at der er mange forskellige typer datoer derude. Men hvad med de tidspunkter, hvor du bare ikke har lyst til at m\u00f8des med nogen? Eller m\u00e5ske leder du efter noget mere seri\u00f8st? N\u00e5, du er kommet til det rigtige sted. Vi har samlet nogle oplysninger om de bedste tilslutningssider p\u00e5 Internettet i dag.<\/p>\n<p>Webstedet er helt gratis og giver adgang til b\u00e5de enlige kvinder og m\u00e6nd. Du finder alt her &#8211; fra live webcam chats til video chatrum, hvor du kan m\u00f8de lokale singler. Der er ingen skjulte gebyrer eller afgifter overhovedet. Faktisk, hvis du beslutter dig for at opgradere til premium-medlemskab, modtager du endnu flere funktioner og fordele.<\/p>\n<p>Du kan v\u00e6lge, om du foretr\u00e6kker at bruge mobilapps eller desktopbrowsere. Hvis du v\u00e6lger sidstn\u00e6vnte, kan du nyde bekvemmeligheden ved at kunne logge ind n\u00e5r som helst og hvor som helst. Alt du skal g\u00f8re er at tilmelde dig og begynde at surfe!<\/p>\n<p>N\u00e5r du har fundet profilen for den person, du gerne vil m\u00f8de, kan du sende beskeder direkte til vedkommende. P\u00e5 denne m\u00e5de spilder du ikke tid p\u00e5 at pr\u00f8ve at finde ud af, hvordan du kontakter personen. Bare skriv en kort note og tryk p\u00e5 &#8220;send&#8221;.<\/p>\n<p>Hvis du er interesseret i at chatte med andre, kan du deltage i offentlige grupper, private chatrum eller endda g\u00e5 direkte til live cam-sessioner. Disse muligheder er perfekte til dem, der \u00f8nsker at f\u00e5 venner, mens de har det sjovt.<\/p>\n","protected":false},"excerpt":{"rendered":"<p>Mange mennesker henvender sig til gratis datingsider og tilslutningsapp for at finde afslappede sexpartnere. Disse websteder og apps g\u00f8r det nemt og overkommeligt at m\u00f8des med nogen, der deler dine samme interesser. De er ogs\u00e5 anonyme, hvilket betyder, at du kan gennemse profiler uden at skulle afsl\u00f8re noget om dig selv. Der er masser af &#8230; <a title=\"Liderlige kvinder p\u00e5 udkig efter sex &#8211; Casual Dating\" class=\"read-more\" href=\"http:\/\/thehottieandthenottie.com\/da\/\" aria-label=\"More on Liderlige kvinder p\u00e5 udkig efter sex &#8211; Casual Dating\">L\u00e6s mere <\/a><\/p>\n","protected":false},"author":1,"featured_media":0,"parent":0,"menu_order":0,"comment_status":"closed","ping_status":"closed","template":"","meta":[],"yoast_head":"<!-- This site is optimized with the Yoast SEO plugin v17.7.1 - https:\/\/yoast.com\/wordpress\/plugins\/seo\/ -->\n<title>Liderlige kvinder p\u00e5 udkig efter sex - Casual Dating - Hotties i n\u00e6rheden<\/title>\n<meta name=\"description\" content=\"META Beskrivelse\" \/>\n<meta name=\"robots\" content=\"index, follow, max-snippet:-1, max-image-preview:large, max-video-preview:-1\" \/>\n<link rel=\"canonical\" href=\"http:\/\/thehottieandthenottie.com\/da\/\" \/>\n<meta property=\"og:locale\" content=\"da_DK\" \/>\n<meta property=\"og:type\" content=\"article\" \/>\n<meta property=\"og:title\" content=\"Liderlige kvinder p\u00e5 udkig efter sex - Casual Dating - Hotties i n\u00e6rheden\" \/>\n<meta property=\"og:description\" content=\"META Beskrivelse\" \/>\n<meta property=\"og:url\" content=\"http:\/\/thehottieandthenottie.com\/da\/\" \/>\n<meta property=\"og:site_name\" content=\"Hotties i n\u00e6rheden\" \/>\n<meta property=\"og:image\" content=\"http:\/\/thehottieandthenottie.com\/wp-content\/uploads\/2022\/09\/real-dating-apps-1024x683.jpeg\" \/>\n<meta name=\"twitter:card\" content=\"summary_large_image\" \/>\n<meta name=\"twitter:label1\" content=\"Estimeret l\u00e6setid\" \/>\n\t<meta name=\"twitter:data1\" content=\"6 minutter\" \/>\n<script type=\"application\/ld+json\" class=\"yoast-schema-graph\">{\"@context\":\"https:\/\/schema.org\",\"@graph\":[{\"@type\":\"WebSite\",\"@id\":\"https:\/\/thehottieandthenottie.com\/#website\",\"url\":\"https:\/\/thehottieandthenottie.com\/\",\"name\":\"Hotties i n\\u00e6rheden\",\"description\":\"M\\u00f8d kvinder i dit omr\\u00e5de\",\"potentialAction\":[{\"@type\":\"SearchAction\",\"target\":{\"@type\":\"EntryPoint\",\"urlTemplate\":\"https:\/\/thehottieandthenottie.com\/?s={search_term_string}\"},\"query-input\":\"required name=search_term_string\"}],\"inLanguage\":\"da-DK\"},{\"@type\":\"ImageObject\",\"@id\":\"http:\/\/thehottieandthenottie.com\/da\/#primaryimage\",\"inLanguage\":\"da-DK\",\"url\":\"http:\/\/thehottieandthenottie.com\/wp-content\/uploads\/2022\/09\/real-dating-apps.jpeg\",\"contentUrl\":\"http:\/\/thehottieandthenottie.com\/wp-content\/uploads\/2022\/09\/real-dating-apps.jpeg\",\"width\":1125,\"height\":750},{\"@type\":\"WebPage\",\"@id\":\"http:\/\/thehottieandthenottie.com\/da\/#webpage\",\"url\":\"http:\/\/thehottieandthenottie.com\/da\/\",\"name\":\"Liderlige kvinder p\\u00e5 udkig efter sex - Casual Dating - Hotties i n\\u00e6rheden\",\"isPartOf\":{\"@id\":\"https:\/\/thehottieandthenottie.com\/#website\"},\"primaryImageOfPage\":{\"@id\":\"http:\/\/thehottieandthenottie.com\/da\/#primaryimage\"},\"datePublished\":\"2022-09-09T09:59:01+00:00\",\"dateModified\":\"2022-09-09T09:59:01+00:00\",\"description\":\"META Beskrivelse\",\"breadcrumb\":{\"@id\":\"http:\/\/thehottieandthenottie.com\/da\/#breadcrumb\"},\"inLanguage\":\"da-DK\",\"potentialAction\":[{\"@type\":\"ReadAction\",\"target\":[\"http:\/\/thehottieandthenottie.com\/da\/\"]}]},{\"@type\":\"BreadcrumbList\",\"@id\":\"http:\/\/thehottieandthenottie.com\/da\/#breadcrumb\",\"itemListElement\":[{\"@type\":\"ListItem\",\"position\":1,\"name\":\"Home\",\"item\":\"https:\/\/thehottieandthenottie.com\/da\/\"},{\"@type\":\"ListItem\",\"position\":2,\"name\":\"Liderlige kvinder p\\u00e5 udkig efter sex &#8211; Casual Dating\"}]}]}<\/script>\n<!-- \/ Yoast SEO plugin. -->","yoast_head_json":{"title":"Liderlige kvinder p\u00e5 udkig efter sex - Casual Dating - Hotties i n\u00e6rheden","description":"META Beskrivelse","robots":{"index":"index","follow":"follow","max-snippet":"max-snippet:-1","max-image-preview":"max-image-preview:large","max-video-preview":"max-video-preview:-1"},"canonical":"http:\/\/thehottieandthenottie.com\/da\/","og_locale":"da_DK","og_type":"article","og_title":"Liderlige kvinder p\u00e5 udkig efter sex - Casual Dating - Hotties i n\u00e6rheden","og_description":"META Beskrivelse","og_url":"http:\/\/thehottieandthenottie.com\/da\/","og_site_name":"Hotties i n\u00e6rheden","og_image":[{"url":"http:\/\/thehottieandthenottie.com\/wp-content\/uploads\/2022\/09\/real-dating-apps-1024x683.jpeg"}],"twitter_card":"summary_large_image","twitter_misc":{"Estimeret l\u00e6setid":"6 minutter"},"schema":{"@context":"https:\/\/schema.org","@graph":[{"@type":"WebSite","@id":"https:\/\/thehottieandthenottie.com\/#website","url":"https:\/\/thehottieandthenottie.com\/","name":"Hotties i n\u00e6rheden","description":"M\u00f8d kvinder i dit omr\u00e5de","potentialAction":[{"@type":"SearchAction","target":{"@type":"EntryPoint","urlTemplate":"https:\/\/thehottieandthenottie.com\/?s={search_term_string}"},"query-input":"required name=search_term_string"}],"inLanguage":"da-DK"},{"@type":"ImageObject","@id":"http:\/\/thehottieandthenottie.com\/da\/#primaryimage","inLanguage":"da-DK","url":"http:\/\/thehottieandthenottie.com\/wp-content\/uploads\/2022\/09\/real-dating-apps.jpeg","contentUrl":"http:\/\/thehottieandthenottie.com\/wp-content\/uploads\/2022\/09\/real-dating-apps.jpeg","width":1125,"height":750},{"@type":"WebPage","@id":"http:\/\/thehottieandthenottie.com\/da\/#webpage","url":"http:\/\/thehottieandthenottie.com\/da\/","name":"Liderlige kvinder p\u00e5 udkig efter sex - Casual Dating - Hotties i n\u00e6rheden","isPartOf":{"@id":"https:\/\/thehottieandthenottie.com\/#website"},"primaryImageOfPage":{"@id":"http:\/\/thehottieandthenottie.com\/da\/#primaryimage"},"datePublished":"2022-09-09T09:59:01+00:00","dateModified":"2022-09-09T09:59:01+00:00","description":"META Beskrivelse","breadcrumb":{"@id":"http:\/\/thehottieandthenottie.com\/da\/#breadcrumb"},"inLanguage":"da-DK","potentialAction":[{"@type":"ReadAction","target":["http:\/\/thehottieandthenottie.com\/da\/"]}]},{"@type":"BreadcrumbList","@id":"http:\/\/thehottieandthenottie.com\/da\/#breadcrumb","itemListElement":[{"@type":"ListItem","position":1,"name":"Home","item":"https:\/\/thehottieandthenottie.com\/da\/"},{"@type":"ListItem","position":2,"name":"Liderlige kvinder p\u00e5 udkig efter sex &#8211; Casual Dating"}]}]}},"_links":{"self":[{"href":"http:\/\/thehottieandthenottie.com\/da\/wp-json\/wp\/v2\/pages\/286"}],"collection":[{"href":"http:\/\/thehottieandthenottie.com\/da\/wp-json\/wp\/v2\/pages"}],"about":[{"href":"http:\/\/thehottieandthenottie.com\/da\/wp-json\/wp\/v2\/types\/page"}],"author":[{"embeddable":true,"href":"http:\/\/thehottieandthenottie.com\/da\/wp-json\/wp\/v2\/users\/1"}],"replies":[{"embeddable":true,"href":"http:\/\/thehottieandthenottie.com\/da\/wp-json\/wp\/v2\/comments?post=286"}],"version-history":[{"count":0,"href":"http:\/\/thehottieandthenottie.com\/da\/wp-json\/wp\/v2\/pages\/286\/revisions"}],"wp:attachment":[{"href":"http:\/\/thehottieandthenottie.com\/da\/wp-json\/wp\/v2\/media?parent=286"}],"curies":[{"name":"wp","href":"https:\/\/api.w.org\/{rel}","templated":true}]}}