{"id":557,"date":"2022-09-30T12:57:19","date_gmt":"2022-09-30T11:57:19","guid":{"rendered":"http:\/\/thehottieandthenottie.com\/swinger-websteder\/"},"modified":"2022-09-30T12:57:19","modified_gmt":"2022-09-30T11:57:19","slug":"swinger-websteder","status":"publish","type":"page","link":"http:\/\/thehottieandthenottie.com\/da\/swinger-websteder\/","title":{"rendered":"Swinger-websteder"},"content":{"rendered":"<p>Der er mange lokale swingersider, som du kan bruge til at tilslutte dig folk i dit omr\u00e5de. Disse websteder er en fantastisk m\u00e5de at m\u00f8de nye mennesker og udforske dine seksuelle gr\u00e6nser. Du kan bruge disse websteder til at finde folk, der er i de samme ting som dig, og som leder efter en god tid. Du kan ogs\u00e5 bruge disse websteder til at finde folk, der leder efter et seri\u00f8st forhold. Hvis du leder efter en tilslutning, b\u00f8r du helt sikkert tjekke nogle af de lokale swingersider.<\/p>\n<p>Der er en r\u00e6kke swinger-websteder tilg\u00e6ngelige online, og de henvender sig til forskellige m\u00e5lgrupper. Nogle swingersider er rettet mod par, der leder efter andre par at svinge med, mens andre er rettet mod singler, der er interesserede i at m\u00f8de andre singler til swingende form\u00e5l. Swinger-websteder har typisk en bred vifte af funktioner og muligheder, som brugerne kan drage fordel af, og de giver et sikkert og sikkert milj\u00f8 for folk at oprette forbindelse og udforske deres seksuelle interesser.<\/p>\n<h2>Swingers Hookup Hjemmesider<\/h2>\n<p>Der er noget ved <a href=\"http:\/\/thehottieandthenottie.com\/free-adult-classifieds\/\">sp\u00e6ndingen ved at tilslutte sig en fremmed<\/a> , der bare ikke kan sl\u00e5s. Og hvis du leder efter k\u00e6rlighed, er swingers hookups den perfekte vej at g\u00e5. Du kan m\u00f8de nye mennesker, udforske nye seksuelle oplevelser og have masser af sjov i processen. Plus, du ved aldrig, hvor du kan finde dit perfekte match. S\u00e5 hvis du er klar til at krydre dit k\u00e6rlighedsliv, er swingers hookups vejen at g\u00e5.<\/p>\n<p>Hvis du \u00f8nsker at tilf\u00f8je lidt krydderi til dit datingliv, kan du tjekke et lokalt swingerside. Swingersider er en fantastisk m\u00e5de at m\u00f8de nye mennesker, der deler dine samme interesser. Du kan gennemse profiler og finde personer i dit omr\u00e5de, der er interesseret i de samme ting som dig. Plus, du kan chatte med andre medlemmer og l\u00e6re dem at kende, f\u00f8r du m\u00f8des personligt. Swinger sites er en fantastisk m\u00e5de at have det sjovt og m\u00f8de nye mennesker.<\/p>\n<h3>SimpleFlirts<\/h3>\n<p>Hvis du leder efter et lokalt swinger-websted, er SimpleFlirts en god mulighed. Webstedet har en stor database med medlemmer, s\u00e5 du er sikker p\u00e5 at finde nogen i dit omr\u00e5de. S\u00f8gefunktionen er nem at bruge, og du kan filtrere dine resultater efter alder, placering og interesser. Meddelelsessystemet er enkelt og nemt at bruge, og du kan ogs\u00e5 sende fotos og videoer. Webstedet har ogs\u00e5 en mobilapp, s\u00e5 du kan f\u00e5 adgang til din konto p\u00e5 farten. Den eneste ulempe er, at webstedet ikke har mange klokker og fl\u00f8jter &#8211; men det er perfekt til at finde lokale swingere.<\/p>\n<h3>SextFun<\/h3>\n<p>SextFun er en dating app, der forbinder lokale swingere med hinanden. Appen er gratis at downloade og bruge, og den tilbyder en r\u00e6kke funktioner, der g\u00f8r det nemt at oprette forbindelse til andre swingere i dit omr\u00e5de. SextFun tilbyder ogs\u00e5 en r\u00e6kke funktioner, der g\u00f8r det nemt at finde og oprette forbindelse til andre lokale swingere. Appen er tilg\u00e6ngelig til b\u00e5de iOS og Android, og det er en fantastisk m\u00e5de at m\u00f8de andre lokale swingere i dit omr\u00e5de.<\/p>\n<h3>OpvarmedeAffairs<\/h3>\n<p>HeatedAffairs er en af de mest popul\u00e6re dating apps til lokale swingere. Appen er designet til at hj\u00e6lpe par med at oprette forbindelse til andre par i deres omr\u00e5de for sjov og sp\u00e6nding. Appen er gratis at downloade og bruge, og den tilbyder en bred vifte af funktioner, der hj\u00e6lper par med at oprette forbindelse til hinanden. Appen indeholder ogs\u00e5 et beskedsystem, s\u00e5 par kan chatte og flirte med hinanden.<\/p>\n","protected":false},"excerpt":{"rendered":"<p>Der er mange lokale swingersider, som du kan bruge til at tilslutte dig folk i dit omr\u00e5de. Disse websteder er en fantastisk m\u00e5de at m\u00f8de nye mennesker og udforske dine seksuelle gr\u00e6nser. Du kan bruge disse websteder til at finde folk, der er i de samme ting som dig, og som leder efter en god &#8230; <a title=\"Swinger-websteder\" class=\"read-more\" href=\"http:\/\/thehottieandthenottie.com\/da\/swinger-websteder\/\" aria-label=\"More on Swinger-websteder\">L\u00e6s mere <\/a><\/p>\n","protected":false},"author":1,"featured_media":0,"parent":0,"menu_order":0,"comment_status":"closed","ping_status":"closed","template":"","meta":[],"yoast_head":"<!-- This site is optimized with the Yoast SEO plugin v17.7.1 - https:\/\/yoast.com\/wordpress\/plugins\/seo\/ -->\n<title>Swinger-websteder - Hotties i n\u00e6rheden<\/title>\n<meta name=\"robots\" content=\"index, follow, max-snippet:-1, max-image-preview:large, max-video-preview:-1\" \/>\n<link rel=\"canonical\" href=\"http:\/\/thehottieandthenottie.com\/da\/swinger-websteder\/\" \/>\n<meta property=\"og:locale\" content=\"da_DK\" \/>\n<meta property=\"og:type\" content=\"article\" \/>\n<meta property=\"og:title\" content=\"Swinger-websteder - Hotties i n\u00e6rheden\" \/>\n<meta property=\"og:description\" content=\"Der er mange lokale swingersider, som du kan bruge til at tilslutte dig folk i dit omr\u00e5de. Disse websteder er en fantastisk m\u00e5de at m\u00f8de nye mennesker og udforske dine seksuelle gr\u00e6nser. Du kan bruge disse websteder til at finde folk, der er i de samme ting som dig, og som leder efter en god ... L\u00e6s mere\" \/>\n<meta property=\"og:url\" content=\"http:\/\/thehottieandthenottie.com\/da\/swinger-websteder\/\" \/>\n<meta property=\"og:site_name\" content=\"Hotties i n\u00e6rheden\" \/>\n<meta name=\"twitter:card\" content=\"summary_large_image\" \/>\n<meta name=\"twitter:label1\" content=\"Estimeret l\u00e6setid\" \/>\n\t<meta name=\"twitter:data1\" content=\"3 minutter\" \/>\n<script type=\"application\/ld+json\" class=\"yoast-schema-graph\">{\"@context\":\"https:\/\/schema.org\",\"@graph\":[{\"@type\":\"WebSite\",\"@id\":\"https:\/\/thehottieandthenottie.com\/#website\",\"url\":\"https:\/\/thehottieandthenottie.com\/\",\"name\":\"Hotties i n\\u00e6rheden\",\"description\":\"M\\u00f8d kvinder i dit omr\\u00e5de\",\"potentialAction\":[{\"@type\":\"SearchAction\",\"target\":{\"@type\":\"EntryPoint\",\"urlTemplate\":\"https:\/\/thehottieandthenottie.com\/?s={search_term_string}\"},\"query-input\":\"required name=search_term_string\"}],\"inLanguage\":\"da-DK\"},{\"@type\":\"WebPage\",\"@id\":\"http:\/\/thehottieandthenottie.com\/da\/swinger-websteder\/#webpage\",\"url\":\"http:\/\/thehottieandthenottie.com\/da\/swinger-websteder\/\",\"name\":\"Swinger-websteder - Hotties i n\\u00e6rheden\",\"isPartOf\":{\"@id\":\"https:\/\/thehottieandthenottie.com\/#website\"},\"datePublished\":\"2022-09-30T11:57:19+00:00\",\"dateModified\":\"2022-09-30T11:57:19+00:00\",\"breadcrumb\":{\"@id\":\"http:\/\/thehottieandthenottie.com\/da\/swinger-websteder\/#breadcrumb\"},\"inLanguage\":\"da-DK\",\"potentialAction\":[{\"@type\":\"ReadAction\",\"target\":[\"http:\/\/thehottieandthenottie.com\/da\/swinger-websteder\/\"]}]},{\"@type\":\"BreadcrumbList\",\"@id\":\"http:\/\/thehottieandthenottie.com\/da\/swinger-websteder\/#breadcrumb\",\"itemListElement\":[{\"@type\":\"ListItem\",\"position\":1,\"name\":\"Home\",\"item\":\"http:\/\/thehottieandthenottie.com\/da\/\"},{\"@type\":\"ListItem\",\"position\":2,\"name\":\"Swinger-websteder\"}]}]}<\/script>\n<!-- \/ Yoast SEO plugin. -->","yoast_head_json":{"title":"Swinger-websteder - Hotties i n\u00e6rheden","robots":{"index":"index","follow":"follow","max-snippet":"max-snippet:-1","max-image-preview":"max-image-preview:large","max-video-preview":"max-video-preview:-1"},"canonical":"http:\/\/thehottieandthenottie.com\/da\/swinger-websteder\/","og_locale":"da_DK","og_type":"article","og_title":"Swinger-websteder - Hotties i n\u00e6rheden","og_description":"Der er mange lokale swingersider, som du kan bruge til at tilslutte dig folk i dit omr\u00e5de. Disse websteder er en fantastisk m\u00e5de at m\u00f8de nye mennesker og udforske dine seksuelle gr\u00e6nser. Du kan bruge disse websteder til at finde folk, der er i de samme ting som dig, og som leder efter en god ... L\u00e6s mere","og_url":"http:\/\/thehottieandthenottie.com\/da\/swinger-websteder\/","og_site_name":"Hotties i n\u00e6rheden","twitter_card":"summary_large_image","twitter_misc":{"Estimeret l\u00e6setid":"3 minutter"},"schema":{"@context":"https:\/\/schema.org","@graph":[{"@type":"WebSite","@id":"https:\/\/thehottieandthenottie.com\/#website","url":"https:\/\/thehottieandthenottie.com\/","name":"Hotties i n\u00e6rheden","description":"M\u00f8d kvinder i dit omr\u00e5de","potentialAction":[{"@type":"SearchAction","target":{"@type":"EntryPoint","urlTemplate":"https:\/\/thehottieandthenottie.com\/?s={search_term_string}"},"query-input":"required name=search_term_string"}],"inLanguage":"da-DK"},{"@type":"WebPage","@id":"http:\/\/thehottieandthenottie.com\/da\/swinger-websteder\/#webpage","url":"http:\/\/thehottieandthenottie.com\/da\/swinger-websteder\/","name":"Swinger-websteder - Hotties i n\u00e6rheden","isPartOf":{"@id":"https:\/\/thehottieandthenottie.com\/#website"},"datePublished":"2022-09-30T11:57:19+00:00","dateModified":"2022-09-30T11:57:19+00:00","breadcrumb":{"@id":"http:\/\/thehottieandthenottie.com\/da\/swinger-websteder\/#breadcrumb"},"inLanguage":"da-DK","potentialAction":[{"@type":"ReadAction","target":["http:\/\/thehottieandthenottie.com\/da\/swinger-websteder\/"]}]},{"@type":"BreadcrumbList","@id":"http:\/\/thehottieandthenottie.com\/da\/swinger-websteder\/#breadcrumb","itemListElement":[{"@type":"ListItem","position":1,"name":"Home","item":"http:\/\/thehottieandthenottie.com\/da\/"},{"@type":"ListItem","position":2,"name":"Swinger-websteder"}]}]}},"_links":{"self":[{"href":"http:\/\/thehottieandthenottie.com\/da\/wp-json\/wp\/v2\/pages\/557"}],"collection":[{"href":"http:\/\/thehottieandthenottie.com\/da\/wp-json\/wp\/v2\/pages"}],"about":[{"href":"http:\/\/thehottieandthenottie.com\/da\/wp-json\/wp\/v2\/types\/page"}],"author":[{"embeddable":true,"href":"http:\/\/thehottieandthenottie.com\/da\/wp-json\/wp\/v2\/users\/1"}],"replies":[{"embeddable":true,"href":"http:\/\/thehottieandthenottie.com\/da\/wp-json\/wp\/v2\/comments?post=557"}],"version-history":[{"count":0,"href":"http:\/\/thehottieandthenottie.com\/da\/wp-json\/wp\/v2\/pages\/557\/revisions"}],"wp:attachment":[{"href":"http:\/\/thehottieandthenottie.com\/da\/wp-json\/wp\/v2\/media?parent=557"}],"curies":[{"name":"wp","href":"https:\/\/api.w.org\/{rel}","templated":true}]}}