{"id":575,"date":"2022-09-30T12:56:42","date_gmt":"2022-09-30T11:56:42","guid":{"rendered":"http:\/\/thehottieandthenottie.com\/gratis-voksen-rubrikannoncer\/"},"modified":"2022-09-30T12:56:42","modified_gmt":"2022-09-30T11:56:42","slug":"gratis-voksen-rubrikannoncer","status":"publish","type":"page","link":"http:\/\/thehottieandthenottie.com\/da\/gratis-voksen-rubrikannoncer\/","title":{"rendered":"Gratis voksen rubrikannoncer"},"content":{"rendered":"<p>Der er ingen grund til at g\u00e5 til en bar eller klub for at hente i forhold til n\u00e5r du bruger lokale voksne kontaktannoncer. Alt du skal g\u00f8re er at sende en personlig annonce online, og du kan tilslutte dig en lokal i dit omr\u00e5de uden selv at forlade dit hus. Du kan v\u00e6re s\u00e5 specifik, som du vil i din annonce, s\u00e5 du kun tiltr\u00e6kker personer, der leder efter det samme som dig. Husk, at ikke alle leder efter et one night stand, s\u00e5 hvis det er alt, hvad du leder efter, har du m\u00e5ske bedre held andre steder.<\/p>\n<h2>Lokale sex kontaktannoncer<\/h2>\n<p>Der er mange mennesker, der bruger sexkontaktannoncer, n\u00e5r de leder efter en date. Dette skyldes, at de kan v\u00e6re meget specifikke om, hvad de leder efter, og de kan finde folk, der leder efter det samme. Der er ogs\u00e5 mange mennesker, der bruger sexkontaktannoncer til at finde nogen at have et afslappet m\u00f8de med. Dette skyldes, at det er meget lettere at finde nogen, der leder efter det samme, n\u00e5r du bruger et sexkontaktwebsted. Der er mange voksne rubrikannoncer websteder, der henvender sig til dem, der leder efter k\u00e6rlighed. Disse websteder tilbyder en r\u00e6kke tjenester, der kan hj\u00e6lpe dig med at finde det perfekte match. De kan ogs\u00e5 give dig tips og r\u00e5d om, hvordan du f\u00e5r mest muligt ud af dit forhold. De fleste af disse websteder er gratis at bruge, s\u00e5 du kan gennemse dem p\u00e5 din fritid.<\/p>\n<h2>Gratis sexannoncer<\/h2>\n<p>Der har v\u00e6ret en nylig stigning i <a href=\"http:\/\/thehottieandthenottie.com\/fuck-someone-near-you\/\">lokale sexannoncer<\/a> i datingverdenen. Dette skyldes sandsynligvis, at folk f\u00f8ler sig mere komfortable med deres seksualitet og er mere \u00e5bne for at udforske deres muligheder. Disse annoncer kan v\u00e6re en fantastisk m\u00e5de at komme i kontakt med nogen, der deler dine interesser og \u00f8nsker. De kan ogs\u00e5 v\u00e6re en fantastisk m\u00e5de at finde nogen, der leder efter noget lidt mere afslappet. Hvis du er interesseret i at udforske dine muligheder, kan det v\u00e6re et godt sted at starte at tjekke lokale sexannoncer. Bare s\u00f8rg for at v\u00e6re sikker og \u00e6rlig om, hvad du leder efter.<\/p>\n<h3>Dobbeltliste<\/h3>\n<p>DoubleList er en ny datingapp, der har f\u00e5et meget buzz p\u00e5 det seneste. Appen er designet til at hj\u00e6lpe dig med at finde lokale voksne singler til dato og tilslutte dig. Appen er gratis at downloade og bruge, og den er tilg\u00e6ngelig til b\u00e5de iOS- og Android-enheder. DoubleList-appen er meget brugervenlig og nem at navigere. Du kan gennemse profiler af lokale singler i dit omr\u00e5de og se deres billeder og oplysninger. N\u00e5r du finder en person, du er interesseret i, kan du sende vedkommende en besked og begynde at chatte. Appen har ogs\u00e5 et indbygget chatsystem, s\u00e5 du kan chatte med dine kampe i realtid. DoubleList-appen er en fantastisk m\u00e5de at m\u00f8de lokale singler til dating og tilslutning.<\/p>\n<h3>Badoo<\/h3>\n<p>Badoo er en datingapp, der vokser i popularitet blandt voksne, der leder efter lokale tilslutninger. Appen er gratis at downloade og bruge, og den tilbyder en r\u00e6kke funktioner, der g\u00f8r det nemt at oprette forbindelse til potentielle kampe i dit omr\u00e5de. Badoo har ogs\u00e5 en st\u00e6rk privatlivspolitik, og det er en af de f\u00e5 datingapps, der giver dig mulighed for at kontrollere, hvem der kan se din profil. Samlet set er Badoo en god mulighed for voksne, der leder efter en tilslutningsapp, der er nem at bruge og har en st\u00e6rk privatlivspolitik.<\/p>\n<h3>Alt.com<\/h3>\n<p>Alt.com er en lokal datingapp for voksne, der har f\u00e5et meget buzz p\u00e5 det seneste. Appen er gratis at downloade, og den lover at hj\u00e6lpe dig med at finde lokale voksne at tilslutte dig. Men lever det op til hypen?<\/p>\n<p>Jeg besluttede at give Alt.com en chance og se for mig selv. Tilmeldingsprocessen var hurtig og nem, og jeg kiggede snart gennem lokale voksenprofiler. Jeg var overrasket over, hvor mange der var! Jeg fandt et par potentielle kampe og chattede med dem i et stykke tid.<\/p>\n<p>Samlet set var jeg imponeret over Alt.com. Det er en fantastisk m\u00e5de at m\u00f8de lokale voksne til afslappede tilslutninger. Appen er nem at bruge, og der er masser af brugere at v\u00e6lge imellem. Hvis du leder efter en ny datingapp at pr\u00f8ve, anbefaler jeg at give Alt.com et skud.<\/p>\n","protected":false},"excerpt":{"rendered":"<p>Der er ingen grund til at g\u00e5 til en bar eller klub for at hente i forhold til n\u00e5r du bruger lokale voksne kontaktannoncer. Alt du skal g\u00f8re er at sende en personlig annonce online, og du kan tilslutte dig en lokal i dit omr\u00e5de uden selv at forlade dit hus. Du kan v\u00e6re s\u00e5 &#8230; <a title=\"Gratis voksen rubrikannoncer\" class=\"read-more\" href=\"http:\/\/thehottieandthenottie.com\/da\/gratis-voksen-rubrikannoncer\/\" aria-label=\"More on Gratis voksen rubrikannoncer\">L\u00e6s mere <\/a><\/p>\n","protected":false},"author":1,"featured_media":0,"parent":0,"menu_order":0,"comment_status":"closed","ping_status":"closed","template":"","meta":[],"yoast_head":"<!-- This site is optimized with the Yoast SEO plugin v17.7.1 - https:\/\/yoast.com\/wordpress\/plugins\/seo\/ -->\n<title>Gratis voksen rubrikannoncer - Hotties i n\u00e6rheden<\/title>\n<meta name=\"robots\" content=\"index, follow, max-snippet:-1, max-image-preview:large, max-video-preview:-1\" \/>\n<link rel=\"canonical\" href=\"http:\/\/thehottieandthenottie.com\/da\/gratis-voksen-rubrikannoncer\/\" \/>\n<meta property=\"og:locale\" content=\"da_DK\" \/>\n<meta property=\"og:type\" content=\"article\" \/>\n<meta property=\"og:title\" content=\"Gratis voksen rubrikannoncer - Hotties i n\u00e6rheden\" \/>\n<meta property=\"og:description\" content=\"Der er ingen grund til at g\u00e5 til en bar eller klub for at hente i forhold til n\u00e5r du bruger lokale voksne kontaktannoncer. Alt du skal g\u00f8re er at sende en personlig annonce online, og du kan tilslutte dig en lokal i dit omr\u00e5de uden selv at forlade dit hus. Du kan v\u00e6re s\u00e5 ... L\u00e6s mere\" \/>\n<meta property=\"og:url\" content=\"http:\/\/thehottieandthenottie.com\/da\/gratis-voksen-rubrikannoncer\/\" \/>\n<meta property=\"og:site_name\" content=\"Hotties i n\u00e6rheden\" \/>\n<meta name=\"twitter:card\" content=\"summary_large_image\" \/>\n<meta name=\"twitter:label1\" content=\"Estimeret l\u00e6setid\" \/>\n\t<meta name=\"twitter:data1\" content=\"4 minutter\" \/>\n<script type=\"application\/ld+json\" class=\"yoast-schema-graph\">{\"@context\":\"https:\/\/schema.org\",\"@graph\":[{\"@type\":\"WebSite\",\"@id\":\"https:\/\/thehottieandthenottie.com\/#website\",\"url\":\"https:\/\/thehottieandthenottie.com\/\",\"name\":\"Hotties i n\\u00e6rheden\",\"description\":\"M\\u00f8d kvinder i dit omr\\u00e5de\",\"potentialAction\":[{\"@type\":\"SearchAction\",\"target\":{\"@type\":\"EntryPoint\",\"urlTemplate\":\"https:\/\/thehottieandthenottie.com\/?s={search_term_string}\"},\"query-input\":\"required name=search_term_string\"}],\"inLanguage\":\"da-DK\"},{\"@type\":\"WebPage\",\"@id\":\"http:\/\/thehottieandthenottie.com\/da\/gratis-voksen-rubrikannoncer\/#webpage\",\"url\":\"http:\/\/thehottieandthenottie.com\/da\/gratis-voksen-rubrikannoncer\/\",\"name\":\"Gratis voksen rubrikannoncer - Hotties i n\\u00e6rheden\",\"isPartOf\":{\"@id\":\"https:\/\/thehottieandthenottie.com\/#website\"},\"datePublished\":\"2022-09-30T11:56:42+00:00\",\"dateModified\":\"2022-09-30T11:56:42+00:00\",\"breadcrumb\":{\"@id\":\"http:\/\/thehottieandthenottie.com\/da\/gratis-voksen-rubrikannoncer\/#breadcrumb\"},\"inLanguage\":\"da-DK\",\"potentialAction\":[{\"@type\":\"ReadAction\",\"target\":[\"http:\/\/thehottieandthenottie.com\/da\/gratis-voksen-rubrikannoncer\/\"]}]},{\"@type\":\"BreadcrumbList\",\"@id\":\"http:\/\/thehottieandthenottie.com\/da\/gratis-voksen-rubrikannoncer\/#breadcrumb\",\"itemListElement\":[{\"@type\":\"ListItem\",\"position\":1,\"name\":\"Home\",\"item\":\"https:\/\/thehottieandthenottie.com\/da\/\"},{\"@type\":\"ListItem\",\"position\":2,\"name\":\"Gratis voksen rubrikannoncer\"}]}]}<\/script>\n<!-- \/ Yoast SEO plugin. -->","yoast_head_json":{"title":"Gratis voksen rubrikannoncer - Hotties i n\u00e6rheden","robots":{"index":"index","follow":"follow","max-snippet":"max-snippet:-1","max-image-preview":"max-image-preview:large","max-video-preview":"max-video-preview:-1"},"canonical":"http:\/\/thehottieandthenottie.com\/da\/gratis-voksen-rubrikannoncer\/","og_locale":"da_DK","og_type":"article","og_title":"Gratis voksen rubrikannoncer - Hotties i n\u00e6rheden","og_description":"Der er ingen grund til at g\u00e5 til en bar eller klub for at hente i forhold til n\u00e5r du bruger lokale voksne kontaktannoncer. Alt du skal g\u00f8re er at sende en personlig annonce online, og du kan tilslutte dig en lokal i dit omr\u00e5de uden selv at forlade dit hus. Du kan v\u00e6re s\u00e5 ... L\u00e6s mere","og_url":"http:\/\/thehottieandthenottie.com\/da\/gratis-voksen-rubrikannoncer\/","og_site_name":"Hotties i n\u00e6rheden","twitter_card":"summary_large_image","twitter_misc":{"Estimeret l\u00e6setid":"4 minutter"},"schema":{"@context":"https:\/\/schema.org","@graph":[{"@type":"WebSite","@id":"https:\/\/thehottieandthenottie.com\/#website","url":"https:\/\/thehottieandthenottie.com\/","name":"Hotties i n\u00e6rheden","description":"M\u00f8d kvinder i dit omr\u00e5de","potentialAction":[{"@type":"SearchAction","target":{"@type":"EntryPoint","urlTemplate":"https:\/\/thehottieandthenottie.com\/?s={search_term_string}"},"query-input":"required name=search_term_string"}],"inLanguage":"da-DK"},{"@type":"WebPage","@id":"http:\/\/thehottieandthenottie.com\/da\/gratis-voksen-rubrikannoncer\/#webpage","url":"http:\/\/thehottieandthenottie.com\/da\/gratis-voksen-rubrikannoncer\/","name":"Gratis voksen rubrikannoncer - Hotties i n\u00e6rheden","isPartOf":{"@id":"https:\/\/thehottieandthenottie.com\/#website"},"datePublished":"2022-09-30T11:56:42+00:00","dateModified":"2022-09-30T11:56:42+00:00","breadcrumb":{"@id":"http:\/\/thehottieandthenottie.com\/da\/gratis-voksen-rubrikannoncer\/#breadcrumb"},"inLanguage":"da-DK","potentialAction":[{"@type":"ReadAction","target":["http:\/\/thehottieandthenottie.com\/da\/gratis-voksen-rubrikannoncer\/"]}]},{"@type":"BreadcrumbList","@id":"http:\/\/thehottieandthenottie.com\/da\/gratis-voksen-rubrikannoncer\/#breadcrumb","itemListElement":[{"@type":"ListItem","position":1,"name":"Home","item":"https:\/\/thehottieandthenottie.com\/da\/"},{"@type":"ListItem","position":2,"name":"Gratis voksen rubrikannoncer"}]}]}},"_links":{"self":[{"href":"http:\/\/thehottieandthenottie.com\/da\/wp-json\/wp\/v2\/pages\/575"}],"collection":[{"href":"http:\/\/thehottieandthenottie.com\/da\/wp-json\/wp\/v2\/pages"}],"about":[{"href":"http:\/\/thehottieandthenottie.com\/da\/wp-json\/wp\/v2\/types\/page"}],"author":[{"embeddable":true,"href":"http:\/\/thehottieandthenottie.com\/da\/wp-json\/wp\/v2\/users\/1"}],"replies":[{"embeddable":true,"href":"http:\/\/thehottieandthenottie.com\/da\/wp-json\/wp\/v2\/comments?post=575"}],"version-history":[{"count":0,"href":"http:\/\/thehottieandthenottie.com\/da\/wp-json\/wp\/v2\/pages\/575\/revisions"}],"wp:attachment":[{"href":"http:\/\/thehottieandthenottie.com\/da\/wp-json\/wp\/v2\/media?parent=575"}],"curies":[{"name":"wp","href":"https:\/\/api.w.org\/{rel}","templated":true}]}}