{"id":593,"date":"2022-09-30T12:55:07","date_gmt":"2022-09-30T11:55:07","guid":{"rendered":"http:\/\/thehottieandthenottie.com\/nsa-datering\/"},"modified":"2022-09-30T12:55:07","modified_gmt":"2022-09-30T11:55:07","slug":"nsa-datering","status":"publish","type":"page","link":"http:\/\/thehottieandthenottie.com\/da\/nsa-datering\/","title":{"rendered":"NSA-datering"},"content":{"rendered":"<p>Der er et par m\u00e5der at g\u00e5 om at finde et one night stand i n\u00e6rheden af dig. Den nemmeste m\u00e5de er at bruge en datingapp som Tinder eller Bumble. Du kan ogs\u00e5 pr\u00f8ve at g\u00e5 p\u00e5 en bar eller klub og se, om der er nogen enkelt mennesker, der synes interesseret i at tilslutte sig. Hvis du ikke har held med at finde nogen, der er interesseret i et one night stand, kan du altid pr\u00f8ve at sende en personlig annonce p\u00e5 Craigslist eller et lignende websted. Bare s\u00f8rg for at v\u00e6re klar over, hvad du leder efter, og v\u00e6r sikker, n\u00e5r du m\u00f8des med fremmede.<\/p>\n<p>Der er mange websteder derude, der kan hj\u00e6lpe dig med at finde et one night stand. Alt du skal g\u00f8re er at indtaste det, du leder efter, og din placering, og du vil v\u00e6re i stand til at finde en liste over potentielle kampe. Du kan derefter sende dem en besked og arrangere at m\u00f8des. Bare s\u00f8rg for at v\u00e6re sikker og brug kondom!<\/p>\n<h2>NSA Dating Hjemmesider<\/h2>\n<p>Der er ingen tvivl om, at NSA-dating kan v\u00e6re en fantastisk m\u00e5de at finde k\u00e6rlighed p\u00e5. N\u00e5r alt kommer til alt, hvad kunne v\u00e6re mere romantisk end at m\u00f8de nogen uden nogen forventninger eller strenge knyttet? Det er dog vigtigt at huske p\u00e5, at NSA-dating ikke er for alle. Hvis du leder efter noget seri\u00f8st, s\u00e5 er denne type dating sandsynligvis ikke noget for dig. Men hvis du bare leder efter sjov og sp\u00e6nding, s\u00e5 kan NSA dating v\u00e6re den perfekte m\u00e5de at finde det p\u00e5.<\/p>\n<h2>One Night Stand Dating<\/h2>\n<p>Der er noget befriende ved et one night stand. Ingen strenge knyttet, ingen forventninger &#8211; bare to personer nyder hinandens selskab for en nat. Og hvis du leder efter et websted, der kan hj\u00e6lpe dig med at finde et one night stand, s\u00e5 led ikke l\u00e6ngere end One Night Stand Site. One Night Stand Site er det perfekte sted at finde nogen til en uforpligtende tilslutning. Uanset om du bare leder efter noget afslappet sjov, eller du faktisk h\u00e5ber at finde din n\u00e6ste langsigtede partner, kan One Night Stand Site hj\u00e6lpe dig med at finde det, du leder efter.<\/p>\n<p>Alt du skal g\u00f8re er at tilmelde dig, oprette en profil og begynde at gennemse andre medlemmers profiler. N\u00e5r du finder nogen, du er interesseret i, skal du bare sende dem en besked og se, hvor tingene g\u00e5r derfra. S\u00e5 hvis du er klar til at have det sjovt og opleve sp\u00e6ndingen ved et one night stand, s\u00e5 tilmeld dig One Night Stand Site i dag!<\/p>\n<h3>FriendFinder-X<\/h3>\n<p>Hvis du leder efter et one night stand, er FriendFinder-X en dating app, der kan hj\u00e6lpe dig med at finde lokale tilslutninger. Appen er gratis at downloade og bruge, og den er tilg\u00e6ngelig p\u00e5 b\u00e5de iOS og Android. FriendFinder-X er nem at bruge, og det tager kun et par minutter at tilmelde sig. N\u00e5r du er tilmeldt, kan du begynde at gennemse lokale singler og sende beskeder til dem. Appen har ogs\u00e5 en &#8220;hot or not&#8221; -funktion, som giver dig mulighed for at bed\u00f8mme andre brugere. Hvis du leder efter et one night stand, er FriendFinder-X en god mulighed.<\/p>\n<h3>Rubmaps<\/h3>\n<p>Rubmaps er en dating app, der giver dig mulighed for at finde potentielle one night stand partnere i n\u00e6rheden af dig. Appen er gratis at downloade og bruge, og den tilbyder en r\u00e6kke funktioner, der hj\u00e6lper dig med at finde et match. Du kan s\u00f8ge efter potentielle partnere efter placering, alder og interesser, og du kan sende dem direkte beskeder. Appen indeholder ogs\u00e5 en indbygget chatfunktion, s\u00e5 du kan l\u00e6re din potentielle partner at kende, inden du m\u00f8des. Samlet set er Rubmaps en god mulighed for at finde et one night stand i n\u00e6rheden af dig.<\/p>\n<h3>Shag<\/h3>\n<p>Hvis du leder efter et one night stand, s\u00e5 er Shag m\u00e5ske datingappen for dig. Det er hurtigt, nemt at bruge, og du kan filtrere dine matches efter placering, alder og forholdsstatus. Appen er dog kun tilg\u00e6ngelig i Storbritannien og Irland, s\u00e5 hvis du ikke er i et af disse lande, vil du v\u00e6re uheldig.<\/p>\n","protected":false},"excerpt":{"rendered":"<p>Der er et par m\u00e5der at g\u00e5 om at finde et one night stand i n\u00e6rheden af dig. Den nemmeste m\u00e5de er at bruge en datingapp som Tinder eller Bumble. Du kan ogs\u00e5 pr\u00f8ve at g\u00e5 p\u00e5 en bar eller klub og se, om der er nogen enkelt mennesker, der synes interesseret i at tilslutte &#8230; <a title=\"NSA-datering\" class=\"read-more\" href=\"http:\/\/thehottieandthenottie.com\/da\/nsa-datering\/\" aria-label=\"More on NSA-datering\">L\u00e6s mere <\/a><\/p>\n","protected":false},"author":1,"featured_media":0,"parent":0,"menu_order":0,"comment_status":"closed","ping_status":"closed","template":"","meta":[],"yoast_head":"<!-- This site is optimized with the Yoast SEO plugin v17.7.1 - https:\/\/yoast.com\/wordpress\/plugins\/seo\/ -->\n<title>NSA-datering - Hotties i n\u00e6rheden<\/title>\n<meta name=\"robots\" content=\"index, follow, max-snippet:-1, max-image-preview:large, max-video-preview:-1\" \/>\n<link rel=\"canonical\" href=\"http:\/\/thehottieandthenottie.com\/da\/nsa-datering\/\" \/>\n<meta property=\"og:locale\" content=\"da_DK\" \/>\n<meta property=\"og:type\" content=\"article\" \/>\n<meta property=\"og:title\" content=\"NSA-datering - Hotties i n\u00e6rheden\" \/>\n<meta property=\"og:description\" content=\"Der er et par m\u00e5der at g\u00e5 om at finde et one night stand i n\u00e6rheden af dig. Den nemmeste m\u00e5de er at bruge en datingapp som Tinder eller Bumble. Du kan ogs\u00e5 pr\u00f8ve at g\u00e5 p\u00e5 en bar eller klub og se, om der er nogen enkelt mennesker, der synes interesseret i at tilslutte ... L\u00e6s mere\" \/>\n<meta property=\"og:url\" content=\"http:\/\/thehottieandthenottie.com\/da\/nsa-datering\/\" \/>\n<meta property=\"og:site_name\" content=\"Hotties i n\u00e6rheden\" \/>\n<meta name=\"twitter:card\" content=\"summary_large_image\" \/>\n<meta name=\"twitter:label1\" content=\"Estimeret l\u00e6setid\" \/>\n\t<meta name=\"twitter:data1\" content=\"4 minutter\" \/>\n<script type=\"application\/ld+json\" class=\"yoast-schema-graph\">{\"@context\":\"https:\/\/schema.org\",\"@graph\":[{\"@type\":\"WebSite\",\"@id\":\"https:\/\/thehottieandthenottie.com\/#website\",\"url\":\"https:\/\/thehottieandthenottie.com\/\",\"name\":\"Hotties i n\\u00e6rheden\",\"description\":\"M\\u00f8d kvinder i dit omr\\u00e5de\",\"potentialAction\":[{\"@type\":\"SearchAction\",\"target\":{\"@type\":\"EntryPoint\",\"urlTemplate\":\"https:\/\/thehottieandthenottie.com\/?s={search_term_string}\"},\"query-input\":\"required name=search_term_string\"}],\"inLanguage\":\"da-DK\"},{\"@type\":\"WebPage\",\"@id\":\"http:\/\/thehottieandthenottie.com\/da\/nsa-datering\/#webpage\",\"url\":\"http:\/\/thehottieandthenottie.com\/da\/nsa-datering\/\",\"name\":\"NSA-datering - Hotties i n\\u00e6rheden\",\"isPartOf\":{\"@id\":\"https:\/\/thehottieandthenottie.com\/#website\"},\"datePublished\":\"2022-09-30T11:55:07+00:00\",\"dateModified\":\"2022-09-30T11:55:07+00:00\",\"breadcrumb\":{\"@id\":\"http:\/\/thehottieandthenottie.com\/da\/nsa-datering\/#breadcrumb\"},\"inLanguage\":\"da-DK\",\"potentialAction\":[{\"@type\":\"ReadAction\",\"target\":[\"http:\/\/thehottieandthenottie.com\/da\/nsa-datering\/\"]}]},{\"@type\":\"BreadcrumbList\",\"@id\":\"http:\/\/thehottieandthenottie.com\/da\/nsa-datering\/#breadcrumb\",\"itemListElement\":[{\"@type\":\"ListItem\",\"position\":1,\"name\":\"Home\",\"item\":\"https:\/\/thehottieandthenottie.com\/da\/\"},{\"@type\":\"ListItem\",\"position\":2,\"name\":\"NSA-datering\"}]}]}<\/script>\n<!-- \/ Yoast SEO plugin. -->","yoast_head_json":{"title":"NSA-datering - Hotties i n\u00e6rheden","robots":{"index":"index","follow":"follow","max-snippet":"max-snippet:-1","max-image-preview":"max-image-preview:large","max-video-preview":"max-video-preview:-1"},"canonical":"http:\/\/thehottieandthenottie.com\/da\/nsa-datering\/","og_locale":"da_DK","og_type":"article","og_title":"NSA-datering - Hotties i n\u00e6rheden","og_description":"Der er et par m\u00e5der at g\u00e5 om at finde et one night stand i n\u00e6rheden af dig. Den nemmeste m\u00e5de er at bruge en datingapp som Tinder eller Bumble. Du kan ogs\u00e5 pr\u00f8ve at g\u00e5 p\u00e5 en bar eller klub og se, om der er nogen enkelt mennesker, der synes interesseret i at tilslutte ... L\u00e6s mere","og_url":"http:\/\/thehottieandthenottie.com\/da\/nsa-datering\/","og_site_name":"Hotties i n\u00e6rheden","twitter_card":"summary_large_image","twitter_misc":{"Estimeret l\u00e6setid":"4 minutter"},"schema":{"@context":"https:\/\/schema.org","@graph":[{"@type":"WebSite","@id":"https:\/\/thehottieandthenottie.com\/#website","url":"https:\/\/thehottieandthenottie.com\/","name":"Hotties i n\u00e6rheden","description":"M\u00f8d kvinder i dit omr\u00e5de","potentialAction":[{"@type":"SearchAction","target":{"@type":"EntryPoint","urlTemplate":"https:\/\/thehottieandthenottie.com\/?s={search_term_string}"},"query-input":"required name=search_term_string"}],"inLanguage":"da-DK"},{"@type":"WebPage","@id":"http:\/\/thehottieandthenottie.com\/da\/nsa-datering\/#webpage","url":"http:\/\/thehottieandthenottie.com\/da\/nsa-datering\/","name":"NSA-datering - Hotties i n\u00e6rheden","isPartOf":{"@id":"https:\/\/thehottieandthenottie.com\/#website"},"datePublished":"2022-09-30T11:55:07+00:00","dateModified":"2022-09-30T11:55:07+00:00","breadcrumb":{"@id":"http:\/\/thehottieandthenottie.com\/da\/nsa-datering\/#breadcrumb"},"inLanguage":"da-DK","potentialAction":[{"@type":"ReadAction","target":["http:\/\/thehottieandthenottie.com\/da\/nsa-datering\/"]}]},{"@type":"BreadcrumbList","@id":"http:\/\/thehottieandthenottie.com\/da\/nsa-datering\/#breadcrumb","itemListElement":[{"@type":"ListItem","position":1,"name":"Home","item":"https:\/\/thehottieandthenottie.com\/da\/"},{"@type":"ListItem","position":2,"name":"NSA-datering"}]}]}},"_links":{"self":[{"href":"http:\/\/thehottieandthenottie.com\/da\/wp-json\/wp\/v2\/pages\/593"}],"collection":[{"href":"http:\/\/thehottieandthenottie.com\/da\/wp-json\/wp\/v2\/pages"}],"about":[{"href":"http:\/\/thehottieandthenottie.com\/da\/wp-json\/wp\/v2\/types\/page"}],"author":[{"embeddable":true,"href":"http:\/\/thehottieandthenottie.com\/da\/wp-json\/wp\/v2\/users\/1"}],"replies":[{"embeddable":true,"href":"http:\/\/thehottieandthenottie.com\/da\/wp-json\/wp\/v2\/comments?post=593"}],"version-history":[{"count":0,"href":"http:\/\/thehottieandthenottie.com\/da\/wp-json\/wp\/v2\/pages\/593\/revisions"}],"wp:attachment":[{"href":"http:\/\/thehottieandthenottie.com\/da\/wp-json\/wp\/v2\/media?parent=593"}],"curies":[{"name":"wp","href":"https:\/\/api.w.org\/{rel}","templated":true}]}}