{"id":638,"date":"2022-09-30T12:54:32","date_gmt":"2022-09-30T11:54:32","guid":{"rendered":"http:\/\/thehottieandthenottie.com\/sex-hookup-sites\/"},"modified":"2022-09-30T12:54:32","modified_gmt":"2022-09-30T11:54:32","slug":"sex-hookup-sites","status":"publish","type":"page","link":"http:\/\/thehottieandthenottie.com\/da\/sex-hookup-sites\/","title":{"rendered":"Sex Hookup Sites"},"content":{"rendered":"<p>Der er mange gratis sex messaging sites derude, men ikke alle af dem er v\u00e6rd at bruge. Hvis du leder efter et websted, der hj\u00e6lper dig med at tilslutte dig nogen, vil du sikre dig, at det har et godt omd\u00f8mme, og at det er let at bruge. Du vil ogs\u00e5 sikre dig, at webstedet har mange medlemmer, s\u00e5 du er mere tilb\u00f8jelig til at finde nogen, der er kompatible med dig.<\/p>\n<h2>Gratis sex tilslutning<\/h2>\n<p>Der er mange misforst\u00e5elser derude om gratis sex dating. Mange mennesker tror, at det handler om at finde nogen at have sex med uden at skulle forpligte sig til dem f\u00f8lelsesm\u00e6ssigt eller \u00f8konomisk. Men det er ikke rigtig, hvad gratis sex dating handler om. Gratis sexdating handler om at finde nogen, som du er fysisk og f\u00f8lelsesm\u00e6ssigt tiltrukket af, og som ogs\u00e5 er tiltrukket af dig. Det handler om at have sex med nogen uden at skulle bekymre sig om de konsekvenser, der f\u00f8lger med et traditionelt forhold. Selvf\u00f8lgelig er der nogle risici forbundet med gratis sex dating. Du kan ende med at blive f\u00f8lelsesm\u00e6ssigt knyttet til en person, du ikke rigtig er kompatibel med. Og der er altid mulighed for, at du kan fange en STD. Men hvis du er villig til at tage disse risici, kan gratis sexdating v\u00e6re meget sjovt. Det kan v\u00e6re en fantastisk m\u00e5de at udforske din seksualitet og finde ud af, hvad du virkelig leder efter i en partner.<\/p>\n<p>Der er ikke noget bedre end at finde k\u00e6rlighed, og hvis du leder efter gratis sex, s\u00e5 b\u00f8r du helt sikkert tjekke Gratis sex m\u00f8d op. Dette websted er perfekt til folk, der leder efter uforpligtende sex, og du kan finde folk i dit omr\u00e5de, der leder efter det samme. Alt du skal g\u00f8re er at oprette en profil og begynde at s\u00f8ge efter folk, der leder efter gratis sex. Du kan ogs\u00e5 bruge hjemmesiden til at finde folk, der leder efter et forhold, og du kan endda finde folk, der leder efter noget mere afslappet. Uanset hvad du leder efter, kan du finde det p\u00e5 Gratis sex meet up.<\/p>\n<h2>Gratis sexchat<\/h2>\n<p>Der er mange mennesker derude, der er i fri sex sms&#8217;er. Det er her, du kan sende nogen gratis sms&#8217;er, og de vil sende dig seksuelt eksplicitte beskeder til geng\u00e6ld. Dette kan v\u00e6re en fantastisk m\u00e5de at l\u00e6re nogen at kende seksuelt uden at skulle m\u00f8des med dem personligt. Det kan ogs\u00e5 v\u00e6re en god m\u00e5de at f\u00e5 nogle seksuelle sp\u00e6ndinger derude, f\u00f8r du rent faktisk m\u00f8des med nogen personligt.<\/p>\n<h3>SwingLifestyle<\/h3>\n<p>SwingLifestyle er et gratis sex messaging site, der giver dig mulighed for at oprette forbindelse til ligesindede mennesker til afslappede m\u00f8der eller mere. Webstedet har eksisteret i et stykke tid og har et godt ry for at v\u00e6re et sikkert sted at tilslutte sig mennesker. Appen er nem at bruge og har mange funktioner, der g\u00f8r den til et godt valg for folk, der leder efter et gratis sexbeskedwebsted. Den eneste ulempe er, at webstedet ikke er s\u00e5 popul\u00e6rt som nogle af de andre gratis sexbeskedwebsteder derude.<\/p>\n<h3>XPickup<\/h3>\n<p>Hvis du leder efter et gratis sexbeskedwebsted, er XPickup en god mulighed. Appen er nem at bruge og har mange funktioner, der g\u00f8r den til et godt valg for alle, der leder efter en afslappet tilslutning. S\u00f8gefunktionen er s\u00e6rlig nyttig, da den giver dig mulighed for at finde folk i dit omr\u00e5de, der leder efter det samme som dig. Appen har ogs\u00e5 et fantastisk beskedsystem, som g\u00f8r det nemt at holde kontakten med potentielle tilslutninger. Samlet set er XPickup et godt valg for alle, der leder efter et afslappet tilslutningssted.<\/p>\n<h3>Alt.com<\/h3>\n<p>Alt.com er et gratis sex messaging site, der giver dig mulighed for at sende og modtage beskeder med andre medlemmer. Webstedet har en stor medlemsbase og er nem at bruge. Webstedet har dog ikke mange funktioner og er ikke s\u00e6rlig brugervenligt.<\/p>\n","protected":false},"excerpt":{"rendered":"<p>Der er mange gratis sex messaging sites derude, men ikke alle af dem er v\u00e6rd at bruge. Hvis du leder efter et websted, der hj\u00e6lper dig med at tilslutte dig nogen, vil du sikre dig, at det har et godt omd\u00f8mme, og at det er let at bruge. Du vil ogs\u00e5 sikre dig, at webstedet &#8230; <a title=\"Sex Hookup Sites\" class=\"read-more\" href=\"http:\/\/thehottieandthenottie.com\/da\/sex-hookup-sites\/\" aria-label=\"More on Sex Hookup Sites\">L\u00e6s mere <\/a><\/p>\n","protected":false},"author":1,"featured_media":0,"parent":0,"menu_order":0,"comment_status":"closed","ping_status":"closed","template":"","meta":[],"yoast_head":"<!-- This site is optimized with the Yoast SEO plugin v17.7.1 - https:\/\/yoast.com\/wordpress\/plugins\/seo\/ -->\n<title>Sex Hookup Sites - Hotties i n\u00e6rheden<\/title>\n<meta name=\"robots\" content=\"index, follow, max-snippet:-1, max-image-preview:large, max-video-preview:-1\" \/>\n<link rel=\"canonical\" href=\"http:\/\/thehottieandthenottie.com\/da\/sex-hookup-sites\/\" \/>\n<meta property=\"og:locale\" content=\"da_DK\" \/>\n<meta property=\"og:type\" content=\"article\" \/>\n<meta property=\"og:title\" content=\"Sex Hookup Sites - Hotties i n\u00e6rheden\" \/>\n<meta property=\"og:description\" content=\"Der er mange gratis sex messaging sites derude, men ikke alle af dem er v\u00e6rd at bruge. Hvis du leder efter et websted, der hj\u00e6lper dig med at tilslutte dig nogen, vil du sikre dig, at det har et godt omd\u00f8mme, og at det er let at bruge. Du vil ogs\u00e5 sikre dig, at webstedet ... L\u00e6s mere\" \/>\n<meta property=\"og:url\" content=\"http:\/\/thehottieandthenottie.com\/da\/sex-hookup-sites\/\" \/>\n<meta property=\"og:site_name\" content=\"Hotties i n\u00e6rheden\" \/>\n<meta name=\"twitter:card\" content=\"summary_large_image\" \/>\n<meta name=\"twitter:label1\" content=\"Estimeret l\u00e6setid\" \/>\n\t<meta name=\"twitter:data1\" content=\"3 minutter\" \/>\n<script type=\"application\/ld+json\" class=\"yoast-schema-graph\">{\"@context\":\"https:\/\/schema.org\",\"@graph\":[{\"@type\":\"WebSite\",\"@id\":\"https:\/\/thehottieandthenottie.com\/#website\",\"url\":\"https:\/\/thehottieandthenottie.com\/\",\"name\":\"Hotties i n\\u00e6rheden\",\"description\":\"M\\u00f8d kvinder i dit omr\\u00e5de\",\"potentialAction\":[{\"@type\":\"SearchAction\",\"target\":{\"@type\":\"EntryPoint\",\"urlTemplate\":\"https:\/\/thehottieandthenottie.com\/?s={search_term_string}\"},\"query-input\":\"required name=search_term_string\"}],\"inLanguage\":\"da-DK\"},{\"@type\":\"WebPage\",\"@id\":\"http:\/\/thehottieandthenottie.com\/da\/sex-hookup-sites\/#webpage\",\"url\":\"http:\/\/thehottieandthenottie.com\/da\/sex-hookup-sites\/\",\"name\":\"Sex Hookup Sites - Hotties i n\\u00e6rheden\",\"isPartOf\":{\"@id\":\"https:\/\/thehottieandthenottie.com\/#website\"},\"datePublished\":\"2022-09-30T11:54:32+00:00\",\"dateModified\":\"2022-09-30T11:54:32+00:00\",\"breadcrumb\":{\"@id\":\"http:\/\/thehottieandthenottie.com\/da\/sex-hookup-sites\/#breadcrumb\"},\"inLanguage\":\"da-DK\",\"potentialAction\":[{\"@type\":\"ReadAction\",\"target\":[\"http:\/\/thehottieandthenottie.com\/da\/sex-hookup-sites\/\"]}]},{\"@type\":\"BreadcrumbList\",\"@id\":\"http:\/\/thehottieandthenottie.com\/da\/sex-hookup-sites\/#breadcrumb\",\"itemListElement\":[{\"@type\":\"ListItem\",\"position\":1,\"name\":\"Home\",\"item\":\"https:\/\/thehottieandthenottie.com\/da\/\"},{\"@type\":\"ListItem\",\"position\":2,\"name\":\"Sex Hookup Sites\"}]}]}<\/script>\n<!-- \/ Yoast SEO plugin. -->","yoast_head_json":{"title":"Sex Hookup Sites - Hotties i n\u00e6rheden","robots":{"index":"index","follow":"follow","max-snippet":"max-snippet:-1","max-image-preview":"max-image-preview:large","max-video-preview":"max-video-preview:-1"},"canonical":"http:\/\/thehottieandthenottie.com\/da\/sex-hookup-sites\/","og_locale":"da_DK","og_type":"article","og_title":"Sex Hookup Sites - Hotties i n\u00e6rheden","og_description":"Der er mange gratis sex messaging sites derude, men ikke alle af dem er v\u00e6rd at bruge. Hvis du leder efter et websted, der hj\u00e6lper dig med at tilslutte dig nogen, vil du sikre dig, at det har et godt omd\u00f8mme, og at det er let at bruge. Du vil ogs\u00e5 sikre dig, at webstedet ... L\u00e6s mere","og_url":"http:\/\/thehottieandthenottie.com\/da\/sex-hookup-sites\/","og_site_name":"Hotties i n\u00e6rheden","twitter_card":"summary_large_image","twitter_misc":{"Estimeret l\u00e6setid":"3 minutter"},"schema":{"@context":"https:\/\/schema.org","@graph":[{"@type":"WebSite","@id":"https:\/\/thehottieandthenottie.com\/#website","url":"https:\/\/thehottieandthenottie.com\/","name":"Hotties i n\u00e6rheden","description":"M\u00f8d kvinder i dit omr\u00e5de","potentialAction":[{"@type":"SearchAction","target":{"@type":"EntryPoint","urlTemplate":"https:\/\/thehottieandthenottie.com\/?s={search_term_string}"},"query-input":"required name=search_term_string"}],"inLanguage":"da-DK"},{"@type":"WebPage","@id":"http:\/\/thehottieandthenottie.com\/da\/sex-hookup-sites\/#webpage","url":"http:\/\/thehottieandthenottie.com\/da\/sex-hookup-sites\/","name":"Sex Hookup Sites - Hotties i n\u00e6rheden","isPartOf":{"@id":"https:\/\/thehottieandthenottie.com\/#website"},"datePublished":"2022-09-30T11:54:32+00:00","dateModified":"2022-09-30T11:54:32+00:00","breadcrumb":{"@id":"http:\/\/thehottieandthenottie.com\/da\/sex-hookup-sites\/#breadcrumb"},"inLanguage":"da-DK","potentialAction":[{"@type":"ReadAction","target":["http:\/\/thehottieandthenottie.com\/da\/sex-hookup-sites\/"]}]},{"@type":"BreadcrumbList","@id":"http:\/\/thehottieandthenottie.com\/da\/sex-hookup-sites\/#breadcrumb","itemListElement":[{"@type":"ListItem","position":1,"name":"Home","item":"https:\/\/thehottieandthenottie.com\/da\/"},{"@type":"ListItem","position":2,"name":"Sex Hookup Sites"}]}]}},"_links":{"self":[{"href":"http:\/\/thehottieandthenottie.com\/da\/wp-json\/wp\/v2\/pages\/638"}],"collection":[{"href":"http:\/\/thehottieandthenottie.com\/da\/wp-json\/wp\/v2\/pages"}],"about":[{"href":"http:\/\/thehottieandthenottie.com\/da\/wp-json\/wp\/v2\/types\/page"}],"author":[{"embeddable":true,"href":"http:\/\/thehottieandthenottie.com\/da\/wp-json\/wp\/v2\/users\/1"}],"replies":[{"embeddable":true,"href":"http:\/\/thehottieandthenottie.com\/da\/wp-json\/wp\/v2\/comments?post=638"}],"version-history":[{"count":0,"href":"http:\/\/thehottieandthenottie.com\/da\/wp-json\/wp\/v2\/pages\/638\/revisions"}],"wp:attachment":[{"href":"http:\/\/thehottieandthenottie.com\/da\/wp-json\/wp\/v2\/media?parent=638"}],"curies":[{"name":"wp","href":"https:\/\/api.w.org\/{rel}","templated":true}]}}