{"id":640,"date":"2022-09-30T12:53:59","date_gmt":"2022-09-30T11:53:59","guid":{"rendered":"http:\/\/thehottieandthenottie.com\/sex-i-naerheden-af-mig\/"},"modified":"2022-09-30T12:53:59","modified_gmt":"2022-09-30T11:53:59","slug":"sex-i-naerheden-af-mig","status":"publish","type":"page","link":"http:\/\/thehottieandthenottie.com\/da\/sex-i-naerheden-af-mig\/","title":{"rendered":"Sex i n\u00e6rheden af mig"},"content":{"rendered":"<p>Der er ingen grund til at bruge timer online p\u00e5 at s\u00f8ge efter &#8220;gratis sex i n\u00e6rheden af mig.&#8221; Bare g\u00e5 til din lokale bar eller klub og begynd at chatte potentielle tilslutninger. Du kan blive overrasket over, hvor let det er at finde nogen, der er nede for nogle uforpligtende sjov. Bare husk at v\u00e6re sikker og brug beskyttelse!<\/p>\n<h2>Find Sex<\/h2>\n<p>Der er ikke noget som sp\u00e6ndingen ved at vide, at der er <a href=\"http:\/\/thehottieandthenottie.com\/swinger-sites\/\">gratis sex i n\u00e6rheden<\/a>. Uanset om det er en engangsforbindelse eller en almindelig ting, er det altid sp\u00e6ndende. Og selvf\u00f8lgelig er det endnu bedre, n\u00e5r du ikke beh\u00f8ver at g\u00e5 langt for at finde det. Hvis du leder efter gratis sex i n\u00e6rheden, er en af de bedste m\u00e5der at finde det p\u00e5 gennem online dating. Der er masser af datingsider og apps derude, der kan hj\u00e6lpe dig med at oprette forbindelse til nogen, der er interesseret i det samme. Selvf\u00f8lgelig kan du ogs\u00e5 pr\u00f8ve lykken p\u00e5 barer eller klubber. Men hvis du ikke er i den scene, er online dating bestemt vejen at g\u00e5. Med s\u00e5 mange mennesker, der leder efter gratis sex, er du sikker p\u00e5 at finde nogen, der er nede for det.<\/p>\n<h2>Lokale tilslutninger<\/h2>\n<p>N\u00e5r du pr\u00f8ver at finde k\u00e6rligheden, kan det f\u00f8les, som om du leder efter en n\u00e5l i en h\u00f8stak. Men hvis du udvider din s\u00f8gning til at omfatte potentielle partnere, der bor i n\u00e6rheden af dig, \u00f8ges dine chancer for at finde k\u00e6rlighed eksponentielt. Og takket v\u00e6re teknologien er det nemmere end nogensinde at finde nogen, der knepper i n\u00e6rheden af dig. Der er en r\u00e6kke dating apps og hjemmesider, der giver dig mulighed for at s\u00f8ge efter potentielle partnere efter placering. S\u00e5 hvis du leder efter k\u00e6rlighed, og du er villig til at kneppe i n\u00e6rheden af nogen, er der en god chance for, at du kan finde det, du leder efter. Selvf\u00f8lgelig er der ingen garantier i livet. Men hvis du er \u00e5ben for at kneppe i n\u00e6rheden af nogen for at finde k\u00e6rlighed, kan du blive overrasket over, hvor let det er at finde et match. S\u00e5 g\u00e5 videre og pr\u00f8v det. Du kan bare finde dit livs k\u00e6rlighed.<\/p>\n<h2>Afslappet sexm\u00f8de<\/h2>\n<p>Der er ikke noget svar p\u00e5 dette sp\u00f8rgsm\u00e5l, da folk har forskellige meninger om, hvad der kvalificerer sig som &#8220;afslappet sex&#8221;. For nogle mennesker refererer afslappet sex til seksuel aktivitet, der ikke involverer nogen form for f\u00f8lelsesm\u00e6ssig forbindelse eller engagement, mens det for andre simpelthen refererer til sex, der ikke er en del af et langsigtet, monogamt forhold.<\/p>\n<p>Hvis du er interesseret i at udforske afslappet sex, er der et par ting at huske p\u00e5. F\u00f8rst skal du s\u00f8rge for at kommunikere med din partner (e) om dine forventninger og gr\u00e6nser omkring sex. Det er ogs\u00e5 vigtigt at v\u00e6re \u00e6rlig over for dig selv om, hvad du leder efter, og hvad du er fortrolig med. Hvis du ikke er sikker, er det OK! Du kan altid eksperimentere og se, hvad der f\u00f8les godt for dig.<\/p>\n<p>Endelig skal du huske at \u00f8ve sikker sex ved hj\u00e6lp af kondomer og \/ eller andre former for pr\u00e6vention og blive testet for k\u00f8nssygdomme regelm\u00e6ssigt. Afslappet sex kan v\u00e6re en sjov og sp\u00e6ndende m\u00e5de at udforske din seksualitet p\u00e5, men det er vigtigt at v\u00e6re sikker og ansvarlig.<\/p>\n<h3>Badoo<\/h3>\n<p>Badoo er en gratis online dating app, der giver dig mulighed for at m\u00f8de nye mennesker i dit omr\u00e5de. Det er ikke n\u00f8dvendigt at oprette en konto for at bruge Badoo, og du kan begynde at chatte med folk i n\u00e6rheden med det samme. Appen har ogs\u00e5 en betalt abonnementsmulighed, der giver dig adgang til yderligere funktioner s\u00e5som ubegr\u00e6nset messaging og muligheden for at se, hvem der har set din profil. Badoo er ikke en tilslutningsapp og er ikke beregnet til brug som en m\u00e5de at finde gratis sex i n\u00e6rheden af mig. Imidlertid bruger mange brugere appen til dette form\u00e5l, og det er muligt at finde folk, der er interesserede i afslappede tilslutninger og seksuelle m\u00f8der. Appen er relativt sikker at bruge, og der er en r\u00e6kke m\u00e5der at rapportere og blokere brugere, der opf\u00f8rer sig upassende. Samlet set er Badoo en god mulighed for at m\u00f8de nye mennesker og potentielt finde afslappede tilslutninger.<\/p>\n<h3>100 kr., Kj\u00e6r &amp; Sommerfeld<\/h3>\n<p>Hvis du leder efter en diskret m\u00e5de at have en aff\u00e6re eller tilslutning p\u00e5, s\u00e5 er Ashley Madison datingappen for dig. Med over 60 millioner medlemmer over hele verden er det en af de mest popul\u00e6re apps til folk, der leder efter udenoms\u00e6gteskabelige aff\u00e6rer og afslappede m\u00f8der. Appen er gratis at downloade og bruge, men du skal k\u00f8be kreditter for at l\u00e5se op for visse funktioner. Samlet set er Ashley Madison en fantastisk app til alle, der leder efter lidt ekstra sp\u00e6nding i deres k\u00e6rlighedsliv.<\/p>\n<h3>DateMyAge<\/h3>\n<p>Hvis du leder efter en ny datingapp, er DateMyAge en god mulighed. Det er gratis at downloade og har en 4.5-stjernet vurdering i App Store. Appen er designet til folk over 50 \u00e5r og er en fantastisk m\u00e5de at m\u00f8de nye mennesker p\u00e5, uanset om du leder efter venskab eller k\u00e6rlighed. Appen er nem at bruge og har mange fantastiske funktioner, som muligheden for at se profiler fra andre brugere i dit omr\u00e5de. Du kan ogs\u00e5 sende beskeder og bruge chatfunktionen til at l\u00e6re andre brugere bedre at kende.<\/p>\n<p>Samlet set vil jeg helt klart anbefale DateMyAge til alle, der leder efter en ny datingapp. Det er en fantastisk m\u00e5de at m\u00f8de nye mennesker p\u00e5, og det er gratis at bruge.<\/p>\n","protected":false},"excerpt":{"rendered":"<p>Der er ingen grund til at bruge timer online p\u00e5 at s\u00f8ge efter &#8220;gratis sex i n\u00e6rheden af mig.&#8221; Bare g\u00e5 til din lokale bar eller klub og begynd at chatte potentielle tilslutninger. Du kan blive overrasket over, hvor let det er at finde nogen, der er nede for nogle uforpligtende sjov. Bare husk at &#8230; <a title=\"Sex i n\u00e6rheden af mig\" class=\"read-more\" href=\"http:\/\/thehottieandthenottie.com\/da\/sex-i-naerheden-af-mig\/\" aria-label=\"More on Sex i n\u00e6rheden af mig\">L\u00e6s mere <\/a><\/p>\n","protected":false},"author":1,"featured_media":0,"parent":0,"menu_order":0,"comment_status":"closed","ping_status":"closed","template":"","meta":[],"yoast_head":"<!-- This site is optimized with the Yoast SEO plugin v17.7.1 - https:\/\/yoast.com\/wordpress\/plugins\/seo\/ -->\n<title>Sex i n\u00e6rheden af mig - Hotties i n\u00e6rheden<\/title>\n<meta name=\"robots\" content=\"index, follow, max-snippet:-1, max-image-preview:large, max-video-preview:-1\" \/>\n<link rel=\"canonical\" href=\"http:\/\/thehottieandthenottie.com\/da\/sex-i-naerheden-af-mig\/\" \/>\n<meta property=\"og:locale\" content=\"da_DK\" \/>\n<meta property=\"og:type\" content=\"article\" \/>\n<meta property=\"og:title\" content=\"Sex i n\u00e6rheden af mig - Hotties i n\u00e6rheden\" \/>\n<meta property=\"og:description\" content=\"Der er ingen grund til at bruge timer online p\u00e5 at s\u00f8ge efter &#8220;gratis sex i n\u00e6rheden af mig.&#8221; Bare g\u00e5 til din lokale bar eller klub og begynd at chatte potentielle tilslutninger. Du kan blive overrasket over, hvor let det er at finde nogen, der er nede for nogle uforpligtende sjov. Bare husk at ... L\u00e6s mere\" \/>\n<meta property=\"og:url\" content=\"http:\/\/thehottieandthenottie.com\/da\/sex-i-naerheden-af-mig\/\" \/>\n<meta property=\"og:site_name\" content=\"Hotties i n\u00e6rheden\" \/>\n<meta name=\"twitter:card\" content=\"summary_large_image\" \/>\n<meta name=\"twitter:label1\" content=\"Estimeret l\u00e6setid\" \/>\n\t<meta name=\"twitter:data1\" content=\"5 minutter\" \/>\n<script type=\"application\/ld+json\" class=\"yoast-schema-graph\">{\"@context\":\"https:\/\/schema.org\",\"@graph\":[{\"@type\":\"WebSite\",\"@id\":\"https:\/\/thehottieandthenottie.com\/#website\",\"url\":\"https:\/\/thehottieandthenottie.com\/\",\"name\":\"Hotties i n\\u00e6rheden\",\"description\":\"M\\u00f8d kvinder i dit omr\\u00e5de\",\"potentialAction\":[{\"@type\":\"SearchAction\",\"target\":{\"@type\":\"EntryPoint\",\"urlTemplate\":\"https:\/\/thehottieandthenottie.com\/?s={search_term_string}\"},\"query-input\":\"required name=search_term_string\"}],\"inLanguage\":\"da-DK\"},{\"@type\":\"WebPage\",\"@id\":\"http:\/\/thehottieandthenottie.com\/da\/sex-i-naerheden-af-mig\/#webpage\",\"url\":\"http:\/\/thehottieandthenottie.com\/da\/sex-i-naerheden-af-mig\/\",\"name\":\"Sex i n\\u00e6rheden af mig - Hotties i n\\u00e6rheden\",\"isPartOf\":{\"@id\":\"https:\/\/thehottieandthenottie.com\/#website\"},\"datePublished\":\"2022-09-30T11:53:59+00:00\",\"dateModified\":\"2022-09-30T11:53:59+00:00\",\"breadcrumb\":{\"@id\":\"http:\/\/thehottieandthenottie.com\/da\/sex-i-naerheden-af-mig\/#breadcrumb\"},\"inLanguage\":\"da-DK\",\"potentialAction\":[{\"@type\":\"ReadAction\",\"target\":[\"http:\/\/thehottieandthenottie.com\/da\/sex-i-naerheden-af-mig\/\"]}]},{\"@type\":\"BreadcrumbList\",\"@id\":\"http:\/\/thehottieandthenottie.com\/da\/sex-i-naerheden-af-mig\/#breadcrumb\",\"itemListElement\":[{\"@type\":\"ListItem\",\"position\":1,\"name\":\"Home\",\"item\":\"https:\/\/thehottieandthenottie.com\/da\/\"},{\"@type\":\"ListItem\",\"position\":2,\"name\":\"Sex i n\\u00e6rheden af mig\"}]}]}<\/script>\n<!-- \/ Yoast SEO plugin. -->","yoast_head_json":{"title":"Sex i n\u00e6rheden af mig - Hotties i n\u00e6rheden","robots":{"index":"index","follow":"follow","max-snippet":"max-snippet:-1","max-image-preview":"max-image-preview:large","max-video-preview":"max-video-preview:-1"},"canonical":"http:\/\/thehottieandthenottie.com\/da\/sex-i-naerheden-af-mig\/","og_locale":"da_DK","og_type":"article","og_title":"Sex i n\u00e6rheden af mig - Hotties i n\u00e6rheden","og_description":"Der er ingen grund til at bruge timer online p\u00e5 at s\u00f8ge efter &#8220;gratis sex i n\u00e6rheden af mig.&#8221; Bare g\u00e5 til din lokale bar eller klub og begynd at chatte potentielle tilslutninger. Du kan blive overrasket over, hvor let det er at finde nogen, der er nede for nogle uforpligtende sjov. Bare husk at ... L\u00e6s mere","og_url":"http:\/\/thehottieandthenottie.com\/da\/sex-i-naerheden-af-mig\/","og_site_name":"Hotties i n\u00e6rheden","twitter_card":"summary_large_image","twitter_misc":{"Estimeret l\u00e6setid":"5 minutter"},"schema":{"@context":"https:\/\/schema.org","@graph":[{"@type":"WebSite","@id":"https:\/\/thehottieandthenottie.com\/#website","url":"https:\/\/thehottieandthenottie.com\/","name":"Hotties i n\u00e6rheden","description":"M\u00f8d kvinder i dit omr\u00e5de","potentialAction":[{"@type":"SearchAction","target":{"@type":"EntryPoint","urlTemplate":"https:\/\/thehottieandthenottie.com\/?s={search_term_string}"},"query-input":"required name=search_term_string"}],"inLanguage":"da-DK"},{"@type":"WebPage","@id":"http:\/\/thehottieandthenottie.com\/da\/sex-i-naerheden-af-mig\/#webpage","url":"http:\/\/thehottieandthenottie.com\/da\/sex-i-naerheden-af-mig\/","name":"Sex i n\u00e6rheden af mig - Hotties i n\u00e6rheden","isPartOf":{"@id":"https:\/\/thehottieandthenottie.com\/#website"},"datePublished":"2022-09-30T11:53:59+00:00","dateModified":"2022-09-30T11:53:59+00:00","breadcrumb":{"@id":"http:\/\/thehottieandthenottie.com\/da\/sex-i-naerheden-af-mig\/#breadcrumb"},"inLanguage":"da-DK","potentialAction":[{"@type":"ReadAction","target":["http:\/\/thehottieandthenottie.com\/da\/sex-i-naerheden-af-mig\/"]}]},{"@type":"BreadcrumbList","@id":"http:\/\/thehottieandthenottie.com\/da\/sex-i-naerheden-af-mig\/#breadcrumb","itemListElement":[{"@type":"ListItem","position":1,"name":"Home","item":"https:\/\/thehottieandthenottie.com\/da\/"},{"@type":"ListItem","position":2,"name":"Sex i n\u00e6rheden af mig"}]}]}},"_links":{"self":[{"href":"http:\/\/thehottieandthenottie.com\/da\/wp-json\/wp\/v2\/pages\/640"}],"collection":[{"href":"http:\/\/thehottieandthenottie.com\/da\/wp-json\/wp\/v2\/pages"}],"about":[{"href":"http:\/\/thehottieandthenottie.com\/da\/wp-json\/wp\/v2\/types\/page"}],"author":[{"embeddable":true,"href":"http:\/\/thehottieandthenottie.com\/da\/wp-json\/wp\/v2\/users\/1"}],"replies":[{"embeddable":true,"href":"http:\/\/thehottieandthenottie.com\/da\/wp-json\/wp\/v2\/comments?post=640"}],"version-history":[{"count":0,"href":"http:\/\/thehottieandthenottie.com\/da\/wp-json\/wp\/v2\/pages\/640\/revisions"}],"wp:attachment":[{"href":"http:\/\/thehottieandthenottie.com\/da\/wp-json\/wp\/v2\/media?parent=640"}],"curies":[{"name":"wp","href":"https:\/\/api.w.org\/{rel}","templated":true}]}}