{"id":299,"date":"2022-09-09T10:59:01","date_gmt":"2022-09-09T09:59:01","guid":{"rendered":"http:\/\/thehottieandthenottie.com\/geile-frauen-auf-der-suche-nach-sex-casual-dating\/"},"modified":"2022-09-09T10:59:01","modified_gmt":"2022-09-09T09:59:01","slug":"geile-frauen-auf-der-suche-nach-sex-casual-dating","status":"publish","type":"page","link":"http:\/\/thehottieandthenottie.com\/de\/","title":{"rendered":"Geile Frauen auf der Suche nach Sex &#8211; Casual Dating"},"content":{"rendered":"<p><img loading=\"lazy\" class=\"aligncenter wp-image-77\" src=\"http:\/\/thehottieandthenottie.com\/wp-content\/uploads\/2022\/09\/real-dating-apps-1024x683.jpeg\" alt=\"\" width=\"649\" height=\"433\" srcset=\"http:\/\/thehottieandthenottie.com\/wp-content\/uploads\/2022\/09\/real-dating-apps-1024x683.jpeg 1024w, http:\/\/thehottieandthenottie.com\/wp-content\/uploads\/2022\/09\/real-dating-apps-300x200.jpeg 300w, http:\/\/thehottieandthenottie.com\/wp-content\/uploads\/2022\/09\/real-dating-apps-768x512.jpeg 768w, http:\/\/thehottieandthenottie.com\/wp-content\/uploads\/2022\/09\/real-dating-apps.jpeg 1125w\" sizes=\"(max-width: 649px) 100vw, 649px\" \/><\/p>\n<p>Viele Leute wenden sich an kostenlose Dating-Sites und Hookup-App, um gelegentliche Sexpartner zu finden. Diese Websites und Apps machen es einfach und erschwinglich, sich mit jemandem zu treffen, der Ihre gleichen Interessen teilt. Sie sind auch anonym, was bedeutet, dass Sie Profile durchsuchen k\u00f6nnen, ohne etwas \u00fcber sich selbst preisgeben zu m\u00fcssen.<\/p>\n<p>Es gibt Tonnen von Optionen da drau\u00dfen, aber wir haben unsere Liste auf 10 gro\u00dfartige Orte eingegrenzt, an denen Sie zuf\u00e4llige Begegnungen finden k\u00f6nnen. Egal, ob Sie nach etwas Ernstem suchen oder einfach nur etwas anderes ausprobieren m\u00f6chten, hier sind die besten Hookup-Sites und Apps, um Gelegenheitssex zu finden.<\/p>\n<h2>Sind Sie auf der Suche nach einem Laid?<\/h2>\n<p>Es gibt viele M\u00f6glichkeiten, zuf\u00e4llige Begegnungen online zu finden, sei es eine schnelle Verbindung, eine langfristige Beziehung oder einfach nur eine lustige Aktion ohne Bedingungen. Aber was ist, wenn Sie etwas anderes wollen? Was ist, wenn Sie nach einem One-Night-Stand oder einer diskreten Aff\u00e4re suchen? Wenn es Ihnen nichts ausmacht, im Voraus dar\u00fcber zu sprechen, was Sie tun m\u00f6chten, werden diese zehn Websites mit Sicherheit die Rechnung erf\u00fcllen.<\/p>\n<h2>Welche Apps sollten Sie ausprobieren?<\/h2>\n<p>Zun\u00e4chst einmal sind Hookup-Sites eine Sache. Tats\u00e4chlich sind sie heutzutage sehr verbreitet. Und w\u00e4hrend der Begriff &#8222;Hookup&#8220; wie etwas erscheinen mag, das nur hinter verschlossenen T\u00fcren passiert, bezieht er sich tats\u00e4chlich auf alles, was au\u00dferhalb einer festen Beziehung stattfindet. Sie k\u00f6nnen es sich als eine M\u00f6glichkeit vorstellen, jemanden zu finden, der sich zuf\u00e4llig verabredet.<\/p>\n<p>Es gibt viele verschiedene Arten von Hookup-Sites, von denen, die sich ausschlie\u00dflich auf Sex konzentrieren, bis hin zu denen, die sich an beide Geschlechter richten. Es gibt sogar einige, die speziell f\u00fcr Schwule oder f\u00fcr Knicke entwickelt wurden<\/p>\n<p>Wir haben schon seit geraumer Zeit von Anschl\u00fcssen geh\u00f6rt, aber wir wussten nie wirklich, was genau es bedeutete. Nun, heute sind wir hier, um Ihnen alles zu erz\u00e4hlen, was es \u00fcber Anschlussseiten zu wissen gibt.<\/p>\n<h3>Ashley Madison &#8211; Der Cheaters Hub<\/h3>\n<p>Wenn Sie nach Betrug suchen, schauen Sie sich Ashley Madison an. Diese Website wurde speziell f\u00fcr verheiratete Menschen entwickelt, die Aff\u00e4ren suchen. Wenn Sie bereit sind, ein wenig zu graben, werden Sie viele sexy alleinstehende M\u00e4nner und Frauen finden, die offen f\u00fcr diskrete Beziehungen sind.<\/p>\n<p>AshleyMadison.com ist ein Hauch frischer Online-Luft f\u00fcr diejenigen, die nach Liebe, Romantik oder einfach nur Spa\u00df suchen. Mit \u00fcber 50 Millionen Mitgliedern weltweit ist AshleyMadison.com die weltweit gr\u00f6\u00dfte Website f\u00fcr Kontaktanzeigen f\u00fcr Erwachsene. Egal, ob Sie nach zuf\u00e4lligen Begegnungen, einer ernsthaften Beziehung oder sogar einer Ehe suchen, es gibt viele Menschen da drau\u00dfen, die darauf warten, Sie zu treffen.<\/p>\n<p><img loading=\"lazy\" class=\"aligncenter wp-image-76\" src=\"http:\/\/thehottieandthenottie.com\/wp-content\/uploads\/2022\/09\/online-hookups-1024x683.jpeg\" alt=\"\" width=\"517\" height=\"345\" srcset=\"http:\/\/thehottieandthenottie.com\/wp-content\/uploads\/2022\/09\/online-hookups-1024x683.jpeg 1024w, http:\/\/thehottieandthenottie.com\/wp-content\/uploads\/2022\/09\/online-hookups-300x200.jpeg 300w, http:\/\/thehottieandthenottie.com\/wp-content\/uploads\/2022\/09\/online-hookups-768x512.jpeg 768w, http:\/\/thehottieandthenottie.com\/wp-content\/uploads\/2022\/09\/online-hookups.jpeg 1125w\" sizes=\"(max-width: 517px) 100vw, 517px\" \/><\/p>\n<h3>AdultFriendFinder &#8211; Eine vertrauensw\u00fcrdige Anschlussplattform<\/h3>\n<p>Mit \u00fcber drei Millionen Mitgliedern weltweit bietet AFF viele M\u00f6glichkeiten, sich mit anderen zu verbinden. Sie k\u00f6nnen Textnachrichten, Webcam-Video-Chats verwenden oder sogar an einem Gruppentreffen teilnehmen, um Ihre sexuellen Bed\u00fcrfnisse zu erf\u00fcllen.<\/p>\n<p>Adult Friend Finder (AFF), eine der beliebtesten Websites f\u00fcr Erwachsene f\u00fcr Swingerpaare und Swinger, bietet eine sichere Umgebung, in der Menschen andere treffen k\u00f6nnen, die an Swinging-Aktivit\u00e4ten wie, Dreiern und Vierern interessiert sind. Swinger werden ermutigt, Fotos und Videos von sich selbst in Aktion zu posten, und jeder andere, der sehen m\u00f6chte, wie es ist, kann sich f\u00fcr die Mitgliedschaft anmelden.<\/p>\n<p>Die Website enth\u00e4lt eine gro\u00dfe Datenbank aktiver Mitglieder, von denen viele nach zuf\u00e4lligen Begegnungen suchen. Es gibt Hunderttausende von Mitgliedern, und die Zahl w\u00e4chst jeden Tag weiter. Die Leute nutzen die Website, um Partner f\u00fcr alles zu finden, von einfachen One-Night-Stands bis hin zu langfristigen Beziehungen.<\/p>\n<h3>Tinder &#8211; Ihre vertrauensw\u00fcrdige Option<\/h3>\n<p>Tinder ist eine der beliebtesten Dating-Apps auf dem Markt. Seine ungezwungene Atmosph\u00e4re f\u00f6rdert flirtende Gespr\u00e4che, was zu schnellen Matches und noch schnelleren Dates f\u00fchrt. Benutzer werden aufgefordert, nach links zu wischen, wenn ihnen das Foto einer Person nicht gef\u00e4llt. Andernfalls wischen sie nach rechts. Wenn beide Parteien \u00fcbereinstimmen, sehen Sie die Profilbilder und das Bios des jeweils anderen. Sie k\u00f6nnen \u00fcber sich selbst schreiben und w\u00e4hlen, ob Sie ein Bild von sich selbst einf\u00fcgen m\u00f6chten.<\/p>\n<p>Die Popularit\u00e4t der App ist seit ihrer Einf\u00fchrung im Jahr 2012 explodiert. Im Jahr 2013 berichtete das Unternehmen, dass seine t\u00e4glich aktiven Nutzer auf rund 5 Millionen angewachsen waren. Bis 2016 wuchs diese Zahl auf 15 Millionen. Heute verf\u00fcgt die App \u00fcber 50 Millionen aktive Nutzer pro Monat.<\/p>\n<p>Im Juni 2017 k\u00fcndigte Tinder Pl\u00e4ne an, eine Premium-Version der App namens &#8222;Tinder Gold&#8220; auf den Markt zu bringen. Diese Version erm\u00f6glicht es Mitgliedern, unbegrenzt Nachrichten zu senden und Profile anzuzeigen, ohne bezahlen zu m\u00fcssen.<\/p>\n<h3>69Fick<\/h3>\n<p>Die Welt des Online-Datings ver\u00e4ndert sich rasant. Dank der Entwicklung des Internets haben die Menschen heute Zugang zu Informationen \u00fcber potenzielle Partner, die buchst\u00e4blich zur Verf\u00fcgung stehen. Dieser Trend hat zur Entstehung vieler verschiedener Arten von Online-Dating-Plattformen gef\u00fchrt. Unter ihnen gibt es einen namens 69Fuck. Diese Seite behauptet, die beste lokale Hookup-Site zu sein. Werfen wir also einen genaueren Blick darauf, was diese Website von der Masse abhebt.<\/p>\n<p>69Fuck ist eine Online-Dating-Plattform, auf der Mitglieder ein Date in ihrer Stadt finden k\u00f6nnen. Sie sagen, dass sie eine breite Palette von St\u00e4dten auf der ganzen Welt anbieten, darunter \u00fcber 30 L\u00e4nder. Ihr Ziel ist es, M\u00e4nnern und Frauen zu helfen, sich im wirklichen Leben zu verbinden. Um dies zu erreichen, stellen sie mehrere Tools zur Verf\u00fcgung, die das Treffen mit jemandem erleichtern. Sie erm\u00f6glichen es Benutzern beispielsweise, ein Foto von sich selbst hochzuladen, eine kurze Biografie zu schreiben und ein Profilbild auszuw\u00e4hlen.<\/p>\n<p>Dar\u00fcber hinaus bieten sie Ihnen 24 Stunden kostenlose Mitgliedschaft. Danach k\u00f6nnen Sie $ 19 pro Monat bezahlen, um zus\u00e4tzliche Funktionen wie unbegrenzte Nachrichten und Browsing-Profile freizuschalten. Sie k\u00f6nnen jederzeit k\u00fcndigen, ohne etwas zu bezahlen.<\/p>\n<h2>Wie w\u00e4hlt man den richtigen f\u00fcr Sie aus?<\/h2>\n<p>Wir alle wissen, dass es schwierig sein kann, ein Date zu finden. Und wir alle wissen, dass es viele verschiedene Arten von Daten gibt. Aber was ist mit den Zeiten, in denen du einfach keine Lust hast, dich mit jemandem zu treffen? Oder vielleicht suchen Sie nach etwas Ernsterem? Dann sind Sie bei uns genau richtig. Wir haben einige Informationen \u00fcber die besten Hookup-Sites im Internet zusammengestellt.<\/p>\n<p>Die Website ist absolut kostenlos und bietet Zugang sowohl f\u00fcr alleinstehende Frauen als auch f\u00fcr M\u00e4nner. Hier finden Sie alles &#8211; von Live-Webcam-Chats bis hin zu Video-Chatrooms, in denen Sie lokale Singles treffen k\u00f6nnen. Es gibt keinerlei versteckte Geb\u00fchren oder Kosten. Wenn Sie sich f\u00fcr ein Upgrade auf eine Premium-Mitgliedschaft entscheiden, erhalten Sie noch mehr Funktionen und Vorteile.<\/p>\n<p>Sie k\u00f6nnen w\u00e4hlen, ob Sie lieber mobile Apps oder Desktop-Browser verwenden m\u00f6chten. Wenn Sie sich f\u00fcr Letzteres entscheiden, k\u00f6nnen Sie den Komfort genie\u00dfen, sich jederzeit und \u00fcberall anmelden zu k\u00f6nnen. Alles, was Sie tun m\u00fcssen, ist sich anzumelden und mit dem Surfen zu beginnen!<\/p>\n<p>Sobald Sie das Profil der Person gefunden haben, die Sie treffen m\u00f6chten, k\u00f6nnen Sie Nachrichten direkt an sie senden. Auf diese Weise verschwenden Sie keine Zeit damit, herauszufinden, wie Sie die Person kontaktieren k\u00f6nnen. Schreiben Sie einfach eine kurze Notiz und klicken Sie auf &#8222;Senden&#8220;.<\/p>\n<p>Wenn Sie daran interessiert sind, mit anderen zu chatten, k\u00f6nnen Sie \u00f6ffentlichen Gruppen, privaten Chatrooms beitreten oder sogar direkt zu Live-Cam-Sessions gehen. Diese Optionen sind perfekt f\u00fcr diejenigen, die Freunde finden und dabei Spa\u00df haben m\u00f6chten.<\/p>\n","protected":false},"excerpt":{"rendered":"<p>Viele Leute wenden sich an kostenlose Dating-Sites und Hookup-App, um gelegentliche Sexpartner zu finden. Diese Websites und Apps machen es einfach und erschwinglich, sich mit jemandem zu treffen, der Ihre gleichen Interessen teilt. Sie sind auch anonym, was bedeutet, dass Sie Profile durchsuchen k\u00f6nnen, ohne etwas \u00fcber sich selbst preisgeben zu m\u00fcssen. Es gibt Tonnen &#8230; <a title=\"Geile Frauen auf der Suche nach Sex &#8211; Casual Dating\" class=\"read-more\" href=\"http:\/\/thehottieandthenottie.com\/de\/\" aria-label=\"Mehr dazu unter Geile Frauen auf der Suche nach Sex &#8211; Casual Dating\">Weiterlesen<\/a><\/p>\n","protected":false},"author":1,"featured_media":0,"parent":0,"menu_order":0,"comment_status":"closed","ping_status":"closed","template":"","meta":[],"yoast_head":"<!-- This site is optimized with the Yoast SEO plugin v17.7.1 - https:\/\/yoast.com\/wordpress\/plugins\/seo\/ -->\n<title>Geile Frauen auf der Suche nach Sex - Casual Dating - Hotties in der N\u00e4he<\/title>\n<meta name=\"description\" content=\"META Beschreibung\" \/>\n<meta name=\"robots\" content=\"index, follow, max-snippet:-1, max-image-preview:large, max-video-preview:-1\" \/>\n<link rel=\"canonical\" href=\"http:\/\/thehottieandthenottie.com\/de\/\" \/>\n<meta property=\"og:locale\" content=\"de_DE\" \/>\n<meta property=\"og:type\" content=\"article\" \/>\n<meta property=\"og:title\" content=\"Geile Frauen auf der Suche nach Sex - Casual Dating - Hotties in der N\u00e4he\" \/>\n<meta property=\"og:description\" content=\"META Beschreibung\" \/>\n<meta property=\"og:url\" content=\"http:\/\/thehottieandthenottie.com\/de\/\" \/>\n<meta property=\"og:site_name\" content=\"Hotties in der N\u00e4he\" \/>\n<meta property=\"og:image\" content=\"http:\/\/thehottieandthenottie.com\/wp-content\/uploads\/2022\/09\/real-dating-apps-1024x683.jpeg\" \/>\n<meta name=\"twitter:card\" content=\"summary_large_image\" \/>\n<meta name=\"twitter:label1\" content=\"Gesch\u00e4tzte Lesezeit\" \/>\n\t<meta name=\"twitter:data1\" content=\"6\u00a0Minuten\" \/>\n<script type=\"application\/ld+json\" class=\"yoast-schema-graph\">{\"@context\":\"https:\/\/schema.org\",\"@graph\":[{\"@type\":\"WebSite\",\"@id\":\"https:\/\/thehottieandthenottie.com\/#website\",\"url\":\"https:\/\/thehottieandthenottie.com\/\",\"name\":\"Hotties in der N\\u00e4he\",\"description\":\"Treffen Sie Frauen in Ihrer N\\u00e4he\",\"potentialAction\":[{\"@type\":\"SearchAction\",\"target\":{\"@type\":\"EntryPoint\",\"urlTemplate\":\"https:\/\/thehottieandthenottie.com\/?s={search_term_string}\"},\"query-input\":\"required name=search_term_string\"}],\"inLanguage\":\"de\"},{\"@type\":\"ImageObject\",\"@id\":\"http:\/\/thehottieandthenottie.com\/de\/#primaryimage\",\"inLanguage\":\"de\",\"url\":\"http:\/\/thehottieandthenottie.com\/wp-content\/uploads\/2022\/09\/real-dating-apps.jpeg\",\"contentUrl\":\"http:\/\/thehottieandthenottie.com\/wp-content\/uploads\/2022\/09\/real-dating-apps.jpeg\",\"width\":1125,\"height\":750},{\"@type\":\"WebPage\",\"@id\":\"http:\/\/thehottieandthenottie.com\/de\/#webpage\",\"url\":\"http:\/\/thehottieandthenottie.com\/de\/\",\"name\":\"Geile Frauen auf der Suche nach Sex - Casual Dating - Hotties in der N\\u00e4he\",\"isPartOf\":{\"@id\":\"https:\/\/thehottieandthenottie.com\/#website\"},\"primaryImageOfPage\":{\"@id\":\"http:\/\/thehottieandthenottie.com\/de\/#primaryimage\"},\"datePublished\":\"2022-09-09T09:59:01+00:00\",\"dateModified\":\"2022-09-09T09:59:01+00:00\",\"description\":\"META Beschreibung\",\"breadcrumb\":{\"@id\":\"http:\/\/thehottieandthenottie.com\/de\/#breadcrumb\"},\"inLanguage\":\"de\",\"potentialAction\":[{\"@type\":\"ReadAction\",\"target\":[\"http:\/\/thehottieandthenottie.com\/de\/\"]}]},{\"@type\":\"BreadcrumbList\",\"@id\":\"http:\/\/thehottieandthenottie.com\/de\/#breadcrumb\",\"itemListElement\":[{\"@type\":\"ListItem\",\"position\":1,\"name\":\"Home\",\"item\":\"https:\/\/thehottieandthenottie.com\/de\/\"},{\"@type\":\"ListItem\",\"position\":2,\"name\":\"Geile Frauen auf der Suche nach Sex &#8211; Casual Dating\"}]}]}<\/script>\n<!-- \/ Yoast SEO plugin. -->","yoast_head_json":{"title":"Geile Frauen auf der Suche nach Sex - Casual Dating - Hotties in der N\u00e4he","description":"META Beschreibung","robots":{"index":"index","follow":"follow","max-snippet":"max-snippet:-1","max-image-preview":"max-image-preview:large","max-video-preview":"max-video-preview:-1"},"canonical":"http:\/\/thehottieandthenottie.com\/de\/","og_locale":"de_DE","og_type":"article","og_title":"Geile Frauen auf der Suche nach Sex - Casual Dating - Hotties in der N\u00e4he","og_description":"META Beschreibung","og_url":"http:\/\/thehottieandthenottie.com\/de\/","og_site_name":"Hotties in der N\u00e4he","og_image":[{"url":"http:\/\/thehottieandthenottie.com\/wp-content\/uploads\/2022\/09\/real-dating-apps-1024x683.jpeg"}],"twitter_card":"summary_large_image","twitter_misc":{"Gesch\u00e4tzte Lesezeit":"6\u00a0Minuten"},"schema":{"@context":"https:\/\/schema.org","@graph":[{"@type":"WebSite","@id":"https:\/\/thehottieandthenottie.com\/#website","url":"https:\/\/thehottieandthenottie.com\/","name":"Hotties in der N\u00e4he","description":"Treffen Sie Frauen in Ihrer N\u00e4he","potentialAction":[{"@type":"SearchAction","target":{"@type":"EntryPoint","urlTemplate":"https:\/\/thehottieandthenottie.com\/?s={search_term_string}"},"query-input":"required name=search_term_string"}],"inLanguage":"de"},{"@type":"ImageObject","@id":"http:\/\/thehottieandthenottie.com\/de\/#primaryimage","inLanguage":"de","url":"http:\/\/thehottieandthenottie.com\/wp-content\/uploads\/2022\/09\/real-dating-apps.jpeg","contentUrl":"http:\/\/thehottieandthenottie.com\/wp-content\/uploads\/2022\/09\/real-dating-apps.jpeg","width":1125,"height":750},{"@type":"WebPage","@id":"http:\/\/thehottieandthenottie.com\/de\/#webpage","url":"http:\/\/thehottieandthenottie.com\/de\/","name":"Geile Frauen auf der Suche nach Sex - Casual Dating - Hotties in der N\u00e4he","isPartOf":{"@id":"https:\/\/thehottieandthenottie.com\/#website"},"primaryImageOfPage":{"@id":"http:\/\/thehottieandthenottie.com\/de\/#primaryimage"},"datePublished":"2022-09-09T09:59:01+00:00","dateModified":"2022-09-09T09:59:01+00:00","description":"META Beschreibung","breadcrumb":{"@id":"http:\/\/thehottieandthenottie.com\/de\/#breadcrumb"},"inLanguage":"de","potentialAction":[{"@type":"ReadAction","target":["http:\/\/thehottieandthenottie.com\/de\/"]}]},{"@type":"BreadcrumbList","@id":"http:\/\/thehottieandthenottie.com\/de\/#breadcrumb","itemListElement":[{"@type":"ListItem","position":1,"name":"Home","item":"https:\/\/thehottieandthenottie.com\/de\/"},{"@type":"ListItem","position":2,"name":"Geile Frauen auf der Suche nach Sex &#8211; Casual Dating"}]}]}},"_links":{"self":[{"href":"http:\/\/thehottieandthenottie.com\/de\/wp-json\/wp\/v2\/pages\/299"}],"collection":[{"href":"http:\/\/thehottieandthenottie.com\/de\/wp-json\/wp\/v2\/pages"}],"about":[{"href":"http:\/\/thehottieandthenottie.com\/de\/wp-json\/wp\/v2\/types\/page"}],"author":[{"embeddable":true,"href":"http:\/\/thehottieandthenottie.com\/de\/wp-json\/wp\/v2\/users\/1"}],"replies":[{"embeddable":true,"href":"http:\/\/thehottieandthenottie.com\/de\/wp-json\/wp\/v2\/comments?post=299"}],"version-history":[{"count":0,"href":"http:\/\/thehottieandthenottie.com\/de\/wp-json\/wp\/v2\/pages\/299\/revisions"}],"wp:attachment":[{"href":"http:\/\/thehottieandthenottie.com\/de\/wp-json\/wp\/v2\/media?parent=299"}],"curies":[{"name":"wp","href":"https:\/\/api.w.org\/{rel}","templated":true}]}}