{"id":559,"date":"2022-09-30T12:57:19","date_gmt":"2022-09-30T11:57:19","guid":{"rendered":"http:\/\/thehottieandthenottie.com\/swinger-standorte\/"},"modified":"2022-09-30T12:57:19","modified_gmt":"2022-09-30T11:57:19","slug":"swinger-standorte","status":"publish","type":"page","link":"http:\/\/thehottieandthenottie.com\/de\/swinger-standorte\/","title":{"rendered":"Swinger-Standorte"},"content":{"rendered":"<p>Es gibt viele lokale Swinger-Sites, mit denen Sie sich mit Menschen in Ihrer N\u00e4he verbinden k\u00f6nnen. Diese Seiten sind eine gro\u00dfartige M\u00f6glichkeit, neue Leute kennenzulernen und Ihre sexuellen Grenzen zu erkunden. Sie k\u00f6nnen diese Websites verwenden, um Leute zu finden, die sich f\u00fcr die gleichen Dinge interessieren wie Sie und die nach einer guten Zeit suchen. Sie k\u00f6nnen diese Websites auch verwenden, um Personen zu finden, die nach einer ernsthaften Beziehung suchen. Wenn Sie nach einem Anschluss suchen, sollten Sie sich unbedingt einige der lokalen Swinger-Sites ansehen.<\/p>\n<p>Es gibt eine Vielzahl von Swinger-Sites, die online verf\u00fcgbar sind und sich an verschiedene Zielgruppen richten. Einige Swinger-Sites richten sich an Paare, die nach anderen Paaren suchen, mit denen sie schwingen k\u00f6nnen, w\u00e4hrend andere auf Singles ausgerichtet sind, die daran interessiert sind, andere Singles f\u00fcr Swinging-Zwecke zu treffen. Swinger-Sites verf\u00fcgen in der Regel \u00fcber eine breite Palette von Funktionen und Optionen, die Benutzer nutzen k\u00f6nnen, und sie bieten eine sichere Umgebung, in der sich Menschen verbinden und ihre sexuellen Interessen erkunden k\u00f6nnen.<\/p>\n<h2>Swingers Hookup Webseiten<\/h2>\n<p>Es gibt etwas an dem <a href=\"http:\/\/thehottieandthenottie.com\/free-adult-classifieds\/\">Nervenkitzel, sich mit einem Fremden zu treffen,<\/a> das einfach nicht zu schlagen ist. Und wenn Sie nach Liebe suchen, sind Swinger-Hookups der perfekte Weg. Sie k\u00f6nnen neue Leute kennenlernen, neue sexuelle Erfahrungen machen und dabei eine Menge Spa\u00df haben. Au\u00dferdem wissen Sie nie, wo Sie Ihre perfekte \u00dcbereinstimmung finden k\u00f6nnten. Wenn Sie also bereit sind, Ihr Liebesleben aufzupeppen, sind Swinger-Hookups der richtige Weg.<\/p>\n<p>Wenn Sie Ihrem Dating-Leben ein wenig W\u00fcrze verleihen m\u00f6chten, sollten Sie sich eine lokale Swinger-Site ansehen. Swinger-Sites sind eine gro\u00dfartige M\u00f6glichkeit, neue Leute kennenzulernen, die Ihre gleichen Interessen teilen. Sie k\u00f6nnen Profile durchsuchen und Personen in Ihrer N\u00e4he finden, die sich f\u00fcr die gleichen Dinge interessieren wie Sie. Au\u00dferdem k\u00f6nnen Sie mit anderen Mitgliedern chatten und sie kennenlernen, bevor Sie sich pers\u00f6nlich treffen. Swinger-Sites sind eine gro\u00dfartige M\u00f6glichkeit, Spa\u00df zu haben und neue Leute kennenzulernen.<\/p>\n<h3>Einfache Flirts<\/h3>\n<p>Wenn Sie nach einer lokalen Swinger-Site suchen, ist SimpleFlirts eine gro\u00dfartige Option. Die Website verf\u00fcgt \u00fcber eine gro\u00dfe Datenbank mit Mitgliedern, sodass Sie sicher jemanden in Ihrer N\u00e4he finden. Die Suchfunktion ist einfach zu bedienen und Sie k\u00f6nnen Ihre Ergebnisse nach Alter, Standort und Interessen filtern. Das Messaging-System ist einfach und leicht zu bedienen, und Sie k\u00f6nnen auch Fotos und Videos senden. Die Website verf\u00fcgt auch \u00fcber eine mobile App, sodass Sie unterwegs auf Ihr Konto zugreifen k\u00f6nnen. Der einzige Nachteil ist, dass die Seite nicht viel Schnickschnack hat &#8211; aber es ist perfekt, um lokale Swinger zu finden.<\/p>\n<h3>SextFun<\/h3>\n<p>SextFun ist eine Dating-App, die lokale Swinger miteinander verbindet. Die App kann kostenlos heruntergeladen und verwendet werden und bietet eine Vielzahl von Funktionen, die es einfach machen, sich mit anderen Swingern in Ihrer N\u00e4he zu verbinden. SextFun bietet auch eine Vielzahl von Funktionen, die es einfach machen, andere lokale Swinger zu finden und sich mit ihnen zu verbinden. Die App ist sowohl f\u00fcr iOS als auch f\u00fcr Android verf\u00fcgbar und eine gro\u00dfartige M\u00f6glichkeit, andere lokale Swinger in Ihrer N\u00e4he zu treffen.<\/p>\n<h3>Betreute Angelegenheiten<\/h3>\n<p>HeatedAffairs ist eine der beliebtesten Dating-Apps f\u00fcr lokale Swinger. Die App wurde entwickelt, um Paaren zu helfen, sich mit anderen Paaren in ihrer N\u00e4he f\u00fcr Spa\u00df und Aufregung zu verbinden. Die App kann kostenlos heruntergeladen und verwendet werden und bietet eine breite Palette von Funktionen, mit denen sich Paare miteinander verbinden k\u00f6nnen. Die App enth\u00e4lt auch ein Messaging-System, so dass Paare miteinander chatten und flirten k\u00f6nnen.<\/p>\n","protected":false},"excerpt":{"rendered":"<p>Es gibt viele lokale Swinger-Sites, mit denen Sie sich mit Menschen in Ihrer N\u00e4he verbinden k\u00f6nnen. Diese Seiten sind eine gro\u00dfartige M\u00f6glichkeit, neue Leute kennenzulernen und Ihre sexuellen Grenzen zu erkunden. Sie k\u00f6nnen diese Websites verwenden, um Leute zu finden, die sich f\u00fcr die gleichen Dinge interessieren wie Sie und die nach einer guten Zeit &#8230; <a title=\"Swinger-Standorte\" class=\"read-more\" href=\"http:\/\/thehottieandthenottie.com\/de\/swinger-standorte\/\" aria-label=\"Mehr dazu unter Swinger-Standorte\">Weiterlesen<\/a><\/p>\n","protected":false},"author":1,"featured_media":0,"parent":0,"menu_order":0,"comment_status":"closed","ping_status":"closed","template":"","meta":[],"yoast_head":"<!-- This site is optimized with the Yoast SEO plugin v17.7.1 - https:\/\/yoast.com\/wordpress\/plugins\/seo\/ -->\n<title>Swinger-Standorte - Hotties in der N\u00e4he<\/title>\n<meta name=\"robots\" content=\"index, follow, max-snippet:-1, max-image-preview:large, max-video-preview:-1\" \/>\n<link rel=\"canonical\" href=\"http:\/\/thehottieandthenottie.com\/de\/swinger-standorte\/\" \/>\n<meta property=\"og:locale\" content=\"de_DE\" \/>\n<meta property=\"og:type\" content=\"article\" \/>\n<meta property=\"og:title\" content=\"Swinger-Standorte - Hotties in der N\u00e4he\" \/>\n<meta property=\"og:description\" content=\"Es gibt viele lokale Swinger-Sites, mit denen Sie sich mit Menschen in Ihrer N\u00e4he verbinden k\u00f6nnen. Diese Seiten sind eine gro\u00dfartige M\u00f6glichkeit, neue Leute kennenzulernen und Ihre sexuellen Grenzen zu erkunden. Sie k\u00f6nnen diese Websites verwenden, um Leute zu finden, die sich f\u00fcr die gleichen Dinge interessieren wie Sie und die nach einer guten Zeit ... Weiterlesen\" \/>\n<meta property=\"og:url\" content=\"http:\/\/thehottieandthenottie.com\/de\/swinger-standorte\/\" \/>\n<meta property=\"og:site_name\" content=\"Hotties in der N\u00e4he\" \/>\n<meta name=\"twitter:card\" content=\"summary_large_image\" \/>\n<meta name=\"twitter:label1\" content=\"Gesch\u00e4tzte Lesezeit\" \/>\n\t<meta name=\"twitter:data1\" content=\"3\u00a0Minuten\" \/>\n<script type=\"application\/ld+json\" class=\"yoast-schema-graph\">{\"@context\":\"https:\/\/schema.org\",\"@graph\":[{\"@type\":\"WebSite\",\"@id\":\"https:\/\/thehottieandthenottie.com\/#website\",\"url\":\"https:\/\/thehottieandthenottie.com\/\",\"name\":\"Hotties in der N\\u00e4he\",\"description\":\"Treffen Sie Frauen in Ihrer N\\u00e4he\",\"potentialAction\":[{\"@type\":\"SearchAction\",\"target\":{\"@type\":\"EntryPoint\",\"urlTemplate\":\"https:\/\/thehottieandthenottie.com\/?s={search_term_string}\"},\"query-input\":\"required name=search_term_string\"}],\"inLanguage\":\"de\"},{\"@type\":\"WebPage\",\"@id\":\"http:\/\/thehottieandthenottie.com\/de\/swinger-standorte\/#webpage\",\"url\":\"http:\/\/thehottieandthenottie.com\/de\/swinger-standorte\/\",\"name\":\"Swinger-Standorte - Hotties in der N\\u00e4he\",\"isPartOf\":{\"@id\":\"https:\/\/thehottieandthenottie.com\/#website\"},\"datePublished\":\"2022-09-30T11:57:19+00:00\",\"dateModified\":\"2022-09-30T11:57:19+00:00\",\"breadcrumb\":{\"@id\":\"http:\/\/thehottieandthenottie.com\/de\/swinger-standorte\/#breadcrumb\"},\"inLanguage\":\"de\",\"potentialAction\":[{\"@type\":\"ReadAction\",\"target\":[\"http:\/\/thehottieandthenottie.com\/de\/swinger-standorte\/\"]}]},{\"@type\":\"BreadcrumbList\",\"@id\":\"http:\/\/thehottieandthenottie.com\/de\/swinger-standorte\/#breadcrumb\",\"itemListElement\":[{\"@type\":\"ListItem\",\"position\":1,\"name\":\"Home\",\"item\":\"https:\/\/thehottieandthenottie.com\/de\/\"},{\"@type\":\"ListItem\",\"position\":2,\"name\":\"Swinger-Standorte\"}]}]}<\/script>\n<!-- \/ Yoast SEO plugin. -->","yoast_head_json":{"title":"Swinger-Standorte - Hotties in der N\u00e4he","robots":{"index":"index","follow":"follow","max-snippet":"max-snippet:-1","max-image-preview":"max-image-preview:large","max-video-preview":"max-video-preview:-1"},"canonical":"http:\/\/thehottieandthenottie.com\/de\/swinger-standorte\/","og_locale":"de_DE","og_type":"article","og_title":"Swinger-Standorte - Hotties in der N\u00e4he","og_description":"Es gibt viele lokale Swinger-Sites, mit denen Sie sich mit Menschen in Ihrer N\u00e4he verbinden k\u00f6nnen. Diese Seiten sind eine gro\u00dfartige M\u00f6glichkeit, neue Leute kennenzulernen und Ihre sexuellen Grenzen zu erkunden. Sie k\u00f6nnen diese Websites verwenden, um Leute zu finden, die sich f\u00fcr die gleichen Dinge interessieren wie Sie und die nach einer guten Zeit ... Weiterlesen","og_url":"http:\/\/thehottieandthenottie.com\/de\/swinger-standorte\/","og_site_name":"Hotties in der N\u00e4he","twitter_card":"summary_large_image","twitter_misc":{"Gesch\u00e4tzte Lesezeit":"3\u00a0Minuten"},"schema":{"@context":"https:\/\/schema.org","@graph":[{"@type":"WebSite","@id":"https:\/\/thehottieandthenottie.com\/#website","url":"https:\/\/thehottieandthenottie.com\/","name":"Hotties in der N\u00e4he","description":"Treffen Sie Frauen in Ihrer N\u00e4he","potentialAction":[{"@type":"SearchAction","target":{"@type":"EntryPoint","urlTemplate":"https:\/\/thehottieandthenottie.com\/?s={search_term_string}"},"query-input":"required name=search_term_string"}],"inLanguage":"de"},{"@type":"WebPage","@id":"http:\/\/thehottieandthenottie.com\/de\/swinger-standorte\/#webpage","url":"http:\/\/thehottieandthenottie.com\/de\/swinger-standorte\/","name":"Swinger-Standorte - Hotties in der N\u00e4he","isPartOf":{"@id":"https:\/\/thehottieandthenottie.com\/#website"},"datePublished":"2022-09-30T11:57:19+00:00","dateModified":"2022-09-30T11:57:19+00:00","breadcrumb":{"@id":"http:\/\/thehottieandthenottie.com\/de\/swinger-standorte\/#breadcrumb"},"inLanguage":"de","potentialAction":[{"@type":"ReadAction","target":["http:\/\/thehottieandthenottie.com\/de\/swinger-standorte\/"]}]},{"@type":"BreadcrumbList","@id":"http:\/\/thehottieandthenottie.com\/de\/swinger-standorte\/#breadcrumb","itemListElement":[{"@type":"ListItem","position":1,"name":"Home","item":"https:\/\/thehottieandthenottie.com\/de\/"},{"@type":"ListItem","position":2,"name":"Swinger-Standorte"}]}]}},"_links":{"self":[{"href":"http:\/\/thehottieandthenottie.com\/de\/wp-json\/wp\/v2\/pages\/559"}],"collection":[{"href":"http:\/\/thehottieandthenottie.com\/de\/wp-json\/wp\/v2\/pages"}],"about":[{"href":"http:\/\/thehottieandthenottie.com\/de\/wp-json\/wp\/v2\/types\/page"}],"author":[{"embeddable":true,"href":"http:\/\/thehottieandthenottie.com\/de\/wp-json\/wp\/v2\/users\/1"}],"replies":[{"embeddable":true,"href":"http:\/\/thehottieandthenottie.com\/de\/wp-json\/wp\/v2\/comments?post=559"}],"version-history":[{"count":0,"href":"http:\/\/thehottieandthenottie.com\/de\/wp-json\/wp\/v2\/pages\/559\/revisions"}],"wp:attachment":[{"href":"http:\/\/thehottieandthenottie.com\/de\/wp-json\/wp\/v2\/media?parent=559"}],"curies":[{"name":"wp","href":"https:\/\/api.w.org\/{rel}","templated":true}]}}