{"id":563,"date":"2022-09-30T12:56:42","date_gmt":"2022-09-30T11:56:42","guid":{"rendered":"http:\/\/thehottieandthenottie.com\/kostenlose-kleinanzeigen-fuer-erwachsene\/"},"modified":"2022-09-30T12:56:42","modified_gmt":"2022-09-30T11:56:42","slug":"kostenlose-kleinanzeigen-fuer-erwachsene","status":"publish","type":"page","link":"http:\/\/thehottieandthenottie.com\/de\/kostenlose-kleinanzeigen-fuer-erwachsene\/","title":{"rendered":"Kostenlose Kleinanzeigen f\u00fcr Erwachsene"},"content":{"rendered":"<p>Sie m\u00fcssen nicht in eine Bar oder einen Club gehen, um sie abzuholen, verglichen mit der Verwendung lokaler Kontaktanzeigen f\u00fcr Erwachsene. Alles, was Sie tun m\u00fcssen, ist, eine Kontaktanzeige online zu schalten, und Sie k\u00f6nnen sich mit jemandem in Ihrer N\u00e4he verbinden, ohne Ihr Haus zu verlassen. Sie k\u00f6nnen in Ihrer Anzeige so spezifisch sein, wie Sie m\u00f6chten, sodass Sie nur Personen anziehen, die nach dem Gleichen suchen wie Sie. Denken Sie daran, dass nicht jeder nach einem One-Night-Stand sucht, also wenn das alles ist, wonach Sie suchen, dann haben Sie vielleicht anderswo mehr Gl\u00fcck.<\/p>\n<h2>Lokale Sex-Kontaktanzeigen<\/h2>\n<p>Es gibt viele Leute, die Sex-Kontaktanzeigen verwenden, wenn sie nach einem Date suchen. Dies liegt daran, dass sie sehr genau sein k\u00f6nnen, wonach sie suchen, und sie k\u00f6nnen Menschen finden, die nach dem Gleichen suchen. Es gibt auch viele Leute, die Sex-Kontaktanzeigen verwenden, um jemanden zu finden, mit dem sie eine zuf\u00e4llige Begegnung haben k\u00f6nnen. Dies liegt daran, dass es viel einfacher ist, jemanden zu finden, der nach dem Gleichen sucht, wenn Sie eine Sex-Kontaktanzeigen-Website verwenden. Es gibt viele Websites f\u00fcr Erwachsenen-Kleinanzeigen, die sich an diejenigen richten, die nach Liebe suchen. Diese Websites bieten eine Vielzahl von Diensten, die Ihnen helfen k\u00f6nnen, die perfekte \u00dcbereinstimmung zu finden. Sie k\u00f6nnen Ihnen auch Tipps und Ratschl\u00e4ge geben, wie Sie das Beste aus Ihrer Beziehung machen k\u00f6nnen. Die meisten dieser Websites sind kostenlos zu nutzen, so dass Sie sie in aller Ruhe durchsuchen k\u00f6nnen.<\/p>\n<h2>Kostenlose Sex-Anzeigen<\/h2>\n<p>In letzter Zeit gab es einen Anstieg der <a href=\"http:\/\/thehottieandthenottie.com\/fuck-someone-near-you\/\">lokalen Sexanzeigen<\/a> in der Dating-Welt. Dies ist wahrscheinlich auf die Tatsache zur\u00fcckzuf\u00fchren, dass sich die Menschen mit ihrer Sexualit\u00e4t wohler f\u00fchlen und offener daf\u00fcr sind, ihre Optionen zu erkunden. Diese Anzeigen k\u00f6nnen eine gro\u00dfartige M\u00f6glichkeit sein, sich mit jemandem zu verbinden, der Ihre Interessen und W\u00fcnsche teilt. Sie k\u00f6nnen auch eine gro\u00dfartige M\u00f6glichkeit sein, jemanden zu finden, der nach etwas L\u00e4ssigerem sucht. Wenn Sie daran interessiert sind, Ihre Optionen zu erkunden, dann kann das Auschecken lokaler Sexanzeigen ein guter Ausgangspunkt sein. Achten Sie nur darauf, sicher und ehrlich zu sein, wonach Sie suchen.<\/p>\n<h3>Doppelliste<\/h3>\n<p>DoubleList ist eine neue Dating-App, die in letzter Zeit viel Aufsehen erregt hat. Die App soll Ihnen helfen, lokale erwachsene Singles zu finden und sich mit ihnen zu verbinden. Die App kann kostenlos heruntergeladen und verwendet werden und ist sowohl f\u00fcr iOS- als auch f\u00fcr Android-Ger\u00e4te verf\u00fcgbar. Die DoubleList App ist sehr benutzerfreundlich und einfach zu navigieren. Sie k\u00f6nnen durch Profile von lokalen Singles in Ihrer N\u00e4he bl\u00e4ttern und ihre Fotos und Informationen anzeigen. Wenn Sie jemanden finden, an dem Sie interessiert sind, k\u00f6nnen Sie ihm eine Nachricht senden und mit dem Chatten beginnen. Die App verf\u00fcgt auch \u00fcber ein integriertes Chat-System, mit dem Sie in Echtzeit mit Ihren Matches chatten k\u00f6nnen. Die DoubleList-App ist eine gro\u00dfartige M\u00f6glichkeit, lokale Singles zu treffen, um sich zu verabreden und zu treffen.<\/p>\n<h3>Badoo<\/h3>\n<p>Badoo ist eine Dating-App, die bei Erwachsenen, die nach lokalen Verbindungen suchen, immer beliebter wird. Die App kann kostenlos heruntergeladen und verwendet werden und bietet eine Vielzahl von Funktionen, die es einfach machen, sich mit potenziellen \u00dcbereinstimmungen in Ihrer N\u00e4he zu verbinden. Badoo hat auch eine starke Datenschutzrichtlinie und ist eine der wenigen Dating-Apps, mit denen Sie steuern k\u00f6nnen, wer Ihr Profil sehen kann. Insgesamt ist Badoo eine gro\u00dfartige Option f\u00fcr Erwachsene, die nach einer Hookup-App suchen, die einfach zu bedienen ist und \u00fcber eine starke Datenschutzrichtlinie verf\u00fcgt.<\/p>\n<h3>Alt.com<\/h3>\n<p>Alt.com ist eine lokale Dating-App f\u00fcr Erwachsene, die in letzter Zeit viel Aufsehen erregt hat. Die App kann kostenlos heruntergeladen werden und verspricht, Ihnen zu helfen, lokale Erwachsene zu finden, mit denen Sie sich verbinden k\u00f6nnen. Aber wird es dem Hype gerecht?<\/p>\n<p>Ich beschloss, Alt.com auszuprobieren und mich selbst ein Bild zu machen. Der Anmeldeprozess war schnell und einfach, und ich st\u00f6berte bald durch lokale Erwachsenenprofile. Ich war \u00fcberrascht, wie viele es waren! Ich fand ein paar potenzielle \u00dcbereinstimmungen und unterhielt mich eine Weile mit ihnen.<\/p>\n<p>Insgesamt war ich beeindruckt von Alt.com. Es ist eine gro\u00dfartige M\u00f6glichkeit, lokale Erwachsene f\u00fcr zwanglose Kontakte zu treffen. Die App ist einfach zu bedienen und es gibt viele Benutzer zur Auswahl. Wenn Sie nach einer neuen Dating-App suchen, die Sie ausprobieren k\u00f6nnen, empfehle ich Ihnen, Alt.com eine Chance zu geben.<\/p>\n","protected":false},"excerpt":{"rendered":"<p>Sie m\u00fcssen nicht in eine Bar oder einen Club gehen, um sie abzuholen, verglichen mit der Verwendung lokaler Kontaktanzeigen f\u00fcr Erwachsene. Alles, was Sie tun m\u00fcssen, ist, eine Kontaktanzeige online zu schalten, und Sie k\u00f6nnen sich mit jemandem in Ihrer N\u00e4he verbinden, ohne Ihr Haus zu verlassen. Sie k\u00f6nnen in Ihrer Anzeige so spezifisch sein, &#8230; <a title=\"Kostenlose Kleinanzeigen f\u00fcr Erwachsene\" class=\"read-more\" href=\"http:\/\/thehottieandthenottie.com\/de\/kostenlose-kleinanzeigen-fuer-erwachsene\/\" aria-label=\"Mehr dazu unter Kostenlose Kleinanzeigen f\u00fcr Erwachsene\">Weiterlesen<\/a><\/p>\n","protected":false},"author":1,"featured_media":0,"parent":0,"menu_order":0,"comment_status":"closed","ping_status":"closed","template":"","meta":[],"yoast_head":"<!-- This site is optimized with the Yoast SEO plugin v17.7.1 - https:\/\/yoast.com\/wordpress\/plugins\/seo\/ -->\n<title>Kostenlose Kleinanzeigen f\u00fcr Erwachsene - Hotties in der N\u00e4he<\/title>\n<meta name=\"robots\" content=\"index, follow, max-snippet:-1, max-image-preview:large, max-video-preview:-1\" \/>\n<link rel=\"canonical\" href=\"http:\/\/thehottieandthenottie.com\/de\/kostenlose-kleinanzeigen-fuer-erwachsene\/\" \/>\n<meta property=\"og:locale\" content=\"de_DE\" \/>\n<meta property=\"og:type\" content=\"article\" \/>\n<meta property=\"og:title\" content=\"Kostenlose Kleinanzeigen f\u00fcr Erwachsene - Hotties in der N\u00e4he\" \/>\n<meta property=\"og:description\" content=\"Sie m\u00fcssen nicht in eine Bar oder einen Club gehen, um sie abzuholen, verglichen mit der Verwendung lokaler Kontaktanzeigen f\u00fcr Erwachsene. Alles, was Sie tun m\u00fcssen, ist, eine Kontaktanzeige online zu schalten, und Sie k\u00f6nnen sich mit jemandem in Ihrer N\u00e4he verbinden, ohne Ihr Haus zu verlassen. Sie k\u00f6nnen in Ihrer Anzeige so spezifisch sein, ... Weiterlesen\" \/>\n<meta property=\"og:url\" content=\"http:\/\/thehottieandthenottie.com\/de\/kostenlose-kleinanzeigen-fuer-erwachsene\/\" \/>\n<meta property=\"og:site_name\" content=\"Hotties in der N\u00e4he\" \/>\n<meta name=\"twitter:card\" content=\"summary_large_image\" \/>\n<meta name=\"twitter:label1\" content=\"Gesch\u00e4tzte Lesezeit\" \/>\n\t<meta name=\"twitter:data1\" content=\"4\u00a0Minuten\" \/>\n<script type=\"application\/ld+json\" class=\"yoast-schema-graph\">{\"@context\":\"https:\/\/schema.org\",\"@graph\":[{\"@type\":\"WebSite\",\"@id\":\"https:\/\/thehottieandthenottie.com\/#website\",\"url\":\"https:\/\/thehottieandthenottie.com\/\",\"name\":\"Hotties in der N\\u00e4he\",\"description\":\"Treffen Sie Frauen in Ihrer N\\u00e4he\",\"potentialAction\":[{\"@type\":\"SearchAction\",\"target\":{\"@type\":\"EntryPoint\",\"urlTemplate\":\"https:\/\/thehottieandthenottie.com\/?s={search_term_string}\"},\"query-input\":\"required name=search_term_string\"}],\"inLanguage\":\"de\"},{\"@type\":\"WebPage\",\"@id\":\"http:\/\/thehottieandthenottie.com\/de\/kostenlose-kleinanzeigen-fuer-erwachsene\/#webpage\",\"url\":\"http:\/\/thehottieandthenottie.com\/de\/kostenlose-kleinanzeigen-fuer-erwachsene\/\",\"name\":\"Kostenlose Kleinanzeigen f\\u00fcr Erwachsene - Hotties in der N\\u00e4he\",\"isPartOf\":{\"@id\":\"https:\/\/thehottieandthenottie.com\/#website\"},\"datePublished\":\"2022-09-30T11:56:42+00:00\",\"dateModified\":\"2022-09-30T11:56:42+00:00\",\"breadcrumb\":{\"@id\":\"http:\/\/thehottieandthenottie.com\/de\/kostenlose-kleinanzeigen-fuer-erwachsene\/#breadcrumb\"},\"inLanguage\":\"de\",\"potentialAction\":[{\"@type\":\"ReadAction\",\"target\":[\"http:\/\/thehottieandthenottie.com\/de\/kostenlose-kleinanzeigen-fuer-erwachsene\/\"]}]},{\"@type\":\"BreadcrumbList\",\"@id\":\"http:\/\/thehottieandthenottie.com\/de\/kostenlose-kleinanzeigen-fuer-erwachsene\/#breadcrumb\",\"itemListElement\":[{\"@type\":\"ListItem\",\"position\":1,\"name\":\"Home\",\"item\":\"https:\/\/thehottieandthenottie.com\/de\/\"},{\"@type\":\"ListItem\",\"position\":2,\"name\":\"Kostenlose Kleinanzeigen f\\u00fcr Erwachsene\"}]}]}<\/script>\n<!-- \/ Yoast SEO plugin. -->","yoast_head_json":{"title":"Kostenlose Kleinanzeigen f\u00fcr Erwachsene - Hotties in der N\u00e4he","robots":{"index":"index","follow":"follow","max-snippet":"max-snippet:-1","max-image-preview":"max-image-preview:large","max-video-preview":"max-video-preview:-1"},"canonical":"http:\/\/thehottieandthenottie.com\/de\/kostenlose-kleinanzeigen-fuer-erwachsene\/","og_locale":"de_DE","og_type":"article","og_title":"Kostenlose Kleinanzeigen f\u00fcr Erwachsene - Hotties in der N\u00e4he","og_description":"Sie m\u00fcssen nicht in eine Bar oder einen Club gehen, um sie abzuholen, verglichen mit der Verwendung lokaler Kontaktanzeigen f\u00fcr Erwachsene. Alles, was Sie tun m\u00fcssen, ist, eine Kontaktanzeige online zu schalten, und Sie k\u00f6nnen sich mit jemandem in Ihrer N\u00e4he verbinden, ohne Ihr Haus zu verlassen. Sie k\u00f6nnen in Ihrer Anzeige so spezifisch sein, ... Weiterlesen","og_url":"http:\/\/thehottieandthenottie.com\/de\/kostenlose-kleinanzeigen-fuer-erwachsene\/","og_site_name":"Hotties in der N\u00e4he","twitter_card":"summary_large_image","twitter_misc":{"Gesch\u00e4tzte Lesezeit":"4\u00a0Minuten"},"schema":{"@context":"https:\/\/schema.org","@graph":[{"@type":"WebSite","@id":"https:\/\/thehottieandthenottie.com\/#website","url":"https:\/\/thehottieandthenottie.com\/","name":"Hotties in der N\u00e4he","description":"Treffen Sie Frauen in Ihrer N\u00e4he","potentialAction":[{"@type":"SearchAction","target":{"@type":"EntryPoint","urlTemplate":"https:\/\/thehottieandthenottie.com\/?s={search_term_string}"},"query-input":"required name=search_term_string"}],"inLanguage":"de"},{"@type":"WebPage","@id":"http:\/\/thehottieandthenottie.com\/de\/kostenlose-kleinanzeigen-fuer-erwachsene\/#webpage","url":"http:\/\/thehottieandthenottie.com\/de\/kostenlose-kleinanzeigen-fuer-erwachsene\/","name":"Kostenlose Kleinanzeigen f\u00fcr Erwachsene - Hotties in der N\u00e4he","isPartOf":{"@id":"https:\/\/thehottieandthenottie.com\/#website"},"datePublished":"2022-09-30T11:56:42+00:00","dateModified":"2022-09-30T11:56:42+00:00","breadcrumb":{"@id":"http:\/\/thehottieandthenottie.com\/de\/kostenlose-kleinanzeigen-fuer-erwachsene\/#breadcrumb"},"inLanguage":"de","potentialAction":[{"@type":"ReadAction","target":["http:\/\/thehottieandthenottie.com\/de\/kostenlose-kleinanzeigen-fuer-erwachsene\/"]}]},{"@type":"BreadcrumbList","@id":"http:\/\/thehottieandthenottie.com\/de\/kostenlose-kleinanzeigen-fuer-erwachsene\/#breadcrumb","itemListElement":[{"@type":"ListItem","position":1,"name":"Home","item":"https:\/\/thehottieandthenottie.com\/de\/"},{"@type":"ListItem","position":2,"name":"Kostenlose Kleinanzeigen f\u00fcr Erwachsene"}]}]}},"_links":{"self":[{"href":"http:\/\/thehottieandthenottie.com\/de\/wp-json\/wp\/v2\/pages\/563"}],"collection":[{"href":"http:\/\/thehottieandthenottie.com\/de\/wp-json\/wp\/v2\/pages"}],"about":[{"href":"http:\/\/thehottieandthenottie.com\/de\/wp-json\/wp\/v2\/types\/page"}],"author":[{"embeddable":true,"href":"http:\/\/thehottieandthenottie.com\/de\/wp-json\/wp\/v2\/users\/1"}],"replies":[{"embeddable":true,"href":"http:\/\/thehottieandthenottie.com\/de\/wp-json\/wp\/v2\/comments?post=563"}],"version-history":[{"count":0,"href":"http:\/\/thehottieandthenottie.com\/de\/wp-json\/wp\/v2\/pages\/563\/revisions"}],"wp:attachment":[{"href":"http:\/\/thehottieandthenottie.com\/de\/wp-json\/wp\/v2\/media?parent=563"}],"curies":[{"name":"wp","href":"https:\/\/api.w.org\/{rel}","templated":true}]}}