{"id":571,"date":"2022-09-30T12:56:06","date_gmt":"2022-09-30T11:56:06","guid":{"rendered":"http:\/\/thehottieandthenottie.com\/fick-jemanden-in-deiner-naehe\/"},"modified":"2022-09-30T12:56:06","modified_gmt":"2022-09-30T11:56:06","slug":"fick-jemanden-in-deiner-naehe","status":"publish","type":"page","link":"http:\/\/thehottieandthenottie.com\/de\/fick-jemanden-in-deiner-naehe\/","title":{"rendered":"Fick jemanden in deiner N\u00e4he"},"content":{"rendered":"<p>Wenn Sie nach Anschl\u00fcssen in Ihrer N\u00e4he suchen, gibt es ein paar Dinge, die Sie tun k\u00f6nnen, um Ihre Chancen zu erh\u00f6hen, jemanden zu finden. Versuchen Sie zun\u00e4chst, Dating-Apps oder Websites zu verwenden, die speziell f\u00fcr Anschl\u00fcsse gedacht sind. Dies kann eine gro\u00dfartige M\u00f6glichkeit sein, Menschen zu treffen, die auch nach zuf\u00e4lligen Begegnungen suchen. Eine andere M\u00f6glichkeit ist, in Bars oder Clubs zu gehen, die daf\u00fcr bekannt sind, Hookup-Spots zu sein. Schlie\u00dflich k\u00f6nnen Sie immer herumfragen, um zu sehen, ob einer Ihrer Freunde jemanden kennt, der <a href=\"http:\/\/thehottieandthenottie.com\/bondage-dating\/\">daran interessiert<\/a> sein k\u00f6nnte, sich anzuschlie\u00dfen.<\/p>\n<h2>Kostenlose Anschl\u00fcsse in meiner N\u00e4he<\/h2>\n<p>Es gibt viele Hookup-Spots in meiner N\u00e4he, von Bars und Clubs bis hin zu Parks und anderen \u00f6ffentlichen R\u00e4umen. Wenn ich auf der Suche nach einem l\u00e4ssigen Hookup bin, gehe ich normalerweise in eine Bar oder einen Club, wo es viele Leute gibt, die auch nach einer guten Zeit suchen. Wenn ich nach etwas Intimerem suche, gehe ich vielleicht in einen Park oder einen anderen \u00f6ffentlichen Raum, wo ich mit meinem Date allein sein kann. So oder so, es gibt viele M\u00f6glichkeiten, einen guten Anschlussplatz in meiner N\u00e4he zu finden.<\/p>\n<p>Es gibt keine Notwendigkeit, aus dem Weg zu gehen, um jemanden zu finden, der in deiner N\u00e4he fickt. Sei einfach du selbst und sei offen f\u00fcr neue Erfahrungen. Man wei\u00df nie, wen man treffen k\u00f6nnte und was passieren k\u00f6nnte. Wer wei\u00df, vielleicht findest du gerade die Liebe deines Lebens.<\/p>\n<h2>Lokales Sex-Dating<\/h2>\n<p>Es gibt viele lokale Sex-Spots, wenn Sie nach einem Ort suchen, an dem Sie sich mit einem Date verbinden k\u00f6nnen. Die Bibliothek ist immer eine gute Wette &#8211; seien Sie einfach ruhig! Wenn Sie sich etwas abenteuerlustiger f\u00fchlen, gibt es immer den Park nach Einbruch der Dunkelheit. Achten Sie nur darauf, nach den Bullen Ausschau zu halten!<\/p>\n<h3>Chatzy<\/h3>\n<p>Wenn Sie nach einer neuen Dating-App suchen, k\u00f6nnte Chatzy einen Besuch wert sein. Die App wurde entwickelt, um Ihnen zu helfen, sich mit Menschen in der N\u00e4he zu verbinden, so dass Sie chatten und sich vielleicht sogar pers\u00f6nlich treffen k\u00f6nnen. Die App kann kostenlos heruntergeladen und verwendet werden, und es ist ziemlich einfach herauszufinden, wie man sie benutzt. Erstellen Sie einfach ein Profil und beginnen Sie, mit Personen in Ihrer N\u00e4he zu chatten.<\/p>\n<p>Ich benutze Chatzy jetzt seit ein paar Wochen und habe einige gute Erfahrungen damit gemacht. Ich habe einige wirklich coole Leute getroffen und einige gro\u00dfartige Gespr\u00e4che gef\u00fchrt. Die App ist auf jeden Fall einen Besuch wert, wenn Sie nach etwas Neuem und Anderem suchen.<\/p>\n<h3>TinderTrifft<\/h3>\n<p>Wenn Sie nach einer neuen Dating-App suchen, die Sie ausprobieren k\u00f6nnen, sollten Sie TinderMeets in Betracht ziehen. Es ist eine beliebte App mit einem guten Ruf f\u00fcr die Unterst\u00fctzung von Menschen bei der Suche nach Anschl\u00fcssen in ihrer N\u00e4he. Die App kann kostenlos heruntergeladen und verwendet werden, und es ist einfach, sich anzumelden und loszulegen. Sie k\u00f6nnen Profile durchsuchen, Nachrichten senden und Fotos potenzieller \u00dcbereinstimmungen in Ihrer N\u00e4he anzeigen. Die App verf\u00fcgt auch \u00fcber eine gute Suchfunktion, sodass Sie Personen finden k\u00f6nnen, die Ihren spezifischen Kriterien entsprechen. TinderMeets ist eine gro\u00dfartige Option f\u00fcr Menschen, die nach einer neuen M\u00f6glichkeit suchen, potenzielle Verbindungen in ihrer N\u00e4he zu treffen.<\/p>\n<h3>Milfaholic<\/h3>\n<p>Wenn Sie nach einem l\u00e4ssigen Anschluss in Ihrer N\u00e4he suchen, ist Milfaholic eine gro\u00dfartige Option. Die App kann kostenlos heruntergeladen und verwendet werden und ist eine der beliebtesten Dating-Apps. Es ist einfach zu bedienen und eignet sich hervorragend f\u00fcr die Suche nach lokalen Anschl\u00fcssen. Der einzige Nachteil ist, dass es nicht die \u00e4sthetisch ansprechendste App ist.<\/p>\n","protected":false},"excerpt":{"rendered":"<p>Wenn Sie nach Anschl\u00fcssen in Ihrer N\u00e4he suchen, gibt es ein paar Dinge, die Sie tun k\u00f6nnen, um Ihre Chancen zu erh\u00f6hen, jemanden zu finden. Versuchen Sie zun\u00e4chst, Dating-Apps oder Websites zu verwenden, die speziell f\u00fcr Anschl\u00fcsse gedacht sind. Dies kann eine gro\u00dfartige M\u00f6glichkeit sein, Menschen zu treffen, die auch nach zuf\u00e4lligen Begegnungen suchen. Eine &#8230; <a title=\"Fick jemanden in deiner N\u00e4he\" class=\"read-more\" href=\"http:\/\/thehottieandthenottie.com\/de\/fick-jemanden-in-deiner-naehe\/\" aria-label=\"Mehr dazu unter Fick jemanden in deiner N\u00e4he\">Weiterlesen<\/a><\/p>\n","protected":false},"author":1,"featured_media":0,"parent":0,"menu_order":0,"comment_status":"closed","ping_status":"closed","template":"","meta":[],"yoast_head":"<!-- This site is optimized with the Yoast SEO plugin v17.7.1 - https:\/\/yoast.com\/wordpress\/plugins\/seo\/ -->\n<title>Fick jemanden in deiner N\u00e4he - Hotties in der N\u00e4he<\/title>\n<meta name=\"robots\" content=\"index, follow, max-snippet:-1, max-image-preview:large, max-video-preview:-1\" \/>\n<link rel=\"canonical\" href=\"http:\/\/thehottieandthenottie.com\/de\/fick-jemanden-in-deiner-naehe\/\" \/>\n<meta property=\"og:locale\" content=\"de_DE\" \/>\n<meta property=\"og:type\" content=\"article\" \/>\n<meta property=\"og:title\" content=\"Fick jemanden in deiner N\u00e4he - Hotties in der N\u00e4he\" \/>\n<meta property=\"og:description\" content=\"Wenn Sie nach Anschl\u00fcssen in Ihrer N\u00e4he suchen, gibt es ein paar Dinge, die Sie tun k\u00f6nnen, um Ihre Chancen zu erh\u00f6hen, jemanden zu finden. Versuchen Sie zun\u00e4chst, Dating-Apps oder Websites zu verwenden, die speziell f\u00fcr Anschl\u00fcsse gedacht sind. Dies kann eine gro\u00dfartige M\u00f6glichkeit sein, Menschen zu treffen, die auch nach zuf\u00e4lligen Begegnungen suchen. Eine ... Weiterlesen\" \/>\n<meta property=\"og:url\" content=\"http:\/\/thehottieandthenottie.com\/de\/fick-jemanden-in-deiner-naehe\/\" \/>\n<meta property=\"og:site_name\" content=\"Hotties in der N\u00e4he\" \/>\n<meta name=\"twitter:card\" content=\"summary_large_image\" \/>\n<meta name=\"twitter:label1\" content=\"Gesch\u00e4tzte Lesezeit\" \/>\n\t<meta name=\"twitter:data1\" content=\"3\u00a0Minuten\" \/>\n<script type=\"application\/ld+json\" class=\"yoast-schema-graph\">{\"@context\":\"https:\/\/schema.org\",\"@graph\":[{\"@type\":\"WebSite\",\"@id\":\"https:\/\/thehottieandthenottie.com\/#website\",\"url\":\"https:\/\/thehottieandthenottie.com\/\",\"name\":\"Hotties in der N\\u00e4he\",\"description\":\"Treffen Sie Frauen in Ihrer N\\u00e4he\",\"potentialAction\":[{\"@type\":\"SearchAction\",\"target\":{\"@type\":\"EntryPoint\",\"urlTemplate\":\"https:\/\/thehottieandthenottie.com\/?s={search_term_string}\"},\"query-input\":\"required name=search_term_string\"}],\"inLanguage\":\"de\"},{\"@type\":\"WebPage\",\"@id\":\"http:\/\/thehottieandthenottie.com\/de\/fick-jemanden-in-deiner-naehe\/#webpage\",\"url\":\"http:\/\/thehottieandthenottie.com\/de\/fick-jemanden-in-deiner-naehe\/\",\"name\":\"Fick jemanden in deiner N\\u00e4he - Hotties in der N\\u00e4he\",\"isPartOf\":{\"@id\":\"https:\/\/thehottieandthenottie.com\/#website\"},\"datePublished\":\"2022-09-30T11:56:06+00:00\",\"dateModified\":\"2022-09-30T11:56:06+00:00\",\"breadcrumb\":{\"@id\":\"http:\/\/thehottieandthenottie.com\/de\/fick-jemanden-in-deiner-naehe\/#breadcrumb\"},\"inLanguage\":\"de\",\"potentialAction\":[{\"@type\":\"ReadAction\",\"target\":[\"http:\/\/thehottieandthenottie.com\/de\/fick-jemanden-in-deiner-naehe\/\"]}]},{\"@type\":\"BreadcrumbList\",\"@id\":\"http:\/\/thehottieandthenottie.com\/de\/fick-jemanden-in-deiner-naehe\/#breadcrumb\",\"itemListElement\":[{\"@type\":\"ListItem\",\"position\":1,\"name\":\"Home\",\"item\":\"https:\/\/thehottieandthenottie.com\/de\/\"},{\"@type\":\"ListItem\",\"position\":2,\"name\":\"Fick jemanden in deiner N\\u00e4he\"}]}]}<\/script>\n<!-- \/ Yoast SEO plugin. -->","yoast_head_json":{"title":"Fick jemanden in deiner N\u00e4he - Hotties in der N\u00e4he","robots":{"index":"index","follow":"follow","max-snippet":"max-snippet:-1","max-image-preview":"max-image-preview:large","max-video-preview":"max-video-preview:-1"},"canonical":"http:\/\/thehottieandthenottie.com\/de\/fick-jemanden-in-deiner-naehe\/","og_locale":"de_DE","og_type":"article","og_title":"Fick jemanden in deiner N\u00e4he - Hotties in der N\u00e4he","og_description":"Wenn Sie nach Anschl\u00fcssen in Ihrer N\u00e4he suchen, gibt es ein paar Dinge, die Sie tun k\u00f6nnen, um Ihre Chancen zu erh\u00f6hen, jemanden zu finden. Versuchen Sie zun\u00e4chst, Dating-Apps oder Websites zu verwenden, die speziell f\u00fcr Anschl\u00fcsse gedacht sind. Dies kann eine gro\u00dfartige M\u00f6glichkeit sein, Menschen zu treffen, die auch nach zuf\u00e4lligen Begegnungen suchen. Eine ... Weiterlesen","og_url":"http:\/\/thehottieandthenottie.com\/de\/fick-jemanden-in-deiner-naehe\/","og_site_name":"Hotties in der N\u00e4he","twitter_card":"summary_large_image","twitter_misc":{"Gesch\u00e4tzte Lesezeit":"3\u00a0Minuten"},"schema":{"@context":"https:\/\/schema.org","@graph":[{"@type":"WebSite","@id":"https:\/\/thehottieandthenottie.com\/#website","url":"https:\/\/thehottieandthenottie.com\/","name":"Hotties in der N\u00e4he","description":"Treffen Sie Frauen in Ihrer N\u00e4he","potentialAction":[{"@type":"SearchAction","target":{"@type":"EntryPoint","urlTemplate":"https:\/\/thehottieandthenottie.com\/?s={search_term_string}"},"query-input":"required name=search_term_string"}],"inLanguage":"de"},{"@type":"WebPage","@id":"http:\/\/thehottieandthenottie.com\/de\/fick-jemanden-in-deiner-naehe\/#webpage","url":"http:\/\/thehottieandthenottie.com\/de\/fick-jemanden-in-deiner-naehe\/","name":"Fick jemanden in deiner N\u00e4he - Hotties in der N\u00e4he","isPartOf":{"@id":"https:\/\/thehottieandthenottie.com\/#website"},"datePublished":"2022-09-30T11:56:06+00:00","dateModified":"2022-09-30T11:56:06+00:00","breadcrumb":{"@id":"http:\/\/thehottieandthenottie.com\/de\/fick-jemanden-in-deiner-naehe\/#breadcrumb"},"inLanguage":"de","potentialAction":[{"@type":"ReadAction","target":["http:\/\/thehottieandthenottie.com\/de\/fick-jemanden-in-deiner-naehe\/"]}]},{"@type":"BreadcrumbList","@id":"http:\/\/thehottieandthenottie.com\/de\/fick-jemanden-in-deiner-naehe\/#breadcrumb","itemListElement":[{"@type":"ListItem","position":1,"name":"Home","item":"https:\/\/thehottieandthenottie.com\/de\/"},{"@type":"ListItem","position":2,"name":"Fick jemanden in deiner N\u00e4he"}]}]}},"_links":{"self":[{"href":"http:\/\/thehottieandthenottie.com\/de\/wp-json\/wp\/v2\/pages\/571"}],"collection":[{"href":"http:\/\/thehottieandthenottie.com\/de\/wp-json\/wp\/v2\/pages"}],"about":[{"href":"http:\/\/thehottieandthenottie.com\/de\/wp-json\/wp\/v2\/types\/page"}],"author":[{"embeddable":true,"href":"http:\/\/thehottieandthenottie.com\/de\/wp-json\/wp\/v2\/users\/1"}],"replies":[{"embeddable":true,"href":"http:\/\/thehottieandthenottie.com\/de\/wp-json\/wp\/v2\/comments?post=571"}],"version-history":[{"count":0,"href":"http:\/\/thehottieandthenottie.com\/de\/wp-json\/wp\/v2\/pages\/571\/revisions"}],"wp:attachment":[{"href":"http:\/\/thehottieandthenottie.com\/de\/wp-json\/wp\/v2\/media?parent=571"}],"curies":[{"name":"wp","href":"https:\/\/api.w.org\/{rel}","templated":true}]}}