{"id":598,"date":"2022-09-30T12:55:30","date_gmt":"2022-09-30T11:55:30","guid":{"rendered":"http:\/\/thehottieandthenottie.com\/bondage-dating\/"},"modified":"2022-09-30T12:55:30","modified_gmt":"2022-09-30T11:55:30","slug":"bondage-dating","status":"publish","type":"page","link":"http:\/\/thehottieandthenottie.com\/de\/bondage-dating\/","title":{"rendered":"Bondage Dating"},"content":{"rendered":"<p>Es gibt etwas an der Anonymit\u00e4t eines Chatrooms, das die Leute wirklich dazu bringt, \u00fcber ihre Knicke und Fetische zu sprechen. Wenn Sie sich f\u00fcr Bondage interessieren, gibt es viele Chatrooms, in denen Sie Ihre Interessen mit Gleichgesinnten erkunden k\u00f6nnen.<\/p>\n<p>Sie k\u00f6nnen Chatrooms f\u00fcr alle Arten von Knicken und Fetischen finden, so dass Sie sicher einen finden, der zu Ihnen passt. Denken Sie daran, sicher und respektvoll zu sein, wenn Sie mit jemand Neuem chatten. Und wer wei\u00df, vielleicht finden Sie in einem dieser Chatrooms Ihren perfekten Hookup-Partner. Bondage Dating bezieht sich auf die Praxis, intime k\u00f6rperliche und emotionale Beziehungen mit jemandem zu genie\u00dfen, der es genie\u00dft, seinen Partner zur\u00fcckzuhalten. Dies kann Handschellen, Seil, Knebel, Augenbinden und andere Arten von Fesseln beinhalten. Es kann eine lustige und aufregende M\u00f6glichkeit sein, Ihrer Beziehung etwas W\u00fcrze zu verleihen. Es ist jedoch wichtig, beim Bondage-Spiel sicher und einvernehmlich zu sein.<\/p>\n<h2>BDSM-Hookup-Sites<\/h2>\n<p>Es gibt nicht die eine Antwort auf diese Frage &#8211; die Erfahrungen jedes Einzelnen werden anders sein. Wenn Sie jedoch daran interessiert sind, BDSM-Verbindungen zu erkunden, gibt es ein paar Dinge, die Sie beachten k\u00f6nnen. Erstens ist es wichtig, sich dar\u00fcber im Klaren zu sein, wonach Sie suchen und was Ihre Grenzen sind. Es ist auch eine gute Idee, vorher mit Ihrem potenziellen Partner zu kommunizieren, um sicherzustellen, dass Sie auf der gleichen Seite sind. Sobald Sie jemanden gefunden haben, mit dem Sie kompatibel sind, ist es wichtig, Ihren Instinkten zu vertrauen und mit Ihrem Bauchgef\u00fchl zu gehen. Schlie\u00dflich, stellen Sie sicher, dass Sie Spa\u00df haben und sich am\u00fcsieren!<\/p>\n<h2>Fetisch Dating<\/h2>\n<p>Fetisch-Meet-Sites k\u00f6nnen eine gro\u00dfartige M\u00f6glichkeit f\u00fcr Menschen mit bestimmten Fetischen sein, sich mit anderen zu verbinden, die ihre Interessen teilen. Diese Websites k\u00f6nnen Menschen helfen, Partner f\u00fcr Dating, Beziehungen oder auch nur zuf\u00e4llige Begegnungen zu finden. W\u00e4hrend manche Leute Fetische als seltsam oder seltsam betrachten k\u00f6nnen, ist nichts falsch daran, einen zu haben. Jeder Mensch ist anders und es ist keine Schande, etwas zu genie\u00dfen, das als Tabu angesehen werden kann. Fetisch-Meet-Sites k\u00f6nnen eine sichere und einladende Umgebung f\u00fcr Menschen bieten, um ihre Sexualit\u00e4t zu erforschen und gleichgesinnte Partner zu finden.<\/p>\n<h3>Betreute Angelegenheiten<\/h3>\n<p>Heated Affairs ist eine Online-Dating-App, die sich an Menschen richtet, die sich f\u00fcr Bondage-Chatrooms interessieren. Die App ist einfach zu bedienen und verf\u00fcgt \u00fcber viele Funktionen, die sie zu einer gro\u00dfartigen Wahl f\u00fcr Menschen machen, die nach einer M\u00f6glichkeit suchen, sich mit anderen zu verbinden, die ihre Interessen teilen. Die App kann kostenlos heruntergeladen und verwendet werden und bietet eine Vielzahl von Funktionen, die sie zu einer gro\u00dfartigen Option f\u00fcr Menschen machen, die nach einer M\u00f6glichkeit suchen, sich mit anderen zu verbinden, die ihre Interessen teilen.<\/p>\n<h3>Chat Allee<\/h3>\n<p>Wenn Sie nach einem Chatroom suchen, der speziell f\u00fcr Personen entwickelt wurde, die sich f\u00fcr Bondage interessieren, sollten Sie sich den Bondage-Chatroom von Chat Avenue ansehen. Dieser Chatroom ist voll von Leuten, die ihre versaute Seite erkunden m\u00f6chten, und es ist ein gro\u00dfartiger Ort, um jemanden zu finden, mit dem Sie \u00fcber Ihre gemeinsamen Interessen chatten k\u00f6nnen. Der Chatroom wird moderiert, so dass Sie sich sicher f\u00fchlen k\u00f6nnen, wenn Sie Ihre Interessen mit anderen besprechen, und Sie k\u00f6nnen auch Leute finden, mit denen Sie chatten k\u00f6nnen, die Ihre versauten Fetische teilen.<\/p>\n<h3>BeNaughty<\/h3>\n<p>BeNaughty ist eine Dating-App, die speziell f\u00fcr Menschen entwickelt wurde, die sich f\u00fcr Bondage-Chatrooms interessieren. Die App ist sehr benutzerfreundlich und macht es einfach, Menschen zu finden, die Ihre Interessen teilen. Die App hat auch viele Funktionen, die es einfach machen, sich mit anderen Benutzern zu verbinden. Insgesamt ist BeNaughty eine gro\u00dfartige Option f\u00fcr Leute, die sich f\u00fcr Bondage-Chatrooms interessieren.<\/p>\n","protected":false},"excerpt":{"rendered":"<p>Es gibt etwas an der Anonymit\u00e4t eines Chatrooms, das die Leute wirklich dazu bringt, \u00fcber ihre Knicke und Fetische zu sprechen. Wenn Sie sich f\u00fcr Bondage interessieren, gibt es viele Chatrooms, in denen Sie Ihre Interessen mit Gleichgesinnten erkunden k\u00f6nnen. Sie k\u00f6nnen Chatrooms f\u00fcr alle Arten von Knicken und Fetischen finden, so dass Sie sicher &#8230; <a title=\"Bondage Dating\" class=\"read-more\" href=\"http:\/\/thehottieandthenottie.com\/de\/bondage-dating\/\" aria-label=\"Mehr dazu unter Bondage Dating\">Weiterlesen<\/a><\/p>\n","protected":false},"author":1,"featured_media":0,"parent":0,"menu_order":0,"comment_status":"closed","ping_status":"closed","template":"","meta":[],"yoast_head":"<!-- This site is optimized with the Yoast SEO plugin v17.7.1 - https:\/\/yoast.com\/wordpress\/plugins\/seo\/ -->\n<title>Bondage Dating - Hotties in der N\u00e4he<\/title>\n<meta name=\"robots\" content=\"index, follow, max-snippet:-1, max-image-preview:large, max-video-preview:-1\" \/>\n<link rel=\"canonical\" href=\"http:\/\/thehottieandthenottie.com\/de\/bondage-dating\/\" \/>\n<meta property=\"og:locale\" content=\"de_DE\" \/>\n<meta property=\"og:type\" content=\"article\" \/>\n<meta property=\"og:title\" content=\"Bondage Dating - Hotties in der N\u00e4he\" \/>\n<meta property=\"og:description\" content=\"Es gibt etwas an der Anonymit\u00e4t eines Chatrooms, das die Leute wirklich dazu bringt, \u00fcber ihre Knicke und Fetische zu sprechen. Wenn Sie sich f\u00fcr Bondage interessieren, gibt es viele Chatrooms, in denen Sie Ihre Interessen mit Gleichgesinnten erkunden k\u00f6nnen. Sie k\u00f6nnen Chatrooms f\u00fcr alle Arten von Knicken und Fetischen finden, so dass Sie sicher ... Weiterlesen\" \/>\n<meta property=\"og:url\" content=\"http:\/\/thehottieandthenottie.com\/de\/bondage-dating\/\" \/>\n<meta property=\"og:site_name\" content=\"Hotties in der N\u00e4he\" \/>\n<meta name=\"twitter:card\" content=\"summary_large_image\" \/>\n<meta name=\"twitter:label1\" content=\"Gesch\u00e4tzte Lesezeit\" \/>\n\t<meta name=\"twitter:data1\" content=\"3\u00a0Minuten\" \/>\n<script type=\"application\/ld+json\" class=\"yoast-schema-graph\">{\"@context\":\"https:\/\/schema.org\",\"@graph\":[{\"@type\":\"WebSite\",\"@id\":\"https:\/\/thehottieandthenottie.com\/#website\",\"url\":\"https:\/\/thehottieandthenottie.com\/\",\"name\":\"Hotties in der N\\u00e4he\",\"description\":\"Treffen Sie Frauen in Ihrer N\\u00e4he\",\"potentialAction\":[{\"@type\":\"SearchAction\",\"target\":{\"@type\":\"EntryPoint\",\"urlTemplate\":\"https:\/\/thehottieandthenottie.com\/?s={search_term_string}\"},\"query-input\":\"required name=search_term_string\"}],\"inLanguage\":\"de\"},{\"@type\":\"WebPage\",\"@id\":\"http:\/\/thehottieandthenottie.com\/de\/bondage-dating\/#webpage\",\"url\":\"http:\/\/thehottieandthenottie.com\/de\/bondage-dating\/\",\"name\":\"Bondage Dating - Hotties in der N\\u00e4he\",\"isPartOf\":{\"@id\":\"https:\/\/thehottieandthenottie.com\/#website\"},\"datePublished\":\"2022-09-30T11:55:30+00:00\",\"dateModified\":\"2022-09-30T11:55:30+00:00\",\"breadcrumb\":{\"@id\":\"http:\/\/thehottieandthenottie.com\/de\/bondage-dating\/#breadcrumb\"},\"inLanguage\":\"de\",\"potentialAction\":[{\"@type\":\"ReadAction\",\"target\":[\"http:\/\/thehottieandthenottie.com\/de\/bondage-dating\/\"]}]},{\"@type\":\"BreadcrumbList\",\"@id\":\"http:\/\/thehottieandthenottie.com\/de\/bondage-dating\/#breadcrumb\",\"itemListElement\":[{\"@type\":\"ListItem\",\"position\":1,\"name\":\"Home\",\"item\":\"https:\/\/thehottieandthenottie.com\/de\/\"},{\"@type\":\"ListItem\",\"position\":2,\"name\":\"Bondage Dating\"}]}]}<\/script>\n<!-- \/ Yoast SEO plugin. -->","yoast_head_json":{"title":"Bondage Dating - Hotties in der N\u00e4he","robots":{"index":"index","follow":"follow","max-snippet":"max-snippet:-1","max-image-preview":"max-image-preview:large","max-video-preview":"max-video-preview:-1"},"canonical":"http:\/\/thehottieandthenottie.com\/de\/bondage-dating\/","og_locale":"de_DE","og_type":"article","og_title":"Bondage Dating - Hotties in der N\u00e4he","og_description":"Es gibt etwas an der Anonymit\u00e4t eines Chatrooms, das die Leute wirklich dazu bringt, \u00fcber ihre Knicke und Fetische zu sprechen. Wenn Sie sich f\u00fcr Bondage interessieren, gibt es viele Chatrooms, in denen Sie Ihre Interessen mit Gleichgesinnten erkunden k\u00f6nnen. Sie k\u00f6nnen Chatrooms f\u00fcr alle Arten von Knicken und Fetischen finden, so dass Sie sicher ... Weiterlesen","og_url":"http:\/\/thehottieandthenottie.com\/de\/bondage-dating\/","og_site_name":"Hotties in der N\u00e4he","twitter_card":"summary_large_image","twitter_misc":{"Gesch\u00e4tzte Lesezeit":"3\u00a0Minuten"},"schema":{"@context":"https:\/\/schema.org","@graph":[{"@type":"WebSite","@id":"https:\/\/thehottieandthenottie.com\/#website","url":"https:\/\/thehottieandthenottie.com\/","name":"Hotties in der N\u00e4he","description":"Treffen Sie Frauen in Ihrer N\u00e4he","potentialAction":[{"@type":"SearchAction","target":{"@type":"EntryPoint","urlTemplate":"https:\/\/thehottieandthenottie.com\/?s={search_term_string}"},"query-input":"required name=search_term_string"}],"inLanguage":"de"},{"@type":"WebPage","@id":"http:\/\/thehottieandthenottie.com\/de\/bondage-dating\/#webpage","url":"http:\/\/thehottieandthenottie.com\/de\/bondage-dating\/","name":"Bondage Dating - Hotties in der N\u00e4he","isPartOf":{"@id":"https:\/\/thehottieandthenottie.com\/#website"},"datePublished":"2022-09-30T11:55:30+00:00","dateModified":"2022-09-30T11:55:30+00:00","breadcrumb":{"@id":"http:\/\/thehottieandthenottie.com\/de\/bondage-dating\/#breadcrumb"},"inLanguage":"de","potentialAction":[{"@type":"ReadAction","target":["http:\/\/thehottieandthenottie.com\/de\/bondage-dating\/"]}]},{"@type":"BreadcrumbList","@id":"http:\/\/thehottieandthenottie.com\/de\/bondage-dating\/#breadcrumb","itemListElement":[{"@type":"ListItem","position":1,"name":"Home","item":"https:\/\/thehottieandthenottie.com\/de\/"},{"@type":"ListItem","position":2,"name":"Bondage Dating"}]}]}},"_links":{"self":[{"href":"http:\/\/thehottieandthenottie.com\/de\/wp-json\/wp\/v2\/pages\/598"}],"collection":[{"href":"http:\/\/thehottieandthenottie.com\/de\/wp-json\/wp\/v2\/pages"}],"about":[{"href":"http:\/\/thehottieandthenottie.com\/de\/wp-json\/wp\/v2\/types\/page"}],"author":[{"embeddable":true,"href":"http:\/\/thehottieandthenottie.com\/de\/wp-json\/wp\/v2\/users\/1"}],"replies":[{"embeddable":true,"href":"http:\/\/thehottieandthenottie.com\/de\/wp-json\/wp\/v2\/comments?post=598"}],"version-history":[{"count":0,"href":"http:\/\/thehottieandthenottie.com\/de\/wp-json\/wp\/v2\/pages\/598\/revisions"}],"wp:attachment":[{"href":"http:\/\/thehottieandthenottie.com\/de\/wp-json\/wp\/v2\/media?parent=598"}],"curies":[{"name":"wp","href":"https:\/\/api.w.org\/{rel}","templated":true}]}}