{"id":607,"date":"2022-09-30T12:55:07","date_gmt":"2022-09-30T11:55:07","guid":{"rendered":"http:\/\/thehottieandthenottie.com\/nsa-dating\/"},"modified":"2022-09-30T12:55:07","modified_gmt":"2022-09-30T11:55:07","slug":"nsa-dating","status":"publish","type":"page","link":"http:\/\/thehottieandthenottie.com\/de\/nsa-dating\/","title":{"rendered":"NSA-Dating"},"content":{"rendered":"<p>Es gibt ein paar M\u00f6glichkeiten, einen One-Night-Stand in Ihrer N\u00e4he zu finden. Am einfachsten ist es, eine Dating-App wie Tinder oder Bumble zu verwenden. Sie k\u00f6nnen auch versuchen, in eine Bar oder einen Club zu gehen und zu sehen, ob es einzelne Leute gibt, die daran interessiert zu sein scheinen, sich anzuschlie\u00dfen. Wenn Sie kein Gl\u00fcck haben, jemanden zu finden, der an einem One-Night-Stand interessiert ist, k\u00f6nnen Sie jederzeit versuchen, eine Kontaktanzeige auf Craigslist oder einer \u00e4hnlichen Website zu ver\u00f6ffentlichen. Stellen Sie einfach sicher, dass Sie sich dar\u00fcber im Klaren sind, wonach Sie suchen, und seien Sie sicher, wenn Sie sich mit Fremden treffen.<\/p>\n<p>Es gibt viele Websites, die Ihnen helfen k\u00f6nnen, einen One-Night-Stand zu finden. Alles, was Sie tun m\u00fcssen, ist, einzugeben, wonach Sie suchen, und Ihren Standort, und Sie werden in der Lage sein, eine Liste potenzieller \u00dcbereinstimmungen zu finden. Sie k\u00f6nnen ihnen dann eine Nachricht senden und ein Treffen vereinbaren. Achten Sie nur darauf, sicher zu sein und verwenden Sie ein Kondom!<\/p>\n<h2>NSA Dating-Websites<\/h2>\n<p>Es ist nicht zu leugnen, dass NSA-Dating eine gro\u00dfartige M\u00f6glichkeit sein kann, Liebe zu finden. Denn was k\u00f6nnte romantischer sein, als jemanden ohne Erwartungen oder Bedingungen zu treffen? Es ist jedoch wichtig zu bedenken, dass NSA-Dating nicht jedermanns Sache ist. Wenn Sie nach etwas Ernstem suchen, dann ist diese Art von Dating wahrscheinlich nicht f\u00fcr Sie. Aber wenn Sie nur nach etwas Spa\u00df und Aufregung suchen, dann k\u00f6nnte NSA-Dating der perfekte Weg sein, um es zu finden.<\/p>\n<h2>One Night Stand Dating<\/h2>\n<p>Ein One-Night-Stand hat etwas Befreiendes. Keine Bedingungen, keine Erwartungen &#8211; nur zwei Personen, die die Gesellschaft des anderen f\u00fcr eine Nacht genie\u00dfen. Und wenn Sie nach einer Website suchen, die Ihnen hilft, einen One-Night-Stand zu finden, dann suchen Sie nicht weiter als One Night Stand Site. One Night Stand Site ist der perfekte Ort, um jemanden f\u00fcr einen unverbindlichen Anschluss zu finden. Egal, ob Sie nur nach etwas ungezwungenem Spa\u00df suchen oder tats\u00e4chlich hoffen, Ihren n\u00e4chsten langfristigen Partner zu finden, One Night Stand Site kann Ihnen helfen, das zu finden, wonach Sie suchen.<\/p>\n<p>Alles, was Sie tun m\u00fcssen, ist, sich anzumelden, ein Profil zu erstellen und die Profile anderer Mitglieder zu durchsuchen. Wenn Sie jemanden finden, an dem Sie interessiert sind, senden Sie ihm einfach eine Nachricht und sehen Sie, wie es weitergeht. Wenn Sie also bereit sind, Spa\u00df zu haben und die Aufregung eines One-Night-Standes zu erleben, dann melden Sie sich noch heute f\u00fcr One Night Stand Site an!<\/p>\n<h3>FriendFinder-X<\/h3>\n<p>Wenn Sie nach einem One-Night-Stand suchen, ist FriendFinder-X eine Dating-App, die Ihnen helfen kann, lokale Verbindungen zu finden. Die App kann kostenlos heruntergeladen und verwendet werden und ist sowohl f\u00fcr iOS als auch f\u00fcr Android verf\u00fcgbar. FriendFinder-X ist einfach zu bedienen und es dauert nur wenige Minuten, um sich anzumelden. Sobald Sie sich angemeldet haben, k\u00f6nnen Sie lokale Singles durchsuchen und ihnen Nachrichten senden. Die App verf\u00fcgt auch \u00fcber eine &#8222;Hot or Not&#8220; -Funktion, mit der Sie andere Benutzer bewerten k\u00f6nnen. Wenn Sie nach einem One-Night-Stand suchen, ist FriendFinder-X eine gro\u00dfartige Option.<\/p>\n<h3>Rubkarten<\/h3>\n<p>Rubmaps ist eine Dating-App, mit der Sie potenzielle One-Night-Stand-Partner in Ihrer N\u00e4he finden k\u00f6nnen. Die App kann kostenlos heruntergeladen und verwendet werden und bietet eine Vielzahl von Funktionen, mit denen Sie eine \u00dcbereinstimmung finden k\u00f6nnen. Sie k\u00f6nnen nach potenziellen Partnern nach Standort, Alter und Interessen suchen und ihnen direkt eine Nachricht senden. Die App enth\u00e4lt auch eine integrierte Chat-Funktion, mit der Sie Ihren potenziellen Partner kennenlernen k\u00f6nnen, bevor Sie sich treffen. Insgesamt ist Rubmaps eine gro\u00dfartige Option, um einen One-Night-Stand in Ihrer N\u00e4he zu finden.<\/p>\n<h3>Kr\u00e4henscharbe<\/h3>\n<p>Wenn Sie nach einem One-Night-Stand suchen, dann k\u00f6nnte Shag die Dating-App f\u00fcr Sie sein. Es ist schnell, einfach zu bedienen und Sie k\u00f6nnen Ihre \u00dcbereinstimmungen nach Standort, Alter und Beziehungsstatus filtern. Die App ist jedoch nur in Gro\u00dfbritannien und Irland verf\u00fcgbar, wenn Sie sich also nicht in einem dieser L\u00e4nder befinden, haben Sie kein Gl\u00fcck.<\/p>\n","protected":false},"excerpt":{"rendered":"<p>Es gibt ein paar M\u00f6glichkeiten, einen One-Night-Stand in Ihrer N\u00e4he zu finden. Am einfachsten ist es, eine Dating-App wie Tinder oder Bumble zu verwenden. Sie k\u00f6nnen auch versuchen, in eine Bar oder einen Club zu gehen und zu sehen, ob es einzelne Leute gibt, die daran interessiert zu sein scheinen, sich anzuschlie\u00dfen. Wenn Sie kein &#8230; <a title=\"NSA-Dating\" class=\"read-more\" href=\"http:\/\/thehottieandthenottie.com\/de\/nsa-dating\/\" aria-label=\"Mehr dazu unter NSA-Dating\">Weiterlesen<\/a><\/p>\n","protected":false},"author":1,"featured_media":0,"parent":0,"menu_order":0,"comment_status":"closed","ping_status":"closed","template":"","meta":[],"yoast_head":"<!-- This site is optimized with the Yoast SEO plugin v17.7.1 - https:\/\/yoast.com\/wordpress\/plugins\/seo\/ -->\n<title>NSA-Dating - Hotties in der N\u00e4he<\/title>\n<meta name=\"robots\" content=\"index, follow, max-snippet:-1, max-image-preview:large, max-video-preview:-1\" \/>\n<link rel=\"canonical\" href=\"http:\/\/thehottieandthenottie.com\/de\/nsa-dating\/\" \/>\n<meta property=\"og:locale\" content=\"de_DE\" \/>\n<meta property=\"og:type\" content=\"article\" \/>\n<meta property=\"og:title\" content=\"NSA-Dating - Hotties in der N\u00e4he\" \/>\n<meta property=\"og:description\" content=\"Es gibt ein paar M\u00f6glichkeiten, einen One-Night-Stand in Ihrer N\u00e4he zu finden. Am einfachsten ist es, eine Dating-App wie Tinder oder Bumble zu verwenden. Sie k\u00f6nnen auch versuchen, in eine Bar oder einen Club zu gehen und zu sehen, ob es einzelne Leute gibt, die daran interessiert zu sein scheinen, sich anzuschlie\u00dfen. Wenn Sie kein ... Weiterlesen\" \/>\n<meta property=\"og:url\" content=\"http:\/\/thehottieandthenottie.com\/de\/nsa-dating\/\" \/>\n<meta property=\"og:site_name\" content=\"Hotties in der N\u00e4he\" \/>\n<meta name=\"twitter:card\" content=\"summary_large_image\" \/>\n<meta name=\"twitter:label1\" content=\"Gesch\u00e4tzte Lesezeit\" \/>\n\t<meta name=\"twitter:data1\" content=\"3\u00a0Minuten\" \/>\n<script type=\"application\/ld+json\" class=\"yoast-schema-graph\">{\"@context\":\"https:\/\/schema.org\",\"@graph\":[{\"@type\":\"WebSite\",\"@id\":\"https:\/\/thehottieandthenottie.com\/#website\",\"url\":\"https:\/\/thehottieandthenottie.com\/\",\"name\":\"Hotties in der N\\u00e4he\",\"description\":\"Treffen Sie Frauen in Ihrer N\\u00e4he\",\"potentialAction\":[{\"@type\":\"SearchAction\",\"target\":{\"@type\":\"EntryPoint\",\"urlTemplate\":\"https:\/\/thehottieandthenottie.com\/?s={search_term_string}\"},\"query-input\":\"required name=search_term_string\"}],\"inLanguage\":\"de\"},{\"@type\":\"WebPage\",\"@id\":\"http:\/\/thehottieandthenottie.com\/de\/nsa-dating\/#webpage\",\"url\":\"http:\/\/thehottieandthenottie.com\/de\/nsa-dating\/\",\"name\":\"NSA-Dating - Hotties in der N\\u00e4he\",\"isPartOf\":{\"@id\":\"https:\/\/thehottieandthenottie.com\/#website\"},\"datePublished\":\"2022-09-30T11:55:07+00:00\",\"dateModified\":\"2022-09-30T11:55:07+00:00\",\"breadcrumb\":{\"@id\":\"http:\/\/thehottieandthenottie.com\/de\/nsa-dating\/#breadcrumb\"},\"inLanguage\":\"de\",\"potentialAction\":[{\"@type\":\"ReadAction\",\"target\":[\"http:\/\/thehottieandthenottie.com\/de\/nsa-dating\/\"]}]},{\"@type\":\"BreadcrumbList\",\"@id\":\"http:\/\/thehottieandthenottie.com\/de\/nsa-dating\/#breadcrumb\",\"itemListElement\":[{\"@type\":\"ListItem\",\"position\":1,\"name\":\"Home\",\"item\":\"http:\/\/thehottieandthenottie.com\/de\/\"},{\"@type\":\"ListItem\",\"position\":2,\"name\":\"NSA-Dating\"}]}]}<\/script>\n<!-- \/ Yoast SEO plugin. -->","yoast_head_json":{"title":"NSA-Dating - Hotties in der N\u00e4he","robots":{"index":"index","follow":"follow","max-snippet":"max-snippet:-1","max-image-preview":"max-image-preview:large","max-video-preview":"max-video-preview:-1"},"canonical":"http:\/\/thehottieandthenottie.com\/de\/nsa-dating\/","og_locale":"de_DE","og_type":"article","og_title":"NSA-Dating - Hotties in der N\u00e4he","og_description":"Es gibt ein paar M\u00f6glichkeiten, einen One-Night-Stand in Ihrer N\u00e4he zu finden. Am einfachsten ist es, eine Dating-App wie Tinder oder Bumble zu verwenden. Sie k\u00f6nnen auch versuchen, in eine Bar oder einen Club zu gehen und zu sehen, ob es einzelne Leute gibt, die daran interessiert zu sein scheinen, sich anzuschlie\u00dfen. Wenn Sie kein ... Weiterlesen","og_url":"http:\/\/thehottieandthenottie.com\/de\/nsa-dating\/","og_site_name":"Hotties in der N\u00e4he","twitter_card":"summary_large_image","twitter_misc":{"Gesch\u00e4tzte Lesezeit":"3\u00a0Minuten"},"schema":{"@context":"https:\/\/schema.org","@graph":[{"@type":"WebSite","@id":"https:\/\/thehottieandthenottie.com\/#website","url":"https:\/\/thehottieandthenottie.com\/","name":"Hotties in der N\u00e4he","description":"Treffen Sie Frauen in Ihrer N\u00e4he","potentialAction":[{"@type":"SearchAction","target":{"@type":"EntryPoint","urlTemplate":"https:\/\/thehottieandthenottie.com\/?s={search_term_string}"},"query-input":"required name=search_term_string"}],"inLanguage":"de"},{"@type":"WebPage","@id":"http:\/\/thehottieandthenottie.com\/de\/nsa-dating\/#webpage","url":"http:\/\/thehottieandthenottie.com\/de\/nsa-dating\/","name":"NSA-Dating - Hotties in der N\u00e4he","isPartOf":{"@id":"https:\/\/thehottieandthenottie.com\/#website"},"datePublished":"2022-09-30T11:55:07+00:00","dateModified":"2022-09-30T11:55:07+00:00","breadcrumb":{"@id":"http:\/\/thehottieandthenottie.com\/de\/nsa-dating\/#breadcrumb"},"inLanguage":"de","potentialAction":[{"@type":"ReadAction","target":["http:\/\/thehottieandthenottie.com\/de\/nsa-dating\/"]}]},{"@type":"BreadcrumbList","@id":"http:\/\/thehottieandthenottie.com\/de\/nsa-dating\/#breadcrumb","itemListElement":[{"@type":"ListItem","position":1,"name":"Home","item":"http:\/\/thehottieandthenottie.com\/de\/"},{"@type":"ListItem","position":2,"name":"NSA-Dating"}]}]}},"_links":{"self":[{"href":"http:\/\/thehottieandthenottie.com\/de\/wp-json\/wp\/v2\/pages\/607"}],"collection":[{"href":"http:\/\/thehottieandthenottie.com\/de\/wp-json\/wp\/v2\/pages"}],"about":[{"href":"http:\/\/thehottieandthenottie.com\/de\/wp-json\/wp\/v2\/types\/page"}],"author":[{"embeddable":true,"href":"http:\/\/thehottieandthenottie.com\/de\/wp-json\/wp\/v2\/users\/1"}],"replies":[{"embeddable":true,"href":"http:\/\/thehottieandthenottie.com\/de\/wp-json\/wp\/v2\/comments?post=607"}],"version-history":[{"count":0,"href":"http:\/\/thehottieandthenottie.com\/de\/wp-json\/wp\/v2\/pages\/607\/revisions"}],"wp:attachment":[{"href":"http:\/\/thehottieandthenottie.com\/de\/wp-json\/wp\/v2\/media?parent=607"}],"curies":[{"name":"wp","href":"https:\/\/api.w.org\/{rel}","templated":true}]}}