{"id":613,"date":"2022-09-30T12:53:59","date_gmt":"2022-09-30T11:53:59","guid":{"rendered":"http:\/\/thehottieandthenottie.com\/sex-in-meiner-naehe\/"},"modified":"2022-09-30T12:53:59","modified_gmt":"2022-09-30T11:53:59","slug":"sex-in-meiner-naehe","status":"publish","type":"page","link":"http:\/\/thehottieandthenottie.com\/de\/sex-in-meiner-naehe\/","title":{"rendered":"Sex in meiner N\u00e4he"},"content":{"rendered":"<p>Es ist nicht n\u00f6tig, stundenlang online nach &#8222;kostenlosem Sex in meiner N\u00e4he&#8220; zu suchen. Gehen Sie einfach zu Ihrer \u00f6rtlichen Bar oder Ihrem Club und plaudern Sie mit potenziellen Verbindungen. Sie werden \u00fcberrascht sein, wie einfach es ist, jemanden zu finden, der f\u00fcr einen unverbindlichen Spa\u00df bereit ist. Denken Sie daran, sicher zu sein und Schutz zu verwenden!<\/p>\n<h2>Sex finden<\/h2>\n<p>Es gibt nichts Sch\u00f6neres als den Nervenkitzel zu wissen, dass es <a href=\"http:\/\/thehottieandthenottie.com\/swinger-sites\/\">in der N\u00e4he kostenlosen Sex<\/a> gibt. Egal, ob es sich um eine einmalige Verbindung oder eine normale Sache handelt, es ist immer aufregend. Und nat\u00fcrlich ist es noch besser, wenn Sie nicht weit gehen m\u00fcssen, um es zu finden. Wenn Sie nach kostenlosem Sex in der N\u00e4he suchen, ist eine der besten M\u00f6glichkeiten, ihn zu finden, Online-Dating. Es gibt viele Dating-Sites und Apps, die Ihnen helfen k\u00f6nnen, sich mit jemandem zu verbinden, der an derselben Sache interessiert ist. Nat\u00fcrlich k\u00f6nnen Sie Ihr Gl\u00fcck auch in Bars oder Clubs versuchen. Aber wenn Sie nicht in dieser Szene sind, ist Online-Dating definitiv der richtige Weg. Mit so vielen Menschen, die nach freiem Sex suchen, werden Sie sicher jemanden finden, der daf\u00fcr ist.<\/p>\n<h2>Lokale Anschl\u00fcsse<\/h2>\n<p>Wenn du versuchst, Liebe zu finden, kann es sich anf\u00fchlen, als w\u00fcrdest du nach einer Nadel im Heuhaufen suchen. Aber wenn Sie Ihre Suche auf potenzielle Partner ausweiten, die in Ihrer N\u00e4he leben, steigen Ihre Chancen, Liebe zu finden, exponentiell. Und dank der Technologie ist es einfacher denn je, jemanden zu finden, der in deiner N\u00e4he ist. Es gibt eine Reihe von Dating-Apps und Websites, mit denen Sie nach potenziellen Partnern nach Standort suchen k\u00f6nnen. Wenn du also nach Liebe suchst und bereit bist, in der N\u00e4he von jemandem zu ficken, besteht eine gute Chance, dass du finden kannst, wonach du suchst. Nat\u00fcrlich gibt es keine Garantien im Leben. Aber wenn du offen daf\u00fcr bist, in der N\u00e4he von jemandem zu ficken, um Liebe zu finden, wirst du vielleicht \u00fcberrascht sein, wie einfach es ist, ein Match zu finden. Also probieren Sie es aus. Vielleicht findest du die Liebe deines Lebens.<\/p>\n<h2>Casual Sex Treffen<\/h2>\n<p>Es gibt keine einzige Antwort auf diese Frage, da die Menschen unterschiedliche Meinungen dar\u00fcber haben, was als &#8222;Gelegenheitssex&#8220; gilt. F\u00fcr manche Menschen bezieht sich Gelegenheitssex auf sexuelle Aktivit\u00e4t, die keine Art von emotionaler Verbindung oder Verpflichtung beinhaltet, w\u00e4hrend es sich f\u00fcr andere einfach auf Sex bezieht, der nicht Teil einer langfristigen, monogamen Beziehung ist.<\/p>\n<p>Wenn Sie daran interessiert sind, Casual Sex zu erkunden, gibt es ein paar Dinge zu beachten. Achten Sie zun\u00e4chst darauf, mit Ihren Partnern \u00fcber Ihre Erwartungen und Grenzen rund um Sex zu kommunizieren. Es ist auch wichtig, ehrlich zu sich selbst zu sein, was Sie suchen und womit Sie sich wohl f\u00fchlen. Wenn Sie sich nicht sicher sind, ist das in Ordnung! Sie k\u00f6nnen immer experimentieren und sehen, was sich f\u00fcr Sie gut anf\u00fchlt.<\/p>\n<p>Denken Sie schlie\u00dflich daran, Safer Sex mit Kondomen und \/ oder anderen Formen der Geburtenkontrolle zu praktizieren und sich regelm\u00e4\u00dfig auf sexuell \u00fcbertragbare Krankheiten testen zu lassen. Gelegenheitssex kann eine unterhaltsame und aufregende M\u00f6glichkeit sein, Ihre Sexualit\u00e4t zu erforschen, aber es ist wichtig, sicher und verantwortungsbewusst zu sein.<\/p>\n<h3>Badoo<\/h3>\n<p>Badoo ist eine kostenlose Online-Dating-App, mit der Sie neue Leute in Ihrer N\u00e4he kennenlernen k\u00f6nnen. Sie m\u00fcssen sich nicht f\u00fcr ein Konto anmelden, um Badoo zu verwenden, und Sie k\u00f6nnen sofort mit Personen in der N\u00e4he chatten. Die App verf\u00fcgt auch \u00fcber eine kostenpflichtige Abonnementoption, mit der Sie auf zus\u00e4tzliche Funktionen wie unbegrenzte Nachrichten und die M\u00f6glichkeit zugreifen k\u00f6nnen, zu sehen, wer Ihr Profil angesehen hat. Badoo ist keine Hookup-App und ist nicht f\u00fcr die Verwendung als eine M\u00f6glichkeit gedacht, freien Sex in meiner N\u00e4he zu finden. Viele Benutzer verwenden die App jedoch f\u00fcr diesen Zweck und es ist m\u00f6glich, Menschen zu finden, die an zuf\u00e4lligen Verbindungen und sexuellen Begegnungen interessiert sind. Die App ist relativ sicher zu bedienen und es gibt eine Reihe von M\u00f6glichkeiten, Benutzer zu melden und zu blockieren, die sich unangemessen verhalten. Insgesamt ist Badoo eine gute Option, um neue Leute kennenzulernen und m\u00f6glicherweise zuf\u00e4llige Verbindungen zu finden.<\/p>\n<h3>Ashley Madison<\/h3>\n<p>Wenn Sie nach einer diskreten M\u00f6glichkeit suchen, eine Aff\u00e4re oder Verbindung zu haben, dann ist Ashley Madison die Dating-App f\u00fcr Sie. Mit \u00fcber 60 Millionen Mitgliedern weltweit ist es eine der beliebtesten Apps f\u00fcr Menschen, die nach au\u00dferehelichen Aff\u00e4ren und zuf\u00e4lligen Begegnungen suchen. Die App kann kostenlos heruntergeladen und verwendet werden, aber Sie m\u00fcssen Credits kaufen, um bestimmte Funktionen freizuschalten. Insgesamt ist Ashley Madison eine gro\u00dfartige App f\u00fcr alle, die ein wenig mehr Aufregung in ihrem Liebesleben suchen.<\/p>\n<h3>DateMyAge<\/h3>\n<p>Wenn Sie nach einer neuen Dating-App suchen, ist DateMyAge eine gro\u00dfartige Option. Es kann kostenlos heruntergeladen werden und hat eine 4,5-Sterne-Bewertung im App Store. Die App ist f\u00fcr Menschen \u00fcber 50 Jahre konzipiert und ist eine gro\u00dfartige M\u00f6glichkeit, neue Leute kennenzulernen, egal ob Sie nach Freundschaft oder Liebe suchen. Die App ist einfach zu bedienen und verf\u00fcgt \u00fcber viele gro\u00dfartige Funktionen, z. B. die M\u00f6glichkeit, Profile anderer Benutzer in Ihrer N\u00e4he anzuzeigen. Sie k\u00f6nnen auch Nachrichten senden und die Chat-Funktion nutzen, um andere Benutzer besser kennenzulernen.<\/p>\n<p>Insgesamt w\u00fcrde ich DateMyAge auf jeden Fall jedem empfehlen, der nach einer neuen Dating-App sucht. Es ist eine gro\u00dfartige M\u00f6glichkeit, neue Leute kennenzulernen und es ist kostenlos zu benutzen.<\/p>\n","protected":false},"excerpt":{"rendered":"<p>Es ist nicht n\u00f6tig, stundenlang online nach &#8222;kostenlosem Sex in meiner N\u00e4he&#8220; zu suchen. Gehen Sie einfach zu Ihrer \u00f6rtlichen Bar oder Ihrem Club und plaudern Sie mit potenziellen Verbindungen. Sie werden \u00fcberrascht sein, wie einfach es ist, jemanden zu finden, der f\u00fcr einen unverbindlichen Spa\u00df bereit ist. Denken Sie daran, sicher zu sein und &#8230; <a title=\"Sex in meiner N\u00e4he\" class=\"read-more\" href=\"http:\/\/thehottieandthenottie.com\/de\/sex-in-meiner-naehe\/\" aria-label=\"Mehr dazu unter Sex in meiner N\u00e4he\">Weiterlesen<\/a><\/p>\n","protected":false},"author":1,"featured_media":0,"parent":0,"menu_order":0,"comment_status":"closed","ping_status":"closed","template":"","meta":[],"yoast_head":"<!-- This site is optimized with the Yoast SEO plugin v17.7.1 - https:\/\/yoast.com\/wordpress\/plugins\/seo\/ -->\n<title>Sex in meiner N\u00e4he - Hotties in der N\u00e4he<\/title>\n<meta name=\"robots\" content=\"index, follow, max-snippet:-1, max-image-preview:large, max-video-preview:-1\" \/>\n<link rel=\"canonical\" href=\"http:\/\/thehottieandthenottie.com\/de\/sex-in-meiner-naehe\/\" \/>\n<meta property=\"og:locale\" content=\"de_DE\" \/>\n<meta property=\"og:type\" content=\"article\" \/>\n<meta property=\"og:title\" content=\"Sex in meiner N\u00e4he - Hotties in der N\u00e4he\" \/>\n<meta property=\"og:description\" content=\"Es ist nicht n\u00f6tig, stundenlang online nach &#8222;kostenlosem Sex in meiner N\u00e4he&#8220; zu suchen. Gehen Sie einfach zu Ihrer \u00f6rtlichen Bar oder Ihrem Club und plaudern Sie mit potenziellen Verbindungen. Sie werden \u00fcberrascht sein, wie einfach es ist, jemanden zu finden, der f\u00fcr einen unverbindlichen Spa\u00df bereit ist. Denken Sie daran, sicher zu sein und ... Weiterlesen\" \/>\n<meta property=\"og:url\" content=\"http:\/\/thehottieandthenottie.com\/de\/sex-in-meiner-naehe\/\" \/>\n<meta property=\"og:site_name\" content=\"Hotties in der N\u00e4he\" \/>\n<meta name=\"twitter:card\" content=\"summary_large_image\" \/>\n<meta name=\"twitter:label1\" content=\"Gesch\u00e4tzte Lesezeit\" \/>\n\t<meta name=\"twitter:data1\" content=\"5\u00a0Minuten\" \/>\n<script type=\"application\/ld+json\" class=\"yoast-schema-graph\">{\"@context\":\"https:\/\/schema.org\",\"@graph\":[{\"@type\":\"WebSite\",\"@id\":\"https:\/\/thehottieandthenottie.com\/#website\",\"url\":\"https:\/\/thehottieandthenottie.com\/\",\"name\":\"Hotties in der N\\u00e4he\",\"description\":\"Treffen Sie Frauen in Ihrer N\\u00e4he\",\"potentialAction\":[{\"@type\":\"SearchAction\",\"target\":{\"@type\":\"EntryPoint\",\"urlTemplate\":\"https:\/\/thehottieandthenottie.com\/?s={search_term_string}\"},\"query-input\":\"required name=search_term_string\"}],\"inLanguage\":\"de\"},{\"@type\":\"WebPage\",\"@id\":\"http:\/\/thehottieandthenottie.com\/de\/sex-in-meiner-naehe\/#webpage\",\"url\":\"http:\/\/thehottieandthenottie.com\/de\/sex-in-meiner-naehe\/\",\"name\":\"Sex in meiner N\\u00e4he - Hotties in der N\\u00e4he\",\"isPartOf\":{\"@id\":\"https:\/\/thehottieandthenottie.com\/#website\"},\"datePublished\":\"2022-09-30T11:53:59+00:00\",\"dateModified\":\"2022-09-30T11:53:59+00:00\",\"breadcrumb\":{\"@id\":\"http:\/\/thehottieandthenottie.com\/de\/sex-in-meiner-naehe\/#breadcrumb\"},\"inLanguage\":\"de\",\"potentialAction\":[{\"@type\":\"ReadAction\",\"target\":[\"http:\/\/thehottieandthenottie.com\/de\/sex-in-meiner-naehe\/\"]}]},{\"@type\":\"BreadcrumbList\",\"@id\":\"http:\/\/thehottieandthenottie.com\/de\/sex-in-meiner-naehe\/#breadcrumb\",\"itemListElement\":[{\"@type\":\"ListItem\",\"position\":1,\"name\":\"Home\",\"item\":\"https:\/\/thehottieandthenottie.com\/de\/\"},{\"@type\":\"ListItem\",\"position\":2,\"name\":\"Sex in meiner N\\u00e4he\"}]}]}<\/script>\n<!-- \/ Yoast SEO plugin. -->","yoast_head_json":{"title":"Sex in meiner N\u00e4he - Hotties in der N\u00e4he","robots":{"index":"index","follow":"follow","max-snippet":"max-snippet:-1","max-image-preview":"max-image-preview:large","max-video-preview":"max-video-preview:-1"},"canonical":"http:\/\/thehottieandthenottie.com\/de\/sex-in-meiner-naehe\/","og_locale":"de_DE","og_type":"article","og_title":"Sex in meiner N\u00e4he - Hotties in der N\u00e4he","og_description":"Es ist nicht n\u00f6tig, stundenlang online nach &#8222;kostenlosem Sex in meiner N\u00e4he&#8220; zu suchen. Gehen Sie einfach zu Ihrer \u00f6rtlichen Bar oder Ihrem Club und plaudern Sie mit potenziellen Verbindungen. Sie werden \u00fcberrascht sein, wie einfach es ist, jemanden zu finden, der f\u00fcr einen unverbindlichen Spa\u00df bereit ist. Denken Sie daran, sicher zu sein und ... Weiterlesen","og_url":"http:\/\/thehottieandthenottie.com\/de\/sex-in-meiner-naehe\/","og_site_name":"Hotties in der N\u00e4he","twitter_card":"summary_large_image","twitter_misc":{"Gesch\u00e4tzte Lesezeit":"5\u00a0Minuten"},"schema":{"@context":"https:\/\/schema.org","@graph":[{"@type":"WebSite","@id":"https:\/\/thehottieandthenottie.com\/#website","url":"https:\/\/thehottieandthenottie.com\/","name":"Hotties in der N\u00e4he","description":"Treffen Sie Frauen in Ihrer N\u00e4he","potentialAction":[{"@type":"SearchAction","target":{"@type":"EntryPoint","urlTemplate":"https:\/\/thehottieandthenottie.com\/?s={search_term_string}"},"query-input":"required name=search_term_string"}],"inLanguage":"de"},{"@type":"WebPage","@id":"http:\/\/thehottieandthenottie.com\/de\/sex-in-meiner-naehe\/#webpage","url":"http:\/\/thehottieandthenottie.com\/de\/sex-in-meiner-naehe\/","name":"Sex in meiner N\u00e4he - Hotties in der N\u00e4he","isPartOf":{"@id":"https:\/\/thehottieandthenottie.com\/#website"},"datePublished":"2022-09-30T11:53:59+00:00","dateModified":"2022-09-30T11:53:59+00:00","breadcrumb":{"@id":"http:\/\/thehottieandthenottie.com\/de\/sex-in-meiner-naehe\/#breadcrumb"},"inLanguage":"de","potentialAction":[{"@type":"ReadAction","target":["http:\/\/thehottieandthenottie.com\/de\/sex-in-meiner-naehe\/"]}]},{"@type":"BreadcrumbList","@id":"http:\/\/thehottieandthenottie.com\/de\/sex-in-meiner-naehe\/#breadcrumb","itemListElement":[{"@type":"ListItem","position":1,"name":"Home","item":"https:\/\/thehottieandthenottie.com\/de\/"},{"@type":"ListItem","position":2,"name":"Sex in meiner N\u00e4he"}]}]}},"_links":{"self":[{"href":"http:\/\/thehottieandthenottie.com\/de\/wp-json\/wp\/v2\/pages\/613"}],"collection":[{"href":"http:\/\/thehottieandthenottie.com\/de\/wp-json\/wp\/v2\/pages"}],"about":[{"href":"http:\/\/thehottieandthenottie.com\/de\/wp-json\/wp\/v2\/types\/page"}],"author":[{"embeddable":true,"href":"http:\/\/thehottieandthenottie.com\/de\/wp-json\/wp\/v2\/users\/1"}],"replies":[{"embeddable":true,"href":"http:\/\/thehottieandthenottie.com\/de\/wp-json\/wp\/v2\/comments?post=613"}],"version-history":[{"count":0,"href":"http:\/\/thehottieandthenottie.com\/de\/wp-json\/wp\/v2\/pages\/613\/revisions"}],"wp:attachment":[{"href":"http:\/\/thehottieandthenottie.com\/de\/wp-json\/wp\/v2\/media?parent=613"}],"curies":[{"name":"wp","href":"https:\/\/api.w.org\/{rel}","templated":true}]}}