{"id":617,"date":"2022-09-30T12:54:32","date_gmt":"2022-09-30T11:54:32","guid":{"rendered":"http:\/\/thehottieandthenottie.com\/sex-hookup-seiten\/"},"modified":"2022-09-30T12:54:32","modified_gmt":"2022-09-30T11:54:32","slug":"sex-hookup-seiten","status":"publish","type":"page","link":"http:\/\/thehottieandthenottie.com\/de\/sex-hookup-seiten\/","title":{"rendered":"Sex-Hookup-Seiten"},"content":{"rendered":"<p>Es gibt viele kostenlose Sex-Messaging-Sites, aber nicht alle von ihnen sind es wert, verwendet zu werden. Wenn Sie nach einer Website suchen, die Ihnen hilft, sich mit jemandem zu verbinden, m\u00f6chten Sie sicherstellen, dass sie einen guten Ruf hat und dass sie einfach zu bedienen ist. Sie m\u00f6chten auch sicherstellen, dass die Website viele Mitglieder hat, damit Sie eher jemanden finden, der mit Ihnen kompatibel ist.<\/p>\n<h2>Kostenloser Sex-Anschluss<\/h2>\n<p>Es gibt viele Missverst\u00e4ndnisse \u00fcber kostenloses Sex-Dating. Viele Leute denken, dass es darum geht, jemanden zu finden, mit dem man Sex haben kann, ohne sich emotional oder finanziell auf sie festlegen zu m\u00fcssen. Aber das ist nicht wirklich das, worum es beim kostenlosen Sex-Dating geht. Beim kostenlosen Sex-Dating geht es darum, jemanden zu finden, zu dem du dich k\u00f6rperlich und emotional hingezogen f\u00fchlst und der sich auch zu dir hingezogen f\u00fchlt. Es geht darum, Sex mit jemandem zu haben, ohne sich um die Konsequenzen k\u00fcmmern zu m\u00fcssen, die mit einer traditionellen Beziehung einhergehen. Nat\u00fcrlich gibt es einige Risiken, die mit kostenlosem Sex-Dating verbunden sind. Du k\u00f6nntest am Ende emotional an jemanden gebunden sein, mit dem du nicht wirklich kompatibel bist. Und es besteht immer die M\u00f6glichkeit, dass Sie sich eine sexuell \u00fcbertragbare Krankheit einfangen k\u00f6nnten. Aber wenn Sie bereit sind, diese Risiken einzugehen, kann kostenloses Sex-Dating eine Menge Spa\u00df machen. Es kann eine gro\u00dfartige M\u00f6glichkeit sein, Ihre Sexualit\u00e4t zu erforschen und herauszufinden, wonach Sie wirklich in einem Partner suchen.<\/p>\n<p>Es gibt nichts Besseres, als Liebe zu finden, und wenn Sie nach kostenlosem Sex suchen, dann sollten Sie unbedingt Free Sex Meet Up ausprobieren. Diese Website ist perfekt f\u00fcr Leute, die nach unverbindlichem Sex suchen, und Sie k\u00f6nnen Leute in Ihrer N\u00e4he finden, die nach dem Gleichen suchen. Alles, was Sie tun m\u00fcssen, ist, ein Profil zu erstellen und nach Personen zu suchen, die nach kostenlosem Sex suchen. Sie k\u00f6nnen die Website auch verwenden, um Leute zu finden, die nach einer Beziehung suchen, und Sie k\u00f6nnen sogar Leute finden, die nach etwas L\u00e4ssigerem suchen. Was auch immer Sie suchen, Sie k\u00f6nnen es auf Free Sex Meet Up finden.<\/p>\n<h2>Kostenloser Sex-Chat<\/h2>\n<p>Es gibt eine Menge Leute da drau\u00dfen, die sich f\u00fcr kostenlose Sex-SMS interessieren. Hier k\u00f6nnen Sie jemandem kostenlos eine SMS schreiben und er wird Ihnen im Gegenzug sexuell eindeutige Nachrichten senden. Dies kann eine gro\u00dfartige M\u00f6glichkeit sein, jemanden sexuell kennenzulernen, ohne sich tats\u00e4chlich pers\u00f6nlich mit ihm treffen zu m\u00fcssen. Es kann auch eine gro\u00dfartige M\u00f6glichkeit sein, sexuelle Spannung zu bekommen, bevor Sie sich tats\u00e4chlich mit jemandem pers\u00f6nlich treffen.<\/p>\n<h3>SwingLifestyle<\/h3>\n<p>SwingLifestyle ist eine kostenlose Sex-Messaging-Site, mit der Sie sich mit Gleichgesinnten f\u00fcr zuf\u00e4llige Begegnungen oder mehr verbinden k\u00f6nnen. Die Website gibt es schon eine Weile und hat einen guten Ruf, ein sicherer Ort zu sein, um sich mit Menschen zu verbinden. Die App ist einfach zu bedienen und verf\u00fcgt \u00fcber viele Funktionen, die sie zu einer guten Wahl f\u00fcr Menschen machen, die nach einer kostenlosen Sex-Messaging-Site suchen. Der einzige Nachteil ist, dass die Website nicht so beliebt ist wie einige der anderen kostenlosen Sex-Messaging-Sites da drau\u00dfen.<\/p>\n<h3>XPickup<\/h3>\n<p>Wenn Sie nach einer kostenlosen Sex-Messaging-Site suchen, ist XPickup eine gro\u00dfartige Option. Die App ist einfach zu bedienen und verf\u00fcgt \u00fcber viele Funktionen, die sie zu einer gro\u00dfartigen Wahl f\u00fcr alle machen, die eine gelegentliche Verbindung suchen. Die Suchfunktion ist besonders n\u00fctzlich, da Sie damit Personen in Ihrer N\u00e4he finden k\u00f6nnen, die das Gleiche suchen wie Sie. Die App verf\u00fcgt auch \u00fcber ein gro\u00dfartiges Messaging-System, das es einfach macht, mit potenziellen Verbindungen in Kontakt zu bleiben. Insgesamt ist XPickup eine gute Wahl f\u00fcr alle, die eine ungezwungene Hookup-Site suchen.<\/p>\n<h3>Alt.com<\/h3>\n<p>Alt.com ist eine kostenlose Sex-Messaging-Site, mit der Sie Nachrichten mit anderen Mitgliedern senden und empfangen k\u00f6nnen. Die Seite hat eine gro\u00dfe Mitgliederbasis und ist einfach zu bedienen. Die Website verf\u00fcgt jedoch nicht \u00fcber viele Funktionen und ist nicht sehr benutzerfreundlich.<\/p>\n","protected":false},"excerpt":{"rendered":"<p>Es gibt viele kostenlose Sex-Messaging-Sites, aber nicht alle von ihnen sind es wert, verwendet zu werden. Wenn Sie nach einer Website suchen, die Ihnen hilft, sich mit jemandem zu verbinden, m\u00f6chten Sie sicherstellen, dass sie einen guten Ruf hat und dass sie einfach zu bedienen ist. Sie m\u00f6chten auch sicherstellen, dass die Website viele Mitglieder &#8230; <a title=\"Sex-Hookup-Seiten\" class=\"read-more\" href=\"http:\/\/thehottieandthenottie.com\/de\/sex-hookup-seiten\/\" aria-label=\"Mehr dazu unter Sex-Hookup-Seiten\">Weiterlesen<\/a><\/p>\n","protected":false},"author":1,"featured_media":0,"parent":0,"menu_order":0,"comment_status":"closed","ping_status":"closed","template":"","meta":[],"yoast_head":"<!-- This site is optimized with the Yoast SEO plugin v17.7.1 - https:\/\/yoast.com\/wordpress\/plugins\/seo\/ -->\n<title>Sex-Hookup-Seiten - Hotties in der N\u00e4he<\/title>\n<meta name=\"robots\" content=\"index, follow, max-snippet:-1, max-image-preview:large, max-video-preview:-1\" \/>\n<link rel=\"canonical\" href=\"http:\/\/thehottieandthenottie.com\/de\/sex-hookup-seiten\/\" \/>\n<meta property=\"og:locale\" content=\"de_DE\" \/>\n<meta property=\"og:type\" content=\"article\" \/>\n<meta property=\"og:title\" content=\"Sex-Hookup-Seiten - Hotties in der N\u00e4he\" \/>\n<meta property=\"og:description\" content=\"Es gibt viele kostenlose Sex-Messaging-Sites, aber nicht alle von ihnen sind es wert, verwendet zu werden. Wenn Sie nach einer Website suchen, die Ihnen hilft, sich mit jemandem zu verbinden, m\u00f6chten Sie sicherstellen, dass sie einen guten Ruf hat und dass sie einfach zu bedienen ist. Sie m\u00f6chten auch sicherstellen, dass die Website viele Mitglieder ... Weiterlesen\" \/>\n<meta property=\"og:url\" content=\"http:\/\/thehottieandthenottie.com\/de\/sex-hookup-seiten\/\" \/>\n<meta property=\"og:site_name\" content=\"Hotties in der N\u00e4he\" \/>\n<meta name=\"twitter:card\" content=\"summary_large_image\" \/>\n<meta name=\"twitter:label1\" content=\"Gesch\u00e4tzte Lesezeit\" \/>\n\t<meta name=\"twitter:data1\" content=\"3\u00a0Minuten\" \/>\n<script type=\"application\/ld+json\" class=\"yoast-schema-graph\">{\"@context\":\"https:\/\/schema.org\",\"@graph\":[{\"@type\":\"WebSite\",\"@id\":\"https:\/\/thehottieandthenottie.com\/#website\",\"url\":\"https:\/\/thehottieandthenottie.com\/\",\"name\":\"Hotties in der N\\u00e4he\",\"description\":\"Treffen Sie Frauen in Ihrer N\\u00e4he\",\"potentialAction\":[{\"@type\":\"SearchAction\",\"target\":{\"@type\":\"EntryPoint\",\"urlTemplate\":\"https:\/\/thehottieandthenottie.com\/?s={search_term_string}\"},\"query-input\":\"required name=search_term_string\"}],\"inLanguage\":\"de\"},{\"@type\":\"WebPage\",\"@id\":\"http:\/\/thehottieandthenottie.com\/de\/sex-hookup-seiten\/#webpage\",\"url\":\"http:\/\/thehottieandthenottie.com\/de\/sex-hookup-seiten\/\",\"name\":\"Sex-Hookup-Seiten - Hotties in der N\\u00e4he\",\"isPartOf\":{\"@id\":\"https:\/\/thehottieandthenottie.com\/#website\"},\"datePublished\":\"2022-09-30T11:54:32+00:00\",\"dateModified\":\"2022-09-30T11:54:32+00:00\",\"breadcrumb\":{\"@id\":\"http:\/\/thehottieandthenottie.com\/de\/sex-hookup-seiten\/#breadcrumb\"},\"inLanguage\":\"de\",\"potentialAction\":[{\"@type\":\"ReadAction\",\"target\":[\"http:\/\/thehottieandthenottie.com\/de\/sex-hookup-seiten\/\"]}]},{\"@type\":\"BreadcrumbList\",\"@id\":\"http:\/\/thehottieandthenottie.com\/de\/sex-hookup-seiten\/#breadcrumb\",\"itemListElement\":[{\"@type\":\"ListItem\",\"position\":1,\"name\":\"Home\",\"item\":\"http:\/\/thehottieandthenottie.com\/de\/\"},{\"@type\":\"ListItem\",\"position\":2,\"name\":\"Sex-Hookup-Seiten\"}]}]}<\/script>\n<!-- \/ Yoast SEO plugin. -->","yoast_head_json":{"title":"Sex-Hookup-Seiten - Hotties in der N\u00e4he","robots":{"index":"index","follow":"follow","max-snippet":"max-snippet:-1","max-image-preview":"max-image-preview:large","max-video-preview":"max-video-preview:-1"},"canonical":"http:\/\/thehottieandthenottie.com\/de\/sex-hookup-seiten\/","og_locale":"de_DE","og_type":"article","og_title":"Sex-Hookup-Seiten - Hotties in der N\u00e4he","og_description":"Es gibt viele kostenlose Sex-Messaging-Sites, aber nicht alle von ihnen sind es wert, verwendet zu werden. Wenn Sie nach einer Website suchen, die Ihnen hilft, sich mit jemandem zu verbinden, m\u00f6chten Sie sicherstellen, dass sie einen guten Ruf hat und dass sie einfach zu bedienen ist. Sie m\u00f6chten auch sicherstellen, dass die Website viele Mitglieder ... Weiterlesen","og_url":"http:\/\/thehottieandthenottie.com\/de\/sex-hookup-seiten\/","og_site_name":"Hotties in der N\u00e4he","twitter_card":"summary_large_image","twitter_misc":{"Gesch\u00e4tzte Lesezeit":"3\u00a0Minuten"},"schema":{"@context":"https:\/\/schema.org","@graph":[{"@type":"WebSite","@id":"https:\/\/thehottieandthenottie.com\/#website","url":"https:\/\/thehottieandthenottie.com\/","name":"Hotties in der N\u00e4he","description":"Treffen Sie Frauen in Ihrer N\u00e4he","potentialAction":[{"@type":"SearchAction","target":{"@type":"EntryPoint","urlTemplate":"https:\/\/thehottieandthenottie.com\/?s={search_term_string}"},"query-input":"required name=search_term_string"}],"inLanguage":"de"},{"@type":"WebPage","@id":"http:\/\/thehottieandthenottie.com\/de\/sex-hookup-seiten\/#webpage","url":"http:\/\/thehottieandthenottie.com\/de\/sex-hookup-seiten\/","name":"Sex-Hookup-Seiten - Hotties in der N\u00e4he","isPartOf":{"@id":"https:\/\/thehottieandthenottie.com\/#website"},"datePublished":"2022-09-30T11:54:32+00:00","dateModified":"2022-09-30T11:54:32+00:00","breadcrumb":{"@id":"http:\/\/thehottieandthenottie.com\/de\/sex-hookup-seiten\/#breadcrumb"},"inLanguage":"de","potentialAction":[{"@type":"ReadAction","target":["http:\/\/thehottieandthenottie.com\/de\/sex-hookup-seiten\/"]}]},{"@type":"BreadcrumbList","@id":"http:\/\/thehottieandthenottie.com\/de\/sex-hookup-seiten\/#breadcrumb","itemListElement":[{"@type":"ListItem","position":1,"name":"Home","item":"http:\/\/thehottieandthenottie.com\/de\/"},{"@type":"ListItem","position":2,"name":"Sex-Hookup-Seiten"}]}]}},"_links":{"self":[{"href":"http:\/\/thehottieandthenottie.com\/de\/wp-json\/wp\/v2\/pages\/617"}],"collection":[{"href":"http:\/\/thehottieandthenottie.com\/de\/wp-json\/wp\/v2\/pages"}],"about":[{"href":"http:\/\/thehottieandthenottie.com\/de\/wp-json\/wp\/v2\/types\/page"}],"author":[{"embeddable":true,"href":"http:\/\/thehottieandthenottie.com\/de\/wp-json\/wp\/v2\/users\/1"}],"replies":[{"embeddable":true,"href":"http:\/\/thehottieandthenottie.com\/de\/wp-json\/wp\/v2\/comments?post=617"}],"version-history":[{"count":0,"href":"http:\/\/thehottieandthenottie.com\/de\/wp-json\/wp\/v2\/pages\/617\/revisions"}],"wp:attachment":[{"href":"http:\/\/thehottieandthenottie.com\/de\/wp-json\/wp\/v2\/media?parent=617"}],"curies":[{"name":"wp","href":"https:\/\/api.w.org\/{rel}","templated":true}]}}