{"id":300,"date":"2022-09-09T10:59:01","date_gmt":"2022-09-09T09:59:01","guid":{"rendered":"http:\/\/thehottieandthenottie.com\/mujeres-cachondas-que-buscan-sexo-citas-casuales\/"},"modified":"2022-09-09T10:59:01","modified_gmt":"2022-09-09T09:59:01","slug":"mujeres-cachondas-que-buscan-sexo-citas-casuales","status":"publish","type":"page","link":"http:\/\/thehottieandthenottie.com\/es\/","title":{"rendered":"Mujeres cachondas que buscan sexo &#8211; Citas casuales"},"content":{"rendered":"<p><img loading=\"lazy\" class=\"aligncenter wp-image-77\" src=\"http:\/\/thehottieandthenottie.com\/wp-content\/uploads\/2022\/09\/real-dating-apps-1024x683.jpeg\" alt=\"\" width=\"649\" height=\"433\" srcset=\"http:\/\/thehottieandthenottie.com\/wp-content\/uploads\/2022\/09\/real-dating-apps-1024x683.jpeg 1024w, http:\/\/thehottieandthenottie.com\/wp-content\/uploads\/2022\/09\/real-dating-apps-300x200.jpeg 300w, http:\/\/thehottieandthenottie.com\/wp-content\/uploads\/2022\/09\/real-dating-apps-768x512.jpeg 768w, http:\/\/thehottieandthenottie.com\/wp-content\/uploads\/2022\/09\/real-dating-apps.jpeg 1125w\" sizes=\"(max-width: 649px) 100vw, 649px\" \/><\/p>\n<p>Mucha gente est\u00e1 recurriendo a sitios de citas gratuitos y aplicaciones de conexi\u00f3n para encontrar parejas sexuales casuales. Estos sitios y aplicaciones hacen que sea f\u00e1cil y asequible reunirse con alguien que comparte sus mismos intereses. Tambi\u00e9n son an\u00f3nimos, lo que significa que puede navegar por los perfiles sin tener que revelar nada sobre usted.<\/p>\n<p>Hay toneladas de opciones por ah\u00ed, pero hemos reducido nuestra lista a 10 excelentes lugares donde puedes encontrar encuentros casuales. Ya sea que est\u00e9 buscando algo serio o simplemente quiera probar algo diferente, aqu\u00ed est\u00e1n los mejores sitios y aplicaciones de conexi\u00f3n para encontrar sexo casual.<\/p>\n<h2>\u00bfEst\u00e1s buscando ser colocado?<\/h2>\n<p>Hay muchas opciones para encontrar encuentros casuales en l\u00ednea, ya sea una conexi\u00f3n r\u00e1pida, una relaci\u00f3n a largo plazo o incluso una acci\u00f3n divertida sin ataduras. Pero, \u00bfy si quieres algo diferente? \u00bfQu\u00e9 pasa si est\u00e1s buscando una aventura de una noche o una aventura discreta? Si no le importa ser sincero sobre lo que est\u00e1 buscando hacer, estos diez sitios seguramente se ajustar\u00e1n a la factura.<\/p>\n<h2>\u00bfQu\u00e9 aplicaciones probar?<\/h2>\n<p>En primer lugar, los sitios de conexi\u00f3n son una cosa. De hecho, son muy comunes hoy en d\u00eda. Y aunque el t\u00e9rmino \u00abconexi\u00f3n\u00bb puede parecer algo que solo sucede a puerta cerrada, en realidad se refiere a cualquier cosa que tenga lugar fuera de una relaci\u00f3n comprometida. Puedes pensar en ello como una forma de encontrar a alguien con quien salir casualmente.<\/p>\n<p>Hay muchos tipos diferentes de sitios de conexi\u00f3n por ah\u00ed, que van desde aquellos que se centran \u00fanicamente en el sexo hasta aquellos que atienden a ambos sexos. Incluso hay algunos que est\u00e1n dise\u00f1ados espec\u00edficamente para gays o para torceduras.<\/p>\n<p>Hemos o\u00eddo hablar de las conexiones desde hace bastante tiempo, pero nunca supimos realmente lo que significaba exactamente. Bueno, hoy, estamos aqu\u00ed para contarte todo lo que hay que saber sobre los sitios de conexi\u00f3n.<\/p>\n<h3>Ashley Madison &#8211; El centro de tramposos<\/h3>\n<p>Si lo que buscas es hacer trampa, echa un vistazo a Ashley Madison. Este sitio est\u00e1 dise\u00f1ado espec\u00edficamente para personas casadas que buscan aventuras. Si est\u00e1s dispuesto a investigar un poco, encontrar\u00e1s muchos hombres y mujeres solteros y sexys que est\u00e1n abiertos a relaciones discretas.<\/p>\n<p>AshleyMadison.com es un soplo de aire fresco en l\u00ednea para aquellos que buscan amor, romance o simplemente diversi\u00f3n. Con m\u00e1s de 50 millones de miembros en todo el mundo, AshleyMadison.com es el sitio personal para adultos m\u00e1s grande del mundo. Ya sea que est\u00e9 buscando encuentros casuales, una relaci\u00f3n seria o incluso un matrimonio, hay muchas personas esperando conocerlo.<\/p>\n<p><img loading=\"lazy\" class=\"aligncenter wp-image-76\" src=\"http:\/\/thehottieandthenottie.com\/wp-content\/uploads\/2022\/09\/online-hookups-1024x683.jpeg\" alt=\"\" width=\"517\" height=\"345\" srcset=\"http:\/\/thehottieandthenottie.com\/wp-content\/uploads\/2022\/09\/online-hookups-1024x683.jpeg 1024w, http:\/\/thehottieandthenottie.com\/wp-content\/uploads\/2022\/09\/online-hookups-300x200.jpeg 300w, http:\/\/thehottieandthenottie.com\/wp-content\/uploads\/2022\/09\/online-hookups-768x512.jpeg 768w, http:\/\/thehottieandthenottie.com\/wp-content\/uploads\/2022\/09\/online-hookups.jpeg 1125w\" sizes=\"(max-width: 517px) 100vw, 517px\" \/><\/p>\n<h3>AdultFriendFinder &#8211; Una plataforma de conexi\u00f3n confiable<\/h3>\n<p>Con m\u00e1s de tres millones de miembros en todo el mundo, AFF ofrece muchas formas de conectarse con otros. Puede usar mensajes de texto, chat de video por c\u00e1mara web o incluso unirse a una reuni\u00f3n grupal para satisfacer sus necesidades sexuales.<\/p>\n<p>Adult Friend Finder (AFF), uno de los sitios para adultos m\u00e1s populares para parejas swinger y swingers, ofrece un ambiente seguro donde las personas pueden conocer a otras personas interesadas en actividades de swinging, como sexo en grupo, tr\u00edos y foursomes. Se anima a los swingers a publicar fotos y videos de s\u00ed mismos en acci\u00f3n, y cualquier otra persona que quiera ver c\u00f3mo es puede registrarse para obtener la membres\u00eda.<\/p>\n<p>El sitio incluye una gran base de datos de miembros activos, muchos de los cuales buscan encuentros casuales. Hay cientos de miles de miembros, y el n\u00famero contin\u00faa creciendo cada d\u00eda. La gente usa el sitio para encontrar socios para todo, desde simples aventuras de una noche hasta relaciones a largo plazo.<\/p>\n<h3>Tinder &#8211; Tu opci\u00f3n de confianza<\/h3>\n<p>Tinder es una de las aplicaciones de citas m\u00e1s populares que existen. Su ambiente informal fomenta la conversaci\u00f3n coqueta, lo que lleva a partidos r\u00e1pidos e incluso citas m\u00e1s r\u00e1pidas. Se anima a los usuarios a deslizar el dedo hacia la izquierda si no les gusta la foto de alguien; de lo contrario, deslizan el dedo hacia la derecha. Si ambas partes coinciden, ver\u00e1s las fotos de perfil y las biograf\u00edas de la otra. Puedes escribir sobre ti mismo y elegir si quieres incluir una imagen de ti mismo.<\/p>\n<p>La popularidad de la aplicaci\u00f3n se ha disparado desde su lanzamiento en 2012. En 2013, la compa\u00f1\u00eda inform\u00f3 que sus usuarios activos diarios hab\u00edan crecido a alrededor de 5 millones. Para 2016, ese n\u00famero creci\u00f3 a 15 millones. Hoy en d\u00eda, la aplicaci\u00f3n cuenta con 50 millones de usuarios activos mensuales.<\/p>\n<p>En junio de 2017, Tinder anunci\u00f3 planes para lanzar una versi\u00f3n premium de la aplicaci\u00f3n llamada \u00abTinder Gold\u00bb. Esta versi\u00f3n permite a los miembros enviar mensajes ilimitados y les permite ver perfiles sin tener que pagar.<\/p>\n<h3>69Fuck<\/h3>\n<p>El mundo de las citas en l\u00ednea est\u00e1 cambiando r\u00e1pidamente. Gracias al desarrollo de Internet, las personas ahora tienen acceso a informaci\u00f3n sobre socios potenciales literalmente a su alcance. Esta tendencia ha llevado a la aparici\u00f3n de muchos tipos diferentes de plataformas de citas en l\u00ednea. Entre ellos, hay uno llamado 69Fuck. Este sitio afirma ser el mejor sitio de conexi\u00f3n local. Entonces, echemos un vistazo m\u00e1s de cerca a lo que hace que este sitio se destaque entre la multitud.<\/p>\n<p>69Fuck es una plataforma de citas en l\u00ednea donde los miembros pueden encontrar una cita dentro de su ciudad. Dicen que ofrecen una amplia gama de ciudades en todo el mundo, incluidos m\u00e1s de 30 pa\u00edses. Su objetivo es ayudar a hombres y mujeres a conectarse en la vida real. Para lograrlo, proporcionan varias herramientas que facilitan conocer a alguien. Por ejemplo, permiten a los usuarios subir una foto de s\u00ed mismos, escribir una breve biograf\u00eda y elegir una foto de perfil.<\/p>\n<p>Adem\u00e1s, te dan 24 horas de membres\u00eda gratuita. Despu\u00e9s de eso, puede pagar $ 19 por mes para desbloquear funciones adicionales como mensajes ilimitados y perfiles de navegaci\u00f3n. Puede cancelar en cualquier momento sin pagar nada.<\/p>\n<h2>\u00bfC\u00f3mo elegir el adecuado para ti?<\/h2>\n<p>Todos sabemos que encontrar una cita puede ser dif\u00edcil. Y todos sabemos que hay muchos tipos diferentes de fechas por ah\u00ed. Pero, \u00bfqu\u00e9 pasa con esos momentos en los que simplemente no tienes ganas de reunirte con alguien? \u00bfO tal vez est\u00e1s buscando algo m\u00e1s serio? Bueno, has venido al lugar correcto. Hemos recopilado informaci\u00f3n sobre los mejores sitios de conexi\u00f3n en Internet hoy en d\u00eda.<\/p>\n<p>El sitio es absolutamente gratuito y ofrece acceso tanto a mujeres como a hombres solteros. Aqu\u00ed encontrar\u00e1s de todo, desde chats con c\u00e1mara web en vivo hasta salas de video chat donde puedes conocer solteros locales. No hay cargos ocultos ni cargos de ning\u00fan tipo. De hecho, si decide actualizar a la membres\u00eda premium, recibir\u00e1 a\u00fan m\u00e1s funciones y beneficios.<\/p>\n<p>Puede elegir si prefiere usar aplicaciones m\u00f3viles o navegadores de escritorio. Si opta por este \u00faltimo, puede disfrutar de la comodidad de poder iniciar sesi\u00f3n cuando y donde sea. \u00a1Todo lo que tienes que hacer es registrarte y comenzar a navegar!<\/p>\n<p>Una vez que haya encontrado el perfil de la persona que le gustar\u00eda conocer, puede enviarle mensajes directamente. De esta manera, no perder\u00e1s tiempo tratando de descubrir c\u00f3mo contactar a la persona. Simplemente escriba una breve nota y presione \u00abenviar\u00bb.<\/p>\n<p>Si est\u00e1 interesado en chatear con otros, puede unirse a grupos p\u00fablicos, salas de chat privadas o incluso ir directamente a sesiones de c\u00e1mara en vivo. Estas opciones son perfectas para aquellos que quieren hacer amigos mientras se divierten.<\/p>\n","protected":false},"excerpt":{"rendered":"<p>Mucha gente est\u00e1 recurriendo a sitios de citas gratuitos y aplicaciones de conexi\u00f3n para encontrar parejas sexuales casuales. Estos sitios y aplicaciones hacen que sea f\u00e1cil y asequible reunirse con alguien que comparte sus mismos intereses. Tambi\u00e9n son an\u00f3nimos, lo que significa que puede navegar por los perfiles sin tener que revelar nada sobre usted. &#8230; <a title=\"Mujeres cachondas que buscan sexo &#8211; Citas casuales\" class=\"read-more\" href=\"http:\/\/thehottieandthenottie.com\/es\/\" aria-label=\"M\u00e1s en Mujeres cachondas que buscan sexo &#8211; Citas casuales\">Leer m\u00e1s<\/a><\/p>\n","protected":false},"author":1,"featured_media":0,"parent":0,"menu_order":0,"comment_status":"closed","ping_status":"closed","template":"","meta":[],"yoast_head":"<!-- This site is optimized with the Yoast SEO plugin v17.7.1 - https:\/\/yoast.com\/wordpress\/plugins\/seo\/ -->\n<title>Mujeres cachondas que buscan sexo - Citas casuales - En los alrededores Hotties<\/title>\n<meta name=\"description\" content=\"META Descripci\u00f3n\" \/>\n<meta name=\"robots\" content=\"index, follow, max-snippet:-1, max-image-preview:large, max-video-preview:-1\" \/>\n<link rel=\"canonical\" href=\"http:\/\/thehottieandthenottie.com\/es\/\" \/>\n<meta property=\"og:locale\" content=\"es_ES\" \/>\n<meta property=\"og:type\" content=\"article\" \/>\n<meta property=\"og:title\" content=\"Mujeres cachondas que buscan sexo - Citas casuales - En los alrededores Hotties\" \/>\n<meta property=\"og:description\" content=\"META Descripci\u00f3n\" \/>\n<meta property=\"og:url\" content=\"http:\/\/thehottieandthenottie.com\/es\/\" \/>\n<meta property=\"og:site_name\" content=\"En los alrededores Hotties\" \/>\n<meta property=\"og:image\" content=\"http:\/\/thehottieandthenottie.com\/wp-content\/uploads\/2022\/09\/real-dating-apps-1024x683.jpeg\" \/>\n<meta name=\"twitter:card\" content=\"summary_large_image\" \/>\n<meta name=\"twitter:label1\" content=\"Tiempo de lectura\" \/>\n\t<meta name=\"twitter:data1\" content=\"7 minutos\" \/>\n<script type=\"application\/ld+json\" class=\"yoast-schema-graph\">{\"@context\":\"https:\/\/schema.org\",\"@graph\":[{\"@type\":\"WebSite\",\"@id\":\"https:\/\/thehottieandthenottie.com\/#website\",\"url\":\"https:\/\/thehottieandthenottie.com\/\",\"name\":\"En los alrededores Hotties\",\"description\":\"Conozca a las mujeres en su \\u00e1rea\",\"potentialAction\":[{\"@type\":\"SearchAction\",\"target\":{\"@type\":\"EntryPoint\",\"urlTemplate\":\"https:\/\/thehottieandthenottie.com\/?s={search_term_string}\"},\"query-input\":\"required name=search_term_string\"}],\"inLanguage\":\"es\"},{\"@type\":\"ImageObject\",\"@id\":\"http:\/\/thehottieandthenottie.com\/es\/#primaryimage\",\"inLanguage\":\"es\",\"url\":\"http:\/\/thehottieandthenottie.com\/wp-content\/uploads\/2022\/09\/real-dating-apps.jpeg\",\"contentUrl\":\"http:\/\/thehottieandthenottie.com\/wp-content\/uploads\/2022\/09\/real-dating-apps.jpeg\",\"width\":1125,\"height\":750},{\"@type\":\"WebPage\",\"@id\":\"http:\/\/thehottieandthenottie.com\/es\/#webpage\",\"url\":\"http:\/\/thehottieandthenottie.com\/es\/\",\"name\":\"Mujeres cachondas que buscan sexo - Citas casuales - En los alrededores Hotties\",\"isPartOf\":{\"@id\":\"https:\/\/thehottieandthenottie.com\/#website\"},\"primaryImageOfPage\":{\"@id\":\"http:\/\/thehottieandthenottie.com\/es\/#primaryimage\"},\"datePublished\":\"2022-09-09T09:59:01+00:00\",\"dateModified\":\"2022-09-09T09:59:01+00:00\",\"description\":\"META Descripci\\u00f3n\",\"breadcrumb\":{\"@id\":\"http:\/\/thehottieandthenottie.com\/es\/#breadcrumb\"},\"inLanguage\":\"es\",\"potentialAction\":[{\"@type\":\"ReadAction\",\"target\":[\"http:\/\/thehottieandthenottie.com\/es\/\"]}]},{\"@type\":\"BreadcrumbList\",\"@id\":\"http:\/\/thehottieandthenottie.com\/es\/#breadcrumb\",\"itemListElement\":[{\"@type\":\"ListItem\",\"position\":1,\"name\":\"Home\",\"item\":\"http:\/\/thehottieandthenottie.com\/es\/\"},{\"@type\":\"ListItem\",\"position\":2,\"name\":\"Mujeres cachondas que buscan sexo &#8211; Citas casuales\"}]}]}<\/script>\n<!-- \/ Yoast SEO plugin. -->","yoast_head_json":{"title":"Mujeres cachondas que buscan sexo - Citas casuales - En los alrededores Hotties","description":"META Descripci\u00f3n","robots":{"index":"index","follow":"follow","max-snippet":"max-snippet:-1","max-image-preview":"max-image-preview:large","max-video-preview":"max-video-preview:-1"},"canonical":"http:\/\/thehottieandthenottie.com\/es\/","og_locale":"es_ES","og_type":"article","og_title":"Mujeres cachondas que buscan sexo - Citas casuales - En los alrededores Hotties","og_description":"META Descripci\u00f3n","og_url":"http:\/\/thehottieandthenottie.com\/es\/","og_site_name":"En los alrededores Hotties","og_image":[{"url":"http:\/\/thehottieandthenottie.com\/wp-content\/uploads\/2022\/09\/real-dating-apps-1024x683.jpeg"}],"twitter_card":"summary_large_image","twitter_misc":{"Tiempo de lectura":"7 minutos"},"schema":{"@context":"https:\/\/schema.org","@graph":[{"@type":"WebSite","@id":"https:\/\/thehottieandthenottie.com\/#website","url":"https:\/\/thehottieandthenottie.com\/","name":"En los alrededores Hotties","description":"Conozca a las mujeres en su \u00e1rea","potentialAction":[{"@type":"SearchAction","target":{"@type":"EntryPoint","urlTemplate":"https:\/\/thehottieandthenottie.com\/?s={search_term_string}"},"query-input":"required name=search_term_string"}],"inLanguage":"es"},{"@type":"ImageObject","@id":"http:\/\/thehottieandthenottie.com\/es\/#primaryimage","inLanguage":"es","url":"http:\/\/thehottieandthenottie.com\/wp-content\/uploads\/2022\/09\/real-dating-apps.jpeg","contentUrl":"http:\/\/thehottieandthenottie.com\/wp-content\/uploads\/2022\/09\/real-dating-apps.jpeg","width":1125,"height":750},{"@type":"WebPage","@id":"http:\/\/thehottieandthenottie.com\/es\/#webpage","url":"http:\/\/thehottieandthenottie.com\/es\/","name":"Mujeres cachondas que buscan sexo - Citas casuales - En los alrededores Hotties","isPartOf":{"@id":"https:\/\/thehottieandthenottie.com\/#website"},"primaryImageOfPage":{"@id":"http:\/\/thehottieandthenottie.com\/es\/#primaryimage"},"datePublished":"2022-09-09T09:59:01+00:00","dateModified":"2022-09-09T09:59:01+00:00","description":"META Descripci\u00f3n","breadcrumb":{"@id":"http:\/\/thehottieandthenottie.com\/es\/#breadcrumb"},"inLanguage":"es","potentialAction":[{"@type":"ReadAction","target":["http:\/\/thehottieandthenottie.com\/es\/"]}]},{"@type":"BreadcrumbList","@id":"http:\/\/thehottieandthenottie.com\/es\/#breadcrumb","itemListElement":[{"@type":"ListItem","position":1,"name":"Home","item":"http:\/\/thehottieandthenottie.com\/es\/"},{"@type":"ListItem","position":2,"name":"Mujeres cachondas que buscan sexo &#8211; Citas casuales"}]}]}},"_links":{"self":[{"href":"http:\/\/thehottieandthenottie.com\/es\/wp-json\/wp\/v2\/pages\/300"}],"collection":[{"href":"http:\/\/thehottieandthenottie.com\/es\/wp-json\/wp\/v2\/pages"}],"about":[{"href":"http:\/\/thehottieandthenottie.com\/es\/wp-json\/wp\/v2\/types\/page"}],"author":[{"embeddable":true,"href":"http:\/\/thehottieandthenottie.com\/es\/wp-json\/wp\/v2\/users\/1"}],"replies":[{"embeddable":true,"href":"http:\/\/thehottieandthenottie.com\/es\/wp-json\/wp\/v2\/comments?post=300"}],"version-history":[{"count":0,"href":"http:\/\/thehottieandthenottie.com\/es\/wp-json\/wp\/v2\/pages\/300\/revisions"}],"wp:attachment":[{"href":"http:\/\/thehottieandthenottie.com\/es\/wp-json\/wp\/v2\/media?parent=300"}],"curies":[{"name":"wp","href":"https:\/\/api.w.org\/{rel}","templated":true}]}}