{"id":576,"date":"2022-09-30T12:57:19","date_gmt":"2022-09-30T11:57:19","guid":{"rendered":"http:\/\/thehottieandthenottie.com\/sitios-swinger\/"},"modified":"2022-09-30T12:57:19","modified_gmt":"2022-09-30T11:57:19","slug":"sitios-swinger","status":"publish","type":"page","link":"http:\/\/thehottieandthenottie.com\/es\/sitios-swinger\/","title":{"rendered":"Sitios Swinger"},"content":{"rendered":"<p>Hay muchos sitios swingers locales que puede usar para conectarse con personas en su \u00e1rea. Estos sitios son una excelente manera de conocer gente nueva y explorar sus l\u00edmites sexuales. Puede usar estos sitios para encontrar personas que est\u00e9n en las mismas cosas que usted y que est\u00e9n buscando pasar un buen rato. Tambi\u00e9n puede usar estos sitios para encontrar personas que buscan una relaci\u00f3n seria. Si est\u00e1 buscando una conexi\u00f3n, entonces definitivamente debe consultar algunos de los sitios swinger locales.<\/p>\n<p>Hay una variedad de sitios swinger disponibles en l\u00ednea y atienden a diferentes audiencias. Algunos sitios de swinger est\u00e1n orientados a parejas que buscan otras parejas con las que columpiarse, mientras que otros est\u00e1n orientados a solteros que est\u00e1n interesados en conocer a otros solteros con fines de swing. Los sitios Swinger generalmente tienen una amplia gama de caracter\u00edsticas y opciones para que los usuarios las aprovechen, y proporcionan un entorno seguro para que las personas se conecten y exploren sus intereses sexuales.<\/p>\n<h2>Sitios web de Swingers Hookup<\/h2>\n<p>Hay algo en la <a href=\"http:\/\/thehottieandthenottie.com\/free-adult-classifieds\/\">emoci\u00f3n de conectarse con un extra\u00f1o<\/a> que simplemente no se puede superar. Y si est\u00e1s buscando amor, las conexiones de swingers son la manera perfecta de hacerlo. Puedes conocer gente nueva, explorar nuevas experiencias sexuales y divertirte mucho en el proceso. Adem\u00e1s, nunca se sabe d\u00f3nde puede encontrar su pareja perfecta. Entonces, si est\u00e1s listo para darle vida a tu vida amorosa, las conexiones de swingers son el camino a seguir.<\/p>\n<p>Si est\u00e1 buscando agregar un poco de especias a su vida de citas, es posible que desee consultar un sitio local de swingers. Los sitios swinger son una excelente manera de conocer gente nueva que comparte tus mismos intereses. Puede navegar por los perfiles y encontrar personas en su \u00e1rea que est\u00e9n interesadas en las mismas cosas que usted. Adem\u00e1s, puede chatear con otros miembros y conocerlos antes de conocerlos en persona. Los sitios swinger son una excelente manera de divertirse y conocer gente nueva.<\/p>\n<h3>SimpleFlirts<\/h3>\n<p>Si est\u00e1 buscando un sitio swinger local, SimpleFlirts es una excelente opci\u00f3n. El sitio tiene una gran base de datos de miembros, por lo que seguramente encontrar\u00e1 a alguien en su \u00e1rea. La funci\u00f3n de b\u00fasqueda es f\u00e1cil de usar y puede filtrar sus resultados por edad, ubicaci\u00f3n e intereses. El sistema de mensajer\u00eda es simple y f\u00e1cil de usar, y tambi\u00e9n puede enviar fotos y videos. El sitio tambi\u00e9n tiene una aplicaci\u00f3n m\u00f3vil, por lo que puede acceder a su cuenta sobre la marcha. El \u00fanico inconveniente es que el sitio no tiene muchas campanas y silbatos, pero es perfecto para encontrar swingers locales.<\/p>\n<h3>SextFun<\/h3>\n<p>SextFun es una aplicaci\u00f3n de citas que conecta a los swingers locales entre s\u00ed. La aplicaci\u00f3n se puede descargar y usar de forma gratuita, y ofrece una variedad de caracter\u00edsticas que facilitan la conexi\u00f3n con otros swingers en su \u00e1rea. SextFun tambi\u00e9n ofrece una variedad de caracter\u00edsticas que facilitan la b\u00fasqueda y conexi\u00f3n con otros swingers locales. La aplicaci\u00f3n est\u00e1 disponible tanto para iOS como para Android, y es una excelente manera de conocer a otros swingers locales en su \u00e1rea.<\/p>\n<h3>HeatedAffairs<\/h3>\n<p>HeatedAffairs es una de las aplicaciones de citas m\u00e1s populares para los swingers locales. La aplicaci\u00f3n ha sido dise\u00f1ada para ayudar a las parejas a conectarse con otras parejas en su \u00e1rea para divertirse y emocionarse. La aplicaci\u00f3n se puede descargar y usar de forma gratuita, y ofrece una amplia gama de funciones para ayudar a las parejas a conectarse entre s\u00ed. La aplicaci\u00f3n tambi\u00e9n incluye un sistema de mensajer\u00eda para que las parejas puedan chatear y coquetear entre s\u00ed.<\/p>\n","protected":false},"excerpt":{"rendered":"<p>Hay muchos sitios swingers locales que puede usar para conectarse con personas en su \u00e1rea. Estos sitios son una excelente manera de conocer gente nueva y explorar sus l\u00edmites sexuales. Puede usar estos sitios para encontrar personas que est\u00e9n en las mismas cosas que usted y que est\u00e9n buscando pasar un buen rato. Tambi\u00e9n puede &#8230; <a title=\"Sitios Swinger\" class=\"read-more\" href=\"http:\/\/thehottieandthenottie.com\/es\/sitios-swinger\/\" aria-label=\"M\u00e1s en Sitios Swinger\">Leer m\u00e1s<\/a><\/p>\n","protected":false},"author":1,"featured_media":0,"parent":0,"menu_order":0,"comment_status":"closed","ping_status":"closed","template":"","meta":[],"yoast_head":"<!-- This site is optimized with the Yoast SEO plugin v17.7.1 - https:\/\/yoast.com\/wordpress\/plugins\/seo\/ -->\n<title>Sitios Swinger - En los alrededores Hotties<\/title>\n<meta name=\"robots\" content=\"index, follow, max-snippet:-1, max-image-preview:large, max-video-preview:-1\" \/>\n<link rel=\"canonical\" href=\"http:\/\/thehottieandthenottie.com\/es\/sitios-swinger\/\" \/>\n<meta property=\"og:locale\" content=\"es_ES\" \/>\n<meta property=\"og:type\" content=\"article\" \/>\n<meta property=\"og:title\" content=\"Sitios Swinger - En los alrededores Hotties\" \/>\n<meta property=\"og:description\" content=\"Hay muchos sitios swingers locales que puede usar para conectarse con personas en su \u00e1rea. Estos sitios son una excelente manera de conocer gente nueva y explorar sus l\u00edmites sexuales. Puede usar estos sitios para encontrar personas que est\u00e9n en las mismas cosas que usted y que est\u00e9n buscando pasar un buen rato. Tambi\u00e9n puede ... Leer m\u00e1s\" \/>\n<meta property=\"og:url\" content=\"http:\/\/thehottieandthenottie.com\/es\/sitios-swinger\/\" \/>\n<meta property=\"og:site_name\" content=\"En los alrededores Hotties\" \/>\n<meta name=\"twitter:card\" content=\"summary_large_image\" \/>\n<meta name=\"twitter:label1\" content=\"Tiempo de lectura\" \/>\n\t<meta name=\"twitter:data1\" content=\"3 minutos\" \/>\n<script type=\"application\/ld+json\" class=\"yoast-schema-graph\">{\"@context\":\"https:\/\/schema.org\",\"@graph\":[{\"@type\":\"WebSite\",\"@id\":\"https:\/\/thehottieandthenottie.com\/#website\",\"url\":\"https:\/\/thehottieandthenottie.com\/\",\"name\":\"En los alrededores Hotties\",\"description\":\"Conozca a las mujeres en su \\u00e1rea\",\"potentialAction\":[{\"@type\":\"SearchAction\",\"target\":{\"@type\":\"EntryPoint\",\"urlTemplate\":\"https:\/\/thehottieandthenottie.com\/?s={search_term_string}\"},\"query-input\":\"required name=search_term_string\"}],\"inLanguage\":\"es\"},{\"@type\":\"WebPage\",\"@id\":\"http:\/\/thehottieandthenottie.com\/es\/sitios-swinger\/#webpage\",\"url\":\"http:\/\/thehottieandthenottie.com\/es\/sitios-swinger\/\",\"name\":\"Sitios Swinger - En los alrededores Hotties\",\"isPartOf\":{\"@id\":\"https:\/\/thehottieandthenottie.com\/#website\"},\"datePublished\":\"2022-09-30T11:57:19+00:00\",\"dateModified\":\"2022-09-30T11:57:19+00:00\",\"breadcrumb\":{\"@id\":\"http:\/\/thehottieandthenottie.com\/es\/sitios-swinger\/#breadcrumb\"},\"inLanguage\":\"es\",\"potentialAction\":[{\"@type\":\"ReadAction\",\"target\":[\"http:\/\/thehottieandthenottie.com\/es\/sitios-swinger\/\"]}]},{\"@type\":\"BreadcrumbList\",\"@id\":\"http:\/\/thehottieandthenottie.com\/es\/sitios-swinger\/#breadcrumb\",\"itemListElement\":[{\"@type\":\"ListItem\",\"position\":1,\"name\":\"Home\",\"item\":\"http:\/\/thehottieandthenottie.com\/es\/\"},{\"@type\":\"ListItem\",\"position\":2,\"name\":\"Sitios Swinger\"}]}]}<\/script>\n<!-- \/ Yoast SEO plugin. -->","yoast_head_json":{"title":"Sitios Swinger - En los alrededores Hotties","robots":{"index":"index","follow":"follow","max-snippet":"max-snippet:-1","max-image-preview":"max-image-preview:large","max-video-preview":"max-video-preview:-1"},"canonical":"http:\/\/thehottieandthenottie.com\/es\/sitios-swinger\/","og_locale":"es_ES","og_type":"article","og_title":"Sitios Swinger - En los alrededores Hotties","og_description":"Hay muchos sitios swingers locales que puede usar para conectarse con personas en su \u00e1rea. Estos sitios son una excelente manera de conocer gente nueva y explorar sus l\u00edmites sexuales. Puede usar estos sitios para encontrar personas que est\u00e9n en las mismas cosas que usted y que est\u00e9n buscando pasar un buen rato. Tambi\u00e9n puede ... Leer m\u00e1s","og_url":"http:\/\/thehottieandthenottie.com\/es\/sitios-swinger\/","og_site_name":"En los alrededores Hotties","twitter_card":"summary_large_image","twitter_misc":{"Tiempo de lectura":"3 minutos"},"schema":{"@context":"https:\/\/schema.org","@graph":[{"@type":"WebSite","@id":"https:\/\/thehottieandthenottie.com\/#website","url":"https:\/\/thehottieandthenottie.com\/","name":"En los alrededores Hotties","description":"Conozca a las mujeres en su \u00e1rea","potentialAction":[{"@type":"SearchAction","target":{"@type":"EntryPoint","urlTemplate":"https:\/\/thehottieandthenottie.com\/?s={search_term_string}"},"query-input":"required name=search_term_string"}],"inLanguage":"es"},{"@type":"WebPage","@id":"http:\/\/thehottieandthenottie.com\/es\/sitios-swinger\/#webpage","url":"http:\/\/thehottieandthenottie.com\/es\/sitios-swinger\/","name":"Sitios Swinger - En los alrededores Hotties","isPartOf":{"@id":"https:\/\/thehottieandthenottie.com\/#website"},"datePublished":"2022-09-30T11:57:19+00:00","dateModified":"2022-09-30T11:57:19+00:00","breadcrumb":{"@id":"http:\/\/thehottieandthenottie.com\/es\/sitios-swinger\/#breadcrumb"},"inLanguage":"es","potentialAction":[{"@type":"ReadAction","target":["http:\/\/thehottieandthenottie.com\/es\/sitios-swinger\/"]}]},{"@type":"BreadcrumbList","@id":"http:\/\/thehottieandthenottie.com\/es\/sitios-swinger\/#breadcrumb","itemListElement":[{"@type":"ListItem","position":1,"name":"Home","item":"http:\/\/thehottieandthenottie.com\/es\/"},{"@type":"ListItem","position":2,"name":"Sitios Swinger"}]}]}},"_links":{"self":[{"href":"http:\/\/thehottieandthenottie.com\/es\/wp-json\/wp\/v2\/pages\/576"}],"collection":[{"href":"http:\/\/thehottieandthenottie.com\/es\/wp-json\/wp\/v2\/pages"}],"about":[{"href":"http:\/\/thehottieandthenottie.com\/es\/wp-json\/wp\/v2\/types\/page"}],"author":[{"embeddable":true,"href":"http:\/\/thehottieandthenottie.com\/es\/wp-json\/wp\/v2\/users\/1"}],"replies":[{"embeddable":true,"href":"http:\/\/thehottieandthenottie.com\/es\/wp-json\/wp\/v2\/comments?post=576"}],"version-history":[{"count":0,"href":"http:\/\/thehottieandthenottie.com\/es\/wp-json\/wp\/v2\/pages\/576\/revisions"}],"wp:attachment":[{"href":"http:\/\/thehottieandthenottie.com\/es\/wp-json\/wp\/v2\/media?parent=576"}],"curies":[{"name":"wp","href":"https:\/\/api.w.org\/{rel}","templated":true}]}}