{"id":591,"date":"2022-09-30T12:55:30","date_gmt":"2022-09-30T11:55:30","guid":{"rendered":"http:\/\/thehottieandthenottie.com\/citas-de-bondage\/"},"modified":"2022-09-30T12:55:30","modified_gmt":"2022-09-30T11:55:30","slug":"citas-de-bondage","status":"publish","type":"page","link":"http:\/\/thehottieandthenottie.com\/es\/citas-de-bondage\/","title":{"rendered":"Citas de bondage"},"content":{"rendered":"<p>Hay algo en el anonimato de una sala de chat que realmente hace que la gente hable sobre sus torceduras y fetiches. Si te gusta la esclavitud, hay muchas salas de chat donde puedes explorar tus intereses con personas de ideas afines.<\/p>\n<p>Puede encontrar salas de chat para todo tipo de torceduras y fetiches, por lo que seguramente encontrar\u00e1 una que sea adecuada para usted. Solo recuerda estar seguro y respetuoso cuando est\u00e9s chateando con alguien nuevo. Y qui\u00e9n sabe, es posible que encuentres a tu compa\u00f1ero de conexi\u00f3n perfecto en una de estas salas de chat. Las citas de esclavitud se refieren a la pr\u00e1ctica de disfrutar de relaciones f\u00edsicas y emocionales \u00edntimas con alguien que disfruta restringiendo a su pareja. Esto puede implicar esposas, cuerdas, mordazas, vendas en los ojos y otros tipos de restricciones. Puede ser una forma divertida y emocionante de agregar algo de sabor a su relaci\u00f3n. Sin embargo, es importante estar seguro y consensuado al participar en el juego de bondage.<\/p>\n<h2>Sitios de conexi\u00f3n BDSM<\/h2>\n<p>No hay una respuesta \u00fanica a esta pregunta: las experiencias de cada uno ser\u00e1n diferentes. Sin embargo, si est\u00e1 interesado en explorar las conexiones BDSM, hay algunas cosas que puede tener en cuenta. Primero, es importante tener claro lo que est\u00e1s buscando y cu\u00e1les son tus l\u00edmites. Tambi\u00e9n es una buena idea comunicarse con su pareja potencial de antemano para asegurarse de que est\u00e1 en la misma p\u00e1gina. Una vez que hayas encontrado a alguien con quien seas compatible, es importante confiar en tus instintos e ir con tu instinto. Por \u00faltimo, \u00a1aseg\u00farate de divertirte y disfrutar!<\/p>\n<h2>Citas fetiche<\/h2>\n<p>Los sitios de encuentro fetichistas pueden ser una excelente manera para que las personas con fetiches espec\u00edficos se conecten con otras personas que comparten sus intereses. Estos sitios pueden ayudar a las personas a encontrar parejas para citas, relaciones o incluso encuentros casuales. Si bien algunas personas pueden ver los fetiches como extra\u00f1os o extra\u00f1os, no hay nada de malo en tener uno. Cada persona es diferente y no hay verg\u00fcenza en disfrutar de algo que puede considerarse tab\u00fa. Los sitios de reuniones fetichistas pueden proporcionar un ambiente seguro y acogedor para que las personas exploren su sexualidad y encuentren parejas de ideas afines.<\/p>\n<h3>HeatedAffairs<\/h3>\n<p>Heated Affairs es una aplicaci\u00f3n de citas en l\u00ednea que atiende a las personas que est\u00e1n interesadas en las salas de chat de bondage. La aplicaci\u00f3n es f\u00e1cil de usar y tiene muchas caracter\u00edsticas que la convierten en una excelente opci\u00f3n para las personas que buscan una manera de conectarse con otras personas que comparten sus intereses. La aplicaci\u00f3n se puede descargar y usar de forma gratuita, y ofrece una amplia variedad de caracter\u00edsticas que la convierten en una excelente opci\u00f3n para las personas que buscan una forma de conectarse con otras personas que comparten sus intereses.<\/p>\n<h3>Avenida chat<\/h3>\n<p>Si est\u00e1 buscando una sala de chat que est\u00e9 dise\u00f1ada espec\u00edficamente para personas interesadas en la esclavitud, entonces debe consultar la sala de chat de bondage de Chat Avenue. Esta sala de chat est\u00e1 llena de personas que buscan explorar su lado pervertido, y es un gran lugar para encontrar a alguien con quien conversar sobre sus intereses compartidos. La sala de chat est\u00e1 moderada para que pueda sentirse seguro discutiendo sus intereses con los dem\u00e1s, y tambi\u00e9n puede encontrar personas con las que chatear que compartan sus fetiches pervertidos.<\/p>\n<h3>Travieso<\/h3>\n<p>BeNaughty es una aplicaci\u00f3n de citas que est\u00e1 dise\u00f1ada espec\u00edficamente para personas que est\u00e1n interesadas en salas de chat de bondage. La aplicaci\u00f3n es muy f\u00e1cil de usar y facilita la b\u00fasqueda de personas que comparten sus intereses. La aplicaci\u00f3n tambi\u00e9n tiene muchas caracter\u00edsticas que facilitan la conexi\u00f3n con otros usuarios. En general, BeNaughty es una gran opci\u00f3n para las personas que est\u00e1n interesadas en las salas de chat de bondage.<\/p>\n","protected":false},"excerpt":{"rendered":"<p>Hay algo en el anonimato de una sala de chat que realmente hace que la gente hable sobre sus torceduras y fetiches. Si te gusta la esclavitud, hay muchas salas de chat donde puedes explorar tus intereses con personas de ideas afines. Puede encontrar salas de chat para todo tipo de torceduras y fetiches, por &#8230; <a title=\"Citas de bondage\" class=\"read-more\" href=\"http:\/\/thehottieandthenottie.com\/es\/citas-de-bondage\/\" aria-label=\"M\u00e1s en Citas de bondage\">Leer m\u00e1s<\/a><\/p>\n","protected":false},"author":1,"featured_media":0,"parent":0,"menu_order":0,"comment_status":"closed","ping_status":"closed","template":"","meta":[],"yoast_head":"<!-- This site is optimized with the Yoast SEO plugin v17.7.1 - https:\/\/yoast.com\/wordpress\/plugins\/seo\/ -->\n<title>Citas de bondage - En los alrededores Hotties<\/title>\n<meta name=\"robots\" content=\"index, follow, max-snippet:-1, max-image-preview:large, max-video-preview:-1\" \/>\n<link rel=\"canonical\" href=\"http:\/\/thehottieandthenottie.com\/es\/citas-de-bondage\/\" \/>\n<meta property=\"og:locale\" content=\"es_ES\" \/>\n<meta property=\"og:type\" content=\"article\" \/>\n<meta property=\"og:title\" content=\"Citas de bondage - En los alrededores Hotties\" \/>\n<meta property=\"og:description\" content=\"Hay algo en el anonimato de una sala de chat que realmente hace que la gente hable sobre sus torceduras y fetiches. Si te gusta la esclavitud, hay muchas salas de chat donde puedes explorar tus intereses con personas de ideas afines. Puede encontrar salas de chat para todo tipo de torceduras y fetiches, por ... Leer m\u00e1s\" \/>\n<meta property=\"og:url\" content=\"http:\/\/thehottieandthenottie.com\/es\/citas-de-bondage\/\" \/>\n<meta property=\"og:site_name\" content=\"En los alrededores Hotties\" \/>\n<meta name=\"twitter:card\" content=\"summary_large_image\" \/>\n<meta name=\"twitter:label1\" content=\"Tiempo de lectura\" \/>\n\t<meta name=\"twitter:data1\" content=\"3 minutos\" \/>\n<script type=\"application\/ld+json\" class=\"yoast-schema-graph\">{\"@context\":\"https:\/\/schema.org\",\"@graph\":[{\"@type\":\"WebSite\",\"@id\":\"https:\/\/thehottieandthenottie.com\/#website\",\"url\":\"https:\/\/thehottieandthenottie.com\/\",\"name\":\"En los alrededores Hotties\",\"description\":\"Conozca a las mujeres en su \\u00e1rea\",\"potentialAction\":[{\"@type\":\"SearchAction\",\"target\":{\"@type\":\"EntryPoint\",\"urlTemplate\":\"https:\/\/thehottieandthenottie.com\/?s={search_term_string}\"},\"query-input\":\"required name=search_term_string\"}],\"inLanguage\":\"es\"},{\"@type\":\"WebPage\",\"@id\":\"http:\/\/thehottieandthenottie.com\/es\/citas-de-bondage\/#webpage\",\"url\":\"http:\/\/thehottieandthenottie.com\/es\/citas-de-bondage\/\",\"name\":\"Citas de bondage - En los alrededores Hotties\",\"isPartOf\":{\"@id\":\"https:\/\/thehottieandthenottie.com\/#website\"},\"datePublished\":\"2022-09-30T11:55:30+00:00\",\"dateModified\":\"2022-09-30T11:55:30+00:00\",\"breadcrumb\":{\"@id\":\"http:\/\/thehottieandthenottie.com\/es\/citas-de-bondage\/#breadcrumb\"},\"inLanguage\":\"es\",\"potentialAction\":[{\"@type\":\"ReadAction\",\"target\":[\"http:\/\/thehottieandthenottie.com\/es\/citas-de-bondage\/\"]}]},{\"@type\":\"BreadcrumbList\",\"@id\":\"http:\/\/thehottieandthenottie.com\/es\/citas-de-bondage\/#breadcrumb\",\"itemListElement\":[{\"@type\":\"ListItem\",\"position\":1,\"name\":\"Home\",\"item\":\"http:\/\/thehottieandthenottie.com\/es\/\"},{\"@type\":\"ListItem\",\"position\":2,\"name\":\"Citas de bondage\"}]}]}<\/script>\n<!-- \/ Yoast SEO plugin. -->","yoast_head_json":{"title":"Citas de bondage - En los alrededores Hotties","robots":{"index":"index","follow":"follow","max-snippet":"max-snippet:-1","max-image-preview":"max-image-preview:large","max-video-preview":"max-video-preview:-1"},"canonical":"http:\/\/thehottieandthenottie.com\/es\/citas-de-bondage\/","og_locale":"es_ES","og_type":"article","og_title":"Citas de bondage - En los alrededores Hotties","og_description":"Hay algo en el anonimato de una sala de chat que realmente hace que la gente hable sobre sus torceduras y fetiches. Si te gusta la esclavitud, hay muchas salas de chat donde puedes explorar tus intereses con personas de ideas afines. Puede encontrar salas de chat para todo tipo de torceduras y fetiches, por ... Leer m\u00e1s","og_url":"http:\/\/thehottieandthenottie.com\/es\/citas-de-bondage\/","og_site_name":"En los alrededores Hotties","twitter_card":"summary_large_image","twitter_misc":{"Tiempo de lectura":"3 minutos"},"schema":{"@context":"https:\/\/schema.org","@graph":[{"@type":"WebSite","@id":"https:\/\/thehottieandthenottie.com\/#website","url":"https:\/\/thehottieandthenottie.com\/","name":"En los alrededores Hotties","description":"Conozca a las mujeres en su \u00e1rea","potentialAction":[{"@type":"SearchAction","target":{"@type":"EntryPoint","urlTemplate":"https:\/\/thehottieandthenottie.com\/?s={search_term_string}"},"query-input":"required name=search_term_string"}],"inLanguage":"es"},{"@type":"WebPage","@id":"http:\/\/thehottieandthenottie.com\/es\/citas-de-bondage\/#webpage","url":"http:\/\/thehottieandthenottie.com\/es\/citas-de-bondage\/","name":"Citas de bondage - En los alrededores Hotties","isPartOf":{"@id":"https:\/\/thehottieandthenottie.com\/#website"},"datePublished":"2022-09-30T11:55:30+00:00","dateModified":"2022-09-30T11:55:30+00:00","breadcrumb":{"@id":"http:\/\/thehottieandthenottie.com\/es\/citas-de-bondage\/#breadcrumb"},"inLanguage":"es","potentialAction":[{"@type":"ReadAction","target":["http:\/\/thehottieandthenottie.com\/es\/citas-de-bondage\/"]}]},{"@type":"BreadcrumbList","@id":"http:\/\/thehottieandthenottie.com\/es\/citas-de-bondage\/#breadcrumb","itemListElement":[{"@type":"ListItem","position":1,"name":"Home","item":"http:\/\/thehottieandthenottie.com\/es\/"},{"@type":"ListItem","position":2,"name":"Citas de bondage"}]}]}},"_links":{"self":[{"href":"http:\/\/thehottieandthenottie.com\/es\/wp-json\/wp\/v2\/pages\/591"}],"collection":[{"href":"http:\/\/thehottieandthenottie.com\/es\/wp-json\/wp\/v2\/pages"}],"about":[{"href":"http:\/\/thehottieandthenottie.com\/es\/wp-json\/wp\/v2\/types\/page"}],"author":[{"embeddable":true,"href":"http:\/\/thehottieandthenottie.com\/es\/wp-json\/wp\/v2\/users\/1"}],"replies":[{"embeddable":true,"href":"http:\/\/thehottieandthenottie.com\/es\/wp-json\/wp\/v2\/comments?post=591"}],"version-history":[{"count":0,"href":"http:\/\/thehottieandthenottie.com\/es\/wp-json\/wp\/v2\/pages\/591\/revisions"}],"wp:attachment":[{"href":"http:\/\/thehottieandthenottie.com\/es\/wp-json\/wp\/v2\/media?parent=591"}],"curies":[{"name":"wp","href":"https:\/\/api.w.org\/{rel}","templated":true}]}}