{"id":599,"date":"2022-09-30T12:56:06","date_gmt":"2022-09-30T11:56:06","guid":{"rendered":"http:\/\/thehottieandthenottie.com\/a-la-mierda-alguien-cerca-de-ti\/"},"modified":"2022-10-17T12:20:52","modified_gmt":"2022-10-17T11:20:52","slug":"a-la-mierda-alguien-cerca-de-ti","status":"publish","type":"page","link":"http:\/\/thehottieandthenottie.com\/es\/a-la-mierda-alguien-cerca-de-ti\/","title":{"rendered":"A la mierda alguien cerca de ti"},"content":{"rendered":"<p>Si est\u00e1 buscando conexiones cerca de usted, hay algunas cosas que puede hacer para aumentar sus posibilidades de encontrar a alguien. Primero, intente usar aplicaciones de citas o sitios web que sean espec\u00edficamente para conexiones. Estos pueden ser una excelente manera de conocer a personas que tambi\u00e9n buscan encuentros casuales. Otra opci\u00f3n es ir a bares o discotecas que son conocidos por ser puntos de conexi\u00f3n. Finalmente, siempre puedes preguntar a tu alrededor para ver si alguno de tus amigos conoce a alguien que pueda estar <a href=\"http:\/\/thehottieandthenottie.com\/bondage-dating\/\">interesado en conectarse<\/a>.<\/p>\n<h2>Conexiones gratuitas cerca de m\u00ed<\/h2>\n<p>Hay muchos lugares de conexi\u00f3n cerca de m\u00ed, que van desde <a href=\"https:\/\/www.local-fuck.net\/es\/salas-de-chat-bdsm\/\">BDSM chat<\/a> bares y clubes hasta parques y otros espacios p\u00fablicos. Si estoy buscando una conexi\u00f3n casual, generalmente me dirigir\u00e9 a un bar o club, donde hay muchas personas alrededor que tambi\u00e9n est\u00e1n buscando un buen momento. Si estoy buscando algo un poco m\u00e1s \u00edntimo, podr\u00eda dirigirme a un parque u otro espacio p\u00fablico donde pueda estar a solas con mi cita. De cualquier manera, hay muchas opciones para encontrar un buen lugar de conexi\u00f3n cerca de m\u00ed.<\/p>\n<p>No hay necesidad de salir de tu camino para encontrar a alguien que folle cerca de ti. Solo s\u00e9 t\u00fa mismo y \u00e1brete a nuevas experiencias. Nunca sabes con qui\u00e9n podr\u00edas conocer y qu\u00e9 podr\u00eda pasar. Qui\u00e9n sabe, es posible que encuentres al amor de tu vida.<\/p>\n<h2>Citas sexuales locales<\/h2>\n<p>Hay muchos lugares de sexo locales si est\u00e1s buscando <a href=\"https:\/\/www.meet-n-fuck.org\/es\/free-milf-cerca-de-mi\/\">meet a milf<\/a> un lugar para conectarte con una cita. La biblioteca siempre es una buena apuesta, \u00a1solo aseg\u00farate de estar tranquilo! Si te sientes un poco m\u00e1s aventurero, siempre est\u00e1 el parque despu\u00e9s del anochecer. \u00a1Solo aseg\u00farate de estar atento a los polic\u00edas!<\/p>\n<h3>Chatzy<\/h3>\n<p>Si est\u00e1 buscando una nueva aplicaci\u00f3n de citas, vale la pena echarle un vistazo a Chatzy. La aplicaci\u00f3n est\u00e1 dise\u00f1ada para ayudarlo a conectarse con personas cercanas, para que pueda chatear y tal vez incluso reunirse en persona. La aplicaci\u00f3n se puede descargar y usar de forma gratuita, y es bastante f\u00e1cil descubrir c\u00f3mo usarla. Simplemente cree un perfil y comience a chatear con personas en su \u00e1rea.<\/p>\n<p>He estado usando Chatzy durante unas semanas y he tenido algunas buenas experiencias con \u00e9l. He conocido a algunas personas realmente geniales y he tenido algunas conversaciones geniales. Definitivamente vale la pena echarle un vistazo a la aplicaci\u00f3n si est\u00e1 buscando algo nuevo y diferente.<\/p>\n<h3>TinderMeets<\/h3>\n<p>Si est\u00e1s buscando una nueva aplicaci\u00f3n de citas para probar, considera <a href=\"https:\/\/wank.io\/es\/juegos-porno-gratis-no-te-registras\/\">juego hentai sin registro<\/a>. Es una aplicaci\u00f3n popular con una buena reputaci\u00f3n por ayudar a las personas a encontrar conexiones cerca de ellos. La aplicaci\u00f3n se puede descargar y usar de forma gratuita, y es f\u00e1cil registrarse y comenzar. Puede navegar por los perfiles, enviar mensajes y ver fotos de posibles coincidencias en su \u00e1rea. La aplicaci\u00f3n tambi\u00e9n tiene una buena funci\u00f3n de b\u00fasqueda, por lo que puede encontrar personas que cumplan con sus criterios espec\u00edficos. TinderMeets es una gran opci\u00f3n para las personas que buscan una nueva forma de conocer posibles conexiones cerca de ellos.<\/p>\n<h3>Milfaholic<\/h3>\n<p>Si est\u00e1 buscando una conexi\u00f3n casual cerca de usted, Milfaholic es una gran opci\u00f3n. La aplicaci\u00f3n se puede descargar y usar de forma gratuita, y es una de las aplicaciones de citas m\u00e1s populares que existen. Es f\u00e1cil de usar y es ideal para encontrar conexiones locales. El \u00fanico inconveniente es que no es la aplicaci\u00f3n est\u00e9ticamente m\u00e1s agradable que existe.<\/p>\n","protected":false},"excerpt":{"rendered":"<p>Si est\u00e1 buscando conexiones cerca de usted, hay algunas cosas que puede hacer para aumentar sus posibilidades de encontrar a alguien. Primero, intente usar aplicaciones de citas o sitios web que sean espec\u00edficamente para conexiones. Estos pueden ser una excelente manera de conocer a personas que tambi\u00e9n buscan encuentros casuales. Otra opci\u00f3n es ir a &#8230; <a title=\"A la mierda alguien cerca de ti\" class=\"read-more\" href=\"http:\/\/thehottieandthenottie.com\/es\/a-la-mierda-alguien-cerca-de-ti\/\" aria-label=\"M\u00e1s en A la mierda alguien cerca de ti\">Leer m\u00e1s<\/a><\/p>\n","protected":false},"author":1,"featured_media":0,"parent":0,"menu_order":0,"comment_status":"closed","ping_status":"closed","template":"","meta":[],"yoast_head":"<!-- This site is optimized with the Yoast SEO plugin v17.7.1 - https:\/\/yoast.com\/wordpress\/plugins\/seo\/ -->\n<title>A la mierda alguien cerca de ti - En los alrededores Hotties<\/title>\n<meta name=\"robots\" content=\"index, follow, max-snippet:-1, max-image-preview:large, max-video-preview:-1\" \/>\n<link rel=\"canonical\" href=\"http:\/\/thehottieandthenottie.com\/es\/a-la-mierda-alguien-cerca-de-ti\/\" \/>\n<meta property=\"og:locale\" content=\"es_ES\" \/>\n<meta property=\"og:type\" content=\"article\" \/>\n<meta property=\"og:title\" content=\"A la mierda alguien cerca de ti - En los alrededores Hotties\" \/>\n<meta property=\"og:description\" content=\"Si est\u00e1 buscando conexiones cerca de usted, hay algunas cosas que puede hacer para aumentar sus posibilidades de encontrar a alguien. Primero, intente usar aplicaciones de citas o sitios web que sean espec\u00edficamente para conexiones. Estos pueden ser una excelente manera de conocer a personas que tambi\u00e9n buscan encuentros casuales. Otra opci\u00f3n es ir a ... Leer m\u00e1s\" \/>\n<meta property=\"og:url\" content=\"http:\/\/thehottieandthenottie.com\/es\/a-la-mierda-alguien-cerca-de-ti\/\" \/>\n<meta property=\"og:site_name\" content=\"En los alrededores Hotties\" \/>\n<meta property=\"article:modified_time\" content=\"2022-10-17T11:20:52+00:00\" \/>\n<meta name=\"twitter:card\" content=\"summary_large_image\" \/>\n<meta name=\"twitter:label1\" content=\"Tiempo de lectura\" \/>\n\t<meta name=\"twitter:data1\" content=\"3 minutos\" \/>\n<script type=\"application\/ld+json\" class=\"yoast-schema-graph\">{\"@context\":\"https:\/\/schema.org\",\"@graph\":[{\"@type\":\"WebSite\",\"@id\":\"https:\/\/thehottieandthenottie.com\/#website\",\"url\":\"https:\/\/thehottieandthenottie.com\/\",\"name\":\"En los alrededores Hotties\",\"description\":\"Conozca a las mujeres en su \\u00e1rea\",\"potentialAction\":[{\"@type\":\"SearchAction\",\"target\":{\"@type\":\"EntryPoint\",\"urlTemplate\":\"https:\/\/thehottieandthenottie.com\/?s={search_term_string}\"},\"query-input\":\"required name=search_term_string\"}],\"inLanguage\":\"es\"},{\"@type\":\"WebPage\",\"@id\":\"http:\/\/thehottieandthenottie.com\/es\/a-la-mierda-alguien-cerca-de-ti\/#webpage\",\"url\":\"http:\/\/thehottieandthenottie.com\/es\/a-la-mierda-alguien-cerca-de-ti\/\",\"name\":\"A la mierda alguien cerca de ti - En los alrededores Hotties\",\"isPartOf\":{\"@id\":\"https:\/\/thehottieandthenottie.com\/#website\"},\"datePublished\":\"2022-09-30T11:56:06+00:00\",\"dateModified\":\"2022-10-17T11:20:52+00:00\",\"breadcrumb\":{\"@id\":\"http:\/\/thehottieandthenottie.com\/es\/a-la-mierda-alguien-cerca-de-ti\/#breadcrumb\"},\"inLanguage\":\"es\",\"potentialAction\":[{\"@type\":\"ReadAction\",\"target\":[\"http:\/\/thehottieandthenottie.com\/es\/a-la-mierda-alguien-cerca-de-ti\/\"]}]},{\"@type\":\"BreadcrumbList\",\"@id\":\"http:\/\/thehottieandthenottie.com\/es\/a-la-mierda-alguien-cerca-de-ti\/#breadcrumb\",\"itemListElement\":[{\"@type\":\"ListItem\",\"position\":1,\"name\":\"Home\",\"item\":\"http:\/\/thehottieandthenottie.com\/es\/\"},{\"@type\":\"ListItem\",\"position\":2,\"name\":\"A la mierda alguien cerca de ti\"}]}]}<\/script>\n<!-- \/ Yoast SEO plugin. -->","yoast_head_json":{"title":"A la mierda alguien cerca de ti - En los alrededores Hotties","robots":{"index":"index","follow":"follow","max-snippet":"max-snippet:-1","max-image-preview":"max-image-preview:large","max-video-preview":"max-video-preview:-1"},"canonical":"http:\/\/thehottieandthenottie.com\/es\/a-la-mierda-alguien-cerca-de-ti\/","og_locale":"es_ES","og_type":"article","og_title":"A la mierda alguien cerca de ti - En los alrededores Hotties","og_description":"Si est\u00e1 buscando conexiones cerca de usted, hay algunas cosas que puede hacer para aumentar sus posibilidades de encontrar a alguien. Primero, intente usar aplicaciones de citas o sitios web que sean espec\u00edficamente para conexiones. Estos pueden ser una excelente manera de conocer a personas que tambi\u00e9n buscan encuentros casuales. Otra opci\u00f3n es ir a ... Leer m\u00e1s","og_url":"http:\/\/thehottieandthenottie.com\/es\/a-la-mierda-alguien-cerca-de-ti\/","og_site_name":"En los alrededores Hotties","article_modified_time":"2022-10-17T11:20:52+00:00","twitter_card":"summary_large_image","twitter_misc":{"Tiempo de lectura":"3 minutos"},"schema":{"@context":"https:\/\/schema.org","@graph":[{"@type":"WebSite","@id":"https:\/\/thehottieandthenottie.com\/#website","url":"https:\/\/thehottieandthenottie.com\/","name":"En los alrededores Hotties","description":"Conozca a las mujeres en su \u00e1rea","potentialAction":[{"@type":"SearchAction","target":{"@type":"EntryPoint","urlTemplate":"https:\/\/thehottieandthenottie.com\/?s={search_term_string}"},"query-input":"required name=search_term_string"}],"inLanguage":"es"},{"@type":"WebPage","@id":"http:\/\/thehottieandthenottie.com\/es\/a-la-mierda-alguien-cerca-de-ti\/#webpage","url":"http:\/\/thehottieandthenottie.com\/es\/a-la-mierda-alguien-cerca-de-ti\/","name":"A la mierda alguien cerca de ti - En los alrededores Hotties","isPartOf":{"@id":"https:\/\/thehottieandthenottie.com\/#website"},"datePublished":"2022-09-30T11:56:06+00:00","dateModified":"2022-10-17T11:20:52+00:00","breadcrumb":{"@id":"http:\/\/thehottieandthenottie.com\/es\/a-la-mierda-alguien-cerca-de-ti\/#breadcrumb"},"inLanguage":"es","potentialAction":[{"@type":"ReadAction","target":["http:\/\/thehottieandthenottie.com\/es\/a-la-mierda-alguien-cerca-de-ti\/"]}]},{"@type":"BreadcrumbList","@id":"http:\/\/thehottieandthenottie.com\/es\/a-la-mierda-alguien-cerca-de-ti\/#breadcrumb","itemListElement":[{"@type":"ListItem","position":1,"name":"Home","item":"http:\/\/thehottieandthenottie.com\/es\/"},{"@type":"ListItem","position":2,"name":"A la mierda alguien cerca de ti"}]}]}},"_links":{"self":[{"href":"http:\/\/thehottieandthenottie.com\/es\/wp-json\/wp\/v2\/pages\/599"}],"collection":[{"href":"http:\/\/thehottieandthenottie.com\/es\/wp-json\/wp\/v2\/pages"}],"about":[{"href":"http:\/\/thehottieandthenottie.com\/es\/wp-json\/wp\/v2\/types\/page"}],"author":[{"embeddable":true,"href":"http:\/\/thehottieandthenottie.com\/es\/wp-json\/wp\/v2\/users\/1"}],"replies":[{"embeddable":true,"href":"http:\/\/thehottieandthenottie.com\/es\/wp-json\/wp\/v2\/comments?post=599"}],"version-history":[{"count":1,"href":"http:\/\/thehottieandthenottie.com\/es\/wp-json\/wp\/v2\/pages\/599\/revisions"}],"predecessor-version":[{"id":661,"href":"http:\/\/thehottieandthenottie.com\/es\/wp-json\/wp\/v2\/pages\/599\/revisions\/661"}],"wp:attachment":[{"href":"http:\/\/thehottieandthenottie.com\/es\/wp-json\/wp\/v2\/media?parent=599"}],"curies":[{"name":"wp","href":"https:\/\/api.w.org\/{rel}","templated":true}]}}