{"id":621,"date":"2022-09-30T12:54:32","date_gmt":"2022-09-30T11:54:32","guid":{"rendered":"http:\/\/thehottieandthenottie.com\/sitios-de-conexion-sexual\/"},"modified":"2022-09-30T12:54:32","modified_gmt":"2022-09-30T11:54:32","slug":"sitios-de-conexion-sexual","status":"publish","type":"page","link":"http:\/\/thehottieandthenottie.com\/es\/sitios-de-conexion-sexual\/","title":{"rendered":"Sitios de conexi\u00f3n sexual"},"content":{"rendered":"<p>Hay muchos sitios de mensajer\u00eda sexual gratuitos por ah\u00ed, pero no todos valen la pena usarlos. Si est\u00e1 buscando un sitio que lo ayude a conectarse con alguien, debe asegurarse de que tenga una buena reputaci\u00f3n y que sea f\u00e1cil de usar. Tambi\u00e9n debe asegurarse de que el sitio tenga muchos miembros para que sea m\u00e1s probable que encuentre a alguien que sea compatible con usted.<\/p>\n<h2>Conexi\u00f3n sexual gratuita<\/h2>\n<p>Hay muchos conceptos err\u00f3neos sobre las citas sexuales gratuitas. Mucha gente piensa que se trata de encontrar a alguien con quien tener relaciones sexuales sin tener que comprometerse con ellos emocional o financieramente. Pero eso no es realmente de lo que se trata el sexo gratuito. Las citas sexuales gratuitas se tratan de encontrar a alguien por quien te sientas atra\u00eddo f\u00edsica y emocionalmente y que tambi\u00e9n se sienta atra\u00eddo por ti. Se trata de tener relaciones sexuales con alguien sin tener que preocuparse por las consecuencias que conlleva una relaci\u00f3n tradicional. Por supuesto, hay algunos riesgos involucrados con las citas sexuales gratuitas. Podr\u00edas terminar apegado emocionalmente a alguien con quien no eres realmente compatible. Y siempre existe la posibilidad de que pueda contraer una ETS. Pero si est\u00e1s dispuesto a correr esos riesgos, las citas sexuales gratuitas pueden ser muy divertidas. Puede ser una excelente manera de explorar tu sexualidad y descubrir lo que realmente est\u00e1s buscando en una pareja.<\/p>\n<p>No hay nada mejor que encontrar el amor, y si est\u00e1s buscando sexo gratis, entonces definitivamente deber\u00edas echar un vistazo a Free Sex Meet Up. Este sitio web es perfecto para las personas que buscan sexo sin condiciones, y puede encontrar personas en su \u00e1rea que buscan lo mismo. Todo lo que necesita hacer es crear un perfil y comenzar a buscar personas que buscan sexo gratis. Tambi\u00e9n puede usar el sitio web para encontrar personas que buscan una relaci\u00f3n, e incluso puede encontrar personas que buscan algo m\u00e1s informal. Lo que sea que est\u00e9s buscando, puedes encontrarlo en Free Sex Meet Up.<\/p>\n<h2>Chat de sexo gratis<\/h2>\n<p>Hay mucha gente por ah\u00ed que est\u00e1 en los mensajes de texto sexuales gratuitos. Aqu\u00ed es donde puede enviar mensajes de texto a alguien de forma gratuita y le enviar\u00e1n mensajes sexualmente expl\u00edcitos a cambio. Esta puede ser una excelente manera de conocer a alguien sexualmente sin tener que reunirse con ellos en persona. Tambi\u00e9n puede ser una excelente manera de expresar cierta tensi\u00f3n sexual antes de que realmente te re\u00fanas con alguien en persona.<\/p>\n<h3>SwingEstilo de vida<\/h3>\n<p>SwingLifestyle es un sitio gratuito de mensajer\u00eda sexual que le permite conectarse con personas de ideas afines para encuentros casuales o m\u00e1s. El sitio ha existido por un tiempo y tiene una buena reputaci\u00f3n de ser un lugar seguro para conectarse con la gente. La aplicaci\u00f3n es f\u00e1cil de usar y tiene muchas caracter\u00edsticas que la convierten en una excelente opci\u00f3n para las personas que buscan un sitio de mensajer\u00eda sexual gratuito. El \u00fanico inconveniente es que el sitio no es tan popular como algunos de los otros sitios de mensajer\u00eda sexual gratuita que existen.<\/p>\n<h3>XPickup<\/h3>\n<p>Si est\u00e1 buscando un sitio de mensajer\u00eda sexual gratuito, XPickup es una excelente opci\u00f3n. La aplicaci\u00f3n es f\u00e1cil de usar y tiene muchas caracter\u00edsticas que la convierten en una excelente opci\u00f3n para cualquiera que busque una conexi\u00f3n casual. La funci\u00f3n de b\u00fasqueda es particularmente \u00fatil, ya que le permite encontrar personas en su \u00e1rea que buscan lo mismo que usted. La aplicaci\u00f3n tambi\u00e9n tiene un gran sistema de mensajer\u00eda, lo que facilita mantenerse en contacto con posibles conexiones. En general, XPickup es una gran opci\u00f3n para cualquiera que busque un sitio de conexi\u00f3n casual.<\/p>\n<h3>Alt.com<\/h3>\n<p>Alt.com es un sitio gratuito de mensajer\u00eda sexual que le permite enviar y recibir mensajes con otros miembros. El sitio tiene una gran base de miembros y es f\u00e1cil de usar. Sin embargo, el sitio no tiene muchas caracter\u00edsticas y no es muy f\u00e1cil de usar.<\/p>\n","protected":false},"excerpt":{"rendered":"<p>Hay muchos sitios de mensajer\u00eda sexual gratuitos por ah\u00ed, pero no todos valen la pena usarlos. Si est\u00e1 buscando un sitio que lo ayude a conectarse con alguien, debe asegurarse de que tenga una buena reputaci\u00f3n y que sea f\u00e1cil de usar. Tambi\u00e9n debe asegurarse de que el sitio tenga muchos miembros para que sea &#8230; <a title=\"Sitios de conexi\u00f3n sexual\" class=\"read-more\" href=\"http:\/\/thehottieandthenottie.com\/es\/sitios-de-conexion-sexual\/\" aria-label=\"M\u00e1s en Sitios de conexi\u00f3n sexual\">Leer m\u00e1s<\/a><\/p>\n","protected":false},"author":1,"featured_media":0,"parent":0,"menu_order":0,"comment_status":"closed","ping_status":"closed","template":"","meta":[],"yoast_head":"<!-- This site is optimized with the Yoast SEO plugin v17.7.1 - https:\/\/yoast.com\/wordpress\/plugins\/seo\/ -->\n<title>Sitios de conexi\u00f3n sexual - En los alrededores Hotties<\/title>\n<meta name=\"robots\" content=\"index, follow, max-snippet:-1, max-image-preview:large, max-video-preview:-1\" \/>\n<link rel=\"canonical\" href=\"http:\/\/thehottieandthenottie.com\/es\/sitios-de-conexion-sexual\/\" \/>\n<meta property=\"og:locale\" content=\"es_ES\" \/>\n<meta property=\"og:type\" content=\"article\" \/>\n<meta property=\"og:title\" content=\"Sitios de conexi\u00f3n sexual - En los alrededores Hotties\" \/>\n<meta property=\"og:description\" content=\"Hay muchos sitios de mensajer\u00eda sexual gratuitos por ah\u00ed, pero no todos valen la pena usarlos. Si est\u00e1 buscando un sitio que lo ayude a conectarse con alguien, debe asegurarse de que tenga una buena reputaci\u00f3n y que sea f\u00e1cil de usar. Tambi\u00e9n debe asegurarse de que el sitio tenga muchos miembros para que sea ... Leer m\u00e1s\" \/>\n<meta property=\"og:url\" content=\"http:\/\/thehottieandthenottie.com\/es\/sitios-de-conexion-sexual\/\" \/>\n<meta property=\"og:site_name\" content=\"En los alrededores Hotties\" \/>\n<meta name=\"twitter:card\" content=\"summary_large_image\" \/>\n<meta name=\"twitter:label1\" content=\"Tiempo de lectura\" \/>\n\t<meta name=\"twitter:data1\" content=\"4 minutos\" \/>\n<script type=\"application\/ld+json\" class=\"yoast-schema-graph\">{\"@context\":\"https:\/\/schema.org\",\"@graph\":[{\"@type\":\"WebSite\",\"@id\":\"https:\/\/thehottieandthenottie.com\/#website\",\"url\":\"https:\/\/thehottieandthenottie.com\/\",\"name\":\"En los alrededores Hotties\",\"description\":\"Conozca a las mujeres en su \\u00e1rea\",\"potentialAction\":[{\"@type\":\"SearchAction\",\"target\":{\"@type\":\"EntryPoint\",\"urlTemplate\":\"https:\/\/thehottieandthenottie.com\/?s={search_term_string}\"},\"query-input\":\"required name=search_term_string\"}],\"inLanguage\":\"es\"},{\"@type\":\"WebPage\",\"@id\":\"http:\/\/thehottieandthenottie.com\/es\/sitios-de-conexion-sexual\/#webpage\",\"url\":\"http:\/\/thehottieandthenottie.com\/es\/sitios-de-conexion-sexual\/\",\"name\":\"Sitios de conexi\\u00f3n sexual - En los alrededores Hotties\",\"isPartOf\":{\"@id\":\"https:\/\/thehottieandthenottie.com\/#website\"},\"datePublished\":\"2022-09-30T11:54:32+00:00\",\"dateModified\":\"2022-09-30T11:54:32+00:00\",\"breadcrumb\":{\"@id\":\"http:\/\/thehottieandthenottie.com\/es\/sitios-de-conexion-sexual\/#breadcrumb\"},\"inLanguage\":\"es\",\"potentialAction\":[{\"@type\":\"ReadAction\",\"target\":[\"http:\/\/thehottieandthenottie.com\/es\/sitios-de-conexion-sexual\/\"]}]},{\"@type\":\"BreadcrumbList\",\"@id\":\"http:\/\/thehottieandthenottie.com\/es\/sitios-de-conexion-sexual\/#breadcrumb\",\"itemListElement\":[{\"@type\":\"ListItem\",\"position\":1,\"name\":\"Home\",\"item\":\"http:\/\/thehottieandthenottie.com\/es\/\"},{\"@type\":\"ListItem\",\"position\":2,\"name\":\"Sitios de conexi\\u00f3n sexual\"}]}]}<\/script>\n<!-- \/ Yoast SEO plugin. -->","yoast_head_json":{"title":"Sitios de conexi\u00f3n sexual - En los alrededores Hotties","robots":{"index":"index","follow":"follow","max-snippet":"max-snippet:-1","max-image-preview":"max-image-preview:large","max-video-preview":"max-video-preview:-1"},"canonical":"http:\/\/thehottieandthenottie.com\/es\/sitios-de-conexion-sexual\/","og_locale":"es_ES","og_type":"article","og_title":"Sitios de conexi\u00f3n sexual - En los alrededores Hotties","og_description":"Hay muchos sitios de mensajer\u00eda sexual gratuitos por ah\u00ed, pero no todos valen la pena usarlos. Si est\u00e1 buscando un sitio que lo ayude a conectarse con alguien, debe asegurarse de que tenga una buena reputaci\u00f3n y que sea f\u00e1cil de usar. Tambi\u00e9n debe asegurarse de que el sitio tenga muchos miembros para que sea ... Leer m\u00e1s","og_url":"http:\/\/thehottieandthenottie.com\/es\/sitios-de-conexion-sexual\/","og_site_name":"En los alrededores Hotties","twitter_card":"summary_large_image","twitter_misc":{"Tiempo de lectura":"4 minutos"},"schema":{"@context":"https:\/\/schema.org","@graph":[{"@type":"WebSite","@id":"https:\/\/thehottieandthenottie.com\/#website","url":"https:\/\/thehottieandthenottie.com\/","name":"En los alrededores Hotties","description":"Conozca a las mujeres en su \u00e1rea","potentialAction":[{"@type":"SearchAction","target":{"@type":"EntryPoint","urlTemplate":"https:\/\/thehottieandthenottie.com\/?s={search_term_string}"},"query-input":"required name=search_term_string"}],"inLanguage":"es"},{"@type":"WebPage","@id":"http:\/\/thehottieandthenottie.com\/es\/sitios-de-conexion-sexual\/#webpage","url":"http:\/\/thehottieandthenottie.com\/es\/sitios-de-conexion-sexual\/","name":"Sitios de conexi\u00f3n sexual - En los alrededores Hotties","isPartOf":{"@id":"https:\/\/thehottieandthenottie.com\/#website"},"datePublished":"2022-09-30T11:54:32+00:00","dateModified":"2022-09-30T11:54:32+00:00","breadcrumb":{"@id":"http:\/\/thehottieandthenottie.com\/es\/sitios-de-conexion-sexual\/#breadcrumb"},"inLanguage":"es","potentialAction":[{"@type":"ReadAction","target":["http:\/\/thehottieandthenottie.com\/es\/sitios-de-conexion-sexual\/"]}]},{"@type":"BreadcrumbList","@id":"http:\/\/thehottieandthenottie.com\/es\/sitios-de-conexion-sexual\/#breadcrumb","itemListElement":[{"@type":"ListItem","position":1,"name":"Home","item":"http:\/\/thehottieandthenottie.com\/es\/"},{"@type":"ListItem","position":2,"name":"Sitios de conexi\u00f3n sexual"}]}]}},"_links":{"self":[{"href":"http:\/\/thehottieandthenottie.com\/es\/wp-json\/wp\/v2\/pages\/621"}],"collection":[{"href":"http:\/\/thehottieandthenottie.com\/es\/wp-json\/wp\/v2\/pages"}],"about":[{"href":"http:\/\/thehottieandthenottie.com\/es\/wp-json\/wp\/v2\/types\/page"}],"author":[{"embeddable":true,"href":"http:\/\/thehottieandthenottie.com\/es\/wp-json\/wp\/v2\/users\/1"}],"replies":[{"embeddable":true,"href":"http:\/\/thehottieandthenottie.com\/es\/wp-json\/wp\/v2\/comments?post=621"}],"version-history":[{"count":0,"href":"http:\/\/thehottieandthenottie.com\/es\/wp-json\/wp\/v2\/pages\/621\/revisions"}],"wp:attachment":[{"href":"http:\/\/thehottieandthenottie.com\/es\/wp-json\/wp\/v2\/media?parent=621"}],"curies":[{"name":"wp","href":"https:\/\/api.w.org\/{rel}","templated":true}]}}