{"id":631,"date":"2022-09-30T12:55:07","date_gmt":"2022-09-30T11:55:07","guid":{"rendered":"http:\/\/thehottieandthenottie.com\/citas-nsa\/"},"modified":"2022-09-30T12:55:07","modified_gmt":"2022-09-30T11:55:07","slug":"citas-nsa","status":"publish","type":"page","link":"http:\/\/thehottieandthenottie.com\/es\/citas-nsa\/","title":{"rendered":"Citas NSA"},"content":{"rendered":"<p>Hay algunas maneras de encontrar una aventura de una noche cerca de usted. La forma m\u00e1s f\u00e1cil es usar una aplicaci\u00f3n de citas como Tinder o Bumble. Tambi\u00e9n puede intentar ir a un bar o club y ver si hay personas solteras que parezcan interesadas en conectarse. Si no tiene suerte de encontrar a alguien interesado en una aventura de una noche, siempre puede intentar publicar un anuncio personal en Craigslist o en un sitio web similar. Solo aseg\u00farese de tener claro lo que est\u00e1 buscando y est\u00e9 seguro cuando se re\u00fana con extra\u00f1os.<\/p>\n<p>Hay muchos sitios web que pueden ayudarlo a encontrar una aventura de una noche. Todo lo que tiene que hacer es escribir lo que est\u00e1 buscando y su ubicaci\u00f3n, y podr\u00e1 encontrar una lista de posibles coincidencias. Luego puede enviarles un mensaje y organizar una reuni\u00f3n. \u00a1Solo aseg\u00farate de estar seguro y usar un cond\u00f3n!<\/p>\n<h2>Sitios web de citas de la NSA<\/h2>\n<p>No se puede negar que las citas de la NSA pueden ser una excelente manera de encontrar el amor. Despu\u00e9s de todo, \u00bfqu\u00e9 podr\u00eda ser m\u00e1s rom\u00e1ntico que conocer a alguien sin expectativas o condiciones? Sin embargo, es importante tener en cuenta que las citas de la NSA no son para todos. Si est\u00e1s buscando algo serio, entonces este tipo de citas probablemente no sean para ti. Pero si solo est\u00e1 buscando diversi\u00f3n y emoci\u00f3n, entonces las citas de la NSA podr\u00edan ser la manera perfecta de encontrarlas.<\/p>\n<h2>Citas de una noche<\/h2>\n<p>Hay algo liberador en una aventura de una noche. Sin condiciones, sin expectativas, solo dos personas disfrutando de la compa\u00f1\u00eda del otro por una noche. Y si est\u00e1 buscando un sitio que lo ayude a encontrar una aventura de una noche, no busque m\u00e1s all\u00e1 de One Night Stand Site. One Night Stand Site es el lugar perfecto para encontrar a alguien para una conexi\u00f3n sin ataduras. Ya sea que solo est\u00e9 buscando diversi\u00f3n casual, o que realmente est\u00e9 esperando encontrar su pr\u00f3xima pareja a largo plazo, One Night Stand Site puede ayudarlo a encontrar lo que est\u00e1 buscando.<\/p>\n<p>Todo lo que necesita hacer es registrarse, crear un perfil y comenzar a navegar por los perfiles de otros miembros. Cuando encuentres a alguien que te interese, simplemente env\u00edale un mensaje y mira a d\u00f3nde van las cosas a partir de ah\u00ed. Entonces, si est\u00e1 listo para divertirse y experimentar la emoci\u00f3n de una aventura de una noche, \u00a1reg\u00edstrese en One Night Stand Site hoy!<\/p>\n<h3>FriendFinder-X<\/h3>\n<p>Si est\u00e1 buscando una aventura de una noche, FriendFinder-X es una aplicaci\u00f3n de citas que puede ayudarlo a encontrar conexiones locales. La aplicaci\u00f3n se puede descargar y usar de forma gratuita, y est\u00e1 disponible tanto en iOS como en Android. FriendFinder-X es f\u00e1cil de usar y solo toma unos minutos registrarse. Una vez que se haya registrado, puede comenzar a navegar por solteros locales y enviarles mensajes. La aplicaci\u00f3n tambi\u00e9n tiene una funci\u00f3n de \u00abcaliente o no\u00bb, que le permite calificar a otros usuarios. Si est\u00e1 buscando una aventura de una noche, FriendFinder-X es una gran opci\u00f3n.<\/p>\n<h3>Mapas de rublos<\/h3>\n<p>Rubmaps es una aplicaci\u00f3n de citas que le permite encontrar posibles parejas de una noche cerca de usted. La aplicaci\u00f3n se puede descargar y usar de forma gratuita, y ofrece una variedad de caracter\u00edsticas para ayudarlo a encontrar una coincidencia. Puede buscar socios potenciales por ubicaci\u00f3n, edad e intereses, y puede enviarles un mensaje directamente. La aplicaci\u00f3n tambi\u00e9n incluye una funci\u00f3n de chat incorporada, para que pueda conocer a su socio potencial antes de reunirse. En general, Rubmaps es una gran opci\u00f3n para encontrar una aventura de una noche cerca de usted.<\/p>\n<h3>Cormor\u00e1n mo\u00f1udo<\/h3>\n<p>Si est\u00e1s buscando una aventura de una noche, entonces Shag podr\u00eda ser la aplicaci\u00f3n de citas para ti. Es r\u00e1pido, f\u00e1cil de usar y puede filtrar sus coincidencias por ubicaci\u00f3n, edad y estado de la relaci\u00f3n. Sin embargo, la aplicaci\u00f3n solo est\u00e1 disponible en el Reino Unido e Irlanda, por lo que si no est\u00e1s en uno de esos pa\u00edses, no tendr\u00e1s suerte.<\/p>\n","protected":false},"excerpt":{"rendered":"<p>Hay algunas maneras de encontrar una aventura de una noche cerca de usted. La forma m\u00e1s f\u00e1cil es usar una aplicaci\u00f3n de citas como Tinder o Bumble. Tambi\u00e9n puede intentar ir a un bar o club y ver si hay personas solteras que parezcan interesadas en conectarse. Si no tiene suerte de encontrar a alguien &#8230; <a title=\"Citas NSA\" class=\"read-more\" href=\"http:\/\/thehottieandthenottie.com\/es\/citas-nsa\/\" aria-label=\"M\u00e1s en Citas NSA\">Leer m\u00e1s<\/a><\/p>\n","protected":false},"author":1,"featured_media":0,"parent":0,"menu_order":0,"comment_status":"closed","ping_status":"closed","template":"","meta":[],"yoast_head":"<!-- This site is optimized with the Yoast SEO plugin v17.7.1 - https:\/\/yoast.com\/wordpress\/plugins\/seo\/ -->\n<title>Citas NSA - En los alrededores Hotties<\/title>\n<meta name=\"robots\" content=\"index, follow, max-snippet:-1, max-image-preview:large, max-video-preview:-1\" \/>\n<link rel=\"canonical\" href=\"http:\/\/thehottieandthenottie.com\/es\/citas-nsa\/\" \/>\n<meta property=\"og:locale\" content=\"es_ES\" \/>\n<meta property=\"og:type\" content=\"article\" \/>\n<meta property=\"og:title\" content=\"Citas NSA - En los alrededores Hotties\" \/>\n<meta property=\"og:description\" content=\"Hay algunas maneras de encontrar una aventura de una noche cerca de usted. La forma m\u00e1s f\u00e1cil es usar una aplicaci\u00f3n de citas como Tinder o Bumble. Tambi\u00e9n puede intentar ir a un bar o club y ver si hay personas solteras que parezcan interesadas en conectarse. Si no tiene suerte de encontrar a alguien ... Leer m\u00e1s\" \/>\n<meta property=\"og:url\" content=\"http:\/\/thehottieandthenottie.com\/es\/citas-nsa\/\" \/>\n<meta property=\"og:site_name\" content=\"En los alrededores Hotties\" \/>\n<meta name=\"twitter:card\" content=\"summary_large_image\" \/>\n<meta name=\"twitter:label1\" content=\"Tiempo de lectura\" \/>\n\t<meta name=\"twitter:data1\" content=\"4 minutos\" \/>\n<script type=\"application\/ld+json\" class=\"yoast-schema-graph\">{\"@context\":\"https:\/\/schema.org\",\"@graph\":[{\"@type\":\"WebSite\",\"@id\":\"https:\/\/thehottieandthenottie.com\/#website\",\"url\":\"https:\/\/thehottieandthenottie.com\/\",\"name\":\"En los alrededores Hotties\",\"description\":\"Conozca a las mujeres en su \\u00e1rea\",\"potentialAction\":[{\"@type\":\"SearchAction\",\"target\":{\"@type\":\"EntryPoint\",\"urlTemplate\":\"https:\/\/thehottieandthenottie.com\/?s={search_term_string}\"},\"query-input\":\"required name=search_term_string\"}],\"inLanguage\":\"es\"},{\"@type\":\"WebPage\",\"@id\":\"http:\/\/thehottieandthenottie.com\/es\/citas-nsa\/#webpage\",\"url\":\"http:\/\/thehottieandthenottie.com\/es\/citas-nsa\/\",\"name\":\"Citas NSA - En los alrededores Hotties\",\"isPartOf\":{\"@id\":\"https:\/\/thehottieandthenottie.com\/#website\"},\"datePublished\":\"2022-09-30T11:55:07+00:00\",\"dateModified\":\"2022-09-30T11:55:07+00:00\",\"breadcrumb\":{\"@id\":\"http:\/\/thehottieandthenottie.com\/es\/citas-nsa\/#breadcrumb\"},\"inLanguage\":\"es\",\"potentialAction\":[{\"@type\":\"ReadAction\",\"target\":[\"http:\/\/thehottieandthenottie.com\/es\/citas-nsa\/\"]}]},{\"@type\":\"BreadcrumbList\",\"@id\":\"http:\/\/thehottieandthenottie.com\/es\/citas-nsa\/#breadcrumb\",\"itemListElement\":[{\"@type\":\"ListItem\",\"position\":1,\"name\":\"Home\",\"item\":\"http:\/\/thehottieandthenottie.com\/es\/\"},{\"@type\":\"ListItem\",\"position\":2,\"name\":\"Citas NSA\"}]}]}<\/script>\n<!-- \/ Yoast SEO plugin. -->","yoast_head_json":{"title":"Citas NSA - En los alrededores Hotties","robots":{"index":"index","follow":"follow","max-snippet":"max-snippet:-1","max-image-preview":"max-image-preview:large","max-video-preview":"max-video-preview:-1"},"canonical":"http:\/\/thehottieandthenottie.com\/es\/citas-nsa\/","og_locale":"es_ES","og_type":"article","og_title":"Citas NSA - En los alrededores Hotties","og_description":"Hay algunas maneras de encontrar una aventura de una noche cerca de usted. La forma m\u00e1s f\u00e1cil es usar una aplicaci\u00f3n de citas como Tinder o Bumble. Tambi\u00e9n puede intentar ir a un bar o club y ver si hay personas solteras que parezcan interesadas en conectarse. Si no tiene suerte de encontrar a alguien ... Leer m\u00e1s","og_url":"http:\/\/thehottieandthenottie.com\/es\/citas-nsa\/","og_site_name":"En los alrededores Hotties","twitter_card":"summary_large_image","twitter_misc":{"Tiempo de lectura":"4 minutos"},"schema":{"@context":"https:\/\/schema.org","@graph":[{"@type":"WebSite","@id":"https:\/\/thehottieandthenottie.com\/#website","url":"https:\/\/thehottieandthenottie.com\/","name":"En los alrededores Hotties","description":"Conozca a las mujeres en su \u00e1rea","potentialAction":[{"@type":"SearchAction","target":{"@type":"EntryPoint","urlTemplate":"https:\/\/thehottieandthenottie.com\/?s={search_term_string}"},"query-input":"required name=search_term_string"}],"inLanguage":"es"},{"@type":"WebPage","@id":"http:\/\/thehottieandthenottie.com\/es\/citas-nsa\/#webpage","url":"http:\/\/thehottieandthenottie.com\/es\/citas-nsa\/","name":"Citas NSA - En los alrededores Hotties","isPartOf":{"@id":"https:\/\/thehottieandthenottie.com\/#website"},"datePublished":"2022-09-30T11:55:07+00:00","dateModified":"2022-09-30T11:55:07+00:00","breadcrumb":{"@id":"http:\/\/thehottieandthenottie.com\/es\/citas-nsa\/#breadcrumb"},"inLanguage":"es","potentialAction":[{"@type":"ReadAction","target":["http:\/\/thehottieandthenottie.com\/es\/citas-nsa\/"]}]},{"@type":"BreadcrumbList","@id":"http:\/\/thehottieandthenottie.com\/es\/citas-nsa\/#breadcrumb","itemListElement":[{"@type":"ListItem","position":1,"name":"Home","item":"http:\/\/thehottieandthenottie.com\/es\/"},{"@type":"ListItem","position":2,"name":"Citas NSA"}]}]}},"_links":{"self":[{"href":"http:\/\/thehottieandthenottie.com\/es\/wp-json\/wp\/v2\/pages\/631"}],"collection":[{"href":"http:\/\/thehottieandthenottie.com\/es\/wp-json\/wp\/v2\/pages"}],"about":[{"href":"http:\/\/thehottieandthenottie.com\/es\/wp-json\/wp\/v2\/types\/page"}],"author":[{"embeddable":true,"href":"http:\/\/thehottieandthenottie.com\/es\/wp-json\/wp\/v2\/users\/1"}],"replies":[{"embeddable":true,"href":"http:\/\/thehottieandthenottie.com\/es\/wp-json\/wp\/v2\/comments?post=631"}],"version-history":[{"count":0,"href":"http:\/\/thehottieandthenottie.com\/es\/wp-json\/wp\/v2\/pages\/631\/revisions"}],"wp:attachment":[{"href":"http:\/\/thehottieandthenottie.com\/es\/wp-json\/wp\/v2\/media?parent=631"}],"curies":[{"name":"wp","href":"https:\/\/api.w.org\/{rel}","templated":true}]}}