{"id":632,"date":"2022-09-30T12:53:59","date_gmt":"2022-09-30T11:53:59","guid":{"rendered":"http:\/\/thehottieandthenottie.com\/sexo-cerca-de-mi\/"},"modified":"2022-10-17T12:21:49","modified_gmt":"2022-10-17T11:21:49","slug":"sexo-cerca-de-mi","status":"publish","type":"page","link":"http:\/\/thehottieandthenottie.com\/es\/sexo-cerca-de-mi\/","title":{"rendered":"Sexo cerca de m\u00ed"},"content":{"rendered":"<p>No hay necesidad de pasar horas en l\u00ednea buscando \u00absexo gratis cerca de m\u00ed\u00bb. Simplemente dir\u00edjase a su bar o club local y comience a chatear posibles conexiones. Es posible que se sorprenda de lo f\u00e1cil que es encontrar a alguien que est\u00e9 deprimido por una diversi\u00f3n sin ataduras. \u00a1Solo recuerda estar seguro y usar protecci\u00f3n!<\/p>\n<h2>Encuentra sexo<\/h2>\n<p>No hay nada como la emoci\u00f3n de saber que hay <a href=\"http:\/\/thehottieandthenottie.com\/swinger-sites\/\">sexo gratis cerca<\/a>. Ya sea una conexi\u00f3n \u00fanica o algo regular, siempre es emocionante. Y, por supuesto, es a\u00fan mejor cuando no tienes que ir muy lejos para encontrarlo. Si est\u00e1 buscando sexo gratis cerca, una de las mejores maneras de encontrarlo es a trav\u00e9s de citas en l\u00ednea. Hay muchos sitios y aplicaciones de citas que pueden ayudarlo a conectarse con alguien que est\u00e1 interesado en lo mismo. Por supuesto, tambi\u00e9n puedes probar suerte en bares o clubes. Pero, si no te gusta esa escena, las citas en <a href=\"https:\/\/www.no-strings-attached-sex.com\/es\/sitios-web-para-conocer-y-follar-gratis\/\">paginas para follar gratis<\/a> l\u00ednea son definitivamente el camino a seguir. Con tanta gente buscando sexo gratis, seguramente encontrar\u00e1s a alguien que est\u00e9 deprimido por ello.<\/p>\n<h2>Conexiones locales<\/h2>\n<p>Cuando est\u00e1s tratando de encontrar el amor, puede sentirse como si estuvieras buscando una aguja en un pajar. Pero si ampl\u00edas tu b\u00fasqueda para incluir parejas potenciales que viven cerca de ti, tus posibilidades de encontrar el amor aumentan exponencialmente. Y gracias a la tecnolog\u00eda, es m\u00e1s f\u00e1cil que nunca encontrar a alguien que est\u00e9 jodido cerca de ti. Hay una serie de aplicaciones y sitios web de citas que le permiten buscar parejas potenciales por ubicaci\u00f3n. As\u00ed que si est\u00e1s buscando amor y est\u00e1s dispuesto a follar cerca de alguien, hay una buena posibilidad de que puedas encontrar lo que est\u00e1s buscando. Por supuesto, no hay garant\u00edas en la vida. Pero si est\u00e1s abierto a follar cerca de alguien para encontrar el amor, es posible que te sorprendas de lo f\u00e1cil que es encontrar una pareja. As\u00ed que adelante y pru\u00e9balo. Es posible que encuentres al amor de tu vida.<\/p>\n<h2>Encuentro de sexo casual<\/h2>\n<p>No hay una respuesta \u00fanica a esta pregunta, ya que las personas tienen diferentes <a href=\"http:\/\/www.paginas-de-sexo.com\/mejores-aplicaciones-para-ligar-gratis\/\">paginas para ligar gratis<\/a> opiniones sobre lo que califica como \u00absexo casual\u00bb. Para algunas personas, el sexo casual se refiere a la actividad sexual que no implica ning\u00fan tipo de conexi\u00f3n emocional o compromiso, mientras que para otros simplemente se refiere al sexo que no es parte de una relaci\u00f3n mon\u00f3gama a largo plazo.<\/p>\n<p>Si est\u00e1s interesado en explorar el sexo casual, hay algunas cosas a tener en cuenta. Primero, aseg\u00farese de comunicarse con su(s) pareja(s) sobre sus expectativas y l\u00edmites en torno al sexo. Tambi\u00e9n es importante ser honesto contigo mismo sobre lo que est\u00e1s buscando y con lo que te sientes c\u00f3modo. Si no est\u00e1s seguro, \u00a1est\u00e1 bien! Siempre puedes experimentar y ver lo que se siente bien para ti.<\/p>\n<p>Por \u00faltimo, recuerde practicar sexo seguro mediante el uso de condones y \/ u otras formas de control de la natalidad, y h\u00e1gase la prueba de ETS con regularidad. El sexo casual puede ser una forma divertida y emocionante de explorar tu sexualidad, pero es importante ser seguro y responsable.<\/p>\n<h3>Badoo<\/h3>\n<p>Badoo es una aplicaci\u00f3n gratuita de citas en l\u00ednea que le permite conocer gente nueva en su \u00e1rea. No es necesario registrarse para obtener una cuenta para usar Badoo y puede comenzar a chatear con personas cercanas de inmediato. La aplicaci\u00f3n tambi\u00e9n tiene una opci\u00f3n de suscripci\u00f3n de pago que le brinda acceso a funciones adicionales como mensajer\u00eda ilimitada <a href=\"https:\/\/www.fucklocals.org\/es\/juegos-de-sexo-gratis-ios\/\">juegos de sexo gratis<\/a> y la capacidad de ver qui\u00e9n ha visto su perfil. Badoo no es una aplicaci\u00f3n de conexi\u00f3n y no est\u00e1 dise\u00f1ada para su uso como una forma de encontrar sexo gratis cerca de m\u00ed. Sin embargo, muchos usuarios utilizan la aplicaci\u00f3n para este prop\u00f3sito y es posible encontrar personas que est\u00e9n interesadas en encuentros casuales y encuentros sexuales. La aplicaci\u00f3n es relativamente segura de usar y hay varias formas de informar y bloquear a los usuarios que se comportan de manera inapropiada. En general, Badoo es una buena opci\u00f3n para conocer gente nueva y potencialmente encontrar conexiones casuales.<\/p>\n<h3>Ashley Madison<\/h3>\n<p>Si est\u00e1 buscando una forma discreta de tener una aventura o conexi\u00f3n, entonces Ashley Madison es la aplicaci\u00f3n de citas para usted. Con m\u00e1s de 60 millones de miembros en todo el mundo, es una de las aplicaciones m\u00e1s populares para las personas que buscan relaciones extramatrimoniales y encuentros casuales. La aplicaci\u00f3n se puede descargar y usar de forma gratuita, pero deber\u00e1 comprar cr\u00e9ditos para desbloquear ciertas funciones. En general, Ashley Madison es una gran aplicaci\u00f3n para cualquiera que busque un poco de emoci\u00f3n adicional en su vida amorosa.<\/p>\n<h3>DateMyAge<\/h3>\n<p>Si est\u00e1 buscando una nueva aplicaci\u00f3n de citas, DateMyAge es una excelente opci\u00f3n. Se puede descargar gratis y tiene una calificaci\u00f3n de 4.5 estrellas en la App Store. La aplicaci\u00f3n est\u00e1 dise\u00f1ada para personas mayores de 50 a\u00f1os y es una excelente manera de conocer gente nueva, ya sea que est\u00e9 buscando amistad o amor. La aplicaci\u00f3n es f\u00e1cil de usar y tiene muchas caracter\u00edsticas excelentes, como la capacidad de ver perfiles de otros usuarios en su \u00e1rea. Tambi\u00e9n puede enviar mensajes y usar la funci\u00f3n de chat para conocer mejor a otros usuarios.<\/p>\n<p>En general, definitivamente recomendar\u00eda DateMyAge a cualquiera que busque una nueva aplicaci\u00f3n de citas. Es una excelente manera de conocer gente nueva y es de uso gratuito.<\/p>\n","protected":false},"excerpt":{"rendered":"<p>No hay necesidad de pasar horas en l\u00ednea buscando \u00absexo gratis cerca de m\u00ed\u00bb. Simplemente dir\u00edjase a su bar o club local y comience a chatear posibles conexiones. Es posible que se sorprenda de lo f\u00e1cil que es encontrar a alguien que est\u00e9 deprimido por una diversi\u00f3n sin ataduras. \u00a1Solo recuerda estar seguro y usar &#8230; <a title=\"Sexo cerca de m\u00ed\" class=\"read-more\" href=\"http:\/\/thehottieandthenottie.com\/es\/sexo-cerca-de-mi\/\" aria-label=\"M\u00e1s en Sexo cerca de m\u00ed\">Leer m\u00e1s<\/a><\/p>\n","protected":false},"author":1,"featured_media":0,"parent":0,"menu_order":0,"comment_status":"closed","ping_status":"closed","template":"","meta":[],"yoast_head":"<!-- This site is optimized with the Yoast SEO plugin v17.7.1 - https:\/\/yoast.com\/wordpress\/plugins\/seo\/ -->\n<title>Sexo cerca de m\u00ed - En los alrededores Hotties<\/title>\n<meta name=\"robots\" content=\"index, follow, max-snippet:-1, max-image-preview:large, max-video-preview:-1\" \/>\n<link rel=\"canonical\" href=\"http:\/\/thehottieandthenottie.com\/es\/sexo-cerca-de-mi\/\" \/>\n<meta property=\"og:locale\" content=\"es_ES\" \/>\n<meta property=\"og:type\" content=\"article\" \/>\n<meta property=\"og:title\" content=\"Sexo cerca de m\u00ed - En los alrededores Hotties\" \/>\n<meta property=\"og:description\" content=\"No hay necesidad de pasar horas en l\u00ednea buscando \u00absexo gratis cerca de m\u00ed\u00bb. Simplemente dir\u00edjase a su bar o club local y comience a chatear posibles conexiones. Es posible que se sorprenda de lo f\u00e1cil que es encontrar a alguien que est\u00e9 deprimido por una diversi\u00f3n sin ataduras. \u00a1Solo recuerda estar seguro y usar ... Leer m\u00e1s\" \/>\n<meta property=\"og:url\" content=\"http:\/\/thehottieandthenottie.com\/es\/sexo-cerca-de-mi\/\" \/>\n<meta property=\"og:site_name\" content=\"En los alrededores Hotties\" \/>\n<meta property=\"article:modified_time\" content=\"2022-10-17T11:21:49+00:00\" \/>\n<meta name=\"twitter:card\" content=\"summary_large_image\" \/>\n<meta name=\"twitter:label1\" content=\"Tiempo de lectura\" \/>\n\t<meta name=\"twitter:data1\" content=\"5 minutos\" \/>\n<script type=\"application\/ld+json\" class=\"yoast-schema-graph\">{\"@context\":\"https:\/\/schema.org\",\"@graph\":[{\"@type\":\"WebSite\",\"@id\":\"https:\/\/thehottieandthenottie.com\/#website\",\"url\":\"https:\/\/thehottieandthenottie.com\/\",\"name\":\"En los alrededores Hotties\",\"description\":\"Conozca a las mujeres en su \\u00e1rea\",\"potentialAction\":[{\"@type\":\"SearchAction\",\"target\":{\"@type\":\"EntryPoint\",\"urlTemplate\":\"https:\/\/thehottieandthenottie.com\/?s={search_term_string}\"},\"query-input\":\"required name=search_term_string\"}],\"inLanguage\":\"es\"},{\"@type\":\"WebPage\",\"@id\":\"http:\/\/thehottieandthenottie.com\/es\/sexo-cerca-de-mi\/#webpage\",\"url\":\"http:\/\/thehottieandthenottie.com\/es\/sexo-cerca-de-mi\/\",\"name\":\"Sexo cerca de m\\u00ed - En los alrededores Hotties\",\"isPartOf\":{\"@id\":\"https:\/\/thehottieandthenottie.com\/#website\"},\"datePublished\":\"2022-09-30T11:53:59+00:00\",\"dateModified\":\"2022-10-17T11:21:49+00:00\",\"breadcrumb\":{\"@id\":\"http:\/\/thehottieandthenottie.com\/es\/sexo-cerca-de-mi\/#breadcrumb\"},\"inLanguage\":\"es\",\"potentialAction\":[{\"@type\":\"ReadAction\",\"target\":[\"http:\/\/thehottieandthenottie.com\/es\/sexo-cerca-de-mi\/\"]}]},{\"@type\":\"BreadcrumbList\",\"@id\":\"http:\/\/thehottieandthenottie.com\/es\/sexo-cerca-de-mi\/#breadcrumb\",\"itemListElement\":[{\"@type\":\"ListItem\",\"position\":1,\"name\":\"Home\",\"item\":\"http:\/\/thehottieandthenottie.com\/es\/\"},{\"@type\":\"ListItem\",\"position\":2,\"name\":\"Sexo cerca de m\\u00ed\"}]}]}<\/script>\n<!-- \/ Yoast SEO plugin. -->","yoast_head_json":{"title":"Sexo cerca de m\u00ed - En los alrededores Hotties","robots":{"index":"index","follow":"follow","max-snippet":"max-snippet:-1","max-image-preview":"max-image-preview:large","max-video-preview":"max-video-preview:-1"},"canonical":"http:\/\/thehottieandthenottie.com\/es\/sexo-cerca-de-mi\/","og_locale":"es_ES","og_type":"article","og_title":"Sexo cerca de m\u00ed - En los alrededores Hotties","og_description":"No hay necesidad de pasar horas en l\u00ednea buscando \u00absexo gratis cerca de m\u00ed\u00bb. Simplemente dir\u00edjase a su bar o club local y comience a chatear posibles conexiones. Es posible que se sorprenda de lo f\u00e1cil que es encontrar a alguien que est\u00e9 deprimido por una diversi\u00f3n sin ataduras. \u00a1Solo recuerda estar seguro y usar ... Leer m\u00e1s","og_url":"http:\/\/thehottieandthenottie.com\/es\/sexo-cerca-de-mi\/","og_site_name":"En los alrededores Hotties","article_modified_time":"2022-10-17T11:21:49+00:00","twitter_card":"summary_large_image","twitter_misc":{"Tiempo de lectura":"5 minutos"},"schema":{"@context":"https:\/\/schema.org","@graph":[{"@type":"WebSite","@id":"https:\/\/thehottieandthenottie.com\/#website","url":"https:\/\/thehottieandthenottie.com\/","name":"En los alrededores Hotties","description":"Conozca a las mujeres en su \u00e1rea","potentialAction":[{"@type":"SearchAction","target":{"@type":"EntryPoint","urlTemplate":"https:\/\/thehottieandthenottie.com\/?s={search_term_string}"},"query-input":"required name=search_term_string"}],"inLanguage":"es"},{"@type":"WebPage","@id":"http:\/\/thehottieandthenottie.com\/es\/sexo-cerca-de-mi\/#webpage","url":"http:\/\/thehottieandthenottie.com\/es\/sexo-cerca-de-mi\/","name":"Sexo cerca de m\u00ed - En los alrededores Hotties","isPartOf":{"@id":"https:\/\/thehottieandthenottie.com\/#website"},"datePublished":"2022-09-30T11:53:59+00:00","dateModified":"2022-10-17T11:21:49+00:00","breadcrumb":{"@id":"http:\/\/thehottieandthenottie.com\/es\/sexo-cerca-de-mi\/#breadcrumb"},"inLanguage":"es","potentialAction":[{"@type":"ReadAction","target":["http:\/\/thehottieandthenottie.com\/es\/sexo-cerca-de-mi\/"]}]},{"@type":"BreadcrumbList","@id":"http:\/\/thehottieandthenottie.com\/es\/sexo-cerca-de-mi\/#breadcrumb","itemListElement":[{"@type":"ListItem","position":1,"name":"Home","item":"http:\/\/thehottieandthenottie.com\/es\/"},{"@type":"ListItem","position":2,"name":"Sexo cerca de m\u00ed"}]}]}},"_links":{"self":[{"href":"http:\/\/thehottieandthenottie.com\/es\/wp-json\/wp\/v2\/pages\/632"}],"collection":[{"href":"http:\/\/thehottieandthenottie.com\/es\/wp-json\/wp\/v2\/pages"}],"about":[{"href":"http:\/\/thehottieandthenottie.com\/es\/wp-json\/wp\/v2\/types\/page"}],"author":[{"embeddable":true,"href":"http:\/\/thehottieandthenottie.com\/es\/wp-json\/wp\/v2\/users\/1"}],"replies":[{"embeddable":true,"href":"http:\/\/thehottieandthenottie.com\/es\/wp-json\/wp\/v2\/comments?post=632"}],"version-history":[{"count":1,"href":"http:\/\/thehottieandthenottie.com\/es\/wp-json\/wp\/v2\/pages\/632\/revisions"}],"predecessor-version":[{"id":662,"href":"http:\/\/thehottieandthenottie.com\/es\/wp-json\/wp\/v2\/pages\/632\/revisions\/662"}],"wp:attachment":[{"href":"http:\/\/thehottieandthenottie.com\/es\/wp-json\/wp\/v2\/media?parent=632"}],"curies":[{"name":"wp","href":"https:\/\/api.w.org\/{rel}","templated":true}]}}