{"id":310,"date":"2022-09-09T10:59:01","date_gmt":"2022-09-09T09:59:01","guid":{"rendered":"http:\/\/thehottieandthenottie.com\/femmes-excitees-a-la-recherche-de-sexe-rencontres-occasionnelles\/"},"modified":"2022-09-09T10:59:01","modified_gmt":"2022-09-09T09:59:01","slug":"femmes-excitees-a-la-recherche-de-sexe-rencontres-occasionnelles","status":"publish","type":"page","link":"http:\/\/thehottieandthenottie.com\/fr\/","title":{"rendered":"Femmes excit\u00e9es \u00e0 la recherche de sexe &#8211; Rencontres occasionnelles"},"content":{"rendered":"<p><img loading=\"lazy\" class=\"aligncenter wp-image-77\" src=\"http:\/\/thehottieandthenottie.com\/wp-content\/uploads\/2022\/09\/real-dating-apps-1024x683.jpeg\" alt=\"\" width=\"649\" height=\"433\" srcset=\"http:\/\/thehottieandthenottie.com\/wp-content\/uploads\/2022\/09\/real-dating-apps-1024x683.jpeg 1024w, http:\/\/thehottieandthenottie.com\/wp-content\/uploads\/2022\/09\/real-dating-apps-300x200.jpeg 300w, http:\/\/thehottieandthenottie.com\/wp-content\/uploads\/2022\/09\/real-dating-apps-768x512.jpeg 768w, http:\/\/thehottieandthenottie.com\/wp-content\/uploads\/2022\/09\/real-dating-apps.jpeg 1125w\" sizes=\"(max-width: 649px) 100vw, 649px\" \/><\/p>\n<p>Beaucoup de gens se tournent vers des sites de rencontres gratuits et des applications de connexion pour trouver des partenaires sexuels occasionnels. Ces sites et applications permettent de rencontrer facilement et \u00e0 moindre co\u00fbt quelqu\u2019un qui partage vos m\u00eames int\u00e9r\u00eats. Ils sont \u00e9galement anonymes, ce qui signifie que vous pouvez parcourir les profils sans avoir \u00e0 r\u00e9v\u00e9ler quoi que ce soit sur vous-m\u00eame.<\/p>\n<p>Il existe des tonnes d\u2019options, mais nous avons r\u00e9duit notre liste \u00e0 10 excellents endroits o\u00f9 vous pouvez trouver des rencontres occasionnelles. Que vous recherchiez quelque chose de s\u00e9rieux ou que vous souhaitiez simplement essayer quelque chose de diff\u00e9rent, voici les meilleurs sites et applications de connexion pour trouver du sexe occasionnel.<\/p>\n<h2>Cherchez-vous \u00e0 vous faire poser?<\/h2>\n<p>Il existe de nombreuses options pour trouver des rencontres occasionnelles en ligne, qu\u2019il s\u2019agisse d\u2019une connexion rapide, d\u2019une relation \u00e0 long terme ou m\u00eame simplement d\u2019une action amusante sans conditions. Mais que se passe-t-il si vous voulez quelque chose de diff\u00e9rent? Et si vous \u00eates \u00e0 la recherche d\u2019une aventure d\u2019un soir ou d\u2019une liaison discr\u00e8te? Si cela ne vous d\u00e9range pas d\u2019\u00eatre franc sur ce que vous cherchez \u00e0 faire, ces dix sites sont s\u00fbrs de faire l\u2019affaire.<\/p>\n<h2>Quelles applications essayer ?<\/h2>\n<p>Tout d\u2019abord, les sites de connexion sont une chose. En fait, ils sont tr\u00e8s courants de nos jours. Et bien que le terme \u00ab&nbsp;connexion&nbsp;\u00bb puisse sembler \u00eatre quelque chose qui ne se produit que derri\u00e8re des portes closes, il se r\u00e9f\u00e8re en fait \u00e0 tout ce qui se passe en dehors d\u2019une relation engag\u00e9e. Vous pouvez le consid\u00e9rer comme un moyen de trouver quelqu\u2019un \u00e0 sortir avec d\u00e9sinvolture.<\/p>\n<p>Il existe de nombreux types de sites de rencontres, allant de ceux qui se concentrent uniquement sur le sexe \u00e0 ceux qui s\u2019adressent aux deux sexes. Il y en a m\u00eame qui sont sp\u00e9cialement con\u00e7us pour les gays ou pour les kinks<\/p>\n<p>Nous entendons parler des connexions depuis un certain temps maintenant, mais nous n\u2019avons jamais vraiment su ce que cela signifiait exactement. Eh bien, aujourd\u2019hui, nous sommes ici pour vous dire tout ce qu\u2019il y a \u00e0 savoir sur les sites de connexion.<\/p>\n<h3>Ashley Madison &#8211; Le hub des tricheurs<\/h3>\n<p>Si vous recherchez la tricherie, consultez Ashley Madison. Ce site est sp\u00e9cialement con\u00e7u pour les personnes mari\u00e9es qui recherchent des affaires. Si vous \u00eates pr\u00eat \u00e0 creuser un peu, vous trouverez beaucoup d\u2019hommes et de femmes c\u00e9libataires sexy qui sont ouverts \u00e0 des relations discr\u00e8tes.<\/p>\n<p>AshleyMadison.com est une bouff\u00e9e d\u2019air frais en ligne pour ceux qui recherchent l\u2019amour, la romance ou tout simplement un peu de plaisir. Avec plus de 50 millions de membres dans le monde, AshleyMadison.com est le plus grand site personnel pour adultes au monde. Que vous recherchiez des rencontres occasionnelles, une relation s\u00e9rieuse ou m\u00eame un mariage, il y a beaucoup de gens qui attendent de vous rencontrer.<\/p>\n<p><img loading=\"lazy\" class=\"aligncenter wp-image-76\" src=\"http:\/\/thehottieandthenottie.com\/wp-content\/uploads\/2022\/09\/online-hookups-1024x683.jpeg\" alt=\"\" width=\"517\" height=\"345\" srcset=\"http:\/\/thehottieandthenottie.com\/wp-content\/uploads\/2022\/09\/online-hookups-1024x683.jpeg 1024w, http:\/\/thehottieandthenottie.com\/wp-content\/uploads\/2022\/09\/online-hookups-300x200.jpeg 300w, http:\/\/thehottieandthenottie.com\/wp-content\/uploads\/2022\/09\/online-hookups-768x512.jpeg 768w, http:\/\/thehottieandthenottie.com\/wp-content\/uploads\/2022\/09\/online-hookups.jpeg 1125w\" sizes=\"(max-width: 517px) 100vw, 517px\" \/><\/p>\n<h3>AdultFriendFinder &#8211; Une plate-forme de connexion de confiance<\/h3>\n<p>Avec plus de trois millions de membres dans le monde, AFF offre de nombreuses fa\u00e7ons de se connecter avec les autres. Vous pouvez utiliser la messagerie texte, le chat vid\u00e9o par webcam ou m\u00eame rejoindre une r\u00e9union de groupe pour r\u00e9pondre \u00e0 vos besoins sexuels.<\/p>\n<p>Adult Friend Finder (AFF), l\u2019un des sites pour adultes les plus populaires pour les couples \u00e9changistes et les \u00e9changistes, offre un environnement s\u00fbr o\u00f9 les gens peuvent rencontrer d\u2019autres personnes int\u00e9ress\u00e9es par les activit\u00e9s d\u2019\u00e9changisme, telles que le sexe en groupe, les trios et les quatuors. Les \u00e9changistes sont encourag\u00e9s \u00e0 publier des photos et des vid\u00e9os d\u2019eux-m\u00eames en action, et toute autre personne qui veut voir ce que c\u2019est peut s\u2019inscrire pour devenir membre.<\/p>\n<p>Le site comprend une grande base de donn\u00e9es de membres actifs, dont beaucoup recherchent des rencontres occasionnelles. Il y a des centaines de milliers de membres, et le nombre continue de cro\u00eetre chaque jour. Les gens utilisent le site pour trouver des partenaires pour tout, des simples aventures d\u2019un soir aux relations \u00e0 long terme.<\/p>\n<h3>Tinder &#8211; Votre option de confiance<\/h3>\n<p>Tinder est l\u2019une des applications de rencontres les plus populaires. Son atmosph\u00e8re d\u00e9contract\u00e9e encourage les conversations coquines, conduisant \u00e0 des correspondances rapides et \u00e0 des rendez-vous encore plus rapides. Les utilisateurs sont encourag\u00e9s \u00e0 glisser vers la gauche s\u2019ils n\u2019aiment pas la photo de quelqu\u2019un; sinon, ils glissent vers la droite. Si les deux parties correspondent, vous verrez les photos de profil et les biographies de l\u2019autre. Vous pouvez \u00e9crire sur vous-m\u00eame et choisir d\u2019inclure ou non une photo de vous-m\u00eame.<\/p>\n<p>La popularit\u00e9 de l\u2019application a explos\u00e9 depuis son lancement en 2012. En 2013, la soci\u00e9t\u00e9 a signal\u00e9 que ses utilisateurs actifs quotidiens \u00e9taient pass\u00e9s \u00e0 environ 5 millions. En 2016, ce nombre est pass\u00e9 \u00e0 15 millions. Aujourd\u2019hui, l\u2019application compte 50 millions d\u2019utilisateurs actifs par mois.<\/p>\n<p>En juin 2017, Tinder a annonc\u00e9 son intention de lancer une version premium de l\u2019application appel\u00e9e \u00ab&nbsp;Tinder Gold&nbsp;\u00bb. Cette version permet aux membres d\u2019envoyer des messages illimit\u00e9s et leur permet de visualiser les profils sans avoir \u00e0 payer.<\/p>\n<h3>69Fuck<\/h3>\n<p>Le monde des rencontres en ligne \u00e9volue rapidement. Gr\u00e2ce au d\u00e9veloppement d\u2019Internet, les gens ont maintenant acc\u00e8s \u00e0 des informations sur des partenaires potentiels litt\u00e9ralement \u00e0 port\u00e9e de main. Cette tendance a conduit \u00e0 l\u2019\u00e9mergence de nombreux types de plateformes de rencontres en ligne. Parmi eux, il y en a un appel\u00e9 69Fuck. Ce site pr\u00e9tend \u00eatre le meilleur site de connexion local. Alors, regardons de plus pr\u00e8s ce qui distingue ce site de la foule.<\/p>\n<p>69Fuck est une plateforme de rencontres en ligne o\u00f9 les membres peuvent trouver une date dans leur ville. Ils disent qu\u2019ils offrent un large \u00e9ventail de villes \u00e0 travers le monde, y compris plus de 30 pays. Leur objectif est d\u2019aider les hommes et les femmes \u00e0 se connecter dans la vie r\u00e9elle. Pour y parvenir, ils fournissent plusieurs outils qui facilitent la rencontre avec quelqu\u2019un. Par exemple, ils permettent aux utilisateurs de t\u00e9l\u00e9charger une photo d\u2019eux-m\u00eames, d\u2019\u00e9crire une courte biographie et de choisir une photo de profil.<\/p>\n<p>De plus, ils vous donnent 24 heures d\u2019adh\u00e9sion gratuite. Apr\u00e8s cela, vous pouvez payer 19 $ par mois pour d\u00e9verrouiller des fonctionnalit\u00e9s suppl\u00e9mentaires telles que la messagerie illimit\u00e9e et les profils de navigation. Vous pouvez annuler \u00e0 tout moment sans rien payer.<\/p>\n<h2>Comment choisir celui qui vous convient?<\/h2>\n<p>Nous savons tous qu\u2019il peut \u00eatre difficile de trouver une date. Et nous savons tous qu\u2019il existe de nombreux types de dates. Mais qu\u2019en est-il de ces moments o\u00f9 vous n\u2019avez tout simplement pas envie de rencontrer quelqu\u2019un? Ou peut-\u00eatre cherchez-vous quelque chose de plus s\u00e9rieux? Eh bien, vous \u00eates au bon endroit. Nous avons compil\u00e9 quelques informations sur les meilleurs sites de connexion sur Internet aujourd\u2019hui.<\/p>\n<p>Le site est absolument gratuit et offre un acc\u00e8s aux femmes et aux hommes c\u00e9libataires. Vous trouverez tout ici &#8211; des chats webcam en direct aux salles de chat vid\u00e9o o\u00f9 vous pouvez rencontrer des c\u00e9libataires locaux. Il n\u2019y a pas de frais cach\u00e9s ou de frais quels qu\u2019ils soient. En fait, si vous d\u00e9cidez de passer \u00e0 un abonnement premium, vous recevrez encore plus de fonctionnalit\u00e9s et d\u2019avantages.<\/p>\n<p>Vous pouvez choisir si vous pr\u00e9f\u00e9rez utiliser des applications mobiles ou des navigateurs de bureau. Si vous optez pour ce dernier, vous pouvez profiter de la commodit\u00e9 de pouvoir vous connecter \u00e0 tout moment et n\u2019importe o\u00f9. Tout ce que vous avez \u00e0 faire est de vous inscrire et de commencer \u00e0 naviguer!<\/p>\n<p>Une fois que vous avez trouv\u00e9 le profil de la personne que vous souhaitez rencontrer, vous pouvez lui envoyer des messages directement. De cette fa\u00e7on, vous ne perdrez pas de temps \u00e0 essayer de comprendre comment contacter la personne. Il suffit d\u2019\u00e9crire une courte note et de cliquer sur \u00ab&nbsp;envoyer&nbsp;\u00bb.<\/p>\n<p>Si vous souhaitez discuter avec d\u2019autres personnes, vous pouvez rejoindre des groupes publics, des salons de discussion priv\u00e9s ou m\u00eame acc\u00e9der directement \u00e0 des sessions de webcam en direct. Ces options sont parfaites pour ceux qui veulent se faire des amis tout en s\u2019amusant.<\/p>\n","protected":false},"excerpt":{"rendered":"<p>Beaucoup de gens se tournent vers des sites de rencontres gratuits et des applications de connexion pour trouver des partenaires sexuels occasionnels. Ces sites et applications permettent de rencontrer facilement et \u00e0 moindre co\u00fbt quelqu\u2019un qui partage vos m\u00eames int\u00e9r\u00eats. Ils sont \u00e9galement anonymes, ce qui signifie que vous pouvez parcourir les profils sans avoir &#8230; <a title=\"Femmes excit\u00e9es \u00e0 la recherche de sexe &#8211; Rencontres occasionnelles\" class=\"read-more\" href=\"http:\/\/thehottieandthenottie.com\/fr\/\" aria-label=\"En savoir plus sur Femmes excit\u00e9es \u00e0 la recherche de sexe &#8211; Rencontres occasionnelles\">Lire la suite<\/a><\/p>\n","protected":false},"author":1,"featured_media":0,"parent":0,"menu_order":0,"comment_status":"closed","ping_status":"closed","template":"","meta":[],"yoast_head":"<!-- This site is optimized with the Yoast SEO plugin v17.7.1 - https:\/\/yoast.com\/wordpress\/plugins\/seo\/ -->\n<title>Femmes excit\u00e9es \u00e0 la recherche de sexe - Rencontres occasionnelles - Hotties \u00e0 proximit\u00e9<\/title>\n<meta name=\"description\" content=\"META Description\" \/>\n<meta name=\"robots\" content=\"index, follow, max-snippet:-1, max-image-preview:large, max-video-preview:-1\" \/>\n<link rel=\"canonical\" href=\"http:\/\/thehottieandthenottie.com\/fr\/\" \/>\n<meta property=\"og:locale\" content=\"fr_FR\" \/>\n<meta property=\"og:type\" content=\"article\" \/>\n<meta property=\"og:title\" content=\"Femmes excit\u00e9es \u00e0 la recherche de sexe - Rencontres occasionnelles - Hotties \u00e0 proximit\u00e9\" \/>\n<meta property=\"og:description\" content=\"META Description\" \/>\n<meta property=\"og:url\" content=\"http:\/\/thehottieandthenottie.com\/fr\/\" \/>\n<meta property=\"og:site_name\" content=\"Hotties \u00e0 proximit\u00e9\" \/>\n<meta property=\"og:image\" content=\"http:\/\/thehottieandthenottie.com\/wp-content\/uploads\/2022\/09\/real-dating-apps-1024x683.jpeg\" \/>\n<meta name=\"twitter:card\" content=\"summary_large_image\" \/>\n<meta name=\"twitter:label1\" content=\"Dur\u00e9e de lecture estim\u00e9e\" \/>\n\t<meta name=\"twitter:data1\" content=\"7 minutes\" \/>\n<script type=\"application\/ld+json\" class=\"yoast-schema-graph\">{\"@context\":\"https:\/\/schema.org\",\"@graph\":[{\"@type\":\"WebSite\",\"@id\":\"https:\/\/thehottieandthenottie.com\/#website\",\"url\":\"https:\/\/thehottieandthenottie.com\/\",\"name\":\"Hotties \\u00e0 proximit\\u00e9\",\"description\":\"Rencontrez des femmes dans votre r\\u00e9gion\",\"potentialAction\":[{\"@type\":\"SearchAction\",\"target\":{\"@type\":\"EntryPoint\",\"urlTemplate\":\"https:\/\/thehottieandthenottie.com\/?s={search_term_string}\"},\"query-input\":\"required name=search_term_string\"}],\"inLanguage\":\"fr-FR\"},{\"@type\":\"ImageObject\",\"@id\":\"http:\/\/thehottieandthenottie.com\/fr\/#primaryimage\",\"inLanguage\":\"fr-FR\",\"url\":\"http:\/\/thehottieandthenottie.com\/wp-content\/uploads\/2022\/09\/real-dating-apps.jpeg\",\"contentUrl\":\"http:\/\/thehottieandthenottie.com\/wp-content\/uploads\/2022\/09\/real-dating-apps.jpeg\",\"width\":1125,\"height\":750},{\"@type\":\"WebPage\",\"@id\":\"http:\/\/thehottieandthenottie.com\/fr\/#webpage\",\"url\":\"http:\/\/thehottieandthenottie.com\/fr\/\",\"name\":\"Femmes excit\\u00e9es \\u00e0 la recherche de sexe - Rencontres occasionnelles - Hotties \\u00e0 proximit\\u00e9\",\"isPartOf\":{\"@id\":\"https:\/\/thehottieandthenottie.com\/#website\"},\"primaryImageOfPage\":{\"@id\":\"http:\/\/thehottieandthenottie.com\/fr\/#primaryimage\"},\"datePublished\":\"2022-09-09T09:59:01+00:00\",\"dateModified\":\"2022-09-09T09:59:01+00:00\",\"description\":\"META Description\",\"breadcrumb\":{\"@id\":\"http:\/\/thehottieandthenottie.com\/fr\/#breadcrumb\"},\"inLanguage\":\"fr-FR\",\"potentialAction\":[{\"@type\":\"ReadAction\",\"target\":[\"http:\/\/thehottieandthenottie.com\/fr\/\"]}]},{\"@type\":\"BreadcrumbList\",\"@id\":\"http:\/\/thehottieandthenottie.com\/fr\/#breadcrumb\",\"itemListElement\":[{\"@type\":\"ListItem\",\"position\":1,\"name\":\"Home\",\"item\":\"http:\/\/thehottieandthenottie.com\/fr\/\"},{\"@type\":\"ListItem\",\"position\":2,\"name\":\"Femmes excit\\u00e9es \\u00e0 la recherche de sexe &#8211; Rencontres occasionnelles\"}]}]}<\/script>\n<!-- \/ Yoast SEO plugin. -->","yoast_head_json":{"title":"Femmes excit\u00e9es \u00e0 la recherche de sexe - Rencontres occasionnelles - Hotties \u00e0 proximit\u00e9","description":"META Description","robots":{"index":"index","follow":"follow","max-snippet":"max-snippet:-1","max-image-preview":"max-image-preview:large","max-video-preview":"max-video-preview:-1"},"canonical":"http:\/\/thehottieandthenottie.com\/fr\/","og_locale":"fr_FR","og_type":"article","og_title":"Femmes excit\u00e9es \u00e0 la recherche de sexe - Rencontres occasionnelles - Hotties \u00e0 proximit\u00e9","og_description":"META Description","og_url":"http:\/\/thehottieandthenottie.com\/fr\/","og_site_name":"Hotties \u00e0 proximit\u00e9","og_image":[{"url":"http:\/\/thehottieandthenottie.com\/wp-content\/uploads\/2022\/09\/real-dating-apps-1024x683.jpeg"}],"twitter_card":"summary_large_image","twitter_misc":{"Dur\u00e9e de lecture estim\u00e9e":"7 minutes"},"schema":{"@context":"https:\/\/schema.org","@graph":[{"@type":"WebSite","@id":"https:\/\/thehottieandthenottie.com\/#website","url":"https:\/\/thehottieandthenottie.com\/","name":"Hotties \u00e0 proximit\u00e9","description":"Rencontrez des femmes dans votre r\u00e9gion","potentialAction":[{"@type":"SearchAction","target":{"@type":"EntryPoint","urlTemplate":"https:\/\/thehottieandthenottie.com\/?s={search_term_string}"},"query-input":"required name=search_term_string"}],"inLanguage":"fr-FR"},{"@type":"ImageObject","@id":"http:\/\/thehottieandthenottie.com\/fr\/#primaryimage","inLanguage":"fr-FR","url":"http:\/\/thehottieandthenottie.com\/wp-content\/uploads\/2022\/09\/real-dating-apps.jpeg","contentUrl":"http:\/\/thehottieandthenottie.com\/wp-content\/uploads\/2022\/09\/real-dating-apps.jpeg","width":1125,"height":750},{"@type":"WebPage","@id":"http:\/\/thehottieandthenottie.com\/fr\/#webpage","url":"http:\/\/thehottieandthenottie.com\/fr\/","name":"Femmes excit\u00e9es \u00e0 la recherche de sexe - Rencontres occasionnelles - Hotties \u00e0 proximit\u00e9","isPartOf":{"@id":"https:\/\/thehottieandthenottie.com\/#website"},"primaryImageOfPage":{"@id":"http:\/\/thehottieandthenottie.com\/fr\/#primaryimage"},"datePublished":"2022-09-09T09:59:01+00:00","dateModified":"2022-09-09T09:59:01+00:00","description":"META Description","breadcrumb":{"@id":"http:\/\/thehottieandthenottie.com\/fr\/#breadcrumb"},"inLanguage":"fr-FR","potentialAction":[{"@type":"ReadAction","target":["http:\/\/thehottieandthenottie.com\/fr\/"]}]},{"@type":"BreadcrumbList","@id":"http:\/\/thehottieandthenottie.com\/fr\/#breadcrumb","itemListElement":[{"@type":"ListItem","position":1,"name":"Home","item":"http:\/\/thehottieandthenottie.com\/fr\/"},{"@type":"ListItem","position":2,"name":"Femmes excit\u00e9es \u00e0 la recherche de sexe &#8211; Rencontres occasionnelles"}]}]}},"_links":{"self":[{"href":"http:\/\/thehottieandthenottie.com\/fr\/wp-json\/wp\/v2\/pages\/310"}],"collection":[{"href":"http:\/\/thehottieandthenottie.com\/fr\/wp-json\/wp\/v2\/pages"}],"about":[{"href":"http:\/\/thehottieandthenottie.com\/fr\/wp-json\/wp\/v2\/types\/page"}],"author":[{"embeddable":true,"href":"http:\/\/thehottieandthenottie.com\/fr\/wp-json\/wp\/v2\/users\/1"}],"replies":[{"embeddable":true,"href":"http:\/\/thehottieandthenottie.com\/fr\/wp-json\/wp\/v2\/comments?post=310"}],"version-history":[{"count":0,"href":"http:\/\/thehottieandthenottie.com\/fr\/wp-json\/wp\/v2\/pages\/310\/revisions"}],"wp:attachment":[{"href":"http:\/\/thehottieandthenottie.com\/fr\/wp-json\/wp\/v2\/media?parent=310"}],"curies":[{"name":"wp","href":"https:\/\/api.w.org\/{rel}","templated":true}]}}