{"id":553,"date":"2022-09-30T12:57:19","date_gmt":"2022-09-30T11:57:19","guid":{"rendered":"http:\/\/thehottieandthenottie.com\/sites-echangistes\/"},"modified":"2022-09-30T12:57:19","modified_gmt":"2022-09-30T11:57:19","slug":"sites-echangistes","status":"publish","type":"page","link":"http:\/\/thehottieandthenottie.com\/fr\/sites-echangistes\/","title":{"rendered":"Sites \u00e9changistes"},"content":{"rendered":"<p>Il existe de nombreux sites \u00e9changistes locaux que vous pouvez utiliser pour vous connecter avec les gens de votre r\u00e9gion. Ces sites sont un excellent moyen de rencontrer de nouvelles personnes et d\u2019explorer vos limites sexuelles. Vous pouvez utiliser ces sites pour trouver des gens qui sont dans les m\u00eames choses que vous, et qui sont \u00e0 la recherche d\u2019un bon moment. Vous pouvez \u00e9galement utiliser ces sites pour trouver des personnes qui recherchent une relation s\u00e9rieuse. Si vous \u00eates \u00e0 la recherche d\u2019une connexion, alors vous devriez certainement consulter certains des sites \u00e9changistes locaux.<\/p>\n<p>Il existe une vari\u00e9t\u00e9 de sites \u00e9changistes disponibles en ligne et ils s\u2019adressent \u00e0 diff\u00e9rents publics. Certains sites \u00e9changistes sont destin\u00e9s aux couples qui recherchent d\u2019autres couples avec lesquels se balancer, tandis que d\u2019autres sont destin\u00e9s aux c\u00e9libataires qui souhaitent rencontrer d\u2019autres c\u00e9libataires \u00e0 des fins d\u2019\u00e9changisme. Les sites \u00e9changistes ont g\u00e9n\u00e9ralement un large \u00e9ventail de fonctionnalit\u00e9s et d\u2019options dont les utilisateurs peuvent profiter, et ils fournissent un environnement s\u00fbr et s\u00e9curis\u00e9 permettant aux gens de se connecter et d\u2019explorer leurs int\u00e9r\u00eats sexuels.<\/p>\n<h2>Sites Web de connexion Swingers<\/h2>\n<p>Il y a quelque chose dans le <a href=\"http:\/\/thehottieandthenottie.com\/fr\/petites-annonces-gratuites-pour-adultes\/\">frisson de se connecter avec un \u00e9tranger<\/a> qui ne peut tout simplement pas \u00eatre battu. Et si vous \u00eates \u00e0 la recherche de l\u2019amour, les connexions \u00e9changistes sont la solution id\u00e9ale. Vous pouvez rencontrer de nouvelles personnes, explorer de nouvelles exp\u00e9riences sexuelles et vous amuser dans le processus. De plus, vous ne savez jamais o\u00f9 vous pourriez trouver votre partenaire parfait. Donc, si vous \u00eates pr\u00eat \u00e0 pimenter votre vie amoureuse, les rencontres \u00e9changistes sont la voie \u00e0 suivre.<\/p>\n<p>Si vous cherchez \u00e0 ajouter un peu de piquant \u00e0 votre vie amoureuse, alors vous voudrez peut-\u00eatre consulter un site \u00e9changiste local. Les sites \u00e9changistes sont un excellent moyen de rencontrer de nouvelles personnes qui partagent vos m\u00eames int\u00e9r\u00eats. Vous pouvez parcourir les profils et trouver des personnes dans votre r\u00e9gion qui sont int\u00e9ress\u00e9es par les m\u00eames choses que vous. De plus, vous pouvez discuter avec d\u2019autres membres et apprendre \u00e0 les conna\u00eetre avant de vous rencontrer en personne. Les sites \u00e9changistes sont un excellent moyen de s\u2019amuser et de rencontrer de nouvelles personnes.<\/p>\n<h3>SimpleFlrts<\/h3>\n<p>Si vous recherchez un site \u00e9changiste local, SimpleFlirts est une excellente option. Le site dispose d\u2019une grande base de donn\u00e9es de membres, vous \u00eates donc s\u00fbr de trouver quelqu\u2019un dans votre r\u00e9gion. La fonction de recherche est facile \u00e0 utiliser et vous pouvez filtrer vos r\u00e9sultats par \u00e2ge, emplacement et centres d\u2019int\u00e9r\u00eat. Le syst\u00e8me de messagerie est simple et facile \u00e0 utiliser, et vous pouvez \u00e9galement envoyer des photos et des vid\u00e9os. Le site dispose \u00e9galement d\u2019une application mobile, de sorte que vous pouvez acc\u00e9der \u00e0 votre compte en d\u00e9placement. Le seul inconv\u00e9nient est que le site n\u2019a pas beaucoup de cloches et de sifflets &#8211; mais il est parfait pour trouver des \u00e9changistes locaux.<\/p>\n<h3>SextFun<\/h3>\n<p>SextFun est une application de rencontres qui connecte les \u00e9changistes locaux les uns aux autres. L\u2019application est gratuite \u00e0 t\u00e9l\u00e9charger et \u00e0 utiliser, et elle offre une vari\u00e9t\u00e9 de fonctionnalit\u00e9s qui facilitent la connexion avec d\u2019autres \u00e9changistes de votre r\u00e9gion. SextFun offre \u00e9galement une vari\u00e9t\u00e9 de fonctionnalit\u00e9s qui facilitent la recherche et la connexion avec d\u2019autres \u00e9changistes locaux. L\u2019application est disponible pour iOS et Android, et c\u2019est un excellent moyen de rencontrer d\u2019autres \u00e9changistes locaux dans votre r\u00e9gion.<\/p>\n<h3>Affaires chaudes<\/h3>\n<p>HeatedAffairs est l\u2019une des applications de rencontres les plus populaires pour les \u00e9changistes locaux. L\u2019application a \u00e9t\u00e9 con\u00e7ue pour aider les couples \u00e0 se connecter avec d\u2019autres couples de leur r\u00e9gion pour le plaisir et l\u2019excitation. L\u2019application est gratuite \u00e0 t\u00e9l\u00e9charger et \u00e0 utiliser, et elle offre un large \u00e9ventail de fonctionnalit\u00e9s pour aider les couples \u00e0 se connecter les uns aux autres. L\u2019application comprend \u00e9galement un syst\u00e8me de messagerie afin que les couples puissent discuter et flirter les uns avec les autres.<\/p>\n","protected":false},"excerpt":{"rendered":"<p>Il existe de nombreux sites \u00e9changistes locaux que vous pouvez utiliser pour vous connecter avec les gens de votre r\u00e9gion. Ces sites sont un excellent moyen de rencontrer de nouvelles personnes et d\u2019explorer vos limites sexuelles. Vous pouvez utiliser ces sites pour trouver des gens qui sont dans les m\u00eames choses que vous, et qui &#8230; <a title=\"Sites \u00e9changistes\" class=\"read-more\" href=\"http:\/\/thehottieandthenottie.com\/fr\/sites-echangistes\/\" aria-label=\"En savoir plus sur Sites \u00e9changistes\">Lire la suite<\/a><\/p>\n","protected":false},"author":1,"featured_media":0,"parent":0,"menu_order":0,"comment_status":"closed","ping_status":"closed","template":"","meta":[],"yoast_head":"<!-- This site is optimized with the Yoast SEO plugin v17.7.1 - https:\/\/yoast.com\/wordpress\/plugins\/seo\/ -->\n<title>Sites \u00e9changistes - Hotties \u00e0 proximit\u00e9<\/title>\n<meta name=\"robots\" content=\"index, follow, max-snippet:-1, max-image-preview:large, max-video-preview:-1\" \/>\n<link rel=\"canonical\" href=\"http:\/\/thehottieandthenottie.com\/fr\/sites-echangistes\/\" \/>\n<meta property=\"og:locale\" content=\"fr_FR\" \/>\n<meta property=\"og:type\" content=\"article\" \/>\n<meta property=\"og:title\" content=\"Sites \u00e9changistes - Hotties \u00e0 proximit\u00e9\" \/>\n<meta property=\"og:description\" content=\"Il existe de nombreux sites \u00e9changistes locaux que vous pouvez utiliser pour vous connecter avec les gens de votre r\u00e9gion. Ces sites sont un excellent moyen de rencontrer de nouvelles personnes et d\u2019explorer vos limites sexuelles. Vous pouvez utiliser ces sites pour trouver des gens qui sont dans les m\u00eames choses que vous, et qui ... Lire la suite\" \/>\n<meta property=\"og:url\" content=\"http:\/\/thehottieandthenottie.com\/fr\/sites-echangistes\/\" \/>\n<meta property=\"og:site_name\" content=\"Hotties \u00e0 proximit\u00e9\" \/>\n<meta name=\"twitter:card\" content=\"summary_large_image\" \/>\n<meta name=\"twitter:label1\" content=\"Dur\u00e9e de lecture estim\u00e9e\" \/>\n\t<meta name=\"twitter:data1\" content=\"4 minutes\" \/>\n<script type=\"application\/ld+json\" class=\"yoast-schema-graph\">{\"@context\":\"https:\/\/schema.org\",\"@graph\":[{\"@type\":\"WebSite\",\"@id\":\"https:\/\/thehottieandthenottie.com\/#website\",\"url\":\"https:\/\/thehottieandthenottie.com\/\",\"name\":\"Hotties \\u00e0 proximit\\u00e9\",\"description\":\"Rencontrez des femmes dans votre r\\u00e9gion\",\"potentialAction\":[{\"@type\":\"SearchAction\",\"target\":{\"@type\":\"EntryPoint\",\"urlTemplate\":\"https:\/\/thehottieandthenottie.com\/?s={search_term_string}\"},\"query-input\":\"required name=search_term_string\"}],\"inLanguage\":\"fr-FR\"},{\"@type\":\"WebPage\",\"@id\":\"http:\/\/thehottieandthenottie.com\/fr\/sites-echangistes\/#webpage\",\"url\":\"http:\/\/thehottieandthenottie.com\/fr\/sites-echangistes\/\",\"name\":\"Sites \\u00e9changistes - Hotties \\u00e0 proximit\\u00e9\",\"isPartOf\":{\"@id\":\"https:\/\/thehottieandthenottie.com\/#website\"},\"datePublished\":\"2022-09-30T11:57:19+00:00\",\"dateModified\":\"2022-09-30T11:57:19+00:00\",\"breadcrumb\":{\"@id\":\"http:\/\/thehottieandthenottie.com\/fr\/sites-echangistes\/#breadcrumb\"},\"inLanguage\":\"fr-FR\",\"potentialAction\":[{\"@type\":\"ReadAction\",\"target\":[\"http:\/\/thehottieandthenottie.com\/fr\/sites-echangistes\/\"]}]},{\"@type\":\"BreadcrumbList\",\"@id\":\"http:\/\/thehottieandthenottie.com\/fr\/sites-echangistes\/#breadcrumb\",\"itemListElement\":[{\"@type\":\"ListItem\",\"position\":1,\"name\":\"Home\",\"item\":\"http:\/\/thehottieandthenottie.com\/fr\/\"},{\"@type\":\"ListItem\",\"position\":2,\"name\":\"Sites \\u00e9changistes\"}]}]}<\/script>\n<!-- \/ Yoast SEO plugin. -->","yoast_head_json":{"title":"Sites \u00e9changistes - Hotties \u00e0 proximit\u00e9","robots":{"index":"index","follow":"follow","max-snippet":"max-snippet:-1","max-image-preview":"max-image-preview:large","max-video-preview":"max-video-preview:-1"},"canonical":"http:\/\/thehottieandthenottie.com\/fr\/sites-echangistes\/","og_locale":"fr_FR","og_type":"article","og_title":"Sites \u00e9changistes - Hotties \u00e0 proximit\u00e9","og_description":"Il existe de nombreux sites \u00e9changistes locaux que vous pouvez utiliser pour vous connecter avec les gens de votre r\u00e9gion. Ces sites sont un excellent moyen de rencontrer de nouvelles personnes et d\u2019explorer vos limites sexuelles. Vous pouvez utiliser ces sites pour trouver des gens qui sont dans les m\u00eames choses que vous, et qui ... Lire la suite","og_url":"http:\/\/thehottieandthenottie.com\/fr\/sites-echangistes\/","og_site_name":"Hotties \u00e0 proximit\u00e9","twitter_card":"summary_large_image","twitter_misc":{"Dur\u00e9e de lecture estim\u00e9e":"4 minutes"},"schema":{"@context":"https:\/\/schema.org","@graph":[{"@type":"WebSite","@id":"https:\/\/thehottieandthenottie.com\/#website","url":"https:\/\/thehottieandthenottie.com\/","name":"Hotties \u00e0 proximit\u00e9","description":"Rencontrez des femmes dans votre r\u00e9gion","potentialAction":[{"@type":"SearchAction","target":{"@type":"EntryPoint","urlTemplate":"https:\/\/thehottieandthenottie.com\/?s={search_term_string}"},"query-input":"required name=search_term_string"}],"inLanguage":"fr-FR"},{"@type":"WebPage","@id":"http:\/\/thehottieandthenottie.com\/fr\/sites-echangistes\/#webpage","url":"http:\/\/thehottieandthenottie.com\/fr\/sites-echangistes\/","name":"Sites \u00e9changistes - Hotties \u00e0 proximit\u00e9","isPartOf":{"@id":"https:\/\/thehottieandthenottie.com\/#website"},"datePublished":"2022-09-30T11:57:19+00:00","dateModified":"2022-09-30T11:57:19+00:00","breadcrumb":{"@id":"http:\/\/thehottieandthenottie.com\/fr\/sites-echangistes\/#breadcrumb"},"inLanguage":"fr-FR","potentialAction":[{"@type":"ReadAction","target":["http:\/\/thehottieandthenottie.com\/fr\/sites-echangistes\/"]}]},{"@type":"BreadcrumbList","@id":"http:\/\/thehottieandthenottie.com\/fr\/sites-echangistes\/#breadcrumb","itemListElement":[{"@type":"ListItem","position":1,"name":"Home","item":"http:\/\/thehottieandthenottie.com\/fr\/"},{"@type":"ListItem","position":2,"name":"Sites \u00e9changistes"}]}]}},"_links":{"self":[{"href":"http:\/\/thehottieandthenottie.com\/fr\/wp-json\/wp\/v2\/pages\/553"}],"collection":[{"href":"http:\/\/thehottieandthenottie.com\/fr\/wp-json\/wp\/v2\/pages"}],"about":[{"href":"http:\/\/thehottieandthenottie.com\/fr\/wp-json\/wp\/v2\/types\/page"}],"author":[{"embeddable":true,"href":"http:\/\/thehottieandthenottie.com\/fr\/wp-json\/wp\/v2\/users\/1"}],"replies":[{"embeddable":true,"href":"http:\/\/thehottieandthenottie.com\/fr\/wp-json\/wp\/v2\/comments?post=553"}],"version-history":[{"count":0,"href":"http:\/\/thehottieandthenottie.com\/fr\/wp-json\/wp\/v2\/pages\/553\/revisions"}],"wp:attachment":[{"href":"http:\/\/thehottieandthenottie.com\/fr\/wp-json\/wp\/v2\/media?parent=553"}],"curies":[{"name":"wp","href":"https:\/\/api.w.org\/{rel}","templated":true}]}}