{"id":565,"date":"2022-09-30T12:56:42","date_gmt":"2022-09-30T11:56:42","guid":{"rendered":"http:\/\/thehottieandthenottie.com\/petites-annonces-gratuites-pour-adultes\/"},"modified":"2022-09-30T12:56:42","modified_gmt":"2022-09-30T11:56:42","slug":"petites-annonces-gratuites-pour-adultes","status":"publish","type":"page","link":"http:\/\/thehottieandthenottie.com\/fr\/petites-annonces-gratuites-pour-adultes\/","title":{"rendered":"Petites annonces gratuites pour adultes"},"content":{"rendered":"<p>Il n\u2019est pas n\u00e9cessaire d\u2019aller dans un bar ou un club pour ramasser par rapport \u00e0 lorsque vous utilisez des personnes adultes locales. Tout ce que vous avez \u00e0 faire est de publier une annonce personnelle en ligne et vous pouvez vous connecter avec quelqu\u2019un de votre r\u00e9gion sans m\u00eame quitter votre maison. Vous pouvez \u00eatre aussi pr\u00e9cis que vous le souhaitez dans votre annonce afin d\u2019attirer uniquement les personnes qui recherchent la m\u00eame chose que vous. Gardez \u00e0 l\u2019esprit que tout le monde ne cherche pas une aventure d\u2019un soir, donc si c\u2019est tout ce que vous recherchez, vous pourriez avoir plus de chance ailleurs.<\/p>\n<h2>Personnels sexuels locaux<\/h2>\n<p>Il y a beaucoup de gens qui utilisent des personnalit\u00e9s sexuelles lorsqu\u2019ils recherchent un rendez-vous. C\u2019est parce qu\u2019ils peuvent \u00eatre tr\u00e8s pr\u00e9cis sur ce qu\u2019ils recherchent et ils peuvent trouver des gens qui recherchent la m\u00eame chose. Il y a aussi beaucoup de gens qui utilisent des personnalit\u00e9s sexuelles pour trouver quelqu\u2019un avec qui avoir une rencontre occasionnelle. C\u2019est parce qu\u2019il est beaucoup plus facile de trouver quelqu\u2019un qui cherche la m\u00eame chose lorsque vous utilisez un site de personnel sexuel. Il existe de nombreux sites web de petites annonces pour adultes qui s\u2019adressent \u00e0 ceux qui recherchent l\u2019amour. Ces sites Web offrent une vari\u00e9t\u00e9 de services qui peuvent vous aider \u00e0 trouver la correspondance parfaite. Ils peuvent \u00e9galement vous fournir des astuces et des conseils sur la fa\u00e7on de tirer le meilleur parti de votre relation. La plupart de ces sites Web sont gratuits, vous pouvez donc les parcourir \u00e0 votre guise.<\/p>\n<h2>Annonces sexuelles gratuites<\/h2>\n<p>Il y a eu une augmentation r\u00e9cente des <a href=\"http:\/\/thehottieandthenottie.com\/fuck-someone-near-you\/\">annonces sexuelles locales<\/a> dans le monde des rencontres. Cela est probablement d\u00fb au fait que les gens se sentent plus \u00e0 l\u2019aise avec leur sexualit\u00e9 et sont plus ouverts \u00e0 l\u2019exploration de leurs options. Ces annonces peuvent \u00eatre un excellent moyen de communiquer avec quelqu\u2019un qui partage vos int\u00e9r\u00eats et vos d\u00e9sirs. Ils peuvent \u00e9galement \u00eatre un excellent moyen de trouver quelqu\u2019un qui cherche quelque chose d\u2019un peu plus d\u00e9contract\u00e9. Si vous souhaitez explorer vos options, consulter les annonces sexuelles locales peut \u00eatre un excellent point de d\u00e9part. Assurez-vous simplement d\u2019\u00eatre s\u00fbr et honn\u00eate sur ce que vous recherchez.<\/p>\n<h3>DoubleList<\/h3>\n<p>DoubleList est une nouvelle application de rencontres qui a fait beaucoup de buzz ces derniers temps. L\u2019application est con\u00e7ue pour vous aider \u00e0 trouver des c\u00e9libataires adultes locaux \u00e0 ce jour et \u00e0 vous connecter. L\u2019application est gratuite \u00e0 t\u00e9l\u00e9charger et \u00e0 utiliser, et elle est disponible pour les appareils iOS et Android. L\u2019application DoubleList est tr\u00e8s conviviale et facile \u00e0 naviguer. Vous pouvez parcourir les profils des c\u00e9libataires locaux de votre r\u00e9gion et afficher leurs photos et informations. Lorsque vous trouvez quelqu\u2019un qui vous int\u00e9resse, vous pouvez lui envoyer un message et commencer \u00e0 discuter. L\u2019application dispose \u00e9galement d\u2019un syst\u00e8me de chat int\u00e9gr\u00e9 afin que vous puissiez discuter avec vos matchs en temps r\u00e9el. L\u2019application DoubleList est un excellent moyen de rencontrer des c\u00e9libataires locaux pour des rencontres et des rencontres.<\/p>\n<h3>Badoo<\/h3>\n<p>Badoo est une application de rencontres qui gagne en popularit\u00e9 parmi les adultes qui recherchent des rencontres locales. L\u2019application est gratuite \u00e0 t\u00e9l\u00e9charger et \u00e0 utiliser, et elle offre une vari\u00e9t\u00e9 de fonctionnalit\u00e9s qui facilitent la connexion avec des correspondances potentielles dans votre r\u00e9gion. Badoo a \u00e9galement une politique de confidentialit\u00e9 forte, et c\u2019est l\u2019une des rares applications de rencontres qui vous permettent de contr\u00f4ler qui peut voir votre profil. Dans l\u2019ensemble, Badoo est une excellente option pour les adultes qui recherchent une application de connexion facile \u00e0 utiliser et dot\u00e9e d\u2019une politique de confidentialit\u00e9 stricte.<\/p>\n<h3>Alt.com<\/h3>\n<p>Alt.com est une application locale de rencontres personnelles pour adultes qui a fait beaucoup de bruit ces derniers temps. L\u2019application est t\u00e9l\u00e9chargeable gratuitement et promet de vous aider \u00e0 trouver des adultes locaux avec qui vous connecter. Mais est-il \u00e0 la hauteur du battage m\u00e9diatique?<\/p>\n<p>J\u2019ai d\u00e9cid\u00e9 d\u2019essayer Alt.com et de voir par moi-m\u00eame. Le processus d\u2019inscription a \u00e9t\u00e9 rapide et facile, et j\u2019ai rapidement parcouru les profils d\u2019adultes locaux. J\u2019ai \u00e9t\u00e9 surpris de voir combien il y en avait! J\u2019ai trouv\u00e9 quelques correspondances potentielles et j\u2019ai discut\u00e9 avec eux pendant un certain temps.<\/p>\n<p>Dans l\u2019ensemble, j\u2019ai \u00e9t\u00e9 impressionn\u00e9 par Alt.com. C\u2019est un excellent moyen de rencontrer des adultes locaux pour des rencontres occasionnelles. L\u2019application est facile \u00e0 utiliser et il y a beaucoup d\u2019utilisateurs \u00e0 choisir. Si vous cherchez une nouvelle application de rencontres \u00e0 essayer, je vous recommande de donner un coup de pouce \u00e0 Alt.com.<\/p>\n","protected":false},"excerpt":{"rendered":"<p>Il n\u2019est pas n\u00e9cessaire d\u2019aller dans un bar ou un club pour ramasser par rapport \u00e0 lorsque vous utilisez des personnes adultes locales. Tout ce que vous avez \u00e0 faire est de publier une annonce personnelle en ligne et vous pouvez vous connecter avec quelqu\u2019un de votre r\u00e9gion sans m\u00eame quitter votre maison. Vous pouvez &#8230; <a title=\"Petites annonces gratuites pour adultes\" class=\"read-more\" href=\"http:\/\/thehottieandthenottie.com\/fr\/petites-annonces-gratuites-pour-adultes\/\" aria-label=\"En savoir plus sur Petites annonces gratuites pour adultes\">Lire la suite<\/a><\/p>\n","protected":false},"author":1,"featured_media":0,"parent":0,"menu_order":0,"comment_status":"closed","ping_status":"closed","template":"","meta":[],"yoast_head":"<!-- This site is optimized with the Yoast SEO plugin v17.7.1 - https:\/\/yoast.com\/wordpress\/plugins\/seo\/ -->\n<title>Petites annonces gratuites pour adultes - Hotties \u00e0 proximit\u00e9<\/title>\n<meta name=\"robots\" content=\"index, follow, max-snippet:-1, max-image-preview:large, max-video-preview:-1\" \/>\n<link rel=\"canonical\" href=\"http:\/\/thehottieandthenottie.com\/fr\/petites-annonces-gratuites-pour-adultes\/\" \/>\n<meta property=\"og:locale\" content=\"fr_FR\" \/>\n<meta property=\"og:type\" content=\"article\" \/>\n<meta property=\"og:title\" content=\"Petites annonces gratuites pour adultes - Hotties \u00e0 proximit\u00e9\" \/>\n<meta property=\"og:description\" content=\"Il n\u2019est pas n\u00e9cessaire d\u2019aller dans un bar ou un club pour ramasser par rapport \u00e0 lorsque vous utilisez des personnes adultes locales. Tout ce que vous avez \u00e0 faire est de publier une annonce personnelle en ligne et vous pouvez vous connecter avec quelqu\u2019un de votre r\u00e9gion sans m\u00eame quitter votre maison. Vous pouvez ... Lire la suite\" \/>\n<meta property=\"og:url\" content=\"http:\/\/thehottieandthenottie.com\/fr\/petites-annonces-gratuites-pour-adultes\/\" \/>\n<meta property=\"og:site_name\" content=\"Hotties \u00e0 proximit\u00e9\" \/>\n<meta name=\"twitter:card\" content=\"summary_large_image\" \/>\n<meta name=\"twitter:label1\" content=\"Dur\u00e9e de lecture estim\u00e9e\" \/>\n\t<meta name=\"twitter:data1\" content=\"4 minutes\" \/>\n<script type=\"application\/ld+json\" class=\"yoast-schema-graph\">{\"@context\":\"https:\/\/schema.org\",\"@graph\":[{\"@type\":\"WebSite\",\"@id\":\"https:\/\/thehottieandthenottie.com\/#website\",\"url\":\"https:\/\/thehottieandthenottie.com\/\",\"name\":\"Hotties \\u00e0 proximit\\u00e9\",\"description\":\"Rencontrez des femmes dans votre r\\u00e9gion\",\"potentialAction\":[{\"@type\":\"SearchAction\",\"target\":{\"@type\":\"EntryPoint\",\"urlTemplate\":\"https:\/\/thehottieandthenottie.com\/?s={search_term_string}\"},\"query-input\":\"required name=search_term_string\"}],\"inLanguage\":\"fr-FR\"},{\"@type\":\"WebPage\",\"@id\":\"http:\/\/thehottieandthenottie.com\/fr\/petites-annonces-gratuites-pour-adultes\/#webpage\",\"url\":\"http:\/\/thehottieandthenottie.com\/fr\/petites-annonces-gratuites-pour-adultes\/\",\"name\":\"Petites annonces gratuites pour adultes - Hotties \\u00e0 proximit\\u00e9\",\"isPartOf\":{\"@id\":\"https:\/\/thehottieandthenottie.com\/#website\"},\"datePublished\":\"2022-09-30T11:56:42+00:00\",\"dateModified\":\"2022-09-30T11:56:42+00:00\",\"breadcrumb\":{\"@id\":\"http:\/\/thehottieandthenottie.com\/fr\/petites-annonces-gratuites-pour-adultes\/#breadcrumb\"},\"inLanguage\":\"fr-FR\",\"potentialAction\":[{\"@type\":\"ReadAction\",\"target\":[\"http:\/\/thehottieandthenottie.com\/fr\/petites-annonces-gratuites-pour-adultes\/\"]}]},{\"@type\":\"BreadcrumbList\",\"@id\":\"http:\/\/thehottieandthenottie.com\/fr\/petites-annonces-gratuites-pour-adultes\/#breadcrumb\",\"itemListElement\":[{\"@type\":\"ListItem\",\"position\":1,\"name\":\"Home\",\"item\":\"http:\/\/thehottieandthenottie.com\/fr\/\"},{\"@type\":\"ListItem\",\"position\":2,\"name\":\"Petites annonces gratuites pour adultes\"}]}]}<\/script>\n<!-- \/ Yoast SEO plugin. -->","yoast_head_json":{"title":"Petites annonces gratuites pour adultes - Hotties \u00e0 proximit\u00e9","robots":{"index":"index","follow":"follow","max-snippet":"max-snippet:-1","max-image-preview":"max-image-preview:large","max-video-preview":"max-video-preview:-1"},"canonical":"http:\/\/thehottieandthenottie.com\/fr\/petites-annonces-gratuites-pour-adultes\/","og_locale":"fr_FR","og_type":"article","og_title":"Petites annonces gratuites pour adultes - Hotties \u00e0 proximit\u00e9","og_description":"Il n\u2019est pas n\u00e9cessaire d\u2019aller dans un bar ou un club pour ramasser par rapport \u00e0 lorsque vous utilisez des personnes adultes locales. Tout ce que vous avez \u00e0 faire est de publier une annonce personnelle en ligne et vous pouvez vous connecter avec quelqu\u2019un de votre r\u00e9gion sans m\u00eame quitter votre maison. Vous pouvez ... Lire la suite","og_url":"http:\/\/thehottieandthenottie.com\/fr\/petites-annonces-gratuites-pour-adultes\/","og_site_name":"Hotties \u00e0 proximit\u00e9","twitter_card":"summary_large_image","twitter_misc":{"Dur\u00e9e de lecture estim\u00e9e":"4 minutes"},"schema":{"@context":"https:\/\/schema.org","@graph":[{"@type":"WebSite","@id":"https:\/\/thehottieandthenottie.com\/#website","url":"https:\/\/thehottieandthenottie.com\/","name":"Hotties \u00e0 proximit\u00e9","description":"Rencontrez des femmes dans votre r\u00e9gion","potentialAction":[{"@type":"SearchAction","target":{"@type":"EntryPoint","urlTemplate":"https:\/\/thehottieandthenottie.com\/?s={search_term_string}"},"query-input":"required name=search_term_string"}],"inLanguage":"fr-FR"},{"@type":"WebPage","@id":"http:\/\/thehottieandthenottie.com\/fr\/petites-annonces-gratuites-pour-adultes\/#webpage","url":"http:\/\/thehottieandthenottie.com\/fr\/petites-annonces-gratuites-pour-adultes\/","name":"Petites annonces gratuites pour adultes - Hotties \u00e0 proximit\u00e9","isPartOf":{"@id":"https:\/\/thehottieandthenottie.com\/#website"},"datePublished":"2022-09-30T11:56:42+00:00","dateModified":"2022-09-30T11:56:42+00:00","breadcrumb":{"@id":"http:\/\/thehottieandthenottie.com\/fr\/petites-annonces-gratuites-pour-adultes\/#breadcrumb"},"inLanguage":"fr-FR","potentialAction":[{"@type":"ReadAction","target":["http:\/\/thehottieandthenottie.com\/fr\/petites-annonces-gratuites-pour-adultes\/"]}]},{"@type":"BreadcrumbList","@id":"http:\/\/thehottieandthenottie.com\/fr\/petites-annonces-gratuites-pour-adultes\/#breadcrumb","itemListElement":[{"@type":"ListItem","position":1,"name":"Home","item":"http:\/\/thehottieandthenottie.com\/fr\/"},{"@type":"ListItem","position":2,"name":"Petites annonces gratuites pour adultes"}]}]}},"_links":{"self":[{"href":"http:\/\/thehottieandthenottie.com\/fr\/wp-json\/wp\/v2\/pages\/565"}],"collection":[{"href":"http:\/\/thehottieandthenottie.com\/fr\/wp-json\/wp\/v2\/pages"}],"about":[{"href":"http:\/\/thehottieandthenottie.com\/fr\/wp-json\/wp\/v2\/types\/page"}],"author":[{"embeddable":true,"href":"http:\/\/thehottieandthenottie.com\/fr\/wp-json\/wp\/v2\/users\/1"}],"replies":[{"embeddable":true,"href":"http:\/\/thehottieandthenottie.com\/fr\/wp-json\/wp\/v2\/comments?post=565"}],"version-history":[{"count":0,"href":"http:\/\/thehottieandthenottie.com\/fr\/wp-json\/wp\/v2\/pages\/565\/revisions"}],"wp:attachment":[{"href":"http:\/\/thehottieandthenottie.com\/fr\/wp-json\/wp\/v2\/media?parent=565"}],"curies":[{"name":"wp","href":"https:\/\/api.w.org\/{rel}","templated":true}]}}