{"id":568,"date":"2022-09-30T12:56:06","date_gmt":"2022-09-30T11:56:06","guid":{"rendered":"http:\/\/thehottieandthenottie.com\/fuck-quelquun-pres-de-chez-vous\/"},"modified":"2022-09-30T12:56:06","modified_gmt":"2022-09-30T11:56:06","slug":"fuck-quelquun-pres-de-chez-vous","status":"publish","type":"page","link":"http:\/\/thehottieandthenottie.com\/fr\/fuck-quelquun-pres-de-chez-vous\/","title":{"rendered":"Fuck quelqu\u2019un pr\u00e8s de chez vous"},"content":{"rendered":"<p>Si vous cherchez des connexions pr\u00e8s de chez vous, il y a quelques choses que vous pouvez faire pour augmenter vos chances de trouver quelqu\u2019un. Tout d\u2019abord, essayez d\u2019utiliser des applications de rencontres ou des sites Web sp\u00e9cifiquement destin\u00e9s aux connexions. Ceux-ci peuvent \u00eatre un excellent moyen de rencontrer des personnes qui recherchent \u00e9galement des rencontres occasionnelles. Une autre option consiste \u00e0 aller dans des bars ou des clubs connus pour \u00eatre des lieux de rencontre. Enfin, vous pouvez toujours demander autour de vous pour voir si l\u2019un de vos amis conna\u00eet quelqu\u2019un qui pourrait \u00eatre <a href=\"http:\/\/thehottieandthenottie.com\/bondage-dating\/\">int\u00e9ress\u00e9 \u00e0 se connecter<\/a>.<\/p>\n<h2>Connexions gratuites pr\u00e8s de chez moi<\/h2>\n<p>Il y a beaucoup de lieux de rencontre pr\u00e8s de chez moi, allant des bars et des clubs aux parcs et autres espaces publics. Si je suis \u00e0 la recherche d\u2019une connexion d\u00e9contract\u00e9e, je me dirige g\u00e9n\u00e9ralement vers un bar ou un club, o\u00f9 il y a beaucoup de gens qui recherchent \u00e9galement un bon moment. Si je cherche quelque chose d\u2019un peu plus intime, je pourrais me diriger vers un parc ou un autre espace public o\u00f9 je peux \u00eatre seul avec mon rendez-vous. Quoi qu\u2019il en soit, il existe de nombreuses options pour trouver un bon lieu de connexion pr\u00e8s de chez moi.<\/p>\n<p>Il n\u2019est pas n\u00e9cessaire de faire tout votre possible pour trouver quelqu\u2019un \u00e0 baiser pr\u00e8s de chez vous. Soyez simplement vous-m\u00eame et soyez ouvert \u00e0 de nouvelles exp\u00e9riences. Vous ne savez jamais qui vous pourriez rencontrer et ce qui pourrait arriver. Qui sait, vous pourriez bien trouver l\u2019amour de votre vie.<\/p>\n<h2>Rencontres sexuelles locales<\/h2>\n<p>Il y a beaucoup de lieux de sexe locaux si vous cherchez un endroit pour vous connecter avec un rendez-vous. La biblioth\u00e8que est toujours un bon pari &#8211; assurez-vous simplement d\u2019\u00eatre calme! Si vous vous sentez un peu plus aventureux, il y a toujours le parc apr\u00e8s la tomb\u00e9e de la nuit. Assurez-vous simplement de garder un \u0153il sur les flics!<\/p>\n<h3>Chatzy<\/h3>\n<p>Si vous recherchez une nouvelle application de rencontres, Chatzy pourrait valoir la peine d\u2019\u00eatre v\u00e9rifi\u00e9. L\u2019application est con\u00e7ue pour vous aider \u00e0 vous connecter avec les personnes \u00e0 proximit\u00e9, afin que vous puissiez discuter et peut-\u00eatre m\u00eame vous rencontrer en personne. L\u2019application est gratuite \u00e0 t\u00e9l\u00e9charger et \u00e0 utiliser, et il est assez facile de comprendre comment l\u2019utiliser. Cr\u00e9ez simplement un profil et commencez \u00e0 discuter avec les gens de votre r\u00e9gion.<\/p>\n<p>J\u2019utilise Chatzy depuis quelques semaines maintenant et j\u2019ai eu de bonnes exp\u00e9riences avec lui. J\u2019ai rencontr\u00e9 des gens vraiment cool et j\u2019ai eu d\u2019excellentes conversations. L\u2019application vaut vraiment la peine d\u2019\u00eatre v\u00e9rifi\u00e9e si vous recherchez quelque chose de nouveau et de diff\u00e9rent.<\/p>\n<h3>TinderMeets<\/h3>\n<p>Si vous cherchez une nouvelle application de rencontres \u00e0 essayer, pensez \u00e0 TinderMeets. C\u2019est une application populaire avec une bonne r\u00e9putation pour aider les gens \u00e0 trouver des connexions pr\u00e8s de chez eux. L\u2019application est gratuite \u00e0 t\u00e9l\u00e9charger et \u00e0 utiliser, et il est facile de s\u2019inscrire et de commencer. Vous pouvez parcourir les profils, envoyer des messages et afficher des photos de correspondances potentielles dans votre r\u00e9gion. L\u2019application dispose \u00e9galement d\u2019une bonne fonction de recherche, de sorte que vous pouvez trouver des personnes qui r\u00e9pondent \u00e0 vos crit\u00e8res sp\u00e9cifiques. TinderMeets est une excellente option pour les personnes qui recherchent une nouvelle fa\u00e7on de rencontrer des connexions potentielles pr\u00e8s d\u2019eux.<\/p>\n<h3>Milfaholic<\/h3>\n<p>Si vous recherchez une connexion d\u00e9contract\u00e9e pr\u00e8s de chez vous, Milfaholic est une excellente option. L\u2019application est gratuite \u00e0 t\u00e9l\u00e9charger et \u00e0 utiliser, et c\u2019est l\u2019une des applications de rencontres les plus populaires. Il est facile \u00e0 utiliser et il est id\u00e9al pour trouver des connexions locales. Le seul inconv\u00e9nient est que ce n\u2019est pas l\u2019application la plus esth\u00e9tique qui soit.<\/p>\n","protected":false},"excerpt":{"rendered":"<p>Si vous cherchez des connexions pr\u00e8s de chez vous, il y a quelques choses que vous pouvez faire pour augmenter vos chances de trouver quelqu\u2019un. Tout d\u2019abord, essayez d\u2019utiliser des applications de rencontres ou des sites Web sp\u00e9cifiquement destin\u00e9s aux connexions. Ceux-ci peuvent \u00eatre un excellent moyen de rencontrer des personnes qui recherchent \u00e9galement des &#8230; <a title=\"Fuck quelqu\u2019un pr\u00e8s de chez vous\" class=\"read-more\" href=\"http:\/\/thehottieandthenottie.com\/fr\/fuck-quelquun-pres-de-chez-vous\/\" aria-label=\"En savoir plus sur Fuck quelqu\u2019un pr\u00e8s de chez vous\">Lire la suite<\/a><\/p>\n","protected":false},"author":1,"featured_media":0,"parent":0,"menu_order":0,"comment_status":"closed","ping_status":"closed","template":"","meta":[],"yoast_head":"<!-- This site is optimized with the Yoast SEO plugin v17.7.1 - https:\/\/yoast.com\/wordpress\/plugins\/seo\/ -->\n<title>Fuck quelqu\u2019un pr\u00e8s de chez vous - Hotties \u00e0 proximit\u00e9<\/title>\n<meta name=\"robots\" content=\"index, follow, max-snippet:-1, max-image-preview:large, max-video-preview:-1\" \/>\n<link rel=\"canonical\" href=\"http:\/\/thehottieandthenottie.com\/fr\/fuck-quelquun-pres-de-chez-vous\/\" \/>\n<meta property=\"og:locale\" content=\"fr_FR\" \/>\n<meta property=\"og:type\" content=\"article\" \/>\n<meta property=\"og:title\" content=\"Fuck quelqu\u2019un pr\u00e8s de chez vous - Hotties \u00e0 proximit\u00e9\" \/>\n<meta property=\"og:description\" content=\"Si vous cherchez des connexions pr\u00e8s de chez vous, il y a quelques choses que vous pouvez faire pour augmenter vos chances de trouver quelqu\u2019un. Tout d\u2019abord, essayez d\u2019utiliser des applications de rencontres ou des sites Web sp\u00e9cifiquement destin\u00e9s aux connexions. Ceux-ci peuvent \u00eatre un excellent moyen de rencontrer des personnes qui recherchent \u00e9galement des ... Lire la suite\" \/>\n<meta property=\"og:url\" content=\"http:\/\/thehottieandthenottie.com\/fr\/fuck-quelquun-pres-de-chez-vous\/\" \/>\n<meta property=\"og:site_name\" content=\"Hotties \u00e0 proximit\u00e9\" \/>\n<meta name=\"twitter:card\" content=\"summary_large_image\" \/>\n<meta name=\"twitter:label1\" content=\"Dur\u00e9e de lecture estim\u00e9e\" \/>\n\t<meta name=\"twitter:data1\" content=\"3 minutes\" \/>\n<script type=\"application\/ld+json\" class=\"yoast-schema-graph\">{\"@context\":\"https:\/\/schema.org\",\"@graph\":[{\"@type\":\"WebSite\",\"@id\":\"https:\/\/thehottieandthenottie.com\/#website\",\"url\":\"https:\/\/thehottieandthenottie.com\/\",\"name\":\"Hotties \\u00e0 proximit\\u00e9\",\"description\":\"Rencontrez des femmes dans votre r\\u00e9gion\",\"potentialAction\":[{\"@type\":\"SearchAction\",\"target\":{\"@type\":\"EntryPoint\",\"urlTemplate\":\"https:\/\/thehottieandthenottie.com\/?s={search_term_string}\"},\"query-input\":\"required name=search_term_string\"}],\"inLanguage\":\"fr-FR\"},{\"@type\":\"WebPage\",\"@id\":\"http:\/\/thehottieandthenottie.com\/fr\/fuck-quelquun-pres-de-chez-vous\/#webpage\",\"url\":\"http:\/\/thehottieandthenottie.com\/fr\/fuck-quelquun-pres-de-chez-vous\/\",\"name\":\"Fuck quelqu\\u2019un pr\\u00e8s de chez vous - Hotties \\u00e0 proximit\\u00e9\",\"isPartOf\":{\"@id\":\"https:\/\/thehottieandthenottie.com\/#website\"},\"datePublished\":\"2022-09-30T11:56:06+00:00\",\"dateModified\":\"2022-09-30T11:56:06+00:00\",\"breadcrumb\":{\"@id\":\"http:\/\/thehottieandthenottie.com\/fr\/fuck-quelquun-pres-de-chez-vous\/#breadcrumb\"},\"inLanguage\":\"fr-FR\",\"potentialAction\":[{\"@type\":\"ReadAction\",\"target\":[\"http:\/\/thehottieandthenottie.com\/fr\/fuck-quelquun-pres-de-chez-vous\/\"]}]},{\"@type\":\"BreadcrumbList\",\"@id\":\"http:\/\/thehottieandthenottie.com\/fr\/fuck-quelquun-pres-de-chez-vous\/#breadcrumb\",\"itemListElement\":[{\"@type\":\"ListItem\",\"position\":1,\"name\":\"Home\",\"item\":\"http:\/\/thehottieandthenottie.com\/fr\/\"},{\"@type\":\"ListItem\",\"position\":2,\"name\":\"Fuck quelqu\\u2019un pr\\u00e8s de chez vous\"}]}]}<\/script>\n<!-- \/ Yoast SEO plugin. -->","yoast_head_json":{"title":"Fuck quelqu\u2019un pr\u00e8s de chez vous - Hotties \u00e0 proximit\u00e9","robots":{"index":"index","follow":"follow","max-snippet":"max-snippet:-1","max-image-preview":"max-image-preview:large","max-video-preview":"max-video-preview:-1"},"canonical":"http:\/\/thehottieandthenottie.com\/fr\/fuck-quelquun-pres-de-chez-vous\/","og_locale":"fr_FR","og_type":"article","og_title":"Fuck quelqu\u2019un pr\u00e8s de chez vous - Hotties \u00e0 proximit\u00e9","og_description":"Si vous cherchez des connexions pr\u00e8s de chez vous, il y a quelques choses que vous pouvez faire pour augmenter vos chances de trouver quelqu\u2019un. Tout d\u2019abord, essayez d\u2019utiliser des applications de rencontres ou des sites Web sp\u00e9cifiquement destin\u00e9s aux connexions. Ceux-ci peuvent \u00eatre un excellent moyen de rencontrer des personnes qui recherchent \u00e9galement des ... Lire la suite","og_url":"http:\/\/thehottieandthenottie.com\/fr\/fuck-quelquun-pres-de-chez-vous\/","og_site_name":"Hotties \u00e0 proximit\u00e9","twitter_card":"summary_large_image","twitter_misc":{"Dur\u00e9e de lecture estim\u00e9e":"3 minutes"},"schema":{"@context":"https:\/\/schema.org","@graph":[{"@type":"WebSite","@id":"https:\/\/thehottieandthenottie.com\/#website","url":"https:\/\/thehottieandthenottie.com\/","name":"Hotties \u00e0 proximit\u00e9","description":"Rencontrez des femmes dans votre r\u00e9gion","potentialAction":[{"@type":"SearchAction","target":{"@type":"EntryPoint","urlTemplate":"https:\/\/thehottieandthenottie.com\/?s={search_term_string}"},"query-input":"required name=search_term_string"}],"inLanguage":"fr-FR"},{"@type":"WebPage","@id":"http:\/\/thehottieandthenottie.com\/fr\/fuck-quelquun-pres-de-chez-vous\/#webpage","url":"http:\/\/thehottieandthenottie.com\/fr\/fuck-quelquun-pres-de-chez-vous\/","name":"Fuck quelqu\u2019un pr\u00e8s de chez vous - Hotties \u00e0 proximit\u00e9","isPartOf":{"@id":"https:\/\/thehottieandthenottie.com\/#website"},"datePublished":"2022-09-30T11:56:06+00:00","dateModified":"2022-09-30T11:56:06+00:00","breadcrumb":{"@id":"http:\/\/thehottieandthenottie.com\/fr\/fuck-quelquun-pres-de-chez-vous\/#breadcrumb"},"inLanguage":"fr-FR","potentialAction":[{"@type":"ReadAction","target":["http:\/\/thehottieandthenottie.com\/fr\/fuck-quelquun-pres-de-chez-vous\/"]}]},{"@type":"BreadcrumbList","@id":"http:\/\/thehottieandthenottie.com\/fr\/fuck-quelquun-pres-de-chez-vous\/#breadcrumb","itemListElement":[{"@type":"ListItem","position":1,"name":"Home","item":"http:\/\/thehottieandthenottie.com\/fr\/"},{"@type":"ListItem","position":2,"name":"Fuck quelqu\u2019un pr\u00e8s de chez vous"}]}]}},"_links":{"self":[{"href":"http:\/\/thehottieandthenottie.com\/fr\/wp-json\/wp\/v2\/pages\/568"}],"collection":[{"href":"http:\/\/thehottieandthenottie.com\/fr\/wp-json\/wp\/v2\/pages"}],"about":[{"href":"http:\/\/thehottieandthenottie.com\/fr\/wp-json\/wp\/v2\/types\/page"}],"author":[{"embeddable":true,"href":"http:\/\/thehottieandthenottie.com\/fr\/wp-json\/wp\/v2\/users\/1"}],"replies":[{"embeddable":true,"href":"http:\/\/thehottieandthenottie.com\/fr\/wp-json\/wp\/v2\/comments?post=568"}],"version-history":[{"count":0,"href":"http:\/\/thehottieandthenottie.com\/fr\/wp-json\/wp\/v2\/pages\/568\/revisions"}],"wp:attachment":[{"href":"http:\/\/thehottieandthenottie.com\/fr\/wp-json\/wp\/v2\/media?parent=568"}],"curies":[{"name":"wp","href":"https:\/\/api.w.org\/{rel}","templated":true}]}}