{"id":594,"date":"2022-09-30T12:55:30","date_gmt":"2022-09-30T11:55:30","guid":{"rendered":"http:\/\/thehottieandthenottie.com\/rencontres-de-bondage\/"},"modified":"2022-09-30T12:55:30","modified_gmt":"2022-09-30T11:55:30","slug":"rencontres-de-bondage","status":"publish","type":"page","link":"http:\/\/thehottieandthenottie.com\/fr\/rencontres-de-bondage\/","title":{"rendered":"Rencontres de bondage"},"content":{"rendered":"<p>Il y a quelque chose dans l\u2019anonymat d\u2019un salon de discussion qui fait vraiment parler les gens de leurs probl\u00e8mes et de leurs f\u00e9tiches. Si vous aimez le bondage, il existe de nombreux salons de discussion o\u00f9 vous pouvez explorer vos int\u00e9r\u00eats avec des personnes partageant les m\u00eames id\u00e9es.<\/p>\n<p>Vous pouvez trouver des salons de discussion pour toutes sortes de probl\u00e8mes et de f\u00e9tiches, vous \u00eates donc s\u00fbr d\u2019en trouver un qui vous convient. N\u2019oubliez pas d\u2019\u00eatre en s\u00e9curit\u00e9 et respectueux lorsque vous discutez avec quelqu\u2019un de nouveau. Et qui sait, vous pourriez bien trouver votre partenaire de connexion id\u00e9al dans l\u2019un de ces salons de discussion. Les rencontres de bondage font r\u00e9f\u00e9rence \u00e0 la pratique de profiter de relations physiques et \u00e9motionnelles intimes avec quelqu\u2019un qui aime restreindre son partenaire. Cela peut impliquer des menottes, de la corde, des b\u00e2illons, des bandeaux sur les yeux et d\u2019autres types de contention. Cela peut \u00eatre une fa\u00e7on amusante et excitante d\u2019ajouter du piquant \u00e0 votre relation. Cependant, il est important d\u2019\u00eatre s\u00fbr et consensuel lorsque vous vous engagez dans un jeu de bondage.<\/p>\n<h2>Sites de connexion BDSM<\/h2>\n<p>Il n\u2019y a pas de r\u00e9ponse unique \u00e0 cette question &#8211; les exp\u00e9riences de chacun seront diff\u00e9rentes. Cependant, si vous \u00eates int\u00e9ress\u00e9 \u00e0 explorer les connexions BDSM, il y a quelques choses que vous pouvez garder \u00e0 l\u2019esprit. Tout d\u2019abord, il est important d\u2019\u00eatre clair sur ce que vous recherchez et quelles sont vos limites. C\u2019est aussi une bonne id\u00e9e de communiquer avec votre partenaire potentiel \u00e0 l\u2019avance pour vous assurer que vous \u00eates sur la m\u00eame longueur d\u2019onde. Une fois que vous avez trouv\u00e9 quelqu\u2019un avec qui vous \u00eates compatible, il est important de faire confiance \u00e0 votre instinct et d\u2019y aller avec votre instinct. Enfin, assurez-vous de vous amuser et de vous amuser!<\/p>\n<h2>Rencontres f\u00e9tiches<\/h2>\n<p>Les sites de rencontre f\u00e9tichistes peuvent \u00eatre un excellent moyen pour les personnes ayant des f\u00e9tiches sp\u00e9cifiques de se connecter avec d\u2019autres personnes qui partagent leurs int\u00e9r\u00eats. Ces sites peuvent aider les gens \u00e0 trouver des partenaires pour des rencontres, des relations ou m\u00eame simplement des rencontres occasionnelles. Alors que certaines personnes peuvent consid\u00e9rer les f\u00e9tiches comme \u00e9tranges ou bizarres, il n\u2019y a rien de mal \u00e0 en avoir un. Tout le monde est diff\u00e9rent et il n\u2019y a pas de honte \u00e0 profiter de quelque chose qui peut \u00eatre consid\u00e9r\u00e9 comme tabou. Les sites de rencontre f\u00e9tichistes peuvent fournir un environnement s\u00fbr et accueillant pour que les gens explorent leur sexualit\u00e9 et trouvent des partenaires partageant les m\u00eames id\u00e9es.<\/p>\n<h3>Affaires chaudes<\/h3>\n<p>Heated Affairs est une application de rencontres en ligne qui s\u2019adresse aux personnes int\u00e9ress\u00e9es par les forums de discussion sur le bondage. L\u2019application est facile \u00e0 utiliser et poss\u00e8de de nombreuses fonctionnalit\u00e9s qui en font un excellent choix pour les personnes qui recherchent un moyen de se connecter avec d\u2019autres personnes qui partagent leurs int\u00e9r\u00eats. L\u2019application est gratuite \u00e0 t\u00e9l\u00e9charger et \u00e0 utiliser, et elle offre une grande vari\u00e9t\u00e9 de fonctionnalit\u00e9s qui en font une excellente option pour les personnes qui cherchent un moyen de se connecter avec d\u2019autres personnes qui partagent leurs int\u00e9r\u00eats.<\/p>\n<h3>Chat Avenue<\/h3>\n<p>Si vous recherchez un salon de discussion sp\u00e9cialement con\u00e7u pour les personnes int\u00e9ress\u00e9es par le bondage, vous devriez consulter le salon de discussion sur le bondage de Chat Avenue. Ce salon de discussion est rempli de personnes qui cherchent \u00e0 explorer leur c\u00f4t\u00e9 pervers, et c\u2019est un endroit id\u00e9al pour trouver quelqu\u2019un avec qui discuter de vos int\u00e9r\u00eats communs. Le salon de discussion est mod\u00e9r\u00e9 afin que vous puissiez vous sentir en s\u00e9curit\u00e9 en discutant de vos int\u00e9r\u00eats avec les autres, et vous pouvez \u00e9galement trouver des personnes avec qui discuter qui partagent vos f\u00e9tiches pervers.<\/p>\n<h3>BeNaughty<\/h3>\n<p>BeNaughty est une application de rencontres sp\u00e9cialement con\u00e7ue pour les personnes int\u00e9ress\u00e9es par les forums de discussion sur le bondage. L\u2019application est tr\u00e8s conviviale et facilite la recherche de personnes qui partagent vos int\u00e9r\u00eats. L\u2019application dispose \u00e9galement de nombreuses fonctionnalit\u00e9s qui facilitent la connexion avec d\u2019autres utilisateurs. Dans l\u2019ensemble, BeNaughty est une excellente option pour les personnes int\u00e9ress\u00e9es par les forums de discussion sur le bondage.<\/p>\n","protected":false},"excerpt":{"rendered":"<p>Il y a quelque chose dans l\u2019anonymat d\u2019un salon de discussion qui fait vraiment parler les gens de leurs probl\u00e8mes et de leurs f\u00e9tiches. Si vous aimez le bondage, il existe de nombreux salons de discussion o\u00f9 vous pouvez explorer vos int\u00e9r\u00eats avec des personnes partageant les m\u00eames id\u00e9es. Vous pouvez trouver des salons de &#8230; <a title=\"Rencontres de bondage\" class=\"read-more\" href=\"http:\/\/thehottieandthenottie.com\/fr\/rencontres-de-bondage\/\" aria-label=\"En savoir plus sur Rencontres de bondage\">Lire la suite<\/a><\/p>\n","protected":false},"author":1,"featured_media":0,"parent":0,"menu_order":0,"comment_status":"closed","ping_status":"closed","template":"","meta":[],"yoast_head":"<!-- This site is optimized with the Yoast SEO plugin v17.7.1 - https:\/\/yoast.com\/wordpress\/plugins\/seo\/ -->\n<title>Rencontres de bondage - Hotties \u00e0 proximit\u00e9<\/title>\n<meta name=\"robots\" content=\"index, follow, max-snippet:-1, max-image-preview:large, max-video-preview:-1\" \/>\n<link rel=\"canonical\" href=\"http:\/\/thehottieandthenottie.com\/fr\/rencontres-de-bondage\/\" \/>\n<meta property=\"og:locale\" content=\"fr_FR\" \/>\n<meta property=\"og:type\" content=\"article\" \/>\n<meta property=\"og:title\" content=\"Rencontres de bondage - Hotties \u00e0 proximit\u00e9\" \/>\n<meta property=\"og:description\" content=\"Il y a quelque chose dans l\u2019anonymat d\u2019un salon de discussion qui fait vraiment parler les gens de leurs probl\u00e8mes et de leurs f\u00e9tiches. Si vous aimez le bondage, il existe de nombreux salons de discussion o\u00f9 vous pouvez explorer vos int\u00e9r\u00eats avec des personnes partageant les m\u00eames id\u00e9es. Vous pouvez trouver des salons de ... Lire la suite\" \/>\n<meta property=\"og:url\" content=\"http:\/\/thehottieandthenottie.com\/fr\/rencontres-de-bondage\/\" \/>\n<meta property=\"og:site_name\" content=\"Hotties \u00e0 proximit\u00e9\" \/>\n<meta name=\"twitter:card\" content=\"summary_large_image\" \/>\n<meta name=\"twitter:label1\" content=\"Dur\u00e9e de lecture estim\u00e9e\" \/>\n\t<meta name=\"twitter:data1\" content=\"4 minutes\" \/>\n<script type=\"application\/ld+json\" class=\"yoast-schema-graph\">{\"@context\":\"https:\/\/schema.org\",\"@graph\":[{\"@type\":\"WebSite\",\"@id\":\"https:\/\/thehottieandthenottie.com\/#website\",\"url\":\"https:\/\/thehottieandthenottie.com\/\",\"name\":\"Hotties \\u00e0 proximit\\u00e9\",\"description\":\"Rencontrez des femmes dans votre r\\u00e9gion\",\"potentialAction\":[{\"@type\":\"SearchAction\",\"target\":{\"@type\":\"EntryPoint\",\"urlTemplate\":\"https:\/\/thehottieandthenottie.com\/?s={search_term_string}\"},\"query-input\":\"required name=search_term_string\"}],\"inLanguage\":\"fr-FR\"},{\"@type\":\"WebPage\",\"@id\":\"http:\/\/thehottieandthenottie.com\/fr\/rencontres-de-bondage\/#webpage\",\"url\":\"http:\/\/thehottieandthenottie.com\/fr\/rencontres-de-bondage\/\",\"name\":\"Rencontres de bondage - Hotties \\u00e0 proximit\\u00e9\",\"isPartOf\":{\"@id\":\"https:\/\/thehottieandthenottie.com\/#website\"},\"datePublished\":\"2022-09-30T11:55:30+00:00\",\"dateModified\":\"2022-09-30T11:55:30+00:00\",\"breadcrumb\":{\"@id\":\"http:\/\/thehottieandthenottie.com\/fr\/rencontres-de-bondage\/#breadcrumb\"},\"inLanguage\":\"fr-FR\",\"potentialAction\":[{\"@type\":\"ReadAction\",\"target\":[\"http:\/\/thehottieandthenottie.com\/fr\/rencontres-de-bondage\/\"]}]},{\"@type\":\"BreadcrumbList\",\"@id\":\"http:\/\/thehottieandthenottie.com\/fr\/rencontres-de-bondage\/#breadcrumb\",\"itemListElement\":[{\"@type\":\"ListItem\",\"position\":1,\"name\":\"Home\",\"item\":\"http:\/\/thehottieandthenottie.com\/fr\/\"},{\"@type\":\"ListItem\",\"position\":2,\"name\":\"Rencontres de bondage\"}]}]}<\/script>\n<!-- \/ Yoast SEO plugin. -->","yoast_head_json":{"title":"Rencontres de bondage - Hotties \u00e0 proximit\u00e9","robots":{"index":"index","follow":"follow","max-snippet":"max-snippet:-1","max-image-preview":"max-image-preview:large","max-video-preview":"max-video-preview:-1"},"canonical":"http:\/\/thehottieandthenottie.com\/fr\/rencontres-de-bondage\/","og_locale":"fr_FR","og_type":"article","og_title":"Rencontres de bondage - Hotties \u00e0 proximit\u00e9","og_description":"Il y a quelque chose dans l\u2019anonymat d\u2019un salon de discussion qui fait vraiment parler les gens de leurs probl\u00e8mes et de leurs f\u00e9tiches. Si vous aimez le bondage, il existe de nombreux salons de discussion o\u00f9 vous pouvez explorer vos int\u00e9r\u00eats avec des personnes partageant les m\u00eames id\u00e9es. Vous pouvez trouver des salons de ... Lire la suite","og_url":"http:\/\/thehottieandthenottie.com\/fr\/rencontres-de-bondage\/","og_site_name":"Hotties \u00e0 proximit\u00e9","twitter_card":"summary_large_image","twitter_misc":{"Dur\u00e9e de lecture estim\u00e9e":"4 minutes"},"schema":{"@context":"https:\/\/schema.org","@graph":[{"@type":"WebSite","@id":"https:\/\/thehottieandthenottie.com\/#website","url":"https:\/\/thehottieandthenottie.com\/","name":"Hotties \u00e0 proximit\u00e9","description":"Rencontrez des femmes dans votre r\u00e9gion","potentialAction":[{"@type":"SearchAction","target":{"@type":"EntryPoint","urlTemplate":"https:\/\/thehottieandthenottie.com\/?s={search_term_string}"},"query-input":"required name=search_term_string"}],"inLanguage":"fr-FR"},{"@type":"WebPage","@id":"http:\/\/thehottieandthenottie.com\/fr\/rencontres-de-bondage\/#webpage","url":"http:\/\/thehottieandthenottie.com\/fr\/rencontres-de-bondage\/","name":"Rencontres de bondage - Hotties \u00e0 proximit\u00e9","isPartOf":{"@id":"https:\/\/thehottieandthenottie.com\/#website"},"datePublished":"2022-09-30T11:55:30+00:00","dateModified":"2022-09-30T11:55:30+00:00","breadcrumb":{"@id":"http:\/\/thehottieandthenottie.com\/fr\/rencontres-de-bondage\/#breadcrumb"},"inLanguage":"fr-FR","potentialAction":[{"@type":"ReadAction","target":["http:\/\/thehottieandthenottie.com\/fr\/rencontres-de-bondage\/"]}]},{"@type":"BreadcrumbList","@id":"http:\/\/thehottieandthenottie.com\/fr\/rencontres-de-bondage\/#breadcrumb","itemListElement":[{"@type":"ListItem","position":1,"name":"Home","item":"http:\/\/thehottieandthenottie.com\/fr\/"},{"@type":"ListItem","position":2,"name":"Rencontres de bondage"}]}]}},"_links":{"self":[{"href":"http:\/\/thehottieandthenottie.com\/fr\/wp-json\/wp\/v2\/pages\/594"}],"collection":[{"href":"http:\/\/thehottieandthenottie.com\/fr\/wp-json\/wp\/v2\/pages"}],"about":[{"href":"http:\/\/thehottieandthenottie.com\/fr\/wp-json\/wp\/v2\/types\/page"}],"author":[{"embeddable":true,"href":"http:\/\/thehottieandthenottie.com\/fr\/wp-json\/wp\/v2\/users\/1"}],"replies":[{"embeddable":true,"href":"http:\/\/thehottieandthenottie.com\/fr\/wp-json\/wp\/v2\/comments?post=594"}],"version-history":[{"count":0,"href":"http:\/\/thehottieandthenottie.com\/fr\/wp-json\/wp\/v2\/pages\/594\/revisions"}],"wp:attachment":[{"href":"http:\/\/thehottieandthenottie.com\/fr\/wp-json\/wp\/v2\/media?parent=594"}],"curies":[{"name":"wp","href":"https:\/\/api.w.org\/{rel}","templated":true}]}}