{"id":616,"date":"2022-09-30T12:54:32","date_gmt":"2022-09-30T11:54:32","guid":{"rendered":"http:\/\/thehottieandthenottie.com\/sites-de-rencontres-sexuelles\/"},"modified":"2022-09-30T12:54:32","modified_gmt":"2022-09-30T11:54:32","slug":"sites-de-rencontres-sexuelles","status":"publish","type":"page","link":"http:\/\/thehottieandthenottie.com\/fr\/sites-de-rencontres-sexuelles\/","title":{"rendered":"Sites de rencontres sexuelles"},"content":{"rendered":"<p>Il existe de nombreux sites de messagerie sexuelle gratuits, mais tous ne valent pas la peine d\u2019\u00eatre utilis\u00e9s. Si vous recherchez un site qui vous aidera \u00e0 vous connecter avec quelqu\u2019un, vous voulez vous assurer qu\u2019il a une bonne r\u00e9putation et qu\u2019il est facile \u00e0 utiliser. Vous voulez \u00e9galement vous assurer que le site compte beaucoup de membres afin que vous soyez plus susceptible de trouver quelqu\u2019un qui est compatible avec vous.<\/p>\n<h2>Connexion sexuelle gratuite<\/h2>\n<p>Il y a beaucoup d\u2019id\u00e9es fausses sur les rencontres sexuelles gratuites. Beaucoup de gens pensent qu\u2019il s\u2019agit de trouver quelqu\u2019un avec qui avoir des relations sexuelles sans avoir \u00e0 s\u2019engager \u00e9motionnellement ou financi\u00e8rement. Mais ce n\u2019est pas vraiment ce qu\u2019est la rencontre sexuelle gratuite. Les rencontres sexuelles gratuites consistent \u00e0 trouver quelqu\u2019un qui vous attire physiquement et \u00e9motionnellement et qui est \u00e9galement attir\u00e9 par vous. Il s\u2019agit d\u2019avoir des relations sexuelles avec quelqu\u2019un sans avoir \u00e0 se soucier des cons\u00e9quences d\u2019une relation traditionnelle. Bien s\u00fbr, il y a certains risques impliqu\u00e9s dans les rencontres sexuelles gratuites. Vous pourriez finir par vous attacher \u00e9motionnellement \u00e0 quelqu\u2019un avec qui vous n\u2019\u00eates pas vraiment compatible. Et il y a toujours la possibilit\u00e9 que vous puissiez attraper une MST. Mais si vous \u00eates pr\u00eat \u00e0 prendre ces risques, les rencontres sexuelles gratuites peuvent \u00eatre tr\u00e8s amusantes. Cela peut \u00eatre un excellent moyen d\u2019explorer votre sexualit\u00e9 et de d\u00e9couvrir ce que vous recherchez vraiment chez un partenaire.<\/p>\n<p>Il n\u2019y a rien de mieux que de trouver l\u2019amour, et si vous recherchez du sexe gratuit, alors vous devriez certainement consulter Free Sex Meet Up. Ce site Web est parfait pour les personnes qui recherchent des relations sexuelles sans conditions, et vous pouvez trouver des personnes dans votre r\u00e9gion qui recherchent la m\u00eame chose. Tout ce que vous avez \u00e0 faire est de cr\u00e9er un profil et de commencer \u00e0 rechercher des personnes qui recherchent du sexe gratuit. Vous pouvez \u00e9galement utiliser le site Web pour trouver des personnes qui recherchent une relation, et vous pouvez m\u00eame trouver des personnes qui recherchent quelque chose de plus d\u00e9contract\u00e9. Quoi que vous cherchiez, vous pouvez le trouver sur Free Sex Meet Up.<\/p>\n<h2>Chat sexuel gratuit<\/h2>\n<p>Il y a beaucoup de gens qui aiment les textos sexuels gratuits. C\u2019est l\u00e0 que vous pouvez envoyer un SMS \u00e0 quelqu\u2019un gratuitement et qu\u2019il vous enverra des messages sexuellement explicites en retour. Cela peut \u00eatre un excellent moyen d\u2019apprendre \u00e0 conna\u00eetre quelqu\u2019un sexuellement sans avoir \u00e0 le rencontrer en personne. Cela peut \u00e9galement \u00eatre un excellent moyen d\u2019obtenir une certaine tension sexuelle avant de rencontrer quelqu\u2019un en personne.<\/p>\n<h3>SwingLifestyle<\/h3>\n<p>SwingLifestyle est un site de messagerie sexuelle gratuit qui vous permet de vous connecter avec des personnes partageant les m\u00eames id\u00e9es pour des rencontres occasionnelles ou plus. Le site existe depuis un certain temps et a la r\u00e9putation d\u2019\u00eatre un endroit s\u00fbr pour se connecter avec les gens. L\u2019application est facile \u00e0 utiliser et poss\u00e8de de nombreuses fonctionnalit\u00e9s qui en font un excellent choix pour les personnes \u00e0 la recherche d\u2019un site de messagerie sexuelle gratuit. Le seul inconv\u00e9nient est que le site n\u2019est pas aussi populaire que certains des autres sites de messagerie sexuelle gratuits.<\/p>\n<h3>XPickup<\/h3>\n<p>Si vous recherchez un site de messagerie sexuelle gratuit, XPickup est une excellente option. L\u2019application est facile \u00e0 utiliser et poss\u00e8de de nombreuses fonctionnalit\u00e9s qui en font un excellent choix pour tous ceux qui recherchent une connexion occasionnelle. La fonction de recherche est particuli\u00e8rement utile, car elle vous permet de trouver des personnes dans votre r\u00e9gion qui recherchent la m\u00eame chose que vous. L\u2019application dispose \u00e9galement d\u2019un excellent syst\u00e8me de messagerie, ce qui facilite le contact avec les connexions potentielles. Dans l\u2019ensemble, XPickup est un excellent choix pour tous ceux qui recherchent un site de connexion occasionnel.<\/p>\n<h3>Alt.com<\/h3>\n<p>Alt.com est un site de messagerie sexuelle gratuit qui vous permet d\u2019envoyer et de recevoir des messages avec d\u2019autres membres. Le site a une grande base de membres et est facile \u00e0 utiliser. Cependant, le site n\u2019a pas beaucoup de fonctionnalit\u00e9s et n\u2019est pas tr\u00e8s convivial.<\/p>\n","protected":false},"excerpt":{"rendered":"<p>Il existe de nombreux sites de messagerie sexuelle gratuits, mais tous ne valent pas la peine d\u2019\u00eatre utilis\u00e9s. Si vous recherchez un site qui vous aidera \u00e0 vous connecter avec quelqu\u2019un, vous voulez vous assurer qu\u2019il a une bonne r\u00e9putation et qu\u2019il est facile \u00e0 utiliser. Vous voulez \u00e9galement vous assurer que le site compte &#8230; <a title=\"Sites de rencontres sexuelles\" class=\"read-more\" href=\"http:\/\/thehottieandthenottie.com\/fr\/sites-de-rencontres-sexuelles\/\" aria-label=\"En savoir plus sur Sites de rencontres sexuelles\">Lire la suite<\/a><\/p>\n","protected":false},"author":1,"featured_media":0,"parent":0,"menu_order":0,"comment_status":"closed","ping_status":"closed","template":"","meta":[],"yoast_head":"<!-- This site is optimized with the Yoast SEO plugin v17.7.1 - https:\/\/yoast.com\/wordpress\/plugins\/seo\/ -->\n<title>Sites de rencontres sexuelles - Hotties \u00e0 proximit\u00e9<\/title>\n<meta name=\"robots\" content=\"index, follow, max-snippet:-1, max-image-preview:large, max-video-preview:-1\" \/>\n<link rel=\"canonical\" href=\"http:\/\/thehottieandthenottie.com\/fr\/sites-de-rencontres-sexuelles\/\" \/>\n<meta property=\"og:locale\" content=\"fr_FR\" \/>\n<meta property=\"og:type\" content=\"article\" \/>\n<meta property=\"og:title\" content=\"Sites de rencontres sexuelles - Hotties \u00e0 proximit\u00e9\" \/>\n<meta property=\"og:description\" content=\"Il existe de nombreux sites de messagerie sexuelle gratuits, mais tous ne valent pas la peine d\u2019\u00eatre utilis\u00e9s. Si vous recherchez un site qui vous aidera \u00e0 vous connecter avec quelqu\u2019un, vous voulez vous assurer qu\u2019il a une bonne r\u00e9putation et qu\u2019il est facile \u00e0 utiliser. Vous voulez \u00e9galement vous assurer que le site compte ... Lire la suite\" \/>\n<meta property=\"og:url\" content=\"http:\/\/thehottieandthenottie.com\/fr\/sites-de-rencontres-sexuelles\/\" \/>\n<meta property=\"og:site_name\" content=\"Hotties \u00e0 proximit\u00e9\" \/>\n<meta name=\"twitter:card\" content=\"summary_large_image\" \/>\n<meta name=\"twitter:label1\" content=\"Dur\u00e9e de lecture estim\u00e9e\" \/>\n\t<meta name=\"twitter:data1\" content=\"4 minutes\" \/>\n<script type=\"application\/ld+json\" class=\"yoast-schema-graph\">{\"@context\":\"https:\/\/schema.org\",\"@graph\":[{\"@type\":\"WebSite\",\"@id\":\"https:\/\/thehottieandthenottie.com\/#website\",\"url\":\"https:\/\/thehottieandthenottie.com\/\",\"name\":\"Hotties \\u00e0 proximit\\u00e9\",\"description\":\"Rencontrez des femmes dans votre r\\u00e9gion\",\"potentialAction\":[{\"@type\":\"SearchAction\",\"target\":{\"@type\":\"EntryPoint\",\"urlTemplate\":\"https:\/\/thehottieandthenottie.com\/?s={search_term_string}\"},\"query-input\":\"required name=search_term_string\"}],\"inLanguage\":\"fr-FR\"},{\"@type\":\"WebPage\",\"@id\":\"http:\/\/thehottieandthenottie.com\/fr\/sites-de-rencontres-sexuelles\/#webpage\",\"url\":\"http:\/\/thehottieandthenottie.com\/fr\/sites-de-rencontres-sexuelles\/\",\"name\":\"Sites de rencontres sexuelles - Hotties \\u00e0 proximit\\u00e9\",\"isPartOf\":{\"@id\":\"https:\/\/thehottieandthenottie.com\/#website\"},\"datePublished\":\"2022-09-30T11:54:32+00:00\",\"dateModified\":\"2022-09-30T11:54:32+00:00\",\"breadcrumb\":{\"@id\":\"http:\/\/thehottieandthenottie.com\/fr\/sites-de-rencontres-sexuelles\/#breadcrumb\"},\"inLanguage\":\"fr-FR\",\"potentialAction\":[{\"@type\":\"ReadAction\",\"target\":[\"http:\/\/thehottieandthenottie.com\/fr\/sites-de-rencontres-sexuelles\/\"]}]},{\"@type\":\"BreadcrumbList\",\"@id\":\"http:\/\/thehottieandthenottie.com\/fr\/sites-de-rencontres-sexuelles\/#breadcrumb\",\"itemListElement\":[{\"@type\":\"ListItem\",\"position\":1,\"name\":\"Home\",\"item\":\"https:\/\/thehottieandthenottie.com\/fr\/\"},{\"@type\":\"ListItem\",\"position\":2,\"name\":\"Sites de rencontres sexuelles\"}]}]}<\/script>\n<!-- \/ Yoast SEO plugin. -->","yoast_head_json":{"title":"Sites de rencontres sexuelles - Hotties \u00e0 proximit\u00e9","robots":{"index":"index","follow":"follow","max-snippet":"max-snippet:-1","max-image-preview":"max-image-preview:large","max-video-preview":"max-video-preview:-1"},"canonical":"http:\/\/thehottieandthenottie.com\/fr\/sites-de-rencontres-sexuelles\/","og_locale":"fr_FR","og_type":"article","og_title":"Sites de rencontres sexuelles - Hotties \u00e0 proximit\u00e9","og_description":"Il existe de nombreux sites de messagerie sexuelle gratuits, mais tous ne valent pas la peine d\u2019\u00eatre utilis\u00e9s. Si vous recherchez un site qui vous aidera \u00e0 vous connecter avec quelqu\u2019un, vous voulez vous assurer qu\u2019il a une bonne r\u00e9putation et qu\u2019il est facile \u00e0 utiliser. Vous voulez \u00e9galement vous assurer que le site compte ... Lire la suite","og_url":"http:\/\/thehottieandthenottie.com\/fr\/sites-de-rencontres-sexuelles\/","og_site_name":"Hotties \u00e0 proximit\u00e9","twitter_card":"summary_large_image","twitter_misc":{"Dur\u00e9e de lecture estim\u00e9e":"4 minutes"},"schema":{"@context":"https:\/\/schema.org","@graph":[{"@type":"WebSite","@id":"https:\/\/thehottieandthenottie.com\/#website","url":"https:\/\/thehottieandthenottie.com\/","name":"Hotties \u00e0 proximit\u00e9","description":"Rencontrez des femmes dans votre r\u00e9gion","potentialAction":[{"@type":"SearchAction","target":{"@type":"EntryPoint","urlTemplate":"https:\/\/thehottieandthenottie.com\/?s={search_term_string}"},"query-input":"required name=search_term_string"}],"inLanguage":"fr-FR"},{"@type":"WebPage","@id":"http:\/\/thehottieandthenottie.com\/fr\/sites-de-rencontres-sexuelles\/#webpage","url":"http:\/\/thehottieandthenottie.com\/fr\/sites-de-rencontres-sexuelles\/","name":"Sites de rencontres sexuelles - Hotties \u00e0 proximit\u00e9","isPartOf":{"@id":"https:\/\/thehottieandthenottie.com\/#website"},"datePublished":"2022-09-30T11:54:32+00:00","dateModified":"2022-09-30T11:54:32+00:00","breadcrumb":{"@id":"http:\/\/thehottieandthenottie.com\/fr\/sites-de-rencontres-sexuelles\/#breadcrumb"},"inLanguage":"fr-FR","potentialAction":[{"@type":"ReadAction","target":["http:\/\/thehottieandthenottie.com\/fr\/sites-de-rencontres-sexuelles\/"]}]},{"@type":"BreadcrumbList","@id":"http:\/\/thehottieandthenottie.com\/fr\/sites-de-rencontres-sexuelles\/#breadcrumb","itemListElement":[{"@type":"ListItem","position":1,"name":"Home","item":"https:\/\/thehottieandthenottie.com\/fr\/"},{"@type":"ListItem","position":2,"name":"Sites de rencontres sexuelles"}]}]}},"_links":{"self":[{"href":"http:\/\/thehottieandthenottie.com\/fr\/wp-json\/wp\/v2\/pages\/616"}],"collection":[{"href":"http:\/\/thehottieandthenottie.com\/fr\/wp-json\/wp\/v2\/pages"}],"about":[{"href":"http:\/\/thehottieandthenottie.com\/fr\/wp-json\/wp\/v2\/types\/page"}],"author":[{"embeddable":true,"href":"http:\/\/thehottieandthenottie.com\/fr\/wp-json\/wp\/v2\/users\/1"}],"replies":[{"embeddable":true,"href":"http:\/\/thehottieandthenottie.com\/fr\/wp-json\/wp\/v2\/comments?post=616"}],"version-history":[{"count":0,"href":"http:\/\/thehottieandthenottie.com\/fr\/wp-json\/wp\/v2\/pages\/616\/revisions"}],"wp:attachment":[{"href":"http:\/\/thehottieandthenottie.com\/fr\/wp-json\/wp\/v2\/media?parent=616"}],"curies":[{"name":"wp","href":"https:\/\/api.w.org\/{rel}","templated":true}]}}