{"id":642,"date":"2022-09-30T12:53:59","date_gmt":"2022-09-30T11:53:59","guid":{"rendered":"http:\/\/thehottieandthenottie.com\/sexe-pres-de-chez-moi\/"},"modified":"2022-09-30T12:53:59","modified_gmt":"2022-09-30T11:53:59","slug":"sexe-pres-de-chez-moi","status":"publish","type":"page","link":"http:\/\/thehottieandthenottie.com\/fr\/sexe-pres-de-chez-moi\/","title":{"rendered":"Sexe pr\u00e8s de chez moi"},"content":{"rendered":"<p>Il n\u2019est pas n\u00e9cessaire de passer des heures en ligne \u00e0 chercher du \u00ab&nbsp;sexe gratuit pr\u00e8s de chez moi&nbsp;\u00bb. Dirigez-vous simplement vers votre bar ou club local et commencez \u00e0 discuter des connexions potentielles. Vous pourriez \u00eatre surpris de voir \u00e0 quel point il est facile de trouver quelqu\u2019un qui est en panne pour s\u2019amuser sans conditions. N\u2019oubliez pas d\u2019\u00eatre en s\u00e9curit\u00e9 et d\u2019utiliser une protection!<\/p>\n<h2>Trouver du sexe<\/h2>\n<p>Il n\u2019y a rien de tel que le frisson de savoir qu\u2019il y a du <a href=\"http:\/\/thehottieandthenottie.com\/swinger-sites\/\">sexe gratuit \u00e0 proximit\u00e9<\/a>. Qu\u2019il s\u2019agisse d\u2019une connexion unique ou d\u2019une chose r\u00e9guli\u00e8re, c\u2019est toujours excitant. Et, bien s\u00fbr, c\u2019est encore mieux quand vous n\u2019avez pas besoin d\u2019aller loin pour le trouver. Si vous recherchez du sexe gratuit \u00e0 proximit\u00e9, l\u2019un des meilleurs moyens de le trouver est de faire des rencontres en ligne. Il existe de nombreux sites et applications de rencontres qui peuvent vous aider \u00e0 vous connecter avec quelqu\u2019un qui s\u2019int\u00e9resse \u00e0 la m\u00eame chose. Bien s\u00fbr, vous pouvez \u00e9galement tenter votre chance dans les bars ou les clubs. Mais, si vous n\u2019\u00eates pas dans cette sc\u00e8ne, les rencontres en ligne sont certainement la voie \u00e0 suivre. Avec autant de gens \u00e0 la recherche de sexe gratuit, vous \u00eates s\u00fbr de trouver quelqu\u2019un qui est \u00e0 la recherche de cela.<\/p>\n<h2>Connexions locales<\/h2>\n<p>Lorsque vous essayez de trouver l\u2019amour, vous pouvez avoir l\u2019impression de chercher une aiguille dans une botte de foin. Mais si vous \u00e9largissez votre recherche pour inclure des partenaires potentiels qui vivent pr\u00e8s de chez vous, vos chances de trouver l\u2019amour augmentent de mani\u00e8re exponentielle. Et gr\u00e2ce \u00e0 la technologie, il est plus facile que jamais de trouver quelqu\u2019un qui baise pr\u00e8s de chez vous. Il existe un certain nombre d\u2019applications de rencontres et de sites Web qui vous permettent de rechercher des partenaires potentiels par emplacement. Donc, si vous cherchez l\u2019amour et que vous \u00eates pr\u00eat \u00e0 baiser pr\u00e8s de quelqu\u2019un, il y a de fortes chances que vous puissiez trouver ce que vous cherchez. Bien s\u00fbr, il n\u2019y a aucune garantie dans la vie. Mais si vous \u00eates ouvert \u00e0 baiser pr\u00e8s de quelqu\u2019un afin de trouver l\u2019amour, vous serez peut-\u00eatre surpris de voir \u00e0 quel point il est facile de trouver une correspondance. Alors allez-y et essayez-le. Vous pourriez bien trouver l\u2019amour de votre vie.<\/p>\n<h2>Rencontre sexuelle occasionnelle<\/h2>\n<p>Il n\u2019y a pas de r\u00e9ponse unique \u00e0 cette question puisque les gens ont des opinions diff\u00e9rentes sur ce qui est qualifi\u00e9 de \u00ab&nbsp;sexe occasionnel&nbsp;\u00bb. Pour certaines personnes, le sexe occasionnel fait r\u00e9f\u00e9rence \u00e0 une activit\u00e9 sexuelle qui n\u2019implique aucun type de connexion \u00e9motionnelle ou d\u2019engagement, tandis que pour d\u2019autres, il se r\u00e9f\u00e8re simplement \u00e0 du sexe qui ne fait pas partie d\u2019une relation monogame \u00e0 long terme.<\/p>\n<p>Si vous \u00eates int\u00e9ress\u00e9 \u00e0 explorer le sexe occasionnel, il y a quelques choses \u00e0 garder \u00e0 l\u2019esprit. Tout d\u2019abord, assurez-vous de communiquer avec votre (vos) partenaire (s) au sujet de vos attentes et des limites en mati\u00e8re de sexe. Il est \u00e9galement important d\u2019\u00eatre honn\u00eate avec vous-m\u00eame sur ce que vous recherchez et ce avec quoi vous \u00eates \u00e0 l\u2019aise. Si vous n\u2019\u00eates pas s\u00fbr, ce n\u2019est pas grave! Vous pouvez toujours exp\u00e9rimenter et voir ce qui vous fait du bien.<\/p>\n<p>Enfin, n\u2019oubliez pas de pratiquer des rapports sexuels prot\u00e9g\u00e9s en utilisant des pr\u00e9servatifs et \/ ou d\u2019autres formes de contr\u00f4le des naissances, et faites-vous tester r\u00e9guli\u00e8rement pour les MST. Le sexe occasionnel peut \u00eatre une fa\u00e7on amusante et excitante d\u2019explorer votre sexualit\u00e9, mais il est important d\u2019\u00eatre en s\u00e9curit\u00e9 et responsable.<\/p>\n<h3>Badoo<\/h3>\n<p>Badoo est une application de rencontres en ligne gratuite qui vous permet de rencontrer de nouvelles personnes dans votre r\u00e9gion. Il n\u2019est pas n\u00e9cessaire de cr\u00e9er un compte pour utiliser Badoo et vous pouvez commencer \u00e0 discuter avec les personnes \u00e0 proximit\u00e9 imm\u00e9diatement. L\u2019application dispose \u00e9galement d\u2019une option d\u2019abonnement payant qui vous donne acc\u00e8s \u00e0 des fonctionnalit\u00e9s suppl\u00e9mentaires telles que la messagerie illimit\u00e9e et la possibilit\u00e9 de voir qui a consult\u00e9 votre profil. Badoo n\u2019est pas une application de connexion et n\u2019est pas destin\u00e9e \u00e0 \u00eatre utilis\u00e9e comme un moyen de trouver du sexe gratuit pr\u00e8s de chez moi. Cependant, de nombreux utilisateurs utilisent l\u2019application \u00e0 cette fin et il est possible de trouver des personnes int\u00e9ress\u00e9es par des rencontres occasionnelles et sexuelles. L\u2019application est relativement s\u00fbre \u00e0 utiliser et il existe un certain nombre de fa\u00e7ons de signaler et de bloquer les utilisateurs qui se comportent de mani\u00e8re inappropri\u00e9e. Dans l\u2019ensemble, Badoo est une bonne option pour rencontrer de nouvelles personnes et potentiellement trouver des connexions occasionnelles.<\/p>\n<h3>Ashley Madison<\/h3>\n<p>Si vous cherchez un moyen discret d\u2019avoir une liaison ou une connexion, alors Ashley Madison est l\u2019application de rencontres qu\u2019il vous faut. Avec plus de 60 millions de membres dans le monde, c\u2019est l\u2019une des applications les plus populaires pour les personnes \u00e0 la recherche d\u2019affaires extraconjugales et de rencontres occasionnelles. L\u2019application est gratuite \u00e0 t\u00e9l\u00e9charger et \u00e0 utiliser, mais vous devrez acheter des cr\u00e9dits pour d\u00e9verrouiller certaines fonctionnalit\u00e9s. Dans l\u2019ensemble, Ashley Madison est une excellente application pour tous ceux qui recherchent un peu plus d\u2019excitation dans leur vie amoureuse.<\/p>\n<h3>DateMyAge<\/h3>\n<p>Si vous recherchez une nouvelle application de rencontres, DateMyAge est une excellente option. Il est gratuit \u00e0 t\u00e9l\u00e9charger et a une note de 4,5 \u00e9toiles sur l\u2019App Store. L\u2019application est con\u00e7ue pour les personnes de plus de 50 ans et est un excellent moyen de rencontrer de nouvelles personnes, que vous recherchiez l\u2019amiti\u00e9 ou l\u2019amour. L\u2019application est facile \u00e0 utiliser et poss\u00e8de de nombreuses fonctionnalit\u00e9s int\u00e9ressantes, comme la possibilit\u00e9 d\u2019afficher les profils d\u2019autres utilisateurs de votre r\u00e9gion. Vous pouvez \u00e9galement envoyer des messages et utiliser la fonction de chat pour mieux conna\u00eetre les autres utilisateurs.<\/p>\n<p>Dans l\u2019ensemble, je recommanderais certainement DateMyAge \u00e0 tous ceux qui recherchent une nouvelle application de rencontres. C\u2019est un excellent moyen de rencontrer de nouvelles personnes et son utilisation est gratuite.<\/p>\n","protected":false},"excerpt":{"rendered":"<p>Il n\u2019est pas n\u00e9cessaire de passer des heures en ligne \u00e0 chercher du \u00ab&nbsp;sexe gratuit pr\u00e8s de chez moi&nbsp;\u00bb. Dirigez-vous simplement vers votre bar ou club local et commencez \u00e0 discuter des connexions potentielles. Vous pourriez \u00eatre surpris de voir \u00e0 quel point il est facile de trouver quelqu\u2019un qui est en panne pour s\u2019amuser &#8230; <a title=\"Sexe pr\u00e8s de chez moi\" class=\"read-more\" href=\"http:\/\/thehottieandthenottie.com\/fr\/sexe-pres-de-chez-moi\/\" aria-label=\"En savoir plus sur Sexe pr\u00e8s de chez moi\">Lire la suite<\/a><\/p>\n","protected":false},"author":1,"featured_media":0,"parent":0,"menu_order":0,"comment_status":"closed","ping_status":"closed","template":"","meta":[],"yoast_head":"<!-- This site is optimized with the Yoast SEO plugin v17.7.1 - https:\/\/yoast.com\/wordpress\/plugins\/seo\/ -->\n<title>Sexe pr\u00e8s de chez moi - Hotties \u00e0 proximit\u00e9<\/title>\n<meta name=\"robots\" content=\"index, follow, max-snippet:-1, max-image-preview:large, max-video-preview:-1\" \/>\n<link rel=\"canonical\" href=\"http:\/\/thehottieandthenottie.com\/fr\/sexe-pres-de-chez-moi\/\" \/>\n<meta property=\"og:locale\" content=\"fr_FR\" \/>\n<meta property=\"og:type\" content=\"article\" \/>\n<meta property=\"og:title\" content=\"Sexe pr\u00e8s de chez moi - Hotties \u00e0 proximit\u00e9\" \/>\n<meta property=\"og:description\" content=\"Il n\u2019est pas n\u00e9cessaire de passer des heures en ligne \u00e0 chercher du \u00ab&nbsp;sexe gratuit pr\u00e8s de chez moi&nbsp;\u00bb. Dirigez-vous simplement vers votre bar ou club local et commencez \u00e0 discuter des connexions potentielles. Vous pourriez \u00eatre surpris de voir \u00e0 quel point il est facile de trouver quelqu\u2019un qui est en panne pour s\u2019amuser ... Lire la suite\" \/>\n<meta property=\"og:url\" content=\"http:\/\/thehottieandthenottie.com\/fr\/sexe-pres-de-chez-moi\/\" \/>\n<meta property=\"og:site_name\" content=\"Hotties \u00e0 proximit\u00e9\" \/>\n<meta name=\"twitter:card\" content=\"summary_large_image\" \/>\n<meta name=\"twitter:label1\" content=\"Dur\u00e9e de lecture estim\u00e9e\" \/>\n\t<meta name=\"twitter:data1\" content=\"5 minutes\" \/>\n<script type=\"application\/ld+json\" class=\"yoast-schema-graph\">{\"@context\":\"https:\/\/schema.org\",\"@graph\":[{\"@type\":\"WebSite\",\"@id\":\"https:\/\/thehottieandthenottie.com\/#website\",\"url\":\"https:\/\/thehottieandthenottie.com\/\",\"name\":\"Hotties \\u00e0 proximit\\u00e9\",\"description\":\"Rencontrez des femmes dans votre r\\u00e9gion\",\"potentialAction\":[{\"@type\":\"SearchAction\",\"target\":{\"@type\":\"EntryPoint\",\"urlTemplate\":\"https:\/\/thehottieandthenottie.com\/?s={search_term_string}\"},\"query-input\":\"required name=search_term_string\"}],\"inLanguage\":\"fr-FR\"},{\"@type\":\"WebPage\",\"@id\":\"http:\/\/thehottieandthenottie.com\/fr\/sexe-pres-de-chez-moi\/#webpage\",\"url\":\"http:\/\/thehottieandthenottie.com\/fr\/sexe-pres-de-chez-moi\/\",\"name\":\"Sexe pr\\u00e8s de chez moi - Hotties \\u00e0 proximit\\u00e9\",\"isPartOf\":{\"@id\":\"https:\/\/thehottieandthenottie.com\/#website\"},\"datePublished\":\"2022-09-30T11:53:59+00:00\",\"dateModified\":\"2022-09-30T11:53:59+00:00\",\"breadcrumb\":{\"@id\":\"http:\/\/thehottieandthenottie.com\/fr\/sexe-pres-de-chez-moi\/#breadcrumb\"},\"inLanguage\":\"fr-FR\",\"potentialAction\":[{\"@type\":\"ReadAction\",\"target\":[\"http:\/\/thehottieandthenottie.com\/fr\/sexe-pres-de-chez-moi\/\"]}]},{\"@type\":\"BreadcrumbList\",\"@id\":\"http:\/\/thehottieandthenottie.com\/fr\/sexe-pres-de-chez-moi\/#breadcrumb\",\"itemListElement\":[{\"@type\":\"ListItem\",\"position\":1,\"name\":\"Home\",\"item\":\"http:\/\/thehottieandthenottie.com\/fr\/\"},{\"@type\":\"ListItem\",\"position\":2,\"name\":\"Sexe pr\\u00e8s de chez moi\"}]}]}<\/script>\n<!-- \/ Yoast SEO plugin. -->","yoast_head_json":{"title":"Sexe pr\u00e8s de chez moi - Hotties \u00e0 proximit\u00e9","robots":{"index":"index","follow":"follow","max-snippet":"max-snippet:-1","max-image-preview":"max-image-preview:large","max-video-preview":"max-video-preview:-1"},"canonical":"http:\/\/thehottieandthenottie.com\/fr\/sexe-pres-de-chez-moi\/","og_locale":"fr_FR","og_type":"article","og_title":"Sexe pr\u00e8s de chez moi - Hotties \u00e0 proximit\u00e9","og_description":"Il n\u2019est pas n\u00e9cessaire de passer des heures en ligne \u00e0 chercher du \u00ab&nbsp;sexe gratuit pr\u00e8s de chez moi&nbsp;\u00bb. Dirigez-vous simplement vers votre bar ou club local et commencez \u00e0 discuter des connexions potentielles. Vous pourriez \u00eatre surpris de voir \u00e0 quel point il est facile de trouver quelqu\u2019un qui est en panne pour s\u2019amuser ... Lire la suite","og_url":"http:\/\/thehottieandthenottie.com\/fr\/sexe-pres-de-chez-moi\/","og_site_name":"Hotties \u00e0 proximit\u00e9","twitter_card":"summary_large_image","twitter_misc":{"Dur\u00e9e de lecture estim\u00e9e":"5 minutes"},"schema":{"@context":"https:\/\/schema.org","@graph":[{"@type":"WebSite","@id":"https:\/\/thehottieandthenottie.com\/#website","url":"https:\/\/thehottieandthenottie.com\/","name":"Hotties \u00e0 proximit\u00e9","description":"Rencontrez des femmes dans votre r\u00e9gion","potentialAction":[{"@type":"SearchAction","target":{"@type":"EntryPoint","urlTemplate":"https:\/\/thehottieandthenottie.com\/?s={search_term_string}"},"query-input":"required name=search_term_string"}],"inLanguage":"fr-FR"},{"@type":"WebPage","@id":"http:\/\/thehottieandthenottie.com\/fr\/sexe-pres-de-chez-moi\/#webpage","url":"http:\/\/thehottieandthenottie.com\/fr\/sexe-pres-de-chez-moi\/","name":"Sexe pr\u00e8s de chez moi - Hotties \u00e0 proximit\u00e9","isPartOf":{"@id":"https:\/\/thehottieandthenottie.com\/#website"},"datePublished":"2022-09-30T11:53:59+00:00","dateModified":"2022-09-30T11:53:59+00:00","breadcrumb":{"@id":"http:\/\/thehottieandthenottie.com\/fr\/sexe-pres-de-chez-moi\/#breadcrumb"},"inLanguage":"fr-FR","potentialAction":[{"@type":"ReadAction","target":["http:\/\/thehottieandthenottie.com\/fr\/sexe-pres-de-chez-moi\/"]}]},{"@type":"BreadcrumbList","@id":"http:\/\/thehottieandthenottie.com\/fr\/sexe-pres-de-chez-moi\/#breadcrumb","itemListElement":[{"@type":"ListItem","position":1,"name":"Home","item":"http:\/\/thehottieandthenottie.com\/fr\/"},{"@type":"ListItem","position":2,"name":"Sexe pr\u00e8s de chez moi"}]}]}},"_links":{"self":[{"href":"http:\/\/thehottieandthenottie.com\/fr\/wp-json\/wp\/v2\/pages\/642"}],"collection":[{"href":"http:\/\/thehottieandthenottie.com\/fr\/wp-json\/wp\/v2\/pages"}],"about":[{"href":"http:\/\/thehottieandthenottie.com\/fr\/wp-json\/wp\/v2\/types\/page"}],"author":[{"embeddable":true,"href":"http:\/\/thehottieandthenottie.com\/fr\/wp-json\/wp\/v2\/users\/1"}],"replies":[{"embeddable":true,"href":"http:\/\/thehottieandthenottie.com\/fr\/wp-json\/wp\/v2\/comments?post=642"}],"version-history":[{"count":0,"href":"http:\/\/thehottieandthenottie.com\/fr\/wp-json\/wp\/v2\/pages\/642\/revisions"}],"wp:attachment":[{"href":"http:\/\/thehottieandthenottie.com\/fr\/wp-json\/wp\/v2\/media?parent=642"}],"curies":[{"name":"wp","href":"https:\/\/api.w.org\/{rel}","templated":true}]}}