{"id":296,"date":"2022-09-09T10:59:01","date_gmt":"2022-09-09T09:59:01","guid":{"rendered":"http:\/\/thehottieandthenottie.com\/napaljene-zene-u-potrazi-za-seksom-lezerne-spojeve\/"},"modified":"2022-09-09T10:59:01","modified_gmt":"2022-09-09T09:59:01","slug":"napaljene-zene-u-potrazi-za-seksom-lezerne-spojeve","status":"publish","type":"page","link":"http:\/\/thehottieandthenottie.com\/hr\/","title":{"rendered":"Napaljene \u017eene u potrazi za seksom &#8211; le\u017eerne spojeve"},"content":{"rendered":"<p><img loading=\"lazy\" class=\"aligncenter wp-image-77\" src=\"http:\/\/thehottieandthenottie.com\/wp-content\/uploads\/2022\/09\/real-dating-apps-1024x683.jpeg\" alt=\"\" width=\"649\" height=\"433\" srcset=\"http:\/\/thehottieandthenottie.com\/wp-content\/uploads\/2022\/09\/real-dating-apps-1024x683.jpeg 1024w, http:\/\/thehottieandthenottie.com\/wp-content\/uploads\/2022\/09\/real-dating-apps-300x200.jpeg 300w, http:\/\/thehottieandthenottie.com\/wp-content\/uploads\/2022\/09\/real-dating-apps-768x512.jpeg 768w, http:\/\/thehottieandthenottie.com\/wp-content\/uploads\/2022\/09\/real-dating-apps.jpeg 1125w\" sizes=\"(max-width: 649px) 100vw, 649px\" \/><\/p>\n<p>Mnogi se ljudi okre\u0107u besplatnim web lokacijama za upoznavanje i aplikaciji za spajanje kako bi prona\u0161li povremene seksualne partnere. Ove web stranice i aplikacije olak\u0161avaju i pristupa\u010dne susrete s nekim tko dijeli va\u0161e iste interese. Oni su tako\u0111er anonimni, \u0161to zna\u010di da mo\u017eete pregledavati profile bez potrebe za otkrivanjem bilo \u010dega o sebi.<\/p>\n<p>Postoji mno\u0161tvo opcija, ali suzili smo popis na 10 sjajnih mjesta na kojima mo\u017eete prona\u0107i le\u017eerne susrete. Bilo da tra\u017eite ne\u0161to ozbiljno ili samo \u017eelite isprobati ne\u0161to druga\u010dije, evo najboljih web lokacija za spajanje i aplikacija za pronala\u017eenje le\u017eernog seksa.<\/p>\n<h2>\u017deli\u0161 li se po\u0161eviti?<\/h2>\n<p>Postoji mnogo opcija za pronala\u017eenje neobaveznih susreta na mre\u017ei, bilo da se radi o brzom spajanju, dugoro\u010dnoj vezi ili \u010dak samo nekoj zabavi bez obaveza. Ali \u0161to ako \u017eeli\u0161 ne\u0161to druga\u010dije? \u0160to ako tra\u017eite vezu za jednu no\u0107 ili diskretnu aferu? Ako vam ne smeta unaprijed o tome \u0161to \u017eelite u\u010diniti, ovih deset web lokacija sigurno \u0107e odgovarati ra\u010dunu.<\/p>\n<h2>Koje aplikacije isprobati?<\/h2>\n<p>Prvo, web stranice za spajanje su stvar. Zapravo, oni su danas vrlo \u010desti. I dok se izraz &#8220;spajanje&#8221; mo\u017ee \u010diniti kao ne\u0161to \u0161to se doga\u0111a samo iza zatvorenih vrata, zapravo se odnosi na sve \u0161to se doga\u0111a izvan predane veze. Mo\u017eete misliti o tome kao o na\u010dinu da prona\u0111ete nekoga s kim \u0107ete opu\u0161teno izlaziti.<\/p>\n<p>Postoji mnogo razli\u010ditih vrsta web lokacija za spajanje, od onih koje se usredoto\u010duju isklju\u010divo na seks do onih koje zadovoljavaju oba spola. Postoje \u010dak i neki koji su posebno dizajnirani za homoseksualce ili za kinkove<\/p>\n<p>Ve\u0107 neko vrijeme slu\u0161amo o spajanjima, ali nikada zapravo nismo znali \u0161to to to\u010dno zna\u010di. Pa, danas smo ovdje da vam ka\u017eemo sve \u0161to se mo\u017ee znati o stranicama za spajanje.<\/p>\n<h3>Ashley Madison &#8211; Sredi\u0161te varalica<\/h3>\n<p>Ako je varanje ono \u0161to tra\u017eite, pogledajte Ashley Madison. Ova je stranica posebno dizajnirana za o\u017eenjene ljude koji tra\u017ee afere. Ako ste spremni malo kopati, prona\u0107i \u0107ete puno seksi samaca i \u017eena koji su otvoreni za diskretne odnose.<\/p>\n<p>AshleyMadison.com je da\u0161ak svje\u017eeg online zraka za one koji tra\u017ee ljubav, romantiku ili samo neku zabavu. S vi\u0161e od 50 milijuna \u010dlanova \u0161irom svijeta, AshleyMadison.com je najve\u0107a svjetska stranica za osobne osobe za odrasle. Bilo da tra\u017eite povremene susrete, ozbiljnu vezu ili \u010dak brak, puno je ljudi koji \u010dekaju da vas upoznaju.<\/p>\n<p><img loading=\"lazy\" class=\"aligncenter wp-image-76\" src=\"http:\/\/thehottieandthenottie.com\/wp-content\/uploads\/2022\/09\/online-hookups-1024x683.jpeg\" alt=\"\" width=\"517\" height=\"345\" srcset=\"http:\/\/thehottieandthenottie.com\/wp-content\/uploads\/2022\/09\/online-hookups-1024x683.jpeg 1024w, http:\/\/thehottieandthenottie.com\/wp-content\/uploads\/2022\/09\/online-hookups-300x200.jpeg 300w, http:\/\/thehottieandthenottie.com\/wp-content\/uploads\/2022\/09\/online-hookups-768x512.jpeg 768w, http:\/\/thehottieandthenottie.com\/wp-content\/uploads\/2022\/09\/online-hookups.jpeg 1125w\" sizes=\"(max-width: 517px) 100vw, 517px\" \/><\/p>\n<h3>AdultFriendFinder &#8211; Pouzdana platforma za spajanje<\/h3>\n<p>S vi\u0161e od tri milijuna \u010dlanova \u0161irom svijeta, AFF nudi mnogo na\u010dina za povezivanje s drugima. Mo\u017eete koristiti tekstualne poruke, video chat s web kamere ili se \u010dak pridru\u017eiti grupnom sastanku kako biste ispunili svoje seksualne potrebe.<\/p>\n<p>Adult Friend Finder (AFF), jedno od najpopularnijih web mjesta za odrasle swinger parova i swingera, nudi sigurno okru\u017eenje u kojem ljudi mogu upoznati druge zainteresirane za ljulja\u010dke aktivnosti, poput grupnog seksa, trojke i \u010detvorke. Swingeri se poti\u010du da objavljuju svoje fotografije i videozapise u akciji, a svi ostali koji \u017eele vidjeti kako je to mo\u017ee se prijaviti za \u010dlanstvo.<\/p>\n<p>Stranica uklju\u010duje veliku bazu aktivnih \u010dlanova, od kojih mnogi tra\u017ee povremene susrete. Postoje stotine tisu\u0107a \u010dlanova, a broj i dalje raste svakim danom. Ljudi koriste stranicu kako bi prona\u0161li partnere za sve, od jednostavnih veza za jednu no\u0107 do dugoro\u010dnih odnosa.<\/p>\n<h3>Tinder &#8211; va\u0161a pouzdana opcija<\/h3>\n<p>Tinder je jedna od najpopularnijih aplikacija za upoznavanje. Njegova le\u017eerna atmosfera poti\u010de koketni razgovor, \u0161to dovodi do brzih utakmica i jo\u0161 br\u017eih spojeva. Korisnike se poti\u010de da prije\u0111u prstom ulijevo ako im se ne svi\u0111a ne\u010dija fotografija; u suprotnom prelaze prstom udesno. Ako se obje strane podudaraju, vidjet \u0107ete me\u0111usobne profilne slike i bios. Mo\u017eete pisati o sebi i odabrati \u017eelite li uklju\u010diti svoju sliku.<\/p>\n<p>Popularnost aplikacije eksplodirala je od pokretanja 2012. godine. U 2013. godini tvrtka je izvijestila da su njezini dnevni aktivni korisnici narasli na oko 5 milijuna. Do 2016. taj je broj narastao na 15 milijuna. Danas se aplikacija mo\u017ee pohvaliti s 50 milijuna mjese\u010dno aktivnih korisnika.<\/p>\n<p>U lipnju 2017. godine Tinder je najavio planove za pokretanje premium verzije aplikacije pod nazivom &#8220;Tinder Gold&#8221;. Ova verzija omogu\u0107uje \u010dlanovima slanje neograni\u010denih poruka i omogu\u0107uje im pregled profila bez pla\u0107anja.<\/p>\n<h3>69Fuck<\/h3>\n<p>Svijet internetskih spojeva brzo se mijenja. Zahvaljuju\u0107i razvoju Interneta, ljudi sada imaju pristup informacijama o potencijalnim partnerima doslovno na dohvat ruke. Ovaj trend doveo je do pojave mnogih razli\u010ditih vrsta internetskih platformi za upoznavanje. Me\u0111u njima postoji jedan koji se zove 69Fuck. Ova stranica tvrdi da je najbolje lokalno mjesto za spajanje. Dakle, pogledajmo pobli\u017ee \u0161to \u010dini ovu stranicu istaknutom od gomile.<\/p>\n<p>69Fuck je internetska platforma za upoznavanje na kojoj \u010dlanovi mogu prona\u0107i datum u svom gradu. Ka\u017eu da nude \u0161irok raspon gradova \u0161irom svijeta, uklju\u010duju\u0107i preko 30 zemalja. Njihov je cilj pomo\u0107i mu\u0161karcima i \u017eenama da se pove\u017eu u stvarnom \u017eivotu. Da bi to postigli, pru\u017eaju nekoliko alata koji olak\u0161avaju upoznavanje nekoga. Na primjer, omogu\u0107uju korisnicima da prenesu svoju fotografiju, napi\u0161u kratku biografiju i odaberu profilnu sliku.<\/p>\n<p>Osim toga, daju vam 24 sata besplatnog \u010dlanstva. Nakon toga mo\u017eete platiti 19 USD mjese\u010dno za otklju\u010davanje dodatnih zna\u010dajki poput neograni\u010denih poruka i profila za pregledavanje. Mo\u017eete otkazati bilo kada, a da ni\u0161ta ne platite.<\/p>\n<h2>Kako odabrati onu pravu za vas?<\/h2>\n<p>Svi znamo da pronalazak spoja mo\u017ee biti te\u017eak. I svi znamo da postoji mnogo razli\u010ditih vrsta datuma. Ali \u0161to je s onim vremenima kada ti se jednostavno ne da sastajati s nekim? Ili mo\u017eda tra\u017ei\u0161 ne\u0161to ozbiljnije? Pa, do\u0161li ste na pravo mjesto. Prikupili smo neke informacije o najboljim web lokacijama za spajanje na Internetu danas.<\/p>\n<p>Stranica je apsolutno besplatna i nudi pristup i neudanim \u017eenama i mu\u0161karcima. Ovdje \u0107ete prona\u0107i sve &#8211; od chatova putem web kamere u\u017eivo do soba za video chat u kojima mo\u017eete upoznati lokalne samce. Nema skrivenih naknada ili naknada. Zapravo, ako odlu\u010dite nadograditi na premium \u010dlanstvo, dobit \u0107ete jo\u0161 vi\u0161e zna\u010dajki i pogodnosti.<\/p>\n<p>Mo\u017eete odabrati \u017eelite li koristiti mobilne aplikacije ili preglednike za stolna ra\u010dunala. Ako se odlu\u010dite za potonje, mo\u017eete u\u017eivati u prakti\u010dnosti da se mo\u017eete prijaviti kad god i gdje god. Sve \u0161to trebate u\u010diniti je prijaviti se i po\u010deti pregledavati!<\/p>\n<p>Nakon \u0161to prona\u0111ete profil osobe koju \u017eelite upoznati, mo\u017eete joj izravno slati poruke. Na taj na\u010din ne\u0107ete gubiti vrijeme poku\u0161avaju\u0107i shvatiti kako kontaktirati osobu. Samo napi\u0161ite kratku poruku i pritisnite &#8220;po\u0161alji&#8221;.<\/p>\n<p>Ako ste zainteresirani za \u010davrljanje s drugima, mo\u017eete se pridru\u017eiti javnim grupama, privatnim chat sobama ili \u010dak oti\u0107i ravno na sesije kamera u\u017eivo. Ove su opcije savr\u0161ene za one koji se \u017eele sprijateljiti dok se zabavljaju.<\/p>\n","protected":false},"excerpt":{"rendered":"<p>Mnogi se ljudi okre\u0107u besplatnim web lokacijama za upoznavanje i aplikaciji za spajanje kako bi prona\u0161li povremene seksualne partnere. Ove web stranice i aplikacije olak\u0161avaju i pristupa\u010dne susrete s nekim tko dijeli va\u0161e iste interese. Oni su tako\u0111er anonimni, \u0161to zna\u010di da mo\u017eete pregledavati profile bez potrebe za otkrivanjem bilo \u010dega o sebi. Postoji mno\u0161tvo &#8230; <a title=\"Napaljene \u017eene u potrazi za seksom &#8211; le\u017eerne spojeve\" class=\"read-more\" href=\"http:\/\/thehottieandthenottie.com\/hr\/\" aria-label=\"More on Napaljene \u017eene u potrazi za seksom &#8211; le\u017eerne spojeve\">Op\u0161irnije<\/a><\/p>\n","protected":false},"author":1,"featured_media":0,"parent":0,"menu_order":0,"comment_status":"closed","ping_status":"closed","template":"","meta":[],"yoast_head":"<!-- This site is optimized with the Yoast SEO plugin v17.7.1 - https:\/\/yoast.com\/wordpress\/plugins\/seo\/ -->\n<title>Napaljene \u017eene u potrazi za seksom - le\u017eerne spojeve - Hotties u blizini<\/title>\n<meta name=\"description\" content=\"META opis\" \/>\n<meta name=\"robots\" content=\"index, follow, max-snippet:-1, max-image-preview:large, max-video-preview:-1\" \/>\n<link rel=\"canonical\" href=\"http:\/\/thehottieandthenottie.com\/hr\/\" \/>\n<meta property=\"og:locale\" content=\"hr_HR\" \/>\n<meta property=\"og:type\" content=\"article\" \/>\n<meta property=\"og:title\" content=\"Napaljene \u017eene u potrazi za seksom - le\u017eerne spojeve - Hotties u blizini\" \/>\n<meta property=\"og:description\" content=\"META opis\" \/>\n<meta property=\"og:url\" content=\"http:\/\/thehottieandthenottie.com\/hr\/\" \/>\n<meta property=\"og:site_name\" content=\"Hotties u blizini\" \/>\n<meta property=\"og:image\" content=\"http:\/\/thehottieandthenottie.com\/wp-content\/uploads\/2022\/09\/real-dating-apps-1024x683.jpeg\" \/>\n<meta name=\"twitter:card\" content=\"summary_large_image\" \/>\n<meta name=\"twitter:label1\" content=\"Procijenjeno vrijeme \u010ditanja\" \/>\n\t<meta name=\"twitter:data1\" content=\"6 minuta\" \/>\n<script type=\"application\/ld+json\" class=\"yoast-schema-graph\">{\"@context\":\"https:\/\/schema.org\",\"@graph\":[{\"@type\":\"WebSite\",\"@id\":\"https:\/\/thehottieandthenottie.com\/#website\",\"url\":\"https:\/\/thehottieandthenottie.com\/\",\"name\":\"Hotties u blizini\",\"description\":\"Upoznajte \\u017eene u va\\u0161em podru\\u010dju\",\"potentialAction\":[{\"@type\":\"SearchAction\",\"target\":{\"@type\":\"EntryPoint\",\"urlTemplate\":\"https:\/\/thehottieandthenottie.com\/?s={search_term_string}\"},\"query-input\":\"required name=search_term_string\"}],\"inLanguage\":\"hr\"},{\"@type\":\"ImageObject\",\"@id\":\"http:\/\/thehottieandthenottie.com\/hr\/#primaryimage\",\"inLanguage\":\"hr\",\"url\":\"http:\/\/thehottieandthenottie.com\/wp-content\/uploads\/2022\/09\/real-dating-apps.jpeg\",\"contentUrl\":\"http:\/\/thehottieandthenottie.com\/wp-content\/uploads\/2022\/09\/real-dating-apps.jpeg\",\"width\":1125,\"height\":750},{\"@type\":\"WebPage\",\"@id\":\"http:\/\/thehottieandthenottie.com\/hr\/#webpage\",\"url\":\"http:\/\/thehottieandthenottie.com\/hr\/\",\"name\":\"Napaljene \\u017eene u potrazi za seksom - le\\u017eerne spojeve - Hotties u blizini\",\"isPartOf\":{\"@id\":\"https:\/\/thehottieandthenottie.com\/#website\"},\"primaryImageOfPage\":{\"@id\":\"http:\/\/thehottieandthenottie.com\/hr\/#primaryimage\"},\"datePublished\":\"2022-09-09T09:59:01+00:00\",\"dateModified\":\"2022-09-09T09:59:01+00:00\",\"description\":\"META opis\",\"breadcrumb\":{\"@id\":\"http:\/\/thehottieandthenottie.com\/hr\/#breadcrumb\"},\"inLanguage\":\"hr\",\"potentialAction\":[{\"@type\":\"ReadAction\",\"target\":[\"http:\/\/thehottieandthenottie.com\/hr\/\"]}]},{\"@type\":\"BreadcrumbList\",\"@id\":\"http:\/\/thehottieandthenottie.com\/hr\/#breadcrumb\",\"itemListElement\":[{\"@type\":\"ListItem\",\"position\":1,\"name\":\"Home\",\"item\":\"https:\/\/thehottieandthenottie.com\/hr\/\"},{\"@type\":\"ListItem\",\"position\":2,\"name\":\"Napaljene \\u017eene u potrazi za seksom &#8211; le\\u017eerne spojeve\"}]}]}<\/script>\n<!-- \/ Yoast SEO plugin. -->","yoast_head_json":{"title":"Napaljene \u017eene u potrazi za seksom - le\u017eerne spojeve - Hotties u blizini","description":"META opis","robots":{"index":"index","follow":"follow","max-snippet":"max-snippet:-1","max-image-preview":"max-image-preview:large","max-video-preview":"max-video-preview:-1"},"canonical":"http:\/\/thehottieandthenottie.com\/hr\/","og_locale":"hr_HR","og_type":"article","og_title":"Napaljene \u017eene u potrazi za seksom - le\u017eerne spojeve - Hotties u blizini","og_description":"META opis","og_url":"http:\/\/thehottieandthenottie.com\/hr\/","og_site_name":"Hotties u blizini","og_image":[{"url":"http:\/\/thehottieandthenottie.com\/wp-content\/uploads\/2022\/09\/real-dating-apps-1024x683.jpeg"}],"twitter_card":"summary_large_image","twitter_misc":{"Procijenjeno vrijeme \u010ditanja":"6 minuta"},"schema":{"@context":"https:\/\/schema.org","@graph":[{"@type":"WebSite","@id":"https:\/\/thehottieandthenottie.com\/#website","url":"https:\/\/thehottieandthenottie.com\/","name":"Hotties u blizini","description":"Upoznajte \u017eene u va\u0161em podru\u010dju","potentialAction":[{"@type":"SearchAction","target":{"@type":"EntryPoint","urlTemplate":"https:\/\/thehottieandthenottie.com\/?s={search_term_string}"},"query-input":"required name=search_term_string"}],"inLanguage":"hr"},{"@type":"ImageObject","@id":"http:\/\/thehottieandthenottie.com\/hr\/#primaryimage","inLanguage":"hr","url":"http:\/\/thehottieandthenottie.com\/wp-content\/uploads\/2022\/09\/real-dating-apps.jpeg","contentUrl":"http:\/\/thehottieandthenottie.com\/wp-content\/uploads\/2022\/09\/real-dating-apps.jpeg","width":1125,"height":750},{"@type":"WebPage","@id":"http:\/\/thehottieandthenottie.com\/hr\/#webpage","url":"http:\/\/thehottieandthenottie.com\/hr\/","name":"Napaljene \u017eene u potrazi za seksom - le\u017eerne spojeve - Hotties u blizini","isPartOf":{"@id":"https:\/\/thehottieandthenottie.com\/#website"},"primaryImageOfPage":{"@id":"http:\/\/thehottieandthenottie.com\/hr\/#primaryimage"},"datePublished":"2022-09-09T09:59:01+00:00","dateModified":"2022-09-09T09:59:01+00:00","description":"META opis","breadcrumb":{"@id":"http:\/\/thehottieandthenottie.com\/hr\/#breadcrumb"},"inLanguage":"hr","potentialAction":[{"@type":"ReadAction","target":["http:\/\/thehottieandthenottie.com\/hr\/"]}]},{"@type":"BreadcrumbList","@id":"http:\/\/thehottieandthenottie.com\/hr\/#breadcrumb","itemListElement":[{"@type":"ListItem","position":1,"name":"Home","item":"https:\/\/thehottieandthenottie.com\/hr\/"},{"@type":"ListItem","position":2,"name":"Napaljene \u017eene u potrazi za seksom &#8211; le\u017eerne spojeve"}]}]}},"_links":{"self":[{"href":"http:\/\/thehottieandthenottie.com\/hr\/wp-json\/wp\/v2\/pages\/296"}],"collection":[{"href":"http:\/\/thehottieandthenottie.com\/hr\/wp-json\/wp\/v2\/pages"}],"about":[{"href":"http:\/\/thehottieandthenottie.com\/hr\/wp-json\/wp\/v2\/types\/page"}],"author":[{"embeddable":true,"href":"http:\/\/thehottieandthenottie.com\/hr\/wp-json\/wp\/v2\/users\/1"}],"replies":[{"embeddable":true,"href":"http:\/\/thehottieandthenottie.com\/hr\/wp-json\/wp\/v2\/comments?post=296"}],"version-history":[{"count":0,"href":"http:\/\/thehottieandthenottie.com\/hr\/wp-json\/wp\/v2\/pages\/296\/revisions"}],"wp:attachment":[{"href":"http:\/\/thehottieandthenottie.com\/hr\/wp-json\/wp\/v2\/media?parent=296"}],"curies":[{"name":"wp","href":"https:\/\/api.w.org\/{rel}","templated":true}]}}