{"id":555,"date":"2022-09-30T12:57:19","date_gmt":"2022-09-30T11:57:19","guid":{"rendered":"http:\/\/thehottieandthenottie.com\/swinger-stranice\/"},"modified":"2022-09-30T12:57:19","modified_gmt":"2022-09-30T11:57:19","slug":"swinger-stranice","status":"publish","type":"page","link":"http:\/\/thehottieandthenottie.com\/hr\/swinger-stranice\/","title":{"rendered":"Swinger stranice"},"content":{"rendered":"<p>Postoji mnogo lokalnih swinger stranica koje mo\u017eete koristiti za spajanje s ljudima u va\u0161em podru\u010dju. Ove su web stranice izvrstan na\u010din za upoznavanje novih ljudi i istra\u017eivanje va\u0161ih seksualnih granica. Ove web stranice mo\u017eete koristiti za pronala\u017eenje ljudi koji se bave istim stvarima kao i vi i koji tra\u017ee dobar provod. Ove web stranice mo\u017eete koristiti i za pronala\u017eenje ljudi koji tra\u017ee ozbiljnu vezu. Ako tra\u017eite spajanje, svakako biste trebali pogledati neke od lokalnih swingerskih stranica.<\/p>\n<p>Na internetu su dostupne razne swingerske web stranice koje zadovoljavaju razli\u010ditu publiku. Neke swingerske stranice usmjerene su prema parovima koji tra\u017ee druge parove s kojima \u0107e se ljuljati, dok su druge usmjerene prema samcima koji su zainteresirani za upoznavanje drugih samaca u svrhu ljuljanja. Swinger stranice obi\u010dno imaju \u0161irok raspon zna\u010dajki i mogu\u0107nosti koje korisnici mogu iskoristiti, a pru\u017eaju sigurno i sigurno okru\u017eenje za ljude da se pove\u017eu i istra\u017ee svoje seksualne interese.<\/p>\n<h2>Web stranice za spajanje swingera<\/h2>\n<p>Ima ne\u0161to u <a href=\"http:\/\/thehottieandthenottie.com\/free-adult-classifieds\/\">uzbu\u0111enju spajanja sa strancem<\/a> \u0161to se jednostavno ne mo\u017ee pobijediti. A ako tra\u017eite ljubav, veze za swingere savr\u0161en su na\u010din da odete. Mo\u017eete upoznati nove ljude, istra\u017eiti nova seksualna iskustva i pritom se zabaviti. Osim toga, nikad ne znate gdje biste mogli prona\u0107i svoj savr\u0161eni par. Dakle, ako ste spremni za\u010diniti svoj ljubavni \u017eivot, swingerske veze su pravi put.<\/p>\n<p>Ako \u017eelite dodati malo za\u010dina svom \u017eivotu za upoznavanje, mo\u017eda biste trebali pogledati lokalnu web stranicu za swingere. Swinger stranice izvrstan su na\u010din za upoznavanje novih ljudi koji dijele va\u0161e iste interese. Mo\u017eete pregledavati profile i prona\u0107i ljude u svom podru\u010dju koje zanimaju iste stvari kao i vi. Osim toga, mo\u017eete razgovarati s drugim \u010dlanovima i upoznati ih prije nego \u0161to se osobno sretnete. Swinger stranice izvrstan su na\u010din da se zabavite i upoznate nove ljude.<\/p>\n<h3>SimpleFlirts<\/h3>\n<p>Ako tra\u017eite lokalnu swinger stranicu, SimpleFlirts je izvrsna opcija. Web-mjesto ima veliku bazu podataka \u010dlanova, tako da \u0107ete sigurno prona\u0107i nekoga u svom podru\u010dju. Funkcija pretra\u017eivanja jednostavna je za kori\u0161tenje, a rezultate mo\u017eete filtrirati prema dobi, lokaciji i interesima. Sustav za razmjenu poruka jednostavan je i jednostavan za kori\u0161tenje, a mo\u017eete slati i fotografije i videozapise. Stranica tako\u0111er ima mobilnu aplikaciju, tako da svom ra\u010dunu mo\u017eete pristupiti u pokretu. Jedini nedostatak je \u0161to stranica nema puno zvona i zvi\u017eduka &#8211; ali je savr\u0161ena za pronala\u017eenje lokalnih swingera.<\/p>\n<h3>SextFun<\/h3>\n<p>SextFun je aplikacija za upoznavanje koja me\u0111usobno povezuje lokalne swingere. Aplikacija je besplatna za preuzimanje i kori\u0161tenje, a nudi razne zna\u010dajke koje olak\u0161avaju povezivanje s drugim swingerima u va\u0161em podru\u010dju. SextFun tako\u0111er nudi razne zna\u010dajke koje olak\u0161avaju pronala\u017eenje i povezivanje s drugim lokalnim swingerima. Aplikacija je dostupna i za iOS i za Android i to je sjajan na\u010din da upoznate druge lokalne swingere u va\u0161em podru\u010dju.<\/p>\n<h3>GrijaniAffairs<\/h3>\n<p>HeatedAffairs jedna je od najpopularnijih aplikacija za upoznavanje lokalnih swingera. Aplikacija je osmi\u0161ljena kako bi pomogla parovima da se pove\u017eu s drugim parovima u njihovom podru\u010dju radi zabave i uzbu\u0111enja. Aplikacija je besplatna za preuzimanje i kori\u0161tenje, a nudi \u0161irok raspon zna\u010dajki koje poma\u017eu parovima da se me\u0111usobno pove\u017eu. Aplikacija tako\u0111er uklju\u010duje sustav za razmjenu poruka kako bi parovi mogli me\u0111usobno razgovarati i koketirati.<\/p>\n","protected":false},"excerpt":{"rendered":"<p>Postoji mnogo lokalnih swinger stranica koje mo\u017eete koristiti za spajanje s ljudima u va\u0161em podru\u010dju. Ove su web stranice izvrstan na\u010din za upoznavanje novih ljudi i istra\u017eivanje va\u0161ih seksualnih granica. Ove web stranice mo\u017eete koristiti za pronala\u017eenje ljudi koji se bave istim stvarima kao i vi i koji tra\u017ee dobar provod. Ove web stranice mo\u017eete &#8230; <a title=\"Swinger stranice\" class=\"read-more\" href=\"http:\/\/thehottieandthenottie.com\/hr\/swinger-stranice\/\" aria-label=\"More on Swinger stranice\">Op\u0161irnije<\/a><\/p>\n","protected":false},"author":1,"featured_media":0,"parent":0,"menu_order":0,"comment_status":"closed","ping_status":"closed","template":"","meta":[],"yoast_head":"<!-- This site is optimized with the Yoast SEO plugin v17.7.1 - https:\/\/yoast.com\/wordpress\/plugins\/seo\/ -->\n<title>Swinger stranice - Hotties u blizini<\/title>\n<meta name=\"robots\" content=\"index, follow, max-snippet:-1, max-image-preview:large, max-video-preview:-1\" \/>\n<link rel=\"canonical\" href=\"http:\/\/thehottieandthenottie.com\/hr\/swinger-stranice\/\" \/>\n<meta property=\"og:locale\" content=\"hr_HR\" \/>\n<meta property=\"og:type\" content=\"article\" \/>\n<meta property=\"og:title\" content=\"Swinger stranice - Hotties u blizini\" \/>\n<meta property=\"og:description\" content=\"Postoji mnogo lokalnih swinger stranica koje mo\u017eete koristiti za spajanje s ljudima u va\u0161em podru\u010dju. Ove su web stranice izvrstan na\u010din za upoznavanje novih ljudi i istra\u017eivanje va\u0161ih seksualnih granica. Ove web stranice mo\u017eete koristiti za pronala\u017eenje ljudi koji se bave istim stvarima kao i vi i koji tra\u017ee dobar provod. Ove web stranice mo\u017eete ... Op\u0161irnije\" \/>\n<meta property=\"og:url\" content=\"http:\/\/thehottieandthenottie.com\/hr\/swinger-stranice\/\" \/>\n<meta property=\"og:site_name\" content=\"Hotties u blizini\" \/>\n<meta name=\"twitter:card\" content=\"summary_large_image\" \/>\n<meta name=\"twitter:label1\" content=\"Procijenjeno vrijeme \u010ditanja\" \/>\n\t<meta name=\"twitter:data1\" content=\"3 minute\" \/>\n<script type=\"application\/ld+json\" class=\"yoast-schema-graph\">{\"@context\":\"https:\/\/schema.org\",\"@graph\":[{\"@type\":\"WebSite\",\"@id\":\"https:\/\/thehottieandthenottie.com\/#website\",\"url\":\"https:\/\/thehottieandthenottie.com\/\",\"name\":\"Hotties u blizini\",\"description\":\"Upoznajte \\u017eene u va\\u0161em podru\\u010dju\",\"potentialAction\":[{\"@type\":\"SearchAction\",\"target\":{\"@type\":\"EntryPoint\",\"urlTemplate\":\"https:\/\/thehottieandthenottie.com\/?s={search_term_string}\"},\"query-input\":\"required name=search_term_string\"}],\"inLanguage\":\"hr\"},{\"@type\":\"WebPage\",\"@id\":\"http:\/\/thehottieandthenottie.com\/hr\/swinger-stranice\/#webpage\",\"url\":\"http:\/\/thehottieandthenottie.com\/hr\/swinger-stranice\/\",\"name\":\"Swinger stranice - Hotties u blizini\",\"isPartOf\":{\"@id\":\"https:\/\/thehottieandthenottie.com\/#website\"},\"datePublished\":\"2022-09-30T11:57:19+00:00\",\"dateModified\":\"2022-09-30T11:57:19+00:00\",\"breadcrumb\":{\"@id\":\"http:\/\/thehottieandthenottie.com\/hr\/swinger-stranice\/#breadcrumb\"},\"inLanguage\":\"hr\",\"potentialAction\":[{\"@type\":\"ReadAction\",\"target\":[\"http:\/\/thehottieandthenottie.com\/hr\/swinger-stranice\/\"]}]},{\"@type\":\"BreadcrumbList\",\"@id\":\"http:\/\/thehottieandthenottie.com\/hr\/swinger-stranice\/#breadcrumb\",\"itemListElement\":[{\"@type\":\"ListItem\",\"position\":1,\"name\":\"Home\",\"item\":\"https:\/\/thehottieandthenottie.com\/hr\/\"},{\"@type\":\"ListItem\",\"position\":2,\"name\":\"Swinger stranice\"}]}]}<\/script>\n<!-- \/ Yoast SEO plugin. -->","yoast_head_json":{"title":"Swinger stranice - Hotties u blizini","robots":{"index":"index","follow":"follow","max-snippet":"max-snippet:-1","max-image-preview":"max-image-preview:large","max-video-preview":"max-video-preview:-1"},"canonical":"http:\/\/thehottieandthenottie.com\/hr\/swinger-stranice\/","og_locale":"hr_HR","og_type":"article","og_title":"Swinger stranice - Hotties u blizini","og_description":"Postoji mnogo lokalnih swinger stranica koje mo\u017eete koristiti za spajanje s ljudima u va\u0161em podru\u010dju. Ove su web stranice izvrstan na\u010din za upoznavanje novih ljudi i istra\u017eivanje va\u0161ih seksualnih granica. Ove web stranice mo\u017eete koristiti za pronala\u017eenje ljudi koji se bave istim stvarima kao i vi i koji tra\u017ee dobar provod. Ove web stranice mo\u017eete ... Op\u0161irnije","og_url":"http:\/\/thehottieandthenottie.com\/hr\/swinger-stranice\/","og_site_name":"Hotties u blizini","twitter_card":"summary_large_image","twitter_misc":{"Procijenjeno vrijeme \u010ditanja":"3 minute"},"schema":{"@context":"https:\/\/schema.org","@graph":[{"@type":"WebSite","@id":"https:\/\/thehottieandthenottie.com\/#website","url":"https:\/\/thehottieandthenottie.com\/","name":"Hotties u blizini","description":"Upoznajte \u017eene u va\u0161em podru\u010dju","potentialAction":[{"@type":"SearchAction","target":{"@type":"EntryPoint","urlTemplate":"https:\/\/thehottieandthenottie.com\/?s={search_term_string}"},"query-input":"required name=search_term_string"}],"inLanguage":"hr"},{"@type":"WebPage","@id":"http:\/\/thehottieandthenottie.com\/hr\/swinger-stranice\/#webpage","url":"http:\/\/thehottieandthenottie.com\/hr\/swinger-stranice\/","name":"Swinger stranice - Hotties u blizini","isPartOf":{"@id":"https:\/\/thehottieandthenottie.com\/#website"},"datePublished":"2022-09-30T11:57:19+00:00","dateModified":"2022-09-30T11:57:19+00:00","breadcrumb":{"@id":"http:\/\/thehottieandthenottie.com\/hr\/swinger-stranice\/#breadcrumb"},"inLanguage":"hr","potentialAction":[{"@type":"ReadAction","target":["http:\/\/thehottieandthenottie.com\/hr\/swinger-stranice\/"]}]},{"@type":"BreadcrumbList","@id":"http:\/\/thehottieandthenottie.com\/hr\/swinger-stranice\/#breadcrumb","itemListElement":[{"@type":"ListItem","position":1,"name":"Home","item":"https:\/\/thehottieandthenottie.com\/hr\/"},{"@type":"ListItem","position":2,"name":"Swinger stranice"}]}]}},"_links":{"self":[{"href":"http:\/\/thehottieandthenottie.com\/hr\/wp-json\/wp\/v2\/pages\/555"}],"collection":[{"href":"http:\/\/thehottieandthenottie.com\/hr\/wp-json\/wp\/v2\/pages"}],"about":[{"href":"http:\/\/thehottieandthenottie.com\/hr\/wp-json\/wp\/v2\/types\/page"}],"author":[{"embeddable":true,"href":"http:\/\/thehottieandthenottie.com\/hr\/wp-json\/wp\/v2\/users\/1"}],"replies":[{"embeddable":true,"href":"http:\/\/thehottieandthenottie.com\/hr\/wp-json\/wp\/v2\/comments?post=555"}],"version-history":[{"count":0,"href":"http:\/\/thehottieandthenottie.com\/hr\/wp-json\/wp\/v2\/pages\/555\/revisions"}],"wp:attachment":[{"href":"http:\/\/thehottieandthenottie.com\/hr\/wp-json\/wp\/v2\/media?parent=555"}],"curies":[{"name":"wp","href":"https:\/\/api.w.org\/{rel}","templated":true}]}}