{"id":567,"date":"2022-09-30T12:56:42","date_gmt":"2022-09-30T11:56:42","guid":{"rendered":"http:\/\/thehottieandthenottie.com\/besplatni-oglasi-za-odrasle\/"},"modified":"2022-09-30T12:56:42","modified_gmt":"2022-09-30T11:56:42","slug":"besplatni-oglasi-za-odrasle","status":"publish","type":"page","link":"http:\/\/thehottieandthenottie.com\/hr\/besplatni-oglasi-za-odrasle\/","title":{"rendered":"Besplatni oglasi za odrasle"},"content":{"rendered":"<p>Nema potrebe za odlaskom u bar ili klub po njih u usporedbi s onim kada koristite lokalne osobne osobe za odrasle. Sve \u0161to trebate u\u010diniti je objaviti osobni oglas na mre\u017ei i mo\u017eete se povezati s nekim lokalnim u va\u0161em podru\u010dju, a da uop\u0107e ne napustite svoju ku\u0107u. U oglasu mo\u017eete biti sigurni koliko \u017eelite tako da privla\u010dite samo ljude koji tra\u017ee istu stvar kao i vi. Imajte na umu da ne tra\u017ee svi vezu za jednu no\u0107, pa ako je to sve \u0161to tra\u017eite, mo\u017eda \u0107ete imati vi\u0161e sre\u0107e negdje drugdje.<\/p>\n<h2>Lokalne seksualne osobe<\/h2>\n<p>Postoji mnogo ljudi koji koriste seksualne osobnosti kada tra\u017ee spoj. To je zato \u0161to mogu biti vrlo specifi\u010dni o tome \u0161to tra\u017ee i mogu prona\u0107i ljude koji tra\u017ee istu stvar. Postoji i mnogo ljudi koji koriste seksualne osobnosti kako bi prona\u0161li nekoga s kim \u0107e se povremeno susresti. To je zato \u0161to je puno lak\u0161e prona\u0107i nekoga tko tra\u017ei istu stvar kada koristite web mjesto za seksualne osobnosti. Postoje mnoge web stranice s oglasima za odrasle koje zadovoljavaju one koji tra\u017ee ljubav. Ove web stranice nude razne usluge koje vam mogu pomo\u0107i da prona\u0111ete savr\u0161eno podudaranje. Tako\u0111er vam mogu pru\u017eiti savjete i savjete o tome kako maksimalno iskoristiti svoju vezu. Ve\u0107ina ovih web stranica je besplatna za kori\u0161tenje, tako da ih mo\u017eete pregledavati u slobodno vrijeme.<\/p>\n<h2>Besplatni seks oglasi<\/h2>\n<p>Nedavno je do\u0161lo do porasta <a href=\"http:\/\/thehottieandthenottie.com\/fuck-someone-near-you\/\">lokalnih seksualnih oglasa<\/a> u svijetu spojeva. To je vjerojatno zbog \u010dinjenice da se ljudi osje\u0107aju ugodnije sa svojom seksualno\u0161\u0107u i otvoreniji su za istra\u017eivanje svojih mogu\u0107nosti. Ti oglasi mogu biti izvrstan na\u010din povezivanja s nekim tko dijeli va\u0161e interese i \u017eelje. Oni tako\u0111er mogu biti sjajan na\u010din da prona\u0111ete nekoga tko tra\u017ei ne\u0161to malo le\u017eernije. Ako ste zainteresirani za istra\u017eivanje svojih opcija, provjera lokalnih seksualnih oglasa mo\u017ee biti izvrsno mjesto za po\u010detak. Samo budite sigurni da budete sigurni i iskreni o tome \u0161to tra\u017eite.<\/p>\n<h3>Dvostruki popis<\/h3>\n<p>DoubleList je nova aplikacija za upoznavanje koja u posljednje vrijeme dobiva puno \u0161u\u0161ura. Aplikacija je osmi\u0161ljena kako bi vam pomogla da do danas prona\u0111ete lokalne odrasle samce i spojite se s njima. Aplikacija je besplatna za preuzimanje i kori\u0161tenje, a dostupna je i za iOS i za Android ure\u0111aje. Aplikacija DoubleList vrlo je jednostavna za upotrebu i jednostavna za navigaciju. Mo\u017eete pregledavati profile lokalnih samaca u svom podru\u010dju i pregledavati njihove fotografije i informacije. Kada prona\u0111ete nekoga tko vas zanima, mo\u017eete mu poslati poruku i po\u010deti \u010davrljati. Aplikacija tako\u0111er ima ugra\u0111eni sustav chata, tako da mo\u017eete razgovarati sa svojim podudaranjima u stvarnom vremenu. Aplikacija DoubleList izvrstan je na\u010din za upoznavanje lokalnih samaca za upoznavanje i spajanje.<\/p>\n<h3>Badoo<\/h3>\n<p>Badoo je aplikacija za upoznavanje koja raste u popularnosti me\u0111u odraslima koji tra\u017ee lokalne veze. Aplikacija je besplatna za preuzimanje i kori\u0161tenje, a nudi razne zna\u010dajke koje olak\u0161avaju povezivanje s potencijalnim podudaranjima u va\u0161em podru\u010dju. Badoo tako\u0111er ima sna\u017enu politiku privatnosti i jedna je od rijetkih aplikacija za upoznavanje koja vam omogu\u0107uje da kontrolirate tko mo\u017ee vidjeti va\u0161 profil. Sve u svemu, Badoo je izvrsna opcija za odrasle koji tra\u017ee aplikaciju za spajanje koja je jednostavna za upotrebu i ima sna\u017enu politiku privatnosti.<\/p>\n<h3>Alt.com<\/h3>\n<p>Alt.com je lokalna aplikacija za upoznavanje odraslih osoba koja u posljednje vrijeme dobiva puno \u0161u\u0161ura. Aplikacija je besplatna za preuzimanje i obe\u0107ava da \u0107e vam pomo\u0107i da prona\u0111ete lokalne odrasle osobe s kojima \u0107ete se spojiti. Ali da li to \u017eivi u skladu s hype?<\/p>\n<p>Odlu\u010dio sam Alt.com poku\u0161ati i sam se uvjeriti. Postupak prijave bio je brz i jednostavan, a uskoro sam pregledavao lokalne profile za odrasle. Iznenadio sam se koliko ih je bilo! Prona\u0161ao sam nekoliko potencijalnih podudaranja i razgovarao s njima neko vrijeme.<\/p>\n<p>Sve u svemu, bio sam impresioniran Alt.com. To je sjajan na\u010din da upoznate lokalne odrasle osobe za le\u017eerne veze. Aplikacija je jednostavna za upotrebu i postoji mnogo korisnika za odabir. Ako tra\u017eite novu aplikaciju za upoznavanje koju \u0107ete isprobati, preporu\u010dujem da Alt.com poku\u0161ate.<\/p>\n","protected":false},"excerpt":{"rendered":"<p>Nema potrebe za odlaskom u bar ili klub po njih u usporedbi s onim kada koristite lokalne osobne osobe za odrasle. Sve \u0161to trebate u\u010diniti je objaviti osobni oglas na mre\u017ei i mo\u017eete se povezati s nekim lokalnim u va\u0161em podru\u010dju, a da uop\u0107e ne napustite svoju ku\u0107u. U oglasu mo\u017eete biti sigurni koliko \u017eelite &#8230; <a title=\"Besplatni oglasi za odrasle\" class=\"read-more\" href=\"http:\/\/thehottieandthenottie.com\/hr\/besplatni-oglasi-za-odrasle\/\" aria-label=\"More on Besplatni oglasi za odrasle\">Op\u0161irnije<\/a><\/p>\n","protected":false},"author":1,"featured_media":0,"parent":0,"menu_order":0,"comment_status":"closed","ping_status":"closed","template":"","meta":[],"yoast_head":"<!-- This site is optimized with the Yoast SEO plugin v17.7.1 - https:\/\/yoast.com\/wordpress\/plugins\/seo\/ -->\n<title>Besplatni oglasi za odrasle - Hotties u blizini<\/title>\n<meta name=\"robots\" content=\"index, follow, max-snippet:-1, max-image-preview:large, max-video-preview:-1\" \/>\n<link rel=\"canonical\" href=\"http:\/\/thehottieandthenottie.com\/hr\/besplatni-oglasi-za-odrasle\/\" \/>\n<meta property=\"og:locale\" content=\"hr_HR\" \/>\n<meta property=\"og:type\" content=\"article\" \/>\n<meta property=\"og:title\" content=\"Besplatni oglasi za odrasle - Hotties u blizini\" \/>\n<meta property=\"og:description\" content=\"Nema potrebe za odlaskom u bar ili klub po njih u usporedbi s onim kada koristite lokalne osobne osobe za odrasle. Sve \u0161to trebate u\u010diniti je objaviti osobni oglas na mre\u017ei i mo\u017eete se povezati s nekim lokalnim u va\u0161em podru\u010dju, a da uop\u0107e ne napustite svoju ku\u0107u. U oglasu mo\u017eete biti sigurni koliko \u017eelite ... Op\u0161irnije\" \/>\n<meta property=\"og:url\" content=\"http:\/\/thehottieandthenottie.com\/hr\/besplatni-oglasi-za-odrasle\/\" \/>\n<meta property=\"og:site_name\" content=\"Hotties u blizini\" \/>\n<meta name=\"twitter:card\" content=\"summary_large_image\" \/>\n<meta name=\"twitter:label1\" content=\"Procijenjeno vrijeme \u010ditanja\" \/>\n\t<meta name=\"twitter:data1\" content=\"4 minute\" \/>\n<script type=\"application\/ld+json\" class=\"yoast-schema-graph\">{\"@context\":\"https:\/\/schema.org\",\"@graph\":[{\"@type\":\"WebSite\",\"@id\":\"https:\/\/thehottieandthenottie.com\/#website\",\"url\":\"https:\/\/thehottieandthenottie.com\/\",\"name\":\"Hotties u blizini\",\"description\":\"Upoznajte \\u017eene u va\\u0161em podru\\u010dju\",\"potentialAction\":[{\"@type\":\"SearchAction\",\"target\":{\"@type\":\"EntryPoint\",\"urlTemplate\":\"https:\/\/thehottieandthenottie.com\/?s={search_term_string}\"},\"query-input\":\"required name=search_term_string\"}],\"inLanguage\":\"hr\"},{\"@type\":\"WebPage\",\"@id\":\"http:\/\/thehottieandthenottie.com\/hr\/besplatni-oglasi-za-odrasle\/#webpage\",\"url\":\"http:\/\/thehottieandthenottie.com\/hr\/besplatni-oglasi-za-odrasle\/\",\"name\":\"Besplatni oglasi za odrasle - Hotties u blizini\",\"isPartOf\":{\"@id\":\"https:\/\/thehottieandthenottie.com\/#website\"},\"datePublished\":\"2022-09-30T11:56:42+00:00\",\"dateModified\":\"2022-09-30T11:56:42+00:00\",\"breadcrumb\":{\"@id\":\"http:\/\/thehottieandthenottie.com\/hr\/besplatni-oglasi-za-odrasle\/#breadcrumb\"},\"inLanguage\":\"hr\",\"potentialAction\":[{\"@type\":\"ReadAction\",\"target\":[\"http:\/\/thehottieandthenottie.com\/hr\/besplatni-oglasi-za-odrasle\/\"]}]},{\"@type\":\"BreadcrumbList\",\"@id\":\"http:\/\/thehottieandthenottie.com\/hr\/besplatni-oglasi-za-odrasle\/#breadcrumb\",\"itemListElement\":[{\"@type\":\"ListItem\",\"position\":1,\"name\":\"Home\",\"item\":\"https:\/\/thehottieandthenottie.com\/hr\/\"},{\"@type\":\"ListItem\",\"position\":2,\"name\":\"Besplatni oglasi za odrasle\"}]}]}<\/script>\n<!-- \/ Yoast SEO plugin. -->","yoast_head_json":{"title":"Besplatni oglasi za odrasle - Hotties u blizini","robots":{"index":"index","follow":"follow","max-snippet":"max-snippet:-1","max-image-preview":"max-image-preview:large","max-video-preview":"max-video-preview:-1"},"canonical":"http:\/\/thehottieandthenottie.com\/hr\/besplatni-oglasi-za-odrasle\/","og_locale":"hr_HR","og_type":"article","og_title":"Besplatni oglasi za odrasle - Hotties u blizini","og_description":"Nema potrebe za odlaskom u bar ili klub po njih u usporedbi s onim kada koristite lokalne osobne osobe za odrasle. Sve \u0161to trebate u\u010diniti je objaviti osobni oglas na mre\u017ei i mo\u017eete se povezati s nekim lokalnim u va\u0161em podru\u010dju, a da uop\u0107e ne napustite svoju ku\u0107u. U oglasu mo\u017eete biti sigurni koliko \u017eelite ... Op\u0161irnije","og_url":"http:\/\/thehottieandthenottie.com\/hr\/besplatni-oglasi-za-odrasle\/","og_site_name":"Hotties u blizini","twitter_card":"summary_large_image","twitter_misc":{"Procijenjeno vrijeme \u010ditanja":"4 minute"},"schema":{"@context":"https:\/\/schema.org","@graph":[{"@type":"WebSite","@id":"https:\/\/thehottieandthenottie.com\/#website","url":"https:\/\/thehottieandthenottie.com\/","name":"Hotties u blizini","description":"Upoznajte \u017eene u va\u0161em podru\u010dju","potentialAction":[{"@type":"SearchAction","target":{"@type":"EntryPoint","urlTemplate":"https:\/\/thehottieandthenottie.com\/?s={search_term_string}"},"query-input":"required name=search_term_string"}],"inLanguage":"hr"},{"@type":"WebPage","@id":"http:\/\/thehottieandthenottie.com\/hr\/besplatni-oglasi-za-odrasle\/#webpage","url":"http:\/\/thehottieandthenottie.com\/hr\/besplatni-oglasi-za-odrasle\/","name":"Besplatni oglasi za odrasle - Hotties u blizini","isPartOf":{"@id":"https:\/\/thehottieandthenottie.com\/#website"},"datePublished":"2022-09-30T11:56:42+00:00","dateModified":"2022-09-30T11:56:42+00:00","breadcrumb":{"@id":"http:\/\/thehottieandthenottie.com\/hr\/besplatni-oglasi-za-odrasle\/#breadcrumb"},"inLanguage":"hr","potentialAction":[{"@type":"ReadAction","target":["http:\/\/thehottieandthenottie.com\/hr\/besplatni-oglasi-za-odrasle\/"]}]},{"@type":"BreadcrumbList","@id":"http:\/\/thehottieandthenottie.com\/hr\/besplatni-oglasi-za-odrasle\/#breadcrumb","itemListElement":[{"@type":"ListItem","position":1,"name":"Home","item":"https:\/\/thehottieandthenottie.com\/hr\/"},{"@type":"ListItem","position":2,"name":"Besplatni oglasi za odrasle"}]}]}},"_links":{"self":[{"href":"http:\/\/thehottieandthenottie.com\/hr\/wp-json\/wp\/v2\/pages\/567"}],"collection":[{"href":"http:\/\/thehottieandthenottie.com\/hr\/wp-json\/wp\/v2\/pages"}],"about":[{"href":"http:\/\/thehottieandthenottie.com\/hr\/wp-json\/wp\/v2\/types\/page"}],"author":[{"embeddable":true,"href":"http:\/\/thehottieandthenottie.com\/hr\/wp-json\/wp\/v2\/users\/1"}],"replies":[{"embeddable":true,"href":"http:\/\/thehottieandthenottie.com\/hr\/wp-json\/wp\/v2\/comments?post=567"}],"version-history":[{"count":0,"href":"http:\/\/thehottieandthenottie.com\/hr\/wp-json\/wp\/v2\/pages\/567\/revisions"}],"wp:attachment":[{"href":"http:\/\/thehottieandthenottie.com\/hr\/wp-json\/wp\/v2\/media?parent=567"}],"curies":[{"name":"wp","href":"https:\/\/api.w.org\/{rel}","templated":true}]}}