{"id":580,"date":"2022-09-30T12:56:06","date_gmt":"2022-09-30T11:56:06","guid":{"rendered":"http:\/\/thehottieandthenottie.com\/jebes-nekoga-blizu-sebe\/"},"modified":"2022-09-30T12:56:06","modified_gmt":"2022-09-30T11:56:06","slug":"jebes-nekoga-blizu-sebe","status":"publish","type":"page","link":"http:\/\/thehottieandthenottie.com\/hr\/jebes-nekoga-blizu-sebe\/","title":{"rendered":"Jebe\u0161 nekoga blizu sebe"},"content":{"rendered":"<p>Ako tra\u017eite veze u svojoj blizini, postoji nekoliko stvari koje mo\u017eete u\u010diniti kako biste pove\u0107ali svoje \u0161anse za pronala\u017eenje nekoga. Prvo poku\u0161ajte koristiti aplikacije za upoznavanje ili web stranice koje su posebno za spajanje. Ovo mo\u017ee biti sjajan na\u010din da upoznate ljude koji tako\u0111er tra\u017ee povremene susrete. Druga mogu\u0107nost je odlazak u barove ili klubove koji su poznati po tome \u0161to su mjesta za spajanje. Kona\u010dno, uvijek se mo\u017eete raspitati kako biste vidjeli poznaje li netko od va\u0161ih prijatelja nekoga tko bi mogao biti <a href=\"http:\/\/thehottieandthenottie.com\/bondage-dating\/\">zainteresiran za spajanje<\/a>.<\/p>\n<h2>Besplatne veze u mojoj blizini<\/h2>\n<p>U mojoj blizini ima puno mjesta za spajanje, od barova i klubova do parkova i drugih javnih prostora. Ako tra\u017eim le\u017eerno spajanje, obi\u010dno \u0107u se uputiti u bar ili klub, gdje ima puno ljudi koji tako\u0111er tra\u017ee dobar provod. Ako tra\u017eim ne\u0161to intimnije, mo\u017eda se zaputim u park ili drugi javni prostor gdje mogu biti sama sa svojim pratiocem. U svakom slu\u010daju, postoji mnogo opcija za pronala\u017eenje dobrog mjesta za spajanje u mojoj blizini.<\/p>\n<p>Nema potrebe da se trudite prona\u0107i nekoga tko \u0107e se jebati blizu vas. Samo budite svoji i budite otvoreni za nova iskustva. Nikad ne zna\u0161 koga bi mogao sresti i \u0161to bi se moglo dogoditi. Tko zna, mo\u017eda na\u0111e\u0161 ljubav svog \u017eivota.<\/p>\n<h2>Lokalni seksualni izlasci<\/h2>\n<p>Postoji mnogo lokalnih seksualnih mjesta ako tra\u017eite mjesto za spajanje s datumom. Knji\u017enica je uvijek dobra oklada &#8211; samo budite sigurni da budete tihi! Ako se osje\u0107ate malo pustolovnije, uvijek postoji park po mraku. Samo pripazite na policiju!<\/p>\n<h3>Chatzy<\/h3>\n<p>Ako tra\u017eite novu aplikaciju za upoznavanje, Chatzy bi mo\u017eda vrijedilo provjeriti. Aplikacija je osmi\u0161ljena kako bi vam pomogla da se pove\u017eete s ljudima u blizini, tako da mo\u017eete razgovarati, a mo\u017eda se \u010dak i osobno sastati. Aplikacija je besplatna za preuzimanje i upotrebu, a prili\u010dno je lako shvatiti kako je koristiti. Samo izradite profil i po\u010dnite razgovarati s ljudima u va\u0161em podru\u010dju.<\/p>\n<p>Koristim Chatzy ve\u0107 nekoliko tjedana i imam dobra iskustva s njim. Upoznao sam neke stvarno cool ljude i imao sjajne razgovore. Aplikaciju svakako vrijedi provjeriti tra\u017eite li ne\u0161to novo i druga\u010dije.<\/p>\n<h3>TinderMeets<\/h3>\n<p>Ako tra\u017eite novu aplikaciju za upoznavanje koju \u0107ete isprobati, razmislite o TinderMeetsu. To je popularna aplikacija s dobrom reputacijom za pomaganje ljudima da prona\u0111u veze u njihovoj blizini. Aplikacija je besplatna za preuzimanje i upotrebu, a lako se prijaviti i zapo\u010deti. Mo\u017eete pregledavati profile, slati poruke i pregledavati fotografije potencijalnih podudaranja u svom podru\u010dju. Aplikacija tako\u0111er ima dobru funkciju pretra\u017eivanja, tako da mo\u017eete prona\u0107i ljude koji zadovoljavaju va\u0161e specifi\u010dne kriterije. TinderMeets je izvrsna opcija za ljude koji tra\u017ee novi na\u010din da upoznaju potencijalne veze u njihovoj blizini.<\/p>\n<h3>Milfaholi\u0107<\/h3>\n<p>Ako tra\u017eite le\u017eerno spajanje u va\u0161oj blizini, Milfaholi\u0107 je odli\u010dna opcija. Aplikacija je besplatna za preuzimanje i kori\u0161tenje, a jedna je od najpopularnijih aplikacija za upoznavanje. Jednostavan je za upotrebu i izvrstan je za pronala\u017eenje lokalnih veza. Jedina mana je \u0161to to nije estetski najugodnija aplikacija vani.<\/p>\n","protected":false},"excerpt":{"rendered":"<p>Ako tra\u017eite veze u svojoj blizini, postoji nekoliko stvari koje mo\u017eete u\u010diniti kako biste pove\u0107ali svoje \u0161anse za pronala\u017eenje nekoga. Prvo poku\u0161ajte koristiti aplikacije za upoznavanje ili web stranice koje su posebno za spajanje. Ovo mo\u017ee biti sjajan na\u010din da upoznate ljude koji tako\u0111er tra\u017ee povremene susrete. Druga mogu\u0107nost je odlazak u barove ili klubove &#8230; <a title=\"Jebe\u0161 nekoga blizu sebe\" class=\"read-more\" href=\"http:\/\/thehottieandthenottie.com\/hr\/jebes-nekoga-blizu-sebe\/\" aria-label=\"More on Jebe\u0161 nekoga blizu sebe\">Op\u0161irnije<\/a><\/p>\n","protected":false},"author":1,"featured_media":0,"parent":0,"menu_order":0,"comment_status":"closed","ping_status":"closed","template":"","meta":[],"yoast_head":"<!-- This site is optimized with the Yoast SEO plugin v17.7.1 - https:\/\/yoast.com\/wordpress\/plugins\/seo\/ -->\n<title>Jebe\u0161 nekoga blizu sebe - Hotties u blizini<\/title>\n<meta name=\"robots\" content=\"index, follow, max-snippet:-1, max-image-preview:large, max-video-preview:-1\" \/>\n<link rel=\"canonical\" href=\"http:\/\/thehottieandthenottie.com\/hr\/jebes-nekoga-blizu-sebe\/\" \/>\n<meta property=\"og:locale\" content=\"hr_HR\" \/>\n<meta property=\"og:type\" content=\"article\" \/>\n<meta property=\"og:title\" content=\"Jebe\u0161 nekoga blizu sebe - Hotties u blizini\" \/>\n<meta property=\"og:description\" content=\"Ako tra\u017eite veze u svojoj blizini, postoji nekoliko stvari koje mo\u017eete u\u010diniti kako biste pove\u0107ali svoje \u0161anse za pronala\u017eenje nekoga. Prvo poku\u0161ajte koristiti aplikacije za upoznavanje ili web stranice koje su posebno za spajanje. Ovo mo\u017ee biti sjajan na\u010din da upoznate ljude koji tako\u0111er tra\u017ee povremene susrete. Druga mogu\u0107nost je odlazak u barove ili klubove ... Op\u0161irnije\" \/>\n<meta property=\"og:url\" content=\"http:\/\/thehottieandthenottie.com\/hr\/jebes-nekoga-blizu-sebe\/\" \/>\n<meta property=\"og:site_name\" content=\"Hotties u blizini\" \/>\n<meta name=\"twitter:card\" content=\"summary_large_image\" \/>\n<meta name=\"twitter:label1\" content=\"Procijenjeno vrijeme \u010ditanja\" \/>\n\t<meta name=\"twitter:data1\" content=\"3 minute\" \/>\n<script type=\"application\/ld+json\" class=\"yoast-schema-graph\">{\"@context\":\"https:\/\/schema.org\",\"@graph\":[{\"@type\":\"WebSite\",\"@id\":\"https:\/\/thehottieandthenottie.com\/#website\",\"url\":\"https:\/\/thehottieandthenottie.com\/\",\"name\":\"Hotties u blizini\",\"description\":\"Upoznajte \\u017eene u va\\u0161em podru\\u010dju\",\"potentialAction\":[{\"@type\":\"SearchAction\",\"target\":{\"@type\":\"EntryPoint\",\"urlTemplate\":\"https:\/\/thehottieandthenottie.com\/?s={search_term_string}\"},\"query-input\":\"required name=search_term_string\"}],\"inLanguage\":\"hr\"},{\"@type\":\"WebPage\",\"@id\":\"http:\/\/thehottieandthenottie.com\/hr\/jebes-nekoga-blizu-sebe\/#webpage\",\"url\":\"http:\/\/thehottieandthenottie.com\/hr\/jebes-nekoga-blizu-sebe\/\",\"name\":\"Jebe\\u0161 nekoga blizu sebe - Hotties u blizini\",\"isPartOf\":{\"@id\":\"https:\/\/thehottieandthenottie.com\/#website\"},\"datePublished\":\"2022-09-30T11:56:06+00:00\",\"dateModified\":\"2022-09-30T11:56:06+00:00\",\"breadcrumb\":{\"@id\":\"http:\/\/thehottieandthenottie.com\/hr\/jebes-nekoga-blizu-sebe\/#breadcrumb\"},\"inLanguage\":\"hr\",\"potentialAction\":[{\"@type\":\"ReadAction\",\"target\":[\"http:\/\/thehottieandthenottie.com\/hr\/jebes-nekoga-blizu-sebe\/\"]}]},{\"@type\":\"BreadcrumbList\",\"@id\":\"http:\/\/thehottieandthenottie.com\/hr\/jebes-nekoga-blizu-sebe\/#breadcrumb\",\"itemListElement\":[{\"@type\":\"ListItem\",\"position\":1,\"name\":\"Home\",\"item\":\"https:\/\/thehottieandthenottie.com\/hr\/\"},{\"@type\":\"ListItem\",\"position\":2,\"name\":\"Jebe\\u0161 nekoga blizu sebe\"}]}]}<\/script>\n<!-- \/ Yoast SEO plugin. -->","yoast_head_json":{"title":"Jebe\u0161 nekoga blizu sebe - Hotties u blizini","robots":{"index":"index","follow":"follow","max-snippet":"max-snippet:-1","max-image-preview":"max-image-preview:large","max-video-preview":"max-video-preview:-1"},"canonical":"http:\/\/thehottieandthenottie.com\/hr\/jebes-nekoga-blizu-sebe\/","og_locale":"hr_HR","og_type":"article","og_title":"Jebe\u0161 nekoga blizu sebe - Hotties u blizini","og_description":"Ako tra\u017eite veze u svojoj blizini, postoji nekoliko stvari koje mo\u017eete u\u010diniti kako biste pove\u0107ali svoje \u0161anse za pronala\u017eenje nekoga. Prvo poku\u0161ajte koristiti aplikacije za upoznavanje ili web stranice koje su posebno za spajanje. Ovo mo\u017ee biti sjajan na\u010din da upoznate ljude koji tako\u0111er tra\u017ee povremene susrete. Druga mogu\u0107nost je odlazak u barove ili klubove ... Op\u0161irnije","og_url":"http:\/\/thehottieandthenottie.com\/hr\/jebes-nekoga-blizu-sebe\/","og_site_name":"Hotties u blizini","twitter_card":"summary_large_image","twitter_misc":{"Procijenjeno vrijeme \u010ditanja":"3 minute"},"schema":{"@context":"https:\/\/schema.org","@graph":[{"@type":"WebSite","@id":"https:\/\/thehottieandthenottie.com\/#website","url":"https:\/\/thehottieandthenottie.com\/","name":"Hotties u blizini","description":"Upoznajte \u017eene u va\u0161em podru\u010dju","potentialAction":[{"@type":"SearchAction","target":{"@type":"EntryPoint","urlTemplate":"https:\/\/thehottieandthenottie.com\/?s={search_term_string}"},"query-input":"required name=search_term_string"}],"inLanguage":"hr"},{"@type":"WebPage","@id":"http:\/\/thehottieandthenottie.com\/hr\/jebes-nekoga-blizu-sebe\/#webpage","url":"http:\/\/thehottieandthenottie.com\/hr\/jebes-nekoga-blizu-sebe\/","name":"Jebe\u0161 nekoga blizu sebe - Hotties u blizini","isPartOf":{"@id":"https:\/\/thehottieandthenottie.com\/#website"},"datePublished":"2022-09-30T11:56:06+00:00","dateModified":"2022-09-30T11:56:06+00:00","breadcrumb":{"@id":"http:\/\/thehottieandthenottie.com\/hr\/jebes-nekoga-blizu-sebe\/#breadcrumb"},"inLanguage":"hr","potentialAction":[{"@type":"ReadAction","target":["http:\/\/thehottieandthenottie.com\/hr\/jebes-nekoga-blizu-sebe\/"]}]},{"@type":"BreadcrumbList","@id":"http:\/\/thehottieandthenottie.com\/hr\/jebes-nekoga-blizu-sebe\/#breadcrumb","itemListElement":[{"@type":"ListItem","position":1,"name":"Home","item":"https:\/\/thehottieandthenottie.com\/hr\/"},{"@type":"ListItem","position":2,"name":"Jebe\u0161 nekoga blizu sebe"}]}]}},"_links":{"self":[{"href":"http:\/\/thehottieandthenottie.com\/hr\/wp-json\/wp\/v2\/pages\/580"}],"collection":[{"href":"http:\/\/thehottieandthenottie.com\/hr\/wp-json\/wp\/v2\/pages"}],"about":[{"href":"http:\/\/thehottieandthenottie.com\/hr\/wp-json\/wp\/v2\/types\/page"}],"author":[{"embeddable":true,"href":"http:\/\/thehottieandthenottie.com\/hr\/wp-json\/wp\/v2\/users\/1"}],"replies":[{"embeddable":true,"href":"http:\/\/thehottieandthenottie.com\/hr\/wp-json\/wp\/v2\/comments?post=580"}],"version-history":[{"count":0,"href":"http:\/\/thehottieandthenottie.com\/hr\/wp-json\/wp\/v2\/pages\/580\/revisions"}],"wp:attachment":[{"href":"http:\/\/thehottieandthenottie.com\/hr\/wp-json\/wp\/v2\/media?parent=580"}],"curies":[{"name":"wp","href":"https:\/\/api.w.org\/{rel}","templated":true}]}}