{"id":597,"date":"2022-09-30T12:55:30","date_gmt":"2022-09-30T11:55:30","guid":{"rendered":"http:\/\/thehottieandthenottie.com\/upoznavanje-s-ropstvom\/"},"modified":"2022-09-30T12:55:30","modified_gmt":"2022-09-30T11:55:30","slug":"upoznavanje-s-ropstvom","status":"publish","type":"page","link":"http:\/\/thehottieandthenottie.com\/hr\/upoznavanje-s-ropstvom\/","title":{"rendered":"Upoznavanje s ropstvom"},"content":{"rendered":"<p>Ima ne\u0161to u anonimnosti chat sobe \u0161to stvarno tjera ljude da pri\u010daju o svojim problemima i feti\u0161ima. Ako se bavite ropstvom, postoji mnogo chat soba u kojima mo\u017eete istra\u017eiti svoje interese s istomi\u0161ljenicima.<\/p>\n<p>Mo\u017eete prona\u0107i chat sobe za sve vrste kinkova i feti\u0161a, tako da \u0107ete sigurno prona\u0107i onu koja je prava za vas. Samo zapamtite da budete sigurni i puni po\u0161tovanja kada razgovarate s nekim novim. I tko zna, mo\u017eda na\u0111e\u0161 svog savr\u0161enog partnera u jednoj od ovih chat soba. Upoznavanje s ropstvom odnosi se na praksu u\u017eivanja u intimnim fizi\u010dkim i emocionalnim odnosima s nekim tko u\u017eiva u obuzdavanju svog partnera. To mo\u017ee uklju\u010divati lisice, u\u017ee, gegove, poveze i druge vrste ograni\u010denja. To mo\u017ee biti zabavan i uzbudljiv na\u010din dodavanja za\u010dina va\u0161oj vezi. Me\u0111utim, va\u017eno je biti siguran i sporazuman kada se bavite igrom ropstva.<\/p>\n<h2>BDSM web-mjesta za spajanje<\/h2>\n<p>Na ovo pitanje nema nikoga odgovora &#8211; sva\u010dija iskustva bit \u0107e druga\u010dija. Me\u0111utim, ako ste zainteresirani za istra\u017eivanje BDSM veza, postoji nekoliko stvari koje mo\u017eete imati na umu. Prvo, va\u017eno je biti jasan o tome \u0161to tra\u017eite i koje su va\u0161e granice. Tako\u0111er je dobra ideja unaprijed komunicirati sa svojim potencijalnim partnerom kako biste bili sigurni da ste na istoj stranici. Nakon \u0161to prona\u0111ete nekoga s kim ste kompatibilni, va\u017eno je vjerovati svojim instinktima i i\u0107i s crijevima. Na kraju, svakako se zabavite i u\u017eivajte!<\/p>\n<h2>Feti\u0161 dating<\/h2>\n<p>Feti\u0161 stranice za upoznavanje mogu biti izvrstan na\u010din da se ljudi s odre\u0111enim feti\u0161ima pove\u017eu s drugima koji dijele njihove interese. Ove web stranice mogu pomo\u0107i ljudima da prona\u0111u partnere za izlaske, veze ili \u010dak samo usputne susrete. Iako neki ljudi feti\u0161e mogu smatrati \u010dudnim ili \u010dudnim, nema ni\u0161ta lo\u0161e u tome da ih imate. Svatko je druga\u010diji i nije sramota u\u017eivati u ne\u010demu \u0161to se mo\u017ee smatrati tabuom. Feti\u0161 web stranice za upoznavanje mogu pru\u017eiti sigurno i gostoljubivo okru\u017eenje ljudima da istra\u017ee svoju seksualnost i prona\u0111u partnere istomi\u0161ljenike.<\/p>\n<h3>GrijaniAffairs<\/h3>\n<p>Heated Affairs internetska je aplikacija za upoznavanje koja zadovoljava ljude koji su zainteresirani za chat sobe o ropstvu. Aplikacija je jednostavna za upotrebu i ima mnogo zna\u010dajki koje je \u010dine izvrsnim izborom za ljude koji tra\u017ee na\u010din povezivanja s drugima koji dijele njihove interese. Aplikacija je besplatna za preuzimanje i kori\u0161tenje, a nudi \u0161iroku paletu zna\u010dajki koje je \u010dine izvrsnom opcijom za ljude koji tra\u017ee na\u010din povezivanja s drugima koji dijele njihove interese.<\/p>\n<h3>Avenija chata<\/h3>\n<p>Ako tra\u017eite chat sobu koja je posebno dizajnirana za ljude koji su zainteresirani za ropstvo, trebali biste pogledati chat sobu o ropstvu Chat Avenue. Ova chat soba ispunjena je ljudima koji \u017eele istra\u017eiti svoju nastranu stranu i izvrsno je mjesto za pronala\u017eenje nekoga s kim \u0107ete razgovarati o va\u0161im zajedni\u010dkim interesima. Chat soba je moderirana tako da se mo\u017eete osje\u0107ati sigurno raspravljaju\u0107i o svojim interesima s drugima, a tako\u0111er mo\u017eete prona\u0107i ljude s kojima \u0107ete razgovarati i koji dijele va\u0161e nastrane feti\u0161e.<\/p>\n<h3>BeNaughty<\/h3>\n<p>BeNaughty je aplikacija za upoznavanje koja je posebno dizajnirana za ljude koji su zainteresirani za chat sobe o ropstvu. Aplikacija je vrlo jednostavna za upotrebu i olak\u0161ava pronala\u017eenje ljudi koji dijele va\u0161e interese. Aplikacija tako\u0111er ima mnogo zna\u010dajki koje olak\u0161avaju povezivanje s drugim korisnicima. Sve u svemu, BeNaughty je izvrsna opcija za ljude koji su zainteresirani za chat sobe o ropstvu.<\/p>\n","protected":false},"excerpt":{"rendered":"<p>Ima ne\u0161to u anonimnosti chat sobe \u0161to stvarno tjera ljude da pri\u010daju o svojim problemima i feti\u0161ima. Ako se bavite ropstvom, postoji mnogo chat soba u kojima mo\u017eete istra\u017eiti svoje interese s istomi\u0161ljenicima. Mo\u017eete prona\u0107i chat sobe za sve vrste kinkova i feti\u0161a, tako da \u0107ete sigurno prona\u0107i onu koja je prava za vas. Samo &#8230; <a title=\"Upoznavanje s ropstvom\" class=\"read-more\" href=\"http:\/\/thehottieandthenottie.com\/hr\/upoznavanje-s-ropstvom\/\" aria-label=\"More on Upoznavanje s ropstvom\">Op\u0161irnije<\/a><\/p>\n","protected":false},"author":1,"featured_media":0,"parent":0,"menu_order":0,"comment_status":"closed","ping_status":"closed","template":"","meta":[],"yoast_head":"<!-- This site is optimized with the Yoast SEO plugin v17.7.1 - https:\/\/yoast.com\/wordpress\/plugins\/seo\/ -->\n<title>Upoznavanje s ropstvom - Hotties u blizini<\/title>\n<meta name=\"robots\" content=\"index, follow, max-snippet:-1, max-image-preview:large, max-video-preview:-1\" \/>\n<link rel=\"canonical\" href=\"http:\/\/thehottieandthenottie.com\/hr\/upoznavanje-s-ropstvom\/\" \/>\n<meta property=\"og:locale\" content=\"hr_HR\" \/>\n<meta property=\"og:type\" content=\"article\" \/>\n<meta property=\"og:title\" content=\"Upoznavanje s ropstvom - Hotties u blizini\" \/>\n<meta property=\"og:description\" content=\"Ima ne\u0161to u anonimnosti chat sobe \u0161to stvarno tjera ljude da pri\u010daju o svojim problemima i feti\u0161ima. Ako se bavite ropstvom, postoji mnogo chat soba u kojima mo\u017eete istra\u017eiti svoje interese s istomi\u0161ljenicima. Mo\u017eete prona\u0107i chat sobe za sve vrste kinkova i feti\u0161a, tako da \u0107ete sigurno prona\u0107i onu koja je prava za vas. Samo ... Op\u0161irnije\" \/>\n<meta property=\"og:url\" content=\"http:\/\/thehottieandthenottie.com\/hr\/upoznavanje-s-ropstvom\/\" \/>\n<meta property=\"og:site_name\" content=\"Hotties u blizini\" \/>\n<meta name=\"twitter:card\" content=\"summary_large_image\" \/>\n<meta name=\"twitter:label1\" content=\"Procijenjeno vrijeme \u010ditanja\" \/>\n\t<meta name=\"twitter:data1\" content=\"3 minute\" \/>\n<script type=\"application\/ld+json\" class=\"yoast-schema-graph\">{\"@context\":\"https:\/\/schema.org\",\"@graph\":[{\"@type\":\"WebSite\",\"@id\":\"https:\/\/thehottieandthenottie.com\/#website\",\"url\":\"https:\/\/thehottieandthenottie.com\/\",\"name\":\"Hotties u blizini\",\"description\":\"Upoznajte \\u017eene u va\\u0161em podru\\u010dju\",\"potentialAction\":[{\"@type\":\"SearchAction\",\"target\":{\"@type\":\"EntryPoint\",\"urlTemplate\":\"https:\/\/thehottieandthenottie.com\/?s={search_term_string}\"},\"query-input\":\"required name=search_term_string\"}],\"inLanguage\":\"hr\"},{\"@type\":\"WebPage\",\"@id\":\"http:\/\/thehottieandthenottie.com\/hr\/upoznavanje-s-ropstvom\/#webpage\",\"url\":\"http:\/\/thehottieandthenottie.com\/hr\/upoznavanje-s-ropstvom\/\",\"name\":\"Upoznavanje s ropstvom - Hotties u blizini\",\"isPartOf\":{\"@id\":\"https:\/\/thehottieandthenottie.com\/#website\"},\"datePublished\":\"2022-09-30T11:55:30+00:00\",\"dateModified\":\"2022-09-30T11:55:30+00:00\",\"breadcrumb\":{\"@id\":\"http:\/\/thehottieandthenottie.com\/hr\/upoznavanje-s-ropstvom\/#breadcrumb\"},\"inLanguage\":\"hr\",\"potentialAction\":[{\"@type\":\"ReadAction\",\"target\":[\"http:\/\/thehottieandthenottie.com\/hr\/upoznavanje-s-ropstvom\/\"]}]},{\"@type\":\"BreadcrumbList\",\"@id\":\"http:\/\/thehottieandthenottie.com\/hr\/upoznavanje-s-ropstvom\/#breadcrumb\",\"itemListElement\":[{\"@type\":\"ListItem\",\"position\":1,\"name\":\"Home\",\"item\":\"https:\/\/thehottieandthenottie.com\/hr\/\"},{\"@type\":\"ListItem\",\"position\":2,\"name\":\"Upoznavanje s ropstvom\"}]}]}<\/script>\n<!-- \/ Yoast SEO plugin. -->","yoast_head_json":{"title":"Upoznavanje s ropstvom - Hotties u blizini","robots":{"index":"index","follow":"follow","max-snippet":"max-snippet:-1","max-image-preview":"max-image-preview:large","max-video-preview":"max-video-preview:-1"},"canonical":"http:\/\/thehottieandthenottie.com\/hr\/upoznavanje-s-ropstvom\/","og_locale":"hr_HR","og_type":"article","og_title":"Upoznavanje s ropstvom - Hotties u blizini","og_description":"Ima ne\u0161to u anonimnosti chat sobe \u0161to stvarno tjera ljude da pri\u010daju o svojim problemima i feti\u0161ima. Ako se bavite ropstvom, postoji mnogo chat soba u kojima mo\u017eete istra\u017eiti svoje interese s istomi\u0161ljenicima. Mo\u017eete prona\u0107i chat sobe za sve vrste kinkova i feti\u0161a, tako da \u0107ete sigurno prona\u0107i onu koja je prava za vas. Samo ... Op\u0161irnije","og_url":"http:\/\/thehottieandthenottie.com\/hr\/upoznavanje-s-ropstvom\/","og_site_name":"Hotties u blizini","twitter_card":"summary_large_image","twitter_misc":{"Procijenjeno vrijeme \u010ditanja":"3 minute"},"schema":{"@context":"https:\/\/schema.org","@graph":[{"@type":"WebSite","@id":"https:\/\/thehottieandthenottie.com\/#website","url":"https:\/\/thehottieandthenottie.com\/","name":"Hotties u blizini","description":"Upoznajte \u017eene u va\u0161em podru\u010dju","potentialAction":[{"@type":"SearchAction","target":{"@type":"EntryPoint","urlTemplate":"https:\/\/thehottieandthenottie.com\/?s={search_term_string}"},"query-input":"required name=search_term_string"}],"inLanguage":"hr"},{"@type":"WebPage","@id":"http:\/\/thehottieandthenottie.com\/hr\/upoznavanje-s-ropstvom\/#webpage","url":"http:\/\/thehottieandthenottie.com\/hr\/upoznavanje-s-ropstvom\/","name":"Upoznavanje s ropstvom - Hotties u blizini","isPartOf":{"@id":"https:\/\/thehottieandthenottie.com\/#website"},"datePublished":"2022-09-30T11:55:30+00:00","dateModified":"2022-09-30T11:55:30+00:00","breadcrumb":{"@id":"http:\/\/thehottieandthenottie.com\/hr\/upoznavanje-s-ropstvom\/#breadcrumb"},"inLanguage":"hr","potentialAction":[{"@type":"ReadAction","target":["http:\/\/thehottieandthenottie.com\/hr\/upoznavanje-s-ropstvom\/"]}]},{"@type":"BreadcrumbList","@id":"http:\/\/thehottieandthenottie.com\/hr\/upoznavanje-s-ropstvom\/#breadcrumb","itemListElement":[{"@type":"ListItem","position":1,"name":"Home","item":"https:\/\/thehottieandthenottie.com\/hr\/"},{"@type":"ListItem","position":2,"name":"Upoznavanje s ropstvom"}]}]}},"_links":{"self":[{"href":"http:\/\/thehottieandthenottie.com\/hr\/wp-json\/wp\/v2\/pages\/597"}],"collection":[{"href":"http:\/\/thehottieandthenottie.com\/hr\/wp-json\/wp\/v2\/pages"}],"about":[{"href":"http:\/\/thehottieandthenottie.com\/hr\/wp-json\/wp\/v2\/types\/page"}],"author":[{"embeddable":true,"href":"http:\/\/thehottieandthenottie.com\/hr\/wp-json\/wp\/v2\/users\/1"}],"replies":[{"embeddable":true,"href":"http:\/\/thehottieandthenottie.com\/hr\/wp-json\/wp\/v2\/comments?post=597"}],"version-history":[{"count":0,"href":"http:\/\/thehottieandthenottie.com\/hr\/wp-json\/wp\/v2\/pages\/597\/revisions"}],"wp:attachment":[{"href":"http:\/\/thehottieandthenottie.com\/hr\/wp-json\/wp\/v2\/media?parent=597"}],"curies":[{"name":"wp","href":"https:\/\/api.w.org\/{rel}","templated":true}]}}