{"id":611,"date":"2022-09-30T12:55:07","date_gmt":"2022-09-30T11:55:07","guid":{"rendered":"http:\/\/thehottieandthenottie.com\/nsa-dating\/"},"modified":"2022-09-30T12:55:07","modified_gmt":"2022-09-30T11:55:07","slug":"nsa-dating","status":"publish","type":"page","link":"http:\/\/thehottieandthenottie.com\/hr\/nsa-dating\/","title":{"rendered":"NSA Dating"},"content":{"rendered":"<p>Postoji nekoliko na\u010dina da prona\u0111ete vezu za jednu no\u0107 u va\u0161oj blizini. Najlak\u0161i na\u010din je koristiti aplikaciju za upoznavanje poput Tindera ili Bumblea. Tako\u0111er mo\u017eete poku\u0161ati oti\u0107i u bar ili klub i vidjeti ima li samaca koji se \u010dine zainteresiranima za spajanje. Ako nemate sre\u0107e s pronala\u017eenjem nekoga zainteresiranog za vezu za jednu no\u0107, uvijek mo\u017eete poku\u0161ati objaviti osobni oglas na Craigslistu ili sli\u010dnoj web stranici. Samo budite sigurni da vam je jasno \u0161to tra\u017eite i budite sigurni kada se sastajete sa strancima.<\/p>\n<p>Postoji mnogo web stranica koje vam mogu pomo\u0107i da prona\u0111ete vezu za jednu no\u0107. Sve \u0161to trebate u\u010diniti je upisati ono \u0161to tra\u017eite i svoju lokaciju i mo\u0107i \u0107ete prona\u0107i popis potencijalnih podudaranja. Tada im mo\u017eete poslati poruku i dogovoriti sastanak. Samo budite sigurni da ste sigurni i koristite kondom!<\/p>\n<h2>NSA dating web stranice<\/h2>\n<p>Ne mo\u017ee se pore\u0107i da NSA dating mo\u017ee biti sjajan na\u010din za pronala\u017eenje ljubavi. Uostalom, \u0161to bi moglo biti romanti\u010dnije od susreta s nekim bez ikakvih o\u010dekivanja ili \u017eica? Me\u0111utim, va\u017eno je imati na umu da NSA dating nije za svakoga. Ako tra\u017eite ne\u0161to ozbiljno, onda ova vrsta spojeva vjerojatno nije za vas. Ali ako samo tra\u017eite malo zabave i uzbu\u0111enja, onda bi NSA dating mogao biti savr\u0161en na\u010din da ga prona\u0111ete.<\/p>\n<h2>Jednono\u0107ni izlazak<\/h2>\n<p>Ima ne\u0161to osloba\u0111aju\u0107e u vezi veze za jednu no\u0107. Nema obaveza, nema o\u010dekivanja &#8211; samo dvoje ljudi u\u017eiva u me\u0111usobnom dru\u0161tvu na jednu no\u0107. A ako tra\u017eite web mjesto koje \u0107e vam pomo\u0107i da prona\u0111ete vezu za jednu no\u0107, onda ne tra\u017eite dalje od One Night Stand Site. One Night Stand Site savr\u0161eno je mjesto za pronala\u017eenje nekoga za spajanje bez obaveza. Bilo da samo tra\u017eite neku le\u017eernu zabavu ili se zapravo nadate da \u0107ete prona\u0107i svog sljede\u0107eg dugoro\u010dnog partnera, One Night Stand Site mo\u017ee vam pomo\u0107i da prona\u0111ete ono \u0161to tra\u017eite.<\/p>\n<p>Sve \u0161to trebate u\u010diniti je prijaviti se, stvoriti profil i po\u010deti pregledavati profile drugih \u010dlanova. Kad na\u0111ete nekoga tko vas zanima, samo mu po\u0161aljite poruku i pogledajte kamo stvari idu odatle. Dakle, ako ste spremni za zabavu i do\u017eivjeti uzbu\u0111enje veze za jednu no\u0107, prijavite se na One Night Stand Site ve\u0107 danas!<\/p>\n<h3>FriendFinder-X<\/h3>\n<p>Ako tra\u017eite vezu za jednu no\u0107, FriendFinder-X je aplikacija za upoznavanje koja vam mo\u017ee pomo\u0107i da prona\u0111ete lokalne veze. Aplikacija je besplatna za preuzimanje i kori\u0161tenje, a dostupna je i na iOS-u i na Androidu. FriendFinder-X jednostavan je za upotrebu i potrebno je samo nekoliko minuta da se prijavite. Nakon \u0161to se prijavite, mo\u017eete po\u010deti pregledavati lokalne samce i slati im poruke. Aplikacija tako\u0111er ima zna\u010dajku &#8220;vru\u0107e ili ne&#8221;, koja vam omogu\u0107uje ocjenjivanje drugih korisnika. Ako tra\u017eite seks za jednu no\u0107, FriendFinder-X je izvrsna opcija.<\/p>\n<h3>Rubmape<\/h3>\n<p>Rubmaps je aplikacija za upoznavanje koja vam omogu\u0107uje da prona\u0111ete potencijalne partnere za jedan no\u0107ni ormari\u0107 u va\u0161oj blizini. Aplikacija je besplatna za preuzimanje i kori\u0161tenje, a nudi razne zna\u010dajke koje \u0107e vam pomo\u0107i da prona\u0111ete podudaranje. Potencijalne partnere mo\u017eete tra\u017eiti prema lokaciji, dobi i interesima te im mo\u017eete izravno poslati poruku. Aplikacija tako\u0111er uklju\u010duje ugra\u0111enu funkciju chata, tako da mo\u017eete upoznati svog potencijalnog partnera prije sastanka. Sve u svemu, Rubmaps je izvrsna opcija za pronala\u017eenje veze za jednu no\u0107 u va\u0161oj blizini.<\/p>\n<h3>Shag<\/h3>\n<p>Ako tra\u017eite vezu za jednu no\u0107, shag bi mogao biti aplikacija za upoznavanje za vas. Brz je, jednostavan za upotrebu, a podudaranja mo\u017eete filtrirati prema lokaciji, dobi i statusu veze. Me\u0111utim, aplikacija je dostupna samo u Velikoj Britaniji i Irskoj, pa ako niste u jednoj od tih zemalja, ne\u0107ete imati sre\u0107e.<\/p>\n","protected":false},"excerpt":{"rendered":"<p>Postoji nekoliko na\u010dina da prona\u0111ete vezu za jednu no\u0107 u va\u0161oj blizini. Najlak\u0161i na\u010din je koristiti aplikaciju za upoznavanje poput Tindera ili Bumblea. Tako\u0111er mo\u017eete poku\u0161ati oti\u0107i u bar ili klub i vidjeti ima li samaca koji se \u010dine zainteresiranima za spajanje. Ako nemate sre\u0107e s pronala\u017eenjem nekoga zainteresiranog za vezu za jednu no\u0107, uvijek &#8230; <a title=\"NSA Dating\" class=\"read-more\" href=\"http:\/\/thehottieandthenottie.com\/hr\/nsa-dating\/\" aria-label=\"More on NSA Dating\">Op\u0161irnije<\/a><\/p>\n","protected":false},"author":1,"featured_media":0,"parent":0,"menu_order":0,"comment_status":"closed","ping_status":"closed","template":"","meta":[],"yoast_head":"<!-- This site is optimized with the Yoast SEO plugin v17.7.1 - https:\/\/yoast.com\/wordpress\/plugins\/seo\/ -->\n<title>NSA Dating - Hotties u blizini<\/title>\n<meta name=\"robots\" content=\"index, follow, max-snippet:-1, max-image-preview:large, max-video-preview:-1\" \/>\n<link rel=\"canonical\" href=\"http:\/\/thehottieandthenottie.com\/hr\/nsa-dating\/\" \/>\n<meta property=\"og:locale\" content=\"hr_HR\" \/>\n<meta property=\"og:type\" content=\"article\" \/>\n<meta property=\"og:title\" content=\"NSA Dating - Hotties u blizini\" \/>\n<meta property=\"og:description\" content=\"Postoji nekoliko na\u010dina da prona\u0111ete vezu za jednu no\u0107 u va\u0161oj blizini. Najlak\u0161i na\u010din je koristiti aplikaciju za upoznavanje poput Tindera ili Bumblea. Tako\u0111er mo\u017eete poku\u0161ati oti\u0107i u bar ili klub i vidjeti ima li samaca koji se \u010dine zainteresiranima za spajanje. Ako nemate sre\u0107e s pronala\u017eenjem nekoga zainteresiranog za vezu za jednu no\u0107, uvijek ... Op\u0161irnije\" \/>\n<meta property=\"og:url\" content=\"http:\/\/thehottieandthenottie.com\/hr\/nsa-dating\/\" \/>\n<meta property=\"og:site_name\" content=\"Hotties u blizini\" \/>\n<meta name=\"twitter:card\" content=\"summary_large_image\" \/>\n<meta name=\"twitter:label1\" content=\"Procijenjeno vrijeme \u010ditanja\" \/>\n\t<meta name=\"twitter:data1\" content=\"3 minute\" \/>\n<script type=\"application\/ld+json\" class=\"yoast-schema-graph\">{\"@context\":\"https:\/\/schema.org\",\"@graph\":[{\"@type\":\"WebSite\",\"@id\":\"https:\/\/thehottieandthenottie.com\/#website\",\"url\":\"https:\/\/thehottieandthenottie.com\/\",\"name\":\"Hotties u blizini\",\"description\":\"Upoznajte \\u017eene u va\\u0161em podru\\u010dju\",\"potentialAction\":[{\"@type\":\"SearchAction\",\"target\":{\"@type\":\"EntryPoint\",\"urlTemplate\":\"https:\/\/thehottieandthenottie.com\/?s={search_term_string}\"},\"query-input\":\"required name=search_term_string\"}],\"inLanguage\":\"hr\"},{\"@type\":\"WebPage\",\"@id\":\"http:\/\/thehottieandthenottie.com\/hr\/nsa-dating\/#webpage\",\"url\":\"http:\/\/thehottieandthenottie.com\/hr\/nsa-dating\/\",\"name\":\"NSA Dating - Hotties u blizini\",\"isPartOf\":{\"@id\":\"https:\/\/thehottieandthenottie.com\/#website\"},\"datePublished\":\"2022-09-30T11:55:07+00:00\",\"dateModified\":\"2022-09-30T11:55:07+00:00\",\"breadcrumb\":{\"@id\":\"http:\/\/thehottieandthenottie.com\/hr\/nsa-dating\/#breadcrumb\"},\"inLanguage\":\"hr\",\"potentialAction\":[{\"@type\":\"ReadAction\",\"target\":[\"http:\/\/thehottieandthenottie.com\/hr\/nsa-dating\/\"]}]},{\"@type\":\"BreadcrumbList\",\"@id\":\"http:\/\/thehottieandthenottie.com\/hr\/nsa-dating\/#breadcrumb\",\"itemListElement\":[{\"@type\":\"ListItem\",\"position\":1,\"name\":\"Home\",\"item\":\"https:\/\/thehottieandthenottie.com\/hr\/\"},{\"@type\":\"ListItem\",\"position\":2,\"name\":\"NSA Dating\"}]}]}<\/script>\n<!-- \/ Yoast SEO plugin. -->","yoast_head_json":{"title":"NSA Dating - Hotties u blizini","robots":{"index":"index","follow":"follow","max-snippet":"max-snippet:-1","max-image-preview":"max-image-preview:large","max-video-preview":"max-video-preview:-1"},"canonical":"http:\/\/thehottieandthenottie.com\/hr\/nsa-dating\/","og_locale":"hr_HR","og_type":"article","og_title":"NSA Dating - Hotties u blizini","og_description":"Postoji nekoliko na\u010dina da prona\u0111ete vezu za jednu no\u0107 u va\u0161oj blizini. Najlak\u0161i na\u010din je koristiti aplikaciju za upoznavanje poput Tindera ili Bumblea. Tako\u0111er mo\u017eete poku\u0161ati oti\u0107i u bar ili klub i vidjeti ima li samaca koji se \u010dine zainteresiranima za spajanje. Ako nemate sre\u0107e s pronala\u017eenjem nekoga zainteresiranog za vezu za jednu no\u0107, uvijek ... Op\u0161irnije","og_url":"http:\/\/thehottieandthenottie.com\/hr\/nsa-dating\/","og_site_name":"Hotties u blizini","twitter_card":"summary_large_image","twitter_misc":{"Procijenjeno vrijeme \u010ditanja":"3 minute"},"schema":{"@context":"https:\/\/schema.org","@graph":[{"@type":"WebSite","@id":"https:\/\/thehottieandthenottie.com\/#website","url":"https:\/\/thehottieandthenottie.com\/","name":"Hotties u blizini","description":"Upoznajte \u017eene u va\u0161em podru\u010dju","potentialAction":[{"@type":"SearchAction","target":{"@type":"EntryPoint","urlTemplate":"https:\/\/thehottieandthenottie.com\/?s={search_term_string}"},"query-input":"required name=search_term_string"}],"inLanguage":"hr"},{"@type":"WebPage","@id":"http:\/\/thehottieandthenottie.com\/hr\/nsa-dating\/#webpage","url":"http:\/\/thehottieandthenottie.com\/hr\/nsa-dating\/","name":"NSA Dating - Hotties u blizini","isPartOf":{"@id":"https:\/\/thehottieandthenottie.com\/#website"},"datePublished":"2022-09-30T11:55:07+00:00","dateModified":"2022-09-30T11:55:07+00:00","breadcrumb":{"@id":"http:\/\/thehottieandthenottie.com\/hr\/nsa-dating\/#breadcrumb"},"inLanguage":"hr","potentialAction":[{"@type":"ReadAction","target":["http:\/\/thehottieandthenottie.com\/hr\/nsa-dating\/"]}]},{"@type":"BreadcrumbList","@id":"http:\/\/thehottieandthenottie.com\/hr\/nsa-dating\/#breadcrumb","itemListElement":[{"@type":"ListItem","position":1,"name":"Home","item":"https:\/\/thehottieandthenottie.com\/hr\/"},{"@type":"ListItem","position":2,"name":"NSA Dating"}]}]}},"_links":{"self":[{"href":"http:\/\/thehottieandthenottie.com\/hr\/wp-json\/wp\/v2\/pages\/611"}],"collection":[{"href":"http:\/\/thehottieandthenottie.com\/hr\/wp-json\/wp\/v2\/pages"}],"about":[{"href":"http:\/\/thehottieandthenottie.com\/hr\/wp-json\/wp\/v2\/types\/page"}],"author":[{"embeddable":true,"href":"http:\/\/thehottieandthenottie.com\/hr\/wp-json\/wp\/v2\/users\/1"}],"replies":[{"embeddable":true,"href":"http:\/\/thehottieandthenottie.com\/hr\/wp-json\/wp\/v2\/comments?post=611"}],"version-history":[{"count":0,"href":"http:\/\/thehottieandthenottie.com\/hr\/wp-json\/wp\/v2\/pages\/611\/revisions"}],"wp:attachment":[{"href":"http:\/\/thehottieandthenottie.com\/hr\/wp-json\/wp\/v2\/media?parent=611"}],"curies":[{"name":"wp","href":"https:\/\/api.w.org\/{rel}","templated":true}]}}