{"id":635,"date":"2022-09-30T12:53:59","date_gmt":"2022-09-30T11:53:59","guid":{"rendered":"http:\/\/thehottieandthenottie.com\/seks-blizu-mene\/"},"modified":"2022-09-30T12:53:59","modified_gmt":"2022-09-30T11:53:59","slug":"seks-blizu-mene","status":"publish","type":"page","link":"http:\/\/thehottieandthenottie.com\/hr\/seks-blizu-mene\/","title":{"rendered":"Seks blizu mene"},"content":{"rendered":"<p>Nema potrebe provoditi sate na mre\u017ei tra\u017ee\u0107i &#8220;besplatni seks u mojoj blizini&#8221;. Samo idite u svoj lokalni bar ili klub i po\u010dnite \u010davrljati o potencijalnim vezama. Mo\u017eda \u0107ete se iznenaditi kako je lako prona\u0107i nekoga tko je dolje za neku zabavu bez obaveza. Samo zapamtite da budete sigurni i koristite za\u0161titu!<\/p>\n<h2>Prona\u0111i seks<\/h2>\n<p>Nema ni\u010deg sli\u010dnog uzbu\u0111enju znaju\u0107i da je <a href=\"http:\/\/thehottieandthenottie.com\/swinger-sites\/\">u blizini besplatan seks<\/a>. Bilo da se radi o jednokratnom spajanju ili obi\u010dnoj stvari, uvijek je uzbudljivo. I, naravno, jo\u0161 je bolje kad ne morate i\u0107i daleko da biste ga prona\u0161li. Ako tra\u017eite besplatan seks u blizini, jedan od najboljih na\u010dina da ga prona\u0111ete je putem internetskih spojeva. Postoji mnogo web lokacija i aplikacija za upoznavanje koje vam mogu pomo\u0107i da se pove\u017eete s nekim tko je zainteresiran za istu stvar. Naravno, sre\u0107u mo\u017eete oku\u0161ati i u barovima ili klubovima. Ali, ako niste u toj sceni, online spojevi su definitivno pravi put. S toliko ljudi koji tra\u017ee besplatan seks, sigurno \u0107ete prona\u0107i nekoga tko je za to.<\/p>\n<h2>Lokalne veze<\/h2>\n<p>Kada poku\u0161avate prona\u0107i ljubav, mo\u017ee se osje\u0107ati kao da tra\u017eite iglu u plastu sijena. Ali ako pro\u0161irite potragu na potencijalne partnere koji \u017eive u va\u0161oj blizini, va\u0161e \u0161anse za pronala\u017eenje ljubavi eksponencijalno se pove\u0107avaju. A zahvaljuju\u0107i tehnologiji, lak\u0161e je nego ikad prona\u0107i nekoga tko se jebe blizu tebe. Postoje brojne aplikacije za upoznavanje i web stranice koje vam omogu\u0107uju pretra\u017eivanje potencijalnih partnera prema lokaciji. Dakle, ako tra\u017eite ljubav i spremni ste jebati se blizu nekoga, velika je vjerojatnost da \u0107ete mo\u0107i prona\u0107i ono \u0161to tra\u017eite. Naravno, u \u017eivotu nema jamstava. Ali ako ste otvoreni za jebanje u blizini nekoga kako biste prona\u0161li ljubav, mo\u017eda \u0107ete se iznenaditi koliko je lako prona\u0107i podudaranje. Zato samo naprijed i poku\u0161ajte. Mo\u017eda \u0107e\u0161 prona\u0107i ljubav svog \u017eivota.<\/p>\n<h2>Povremeni seksualni susret<\/h2>\n<p>Nema odgovora na ovo pitanje jer ljudi imaju razli\u010dita mi\u0161ljenja o tome \u0161to se kvalificira kao &#8220;povremeni seks&#8221;. Za neke ljude, povremeni seks odnosi se na seksualnu aktivnost koja ne uklju\u010duje bilo koju vrstu emocionalne veze ili predanosti, dok se za druge jednostavno odnosi na seks koji nije dio dugoro\u010dne, monogamne veze.<\/p>\n<p>Ako ste zainteresirani za istra\u017eivanje neobaveznog seksa, postoji nekoliko stvari koje treba imati na umu. Prvo, svakako komunicirajte sa svojim partnerima o svojim o\u010dekivanjima i granicama oko seksa. Tako\u0111er je va\u017eno biti iskren prema sebi o tome \u0161to tra\u017eite i \u0161to vam odgovara. Ako niste sigurni, to je u redu! Uvijek mo\u017eete eksperimentirati i vidjeti \u0161to vam je dobro.<\/p>\n<p>Na kraju, ne zaboravite prakticirati siguran seks pomo\u0107u kondoma i \/ ili drugih oblika kontracepcije i redovito se testirati na spolno prenosive bolesti. Povremeni seks mo\u017ee biti zabavan i uzbudljiv na\u010din za istra\u017eivanje va\u0161e seksualnosti, ali va\u017eno je biti siguran i odgovoran.<\/p>\n<h3>Badoo<\/h3>\n<p>Badoo je besplatna aplikacija za online upoznavanje koja vam omogu\u0107uje upoznavanje novih ljudi u va\u0161em podru\u010dju. Nema potrebe za prijavom na ra\u010dun za kori\u0161tenje Badooa i mo\u017eete odmah po\u010deti razgovarati s ljudima u blizini. Aplikacija tako\u0111er ima opciju pla\u0107ene pretplate koja vam omogu\u0107uje pristup dodatnim zna\u010dajkama kao \u0161to su neograni\u010deno slanje poruka i mogu\u0107nost da vidite tko je pregledao va\u0161 profil. Badoo nije aplikacija za spajanje i nije namijenjena za upotrebu kao na\u010din pronala\u017eenja besplatnog seksa u mojoj blizini. Me\u0111utim, mnogi korisnici koriste aplikaciju u tu svrhu i mogu\u0107e je prona\u0107i ljude koji su zainteresirani za povremene veze i seksualne susrete. Aplikacija je relativno sigurna za upotrebu i postoji nekoliko na\u010dina za prijavljivanje i blokiranje korisnika koji se pona\u0161aju neprimjereno. Sve u svemu, Badoo je dobra opcija za upoznavanje novih ljudi i potencijalno pronala\u017eenje povremenih veza.<\/p>\n<h3>Ashley Madison<\/h3>\n<p>Ako tra\u017eite diskretan na\u010din da imate aferu ili spajanje, onda je Ashley Madison aplikacija za upoznavanje za vas. S vi\u0161e od 60 milijuna \u010dlanova \u0161irom svijeta, to je jedna od najpopularnijih aplikacija za ljude koji tra\u017ee izvanbra\u010dne afere i povremene susrete. Aplikacija je besplatna za preuzimanje i upotrebu, ali morat \u0107ete kupiti kredite za otklju\u010davanje odre\u0111enih zna\u010dajki. Sve u svemu, Ashley Madison izvrsna je aplikacija za sve koji tra\u017ee malo dodatnog uzbu\u0111enja u svom ljubavnom \u017eivotu.<\/p>\n<h3>DateMyAge<\/h3>\n<p>Ako tra\u017eite novu aplikaciju za upoznavanje, DateMyAge je izvrsna opcija. Besplatan je za preuzimanje i ima ocjenu od 4.5 zvjezdica na App Storeu. Aplikacija je dizajnirana za osobe starije od 50 godina i sjajan je na\u010din upoznavanja novih ljudi, bilo da tra\u017eite prijateljstvo ili ljubav. Aplikacija je jednostavna za upotrebu i ima mnogo sjajnih zna\u010dajki, poput mogu\u0107nosti pregleda profila drugih korisnika u va\u0161em podru\u010dju. Tako\u0111er mo\u017eete slati poruke i koristiti funkciju chata kako biste bolje upoznali druge korisnike.<\/p>\n<p>Sve u svemu, svakako bih preporu\u010dio DateMyAge svima koji tra\u017ee novu aplikaciju za upoznavanje. To je sjajan na\u010din upoznavanja novih ljudi i besplatan je za upotrebu.<\/p>\n","protected":false},"excerpt":{"rendered":"<p>Nema potrebe provoditi sate na mre\u017ei tra\u017ee\u0107i &#8220;besplatni seks u mojoj blizini&#8221;. Samo idite u svoj lokalni bar ili klub i po\u010dnite \u010davrljati o potencijalnim vezama. Mo\u017eda \u0107ete se iznenaditi kako je lako prona\u0107i nekoga tko je dolje za neku zabavu bez obaveza. Samo zapamtite da budete sigurni i koristite za\u0161titu! Prona\u0111i seks Nema ni\u010deg &#8230; <a title=\"Seks blizu mene\" class=\"read-more\" href=\"http:\/\/thehottieandthenottie.com\/hr\/seks-blizu-mene\/\" aria-label=\"More on Seks blizu mene\">Op\u0161irnije<\/a><\/p>\n","protected":false},"author":1,"featured_media":0,"parent":0,"menu_order":0,"comment_status":"closed","ping_status":"closed","template":"","meta":[],"yoast_head":"<!-- This site is optimized with the Yoast SEO plugin v17.7.1 - https:\/\/yoast.com\/wordpress\/plugins\/seo\/ -->\n<title>Seks blizu mene - Hotties u blizini<\/title>\n<meta name=\"robots\" content=\"index, follow, max-snippet:-1, max-image-preview:large, max-video-preview:-1\" \/>\n<link rel=\"canonical\" href=\"http:\/\/thehottieandthenottie.com\/hr\/seks-blizu-mene\/\" \/>\n<meta property=\"og:locale\" content=\"hr_HR\" \/>\n<meta property=\"og:type\" content=\"article\" \/>\n<meta property=\"og:title\" content=\"Seks blizu mene - Hotties u blizini\" \/>\n<meta property=\"og:description\" content=\"Nema potrebe provoditi sate na mre\u017ei tra\u017ee\u0107i &#8220;besplatni seks u mojoj blizini&#8221;. Samo idite u svoj lokalni bar ili klub i po\u010dnite \u010davrljati o potencijalnim vezama. Mo\u017eda \u0107ete se iznenaditi kako je lako prona\u0107i nekoga tko je dolje za neku zabavu bez obaveza. Samo zapamtite da budete sigurni i koristite za\u0161titu! Prona\u0111i seks Nema ni\u010deg ... Op\u0161irnije\" \/>\n<meta property=\"og:url\" content=\"http:\/\/thehottieandthenottie.com\/hr\/seks-blizu-mene\/\" \/>\n<meta property=\"og:site_name\" content=\"Hotties u blizini\" \/>\n<meta name=\"twitter:card\" content=\"summary_large_image\" \/>\n<meta name=\"twitter:label1\" content=\"Procijenjeno vrijeme \u010ditanja\" \/>\n\t<meta name=\"twitter:data1\" content=\"4 minute\" \/>\n<script type=\"application\/ld+json\" class=\"yoast-schema-graph\">{\"@context\":\"https:\/\/schema.org\",\"@graph\":[{\"@type\":\"WebSite\",\"@id\":\"https:\/\/thehottieandthenottie.com\/#website\",\"url\":\"https:\/\/thehottieandthenottie.com\/\",\"name\":\"Hotties u blizini\",\"description\":\"Upoznajte \\u017eene u va\\u0161em podru\\u010dju\",\"potentialAction\":[{\"@type\":\"SearchAction\",\"target\":{\"@type\":\"EntryPoint\",\"urlTemplate\":\"https:\/\/thehottieandthenottie.com\/?s={search_term_string}\"},\"query-input\":\"required name=search_term_string\"}],\"inLanguage\":\"hr\"},{\"@type\":\"WebPage\",\"@id\":\"http:\/\/thehottieandthenottie.com\/hr\/seks-blizu-mene\/#webpage\",\"url\":\"http:\/\/thehottieandthenottie.com\/hr\/seks-blizu-mene\/\",\"name\":\"Seks blizu mene - Hotties u blizini\",\"isPartOf\":{\"@id\":\"https:\/\/thehottieandthenottie.com\/#website\"},\"datePublished\":\"2022-09-30T11:53:59+00:00\",\"dateModified\":\"2022-09-30T11:53:59+00:00\",\"breadcrumb\":{\"@id\":\"http:\/\/thehottieandthenottie.com\/hr\/seks-blizu-mene\/#breadcrumb\"},\"inLanguage\":\"hr\",\"potentialAction\":[{\"@type\":\"ReadAction\",\"target\":[\"http:\/\/thehottieandthenottie.com\/hr\/seks-blizu-mene\/\"]}]},{\"@type\":\"BreadcrumbList\",\"@id\":\"http:\/\/thehottieandthenottie.com\/hr\/seks-blizu-mene\/#breadcrumb\",\"itemListElement\":[{\"@type\":\"ListItem\",\"position\":1,\"name\":\"Home\",\"item\":\"https:\/\/thehottieandthenottie.com\/hr\/\"},{\"@type\":\"ListItem\",\"position\":2,\"name\":\"Seks blizu mene\"}]}]}<\/script>\n<!-- \/ Yoast SEO plugin. -->","yoast_head_json":{"title":"Seks blizu mene - Hotties u blizini","robots":{"index":"index","follow":"follow","max-snippet":"max-snippet:-1","max-image-preview":"max-image-preview:large","max-video-preview":"max-video-preview:-1"},"canonical":"http:\/\/thehottieandthenottie.com\/hr\/seks-blizu-mene\/","og_locale":"hr_HR","og_type":"article","og_title":"Seks blizu mene - Hotties u blizini","og_description":"Nema potrebe provoditi sate na mre\u017ei tra\u017ee\u0107i &#8220;besplatni seks u mojoj blizini&#8221;. Samo idite u svoj lokalni bar ili klub i po\u010dnite \u010davrljati o potencijalnim vezama. Mo\u017eda \u0107ete se iznenaditi kako je lako prona\u0107i nekoga tko je dolje za neku zabavu bez obaveza. Samo zapamtite da budete sigurni i koristite za\u0161titu! Prona\u0111i seks Nema ni\u010deg ... Op\u0161irnije","og_url":"http:\/\/thehottieandthenottie.com\/hr\/seks-blizu-mene\/","og_site_name":"Hotties u blizini","twitter_card":"summary_large_image","twitter_misc":{"Procijenjeno vrijeme \u010ditanja":"4 minute"},"schema":{"@context":"https:\/\/schema.org","@graph":[{"@type":"WebSite","@id":"https:\/\/thehottieandthenottie.com\/#website","url":"https:\/\/thehottieandthenottie.com\/","name":"Hotties u blizini","description":"Upoznajte \u017eene u va\u0161em podru\u010dju","potentialAction":[{"@type":"SearchAction","target":{"@type":"EntryPoint","urlTemplate":"https:\/\/thehottieandthenottie.com\/?s={search_term_string}"},"query-input":"required name=search_term_string"}],"inLanguage":"hr"},{"@type":"WebPage","@id":"http:\/\/thehottieandthenottie.com\/hr\/seks-blizu-mene\/#webpage","url":"http:\/\/thehottieandthenottie.com\/hr\/seks-blizu-mene\/","name":"Seks blizu mene - Hotties u blizini","isPartOf":{"@id":"https:\/\/thehottieandthenottie.com\/#website"},"datePublished":"2022-09-30T11:53:59+00:00","dateModified":"2022-09-30T11:53:59+00:00","breadcrumb":{"@id":"http:\/\/thehottieandthenottie.com\/hr\/seks-blizu-mene\/#breadcrumb"},"inLanguage":"hr","potentialAction":[{"@type":"ReadAction","target":["http:\/\/thehottieandthenottie.com\/hr\/seks-blizu-mene\/"]}]},{"@type":"BreadcrumbList","@id":"http:\/\/thehottieandthenottie.com\/hr\/seks-blizu-mene\/#breadcrumb","itemListElement":[{"@type":"ListItem","position":1,"name":"Home","item":"https:\/\/thehottieandthenottie.com\/hr\/"},{"@type":"ListItem","position":2,"name":"Seks blizu mene"}]}]}},"_links":{"self":[{"href":"http:\/\/thehottieandthenottie.com\/hr\/wp-json\/wp\/v2\/pages\/635"}],"collection":[{"href":"http:\/\/thehottieandthenottie.com\/hr\/wp-json\/wp\/v2\/pages"}],"about":[{"href":"http:\/\/thehottieandthenottie.com\/hr\/wp-json\/wp\/v2\/types\/page"}],"author":[{"embeddable":true,"href":"http:\/\/thehottieandthenottie.com\/hr\/wp-json\/wp\/v2\/users\/1"}],"replies":[{"embeddable":true,"href":"http:\/\/thehottieandthenottie.com\/hr\/wp-json\/wp\/v2\/comments?post=635"}],"version-history":[{"count":0,"href":"http:\/\/thehottieandthenottie.com\/hr\/wp-json\/wp\/v2\/pages\/635\/revisions"}],"wp:attachment":[{"href":"http:\/\/thehottieandthenottie.com\/hr\/wp-json\/wp\/v2\/media?parent=635"}],"curies":[{"name":"wp","href":"https:\/\/api.w.org\/{rel}","templated":true}]}}