{"id":636,"date":"2022-09-30T12:54:32","date_gmt":"2022-09-30T11:54:32","guid":{"rendered":"http:\/\/thehottieandthenottie.com\/web-stranice-za-spajanje-seksa\/"},"modified":"2022-09-30T12:54:32","modified_gmt":"2022-09-30T11:54:32","slug":"web-stranice-za-spajanje-seksa","status":"publish","type":"page","link":"http:\/\/thehottieandthenottie.com\/hr\/web-stranice-za-spajanje-seksa\/","title":{"rendered":"Web stranice za spajanje seksa"},"content":{"rendered":"<p>Postoji mnogo besplatnih web stranica za razmjenu seksualnih poruka, ali nisu sve vrijedne kori\u0161tenja. Ako tra\u017eite web mjesto koje \u0107e vam pomo\u0107i da se spojite s nekim, \u017eelite biti sigurni da ima dobru reputaciju i da je jednostavna za upotrebu. Tako\u0111er \u017eelite biti sigurni da web mjesto ima puno \u010dlanova kako biste vjerojatnije prona\u0161li nekoga tko je kompatibilan s vama.<\/p>\n<h2>Besplatno spajanje za seks<\/h2>\n<p>Postoji mnogo zabluda o besplatnim seksualnim izlascima. Mnogi ljudi misle da je sve u pronala\u017eenju nekoga s kim \u0107e se seksati, a da im se ne moraju posvetiti emocionalno ili financijski. Ali to zapravo nije bit besplatnih seksualnih spojeva. Besplatni seksualni izlasci odnose se na pronala\u017eenje nekoga tko vas fizi\u010dki i emocionalno privla\u010di i koga tako\u0111er privla\u010dite. Radi se o seksu s nekim bez brige o posljedicama koje dolaze s tradicionalnom vezom. Naravno, postoje neki rizici povezani s besplatnim seksualnim spojevima. Na kraju biste se mogli emocionalno vezati za nekoga s kim zapravo niste kompatibilni. I uvijek postoji mogu\u0107nost da biste mogli uhvatiti spolno prenosivu bolest. Ali ako ste spremni preuzeti te rizike, besplatni seksualni izlasci mogu biti jako zabavni. To mo\u017ee biti sjajan na\u010din da istra\u017eite svoju seksualnost i saznate \u0161to zapravo tra\u017eite kod partnera.<\/p>\n<p>Nema ni\u0161ta bolje od pronala\u017eenja ljubavi, a ako tra\u017eite besplatan seks, svakako biste trebali pogledati Free Sex Meet Up. Ova web stranica savr\u0161ena je za ljude koji ne tra\u017ee seks u vezi s vezama, a u va\u0161em podru\u010dju mo\u017eete prona\u0107i ljude koji tra\u017ee istu stvar. Sve \u0161to trebate u\u010diniti je stvoriti profil i po\u010deti tra\u017eiti ljude koji tra\u017ee besplatan seks. Tako\u0111er mo\u017eete koristiti web stranicu kako biste prona\u0161li ljude koji tra\u017ee vezu, a mo\u017eete \u010dak prona\u0107i i ljude koji tra\u017ee ne\u0161to le\u017eernije. \u0160to god tra\u017eite, mo\u017eete ga prona\u0107i na Free Sex Meet Up.<\/p>\n<h2>Besplatni seks chat<\/h2>\n<p>Ima puno ljudi koji se bave besplatnim seksualnim porukama. Ovdje mo\u017eete nekome besplatno poslati poruku, a oni \u0107e vam zauzvrat poslati seksualno eksplicitne poruke. Ovo mo\u017ee biti sjajan na\u010din da nekoga upoznate seksualno, a da se zapravo ne morate osobno sastati s njim. To tako\u0111er mo\u017ee biti sjajan na\u010din da dobijete neku seksualnu napetost prije nego \u0161to se zapravo osobno sastanete s nekim.<\/p>\n<h3>SwingLifestyle<\/h3>\n<p>SwingLifestyle je besplatna stranica za razmjenu poruka o seksu koja vam omogu\u0107uje povezivanje s istomi\u0161ljenicima za povremene susrete ili vi\u0161e njih. Stranica postoji ve\u0107 neko vrijeme i ima dobru reputaciju da je sigurno mjesto za spajanje s ljudima. Aplikacija je jednostavna za upotrebu i ima mnogo zna\u010dajki koje je \u010dine izvrsnim izborom za ljude koji tra\u017ee besplatnu web stranicu za razmjenu poruka o seksu. Jedini nedostatak je \u0161to web mjesto nije toliko popularno kao neke druge besplatne web stranice za razmjenu seksualnih poruka.<\/p>\n<h3>XPickup<\/h3>\n<p>Ako tra\u017eite besplatnu stranicu za razmjenu poruka o seksu, XPickup je izvrsna opcija. Aplikacija je jednostavna za upotrebu i ima mnogo zna\u010dajki koje je \u010dine izvrsnim izborom za sve koji tra\u017ee le\u017eerno spajanje. Funkcija pretra\u017eivanja posebno je korisna jer vam omogu\u0107uje da prona\u0111ete ljude u va\u0161em podru\u010dju koji tra\u017ee istu stvar kao i vi. Aplikacija tako\u0111er ima sjajan sustav za razmjenu poruka, \u0161to olak\u0161ava odr\u017eavanje kontakta s potencijalnim vezama. Sve u svemu, XPickup je izvrstan izbor za sve koji tra\u017ee povremenu stranicu za spajanje.<\/p>\n<h3>Alt.com<\/h3>\n<p>Alt.com je besplatna stranica za razmjenu seksualnih poruka koja vam omogu\u0107uje slanje i primanje poruka s drugim \u010dlanovima. Stranica ima veliku bazu \u010dlanova i jednostavna je za kori\u0161tenje. Me\u0111utim, stranica nema puno zna\u010dajki i nije ba\u0161 jednostavna za upotrebu.<\/p>\n","protected":false},"excerpt":{"rendered":"<p>Postoji mnogo besplatnih web stranica za razmjenu seksualnih poruka, ali nisu sve vrijedne kori\u0161tenja. Ako tra\u017eite web mjesto koje \u0107e vam pomo\u0107i da se spojite s nekim, \u017eelite biti sigurni da ima dobru reputaciju i da je jednostavna za upotrebu. Tako\u0111er \u017eelite biti sigurni da web mjesto ima puno \u010dlanova kako biste vjerojatnije prona\u0161li nekoga &#8230; <a title=\"Web stranice za spajanje seksa\" class=\"read-more\" href=\"http:\/\/thehottieandthenottie.com\/hr\/web-stranice-za-spajanje-seksa\/\" aria-label=\"More on Web stranice za spajanje seksa\">Op\u0161irnije<\/a><\/p>\n","protected":false},"author":1,"featured_media":0,"parent":0,"menu_order":0,"comment_status":"closed","ping_status":"closed","template":"","meta":[],"yoast_head":"<!-- This site is optimized with the Yoast SEO plugin v17.7.1 - https:\/\/yoast.com\/wordpress\/plugins\/seo\/ -->\n<title>Web stranice za spajanje seksa - Hotties u blizini<\/title>\n<meta name=\"robots\" content=\"index, follow, max-snippet:-1, max-image-preview:large, max-video-preview:-1\" \/>\n<link rel=\"canonical\" href=\"http:\/\/thehottieandthenottie.com\/hr\/web-stranice-za-spajanje-seksa\/\" \/>\n<meta property=\"og:locale\" content=\"hr_HR\" \/>\n<meta property=\"og:type\" content=\"article\" \/>\n<meta property=\"og:title\" content=\"Web stranice za spajanje seksa - Hotties u blizini\" \/>\n<meta property=\"og:description\" content=\"Postoji mnogo besplatnih web stranica za razmjenu seksualnih poruka, ali nisu sve vrijedne kori\u0161tenja. Ako tra\u017eite web mjesto koje \u0107e vam pomo\u0107i da se spojite s nekim, \u017eelite biti sigurni da ima dobru reputaciju i da je jednostavna za upotrebu. Tako\u0111er \u017eelite biti sigurni da web mjesto ima puno \u010dlanova kako biste vjerojatnije prona\u0161li nekoga ... Op\u0161irnije\" \/>\n<meta property=\"og:url\" content=\"http:\/\/thehottieandthenottie.com\/hr\/web-stranice-za-spajanje-seksa\/\" \/>\n<meta property=\"og:site_name\" content=\"Hotties u blizini\" \/>\n<meta name=\"twitter:card\" content=\"summary_large_image\" \/>\n<meta name=\"twitter:label1\" content=\"Procijenjeno vrijeme \u010ditanja\" \/>\n\t<meta name=\"twitter:data1\" content=\"3 minute\" \/>\n<script type=\"application\/ld+json\" class=\"yoast-schema-graph\">{\"@context\":\"https:\/\/schema.org\",\"@graph\":[{\"@type\":\"WebSite\",\"@id\":\"https:\/\/thehottieandthenottie.com\/#website\",\"url\":\"https:\/\/thehottieandthenottie.com\/\",\"name\":\"Hotties u blizini\",\"description\":\"Upoznajte \\u017eene u va\\u0161em podru\\u010dju\",\"potentialAction\":[{\"@type\":\"SearchAction\",\"target\":{\"@type\":\"EntryPoint\",\"urlTemplate\":\"https:\/\/thehottieandthenottie.com\/?s={search_term_string}\"},\"query-input\":\"required name=search_term_string\"}],\"inLanguage\":\"hr\"},{\"@type\":\"WebPage\",\"@id\":\"http:\/\/thehottieandthenottie.com\/hr\/web-stranice-za-spajanje-seksa\/#webpage\",\"url\":\"http:\/\/thehottieandthenottie.com\/hr\/web-stranice-za-spajanje-seksa\/\",\"name\":\"Web stranice za spajanje seksa - Hotties u blizini\",\"isPartOf\":{\"@id\":\"https:\/\/thehottieandthenottie.com\/#website\"},\"datePublished\":\"2022-09-30T11:54:32+00:00\",\"dateModified\":\"2022-09-30T11:54:32+00:00\",\"breadcrumb\":{\"@id\":\"http:\/\/thehottieandthenottie.com\/hr\/web-stranice-za-spajanje-seksa\/#breadcrumb\"},\"inLanguage\":\"hr\",\"potentialAction\":[{\"@type\":\"ReadAction\",\"target\":[\"http:\/\/thehottieandthenottie.com\/hr\/web-stranice-za-spajanje-seksa\/\"]}]},{\"@type\":\"BreadcrumbList\",\"@id\":\"http:\/\/thehottieandthenottie.com\/hr\/web-stranice-za-spajanje-seksa\/#breadcrumb\",\"itemListElement\":[{\"@type\":\"ListItem\",\"position\":1,\"name\":\"Home\",\"item\":\"https:\/\/thehottieandthenottie.com\/hr\/\"},{\"@type\":\"ListItem\",\"position\":2,\"name\":\"Web stranice za spajanje seksa\"}]}]}<\/script>\n<!-- \/ Yoast SEO plugin. -->","yoast_head_json":{"title":"Web stranice za spajanje seksa - Hotties u blizini","robots":{"index":"index","follow":"follow","max-snippet":"max-snippet:-1","max-image-preview":"max-image-preview:large","max-video-preview":"max-video-preview:-1"},"canonical":"http:\/\/thehottieandthenottie.com\/hr\/web-stranice-za-spajanje-seksa\/","og_locale":"hr_HR","og_type":"article","og_title":"Web stranice za spajanje seksa - Hotties u blizini","og_description":"Postoji mnogo besplatnih web stranica za razmjenu seksualnih poruka, ali nisu sve vrijedne kori\u0161tenja. Ako tra\u017eite web mjesto koje \u0107e vam pomo\u0107i da se spojite s nekim, \u017eelite biti sigurni da ima dobru reputaciju i da je jednostavna za upotrebu. Tako\u0111er \u017eelite biti sigurni da web mjesto ima puno \u010dlanova kako biste vjerojatnije prona\u0161li nekoga ... Op\u0161irnije","og_url":"http:\/\/thehottieandthenottie.com\/hr\/web-stranice-za-spajanje-seksa\/","og_site_name":"Hotties u blizini","twitter_card":"summary_large_image","twitter_misc":{"Procijenjeno vrijeme \u010ditanja":"3 minute"},"schema":{"@context":"https:\/\/schema.org","@graph":[{"@type":"WebSite","@id":"https:\/\/thehottieandthenottie.com\/#website","url":"https:\/\/thehottieandthenottie.com\/","name":"Hotties u blizini","description":"Upoznajte \u017eene u va\u0161em podru\u010dju","potentialAction":[{"@type":"SearchAction","target":{"@type":"EntryPoint","urlTemplate":"https:\/\/thehottieandthenottie.com\/?s={search_term_string}"},"query-input":"required name=search_term_string"}],"inLanguage":"hr"},{"@type":"WebPage","@id":"http:\/\/thehottieandthenottie.com\/hr\/web-stranice-za-spajanje-seksa\/#webpage","url":"http:\/\/thehottieandthenottie.com\/hr\/web-stranice-za-spajanje-seksa\/","name":"Web stranice za spajanje seksa - Hotties u blizini","isPartOf":{"@id":"https:\/\/thehottieandthenottie.com\/#website"},"datePublished":"2022-09-30T11:54:32+00:00","dateModified":"2022-09-30T11:54:32+00:00","breadcrumb":{"@id":"http:\/\/thehottieandthenottie.com\/hr\/web-stranice-za-spajanje-seksa\/#breadcrumb"},"inLanguage":"hr","potentialAction":[{"@type":"ReadAction","target":["http:\/\/thehottieandthenottie.com\/hr\/web-stranice-za-spajanje-seksa\/"]}]},{"@type":"BreadcrumbList","@id":"http:\/\/thehottieandthenottie.com\/hr\/web-stranice-za-spajanje-seksa\/#breadcrumb","itemListElement":[{"@type":"ListItem","position":1,"name":"Home","item":"https:\/\/thehottieandthenottie.com\/hr\/"},{"@type":"ListItem","position":2,"name":"Web stranice za spajanje seksa"}]}]}},"_links":{"self":[{"href":"http:\/\/thehottieandthenottie.com\/hr\/wp-json\/wp\/v2\/pages\/636"}],"collection":[{"href":"http:\/\/thehottieandthenottie.com\/hr\/wp-json\/wp\/v2\/pages"}],"about":[{"href":"http:\/\/thehottieandthenottie.com\/hr\/wp-json\/wp\/v2\/types\/page"}],"author":[{"embeddable":true,"href":"http:\/\/thehottieandthenottie.com\/hr\/wp-json\/wp\/v2\/users\/1"}],"replies":[{"embeddable":true,"href":"http:\/\/thehottieandthenottie.com\/hr\/wp-json\/wp\/v2\/comments?post=636"}],"version-history":[{"count":0,"href":"http:\/\/thehottieandthenottie.com\/hr\/wp-json\/wp\/v2\/pages\/636\/revisions"}],"wp:attachment":[{"href":"http:\/\/thehottieandthenottie.com\/hr\/wp-json\/wp\/v2\/media?parent=636"}],"curies":[{"name":"wp","href":"https:\/\/api.w.org\/{rel}","templated":true}]}}