{"id":301,"date":"2022-09-09T10:59:01","date_gmt":"2022-09-09T09:59:01","guid":{"rendered":"http:\/\/thehottieandthenottie.com\/donne-cornute-in-cerca-di-sesso-incontri-casuali\/"},"modified":"2022-09-09T10:59:01","modified_gmt":"2022-09-09T09:59:01","slug":"donne-cornute-in-cerca-di-sesso-incontri-casuali","status":"publish","type":"page","link":"http:\/\/thehottieandthenottie.com\/it\/","title":{"rendered":"Donne cornute in cerca di sesso &#8211; Incontri casuali"},"content":{"rendered":"<p><img loading=\"lazy\" class=\"aligncenter wp-image-77\" src=\"http:\/\/thehottieandthenottie.com\/wp-content\/uploads\/2022\/09\/real-dating-apps-1024x683.jpeg\" alt=\"\" width=\"649\" height=\"433\" srcset=\"http:\/\/thehottieandthenottie.com\/wp-content\/uploads\/2022\/09\/real-dating-apps-1024x683.jpeg 1024w, http:\/\/thehottieandthenottie.com\/wp-content\/uploads\/2022\/09\/real-dating-apps-300x200.jpeg 300w, http:\/\/thehottieandthenottie.com\/wp-content\/uploads\/2022\/09\/real-dating-apps-768x512.jpeg 768w, http:\/\/thehottieandthenottie.com\/wp-content\/uploads\/2022\/09\/real-dating-apps.jpeg 1125w\" sizes=\"(max-width: 649px) 100vw, 649px\" \/><\/p>\n<p>Molte persone si rivolgono a siti di incontri gratuiti e app di collegamento per trovare partner sessuali occasionali. Questi siti e app rendono facile e conveniente incontrare qualcuno che condivide i tuoi stessi interessi. Sono anche anonimi, il che significa che puoi sfogliare i profili senza dover rivelare nulla di te stesso.<\/p>\n<p>Ci sono tonnellate di opzioni l\u00e0 fuori, ma abbiamo ristretto la nostra lista a 10 ottimi posti dove puoi trovare incontri casuali. Sia che tu stia cercando qualcosa di serio o semplicemente voglia provare qualcosa di diverso, ecco i migliori siti di collegamento e app per trovare sesso occasionale.<\/p>\n<h2>Stai cercando di essere posato?<\/h2>\n<p>Ci sono molte opzioni l\u00e0 fuori per trovare incontri casuali online, che si tratti di un collegamento rapido, di una relazione a lungo termine o anche solo di un&#8217;azione divertente senza vincoli. Ma cosa succede se vuoi qualcosa di diverso? Cosa succede se stai cercando un soggiorno di una notte o un affare discreto? Se non ti dispiace essere in anticipo su ci\u00f2 che stai cercando di fare, questi dieci siti sono sicuri di adattarsi al conto.<\/p>\n<h2>Quali app provare?<\/h2>\n<p>Prima di tutto, i siti di collegamento sono una cosa. In effetti, sono molto comuni al giorno d&#8217;oggi. E mentre il termine &#8220;collegamento&#8221; potrebbe sembrare qualcosa che accade solo a porte chiuse, in realt\u00e0 si riferisce a tutto ci\u00f2 che si svolge al di fuori di una relazione impegnata. Puoi pensarlo come un modo per trovare qualcuno con cui uscire casualmente.<\/p>\n<p>Ci sono molti diversi tipi di siti di collegamento l\u00e0 fuori, che vanno da quelli che si concentrano esclusivamente sul sesso a quelli che si rivolgono a entrambi i sessi. Ce ne sono anche alcuni che sono specificamente progettati per gay o per kinks<\/p>\n<p>Abbiamo sentito parlare di collegamenti per un bel po &#8216;di tempo, ma non abbiamo mai saputo cosa significasse esattamente. Bene, oggi siamo qui per dirti tutto ci\u00f2 che c&#8217;\u00e8 da sapere sui siti di collegamento.<\/p>\n<h3>Ashley Madison &#8211; The Cheaters Hub<\/h3>\n<p>Se barare \u00e8 quello che stai cercando, dai un&#8217;occhiata ad Ashley Madison. Questo sito \u00e8 specificamente progettato per le persone sposate che sono alla ricerca di affari. Se sei disposto a fare un po &#8216;di scavo, troverai molti uomini e donne single sexy che sono aperti a relazioni discrete.<\/p>\n<p>AshleyMadison.com \u00e8 una boccata d&#8217;aria fresca online per coloro che sono alla ricerca di amore, romanticismo o semplicemente un po &#8216;di divertimento. Con oltre 50 milioni di membri in tutto il mondo, AshleyMadison.com \u00e8 il pi\u00f9 grande sito di oggetti personali per adulti al mondo. Che tu stia cercando incontri casuali, una relazione seria o persino il matrimonio, ci sono molte persone l\u00e0 fuori che aspettano di incontrarti.<\/p>\n<p><img loading=\"lazy\" class=\"aligncenter wp-image-76\" src=\"http:\/\/thehottieandthenottie.com\/wp-content\/uploads\/2022\/09\/online-hookups-1024x683.jpeg\" alt=\"\" width=\"517\" height=\"345\" srcset=\"http:\/\/thehottieandthenottie.com\/wp-content\/uploads\/2022\/09\/online-hookups-1024x683.jpeg 1024w, http:\/\/thehottieandthenottie.com\/wp-content\/uploads\/2022\/09\/online-hookups-300x200.jpeg 300w, http:\/\/thehottieandthenottie.com\/wp-content\/uploads\/2022\/09\/online-hookups-768x512.jpeg 768w, http:\/\/thehottieandthenottie.com\/wp-content\/uploads\/2022\/09\/online-hookups.jpeg 1125w\" sizes=\"(max-width: 517px) 100vw, 517px\" \/><\/p>\n<h3>AdultFriendFinder &#8211; Una piattaforma di collegamento affidabile<\/h3>\n<p>Con oltre tre milioni di membri in tutto il mondo, AFF offre molti modi per connettersi con gli altri. Puoi utilizzare messaggi di testo, chat video webcam o persino partecipare a una riunione di gruppo per soddisfare le tue esigenze sessuali.<\/p>\n<p>Adult Friend Finder (AFF), uno dei siti per adulti pi\u00f9 popolari per coppie scambiste e scambisti, offre un ambiente sicuro in cui le persone possono incontrare altri interessati ad attivit\u00e0 di swinging, come sesso di gruppo, sesso a tre e foursomes. Gli scambisti sono incoraggiati a pubblicare foto e video di se stessi in azione, e chiunque altro voglia vedere com&#8217;\u00e8 pu\u00f2 iscriversi per l&#8217;iscrizione.<\/p>\n<p>Il sito include un ampio database di membri attivi, molti dei quali sono alla ricerca di incontri casuali. Ci sono centinaia di migliaia di membri e il numero continua a crescere ogni giorno. Le persone usano il sito per trovare partner per tutto, dai semplici stand di una notte alle relazioni a lungo termine.<\/p>\n<h3>Tinder &#8211; La tua opzione affidabile<\/h3>\n<p>Tinder \u00e8 una delle app di appuntamenti pi\u00f9 popolari l\u00e0 fuori. La sua atmosfera informale incoraggia la conversazione civettuola, portando a partite veloci e appuntamenti ancora pi\u00f9 veloci. Gli utenti sono incoraggiati a scorrere verso sinistra se non gli piace la foto di qualcuno; altrimenti, scorrono verso destra. Se entrambe le parti corrispondono, vedrai le immagini del profilo e il bios dell&#8217;altro. Puoi scrivere di te stesso e scegliere se includere una tua foto.<\/p>\n<p>La popolarit\u00e0 dell&#8217;app \u00e8 esplosa da quando \u00e8 stata lanciata nel 2012. Nel 2013, la societ\u00e0 ha riferito che i suoi utenti attivi giornalieri erano cresciuti fino a circa 5 milioni. Entro il 2016, quel numero \u00e8 cresciuto fino a 15 milioni. Oggi, l&#8217;app vanta 50 milioni di utenti attivi mensilmente.<\/p>\n<p>Nel giugno 2017, Tinder ha annunciato l&#8217;intenzione di lanciare una versione premium dell&#8217;app chiamata &#8220;Tinder Gold&#8221;. Questa versione consente ai membri di inviare messaggi illimitati e consente loro di visualizzare i profili senza dover pagare.<\/p>\n<h3>69Fuck<\/h3>\n<p>Il mondo degli appuntamenti online sta cambiando rapidamente. Grazie allo sviluppo di Internet, le persone ora hanno accesso alle informazioni sui potenziali partner letteralmente a portata di mano. Questa tendenza ha portato all&#8217;emergere di molti diversi tipi di piattaforme di incontri online. Tra questi, ce n&#8217;\u00e8 uno chiamato 69Fuck. Questo sito afferma di essere il miglior sito di collegamento locale. Quindi, diamo un&#8217;occhiata pi\u00f9 da vicino a ci\u00f2 che distingue questo sito dalla massa.<\/p>\n<p>69Fuck \u00e8 una piattaforma di incontri online in cui i membri possono trovare un appuntamento all&#8217;interno della loro citt\u00e0. Dicono che offrono una vasta gamma di citt\u00e0 in tutto il mondo, tra cui oltre 30 paesi. Il loro obiettivo \u00e8 aiutare uomini e donne a connettersi nella vita reale. Per raggiungere questo obiettivo, forniscono diversi strumenti che rendono pi\u00f9 facile incontrare qualcuno. Ad esempio, consentono agli utenti di caricare una foto di se stessi, scrivere una breve biografia e scegliere un&#8217;immagine del profilo.<\/p>\n<p>Inoltre, ti danno 24 ore di abbonamento gratuito. Successivamente, puoi pagare $ 19 al mese per sbloccare funzionalit\u00e0 aggiuntive come messaggistica illimitata e profili di navigazione. Puoi annullare in qualsiasi momento senza pagare nulla.<\/p>\n<h2>Come scegliere quello giusto per te?<\/h2>\n<p>Sappiamo tutti che trovare una data pu\u00f2 essere difficile. E sappiamo tutti che ci sono molti diversi tipi di date l\u00e0 fuori. Ma che dire di quelle volte in cui non hai voglia di incontrare qualcuno? O forse stai cercando qualcosa di pi\u00f9 serio? Bene, sei nel posto giusto. Abbiamo compilato alcune informazioni sui migliori siti di collegamento su Internet oggi.<\/p>\n<p>Il sito \u00e8 assolutamente gratuito e offre l&#8217;accesso sia a donne single che a uomini. Qui troverai di tutto, dalle chat in webcam dal vivo alle chat room video dove puoi incontrare single locali. Non ci sono costi nascosti o addebiti di sorta. In effetti, se decidi di passare all&#8217;abbonamento premium, riceverai ancora pi\u00f9 funzionalit\u00e0 e vantaggi.<\/p>\n<p>Puoi scegliere se preferisci utilizzare app per dispositivi mobili o browser desktop. Se opti per quest&#8217;ultimo, puoi goderti la comodit\u00e0 di poter accedere sempre e ovunque. Tutto quello che devi fare \u00e8 registrarti e iniziare a navigare!<\/p>\n<p>Una volta trovato il profilo della persona che desideri incontrare, puoi inviare messaggi direttamente a loro. In questo modo, non perderai tempo a cercare di capire come contattare la persona. Basta scrivere una breve nota e premere &#8220;invia&#8221;.<\/p>\n<p>Se sei interessato a chattare con gli altri, puoi unirti a gruppi pubblici, chat room private o persino andare direttamente alle sessioni di cam dal vivo. Queste opzioni sono perfette per coloro che vogliono fare amicizia divertendosi.<\/p>\n","protected":false},"excerpt":{"rendered":"<p>Molte persone si rivolgono a siti di incontri gratuiti e app di collegamento per trovare partner sessuali occasionali. Questi siti e app rendono facile e conveniente incontrare qualcuno che condivide i tuoi stessi interessi. Sono anche anonimi, il che significa che puoi sfogliare i profili senza dover rivelare nulla di te stesso. Ci sono tonnellate &#8230; <a title=\"Donne cornute in cerca di sesso &#8211; Incontri casuali\" class=\"read-more\" href=\"http:\/\/thehottieandthenottie.com\/it\/\" aria-label=\"Leggi di pi\u00f9 su Donne cornute in cerca di sesso &#8211; Incontri casuali\">Leggi tutto<\/a><\/p>\n","protected":false},"author":1,"featured_media":0,"parent":0,"menu_order":0,"comment_status":"closed","ping_status":"closed","template":"","meta":[],"yoast_head":"<!-- This site is optimized with the Yoast SEO plugin v17.7.1 - https:\/\/yoast.com\/wordpress\/plugins\/seo\/ -->\n<title>Donne cornute in cerca di sesso - Incontri casuali - Nei dintorni Hotties<\/title>\n<meta name=\"description\" content=\"Descrizione META\" \/>\n<meta name=\"robots\" content=\"index, follow, max-snippet:-1, max-image-preview:large, max-video-preview:-1\" \/>\n<link rel=\"canonical\" href=\"http:\/\/thehottieandthenottie.com\/it\/\" \/>\n<meta property=\"og:locale\" content=\"it_IT\" \/>\n<meta property=\"og:type\" content=\"article\" \/>\n<meta property=\"og:title\" content=\"Donne cornute in cerca di sesso - Incontri casuali - Nei dintorni Hotties\" \/>\n<meta property=\"og:description\" content=\"Descrizione META\" \/>\n<meta property=\"og:url\" content=\"http:\/\/thehottieandthenottie.com\/it\/\" \/>\n<meta property=\"og:site_name\" content=\"Nei dintorni Hotties\" \/>\n<meta property=\"og:image\" content=\"http:\/\/thehottieandthenottie.com\/wp-content\/uploads\/2022\/09\/real-dating-apps-1024x683.jpeg\" \/>\n<meta name=\"twitter:card\" content=\"summary_large_image\" \/>\n<meta name=\"twitter:label1\" content=\"Tempo di lettura stimato\" \/>\n\t<meta name=\"twitter:data1\" content=\"6 minuti\" \/>\n<script type=\"application\/ld+json\" class=\"yoast-schema-graph\">{\"@context\":\"https:\/\/schema.org\",\"@graph\":[{\"@type\":\"WebSite\",\"@id\":\"https:\/\/thehottieandthenottie.com\/#website\",\"url\":\"https:\/\/thehottieandthenottie.com\/\",\"name\":\"Nei dintorni Hotties\",\"description\":\"Incontra le donne nella tua zona\",\"potentialAction\":[{\"@type\":\"SearchAction\",\"target\":{\"@type\":\"EntryPoint\",\"urlTemplate\":\"https:\/\/thehottieandthenottie.com\/?s={search_term_string}\"},\"query-input\":\"required name=search_term_string\"}],\"inLanguage\":\"it-IT\"},{\"@type\":\"ImageObject\",\"@id\":\"http:\/\/thehottieandthenottie.com\/it\/#primaryimage\",\"inLanguage\":\"it-IT\",\"url\":\"http:\/\/thehottieandthenottie.com\/wp-content\/uploads\/2022\/09\/real-dating-apps.jpeg\",\"contentUrl\":\"http:\/\/thehottieandthenottie.com\/wp-content\/uploads\/2022\/09\/real-dating-apps.jpeg\",\"width\":1125,\"height\":750},{\"@type\":\"WebPage\",\"@id\":\"http:\/\/thehottieandthenottie.com\/it\/#webpage\",\"url\":\"http:\/\/thehottieandthenottie.com\/it\/\",\"name\":\"Donne cornute in cerca di sesso - Incontri casuali - Nei dintorni Hotties\",\"isPartOf\":{\"@id\":\"https:\/\/thehottieandthenottie.com\/#website\"},\"primaryImageOfPage\":{\"@id\":\"http:\/\/thehottieandthenottie.com\/it\/#primaryimage\"},\"datePublished\":\"2022-09-09T09:59:01+00:00\",\"dateModified\":\"2022-09-09T09:59:01+00:00\",\"description\":\"Descrizione META\",\"breadcrumb\":{\"@id\":\"http:\/\/thehottieandthenottie.com\/it\/#breadcrumb\"},\"inLanguage\":\"it-IT\",\"potentialAction\":[{\"@type\":\"ReadAction\",\"target\":[\"http:\/\/thehottieandthenottie.com\/it\/\"]}]},{\"@type\":\"BreadcrumbList\",\"@id\":\"http:\/\/thehottieandthenottie.com\/it\/#breadcrumb\",\"itemListElement\":[{\"@type\":\"ListItem\",\"position\":1,\"name\":\"Home\",\"item\":\"http:\/\/thehottieandthenottie.com\/it\/\"},{\"@type\":\"ListItem\",\"position\":2,\"name\":\"Donne cornute in cerca di sesso &#8211; Incontri casuali\"}]}]}<\/script>\n<!-- \/ Yoast SEO plugin. -->","yoast_head_json":{"title":"Donne cornute in cerca di sesso - Incontri casuali - Nei dintorni Hotties","description":"Descrizione META","robots":{"index":"index","follow":"follow","max-snippet":"max-snippet:-1","max-image-preview":"max-image-preview:large","max-video-preview":"max-video-preview:-1"},"canonical":"http:\/\/thehottieandthenottie.com\/it\/","og_locale":"it_IT","og_type":"article","og_title":"Donne cornute in cerca di sesso - Incontri casuali - Nei dintorni Hotties","og_description":"Descrizione META","og_url":"http:\/\/thehottieandthenottie.com\/it\/","og_site_name":"Nei dintorni Hotties","og_image":[{"url":"http:\/\/thehottieandthenottie.com\/wp-content\/uploads\/2022\/09\/real-dating-apps-1024x683.jpeg"}],"twitter_card":"summary_large_image","twitter_misc":{"Tempo di lettura stimato":"6 minuti"},"schema":{"@context":"https:\/\/schema.org","@graph":[{"@type":"WebSite","@id":"https:\/\/thehottieandthenottie.com\/#website","url":"https:\/\/thehottieandthenottie.com\/","name":"Nei dintorni Hotties","description":"Incontra le donne nella tua zona","potentialAction":[{"@type":"SearchAction","target":{"@type":"EntryPoint","urlTemplate":"https:\/\/thehottieandthenottie.com\/?s={search_term_string}"},"query-input":"required name=search_term_string"}],"inLanguage":"it-IT"},{"@type":"ImageObject","@id":"http:\/\/thehottieandthenottie.com\/it\/#primaryimage","inLanguage":"it-IT","url":"http:\/\/thehottieandthenottie.com\/wp-content\/uploads\/2022\/09\/real-dating-apps.jpeg","contentUrl":"http:\/\/thehottieandthenottie.com\/wp-content\/uploads\/2022\/09\/real-dating-apps.jpeg","width":1125,"height":750},{"@type":"WebPage","@id":"http:\/\/thehottieandthenottie.com\/it\/#webpage","url":"http:\/\/thehottieandthenottie.com\/it\/","name":"Donne cornute in cerca di sesso - Incontri casuali - Nei dintorni Hotties","isPartOf":{"@id":"https:\/\/thehottieandthenottie.com\/#website"},"primaryImageOfPage":{"@id":"http:\/\/thehottieandthenottie.com\/it\/#primaryimage"},"datePublished":"2022-09-09T09:59:01+00:00","dateModified":"2022-09-09T09:59:01+00:00","description":"Descrizione META","breadcrumb":{"@id":"http:\/\/thehottieandthenottie.com\/it\/#breadcrumb"},"inLanguage":"it-IT","potentialAction":[{"@type":"ReadAction","target":["http:\/\/thehottieandthenottie.com\/it\/"]}]},{"@type":"BreadcrumbList","@id":"http:\/\/thehottieandthenottie.com\/it\/#breadcrumb","itemListElement":[{"@type":"ListItem","position":1,"name":"Home","item":"http:\/\/thehottieandthenottie.com\/it\/"},{"@type":"ListItem","position":2,"name":"Donne cornute in cerca di sesso &#8211; Incontri casuali"}]}]}},"_links":{"self":[{"href":"http:\/\/thehottieandthenottie.com\/it\/wp-json\/wp\/v2\/pages\/301"}],"collection":[{"href":"http:\/\/thehottieandthenottie.com\/it\/wp-json\/wp\/v2\/pages"}],"about":[{"href":"http:\/\/thehottieandthenottie.com\/it\/wp-json\/wp\/v2\/types\/page"}],"author":[{"embeddable":true,"href":"http:\/\/thehottieandthenottie.com\/it\/wp-json\/wp\/v2\/users\/1"}],"replies":[{"embeddable":true,"href":"http:\/\/thehottieandthenottie.com\/it\/wp-json\/wp\/v2\/comments?post=301"}],"version-history":[{"count":0,"href":"http:\/\/thehottieandthenottie.com\/it\/wp-json\/wp\/v2\/pages\/301\/revisions"}],"wp:attachment":[{"href":"http:\/\/thehottieandthenottie.com\/it\/wp-json\/wp\/v2\/media?parent=301"}],"curies":[{"name":"wp","href":"https:\/\/api.w.org\/{rel}","templated":true}]}}