{"id":556,"date":"2022-09-30T12:57:19","date_gmt":"2022-09-30T11:57:19","guid":{"rendered":"http:\/\/thehottieandthenottie.com\/siti-swinger\/"},"modified":"2022-09-30T12:57:19","modified_gmt":"2022-09-30T11:57:19","slug":"siti-swinger","status":"publish","type":"page","link":"http:\/\/thehottieandthenottie.com\/it\/siti-swinger\/","title":{"rendered":"Siti swinger"},"content":{"rendered":"<p>Ci sono molti siti di scambisti locali che puoi usare per collegarti con le persone nella tua zona. Questi siti sono un ottimo modo per incontrare nuove persone ed esplorare i tuoi confini sessuali. Puoi utilizzare questi siti per trovare persone che sono interessate alle tue stesse cose e che stanno cercando un buon momento. Puoi anche utilizzare questi siti per trovare persone che sono alla ricerca di una relazione seria. Se stai cercando un collegamento, allora dovresti assolutamente dare un&#8217;occhiata ad alcuni dei siti di scambisti locali.<\/p>\n<p>Ci sono una variet\u00e0 di siti di scambisti disponibili online e si rivolgono a pubblici diversi. Alcuni siti di scambisti sono orientati verso le coppie che sono alla ricerca di altre coppie con cui oscillare, mentre altri sono orientati verso i single che sono interessati a incontrare altri single per scopi swinging. I siti scambisti in genere hanno una vasta gamma di funzionalit\u00e0 e opzioni che gli utenti possono sfruttare e forniscono un ambiente sicuro e protetto per le persone per connettersi ed esplorare i propri interessi sessuali.<\/p>\n<h2>Scambisti Hookup Siti web<\/h2>\n<p>C&#8217;\u00e8 qualcosa nel <a href=\"http:\/\/thehottieandthenottie.com\/free-adult-classifieds\/\">brivido di entrare in contatto con uno sconosciuto<\/a> che non pu\u00f2 essere battuto. E se stai cercando l&#8217;amore, i collegamenti scambisti sono il modo perfetto per andare. Puoi incontrare nuove persone, esplorare nuove esperienze sessuali e divertirti un sacco nel processo. Inoltre, non sai mai dove potresti trovare la tua corrispondenza perfetta. Quindi, se sei pronto a ravvivare la tua vita amorosa, i collegamenti scambisti sono la strada da percorrere.<\/p>\n<p>Se stai cercando di aggiungere un po &#8216;di pepe alla tua vita di appuntamenti, allora potresti voler dare un&#8217;occhiata a un sito di scambisti locali. I siti scambisti sono un ottimo modo per incontrare nuove persone che condividono i tuoi stessi interessi. Puoi sfogliare i profili e trovare persone nella tua zona che sono interessate alle tue stesse cose. Inoltre, puoi chattare con altri membri e conoscerli prima di incontrarti di persona. I siti di scambisti sono un ottimo modo per divertirsi e incontrare nuove persone.<\/p>\n<h3>SimpleFlirts<\/h3>\n<p>Se stai cercando un sito di scambisti locali, SimpleFlirts \u00e8 un&#8217;ottima opzione. Il sito ha un ampio database di membri, quindi sei sicuro di trovare qualcuno nella tua zona. La funzione di ricerca \u00e8 facile da usare e puoi filtrare i risultati per et\u00e0, posizione e interessi. Il sistema di messaggistica \u00e8 semplice e facile da usare e puoi anche inviare foto e video. Il sito ha anche un&#8217;app mobile, quindi puoi accedere al tuo account in movimento. L&#8217;unico aspetto negativo \u00e8 che il sito non ha molte campane e fischietti, ma \u00e8 perfetto per trovare scambisti locali.<\/p>\n<h3>SextFun<\/h3>\n<p>SextFun \u00e8 un&#8217;app di appuntamenti che collega gli scambisti locali tra loro. L&#8217;app \u00e8 scaricabile e utilizzabile gratuitamente e offre una variet\u00e0 di funzionalit\u00e0 che semplificano la connessione con altri scambisti nella tua zona. SextFun offre anche una variet\u00e0 di funzionalit\u00e0 che rendono facile trovare e connettersi con altri scambisti locali. L&#8217;app \u00e8 disponibile sia per iOS che per Android ed \u00e8 un ottimo modo per incontrare altri scambisti locali nella tua zona.<\/p>\n<h3>HeatedAffairs<\/h3>\n<p>HeatedAffairs \u00e8 una delle app di appuntamenti pi\u00f9 popolari per gli scambisti locali. L&#8217;app \u00e8 stata progettata per aiutare le coppie a connettersi con altre coppie nella loro zona per divertimento ed eccitazione. L&#8217;app \u00e8 scaricabile e utilizzabile gratuitamente e offre una vasta gamma di funzionalit\u00e0 per aiutare le coppie a connettersi tra loro. L&#8217;app include anche un sistema di messaggistica in modo che le coppie possano chattare e flirtare tra loro.<\/p>\n","protected":false},"excerpt":{"rendered":"<p>Ci sono molti siti di scambisti locali che puoi usare per collegarti con le persone nella tua zona. Questi siti sono un ottimo modo per incontrare nuove persone ed esplorare i tuoi confini sessuali. Puoi utilizzare questi siti per trovare persone che sono interessate alle tue stesse cose e che stanno cercando un buon momento. &#8230; <a title=\"Siti swinger\" class=\"read-more\" href=\"http:\/\/thehottieandthenottie.com\/it\/siti-swinger\/\" aria-label=\"Leggi di pi\u00f9 su Siti swinger\">Leggi tutto<\/a><\/p>\n","protected":false},"author":1,"featured_media":0,"parent":0,"menu_order":0,"comment_status":"closed","ping_status":"closed","template":"","meta":[],"yoast_head":"<!-- This site is optimized with the Yoast SEO plugin v17.7.1 - https:\/\/yoast.com\/wordpress\/plugins\/seo\/ -->\n<title>Siti swinger - Nei dintorni Hotties<\/title>\n<meta name=\"robots\" content=\"index, follow, max-snippet:-1, max-image-preview:large, max-video-preview:-1\" \/>\n<link rel=\"canonical\" href=\"http:\/\/thehottieandthenottie.com\/it\/siti-swinger\/\" \/>\n<meta property=\"og:locale\" content=\"it_IT\" \/>\n<meta property=\"og:type\" content=\"article\" \/>\n<meta property=\"og:title\" content=\"Siti swinger - Nei dintorni Hotties\" \/>\n<meta property=\"og:description\" content=\"Ci sono molti siti di scambisti locali che puoi usare per collegarti con le persone nella tua zona. Questi siti sono un ottimo modo per incontrare nuove persone ed esplorare i tuoi confini sessuali. Puoi utilizzare questi siti per trovare persone che sono interessate alle tue stesse cose e che stanno cercando un buon momento. ... Leggi tutto\" \/>\n<meta property=\"og:url\" content=\"http:\/\/thehottieandthenottie.com\/it\/siti-swinger\/\" \/>\n<meta property=\"og:site_name\" content=\"Nei dintorni Hotties\" \/>\n<meta name=\"twitter:card\" content=\"summary_large_image\" \/>\n<meta name=\"twitter:label1\" content=\"Tempo di lettura stimato\" \/>\n\t<meta name=\"twitter:data1\" content=\"3 minuti\" \/>\n<script type=\"application\/ld+json\" class=\"yoast-schema-graph\">{\"@context\":\"https:\/\/schema.org\",\"@graph\":[{\"@type\":\"WebSite\",\"@id\":\"https:\/\/thehottieandthenottie.com\/#website\",\"url\":\"https:\/\/thehottieandthenottie.com\/\",\"name\":\"Nei dintorni Hotties\",\"description\":\"Incontra le donne nella tua zona\",\"potentialAction\":[{\"@type\":\"SearchAction\",\"target\":{\"@type\":\"EntryPoint\",\"urlTemplate\":\"https:\/\/thehottieandthenottie.com\/?s={search_term_string}\"},\"query-input\":\"required name=search_term_string\"}],\"inLanguage\":\"it-IT\"},{\"@type\":\"WebPage\",\"@id\":\"http:\/\/thehottieandthenottie.com\/it\/siti-swinger\/#webpage\",\"url\":\"http:\/\/thehottieandthenottie.com\/it\/siti-swinger\/\",\"name\":\"Siti swinger - Nei dintorni Hotties\",\"isPartOf\":{\"@id\":\"https:\/\/thehottieandthenottie.com\/#website\"},\"datePublished\":\"2022-09-30T11:57:19+00:00\",\"dateModified\":\"2022-09-30T11:57:19+00:00\",\"breadcrumb\":{\"@id\":\"http:\/\/thehottieandthenottie.com\/it\/siti-swinger\/#breadcrumb\"},\"inLanguage\":\"it-IT\",\"potentialAction\":[{\"@type\":\"ReadAction\",\"target\":[\"http:\/\/thehottieandthenottie.com\/it\/siti-swinger\/\"]}]},{\"@type\":\"BreadcrumbList\",\"@id\":\"http:\/\/thehottieandthenottie.com\/it\/siti-swinger\/#breadcrumb\",\"itemListElement\":[{\"@type\":\"ListItem\",\"position\":1,\"name\":\"Home\",\"item\":\"http:\/\/thehottieandthenottie.com\/it\/\"},{\"@type\":\"ListItem\",\"position\":2,\"name\":\"Siti swinger\"}]}]}<\/script>\n<!-- \/ Yoast SEO plugin. -->","yoast_head_json":{"title":"Siti swinger - Nei dintorni Hotties","robots":{"index":"index","follow":"follow","max-snippet":"max-snippet:-1","max-image-preview":"max-image-preview:large","max-video-preview":"max-video-preview:-1"},"canonical":"http:\/\/thehottieandthenottie.com\/it\/siti-swinger\/","og_locale":"it_IT","og_type":"article","og_title":"Siti swinger - Nei dintorni Hotties","og_description":"Ci sono molti siti di scambisti locali che puoi usare per collegarti con le persone nella tua zona. Questi siti sono un ottimo modo per incontrare nuove persone ed esplorare i tuoi confini sessuali. Puoi utilizzare questi siti per trovare persone che sono interessate alle tue stesse cose e che stanno cercando un buon momento. ... Leggi tutto","og_url":"http:\/\/thehottieandthenottie.com\/it\/siti-swinger\/","og_site_name":"Nei dintorni Hotties","twitter_card":"summary_large_image","twitter_misc":{"Tempo di lettura stimato":"3 minuti"},"schema":{"@context":"https:\/\/schema.org","@graph":[{"@type":"WebSite","@id":"https:\/\/thehottieandthenottie.com\/#website","url":"https:\/\/thehottieandthenottie.com\/","name":"Nei dintorni Hotties","description":"Incontra le donne nella tua zona","potentialAction":[{"@type":"SearchAction","target":{"@type":"EntryPoint","urlTemplate":"https:\/\/thehottieandthenottie.com\/?s={search_term_string}"},"query-input":"required name=search_term_string"}],"inLanguage":"it-IT"},{"@type":"WebPage","@id":"http:\/\/thehottieandthenottie.com\/it\/siti-swinger\/#webpage","url":"http:\/\/thehottieandthenottie.com\/it\/siti-swinger\/","name":"Siti swinger - Nei dintorni Hotties","isPartOf":{"@id":"https:\/\/thehottieandthenottie.com\/#website"},"datePublished":"2022-09-30T11:57:19+00:00","dateModified":"2022-09-30T11:57:19+00:00","breadcrumb":{"@id":"http:\/\/thehottieandthenottie.com\/it\/siti-swinger\/#breadcrumb"},"inLanguage":"it-IT","potentialAction":[{"@type":"ReadAction","target":["http:\/\/thehottieandthenottie.com\/it\/siti-swinger\/"]}]},{"@type":"BreadcrumbList","@id":"http:\/\/thehottieandthenottie.com\/it\/siti-swinger\/#breadcrumb","itemListElement":[{"@type":"ListItem","position":1,"name":"Home","item":"http:\/\/thehottieandthenottie.com\/it\/"},{"@type":"ListItem","position":2,"name":"Siti swinger"}]}]}},"_links":{"self":[{"href":"http:\/\/thehottieandthenottie.com\/it\/wp-json\/wp\/v2\/pages\/556"}],"collection":[{"href":"http:\/\/thehottieandthenottie.com\/it\/wp-json\/wp\/v2\/pages"}],"about":[{"href":"http:\/\/thehottieandthenottie.com\/it\/wp-json\/wp\/v2\/types\/page"}],"author":[{"embeddable":true,"href":"http:\/\/thehottieandthenottie.com\/it\/wp-json\/wp\/v2\/users\/1"}],"replies":[{"embeddable":true,"href":"http:\/\/thehottieandthenottie.com\/it\/wp-json\/wp\/v2\/comments?post=556"}],"version-history":[{"count":0,"href":"http:\/\/thehottieandthenottie.com\/it\/wp-json\/wp\/v2\/pages\/556\/revisions"}],"wp:attachment":[{"href":"http:\/\/thehottieandthenottie.com\/it\/wp-json\/wp\/v2\/media?parent=556"}],"curies":[{"name":"wp","href":"https:\/\/api.w.org\/{rel}","templated":true}]}}