{"id":578,"date":"2022-09-30T12:56:42","date_gmt":"2022-09-30T11:56:42","guid":{"rendered":"http:\/\/thehottieandthenottie.com\/annunci-gratuiti-per-adulti\/"},"modified":"2022-09-30T12:56:42","modified_gmt":"2022-09-30T11:56:42","slug":"annunci-gratuiti-per-adulti","status":"publish","type":"page","link":"http:\/\/thehottieandthenottie.com\/it\/annunci-gratuiti-per-adulti\/","title":{"rendered":"Annunci gratuiti per adulti"},"content":{"rendered":"<p>Non c&#8217;\u00e8 bisogno di andare in un bar o in un club per ritirare rispetto a quando si utilizzano persone adulte locali. Tutto quello che devi fare \u00e8 pubblicare un annuncio personale online e puoi collegarti con qualcuno del posto nella tua zona senza nemmeno uscire di casa. Puoi essere specifico quanto vuoi nella tua inserzione in modo da attirare solo le persone che cercano la tua stessa cosa. Tieni presente che non tutti sono alla ricerca di un&#8217;avventura di una notte, quindi se questo \u00e8 tutto ci\u00f2 che stai cercando, potresti avere pi\u00f9 fortuna altrove.<\/p>\n<h2>Sesso locale Personale<\/h2>\n<p>Ci sono molte persone che usano personali sessuali quando cercano un appuntamento. Questo perch\u00e9 possono essere molto specifici su ci\u00f2 che stanno cercando e possono trovare persone che stanno cercando la stessa cosa. Ci sono anche molte persone che usano il sesso personale per trovare qualcuno con cui avere un incontro casuale. Questo perch\u00e9 \u00e8 molto pi\u00f9 facile trovare qualcuno che sta cercando la stessa cosa quando si utilizza un sito di sesso personale. Ci sono molti siti web di annunci per adulti che si rivolgono a coloro che sono alla ricerca dell&#8217;amore. Questi siti Web offrono una variet\u00e0 di servizi che possono aiutarti a trovare la corrispondenza perfetta. Possono anche fornirti suggerimenti e consigli su come sfruttare al meglio la tua relazione. La maggior parte di questi siti Web sono gratuiti, quindi puoi sfogliarli a tuo piacimento.<\/p>\n<h2>Annunci sessuali gratuiti<\/h2>\n<p>C&#8217;\u00e8 stata una recente impennata di <a href=\"http:\/\/thehottieandthenottie.com\/fuck-someone-near-you\/\">annunci sessuali locali<\/a> nel mondo degli appuntamenti. Ci\u00f2 \u00e8 probabilmente dovuto al fatto che le persone si sentono pi\u00f9 a loro agio con la loro sessualit\u00e0 e sono pi\u00f9 aperte a esplorare le loro opzioni. Questi annunci possono essere un ottimo modo per entrare in contatto con qualcuno che condivide i tuoi interessi e desideri. Possono anche essere un ottimo modo per trovare qualcuno che sta cercando qualcosa di un po &#8216;pi\u00f9 casual. Se sei interessato a esplorare le tue opzioni, allora controllare gli annunci di sesso locale pu\u00f2 essere un ottimo punto di partenza. Assicurati solo di essere sicuro e onesto su ci\u00f2 che stai cercando.<\/p>\n<h3>Doppia Lista<\/h3>\n<p>DoubleList \u00e8 una nuova app di appuntamenti che ultimamente ha ricevuto molto buzz. L&#8217;app \u00e8 progettata per aiutarti a trovare single adulti locali con cui uscire e collegarti. L&#8217;app \u00e8 scaricabile e utilizzabile gratuitamente ed \u00e8 disponibile per dispositivi iOS e Android. L&#8217;app DoubleList \u00e8 molto user-friendly e facile da navigare. Puoi sfogliare i profili dei single locali nella tua zona e visualizzare le loro foto e informazioni. Quando trovi qualcuno che ti interessa, puoi inviargli un messaggio e iniziare a chattare. L&#8217;app ha anche un sistema di chat integrato in modo da poter chattare con le tue partite in tempo reale. L&#8217;app DoubleList \u00e8 un ottimo modo per incontrare single locali per appuntamenti e collegamenti.<\/p>\n<h3>Badoo \u00b7<\/h3>\n<p>Badoo \u00e8 un&#8217;app di appuntamenti che sta crescendo in popolarit\u00e0 tra gli adulti che sono alla ricerca di collegamenti locali. L&#8217;app \u00e8 scaricabile e utilizzabile gratuitamente e offre una variet\u00e0 di funzionalit\u00e0 che semplificano la connessione con potenziali corrispondenze nella tua zona. Badoo ha anche una forte politica sulla privacy ed \u00e8 una delle poche app di appuntamenti che ti consente di controllare chi pu\u00f2 vedere il tuo profilo. Nel complesso, Badoo \u00e8 un&#8217;ottima opzione per gli adulti che sono alla ricerca di un&#8217;app di collegamento facile da usare e con una forte politica sulla privacy.<\/p>\n<h3>Alt.com<\/h3>\n<p>Alt.com \u00e8 un&#8217;app di appuntamenti personali per adulti locali che ultimamente ha ricevuto molto buzz. L&#8217;app \u00e8 scaricabile gratuitamente e promette di aiutarti a trovare adulti locali con cui collegarti. Ma \u00e8 all&#8217;altezza dell&#8217;hype?<\/p>\n<p>Ho deciso di provare Alt.com e vedere di persona. Il processo di registrazione \u00e8 stato semplice e veloce e presto ho navigato tra i profili degli adulti locali. Sono rimasto sorpreso da quanti ce n&#8217;erano! Ho trovato alcune potenziali corrispondenze e ho chiacchierato con loro per un po &#8216;.<\/p>\n<p>Nel complesso, sono rimasto colpito da Alt.com. \u00c8 un ottimo modo per incontrare adulti locali per incontri casuali. L&#8217;app \u00e8 facile da usare e ci sono molti utenti tra cui scegliere. Se stai cercando una nuova app di appuntamenti da provare, ti consiglio di provare Alt.com.<\/p>\n","protected":false},"excerpt":{"rendered":"<p>Non c&#8217;\u00e8 bisogno di andare in un bar o in un club per ritirare rispetto a quando si utilizzano persone adulte locali. Tutto quello che devi fare \u00e8 pubblicare un annuncio personale online e puoi collegarti con qualcuno del posto nella tua zona senza nemmeno uscire di casa. Puoi essere specifico quanto vuoi nella tua &#8230; <a title=\"Annunci gratuiti per adulti\" class=\"read-more\" href=\"http:\/\/thehottieandthenottie.com\/it\/annunci-gratuiti-per-adulti\/\" aria-label=\"Leggi di pi\u00f9 su Annunci gratuiti per adulti\">Leggi tutto<\/a><\/p>\n","protected":false},"author":1,"featured_media":0,"parent":0,"menu_order":0,"comment_status":"closed","ping_status":"closed","template":"","meta":[],"yoast_head":"<!-- This site is optimized with the Yoast SEO plugin v17.7.1 - https:\/\/yoast.com\/wordpress\/plugins\/seo\/ -->\n<title>Annunci gratuiti per adulti - Nei dintorni Hotties<\/title>\n<meta name=\"robots\" content=\"index, follow, max-snippet:-1, max-image-preview:large, max-video-preview:-1\" \/>\n<link rel=\"canonical\" href=\"http:\/\/thehottieandthenottie.com\/it\/annunci-gratuiti-per-adulti\/\" \/>\n<meta property=\"og:locale\" content=\"it_IT\" \/>\n<meta property=\"og:type\" content=\"article\" \/>\n<meta property=\"og:title\" content=\"Annunci gratuiti per adulti - Nei dintorni Hotties\" \/>\n<meta property=\"og:description\" content=\"Non c&#8217;\u00e8 bisogno di andare in un bar o in un club per ritirare rispetto a quando si utilizzano persone adulte locali. Tutto quello che devi fare \u00e8 pubblicare un annuncio personale online e puoi collegarti con qualcuno del posto nella tua zona senza nemmeno uscire di casa. Puoi essere specifico quanto vuoi nella tua ... Leggi tutto\" \/>\n<meta property=\"og:url\" content=\"http:\/\/thehottieandthenottie.com\/it\/annunci-gratuiti-per-adulti\/\" \/>\n<meta property=\"og:site_name\" content=\"Nei dintorni Hotties\" \/>\n<meta name=\"twitter:card\" content=\"summary_large_image\" \/>\n<meta name=\"twitter:label1\" content=\"Tempo di lettura stimato\" \/>\n\t<meta name=\"twitter:data1\" content=\"3 minuti\" \/>\n<script type=\"application\/ld+json\" class=\"yoast-schema-graph\">{\"@context\":\"https:\/\/schema.org\",\"@graph\":[{\"@type\":\"WebSite\",\"@id\":\"https:\/\/thehottieandthenottie.com\/#website\",\"url\":\"https:\/\/thehottieandthenottie.com\/\",\"name\":\"Nei dintorni Hotties\",\"description\":\"Incontra le donne nella tua zona\",\"potentialAction\":[{\"@type\":\"SearchAction\",\"target\":{\"@type\":\"EntryPoint\",\"urlTemplate\":\"https:\/\/thehottieandthenottie.com\/?s={search_term_string}\"},\"query-input\":\"required name=search_term_string\"}],\"inLanguage\":\"it-IT\"},{\"@type\":\"WebPage\",\"@id\":\"http:\/\/thehottieandthenottie.com\/it\/annunci-gratuiti-per-adulti\/#webpage\",\"url\":\"http:\/\/thehottieandthenottie.com\/it\/annunci-gratuiti-per-adulti\/\",\"name\":\"Annunci gratuiti per adulti - Nei dintorni Hotties\",\"isPartOf\":{\"@id\":\"https:\/\/thehottieandthenottie.com\/#website\"},\"datePublished\":\"2022-09-30T11:56:42+00:00\",\"dateModified\":\"2022-09-30T11:56:42+00:00\",\"breadcrumb\":{\"@id\":\"http:\/\/thehottieandthenottie.com\/it\/annunci-gratuiti-per-adulti\/#breadcrumb\"},\"inLanguage\":\"it-IT\",\"potentialAction\":[{\"@type\":\"ReadAction\",\"target\":[\"http:\/\/thehottieandthenottie.com\/it\/annunci-gratuiti-per-adulti\/\"]}]},{\"@type\":\"BreadcrumbList\",\"@id\":\"http:\/\/thehottieandthenottie.com\/it\/annunci-gratuiti-per-adulti\/#breadcrumb\",\"itemListElement\":[{\"@type\":\"ListItem\",\"position\":1,\"name\":\"Home\",\"item\":\"http:\/\/thehottieandthenottie.com\/it\/\"},{\"@type\":\"ListItem\",\"position\":2,\"name\":\"Annunci gratuiti per adulti\"}]}]}<\/script>\n<!-- \/ Yoast SEO plugin. -->","yoast_head_json":{"title":"Annunci gratuiti per adulti - Nei dintorni Hotties","robots":{"index":"index","follow":"follow","max-snippet":"max-snippet:-1","max-image-preview":"max-image-preview:large","max-video-preview":"max-video-preview:-1"},"canonical":"http:\/\/thehottieandthenottie.com\/it\/annunci-gratuiti-per-adulti\/","og_locale":"it_IT","og_type":"article","og_title":"Annunci gratuiti per adulti - Nei dintorni Hotties","og_description":"Non c&#8217;\u00e8 bisogno di andare in un bar o in un club per ritirare rispetto a quando si utilizzano persone adulte locali. Tutto quello che devi fare \u00e8 pubblicare un annuncio personale online e puoi collegarti con qualcuno del posto nella tua zona senza nemmeno uscire di casa. Puoi essere specifico quanto vuoi nella tua ... Leggi tutto","og_url":"http:\/\/thehottieandthenottie.com\/it\/annunci-gratuiti-per-adulti\/","og_site_name":"Nei dintorni Hotties","twitter_card":"summary_large_image","twitter_misc":{"Tempo di lettura stimato":"3 minuti"},"schema":{"@context":"https:\/\/schema.org","@graph":[{"@type":"WebSite","@id":"https:\/\/thehottieandthenottie.com\/#website","url":"https:\/\/thehottieandthenottie.com\/","name":"Nei dintorni Hotties","description":"Incontra le donne nella tua zona","potentialAction":[{"@type":"SearchAction","target":{"@type":"EntryPoint","urlTemplate":"https:\/\/thehottieandthenottie.com\/?s={search_term_string}"},"query-input":"required name=search_term_string"}],"inLanguage":"it-IT"},{"@type":"WebPage","@id":"http:\/\/thehottieandthenottie.com\/it\/annunci-gratuiti-per-adulti\/#webpage","url":"http:\/\/thehottieandthenottie.com\/it\/annunci-gratuiti-per-adulti\/","name":"Annunci gratuiti per adulti - Nei dintorni Hotties","isPartOf":{"@id":"https:\/\/thehottieandthenottie.com\/#website"},"datePublished":"2022-09-30T11:56:42+00:00","dateModified":"2022-09-30T11:56:42+00:00","breadcrumb":{"@id":"http:\/\/thehottieandthenottie.com\/it\/annunci-gratuiti-per-adulti\/#breadcrumb"},"inLanguage":"it-IT","potentialAction":[{"@type":"ReadAction","target":["http:\/\/thehottieandthenottie.com\/it\/annunci-gratuiti-per-adulti\/"]}]},{"@type":"BreadcrumbList","@id":"http:\/\/thehottieandthenottie.com\/it\/annunci-gratuiti-per-adulti\/#breadcrumb","itemListElement":[{"@type":"ListItem","position":1,"name":"Home","item":"http:\/\/thehottieandthenottie.com\/it\/"},{"@type":"ListItem","position":2,"name":"Annunci gratuiti per adulti"}]}]}},"_links":{"self":[{"href":"http:\/\/thehottieandthenottie.com\/it\/wp-json\/wp\/v2\/pages\/578"}],"collection":[{"href":"http:\/\/thehottieandthenottie.com\/it\/wp-json\/wp\/v2\/pages"}],"about":[{"href":"http:\/\/thehottieandthenottie.com\/it\/wp-json\/wp\/v2\/types\/page"}],"author":[{"embeddable":true,"href":"http:\/\/thehottieandthenottie.com\/it\/wp-json\/wp\/v2\/users\/1"}],"replies":[{"embeddable":true,"href":"http:\/\/thehottieandthenottie.com\/it\/wp-json\/wp\/v2\/comments?post=578"}],"version-history":[{"count":0,"href":"http:\/\/thehottieandthenottie.com\/it\/wp-json\/wp\/v2\/pages\/578\/revisions"}],"wp:attachment":[{"href":"http:\/\/thehottieandthenottie.com\/it\/wp-json\/wp\/v2\/media?parent=578"}],"curies":[{"name":"wp","href":"https:\/\/api.w.org\/{rel}","templated":true}]}}