{"id":584,"date":"2022-09-30T12:56:06","date_gmt":"2022-09-30T11:56:06","guid":{"rendered":"http:\/\/thehottieandthenottie.com\/fanculo-qualcuno-vicino-a-te\/"},"modified":"2022-09-30T12:56:06","modified_gmt":"2022-09-30T11:56:06","slug":"fanculo-qualcuno-vicino-a-te","status":"publish","type":"page","link":"http:\/\/thehottieandthenottie.com\/it\/fanculo-qualcuno-vicino-a-te\/","title":{"rendered":"Fanculo qualcuno vicino a te"},"content":{"rendered":"<p>Se stai cercando collegamenti vicino a te, ci sono alcune cose che puoi fare per aumentare le tue possibilit\u00e0 di trovare qualcuno. Innanzitutto, prova a utilizzare app di appuntamenti o siti Web specifici per i collegamenti. Questi possono essere un ottimo modo per incontrare persone che sono anche alla ricerca di incontri casuali. Un&#8217;altra opzione \u00e8 quella di andare in bar o club che sono noti per essere punti di collegamento. Infine, puoi sempre chiedere in giro per vedere se qualcuno dei tuoi amici conosce qualcuno che potrebbe essere <a href=\"http:\/\/thehottieandthenottie.com\/bondage-dating\/\">interessato a collegarsi<\/a>.<\/p>\n<h2>Collegamenti gratuiti vicino a me<\/h2>\n<p>Ci sono molti punti di collegamento vicino a me, che vanno da bar e club a parchi e altri spazi pubblici. Se sto cercando un collegamento casuale, di solito vado in un bar o in un club, dove ci sono molte persone in giro che sono anche alla ricerca di un buon momento. Se sto cercando qualcosa di un po &#8216;pi\u00f9 intimo, potrei andare in un parco o in un altro spazio pubblico dove posso stare da solo con il mio appuntamento. Ad ogni modo, ci sono molte opzioni per trovare un buon punto di collegamento vicino a me.<\/p>\n<p>Non c&#8217;\u00e8 bisogno di fare di tutto per trovare qualcuno che scopa vicino a te. Sii te stesso e sii aperto a nuove esperienze. Non sai mai chi potresti incontrare e cosa potrebbe accadere. Chiss\u00e0, potresti semplicemente trovare l&#8217;amore della tua vita.<\/p>\n<h2>Incontri sessuali locali<\/h2>\n<p>Ci sono molti luoghi di sesso locale se stai cercando un posto dove collegarti con un appuntamento. La biblioteca \u00e8 sempre una buona scommessa &#8211; assicurati di stare zitto! Se ti senti un po &#8216;pi\u00f9 avventuroso, c&#8217;\u00e8 sempre il parco dopo il tramonto. Assicurati solo di tenere d&#8217;occhio i poliziotti!<\/p>\n<h3>Chatzy \u00b7<\/h3>\n<p>Se stai cercando una nuova app di appuntamenti, Chatzy potrebbe valere la pena dare un&#8217;occhiata. L&#8217;app \u00e8 progettata per aiutarti a connetterti con le persone nelle vicinanze, in modo da poter chattare e magari anche incontrarti di persona. L&#8217;app \u00e8 scaricabile e utilizzabile gratuitamente ed \u00e8 abbastanza facile capire come usarla. Basta creare un profilo e iniziare a chattare con le persone nella tua zona.<\/p>\n<p>Uso Chatzy da alcune settimane e ho avuto alcune buone esperienze con esso. Ho incontrato alcune persone davvero interessanti e ho avuto delle ottime conversazioni. Vale sicuramente la pena dare un&#8217;occhiata all&#8217;app se stai cercando qualcosa di nuovo e diverso.<\/p>\n<h3>TinderMeets<\/h3>\n<p>Se stai cercando una nuova app di appuntamenti da provare, considera TinderMeets. \u00c8 un&#8217;app popolare con una buona reputazione per aiutare le persone a trovare collegamenti vicino a loro. L&#8217;app \u00e8 scaricabile e utilizzabile gratuitamente ed \u00e8 facile registrarsi e iniziare. Puoi sfogliare i profili, inviare messaggi e visualizzare le foto di potenziali corrispondenze nella tua zona. L&#8217;app ha anche una buona funzione di ricerca, in modo da poter trovare persone che soddisfano i tuoi criteri specifici. TinderMeets \u00e8 un&#8217;ottima opzione per le persone che sono alla ricerca di un nuovo modo per incontrare potenziali collegamenti vicino a loro.<\/p>\n<h3>Milfaholic<\/h3>\n<p>Se stai cercando un collegamento casuale vicino a te, Milfaholic \u00e8 un&#8217;ottima opzione. L&#8217;app \u00e8 scaricabile e utilizzabile gratuitamente ed \u00e8 una delle app di appuntamenti pi\u00f9 popolari in circolazione. \u00c8 facile da usare ed \u00e8 ottimo per trovare collegamenti locali. L&#8217;unico aspetto negativo \u00e8 che non \u00e8 l&#8217;app esteticamente pi\u00f9 piacevole l\u00e0 fuori.<\/p>\n","protected":false},"excerpt":{"rendered":"<p>Se stai cercando collegamenti vicino a te, ci sono alcune cose che puoi fare per aumentare le tue possibilit\u00e0 di trovare qualcuno. Innanzitutto, prova a utilizzare app di appuntamenti o siti Web specifici per i collegamenti. Questi possono essere un ottimo modo per incontrare persone che sono anche alla ricerca di incontri casuali. Un&#8217;altra opzione &#8230; <a title=\"Fanculo qualcuno vicino a te\" class=\"read-more\" href=\"http:\/\/thehottieandthenottie.com\/it\/fanculo-qualcuno-vicino-a-te\/\" aria-label=\"Leggi di pi\u00f9 su Fanculo qualcuno vicino a te\">Leggi tutto<\/a><\/p>\n","protected":false},"author":1,"featured_media":0,"parent":0,"menu_order":0,"comment_status":"closed","ping_status":"closed","template":"","meta":[],"yoast_head":"<!-- This site is optimized with the Yoast SEO plugin v17.7.1 - https:\/\/yoast.com\/wordpress\/plugins\/seo\/ -->\n<title>Fanculo qualcuno vicino a te - Nei dintorni Hotties<\/title>\n<meta name=\"robots\" content=\"index, follow, max-snippet:-1, max-image-preview:large, max-video-preview:-1\" \/>\n<link rel=\"canonical\" href=\"http:\/\/thehottieandthenottie.com\/it\/fanculo-qualcuno-vicino-a-te\/\" \/>\n<meta property=\"og:locale\" content=\"it_IT\" \/>\n<meta property=\"og:type\" content=\"article\" \/>\n<meta property=\"og:title\" content=\"Fanculo qualcuno vicino a te - Nei dintorni Hotties\" \/>\n<meta property=\"og:description\" content=\"Se stai cercando collegamenti vicino a te, ci sono alcune cose che puoi fare per aumentare le tue possibilit\u00e0 di trovare qualcuno. Innanzitutto, prova a utilizzare app di appuntamenti o siti Web specifici per i collegamenti. Questi possono essere un ottimo modo per incontrare persone che sono anche alla ricerca di incontri casuali. Un&#8217;altra opzione ... Leggi tutto\" \/>\n<meta property=\"og:url\" content=\"http:\/\/thehottieandthenottie.com\/it\/fanculo-qualcuno-vicino-a-te\/\" \/>\n<meta property=\"og:site_name\" content=\"Nei dintorni Hotties\" \/>\n<meta name=\"twitter:card\" content=\"summary_large_image\" \/>\n<meta name=\"twitter:label1\" content=\"Tempo di lettura stimato\" \/>\n\t<meta name=\"twitter:data1\" content=\"3 minuti\" \/>\n<script type=\"application\/ld+json\" class=\"yoast-schema-graph\">{\"@context\":\"https:\/\/schema.org\",\"@graph\":[{\"@type\":\"WebSite\",\"@id\":\"https:\/\/thehottieandthenottie.com\/#website\",\"url\":\"https:\/\/thehottieandthenottie.com\/\",\"name\":\"Nei dintorni Hotties\",\"description\":\"Incontra le donne nella tua zona\",\"potentialAction\":[{\"@type\":\"SearchAction\",\"target\":{\"@type\":\"EntryPoint\",\"urlTemplate\":\"https:\/\/thehottieandthenottie.com\/?s={search_term_string}\"},\"query-input\":\"required name=search_term_string\"}],\"inLanguage\":\"it-IT\"},{\"@type\":\"WebPage\",\"@id\":\"http:\/\/thehottieandthenottie.com\/it\/fanculo-qualcuno-vicino-a-te\/#webpage\",\"url\":\"http:\/\/thehottieandthenottie.com\/it\/fanculo-qualcuno-vicino-a-te\/\",\"name\":\"Fanculo qualcuno vicino a te - Nei dintorni Hotties\",\"isPartOf\":{\"@id\":\"https:\/\/thehottieandthenottie.com\/#website\"},\"datePublished\":\"2022-09-30T11:56:06+00:00\",\"dateModified\":\"2022-09-30T11:56:06+00:00\",\"breadcrumb\":{\"@id\":\"http:\/\/thehottieandthenottie.com\/it\/fanculo-qualcuno-vicino-a-te\/#breadcrumb\"},\"inLanguage\":\"it-IT\",\"potentialAction\":[{\"@type\":\"ReadAction\",\"target\":[\"http:\/\/thehottieandthenottie.com\/it\/fanculo-qualcuno-vicino-a-te\/\"]}]},{\"@type\":\"BreadcrumbList\",\"@id\":\"http:\/\/thehottieandthenottie.com\/it\/fanculo-qualcuno-vicino-a-te\/#breadcrumb\",\"itemListElement\":[{\"@type\":\"ListItem\",\"position\":1,\"name\":\"Home\",\"item\":\"http:\/\/thehottieandthenottie.com\/it\/\"},{\"@type\":\"ListItem\",\"position\":2,\"name\":\"Fanculo qualcuno vicino a te\"}]}]}<\/script>\n<!-- \/ Yoast SEO plugin. -->","yoast_head_json":{"title":"Fanculo qualcuno vicino a te - Nei dintorni Hotties","robots":{"index":"index","follow":"follow","max-snippet":"max-snippet:-1","max-image-preview":"max-image-preview:large","max-video-preview":"max-video-preview:-1"},"canonical":"http:\/\/thehottieandthenottie.com\/it\/fanculo-qualcuno-vicino-a-te\/","og_locale":"it_IT","og_type":"article","og_title":"Fanculo qualcuno vicino a te - Nei dintorni Hotties","og_description":"Se stai cercando collegamenti vicino a te, ci sono alcune cose che puoi fare per aumentare le tue possibilit\u00e0 di trovare qualcuno. Innanzitutto, prova a utilizzare app di appuntamenti o siti Web specifici per i collegamenti. Questi possono essere un ottimo modo per incontrare persone che sono anche alla ricerca di incontri casuali. Un&#8217;altra opzione ... Leggi tutto","og_url":"http:\/\/thehottieandthenottie.com\/it\/fanculo-qualcuno-vicino-a-te\/","og_site_name":"Nei dintorni Hotties","twitter_card":"summary_large_image","twitter_misc":{"Tempo di lettura stimato":"3 minuti"},"schema":{"@context":"https:\/\/schema.org","@graph":[{"@type":"WebSite","@id":"https:\/\/thehottieandthenottie.com\/#website","url":"https:\/\/thehottieandthenottie.com\/","name":"Nei dintorni Hotties","description":"Incontra le donne nella tua zona","potentialAction":[{"@type":"SearchAction","target":{"@type":"EntryPoint","urlTemplate":"https:\/\/thehottieandthenottie.com\/?s={search_term_string}"},"query-input":"required name=search_term_string"}],"inLanguage":"it-IT"},{"@type":"WebPage","@id":"http:\/\/thehottieandthenottie.com\/it\/fanculo-qualcuno-vicino-a-te\/#webpage","url":"http:\/\/thehottieandthenottie.com\/it\/fanculo-qualcuno-vicino-a-te\/","name":"Fanculo qualcuno vicino a te - Nei dintorni Hotties","isPartOf":{"@id":"https:\/\/thehottieandthenottie.com\/#website"},"datePublished":"2022-09-30T11:56:06+00:00","dateModified":"2022-09-30T11:56:06+00:00","breadcrumb":{"@id":"http:\/\/thehottieandthenottie.com\/it\/fanculo-qualcuno-vicino-a-te\/#breadcrumb"},"inLanguage":"it-IT","potentialAction":[{"@type":"ReadAction","target":["http:\/\/thehottieandthenottie.com\/it\/fanculo-qualcuno-vicino-a-te\/"]}]},{"@type":"BreadcrumbList","@id":"http:\/\/thehottieandthenottie.com\/it\/fanculo-qualcuno-vicino-a-te\/#breadcrumb","itemListElement":[{"@type":"ListItem","position":1,"name":"Home","item":"http:\/\/thehottieandthenottie.com\/it\/"},{"@type":"ListItem","position":2,"name":"Fanculo qualcuno vicino a te"}]}]}},"_links":{"self":[{"href":"http:\/\/thehottieandthenottie.com\/it\/wp-json\/wp\/v2\/pages\/584"}],"collection":[{"href":"http:\/\/thehottieandthenottie.com\/it\/wp-json\/wp\/v2\/pages"}],"about":[{"href":"http:\/\/thehottieandthenottie.com\/it\/wp-json\/wp\/v2\/types\/page"}],"author":[{"embeddable":true,"href":"http:\/\/thehottieandthenottie.com\/it\/wp-json\/wp\/v2\/users\/1"}],"replies":[{"embeddable":true,"href":"http:\/\/thehottieandthenottie.com\/it\/wp-json\/wp\/v2\/comments?post=584"}],"version-history":[{"count":0,"href":"http:\/\/thehottieandthenottie.com\/it\/wp-json\/wp\/v2\/pages\/584\/revisions"}],"wp:attachment":[{"href":"http:\/\/thehottieandthenottie.com\/it\/wp-json\/wp\/v2\/media?parent=584"}],"curies":[{"name":"wp","href":"https:\/\/api.w.org\/{rel}","templated":true}]}}