{"id":601,"date":"2022-09-30T12:55:30","date_gmt":"2022-09-30T11:55:30","guid":{"rendered":"http:\/\/thehottieandthenottie.com\/incontri-bondage\/"},"modified":"2022-09-30T12:55:30","modified_gmt":"2022-09-30T11:55:30","slug":"incontri-bondage","status":"publish","type":"page","link":"http:\/\/thehottieandthenottie.com\/it\/incontri-bondage\/","title":{"rendered":"Incontri bondage"},"content":{"rendered":"<p>C&#8217;\u00e8 qualcosa nell&#8217;anonimato di una chat room che fa davvero parlare le persone dei loro nodi e feticci. Se ti piace il bondage, ci sono molte chat room l\u00e0 fuori dove puoi esplorare i tuoi interessi con persone che la pensano allo stesso modo.<\/p>\n<p>Puoi trovare chat room per tutti i tipi di nodi e feticci, quindi sei sicuro di trovarne uno giusto per te. Ricorda solo di essere sicuro e rispettoso quando stai chattando con qualcuno di nuovo. E chiss\u00e0, potresti trovare il tuo partner di collegamento perfetto in una di queste chat. Gli appuntamenti bondage si riferiscono alla pratica di godere di relazioni fisiche ed emotive intime con qualcuno che ama trattenere il proprio partner. Ci\u00f2 pu\u00f2 comportare manette, corda, gag, bende e altri tipi di restrizioni. Pu\u00f2 essere un modo divertente ed eccitante per aggiungere un po &#8216;di pepe alla tua relazione. Tuttavia, \u00e8 importante essere sicuri e consensuali quando si \u00e8 impegnati in giochi di bondage.<\/p>\n<h2>Siti di collegamento BDSM<\/h2>\n<p>Non c&#8217;\u00e8 una risposta a questa domanda: le esperienze di ognuno saranno diverse. Tuttavia, se sei interessato a esplorare i collegamenti BDSM, ci sono alcune cose che puoi tenere a mente. Innanzitutto, \u00e8 importante essere chiari su ci\u00f2 che stai cercando e quali sono i tuoi confini. \u00c8 anche una buona idea comunicare in anticipo con il tuo potenziale partner per assicurarti di essere sulla stessa pagina. Una volta che hai trovato qualcuno con cui sei compatibile, \u00e8 importante fidarsi del tuo istinto e andare con il tuo istinto. Infine, assicurati di divertirti e divertirti!<\/p>\n<h2>Incontri fetish<\/h2>\n<p>I siti di incontri fetish possono essere un ottimo modo per le persone con feticci specifici di connettersi con altri che condividono i loro interessi. Questi siti possono aiutare le persone a trovare partner per appuntamenti, relazioni o anche solo incontri casuali. Mentre alcune persone possono vedere i feticci come strani o strani, non c&#8217;\u00e8 niente di sbagliato nell&#8217;averne uno. Ognuno \u00e8 diverso e non c&#8217;\u00e8 vergogna nel godere di qualcosa che pu\u00f2 essere considerato tab\u00f9. I siti di incontri fetish possono fornire un ambiente sicuro e accogliente per le persone per esplorare la loro sessualit\u00e0 e trovare partner che la pensano allo stesso modo.<\/p>\n<h3>HeatedAffairs<\/h3>\n<p>Heated Affairs \u00e8 un&#8217;app di appuntamenti online che si rivolge a persone interessate alle chat room di bondage. L&#8217;app \u00e8 facile da usare e ha molte funzionalit\u00e0 che la rendono un&#8217;ottima scelta per le persone che sono alla ricerca di un modo per connettersi con altri che condividono i loro interessi. L&#8217;app \u00e8 scaricabile e utilizzabile gratuitamente e offre un&#8217;ampia variet\u00e0 di funzionalit\u00e0 che la rendono un&#8217;ottima opzione per le persone che sono alla ricerca di un modo per connettersi con altri che condividono i loro interessi.<\/p>\n<h3>Viale chat<\/h3>\n<p>Se stai cercando una chatroom specificamente progettata per le persone interessate al bondage, allora dovresti dare un&#8217;occhiata alla chat room bondage di Chat Avenue. Questa chatroom \u00e8 piena di persone che stanno cercando di esplorare il loro lato stravagante, ed \u00e8 un ottimo posto per trovare qualcuno con cui chattare sui tuoi interessi condivisi. La chat room \u00e8 moderata in modo che tu possa sentirti sicuro di discutere i tuoi interessi con gli altri e puoi anche trovare persone con cui chattare che condividono i tuoi feticci stravaganti.<\/p>\n<h3>BeNaughty \u00b7<\/h3>\n<p>BeNaughty \u00e8 un&#8217;app di appuntamenti specificamente progettata per le persone interessate alle chat room di bondage. L&#8217;app \u00e8 molto facile da usare e rende facile trovare persone che condividono i tuoi interessi. L&#8217;app ha anche molte funzionalit\u00e0 che semplificano la connessione con altri utenti. Nel complesso, BeNaughty \u00e8 un&#8217;ottima opzione per le persone che sono interessate alle chat room bondage.<\/p>\n","protected":false},"excerpt":{"rendered":"<p>C&#8217;\u00e8 qualcosa nell&#8217;anonimato di una chat room che fa davvero parlare le persone dei loro nodi e feticci. Se ti piace il bondage, ci sono molte chat room l\u00e0 fuori dove puoi esplorare i tuoi interessi con persone che la pensano allo stesso modo. Puoi trovare chat room per tutti i tipi di nodi e &#8230; <a title=\"Incontri bondage\" class=\"read-more\" href=\"http:\/\/thehottieandthenottie.com\/it\/incontri-bondage\/\" aria-label=\"Leggi di pi\u00f9 su Incontri bondage\">Leggi tutto<\/a><\/p>\n","protected":false},"author":1,"featured_media":0,"parent":0,"menu_order":0,"comment_status":"closed","ping_status":"closed","template":"","meta":[],"yoast_head":"<!-- This site is optimized with the Yoast SEO plugin v17.7.1 - https:\/\/yoast.com\/wordpress\/plugins\/seo\/ -->\n<title>Incontri bondage - Nei dintorni Hotties<\/title>\n<meta name=\"robots\" content=\"index, follow, max-snippet:-1, max-image-preview:large, max-video-preview:-1\" \/>\n<link rel=\"canonical\" href=\"http:\/\/thehottieandthenottie.com\/it\/incontri-bondage\/\" \/>\n<meta property=\"og:locale\" content=\"it_IT\" \/>\n<meta property=\"og:type\" content=\"article\" \/>\n<meta property=\"og:title\" content=\"Incontri bondage - Nei dintorni Hotties\" \/>\n<meta property=\"og:description\" content=\"C&#8217;\u00e8 qualcosa nell&#8217;anonimato di una chat room che fa davvero parlare le persone dei loro nodi e feticci. Se ti piace il bondage, ci sono molte chat room l\u00e0 fuori dove puoi esplorare i tuoi interessi con persone che la pensano allo stesso modo. Puoi trovare chat room per tutti i tipi di nodi e ... Leggi tutto\" \/>\n<meta property=\"og:url\" content=\"http:\/\/thehottieandthenottie.com\/it\/incontri-bondage\/\" \/>\n<meta property=\"og:site_name\" content=\"Nei dintorni Hotties\" \/>\n<meta name=\"twitter:card\" content=\"summary_large_image\" \/>\n<meta name=\"twitter:label1\" content=\"Tempo di lettura stimato\" \/>\n\t<meta name=\"twitter:data1\" content=\"3 minuti\" \/>\n<script type=\"application\/ld+json\" class=\"yoast-schema-graph\">{\"@context\":\"https:\/\/schema.org\",\"@graph\":[{\"@type\":\"WebSite\",\"@id\":\"https:\/\/thehottieandthenottie.com\/#website\",\"url\":\"https:\/\/thehottieandthenottie.com\/\",\"name\":\"Nei dintorni Hotties\",\"description\":\"Incontra le donne nella tua zona\",\"potentialAction\":[{\"@type\":\"SearchAction\",\"target\":{\"@type\":\"EntryPoint\",\"urlTemplate\":\"https:\/\/thehottieandthenottie.com\/?s={search_term_string}\"},\"query-input\":\"required name=search_term_string\"}],\"inLanguage\":\"it-IT\"},{\"@type\":\"WebPage\",\"@id\":\"http:\/\/thehottieandthenottie.com\/it\/incontri-bondage\/#webpage\",\"url\":\"http:\/\/thehottieandthenottie.com\/it\/incontri-bondage\/\",\"name\":\"Incontri bondage - Nei dintorni Hotties\",\"isPartOf\":{\"@id\":\"https:\/\/thehottieandthenottie.com\/#website\"},\"datePublished\":\"2022-09-30T11:55:30+00:00\",\"dateModified\":\"2022-09-30T11:55:30+00:00\",\"breadcrumb\":{\"@id\":\"http:\/\/thehottieandthenottie.com\/it\/incontri-bondage\/#breadcrumb\"},\"inLanguage\":\"it-IT\",\"potentialAction\":[{\"@type\":\"ReadAction\",\"target\":[\"http:\/\/thehottieandthenottie.com\/it\/incontri-bondage\/\"]}]},{\"@type\":\"BreadcrumbList\",\"@id\":\"http:\/\/thehottieandthenottie.com\/it\/incontri-bondage\/#breadcrumb\",\"itemListElement\":[{\"@type\":\"ListItem\",\"position\":1,\"name\":\"Home\",\"item\":\"http:\/\/thehottieandthenottie.com\/it\/\"},{\"@type\":\"ListItem\",\"position\":2,\"name\":\"Incontri bondage\"}]}]}<\/script>\n<!-- \/ Yoast SEO plugin. -->","yoast_head_json":{"title":"Incontri bondage - Nei dintorni Hotties","robots":{"index":"index","follow":"follow","max-snippet":"max-snippet:-1","max-image-preview":"max-image-preview:large","max-video-preview":"max-video-preview:-1"},"canonical":"http:\/\/thehottieandthenottie.com\/it\/incontri-bondage\/","og_locale":"it_IT","og_type":"article","og_title":"Incontri bondage - Nei dintorni Hotties","og_description":"C&#8217;\u00e8 qualcosa nell&#8217;anonimato di una chat room che fa davvero parlare le persone dei loro nodi e feticci. Se ti piace il bondage, ci sono molte chat room l\u00e0 fuori dove puoi esplorare i tuoi interessi con persone che la pensano allo stesso modo. Puoi trovare chat room per tutti i tipi di nodi e ... Leggi tutto","og_url":"http:\/\/thehottieandthenottie.com\/it\/incontri-bondage\/","og_site_name":"Nei dintorni Hotties","twitter_card":"summary_large_image","twitter_misc":{"Tempo di lettura stimato":"3 minuti"},"schema":{"@context":"https:\/\/schema.org","@graph":[{"@type":"WebSite","@id":"https:\/\/thehottieandthenottie.com\/#website","url":"https:\/\/thehottieandthenottie.com\/","name":"Nei dintorni Hotties","description":"Incontra le donne nella tua zona","potentialAction":[{"@type":"SearchAction","target":{"@type":"EntryPoint","urlTemplate":"https:\/\/thehottieandthenottie.com\/?s={search_term_string}"},"query-input":"required name=search_term_string"}],"inLanguage":"it-IT"},{"@type":"WebPage","@id":"http:\/\/thehottieandthenottie.com\/it\/incontri-bondage\/#webpage","url":"http:\/\/thehottieandthenottie.com\/it\/incontri-bondage\/","name":"Incontri bondage - Nei dintorni Hotties","isPartOf":{"@id":"https:\/\/thehottieandthenottie.com\/#website"},"datePublished":"2022-09-30T11:55:30+00:00","dateModified":"2022-09-30T11:55:30+00:00","breadcrumb":{"@id":"http:\/\/thehottieandthenottie.com\/it\/incontri-bondage\/#breadcrumb"},"inLanguage":"it-IT","potentialAction":[{"@type":"ReadAction","target":["http:\/\/thehottieandthenottie.com\/it\/incontri-bondage\/"]}]},{"@type":"BreadcrumbList","@id":"http:\/\/thehottieandthenottie.com\/it\/incontri-bondage\/#breadcrumb","itemListElement":[{"@type":"ListItem","position":1,"name":"Home","item":"http:\/\/thehottieandthenottie.com\/it\/"},{"@type":"ListItem","position":2,"name":"Incontri bondage"}]}]}},"_links":{"self":[{"href":"http:\/\/thehottieandthenottie.com\/it\/wp-json\/wp\/v2\/pages\/601"}],"collection":[{"href":"http:\/\/thehottieandthenottie.com\/it\/wp-json\/wp\/v2\/pages"}],"about":[{"href":"http:\/\/thehottieandthenottie.com\/it\/wp-json\/wp\/v2\/types\/page"}],"author":[{"embeddable":true,"href":"http:\/\/thehottieandthenottie.com\/it\/wp-json\/wp\/v2\/users\/1"}],"replies":[{"embeddable":true,"href":"http:\/\/thehottieandthenottie.com\/it\/wp-json\/wp\/v2\/comments?post=601"}],"version-history":[{"count":0,"href":"http:\/\/thehottieandthenottie.com\/it\/wp-json\/wp\/v2\/pages\/601\/revisions"}],"wp:attachment":[{"href":"http:\/\/thehottieandthenottie.com\/it\/wp-json\/wp\/v2\/media?parent=601"}],"curies":[{"name":"wp","href":"https:\/\/api.w.org\/{rel}","templated":true}]}}