{"id":608,"date":"2022-09-30T12:55:07","date_gmt":"2022-09-30T11:55:07","guid":{"rendered":"http:\/\/thehottieandthenottie.com\/incontri-nsa\/"},"modified":"2022-09-30T12:55:07","modified_gmt":"2022-09-30T11:55:07","slug":"incontri-nsa","status":"publish","type":"page","link":"http:\/\/thehottieandthenottie.com\/it\/incontri-nsa\/","title":{"rendered":"Incontri NSA"},"content":{"rendered":"<p>Ci sono alcuni modi per trovare un chiosco di una notte vicino a te. Il modo pi\u00f9 semplice \u00e8 utilizzare un&#8217;app di appuntamenti come Tinder o Bumble. Puoi anche provare ad andare in un bar o in un club e vedere se ci sono persone singole che sembrano interessate a collegarsi. Se non hai fortuna a trovare qualcuno interessato a un appuntamento di una notte, puoi sempre provare a pubblicare un annuncio personale su Craigslist o un sito web simile. Assicurati solo di essere chiaro su ci\u00f2 che stai cercando e di essere al sicuro quando incontri estranei.<\/p>\n<p>Ci sono molti siti web l\u00e0 fuori che possono aiutarti a trovare un chiosco di una notte. Tutto quello che devi fare \u00e8 digitare ci\u00f2 che stai cercando e la tua posizione e sarai in grado di trovare un elenco di potenziali corrispondenze. Puoi quindi inviare loro un messaggio e organizzare un incontro. Assicurati solo di essere al sicuro e usa un preservativo!<\/p>\n<h2>Siti di incontri NSA<\/h2>\n<p>Non si pu\u00f2 negare che gli appuntamenti con la NSA possano essere un ottimo modo per trovare l&#8217;amore. Dopotutto, cosa c&#8217;\u00e8 di pi\u00f9 romantico che incontrare qualcuno senza aspettative o vincoli? Tuttavia, \u00e8 importante tenere presente che gli appuntamenti NSA non sono per tutti. Se stai cercando qualcosa di serio, allora questo tipo di appuntamenti probabilmente non fa per te. Ma se stai solo cercando un po &#8216;di divertimento ed eccitazione, allora gli appuntamenti NSA potrebbero essere il modo perfetto per trovarlo.<\/p>\n<h2>Incontri di una notte<\/h2>\n<p>C&#8217;\u00e8 qualcosa di liberatorio in una notte. Nessun vincolo, nessuna aspettativa &#8211; solo due persone che si godono la reciproca compagnia per una notte. E se stai cercando un sito che ti aiuti a trovare uno stand di una notte, non cercare oltre One Night Stand Site. One Night Stand Site \u00e8 il luogo perfetto per trovare qualcuno per un collegamento senza vincoli. Sia che tu stia solo cercando un po &#8216;di divertimento casuale, o che tu stia effettivamente sperando di trovare il tuo prossimo partner a lungo termine, One Night Stand Site pu\u00f2 aiutarti a trovare quello che stai cercando.<\/p>\n<p>Tutto quello che devi fare \u00e8 registrarti, creare un profilo e iniziare a navigare tra i profili di altri membri. Quando trovi qualcuno che ti interessa, inviagli un messaggio e vedi dove vanno le cose da l\u00ec. Quindi, se sei pronto a divertirti e provare l&#8217;emozione di uno stand di una notte, iscriviti oggi stesso a One Night Stand Site!<\/p>\n<h3>FriendFinder-X<\/h3>\n<p>Se stai cercando un&#8217;avventura di una notte, FriendFinder-X \u00e8 un&#8217;app di appuntamenti che pu\u00f2 aiutarti a trovare collegamenti locali. L&#8217;app \u00e8 scaricabile e utilizzabile gratuitamente ed \u00e8 disponibile sia su iOS che su Android. FriendFinder-X \u00e8 facile da usare e ci vogliono solo pochi minuti per registrarsi. Una volta che ti sei registrato, puoi iniziare a sfogliare single locali e inviarli messaggi. L&#8217;app ha anche una funzione &#8220;hot or not&#8221;, che ti consente di valutare altri utenti. Se stai cercando un soggiorno di una notte, FriendFinder-X \u00e8 un&#8217;ottima opzione.<\/p>\n<h3>Rubmaps<\/h3>\n<p>Rubmaps \u00e8 un&#8217;app di appuntamenti che ti consente di trovare potenziali partner di una notte vicino a te. L&#8217;app \u00e8 scaricabile e utilizzabile gratuitamente e offre una variet\u00e0 di funzionalit\u00e0 per aiutarti a trovare una corrispondenza. Puoi cercare potenziali partner per posizione, et\u00e0 e interessi e puoi inviare loro messaggi direttamente. L&#8217;app include anche una funzione di chat integrata, in modo da poter conoscere il tuo potenziale partner prima di incontrarti. Nel complesso, Rubmaps \u00e8 un&#8217;ottima opzione per trovare un chiosco di una notte vicino a te.<\/p>\n<h3>Shag \u00b7<\/h3>\n<p>Se stai cercando un&#8217;avventura di una notte, allora Shag potrebbe essere l&#8217;app di appuntamenti che fa per te. \u00c8 veloce, facile da usare e puoi filtrare le tue corrispondenze per posizione, et\u00e0 e stato della relazione. Tuttavia, l&#8217;app \u00e8 disponibile solo nel Regno Unito e in Irlanda, quindi se non ti trovi in uno di questi paesi, sarai sfortunato.<\/p>\n","protected":false},"excerpt":{"rendered":"<p>Ci sono alcuni modi per trovare un chiosco di una notte vicino a te. Il modo pi\u00f9 semplice \u00e8 utilizzare un&#8217;app di appuntamenti come Tinder o Bumble. Puoi anche provare ad andare in un bar o in un club e vedere se ci sono persone singole che sembrano interessate a collegarsi. Se non hai fortuna &#8230; <a title=\"Incontri NSA\" class=\"read-more\" href=\"http:\/\/thehottieandthenottie.com\/it\/incontri-nsa\/\" aria-label=\"Leggi di pi\u00f9 su Incontri NSA\">Leggi tutto<\/a><\/p>\n","protected":false},"author":1,"featured_media":0,"parent":0,"menu_order":0,"comment_status":"closed","ping_status":"closed","template":"","meta":[],"yoast_head":"<!-- This site is optimized with the Yoast SEO plugin v17.7.1 - https:\/\/yoast.com\/wordpress\/plugins\/seo\/ -->\n<title>Incontri NSA - Nei dintorni Hotties<\/title>\n<meta name=\"robots\" content=\"index, follow, max-snippet:-1, max-image-preview:large, max-video-preview:-1\" \/>\n<link rel=\"canonical\" href=\"http:\/\/thehottieandthenottie.com\/it\/incontri-nsa\/\" \/>\n<meta property=\"og:locale\" content=\"it_IT\" \/>\n<meta property=\"og:type\" content=\"article\" \/>\n<meta property=\"og:title\" content=\"Incontri NSA - Nei dintorni Hotties\" \/>\n<meta property=\"og:description\" content=\"Ci sono alcuni modi per trovare un chiosco di una notte vicino a te. Il modo pi\u00f9 semplice \u00e8 utilizzare un&#8217;app di appuntamenti come Tinder o Bumble. Puoi anche provare ad andare in un bar o in un club e vedere se ci sono persone singole che sembrano interessate a collegarsi. Se non hai fortuna ... Leggi tutto\" \/>\n<meta property=\"og:url\" content=\"http:\/\/thehottieandthenottie.com\/it\/incontri-nsa\/\" \/>\n<meta property=\"og:site_name\" content=\"Nei dintorni Hotties\" \/>\n<meta name=\"twitter:card\" content=\"summary_large_image\" \/>\n<meta name=\"twitter:label1\" content=\"Tempo di lettura stimato\" \/>\n\t<meta name=\"twitter:data1\" content=\"3 minuti\" \/>\n<script type=\"application\/ld+json\" class=\"yoast-schema-graph\">{\"@context\":\"https:\/\/schema.org\",\"@graph\":[{\"@type\":\"WebSite\",\"@id\":\"http:\/\/thehottieandthenottie.com\/#website\",\"url\":\"http:\/\/thehottieandthenottie.com\/\",\"name\":\"Nei dintorni Hotties\",\"description\":\"Incontra le donne nella tua zona\",\"potentialAction\":[{\"@type\":\"SearchAction\",\"target\":{\"@type\":\"EntryPoint\",\"urlTemplate\":\"http:\/\/thehottieandthenottie.com\/?s={search_term_string}\"},\"query-input\":\"required name=search_term_string\"}],\"inLanguage\":\"it-IT\"},{\"@type\":\"WebPage\",\"@id\":\"http:\/\/thehottieandthenottie.com\/it\/incontri-nsa\/#webpage\",\"url\":\"http:\/\/thehottieandthenottie.com\/it\/incontri-nsa\/\",\"name\":\"Incontri NSA - Nei dintorni Hotties\",\"isPartOf\":{\"@id\":\"http:\/\/thehottieandthenottie.com\/#website\"},\"datePublished\":\"2022-09-30T11:55:07+00:00\",\"dateModified\":\"2022-09-30T11:55:07+00:00\",\"breadcrumb\":{\"@id\":\"http:\/\/thehottieandthenottie.com\/it\/incontri-nsa\/#breadcrumb\"},\"inLanguage\":\"it-IT\",\"potentialAction\":[{\"@type\":\"ReadAction\",\"target\":[\"http:\/\/thehottieandthenottie.com\/it\/incontri-nsa\/\"]}]},{\"@type\":\"BreadcrumbList\",\"@id\":\"http:\/\/thehottieandthenottie.com\/it\/incontri-nsa\/#breadcrumb\",\"itemListElement\":[{\"@type\":\"ListItem\",\"position\":1,\"name\":\"Home\",\"item\":\"http:\/\/thehottieandthenottie.com\/it\/\"},{\"@type\":\"ListItem\",\"position\":2,\"name\":\"Incontri NSA\"}]}]}<\/script>\n<!-- \/ Yoast SEO plugin. -->","yoast_head_json":{"title":"Incontri NSA - Nei dintorni Hotties","robots":{"index":"index","follow":"follow","max-snippet":"max-snippet:-1","max-image-preview":"max-image-preview:large","max-video-preview":"max-video-preview:-1"},"canonical":"http:\/\/thehottieandthenottie.com\/it\/incontri-nsa\/","og_locale":"it_IT","og_type":"article","og_title":"Incontri NSA - Nei dintorni Hotties","og_description":"Ci sono alcuni modi per trovare un chiosco di una notte vicino a te. Il modo pi\u00f9 semplice \u00e8 utilizzare un&#8217;app di appuntamenti come Tinder o Bumble. Puoi anche provare ad andare in un bar o in un club e vedere se ci sono persone singole che sembrano interessate a collegarsi. Se non hai fortuna ... Leggi tutto","og_url":"http:\/\/thehottieandthenottie.com\/it\/incontri-nsa\/","og_site_name":"Nei dintorni Hotties","twitter_card":"summary_large_image","twitter_misc":{"Tempo di lettura stimato":"3 minuti"},"schema":{"@context":"https:\/\/schema.org","@graph":[{"@type":"WebSite","@id":"http:\/\/thehottieandthenottie.com\/#website","url":"http:\/\/thehottieandthenottie.com\/","name":"Nei dintorni Hotties","description":"Incontra le donne nella tua zona","potentialAction":[{"@type":"SearchAction","target":{"@type":"EntryPoint","urlTemplate":"http:\/\/thehottieandthenottie.com\/?s={search_term_string}"},"query-input":"required name=search_term_string"}],"inLanguage":"it-IT"},{"@type":"WebPage","@id":"http:\/\/thehottieandthenottie.com\/it\/incontri-nsa\/#webpage","url":"http:\/\/thehottieandthenottie.com\/it\/incontri-nsa\/","name":"Incontri NSA - Nei dintorni Hotties","isPartOf":{"@id":"http:\/\/thehottieandthenottie.com\/#website"},"datePublished":"2022-09-30T11:55:07+00:00","dateModified":"2022-09-30T11:55:07+00:00","breadcrumb":{"@id":"http:\/\/thehottieandthenottie.com\/it\/incontri-nsa\/#breadcrumb"},"inLanguage":"it-IT","potentialAction":[{"@type":"ReadAction","target":["http:\/\/thehottieandthenottie.com\/it\/incontri-nsa\/"]}]},{"@type":"BreadcrumbList","@id":"http:\/\/thehottieandthenottie.com\/it\/incontri-nsa\/#breadcrumb","itemListElement":[{"@type":"ListItem","position":1,"name":"Home","item":"http:\/\/thehottieandthenottie.com\/it\/"},{"@type":"ListItem","position":2,"name":"Incontri NSA"}]}]}},"_links":{"self":[{"href":"http:\/\/thehottieandthenottie.com\/it\/wp-json\/wp\/v2\/pages\/608"}],"collection":[{"href":"http:\/\/thehottieandthenottie.com\/it\/wp-json\/wp\/v2\/pages"}],"about":[{"href":"http:\/\/thehottieandthenottie.com\/it\/wp-json\/wp\/v2\/types\/page"}],"author":[{"embeddable":true,"href":"http:\/\/thehottieandthenottie.com\/it\/wp-json\/wp\/v2\/users\/1"}],"replies":[{"embeddable":true,"href":"http:\/\/thehottieandthenottie.com\/it\/wp-json\/wp\/v2\/comments?post=608"}],"version-history":[{"count":0,"href":"http:\/\/thehottieandthenottie.com\/it\/wp-json\/wp\/v2\/pages\/608\/revisions"}],"wp:attachment":[{"href":"http:\/\/thehottieandthenottie.com\/it\/wp-json\/wp\/v2\/media?parent=608"}],"curies":[{"name":"wp","href":"https:\/\/api.w.org\/{rel}","templated":true}]}}